{"id":13114,"date":"2026-03-29T17:35:53","date_gmt":"2026-03-29T14:35:53","guid":{"rendered":"https:\/\/adexa.ee\/toode\/kommertsiaalne-praeplaat-ja-frituur-combo-760x630x460mm-2-83kw-elektriline-adexa-heg908\/"},"modified":"2026-03-29T17:35:54","modified_gmt":"2026-03-29T14:35:54","slug":"praeplaat-ja-frituur-combo-760x630x460mm-2-83kw-elektriline-adexa-heg908","status":"publish","type":"product","link":"https:\/\/adexa.ee\/en\/toode\/praeplaat-ja-frituur-combo-760x630x460mm-2-83kw-elektriline-adexa-heg908\/","title":{"rendered":"Praeplaat ja Frit\u00fc\u00fcr Combo 760x630x460mm 2.8+3kW Elektriline | Adexa HEG908"},"content":{"rendered":"<p>Praeplaadi ja frit\u00fc\u00fcri kombinatsioon on suurep\u00e4rane abimees \u00fchtlaselt praetud ja kr\u00f5beda toidu valmistamiseks, nagu praekartulid, s\u00f5\u00f5rikud, friikad, sibular\u00f5ngad, krevetirullid jne. See on varustatud lauapealse praeplaadiga, millel saab k\u00fcpsetada pannkooke, kr\u00f5bedat peekonit, fajitasid, omlette jne. Ideaalne valik nii koduseks kui ka kommertsiaalseks kasutamiseks. See tasane grill koos frit\u00fc\u00fcriga on valmistatud toidukvaliteedi roostevabast terasest, tugevdatud ja vastupidava konstruktsiooniga, kujundatud esise rasvavoolu ja sileda pinnaga, mida on lihtne puhtaks p\u00fchkida ning mis ei roosteta kergesti. Kummist jalad hoiavad masina kindlalt t\u00f6\u00f6pinnal. Eraldi v\u00f5imsusnupud, praeplaadi ja frit\u00fc\u00fcri v\u00f5imsust saab s\u00f5ltumatult reguleerida. Palun vaadake t\u00e4psemat teavet jaotises &#8220;Spetsifikatsioon&#8221;.<\/p>\n<table style=\"border-collapse: collapse; width: 100%; text-align: left;\">\n<tbody>\n<tr>\n<td style=\"border: 1px solid #ddd; padding: 8px; width: 45%;\"><strong>S\u00fcgavus<\/strong><\/td>\n<td style=\"border: 1px solid #ddd; padding: 8px;\">600 mm<\/td>\n<\/tr>\n<tr>\n<td style=\"border: 1px solid #ddd; padding: 8px; width: 45%;\"><strong>K\u00f5rgus<\/strong><\/td>\n<td style=\"border: 1px solid #ddd; padding: 8px;\">460 mm<\/td>\n<\/tr>\n<tr>\n<td style=\"border: 1px solid #ddd; padding: 8px; width: 45%;\"><strong>Laius<\/strong><\/td>\n<td style=\"border: 1px solid #ddd; padding: 8px;\">900 mm<\/td>\n<\/tr>\n<tr>\n<td style=\"border: 1px solid #ddd; padding: 8px; width: 45%;\"><strong>Kaal<\/strong><\/td>\n<td style=\"border: 1px solid #ddd; padding: 8px;\">25 kg<\/td>\n<\/tr>\n<tr>\n<td style=\"border: 1px solid #ddd; padding: 8px; width: 45%;\"><strong>Garantii<\/strong><\/td>\n<td style=\"border: 1px solid #ddd; padding: 8px;\">12 kuu varuosade garantii<\/td>\n<\/tr>\n<tr>\n<td style=\"border: 1px solid #ddd; padding: 8px; width: 45%;\"><strong>Versioon<\/strong><\/td>\n<td style=\"border: 1px solid #ddd; padding: 8px;\">Sile pealispind<\/td>\n<\/tr>\n<tr>\n<td style=\"border: 1px solid #ddd; padding: 8px; width: 45%;\"><strong>Mahutavus<\/strong><\/td>\n<td style=\"border: 1px solid #ddd; padding: 8px;\">8 liitrit (frit\u00fc\u00fcr)<\/td>\n<\/tr>\n<tr>\n<td style=\"border: 1px solid #ddd; padding: 8px; width: 45%;\"><strong>Toiteallikas<\/strong><\/td>\n<td style=\"border: 1px solid #ddd; padding: 8px;\">230V \/ 1 faas<\/td>\n<\/tr>\n<tr>\n<td style=\"border: 1px solid #ddd; padding: 8px; width: 45%;\"><strong>V\u00f5imsus<\/strong><\/td>\n<td style=\"border: 1px solid #ddd; padding: 8px;\">3000 W + 2800 W<\/td>\n<\/tr>\n<tr>\n<td style=\"border: 1px solid #ddd; padding: 8px; width: 45%;\"><strong>Materjal<\/strong><\/td>\n<td style=\"border: 1px solid #ddd; padding: 8px;\">Roostevaba teras<\/td>\n<\/tr>\n<tr>\n<td style=\"border: 1px solid #ddd; padding: 8px; width: 45%;\"><strong>Temperatuur<\/strong><\/td>\n<td style=\"border: 1px solid #ddd; padding: 8px;\">+50\u00b0C kuni +300\u00b0C (grillplaat) \/ +60\u00b0C kuni +200\u00b0C (frit\u00fc\u00fcr)<\/td>\n<\/tr>\n<tr>\n<td style=\"border: 1px solid #ddd; padding: 8px; width: 45%;\"><strong>M\u00f5\u00f5tmed (keetmisala)<\/strong><\/td>\n<td style=\"border: 1px solid #ddd; padding: 8px;\">550x330mm (plaat)<\/td>\n<\/tr>\n<\/tbody>\n<\/table>\n","protected":false},"excerpt":{"rendered":"<p>Praeplaadi ja frit\u00fc\u00fcri kombinatsioon on suurep\u00e4rane abimees \u00fchtlaselt praetud ja kr\u00f5beda toidu valmistamiseks, nagu praekartulid, s\u00f5\u00f5rikud, friikad, sibular\u00f5ngad, krevetirullid jne.<\/p>\n","protected":false},"featured_media":13118,"template":"","meta":[],"product_brand":[],"product_cat":[591,629,589,590,557,588,631],"product_tag":[],"class_list":{"0":"post-13114","1":"product","2":"type-product","3":"status-publish","4":"has-post-thumbnail","6":"product_cat-elektrilised","7":"product_cat-frituurid","8":"product_cat-grillplaadid","9":"product_cat-grillplaadid-kupsetusseadmed","10":"product_cat-kupsetusseadmed","11":"product_cat-kuumseadmed","12":"product_cat-lauapealsed-frituurid","14":"first","15":"instock","16":"sale","17":"taxable","18":"shipping-taxable","19":"purchasable","20":"product-type-simple"},"yoast_head":"<!-- This site is optimized with the Yoast SEO plugin v27.3 - https:\/\/yoast.com\/product\/yoast-seo-wordpress\/ -->\n<title>Praeplaat ja Frit\u00fc\u00fcr Combo 760x630x460mm 2.8+3kW Elektriline | Adexa HEG908 - Adexa \u2013 Suurk\u00f6\u00f6giseadmed restoranidele ja toitlustusele<\/title>\n<meta name=\"robots\" content=\"index, follow, max-snippet:-1, max-image-preview:large, max-video-preview:-1\" \/>\n<link rel=\"canonical\" href=\"https:\/\/adexa.ee\/toode\/praeplaat-ja-frituur-combo-760x630x460mm-2-83kw-elektriline-adexa-heg908\/\" \/>\n<meta property=\"og:locale\" content=\"en_US\" \/>\n<meta property=\"og:type\" content=\"article\" \/>\n<meta property=\"og:title\" content=\"Praeplaat ja Frit\u00fc\u00fcr Combo 760x630x460mm 2.8+3kW Elektriline | Adexa HEG908 - Adexa \u2013 Suurk\u00f6\u00f6giseadmed restoranidele ja toitlustusele\" \/>\n<meta property=\"og:description\" content=\"Praeplaadi ja frit\u00fc\u00fcri kombinatsioon on suurep\u00e4rane abimees \u00fchtlaselt praetud ja kr\u00f5beda toidu valmistamiseks, nagu praekartulid, s\u00f5\u00f5rikud, friikad, sibular\u00f5ngad, krevetirullid jne.\" \/>\n<meta property=\"og:url\" content=\"https:\/\/adexa.ee\/toode\/praeplaat-ja-frituur-combo-760x630x460mm-2-83kw-elektriline-adexa-heg908\/\" \/>\n<meta property=\"og:site_name\" content=\"Adexa \u2013 Suurk\u00f6\u00f6giseadmed restoranidele ja toitlustusele\" \/>\n<meta property=\"article:modified_time\" content=\"2026-03-29T14:35:54+00:00\" \/>\n<meta property=\"og:image\" content=\"https:\/\/adexa.ee\/wp-content\/uploads\/2024\/12\/HEG908.jpg\" \/>\n\t<meta property=\"og:image:width\" content=\"2000\" \/>\n\t<meta property=\"og:image:height\" content=\"2000\" \/>\n\t<meta property=\"og:image:type\" content=\"image\/jpeg\" \/>\n<meta name=\"twitter:card\" content=\"summary_large_image\" \/>\n<meta name=\"twitter:label1\" content=\"Est. reading time\" \/>\n\t<meta name=\"twitter:data1\" content=\"1 minute\" \/>\n<script type=\"application\/ld+json\" class=\"yoast-schema-graph\">{\"@context\":\"https:\\\/\\\/schema.org\",\"@graph\":[{\"@type\":\"WebPage\",\"@id\":\"https:\\\/\\\/adexa.ee\\\/toode\\\/praeplaat-ja-frituur-combo-760x630x460mm-2-83kw-elektriline-adexa-heg908\\\/\",\"url\":\"https:\\\/\\\/adexa.ee\\\/toode\\\/praeplaat-ja-frituur-combo-760x630x460mm-2-83kw-elektriline-adexa-heg908\\\/\",\"name\":\"Praeplaat ja Frit\u00fc\u00fcr Combo 760x630x460mm 2.8+3kW Elektriline | Adexa HEG908 - Adexa \u2013 Suurk\u00f6\u00f6giseadmed restoranidele ja toitlustusele\",\"isPartOf\":{\"@id\":\"https:\\\/\\\/adexa.ee\\\/#website\"},\"primaryImageOfPage\":{\"@id\":\"https:\\\/\\\/adexa.ee\\\/toode\\\/praeplaat-ja-frituur-combo-760x630x460mm-2-83kw-elektriline-adexa-heg908\\\/#primaryimage\"},\"image\":{\"@id\":\"https:\\\/\\\/adexa.ee\\\/toode\\\/praeplaat-ja-frituur-combo-760x630x460mm-2-83kw-elektriline-adexa-heg908\\\/#primaryimage\"},\"thumbnailUrl\":\"https:\\\/\\\/adexa.ee\\\/wp-content\\\/uploads\\\/2024\\\/12\\\/HEG908.jpg\",\"datePublished\":\"2026-03-29T14:35:53+00:00\",\"dateModified\":\"2026-03-29T14:35:54+00:00\",\"breadcrumb\":{\"@id\":\"https:\\\/\\\/adexa.ee\\\/toode\\\/praeplaat-ja-frituur-combo-760x630x460mm-2-83kw-elektriline-adexa-heg908\\\/#breadcrumb\"},\"inLanguage\":\"en-US\",\"potentialAction\":[{\"@type\":\"ReadAction\",\"target\":[\"https:\\\/\\\/adexa.ee\\\/toode\\\/praeplaat-ja-frituur-combo-760x630x460mm-2-83kw-elektriline-adexa-heg908\\\/\"]}]},{\"@type\":\"ImageObject\",\"inLanguage\":\"en-US\",\"@id\":\"https:\\\/\\\/adexa.ee\\\/toode\\\/praeplaat-ja-frituur-combo-760x630x460mm-2-83kw-elektriline-adexa-heg908\\\/#primaryimage\",\"url\":\"https:\\\/\\\/adexa.ee\\\/wp-content\\\/uploads\\\/2024\\\/12\\\/HEG908.jpg\",\"contentUrl\":\"https:\\\/\\\/adexa.ee\\\/wp-content\\\/uploads\\\/2024\\\/12\\\/HEG908.jpg\",\"width\":2000,\"height\":2000},{\"@type\":\"BreadcrumbList\",\"@id\":\"https:\\\/\\\/adexa.ee\\\/toode\\\/praeplaat-ja-frituur-combo-760x630x460mm-2-83kw-elektriline-adexa-heg908\\\/#breadcrumb\",\"itemListElement\":[{\"@type\":\"ListItem\",\"position\":1,\"name\":\"Home\",\"item\":\"https:\\\/\\\/adexa.ee\\\/\"},{\"@type\":\"ListItem\",\"position\":2,\"name\":\"Tooted\",\"item\":\"https:\\\/\\\/adexa.ee\\\/pood\\\/\"},{\"@type\":\"ListItem\",\"position\":3,\"name\":\"Praeplaat ja Frit\u00fc\u00fcr Combo 760x630x460mm 2.8+3kW Elektriline | Adexa HEG908\"}]},{\"@type\":\"WebSite\",\"@id\":\"https:\\\/\\\/adexa.ee\\\/#website\",\"url\":\"https:\\\/\\\/adexa.ee\\\/\",\"name\":\"Adexa\",\"description\":\"\",\"publisher\":{\"@id\":\"https:\\\/\\\/adexa.ee\\\/#organization\"},\"potentialAction\":[{\"@type\":\"SearchAction\",\"target\":{\"@type\":\"EntryPoint\",\"urlTemplate\":\"https:\\\/\\\/adexa.ee\\\/?s={search_term_string}\"},\"query-input\":{\"@type\":\"PropertyValueSpecification\",\"valueRequired\":true,\"valueName\":\"search_term_string\"}}],\"inLanguage\":\"en-US\"},{\"@type\":\"Organization\",\"@id\":\"https:\\\/\\\/adexa.ee\\\/#organization\",\"name\":\"Adexa\",\"url\":\"https:\\\/\\\/adexa.ee\\\/\",\"logo\":{\"@type\":\"ImageObject\",\"inLanguage\":\"en-US\",\"@id\":\"https:\\\/\\\/adexa.ee\\\/#\\\/schema\\\/logo\\\/image\\\/\",\"url\":\"https:\\\/\\\/adexa.ee\\\/wp-content\\\/uploads\\\/2024\\\/04\\\/chef-cooks-working-in-professional-kitchen-2023-11-27-05-07-39-utc-scaled.jpg\",\"contentUrl\":\"https:\\\/\\\/adexa.ee\\\/wp-content\\\/uploads\\\/2024\\\/04\\\/chef-cooks-working-in-professional-kitchen-2023-11-27-05-07-39-utc-scaled.jpg\",\"width\":2560,\"height\":1708,\"caption\":\"Adexa\"},\"image\":{\"@id\":\"https:\\\/\\\/adexa.ee\\\/#\\\/schema\\\/logo\\\/image\\\/\"}}]}<\/script>\n<!-- \/ Yoast SEO plugin. -->","yoast_head_json":{"title":"Praeplaat ja Frit\u00fc\u00fcr Combo 760x630x460mm 2.8+3kW Elektriline | Adexa HEG908 - Adexa \u2013 Suurk\u00f6\u00f6giseadmed restoranidele ja toitlustusele","robots":{"index":"index","follow":"follow","max-snippet":"max-snippet:-1","max-image-preview":"max-image-preview:large","max-video-preview":"max-video-preview:-1"},"canonical":"https:\/\/adexa.ee\/toode\/praeplaat-ja-frituur-combo-760x630x460mm-2-83kw-elektriline-adexa-heg908\/","og_locale":"en_US","og_type":"article","og_title":"Praeplaat ja Frit\u00fc\u00fcr Combo 760x630x460mm 2.8+3kW Elektriline | Adexa HEG908 - Adexa \u2013 Suurk\u00f6\u00f6giseadmed restoranidele ja toitlustusele","og_description":"Praeplaadi ja frit\u00fc\u00fcri kombinatsioon on suurep\u00e4rane abimees \u00fchtlaselt praetud ja kr\u00f5beda toidu valmistamiseks, nagu praekartulid, s\u00f5\u00f5rikud, friikad, sibular\u00f5ngad, krevetirullid jne.","og_url":"https:\/\/adexa.ee\/toode\/praeplaat-ja-frituur-combo-760x630x460mm-2-83kw-elektriline-adexa-heg908\/","og_site_name":"Adexa \u2013 Suurk\u00f6\u00f6giseadmed restoranidele ja toitlustusele","article_modified_time":"2026-03-29T14:35:54+00:00","og_image":[{"width":2000,"height":2000,"url":"https:\/\/adexa.ee\/wp-content\/uploads\/2024\/12\/HEG908.jpg","type":"image\/jpeg"}],"twitter_card":"summary_large_image","twitter_misc":{"Est. reading time":"1 minute"},"schema":{"@context":"https:\/\/schema.org","@graph":[{"@type":"WebPage","@id":"https:\/\/adexa.ee\/toode\/praeplaat-ja-frituur-combo-760x630x460mm-2-83kw-elektriline-adexa-heg908\/","url":"https:\/\/adexa.ee\/toode\/praeplaat-ja-frituur-combo-760x630x460mm-2-83kw-elektriline-adexa-heg908\/","name":"Praeplaat ja Frit\u00fc\u00fcr Combo 760x630x460mm 2.8+3kW Elektriline | Adexa HEG908 - Adexa \u2013 Suurk\u00f6\u00f6giseadmed restoranidele ja toitlustusele","isPartOf":{"@id":"https:\/\/adexa.ee\/#website"},"primaryImageOfPage":{"@id":"https:\/\/adexa.ee\/toode\/praeplaat-ja-frituur-combo-760x630x460mm-2-83kw-elektriline-adexa-heg908\/#primaryimage"},"image":{"@id":"https:\/\/adexa.ee\/toode\/praeplaat-ja-frituur-combo-760x630x460mm-2-83kw-elektriline-adexa-heg908\/#primaryimage"},"thumbnailUrl":"https:\/\/adexa.ee\/wp-content\/uploads\/2024\/12\/HEG908.jpg","datePublished":"2026-03-29T14:35:53+00:00","dateModified":"2026-03-29T14:35:54+00:00","breadcrumb":{"@id":"https:\/\/adexa.ee\/toode\/praeplaat-ja-frituur-combo-760x630x460mm-2-83kw-elektriline-adexa-heg908\/#breadcrumb"},"inLanguage":"en-US","potentialAction":[{"@type":"ReadAction","target":["https:\/\/adexa.ee\/toode\/praeplaat-ja-frituur-combo-760x630x460mm-2-83kw-elektriline-adexa-heg908\/"]}]},{"@type":"ImageObject","inLanguage":"en-US","@id":"https:\/\/adexa.ee\/toode\/praeplaat-ja-frituur-combo-760x630x460mm-2-83kw-elektriline-adexa-heg908\/#primaryimage","url":"https:\/\/adexa.ee\/wp-content\/uploads\/2024\/12\/HEG908.jpg","contentUrl":"https:\/\/adexa.ee\/wp-content\/uploads\/2024\/12\/HEG908.jpg","width":2000,"height":2000},{"@type":"BreadcrumbList","@id":"https:\/\/adexa.ee\/toode\/praeplaat-ja-frituur-combo-760x630x460mm-2-83kw-elektriline-adexa-heg908\/#breadcrumb","itemListElement":[{"@type":"ListItem","position":1,"name":"Home","item":"https:\/\/adexa.ee\/"},{"@type":"ListItem","position":2,"name":"Tooted","item":"https:\/\/adexa.ee\/pood\/"},{"@type":"ListItem","position":3,"name":"Praeplaat ja Frit\u00fc\u00fcr Combo 760x630x460mm 2.8+3kW Elektriline | Adexa HEG908"}]},{"@type":"WebSite","@id":"https:\/\/adexa.ee\/#website","url":"https:\/\/adexa.ee\/","name":"Adexa","description":"","publisher":{"@id":"https:\/\/adexa.ee\/#organization"},"potentialAction":[{"@type":"SearchAction","target":{"@type":"EntryPoint","urlTemplate":"https:\/\/adexa.ee\/?s={search_term_string}"},"query-input":{"@type":"PropertyValueSpecification","valueRequired":true,"valueName":"search_term_string"}}],"inLanguage":"en-US"},{"@type":"Organization","@id":"https:\/\/adexa.ee\/#organization","name":"Adexa","url":"https:\/\/adexa.ee\/","logo":{"@type":"ImageObject","inLanguage":"en-US","@id":"https:\/\/adexa.ee\/#\/schema\/logo\/image\/","url":"https:\/\/adexa.ee\/wp-content\/uploads\/2024\/04\/chef-cooks-working-in-professional-kitchen-2023-11-27-05-07-39-utc-scaled.jpg","contentUrl":"https:\/\/adexa.ee\/wp-content\/uploads\/2024\/04\/chef-cooks-working-in-professional-kitchen-2023-11-27-05-07-39-utc-scaled.jpg","width":2560,"height":1708,"caption":"Adexa"},"image":{"@id":"https:\/\/adexa.ee\/#\/schema\/logo\/image\/"}}]}},"_links":{"self":[{"href":"https:\/\/adexa.ee\/en\/wp-json\/wp\/v2\/product\/13114","targetHints":{"allow":["GET"]}}],"collection":[{"href":"https:\/\/adexa.ee\/en\/wp-json\/wp\/v2\/product"}],"about":[{"href":"https:\/\/adexa.ee\/en\/wp-json\/wp\/v2\/types\/product"}],"wp:featuredmedia":[{"embeddable":true,"href":"https:\/\/adexa.ee\/en\/wp-json\/wp\/v2\/media\/13118"}],"wp:attachment":[{"href":"https:\/\/adexa.ee\/en\/wp-json\/wp\/v2\/media?parent=13114"}],"wp:term":[{"taxonomy":"product_brand","embeddable":true,"href":"https:\/\/adexa.ee\/en\/wp-json\/wp\/v2\/product_brand?post=13114"},{"taxonomy":"product_cat","embeddable":true,"href":"https:\/\/adexa.ee\/en\/wp-json\/wp\/v2\/product_cat?post=13114"},{"taxonomy":"product_tag","embeddable":true,"href":"https:\/\/adexa.ee\/en\/wp-json\/wp\/v2\/product_tag?post=13114"}],"curies":[{"name":"wp","href":"https:\/\/api.w.org\/{rel}","templated":true}]}}