{"id":13124,"date":"2026-03-30T23:35:46","date_gmt":"2026-03-30T20:35:46","guid":{"rendered":"https:\/\/adexa.ee\/toode\/kommertslik-vaike-uhtlane-elektriline-praepann-1-tsoon-2kw-adexa-wheg810af\/"},"modified":"2026-03-30T23:35:47","modified_gmt":"2026-03-30T20:35:47","slug":"vaike-uhtlane-elektriline-praepann-1-tsoon-2kw-adexa-wheg810af","status":"publish","type":"product","link":"https:\/\/adexa.ee\/en\/toode\/vaike-uhtlane-elektriline-praepann-1-tsoon-2kw-adexa-wheg810af\/","title":{"rendered":"V\u00e4ike \u00dchtlane Elektriline Praepann 1 tsoon 2kW | Adexa WHEG810AF"},"content":{"rendered":"<p>See elektriline letiplaat on loodud maksimaalse kiiruse ja mitmek\u00fclgsuse saavutamiseks. Selle kommertsliku elektrilise praepanniga saate kiiresti valmistada erinevaid populaarseid roogasid! Olgu tegemist pannkookide, burgerite, grilljuustu v\u00f5i munapudru valmistamisega, see raskeveokite roostevabast terasest grillplaat pakub vajalikku vastupidavust ja j\u00f5udlust t\u00f6\u00f6 t\u00f5husaks tegemiseks. Paks teraspind kuumeneb \u00fchtlaselt, tagades j\u00e4rjekindlad k\u00fcpsetustulemused, olenemata sellest, kuhu toidu plaadile asetate.<\/p>\n<p>364x480x220 mm \u00dchtlane pind 2000 W Roostevaba teras Kuni +300\u00b0C K\u00fcpsetuspind 358&#215;393 mm<\/p>\n<p>Palun vaadake jaotist &#8216;Spetsifikatsioon&#8217; \u00fcksikasjaliku teabe saamiseks.<\/p>\n<table style=\"border-collapse: collapse; width: 100%; text-align: left;\">\n<tbody>\n<tr>\n<td style=\"border: 1px solid #ddd; padding: 8px; width: 45%;\"><strong>S\u00fcgavus<\/strong><\/td>\n<td style=\"border: 1px solid #ddd; padding: 8px;\">480 mm<\/td>\n<\/tr>\n<tr>\n<td style=\"border: 1px solid #ddd; padding: 8px; width: 45%;\"><strong>K\u00f5rgus<\/strong><\/td>\n<td style=\"border: 1px solid #ddd; padding: 8px;\">220 mm<\/td>\n<\/tr>\n<tr>\n<td style=\"border: 1px solid #ddd; padding: 8px; width: 45%;\"><strong>Laius<\/strong><\/td>\n<td style=\"border: 1px solid #ddd; padding: 8px;\">364 mm<\/td>\n<\/tr>\n<tr>\n<td style=\"border: 1px solid #ddd; padding: 8px; width: 45%;\"><strong>Kaal<\/strong><\/td>\n<td style=\"border: 1px solid #ddd; padding: 8px;\">11 kg<\/td>\n<\/tr>\n<tr>\n<td style=\"border: 1px solid #ddd; padding: 8px; width: 45%;\"><strong>Garantii<\/strong><\/td>\n<td style=\"border: 1px solid #ddd; padding: 8px;\">12 kuu varuosade garantii<\/td>\n<\/tr>\n<tr>\n<td style=\"border: 1px solid #ddd; padding: 8px; width: 45%;\"><strong>Versioon<\/strong><\/td>\n<td style=\"border: 1px solid #ddd; padding: 8px;\">Sile pealispind<\/td>\n<\/tr>\n<tr>\n<td style=\"border: 1px solid #ddd; padding: 8px; width: 45%;\"><strong>Toiteallikas<\/strong><\/td>\n<td style=\"border: 1px solid #ddd; padding: 8px;\">230V \/ 1 faas<\/td>\n<\/tr>\n<tr>\n<td style=\"border: 1px solid #ddd; padding: 8px; width: 45%;\"><strong>Materjal<\/strong><\/td>\n<td style=\"border: 1px solid #ddd; padding: 8px;\">Roostevaba teras<\/td>\n<\/tr>\n<tr>\n<td style=\"border: 1px solid #ddd; padding: 8px; width: 45%;\"><strong>Temperatuur<\/strong><\/td>\n<td style=\"border: 1px solid #ddd; padding: 8px;\">Kuni +300\u00b0C<\/td>\n<\/tr>\n<tr>\n<td style=\"border: 1px solid #ddd; padding: 8px; width: 45%;\"><strong>M\u00f5\u00f5tmed (keetmisala)<\/strong><\/td>\n<td style=\"border: 1px solid #ddd; padding: 8px;\">358&#215;393 mm<\/td>\n<\/tr>\n<\/tbody>\n<\/table>\n","protected":false},"excerpt":{"rendered":"<p>See elektriline letiplaat on loodud maksimaalse kiiruse ja mitmek\u00fclgsuse saavutamiseks. Selle kommertsliku elektrilise praepanniga saate kiiresti valmistada erinevaid populaarseid roogasid!<\/p>\n","protected":false},"featured_media":13126,"template":"","meta":[],"product_brand":[],"product_cat":[591,590,589,557,588],"product_tag":[],"class_list":{"0":"post-13124","1":"product","2":"type-product","3":"status-publish","4":"has-post-thumbnail","6":"product_cat-elektrilised","7":"product_cat-grillplaadid-kupsetusseadmed","8":"product_cat-grillplaadid","9":"product_cat-kupsetusseadmed","10":"product_cat-kuumseadmed","12":"first","13":"instock","14":"sale","15":"taxable","16":"shipping-taxable","17":"purchasable","18":"product-type-simple"},"yoast_head":"<!-- This site is optimized with the Yoast SEO plugin v27.3 - https:\/\/yoast.com\/product\/yoast-seo-wordpress\/ -->\n<title>V\u00e4ike \u00dchtlane Elektriline Praepann 1 tsoon 2kW | Adexa WHEG810AF - Adexa \u2013 Suurk\u00f6\u00f6giseadmed restoranidele ja toitlustusele<\/title>\n<meta name=\"robots\" content=\"index, follow, max-snippet:-1, max-image-preview:large, max-video-preview:-1\" \/>\n<link rel=\"canonical\" href=\"https:\/\/adexa.ee\/toode\/vaike-uhtlane-elektriline-praepann-1-tsoon-2kw-adexa-wheg810af\/\" \/>\n<meta property=\"og:locale\" content=\"en_US\" \/>\n<meta property=\"og:type\" content=\"article\" \/>\n<meta property=\"og:title\" content=\"V\u00e4ike \u00dchtlane Elektriline Praepann 1 tsoon 2kW | Adexa WHEG810AF - Adexa \u2013 Suurk\u00f6\u00f6giseadmed restoranidele ja toitlustusele\" \/>\n<meta property=\"og:description\" content=\"See elektriline letiplaat on loodud maksimaalse kiiruse ja mitmek\u00fclgsuse saavutamiseks. Selle kommertsliku elektrilise praepanniga saate kiiresti valmistada erinevaid populaarseid roogasid!\" \/>\n<meta property=\"og:url\" content=\"https:\/\/adexa.ee\/toode\/vaike-uhtlane-elektriline-praepann-1-tsoon-2kw-adexa-wheg810af\/\" \/>\n<meta property=\"og:site_name\" content=\"Adexa \u2013 Suurk\u00f6\u00f6giseadmed restoranidele ja toitlustusele\" \/>\n<meta property=\"article:modified_time\" content=\"2026-03-30T20:35:47+00:00\" \/>\n<meta property=\"og:image\" content=\"https:\/\/adexa.ee\/wp-content\/uploads\/2024\/12\/WHEG810AF-N.jpg\" \/>\n\t<meta property=\"og:image:width\" content=\"2000\" \/>\n\t<meta property=\"og:image:height\" content=\"2000\" \/>\n\t<meta property=\"og:image:type\" content=\"image\/jpeg\" \/>\n<meta name=\"twitter:card\" content=\"summary_large_image\" \/>\n<meta name=\"twitter:label1\" content=\"Est. reading time\" \/>\n\t<meta name=\"twitter:data1\" content=\"1 minute\" \/>\n<script type=\"application\/ld+json\" class=\"yoast-schema-graph\">{\"@context\":\"https:\\\/\\\/schema.org\",\"@graph\":[{\"@type\":\"WebPage\",\"@id\":\"https:\\\/\\\/adexa.ee\\\/toode\\\/vaike-uhtlane-elektriline-praepann-1-tsoon-2kw-adexa-wheg810af\\\/\",\"url\":\"https:\\\/\\\/adexa.ee\\\/toode\\\/vaike-uhtlane-elektriline-praepann-1-tsoon-2kw-adexa-wheg810af\\\/\",\"name\":\"V\u00e4ike \u00dchtlane Elektriline Praepann 1 tsoon 2kW | Adexa WHEG810AF - Adexa \u2013 Suurk\u00f6\u00f6giseadmed restoranidele ja toitlustusele\",\"isPartOf\":{\"@id\":\"https:\\\/\\\/adexa.ee\\\/#website\"},\"primaryImageOfPage\":{\"@id\":\"https:\\\/\\\/adexa.ee\\\/toode\\\/vaike-uhtlane-elektriline-praepann-1-tsoon-2kw-adexa-wheg810af\\\/#primaryimage\"},\"image\":{\"@id\":\"https:\\\/\\\/adexa.ee\\\/toode\\\/vaike-uhtlane-elektriline-praepann-1-tsoon-2kw-adexa-wheg810af\\\/#primaryimage\"},\"thumbnailUrl\":\"https:\\\/\\\/adexa.ee\\\/wp-content\\\/uploads\\\/2024\\\/12\\\/WHEG810AF-N.jpg\",\"datePublished\":\"2026-03-30T20:35:46+00:00\",\"dateModified\":\"2026-03-30T20:35:47+00:00\",\"breadcrumb\":{\"@id\":\"https:\\\/\\\/adexa.ee\\\/toode\\\/vaike-uhtlane-elektriline-praepann-1-tsoon-2kw-adexa-wheg810af\\\/#breadcrumb\"},\"inLanguage\":\"en-US\",\"potentialAction\":[{\"@type\":\"ReadAction\",\"target\":[\"https:\\\/\\\/adexa.ee\\\/toode\\\/vaike-uhtlane-elektriline-praepann-1-tsoon-2kw-adexa-wheg810af\\\/\"]}]},{\"@type\":\"ImageObject\",\"inLanguage\":\"en-US\",\"@id\":\"https:\\\/\\\/adexa.ee\\\/toode\\\/vaike-uhtlane-elektriline-praepann-1-tsoon-2kw-adexa-wheg810af\\\/#primaryimage\",\"url\":\"https:\\\/\\\/adexa.ee\\\/wp-content\\\/uploads\\\/2024\\\/12\\\/WHEG810AF-N.jpg\",\"contentUrl\":\"https:\\\/\\\/adexa.ee\\\/wp-content\\\/uploads\\\/2024\\\/12\\\/WHEG810AF-N.jpg\",\"width\":2000,\"height\":2000},{\"@type\":\"BreadcrumbList\",\"@id\":\"https:\\\/\\\/adexa.ee\\\/toode\\\/vaike-uhtlane-elektriline-praepann-1-tsoon-2kw-adexa-wheg810af\\\/#breadcrumb\",\"itemListElement\":[{\"@type\":\"ListItem\",\"position\":1,\"name\":\"Home\",\"item\":\"https:\\\/\\\/adexa.ee\\\/\"},{\"@type\":\"ListItem\",\"position\":2,\"name\":\"Tooted\",\"item\":\"https:\\\/\\\/adexa.ee\\\/pood\\\/\"},{\"@type\":\"ListItem\",\"position\":3,\"name\":\"V\u00e4ike \u00dchtlane Elektriline Praepann 1 tsoon 2kW | Adexa WHEG810AF\"}]},{\"@type\":\"WebSite\",\"@id\":\"https:\\\/\\\/adexa.ee\\\/#website\",\"url\":\"https:\\\/\\\/adexa.ee\\\/\",\"name\":\"Adexa\",\"description\":\"\",\"publisher\":{\"@id\":\"https:\\\/\\\/adexa.ee\\\/#organization\"},\"potentialAction\":[{\"@type\":\"SearchAction\",\"target\":{\"@type\":\"EntryPoint\",\"urlTemplate\":\"https:\\\/\\\/adexa.ee\\\/?s={search_term_string}\"},\"query-input\":{\"@type\":\"PropertyValueSpecification\",\"valueRequired\":true,\"valueName\":\"search_term_string\"}}],\"inLanguage\":\"en-US\"},{\"@type\":\"Organization\",\"@id\":\"https:\\\/\\\/adexa.ee\\\/#organization\",\"name\":\"Adexa\",\"url\":\"https:\\\/\\\/adexa.ee\\\/\",\"logo\":{\"@type\":\"ImageObject\",\"inLanguage\":\"en-US\",\"@id\":\"https:\\\/\\\/adexa.ee\\\/#\\\/schema\\\/logo\\\/image\\\/\",\"url\":\"https:\\\/\\\/adexa.ee\\\/wp-content\\\/uploads\\\/2024\\\/04\\\/chef-cooks-working-in-professional-kitchen-2023-11-27-05-07-39-utc-scaled.jpg\",\"contentUrl\":\"https:\\\/\\\/adexa.ee\\\/wp-content\\\/uploads\\\/2024\\\/04\\\/chef-cooks-working-in-professional-kitchen-2023-11-27-05-07-39-utc-scaled.jpg\",\"width\":2560,\"height\":1708,\"caption\":\"Adexa\"},\"image\":{\"@id\":\"https:\\\/\\\/adexa.ee\\\/#\\\/schema\\\/logo\\\/image\\\/\"}}]}<\/script>\n<!-- \/ Yoast SEO plugin. -->","yoast_head_json":{"title":"V\u00e4ike \u00dchtlane Elektriline Praepann 1 tsoon 2kW | Adexa WHEG810AF - Adexa \u2013 Suurk\u00f6\u00f6giseadmed restoranidele ja toitlustusele","robots":{"index":"index","follow":"follow","max-snippet":"max-snippet:-1","max-image-preview":"max-image-preview:large","max-video-preview":"max-video-preview:-1"},"canonical":"https:\/\/adexa.ee\/toode\/vaike-uhtlane-elektriline-praepann-1-tsoon-2kw-adexa-wheg810af\/","og_locale":"en_US","og_type":"article","og_title":"V\u00e4ike \u00dchtlane Elektriline Praepann 1 tsoon 2kW | Adexa WHEG810AF - Adexa \u2013 Suurk\u00f6\u00f6giseadmed restoranidele ja toitlustusele","og_description":"See elektriline letiplaat on loodud maksimaalse kiiruse ja mitmek\u00fclgsuse saavutamiseks. Selle kommertsliku elektrilise praepanniga saate kiiresti valmistada erinevaid populaarseid roogasid!","og_url":"https:\/\/adexa.ee\/toode\/vaike-uhtlane-elektriline-praepann-1-tsoon-2kw-adexa-wheg810af\/","og_site_name":"Adexa \u2013 Suurk\u00f6\u00f6giseadmed restoranidele ja toitlustusele","article_modified_time":"2026-03-30T20:35:47+00:00","og_image":[{"width":2000,"height":2000,"url":"https:\/\/adexa.ee\/wp-content\/uploads\/2024\/12\/WHEG810AF-N.jpg","type":"image\/jpeg"}],"twitter_card":"summary_large_image","twitter_misc":{"Est. reading time":"1 minute"},"schema":{"@context":"https:\/\/schema.org","@graph":[{"@type":"WebPage","@id":"https:\/\/adexa.ee\/toode\/vaike-uhtlane-elektriline-praepann-1-tsoon-2kw-adexa-wheg810af\/","url":"https:\/\/adexa.ee\/toode\/vaike-uhtlane-elektriline-praepann-1-tsoon-2kw-adexa-wheg810af\/","name":"V\u00e4ike \u00dchtlane Elektriline Praepann 1 tsoon 2kW | Adexa WHEG810AF - Adexa \u2013 Suurk\u00f6\u00f6giseadmed restoranidele ja toitlustusele","isPartOf":{"@id":"https:\/\/adexa.ee\/#website"},"primaryImageOfPage":{"@id":"https:\/\/adexa.ee\/toode\/vaike-uhtlane-elektriline-praepann-1-tsoon-2kw-adexa-wheg810af\/#primaryimage"},"image":{"@id":"https:\/\/adexa.ee\/toode\/vaike-uhtlane-elektriline-praepann-1-tsoon-2kw-adexa-wheg810af\/#primaryimage"},"thumbnailUrl":"https:\/\/adexa.ee\/wp-content\/uploads\/2024\/12\/WHEG810AF-N.jpg","datePublished":"2026-03-30T20:35:46+00:00","dateModified":"2026-03-30T20:35:47+00:00","breadcrumb":{"@id":"https:\/\/adexa.ee\/toode\/vaike-uhtlane-elektriline-praepann-1-tsoon-2kw-adexa-wheg810af\/#breadcrumb"},"inLanguage":"en-US","potentialAction":[{"@type":"ReadAction","target":["https:\/\/adexa.ee\/toode\/vaike-uhtlane-elektriline-praepann-1-tsoon-2kw-adexa-wheg810af\/"]}]},{"@type":"ImageObject","inLanguage":"en-US","@id":"https:\/\/adexa.ee\/toode\/vaike-uhtlane-elektriline-praepann-1-tsoon-2kw-adexa-wheg810af\/#primaryimage","url":"https:\/\/adexa.ee\/wp-content\/uploads\/2024\/12\/WHEG810AF-N.jpg","contentUrl":"https:\/\/adexa.ee\/wp-content\/uploads\/2024\/12\/WHEG810AF-N.jpg","width":2000,"height":2000},{"@type":"BreadcrumbList","@id":"https:\/\/adexa.ee\/toode\/vaike-uhtlane-elektriline-praepann-1-tsoon-2kw-adexa-wheg810af\/#breadcrumb","itemListElement":[{"@type":"ListItem","position":1,"name":"Home","item":"https:\/\/adexa.ee\/"},{"@type":"ListItem","position":2,"name":"Tooted","item":"https:\/\/adexa.ee\/pood\/"},{"@type":"ListItem","position":3,"name":"V\u00e4ike \u00dchtlane Elektriline Praepann 1 tsoon 2kW | Adexa WHEG810AF"}]},{"@type":"WebSite","@id":"https:\/\/adexa.ee\/#website","url":"https:\/\/adexa.ee\/","name":"Adexa","description":"","publisher":{"@id":"https:\/\/adexa.ee\/#organization"},"potentialAction":[{"@type":"SearchAction","target":{"@type":"EntryPoint","urlTemplate":"https:\/\/adexa.ee\/?s={search_term_string}"},"query-input":{"@type":"PropertyValueSpecification","valueRequired":true,"valueName":"search_term_string"}}],"inLanguage":"en-US"},{"@type":"Organization","@id":"https:\/\/adexa.ee\/#organization","name":"Adexa","url":"https:\/\/adexa.ee\/","logo":{"@type":"ImageObject","inLanguage":"en-US","@id":"https:\/\/adexa.ee\/#\/schema\/logo\/image\/","url":"https:\/\/adexa.ee\/wp-content\/uploads\/2024\/04\/chef-cooks-working-in-professional-kitchen-2023-11-27-05-07-39-utc-scaled.jpg","contentUrl":"https:\/\/adexa.ee\/wp-content\/uploads\/2024\/04\/chef-cooks-working-in-professional-kitchen-2023-11-27-05-07-39-utc-scaled.jpg","width":2560,"height":1708,"caption":"Adexa"},"image":{"@id":"https:\/\/adexa.ee\/#\/schema\/logo\/image\/"}}]}},"_links":{"self":[{"href":"https:\/\/adexa.ee\/en\/wp-json\/wp\/v2\/product\/13124","targetHints":{"allow":["GET"]}}],"collection":[{"href":"https:\/\/adexa.ee\/en\/wp-json\/wp\/v2\/product"}],"about":[{"href":"https:\/\/adexa.ee\/en\/wp-json\/wp\/v2\/types\/product"}],"wp:featuredmedia":[{"embeddable":true,"href":"https:\/\/adexa.ee\/en\/wp-json\/wp\/v2\/media\/13126"}],"wp:attachment":[{"href":"https:\/\/adexa.ee\/en\/wp-json\/wp\/v2\/media?parent=13124"}],"wp:term":[{"taxonomy":"product_brand","embeddable":true,"href":"https:\/\/adexa.ee\/en\/wp-json\/wp\/v2\/product_brand?post=13124"},{"taxonomy":"product_cat","embeddable":true,"href":"https:\/\/adexa.ee\/en\/wp-json\/wp\/v2\/product_cat?post=13124"},{"taxonomy":"product_tag","embeddable":true,"href":"https:\/\/adexa.ee\/en\/wp-json\/wp\/v2\/product_tag?post=13124"}],"curies":[{"name":"wp","href":"https:\/\/api.w.org\/{rel}","templated":true}]}}