{"id":13137,"date":"2026-03-31T08:05:46","date_gmt":"2026-03-31T05:05:46","guid":{"rendered":"https:\/\/adexa.ee\/toode\/kommertskalatuur-ribakutte-valgustuse-ja-aevastuskaitsega-1250x315x457mm-adexa-xdhhc1200sg\/"},"modified":"2026-03-31T08:05:46","modified_gmt":"2026-03-31T05:05:46","slug":"ribasoojendi-valgustuse-ja-aevastuskaitsega-1250x315x457mm-adexa-xdhhc1200sg","status":"publish","type":"product","link":"https:\/\/adexa.ee\/en\/toode\/ribasoojendi-valgustuse-ja-aevastuskaitsega-1250x315x457mm-adexa-xdhhc1200sg\/","title":{"rendered":"Ribasoojendi, valgustuse ja aevastuskaitsega 1250x315x457mm | Adexa XDHHC1200SG"},"content":{"rendered":"<p>See esmaklassiline elektriline kuumutatav \u00fchetasandiline skalaator on ideaalne igale toitlustusasutusele. Tugev roostevabast terasest konstruktsioon ja soojendatud tuled tagavad, et kokkade t\u00f6\u00f6koht hoiab toidu soojas kuni serveerimiseni. Toit hoitakse ohutu ja serveerimisvalmina temperatuuril ning seade sisaldab ka l\u00f5pmatuse temperatuuri kontrolli, et hoida toitu n\u00f5utaval temperatuuril. Sobib suurep\u00e4raselt kasutamiseks kohvikus, restoranis, buffet-rea juures v\u00f5i mujal, kus on vaja v\u00e4ltida valmistoidu kuivamist v\u00f5i \u00fclevalmistamist &#8211; tagab, et teie pakutav toit n\u00e4eb v\u00e4lja ja maitseb suurep\u00e4raselt iga kord. T\u00e4psema teabe saamiseks vaadake palun &#8216;Spetsifikatsioonide&#8217; all.<\/p>\n<table style=\"border-collapse: collapse; width: 100%; text-align: left;\">\n<tbody>\n<tr>\n<td style=\"border: 1px solid #ddd; padding: 8px; width: 45%;\"><strong>S\u00fcgavus<\/strong><\/td>\n<td style=\"border: 1px solid #ddd; padding: 8px;\">590mm<\/td>\n<\/tr>\n<tr>\n<td style=\"border: 1px solid #ddd; padding: 8px; width: 45%;\"><strong>K\u00f5rgus<\/strong><\/td>\n<td style=\"border: 1px solid #ddd; padding: 8px;\">460mm<\/td>\n<\/tr>\n<tr>\n<td style=\"border: 1px solid #ddd; padding: 8px; width: 45%;\"><strong>Laius<\/strong><\/td>\n<td style=\"border: 1px solid #ddd; padding: 8px;\">1250 mm<\/td>\n<\/tr>\n<tr>\n<td style=\"border: 1px solid #ddd; padding: 8px; width: 45%;\"><strong>Kaal<\/strong><\/td>\n<td style=\"border: 1px solid #ddd; padding: 8px;\">7 kg<\/td>\n<\/tr>\n<tr>\n<td style=\"border: 1px solid #ddd; padding: 8px; width: 45%;\"><strong>Garantii<\/strong><\/td>\n<td style=\"border: 1px solid #ddd; padding: 8px;\">12 kuu varuosade garantii<\/td>\n<\/tr>\n<tr>\n<td style=\"border: 1px solid #ddd; padding: 8px; width: 45%;\"><strong>Toiteallikas<\/strong><\/td>\n<td style=\"border: 1px solid #ddd; padding: 8px;\">230V \/ 1 faas<\/td>\n<\/tr>\n<tr>\n<td style=\"border: 1px solid #ddd; padding: 8px; width: 45%;\"><strong>V\u00f5imsus<\/strong><\/td>\n<td style=\"border: 1px solid #ddd; padding: 8px;\">1500W<\/td>\n<\/tr>\n<tr>\n<td style=\"border: 1px solid #ddd; padding: 8px; width: 45%;\"><strong>Materjal<\/strong><\/td>\n<td style=\"border: 1px solid #ddd; padding: 8px;\">Roostevaba teras<\/td>\n<\/tr>\n<tr>\n<td style=\"border: 1px solid #ddd; padding: 8px; width: 45%;\"><strong>Aevastuskaitsed<\/strong><\/td>\n<td style=\"border: 1px solid #ddd; padding: 8px;\">Jah (210 mm)<\/td>\n<\/tr>\n<tr>\n<td style=\"border: 1px solid #ddd; padding: 8px; width: 45%;\"><strong>Elemendid<\/strong><\/td>\n<td style=\"border: 1px solid #ddd; padding: 8px;\">3 x k\u00fcttekeha (kaasas)<\/td>\n<\/tr>\n<\/tbody>\n<\/table>\n","protected":false},"excerpt":{"rendered":"<p>See esmaklassiline elektriline kuumutatav \u00fchetasandiline skalaator on ideaalne igale toitlustusasutusele. Tugev roostevabast terasest konstruktsioon ja soojendatud tuled tagavad, et kokkade<\/p>\n","protected":false},"featured_media":13139,"template":"","meta":[],"product_brand":[],"product_cat":[560,557,572,559,558,633,696,697],"product_tag":[],"class_list":{"0":"post-13137","1":"product","2":"type-product","3":"status-publish","4":"has-post-thumbnail","6":"product_cat-bufee-toidusoojendajad","7":"product_cat-kupsetusseadmed","8":"product_cat-roostevabad-tooted","9":"product_cat-soojuslambid-ja-soojusribad","10":"product_cat-toidu-soojendamine","11":"product_cat-toidu-valjastamise-tasapinnad","12":"product_cat-toidusoojendid-valgustusega","13":"product_cat-ula-ja-valjastustasapinnad-1-tase","15":"first","16":"instock","17":"sale","18":"taxable","19":"shipping-taxable","20":"purchasable","21":"product-type-simple"},"yoast_head":"<!-- This site is optimized with the Yoast SEO plugin v27.3 - https:\/\/yoast.com\/product\/yoast-seo-wordpress\/ -->\n<title>Ribasoojendi, valgustuse ja aevastuskaitsega 1250x315x457mm | Adexa XDHHC1200SG - Adexa \u2013 Suurk\u00f6\u00f6giseadmed restoranidele ja toitlustusele<\/title>\n<meta name=\"robots\" content=\"index, follow, max-snippet:-1, max-image-preview:large, max-video-preview:-1\" \/>\n<link rel=\"canonical\" href=\"https:\/\/adexa.ee\/toode\/ribasoojendi-valgustuse-ja-aevastuskaitsega-1250x315x457mm-adexa-xdhhc1200sg\/\" \/>\n<meta property=\"og:locale\" content=\"en_US\" \/>\n<meta property=\"og:type\" content=\"article\" \/>\n<meta property=\"og:title\" content=\"Ribasoojendi, valgustuse ja aevastuskaitsega 1250x315x457mm | Adexa XDHHC1200SG - Adexa \u2013 Suurk\u00f6\u00f6giseadmed restoranidele ja toitlustusele\" \/>\n<meta property=\"og:description\" content=\"See esmaklassiline elektriline kuumutatav \u00fchetasandiline skalaator on ideaalne igale toitlustusasutusele. Tugev roostevabast terasest konstruktsioon ja soojendatud tuled tagavad, et kokkade\" \/>\n<meta property=\"og:url\" content=\"https:\/\/adexa.ee\/toode\/ribasoojendi-valgustuse-ja-aevastuskaitsega-1250x315x457mm-adexa-xdhhc1200sg\/\" \/>\n<meta property=\"og:site_name\" content=\"Adexa \u2013 Suurk\u00f6\u00f6giseadmed restoranidele ja toitlustusele\" \/>\n<meta property=\"og:image\" content=\"https:\/\/adexa.ee\/wp-content\/uploads\/2024\/12\/XDHHC1200G.jpg\" \/>\n\t<meta property=\"og:image:width\" content=\"1520\" \/>\n\t<meta property=\"og:image:height\" content=\"1520\" \/>\n\t<meta property=\"og:image:type\" content=\"image\/jpeg\" \/>\n<meta name=\"twitter:card\" content=\"summary_large_image\" \/>\n<meta name=\"twitter:label1\" content=\"Est. reading time\" \/>\n\t<meta name=\"twitter:data1\" content=\"1 minute\" \/>\n<script type=\"application\/ld+json\" class=\"yoast-schema-graph\">{\"@context\":\"https:\\\/\\\/schema.org\",\"@graph\":[{\"@type\":\"WebPage\",\"@id\":\"https:\\\/\\\/adexa.ee\\\/toode\\\/ribasoojendi-valgustuse-ja-aevastuskaitsega-1250x315x457mm-adexa-xdhhc1200sg\\\/\",\"url\":\"https:\\\/\\\/adexa.ee\\\/toode\\\/ribasoojendi-valgustuse-ja-aevastuskaitsega-1250x315x457mm-adexa-xdhhc1200sg\\\/\",\"name\":\"Ribasoojendi, valgustuse ja aevastuskaitsega 1250x315x457mm | Adexa XDHHC1200SG - Adexa \u2013 Suurk\u00f6\u00f6giseadmed restoranidele ja toitlustusele\",\"isPartOf\":{\"@id\":\"https:\\\/\\\/adexa.ee\\\/#website\"},\"primaryImageOfPage\":{\"@id\":\"https:\\\/\\\/adexa.ee\\\/toode\\\/ribasoojendi-valgustuse-ja-aevastuskaitsega-1250x315x457mm-adexa-xdhhc1200sg\\\/#primaryimage\"},\"image\":{\"@id\":\"https:\\\/\\\/adexa.ee\\\/toode\\\/ribasoojendi-valgustuse-ja-aevastuskaitsega-1250x315x457mm-adexa-xdhhc1200sg\\\/#primaryimage\"},\"thumbnailUrl\":\"https:\\\/\\\/adexa.ee\\\/wp-content\\\/uploads\\\/2024\\\/12\\\/XDHHC1200G.jpg\",\"datePublished\":\"2026-03-31T05:05:46+00:00\",\"breadcrumb\":{\"@id\":\"https:\\\/\\\/adexa.ee\\\/toode\\\/ribasoojendi-valgustuse-ja-aevastuskaitsega-1250x315x457mm-adexa-xdhhc1200sg\\\/#breadcrumb\"},\"inLanguage\":\"en-US\",\"potentialAction\":[{\"@type\":\"ReadAction\",\"target\":[\"https:\\\/\\\/adexa.ee\\\/toode\\\/ribasoojendi-valgustuse-ja-aevastuskaitsega-1250x315x457mm-adexa-xdhhc1200sg\\\/\"]}]},{\"@type\":\"ImageObject\",\"inLanguage\":\"en-US\",\"@id\":\"https:\\\/\\\/adexa.ee\\\/toode\\\/ribasoojendi-valgustuse-ja-aevastuskaitsega-1250x315x457mm-adexa-xdhhc1200sg\\\/#primaryimage\",\"url\":\"https:\\\/\\\/adexa.ee\\\/wp-content\\\/uploads\\\/2024\\\/12\\\/XDHHC1200G.jpg\",\"contentUrl\":\"https:\\\/\\\/adexa.ee\\\/wp-content\\\/uploads\\\/2024\\\/12\\\/XDHHC1200G.jpg\",\"width\":1520,\"height\":1520},{\"@type\":\"BreadcrumbList\",\"@id\":\"https:\\\/\\\/adexa.ee\\\/toode\\\/ribasoojendi-valgustuse-ja-aevastuskaitsega-1250x315x457mm-adexa-xdhhc1200sg\\\/#breadcrumb\",\"itemListElement\":[{\"@type\":\"ListItem\",\"position\":1,\"name\":\"Home\",\"item\":\"https:\\\/\\\/adexa.ee\\\/\"},{\"@type\":\"ListItem\",\"position\":2,\"name\":\"Tooted\",\"item\":\"https:\\\/\\\/adexa.ee\\\/pood\\\/\"},{\"@type\":\"ListItem\",\"position\":3,\"name\":\"Ribasoojendi, valgustuse ja aevastuskaitsega 1250x315x457mm | Adexa XDHHC1200SG\"}]},{\"@type\":\"WebSite\",\"@id\":\"https:\\\/\\\/adexa.ee\\\/#website\",\"url\":\"https:\\\/\\\/adexa.ee\\\/\",\"name\":\"Adexa\",\"description\":\"\",\"publisher\":{\"@id\":\"https:\\\/\\\/adexa.ee\\\/#organization\"},\"potentialAction\":[{\"@type\":\"SearchAction\",\"target\":{\"@type\":\"EntryPoint\",\"urlTemplate\":\"https:\\\/\\\/adexa.ee\\\/?s={search_term_string}\"},\"query-input\":{\"@type\":\"PropertyValueSpecification\",\"valueRequired\":true,\"valueName\":\"search_term_string\"}}],\"inLanguage\":\"en-US\"},{\"@type\":\"Organization\",\"@id\":\"https:\\\/\\\/adexa.ee\\\/#organization\",\"name\":\"Adexa\",\"url\":\"https:\\\/\\\/adexa.ee\\\/\",\"logo\":{\"@type\":\"ImageObject\",\"inLanguage\":\"en-US\",\"@id\":\"https:\\\/\\\/adexa.ee\\\/#\\\/schema\\\/logo\\\/image\\\/\",\"url\":\"https:\\\/\\\/adexa.ee\\\/wp-content\\\/uploads\\\/2024\\\/04\\\/chef-cooks-working-in-professional-kitchen-2023-11-27-05-07-39-utc-scaled.jpg\",\"contentUrl\":\"https:\\\/\\\/adexa.ee\\\/wp-content\\\/uploads\\\/2024\\\/04\\\/chef-cooks-working-in-professional-kitchen-2023-11-27-05-07-39-utc-scaled.jpg\",\"width\":2560,\"height\":1708,\"caption\":\"Adexa\"},\"image\":{\"@id\":\"https:\\\/\\\/adexa.ee\\\/#\\\/schema\\\/logo\\\/image\\\/\"}}]}<\/script>\n<!-- \/ Yoast SEO plugin. -->","yoast_head_json":{"title":"Ribasoojendi, valgustuse ja aevastuskaitsega 1250x315x457mm | Adexa XDHHC1200SG - Adexa \u2013 Suurk\u00f6\u00f6giseadmed restoranidele ja toitlustusele","robots":{"index":"index","follow":"follow","max-snippet":"max-snippet:-1","max-image-preview":"max-image-preview:large","max-video-preview":"max-video-preview:-1"},"canonical":"https:\/\/adexa.ee\/toode\/ribasoojendi-valgustuse-ja-aevastuskaitsega-1250x315x457mm-adexa-xdhhc1200sg\/","og_locale":"en_US","og_type":"article","og_title":"Ribasoojendi, valgustuse ja aevastuskaitsega 1250x315x457mm | Adexa XDHHC1200SG - Adexa \u2013 Suurk\u00f6\u00f6giseadmed restoranidele ja toitlustusele","og_description":"See esmaklassiline elektriline kuumutatav \u00fchetasandiline skalaator on ideaalne igale toitlustusasutusele. Tugev roostevabast terasest konstruktsioon ja soojendatud tuled tagavad, et kokkade","og_url":"https:\/\/adexa.ee\/toode\/ribasoojendi-valgustuse-ja-aevastuskaitsega-1250x315x457mm-adexa-xdhhc1200sg\/","og_site_name":"Adexa \u2013 Suurk\u00f6\u00f6giseadmed restoranidele ja toitlustusele","og_image":[{"width":1520,"height":1520,"url":"https:\/\/adexa.ee\/wp-content\/uploads\/2024\/12\/XDHHC1200G.jpg","type":"image\/jpeg"}],"twitter_card":"summary_large_image","twitter_misc":{"Est. reading time":"1 minute"},"schema":{"@context":"https:\/\/schema.org","@graph":[{"@type":"WebPage","@id":"https:\/\/adexa.ee\/toode\/ribasoojendi-valgustuse-ja-aevastuskaitsega-1250x315x457mm-adexa-xdhhc1200sg\/","url":"https:\/\/adexa.ee\/toode\/ribasoojendi-valgustuse-ja-aevastuskaitsega-1250x315x457mm-adexa-xdhhc1200sg\/","name":"Ribasoojendi, valgustuse ja aevastuskaitsega 1250x315x457mm | Adexa XDHHC1200SG - Adexa \u2013 Suurk\u00f6\u00f6giseadmed restoranidele ja toitlustusele","isPartOf":{"@id":"https:\/\/adexa.ee\/#website"},"primaryImageOfPage":{"@id":"https:\/\/adexa.ee\/toode\/ribasoojendi-valgustuse-ja-aevastuskaitsega-1250x315x457mm-adexa-xdhhc1200sg\/#primaryimage"},"image":{"@id":"https:\/\/adexa.ee\/toode\/ribasoojendi-valgustuse-ja-aevastuskaitsega-1250x315x457mm-adexa-xdhhc1200sg\/#primaryimage"},"thumbnailUrl":"https:\/\/adexa.ee\/wp-content\/uploads\/2024\/12\/XDHHC1200G.jpg","datePublished":"2026-03-31T05:05:46+00:00","breadcrumb":{"@id":"https:\/\/adexa.ee\/toode\/ribasoojendi-valgustuse-ja-aevastuskaitsega-1250x315x457mm-adexa-xdhhc1200sg\/#breadcrumb"},"inLanguage":"en-US","potentialAction":[{"@type":"ReadAction","target":["https:\/\/adexa.ee\/toode\/ribasoojendi-valgustuse-ja-aevastuskaitsega-1250x315x457mm-adexa-xdhhc1200sg\/"]}]},{"@type":"ImageObject","inLanguage":"en-US","@id":"https:\/\/adexa.ee\/toode\/ribasoojendi-valgustuse-ja-aevastuskaitsega-1250x315x457mm-adexa-xdhhc1200sg\/#primaryimage","url":"https:\/\/adexa.ee\/wp-content\/uploads\/2024\/12\/XDHHC1200G.jpg","contentUrl":"https:\/\/adexa.ee\/wp-content\/uploads\/2024\/12\/XDHHC1200G.jpg","width":1520,"height":1520},{"@type":"BreadcrumbList","@id":"https:\/\/adexa.ee\/toode\/ribasoojendi-valgustuse-ja-aevastuskaitsega-1250x315x457mm-adexa-xdhhc1200sg\/#breadcrumb","itemListElement":[{"@type":"ListItem","position":1,"name":"Home","item":"https:\/\/adexa.ee\/"},{"@type":"ListItem","position":2,"name":"Tooted","item":"https:\/\/adexa.ee\/pood\/"},{"@type":"ListItem","position":3,"name":"Ribasoojendi, valgustuse ja aevastuskaitsega 1250x315x457mm | Adexa XDHHC1200SG"}]},{"@type":"WebSite","@id":"https:\/\/adexa.ee\/#website","url":"https:\/\/adexa.ee\/","name":"Adexa","description":"","publisher":{"@id":"https:\/\/adexa.ee\/#organization"},"potentialAction":[{"@type":"SearchAction","target":{"@type":"EntryPoint","urlTemplate":"https:\/\/adexa.ee\/?s={search_term_string}"},"query-input":{"@type":"PropertyValueSpecification","valueRequired":true,"valueName":"search_term_string"}}],"inLanguage":"en-US"},{"@type":"Organization","@id":"https:\/\/adexa.ee\/#organization","name":"Adexa","url":"https:\/\/adexa.ee\/","logo":{"@type":"ImageObject","inLanguage":"en-US","@id":"https:\/\/adexa.ee\/#\/schema\/logo\/image\/","url":"https:\/\/adexa.ee\/wp-content\/uploads\/2024\/04\/chef-cooks-working-in-professional-kitchen-2023-11-27-05-07-39-utc-scaled.jpg","contentUrl":"https:\/\/adexa.ee\/wp-content\/uploads\/2024\/04\/chef-cooks-working-in-professional-kitchen-2023-11-27-05-07-39-utc-scaled.jpg","width":2560,"height":1708,"caption":"Adexa"},"image":{"@id":"https:\/\/adexa.ee\/#\/schema\/logo\/image\/"}}]}},"_links":{"self":[{"href":"https:\/\/adexa.ee\/en\/wp-json\/wp\/v2\/product\/13137","targetHints":{"allow":["GET"]}}],"collection":[{"href":"https:\/\/adexa.ee\/en\/wp-json\/wp\/v2\/product"}],"about":[{"href":"https:\/\/adexa.ee\/en\/wp-json\/wp\/v2\/types\/product"}],"wp:featuredmedia":[{"embeddable":true,"href":"https:\/\/adexa.ee\/en\/wp-json\/wp\/v2\/media\/13139"}],"wp:attachment":[{"href":"https:\/\/adexa.ee\/en\/wp-json\/wp\/v2\/media?parent=13137"}],"wp:term":[{"taxonomy":"product_brand","embeddable":true,"href":"https:\/\/adexa.ee\/en\/wp-json\/wp\/v2\/product_brand?post=13137"},{"taxonomy":"product_cat","embeddable":true,"href":"https:\/\/adexa.ee\/en\/wp-json\/wp\/v2\/product_cat?post=13137"},{"taxonomy":"product_tag","embeddable":true,"href":"https:\/\/adexa.ee\/en\/wp-json\/wp\/v2\/product_tag?post=13137"}],"curies":[{"name":"wp","href":"https:\/\/api.w.org\/{rel}","templated":true}]}}