{"id":13173,"date":"2026-03-31T08:05:47","date_gmt":"2026-03-31T05:05:47","guid":{"rendered":"https:\/\/adexa.ee\/toode\/1476lt-roostevabast-terasest-kulmhoidla-kahese-uksega-gn2-1-ventileeritud-jahutus-adexa-f1400v\/"},"modified":"2026-03-31T08:05:48","modified_gmt":"2026-03-31T05:05:48","slug":"1476lt-roostevabast-terasest-sugavkulmik-kahe-uksega-gn2-1-ventileeritud-jahutus-adexa-f1400v","status":"publish","type":"product","link":"https:\/\/adexa.ee\/en\/toode\/1476lt-roostevabast-terasest-sugavkulmik-kahe-uksega-gn2-1-ventileeritud-jahutus-adexa-f1400v\/","title":{"rendered":"1476lt Roostevabast Terasest Sugavk\u00fclmik Kahe Uksega GN2\/1 Ventileeritud Jahutus | Adexa F1400V"},"content":{"rendered":"<p>Premium kahese uksega kommertsk\u00fclmik restoranidele, hotellidele ja keskmise kuni suurema suurusega toitlustusasutustele. Praegu suurep\u00e4rane sooduspakkumine. CFC-vaba k\u00fclmaaine ja vahtVentileeritud jahutus optimaalse \u00f5huringluse tagamiseksT\u00e4ielik sise- ja v\u00e4liskonstruktsioon AISI 304 roostevabast terasest, \u00fcmara sisemusega lihtsaks puhastamiseks60mm isolatsiooni paksus parema energiat\u00f5hususe saavutamiseksAutomaatne sulatamine ja kondensvee automaatne aurustamineElektrooniline termostaat ja digitaalne LED-temperatuurin\u00e4idik t\u00e4pseks juhtimiseks ja lihtsaks lugemiseksIse sulguv uksMagnetiline tihend vahetatav ilma t\u00f6\u00f6riistadetaRiiulid ja riiulitoed on disainitud mahutama 2 x GN1\/1 kandikut v\u00f5i konteineritRatastega varustatudV\u00e4lism\u00f5\u00f5tmed: 1480 x 830 x 2010mmSisem\u00f5\u00f5tmed: 1364 x 700 x 1397mmMaht: 1476 liitritTemperatuur: -18\u00b0C kuni -20\u00b0C6 riiulitToiteallikas: 230V \/ 1N \/ 50HzStandardne UK pistikKomplekti DokumendidKl\u00f5psake siin, et alla laadida KasutusjuhendKl\u00f5psake siin, et alla laadida Energiaga SildidKl\u00f5psake siin, et alla laadida L\u00f5hike ViewKl\u00f5psake siin, et alla laadida Varuosade NimekiriKl\u00f5psake siin, et alla laadida CE VastavusdeklaratsioonVaadake &#8216;Spetsifikatsioonide&#8217; all \u00fcksikasjalikumat teavet.<\/p>\n<table style=\"border-collapse: collapse; width: 100%; text-align: left;\">\n<tbody>\n<tr>\n<td style=\"border: 1px solid #ddd; padding: 8px; width: 45%;\"><strong>S\u00fcgavus<\/strong><\/td>\n<td style=\"border: 1px solid #ddd; padding: 8px;\">830 mm<\/td>\n<\/tr>\n<tr>\n<td style=\"border: 1px solid #ddd; padding: 8px; width: 45%;\"><strong>K\u00f5rgus<\/strong><\/td>\n<td style=\"border: 1px solid #ddd; padding: 8px;\">2010 mm<\/td>\n<\/tr>\n<tr>\n<td style=\"border: 1px solid #ddd; padding: 8px; width: 45%;\"><strong>Laius<\/strong><\/td>\n<td style=\"border: 1px solid #ddd; padding: 8px;\">1480 mm<\/td>\n<\/tr>\n<tr>\n<td style=\"border: 1px solid #ddd; padding: 8px; width: 45%;\"><strong>Kaal<\/strong><\/td>\n<td style=\"border: 1px solid #ddd; padding: 8px;\">201 kg<\/td>\n<\/tr>\n<tr>\n<td style=\"border: 1px solid #ddd; padding: 8px; width: 45%;\"><strong>Garantii<\/strong><\/td>\n<td style=\"border: 1px solid #ddd; padding: 8px;\">12 kuu varuosade garantii<\/td>\n<\/tr>\n<tr>\n<td style=\"border: 1px solid #ddd; padding: 8px; width: 45%;\"><strong>Mahutavus<\/strong><\/td>\n<td style=\"border: 1px solid #ddd; padding: 8px;\">1476 liitrit<\/td>\n<\/tr>\n<tr>\n<td style=\"border: 1px solid #ddd; padding: 8px; width: 45%;\"><strong>Toiteallikas<\/strong><\/td>\n<td style=\"border: 1px solid #ddd; padding: 8px;\">230V \/ 1 faas<\/td>\n<\/tr>\n<tr>\n<td style=\"border: 1px solid #ddd; padding: 8px; width: 45%;\"><strong>Riiulid<\/strong><\/td>\n<td style=\"border: 1px solid #ddd; padding: 8px;\">6<\/td>\n<\/tr>\n<tr>\n<td style=\"border: 1px solid #ddd; padding: 8px; width: 45%;\"><strong>K\u00f5rgus (sisemine)<\/strong><\/td>\n<td style=\"border: 1px solid #ddd; padding: 8px;\">1397 mm<\/td>\n<\/tr>\n<tr>\n<td style=\"border: 1px solid #ddd; padding: 8px; width: 45%;\"><strong>Temperatuur<\/strong><\/td>\n<td style=\"border: 1px solid #ddd; padding: 8px;\">-18\u00b0C kuni -20\u00b0C<\/td>\n<\/tr>\n<tr>\n<td style=\"border: 1px solid #ddd; padding: 8px; width: 45%;\"><strong>Laius (sisemine)<\/strong><\/td>\n<td style=\"border: 1px solid #ddd; padding: 8px;\">1364 mm<\/td>\n<\/tr>\n<tr>\n<td style=\"border: 1px solid #ddd; padding: 8px; width: 45%;\"><strong>S\u00fcgavus (sisemine)<\/strong><\/td>\n<td style=\"border: 1px solid #ddd; padding: 8px;\">700mm<\/td>\n<\/tr>\n<tr>\n<td style=\"border: 1px solid #ddd; padding: 8px; width: 45%;\"><strong>K\u00fclmaaine<\/strong><\/td>\n<td style=\"border: 1px solid #ddd; padding: 8px;\">R290<\/td>\n<\/tr>\n<\/tbody>\n<\/table>\n","protected":false},"excerpt":{"rendered":"<p>Premium kahese uksega kommertsk\u00fclmik restoranidele, hotellidele ja keskmise kuni suurema suurusega toitlustusasutustele. Praegu suurep\u00e4rane sooduspakkumine. CFC-vaba k\u00fclmaaine ja vahtVentileeritud jahutus<\/p>\n","protected":false},"featured_media":11858,"template":"","meta":[],"product_brand":[],"product_cat":[564,932],"product_tag":[],"class_list":{"0":"post-13173","1":"product","2":"type-product","3":"status-publish","4":"has-post-thumbnail","6":"product_cat-jahutusseadmed","7":"product_cat-sugavkulmikud","9":"first","10":"instock","11":"sale","12":"taxable","13":"shipping-taxable","14":"purchasable","15":"product-type-simple"},"yoast_head":"<!-- This site is optimized with the Yoast SEO plugin v27.3 - https:\/\/yoast.com\/product\/yoast-seo-wordpress\/ -->\n<title>1476lt Roostevabast Terasest Sugavk\u00fclmik Kahe Uksega GN2\/1 Ventileeritud Jahutus | Adexa F1400V - Adexa \u2013 Suurk\u00f6\u00f6giseadmed restoranidele ja toitlustusele<\/title>\n<meta name=\"robots\" content=\"index, follow, max-snippet:-1, max-image-preview:large, max-video-preview:-1\" \/>\n<link rel=\"canonical\" href=\"https:\/\/adexa.ee\/toode\/1476lt-roostevabast-terasest-sugavkulmik-kahe-uksega-gn2-1-ventileeritud-jahutus-adexa-f1400v\/\" \/>\n<meta property=\"og:locale\" content=\"en_US\" \/>\n<meta property=\"og:type\" content=\"article\" \/>\n<meta property=\"og:title\" content=\"1476lt Roostevabast Terasest Sugavk\u00fclmik Kahe Uksega GN2\/1 Ventileeritud Jahutus | Adexa F1400V - Adexa \u2013 Suurk\u00f6\u00f6giseadmed restoranidele ja toitlustusele\" \/>\n<meta property=\"og:description\" content=\"Premium kahese uksega kommertsk\u00fclmik restoranidele, hotellidele ja keskmise kuni suurema suurusega toitlustusasutustele. Praegu suurep\u00e4rane sooduspakkumine. CFC-vaba k\u00fclmaaine ja vahtVentileeritud jahutus\" \/>\n<meta property=\"og:url\" content=\"https:\/\/adexa.ee\/toode\/1476lt-roostevabast-terasest-sugavkulmik-kahe-uksega-gn2-1-ventileeritud-jahutus-adexa-f1400v\/\" \/>\n<meta property=\"og:site_name\" content=\"Adexa \u2013 Suurk\u00f6\u00f6giseadmed restoranidele ja toitlustusele\" \/>\n<meta property=\"article:modified_time\" content=\"2026-03-31T05:05:48+00:00\" \/>\n<meta property=\"og:image\" content=\"https:\/\/adexa.ee\/wp-content\/uploads\/2024\/12\/R1200-F1200.jpg\" \/>\n\t<meta property=\"og:image:width\" content=\"2000\" \/>\n\t<meta property=\"og:image:height\" content=\"2000\" \/>\n\t<meta property=\"og:image:type\" content=\"image\/jpeg\" \/>\n<meta name=\"twitter:card\" content=\"summary_large_image\" \/>\n<meta name=\"twitter:label1\" content=\"Est. reading time\" \/>\n\t<meta name=\"twitter:data1\" content=\"1 minute\" \/>\n<script type=\"application\/ld+json\" class=\"yoast-schema-graph\">{\"@context\":\"https:\\\/\\\/schema.org\",\"@graph\":[{\"@type\":\"WebPage\",\"@id\":\"https:\\\/\\\/adexa.ee\\\/toode\\\/1476lt-roostevabast-terasest-sugavkulmik-kahe-uksega-gn2-1-ventileeritud-jahutus-adexa-f1400v\\\/\",\"url\":\"https:\\\/\\\/adexa.ee\\\/toode\\\/1476lt-roostevabast-terasest-sugavkulmik-kahe-uksega-gn2-1-ventileeritud-jahutus-adexa-f1400v\\\/\",\"name\":\"1476lt Roostevabast Terasest Sugavk\u00fclmik Kahe Uksega GN2\\\/1 Ventileeritud Jahutus | Adexa F1400V - Adexa \u2013 Suurk\u00f6\u00f6giseadmed restoranidele ja toitlustusele\",\"isPartOf\":{\"@id\":\"https:\\\/\\\/adexa.ee\\\/#website\"},\"primaryImageOfPage\":{\"@id\":\"https:\\\/\\\/adexa.ee\\\/toode\\\/1476lt-roostevabast-terasest-sugavkulmik-kahe-uksega-gn2-1-ventileeritud-jahutus-adexa-f1400v\\\/#primaryimage\"},\"image\":{\"@id\":\"https:\\\/\\\/adexa.ee\\\/toode\\\/1476lt-roostevabast-terasest-sugavkulmik-kahe-uksega-gn2-1-ventileeritud-jahutus-adexa-f1400v\\\/#primaryimage\"},\"thumbnailUrl\":\"https:\\\/\\\/adexa.ee\\\/wp-content\\\/uploads\\\/2024\\\/12\\\/R1200-F1200.jpg\",\"datePublished\":\"2026-03-31T05:05:47+00:00\",\"dateModified\":\"2026-03-31T05:05:48+00:00\",\"breadcrumb\":{\"@id\":\"https:\\\/\\\/adexa.ee\\\/toode\\\/1476lt-roostevabast-terasest-sugavkulmik-kahe-uksega-gn2-1-ventileeritud-jahutus-adexa-f1400v\\\/#breadcrumb\"},\"inLanguage\":\"en-US\",\"potentialAction\":[{\"@type\":\"ReadAction\",\"target\":[\"https:\\\/\\\/adexa.ee\\\/toode\\\/1476lt-roostevabast-terasest-sugavkulmik-kahe-uksega-gn2-1-ventileeritud-jahutus-adexa-f1400v\\\/\"]}]},{\"@type\":\"ImageObject\",\"inLanguage\":\"en-US\",\"@id\":\"https:\\\/\\\/adexa.ee\\\/toode\\\/1476lt-roostevabast-terasest-sugavkulmik-kahe-uksega-gn2-1-ventileeritud-jahutus-adexa-f1400v\\\/#primaryimage\",\"url\":\"https:\\\/\\\/adexa.ee\\\/wp-content\\\/uploads\\\/2024\\\/12\\\/R1200-F1200.jpg\",\"contentUrl\":\"https:\\\/\\\/adexa.ee\\\/wp-content\\\/uploads\\\/2024\\\/12\\\/R1200-F1200.jpg\",\"width\":2000,\"height\":2000},{\"@type\":\"BreadcrumbList\",\"@id\":\"https:\\\/\\\/adexa.ee\\\/toode\\\/1476lt-roostevabast-terasest-sugavkulmik-kahe-uksega-gn2-1-ventileeritud-jahutus-adexa-f1400v\\\/#breadcrumb\",\"itemListElement\":[{\"@type\":\"ListItem\",\"position\":1,\"name\":\"Home\",\"item\":\"https:\\\/\\\/adexa.ee\\\/\"},{\"@type\":\"ListItem\",\"position\":2,\"name\":\"Tooted\",\"item\":\"https:\\\/\\\/adexa.ee\\\/pood\\\/\"},{\"@type\":\"ListItem\",\"position\":3,\"name\":\"1476lt Roostevabast Terasest Sugavk\u00fclmik Kahe Uksega GN2\\\/1 Ventileeritud Jahutus | Adexa F1400V\"}]},{\"@type\":\"WebSite\",\"@id\":\"https:\\\/\\\/adexa.ee\\\/#website\",\"url\":\"https:\\\/\\\/adexa.ee\\\/\",\"name\":\"Adexa\",\"description\":\"\",\"publisher\":{\"@id\":\"https:\\\/\\\/adexa.ee\\\/#organization\"},\"potentialAction\":[{\"@type\":\"SearchAction\",\"target\":{\"@type\":\"EntryPoint\",\"urlTemplate\":\"https:\\\/\\\/adexa.ee\\\/?s={search_term_string}\"},\"query-input\":{\"@type\":\"PropertyValueSpecification\",\"valueRequired\":true,\"valueName\":\"search_term_string\"}}],\"inLanguage\":\"en-US\"},{\"@type\":\"Organization\",\"@id\":\"https:\\\/\\\/adexa.ee\\\/#organization\",\"name\":\"Adexa\",\"url\":\"https:\\\/\\\/adexa.ee\\\/\",\"logo\":{\"@type\":\"ImageObject\",\"inLanguage\":\"en-US\",\"@id\":\"https:\\\/\\\/adexa.ee\\\/#\\\/schema\\\/logo\\\/image\\\/\",\"url\":\"https:\\\/\\\/adexa.ee\\\/wp-content\\\/uploads\\\/2024\\\/04\\\/chef-cooks-working-in-professional-kitchen-2023-11-27-05-07-39-utc-scaled.jpg\",\"contentUrl\":\"https:\\\/\\\/adexa.ee\\\/wp-content\\\/uploads\\\/2024\\\/04\\\/chef-cooks-working-in-professional-kitchen-2023-11-27-05-07-39-utc-scaled.jpg\",\"width\":2560,\"height\":1708,\"caption\":\"Adexa\"},\"image\":{\"@id\":\"https:\\\/\\\/adexa.ee\\\/#\\\/schema\\\/logo\\\/image\\\/\"}}]}<\/script>\n<!-- \/ Yoast SEO plugin. -->","yoast_head_json":{"title":"1476lt Roostevabast Terasest Sugavk\u00fclmik Kahe Uksega GN2\/1 Ventileeritud Jahutus | Adexa F1400V - Adexa \u2013 Suurk\u00f6\u00f6giseadmed restoranidele ja toitlustusele","robots":{"index":"index","follow":"follow","max-snippet":"max-snippet:-1","max-image-preview":"max-image-preview:large","max-video-preview":"max-video-preview:-1"},"canonical":"https:\/\/adexa.ee\/toode\/1476lt-roostevabast-terasest-sugavkulmik-kahe-uksega-gn2-1-ventileeritud-jahutus-adexa-f1400v\/","og_locale":"en_US","og_type":"article","og_title":"1476lt Roostevabast Terasest Sugavk\u00fclmik Kahe Uksega GN2\/1 Ventileeritud Jahutus | Adexa F1400V - Adexa \u2013 Suurk\u00f6\u00f6giseadmed restoranidele ja toitlustusele","og_description":"Premium kahese uksega kommertsk\u00fclmik restoranidele, hotellidele ja keskmise kuni suurema suurusega toitlustusasutustele. Praegu suurep\u00e4rane sooduspakkumine. CFC-vaba k\u00fclmaaine ja vahtVentileeritud jahutus","og_url":"https:\/\/adexa.ee\/toode\/1476lt-roostevabast-terasest-sugavkulmik-kahe-uksega-gn2-1-ventileeritud-jahutus-adexa-f1400v\/","og_site_name":"Adexa \u2013 Suurk\u00f6\u00f6giseadmed restoranidele ja toitlustusele","article_modified_time":"2026-03-31T05:05:48+00:00","og_image":[{"width":2000,"height":2000,"url":"https:\/\/adexa.ee\/wp-content\/uploads\/2024\/12\/R1200-F1200.jpg","type":"image\/jpeg"}],"twitter_card":"summary_large_image","twitter_misc":{"Est. reading time":"1 minute"},"schema":{"@context":"https:\/\/schema.org","@graph":[{"@type":"WebPage","@id":"https:\/\/adexa.ee\/toode\/1476lt-roostevabast-terasest-sugavkulmik-kahe-uksega-gn2-1-ventileeritud-jahutus-adexa-f1400v\/","url":"https:\/\/adexa.ee\/toode\/1476lt-roostevabast-terasest-sugavkulmik-kahe-uksega-gn2-1-ventileeritud-jahutus-adexa-f1400v\/","name":"1476lt Roostevabast Terasest Sugavk\u00fclmik Kahe Uksega GN2\/1 Ventileeritud Jahutus | Adexa F1400V - Adexa \u2013 Suurk\u00f6\u00f6giseadmed restoranidele ja toitlustusele","isPartOf":{"@id":"https:\/\/adexa.ee\/#website"},"primaryImageOfPage":{"@id":"https:\/\/adexa.ee\/toode\/1476lt-roostevabast-terasest-sugavkulmik-kahe-uksega-gn2-1-ventileeritud-jahutus-adexa-f1400v\/#primaryimage"},"image":{"@id":"https:\/\/adexa.ee\/toode\/1476lt-roostevabast-terasest-sugavkulmik-kahe-uksega-gn2-1-ventileeritud-jahutus-adexa-f1400v\/#primaryimage"},"thumbnailUrl":"https:\/\/adexa.ee\/wp-content\/uploads\/2024\/12\/R1200-F1200.jpg","datePublished":"2026-03-31T05:05:47+00:00","dateModified":"2026-03-31T05:05:48+00:00","breadcrumb":{"@id":"https:\/\/adexa.ee\/toode\/1476lt-roostevabast-terasest-sugavkulmik-kahe-uksega-gn2-1-ventileeritud-jahutus-adexa-f1400v\/#breadcrumb"},"inLanguage":"en-US","potentialAction":[{"@type":"ReadAction","target":["https:\/\/adexa.ee\/toode\/1476lt-roostevabast-terasest-sugavkulmik-kahe-uksega-gn2-1-ventileeritud-jahutus-adexa-f1400v\/"]}]},{"@type":"ImageObject","inLanguage":"en-US","@id":"https:\/\/adexa.ee\/toode\/1476lt-roostevabast-terasest-sugavkulmik-kahe-uksega-gn2-1-ventileeritud-jahutus-adexa-f1400v\/#primaryimage","url":"https:\/\/adexa.ee\/wp-content\/uploads\/2024\/12\/R1200-F1200.jpg","contentUrl":"https:\/\/adexa.ee\/wp-content\/uploads\/2024\/12\/R1200-F1200.jpg","width":2000,"height":2000},{"@type":"BreadcrumbList","@id":"https:\/\/adexa.ee\/toode\/1476lt-roostevabast-terasest-sugavkulmik-kahe-uksega-gn2-1-ventileeritud-jahutus-adexa-f1400v\/#breadcrumb","itemListElement":[{"@type":"ListItem","position":1,"name":"Home","item":"https:\/\/adexa.ee\/"},{"@type":"ListItem","position":2,"name":"Tooted","item":"https:\/\/adexa.ee\/pood\/"},{"@type":"ListItem","position":3,"name":"1476lt Roostevabast Terasest Sugavk\u00fclmik Kahe Uksega GN2\/1 Ventileeritud Jahutus | Adexa F1400V"}]},{"@type":"WebSite","@id":"https:\/\/adexa.ee\/#website","url":"https:\/\/adexa.ee\/","name":"Adexa","description":"","publisher":{"@id":"https:\/\/adexa.ee\/#organization"},"potentialAction":[{"@type":"SearchAction","target":{"@type":"EntryPoint","urlTemplate":"https:\/\/adexa.ee\/?s={search_term_string}"},"query-input":{"@type":"PropertyValueSpecification","valueRequired":true,"valueName":"search_term_string"}}],"inLanguage":"en-US"},{"@type":"Organization","@id":"https:\/\/adexa.ee\/#organization","name":"Adexa","url":"https:\/\/adexa.ee\/","logo":{"@type":"ImageObject","inLanguage":"en-US","@id":"https:\/\/adexa.ee\/#\/schema\/logo\/image\/","url":"https:\/\/adexa.ee\/wp-content\/uploads\/2024\/04\/chef-cooks-working-in-professional-kitchen-2023-11-27-05-07-39-utc-scaled.jpg","contentUrl":"https:\/\/adexa.ee\/wp-content\/uploads\/2024\/04\/chef-cooks-working-in-professional-kitchen-2023-11-27-05-07-39-utc-scaled.jpg","width":2560,"height":1708,"caption":"Adexa"},"image":{"@id":"https:\/\/adexa.ee\/#\/schema\/logo\/image\/"}}]}},"_links":{"self":[{"href":"https:\/\/adexa.ee\/en\/wp-json\/wp\/v2\/product\/13173","targetHints":{"allow":["GET"]}}],"collection":[{"href":"https:\/\/adexa.ee\/en\/wp-json\/wp\/v2\/product"}],"about":[{"href":"https:\/\/adexa.ee\/en\/wp-json\/wp\/v2\/types\/product"}],"wp:featuredmedia":[{"embeddable":true,"href":"https:\/\/adexa.ee\/en\/wp-json\/wp\/v2\/media\/11858"}],"wp:attachment":[{"href":"https:\/\/adexa.ee\/en\/wp-json\/wp\/v2\/media?parent=13173"}],"wp:term":[{"taxonomy":"product_brand","embeddable":true,"href":"https:\/\/adexa.ee\/en\/wp-json\/wp\/v2\/product_brand?post=13173"},{"taxonomy":"product_cat","embeddable":true,"href":"https:\/\/adexa.ee\/en\/wp-json\/wp\/v2\/product_cat?post=13173"},{"taxonomy":"product_tag","embeddable":true,"href":"https:\/\/adexa.ee\/en\/wp-json\/wp\/v2\/product_tag?post=13173"}],"curies":[{"name":"wp","href":"https:\/\/api.w.org\/{rel}","templated":true}]}}