{"id":13202,"date":"2026-03-26T09:55:38","date_gmt":"2026-03-26T07:55:38","guid":{"rendered":"https:\/\/adexa.ee\/toode\/lamineeritud-ruudukujuline-lauaplaat-pooratav-mahagon-must-24x24-adexa-tt2424mb\/"},"modified":"2026-03-26T09:55:43","modified_gmt":"2026-03-26T07:55:43","slug":"lamineeritud-ruudukujuline-lauaplaat-pooratav-mahagon-must-24x24-adexa-tt2424mb","status":"publish","type":"product","link":"https:\/\/adexa.ee\/en\/toode\/lamineeritud-ruudukujuline-lauaplaat-pooratav-mahagon-must-24x24-adexa-tt2424mb\/","title":{"rendered":"Lamineeritud ruudukujuline lauaplaat P\u00f6\u00f6ratav mahagon &#038; must 24&#215;24&#8221; | Adexa TT2424MB"},"content":{"rendered":"<p>H\u00e4\u00e4lesta oma asutuse sisekujundus v\u00f5i v\u00e4rviskeem lihtsalt selle p\u00f6\u00f6ratava lauaplaadiga. Sellel tootel on 24\u201d x 24\u201d disain, mis v\u00f5imaldab mugavalt paigutada kaks k\u00fclalist, v\u00f5tmata samas teie m\u00fc\u00fcgipinna alast palju ruumi. T\u00e4nu lamineeritud materjalidele on seda lauaplaati lihtne puhastada. Lauaplaadil on p\u00f6\u00f6ratav disain, mis v\u00f5imaldab valida kahe poole vahel. Lisaks on see valmistatud vastupidavatest lamineeritud materjalidest, mis kindlustavad pikaajalise kasutuse teie restoranis v\u00f5i delis. Laua mustad PVC-\u00e4\u00e4rised kaitsevad seda ebameeldiva l\u00f5henemise ja kriimustuste eest, hoides laua atraktiivse \u00fcldilme ka tavalise kulumise korral.<\/p>\n<table style=\"border-collapse: collapse; width: 100%; text-align: left;\">\n<tbody>\n<tr>\n<td style=\"border: 1px solid #ddd; padding: 8px; width: 45%;\"><strong>S\u00fcgavus<\/strong><\/td>\n<td style=\"border: 1px solid #ddd; padding: 8px;\">24&#8221; \/ 610mm<\/td>\n<\/tr>\n<tr>\n<td style=\"border: 1px solid #ddd; padding: 8px; width: 45%;\"><strong>Kaal<\/strong><\/td>\n<td style=\"border: 1px solid #ddd; padding: 8px;\">9 kg<\/td>\n<\/tr>\n<tr>\n<td style=\"border: 1px solid #ddd; padding: 8px; width: 45%;\"><strong>Garantii<\/strong><\/td>\n<td style=\"border: 1px solid #ddd; padding: 8px;\">12 kuu varuosade garantii<\/td>\n<\/tr>\n<tr>\n<td style=\"border: 1px solid #ddd; padding: 8px; width: 45%;\"><strong>Materjal<\/strong><\/td>\n<td style=\"border: 1px solid #ddd; padding: 8px;\">Lamineeritud<\/td>\n<\/tr>\n<tr>\n<td style=\"border: 1px solid #ddd; padding: 8px; width: 45%;\"><strong>V\u00e4rv<\/strong><\/td>\n<td style=\"border: 1px solid #ddd; padding: 8px;\">Mahagon ja must<\/td>\n<\/tr>\n<tr>\n<td style=\"border: 1px solid #ddd; padding: 8px; width: 45%;\"><strong>Paksus<\/strong><\/td>\n<td style=\"border: 1px solid #ddd; padding: 8px;\">1&#8221; \/ 25 mm<\/td>\n<\/tr>\n<\/tbody>\n<\/table>\n","protected":false},"excerpt":{"rendered":"<p>H\u00e4\u00e4lesta oma asutuse sisekujundus v\u00f5i v\u00e4rviskeem lihtsalt selle p\u00f6\u00f6ratava lauaplaadiga. Sellel tootel on 24\u201d x 24\u201d disain, mis v\u00f5imaldab mugavalt<\/p>\n","protected":false},"featured_media":13204,"template":"","meta":[],"product_brand":[],"product_cat":[562,563,561],"product_tag":[],"class_list":{"0":"post-13202","1":"product","2":"type-product","3":"status-publish","4":"has-post-thumbnail","6":"product_cat-bistroo-ja-soogilauad","7":"product_cat-lauaplaadid","8":"product_cat-moobel-ja-hoiustamine","10":"first","11":"instock","12":"sale","13":"taxable","14":"shipping-taxable","15":"purchasable","16":"product-type-simple"},"yoast_head":"<!-- This site is optimized with the Yoast SEO plugin v27.3 - https:\/\/yoast.com\/product\/yoast-seo-wordpress\/ -->\n<title>Lamineeritud ruudukujuline lauaplaat P\u00f6\u00f6ratav mahagon &amp; must 24x24&#039;&#039; | Adexa TT2424MB - Adexa \u2013 Suurk\u00f6\u00f6giseadmed restoranidele ja toitlustusele<\/title>\n<meta name=\"robots\" content=\"index, follow, max-snippet:-1, max-image-preview:large, max-video-preview:-1\" \/>\n<link rel=\"canonical\" href=\"https:\/\/adexa.ee\/toode\/lamineeritud-ruudukujuline-lauaplaat-pooratav-mahagon-must-24x24-adexa-tt2424mb\/\" \/>\n<meta property=\"og:locale\" content=\"en_US\" \/>\n<meta property=\"og:type\" content=\"article\" \/>\n<meta property=\"og:title\" content=\"Lamineeritud ruudukujuline lauaplaat P\u00f6\u00f6ratav mahagon &amp; must 24x24&#039;&#039; | Adexa TT2424MB - Adexa \u2013 Suurk\u00f6\u00f6giseadmed restoranidele ja toitlustusele\" \/>\n<meta property=\"og:description\" content=\"H\u00e4\u00e4lesta oma asutuse sisekujundus v\u00f5i v\u00e4rviskeem lihtsalt selle p\u00f6\u00f6ratava lauaplaadiga. Sellel tootel on 24\u201d x 24\u201d disain, mis v\u00f5imaldab mugavalt\" \/>\n<meta property=\"og:url\" content=\"https:\/\/adexa.ee\/toode\/lamineeritud-ruudukujuline-lauaplaat-pooratav-mahagon-must-24x24-adexa-tt2424mb\/\" \/>\n<meta property=\"og:site_name\" content=\"Adexa \u2013 Suurk\u00f6\u00f6giseadmed restoranidele ja toitlustusele\" \/>\n<meta property=\"article:modified_time\" content=\"2026-03-26T07:55:43+00:00\" \/>\n<meta property=\"og:image\" content=\"https:\/\/adexa.ee\/wp-content\/uploads\/2024\/12\/TT2424MB-.jpg\" \/>\n\t<meta property=\"og:image:width\" content=\"2000\" \/>\n\t<meta property=\"og:image:height\" content=\"2000\" \/>\n\t<meta property=\"og:image:type\" content=\"image\/jpeg\" \/>\n<meta name=\"twitter:card\" content=\"summary_large_image\" \/>\n<meta name=\"twitter:label1\" content=\"Est. reading time\" \/>\n\t<meta name=\"twitter:data1\" content=\"1 minute\" \/>\n<script type=\"application\/ld+json\" class=\"yoast-schema-graph\">{\"@context\":\"https:\\\/\\\/schema.org\",\"@graph\":[{\"@type\":\"WebPage\",\"@id\":\"https:\\\/\\\/adexa.ee\\\/toode\\\/lamineeritud-ruudukujuline-lauaplaat-pooratav-mahagon-must-24x24-adexa-tt2424mb\\\/\",\"url\":\"https:\\\/\\\/adexa.ee\\\/toode\\\/lamineeritud-ruudukujuline-lauaplaat-pooratav-mahagon-must-24x24-adexa-tt2424mb\\\/\",\"name\":\"Lamineeritud ruudukujuline lauaplaat P\u00f6\u00f6ratav mahagon & must 24x24'' | Adexa TT2424MB - Adexa \u2013 Suurk\u00f6\u00f6giseadmed restoranidele ja toitlustusele\",\"isPartOf\":{\"@id\":\"https:\\\/\\\/adexa.ee\\\/#website\"},\"primaryImageOfPage\":{\"@id\":\"https:\\\/\\\/adexa.ee\\\/toode\\\/lamineeritud-ruudukujuline-lauaplaat-pooratav-mahagon-must-24x24-adexa-tt2424mb\\\/#primaryimage\"},\"image\":{\"@id\":\"https:\\\/\\\/adexa.ee\\\/toode\\\/lamineeritud-ruudukujuline-lauaplaat-pooratav-mahagon-must-24x24-adexa-tt2424mb\\\/#primaryimage\"},\"thumbnailUrl\":\"https:\\\/\\\/adexa.ee\\\/wp-content\\\/uploads\\\/2024\\\/12\\\/TT2424MB-.jpg\",\"datePublished\":\"2026-03-26T07:55:38+00:00\",\"dateModified\":\"2026-03-26T07:55:43+00:00\",\"breadcrumb\":{\"@id\":\"https:\\\/\\\/adexa.ee\\\/toode\\\/lamineeritud-ruudukujuline-lauaplaat-pooratav-mahagon-must-24x24-adexa-tt2424mb\\\/#breadcrumb\"},\"inLanguage\":\"en-US\",\"potentialAction\":[{\"@type\":\"ReadAction\",\"target\":[\"https:\\\/\\\/adexa.ee\\\/toode\\\/lamineeritud-ruudukujuline-lauaplaat-pooratav-mahagon-must-24x24-adexa-tt2424mb\\\/\"]}]},{\"@type\":\"ImageObject\",\"inLanguage\":\"en-US\",\"@id\":\"https:\\\/\\\/adexa.ee\\\/toode\\\/lamineeritud-ruudukujuline-lauaplaat-pooratav-mahagon-must-24x24-adexa-tt2424mb\\\/#primaryimage\",\"url\":\"https:\\\/\\\/adexa.ee\\\/wp-content\\\/uploads\\\/2024\\\/12\\\/TT2424MB-.jpg\",\"contentUrl\":\"https:\\\/\\\/adexa.ee\\\/wp-content\\\/uploads\\\/2024\\\/12\\\/TT2424MB-.jpg\",\"width\":2000,\"height\":2000},{\"@type\":\"BreadcrumbList\",\"@id\":\"https:\\\/\\\/adexa.ee\\\/toode\\\/lamineeritud-ruudukujuline-lauaplaat-pooratav-mahagon-must-24x24-adexa-tt2424mb\\\/#breadcrumb\",\"itemListElement\":[{\"@type\":\"ListItem\",\"position\":1,\"name\":\"Home\",\"item\":\"https:\\\/\\\/adexa.ee\\\/\"},{\"@type\":\"ListItem\",\"position\":2,\"name\":\"Tooted\",\"item\":\"https:\\\/\\\/adexa.ee\\\/pood\\\/\"},{\"@type\":\"ListItem\",\"position\":3,\"name\":\"Lamineeritud ruudukujuline lauaplaat P\u00f6\u00f6ratav mahagon &#038; must 24&#215;24&#8221; | Adexa TT2424MB\"}]},{\"@type\":\"WebSite\",\"@id\":\"https:\\\/\\\/adexa.ee\\\/#website\",\"url\":\"https:\\\/\\\/adexa.ee\\\/\",\"name\":\"Adexa\",\"description\":\"\",\"publisher\":{\"@id\":\"https:\\\/\\\/adexa.ee\\\/#organization\"},\"potentialAction\":[{\"@type\":\"SearchAction\",\"target\":{\"@type\":\"EntryPoint\",\"urlTemplate\":\"https:\\\/\\\/adexa.ee\\\/?s={search_term_string}\"},\"query-input\":{\"@type\":\"PropertyValueSpecification\",\"valueRequired\":true,\"valueName\":\"search_term_string\"}}],\"inLanguage\":\"en-US\"},{\"@type\":\"Organization\",\"@id\":\"https:\\\/\\\/adexa.ee\\\/#organization\",\"name\":\"Adexa\",\"url\":\"https:\\\/\\\/adexa.ee\\\/\",\"logo\":{\"@type\":\"ImageObject\",\"inLanguage\":\"en-US\",\"@id\":\"https:\\\/\\\/adexa.ee\\\/#\\\/schema\\\/logo\\\/image\\\/\",\"url\":\"https:\\\/\\\/adexa.ee\\\/wp-content\\\/uploads\\\/2024\\\/04\\\/chef-cooks-working-in-professional-kitchen-2023-11-27-05-07-39-utc-scaled.jpg\",\"contentUrl\":\"https:\\\/\\\/adexa.ee\\\/wp-content\\\/uploads\\\/2024\\\/04\\\/chef-cooks-working-in-professional-kitchen-2023-11-27-05-07-39-utc-scaled.jpg\",\"width\":2560,\"height\":1708,\"caption\":\"Adexa\"},\"image\":{\"@id\":\"https:\\\/\\\/adexa.ee\\\/#\\\/schema\\\/logo\\\/image\\\/\"}}]}<\/script>\n<!-- \/ Yoast SEO plugin. -->","yoast_head_json":{"title":"Lamineeritud ruudukujuline lauaplaat P\u00f6\u00f6ratav mahagon & must 24x24'' | Adexa TT2424MB - Adexa \u2013 Suurk\u00f6\u00f6giseadmed restoranidele ja toitlustusele","robots":{"index":"index","follow":"follow","max-snippet":"max-snippet:-1","max-image-preview":"max-image-preview:large","max-video-preview":"max-video-preview:-1"},"canonical":"https:\/\/adexa.ee\/toode\/lamineeritud-ruudukujuline-lauaplaat-pooratav-mahagon-must-24x24-adexa-tt2424mb\/","og_locale":"en_US","og_type":"article","og_title":"Lamineeritud ruudukujuline lauaplaat P\u00f6\u00f6ratav mahagon & must 24x24'' | Adexa TT2424MB - Adexa \u2013 Suurk\u00f6\u00f6giseadmed restoranidele ja toitlustusele","og_description":"H\u00e4\u00e4lesta oma asutuse sisekujundus v\u00f5i v\u00e4rviskeem lihtsalt selle p\u00f6\u00f6ratava lauaplaadiga. Sellel tootel on 24\u201d x 24\u201d disain, mis v\u00f5imaldab mugavalt","og_url":"https:\/\/adexa.ee\/toode\/lamineeritud-ruudukujuline-lauaplaat-pooratav-mahagon-must-24x24-adexa-tt2424mb\/","og_site_name":"Adexa \u2013 Suurk\u00f6\u00f6giseadmed restoranidele ja toitlustusele","article_modified_time":"2026-03-26T07:55:43+00:00","og_image":[{"width":2000,"height":2000,"url":"https:\/\/adexa.ee\/wp-content\/uploads\/2024\/12\/TT2424MB-.jpg","type":"image\/jpeg"}],"twitter_card":"summary_large_image","twitter_misc":{"Est. reading time":"1 minute"},"schema":{"@context":"https:\/\/schema.org","@graph":[{"@type":"WebPage","@id":"https:\/\/adexa.ee\/toode\/lamineeritud-ruudukujuline-lauaplaat-pooratav-mahagon-must-24x24-adexa-tt2424mb\/","url":"https:\/\/adexa.ee\/toode\/lamineeritud-ruudukujuline-lauaplaat-pooratav-mahagon-must-24x24-adexa-tt2424mb\/","name":"Lamineeritud ruudukujuline lauaplaat P\u00f6\u00f6ratav mahagon & must 24x24'' | Adexa TT2424MB - Adexa \u2013 Suurk\u00f6\u00f6giseadmed restoranidele ja toitlustusele","isPartOf":{"@id":"https:\/\/adexa.ee\/#website"},"primaryImageOfPage":{"@id":"https:\/\/adexa.ee\/toode\/lamineeritud-ruudukujuline-lauaplaat-pooratav-mahagon-must-24x24-adexa-tt2424mb\/#primaryimage"},"image":{"@id":"https:\/\/adexa.ee\/toode\/lamineeritud-ruudukujuline-lauaplaat-pooratav-mahagon-must-24x24-adexa-tt2424mb\/#primaryimage"},"thumbnailUrl":"https:\/\/adexa.ee\/wp-content\/uploads\/2024\/12\/TT2424MB-.jpg","datePublished":"2026-03-26T07:55:38+00:00","dateModified":"2026-03-26T07:55:43+00:00","breadcrumb":{"@id":"https:\/\/adexa.ee\/toode\/lamineeritud-ruudukujuline-lauaplaat-pooratav-mahagon-must-24x24-adexa-tt2424mb\/#breadcrumb"},"inLanguage":"en-US","potentialAction":[{"@type":"ReadAction","target":["https:\/\/adexa.ee\/toode\/lamineeritud-ruudukujuline-lauaplaat-pooratav-mahagon-must-24x24-adexa-tt2424mb\/"]}]},{"@type":"ImageObject","inLanguage":"en-US","@id":"https:\/\/adexa.ee\/toode\/lamineeritud-ruudukujuline-lauaplaat-pooratav-mahagon-must-24x24-adexa-tt2424mb\/#primaryimage","url":"https:\/\/adexa.ee\/wp-content\/uploads\/2024\/12\/TT2424MB-.jpg","contentUrl":"https:\/\/adexa.ee\/wp-content\/uploads\/2024\/12\/TT2424MB-.jpg","width":2000,"height":2000},{"@type":"BreadcrumbList","@id":"https:\/\/adexa.ee\/toode\/lamineeritud-ruudukujuline-lauaplaat-pooratav-mahagon-must-24x24-adexa-tt2424mb\/#breadcrumb","itemListElement":[{"@type":"ListItem","position":1,"name":"Home","item":"https:\/\/adexa.ee\/"},{"@type":"ListItem","position":2,"name":"Tooted","item":"https:\/\/adexa.ee\/pood\/"},{"@type":"ListItem","position":3,"name":"Lamineeritud ruudukujuline lauaplaat P\u00f6\u00f6ratav mahagon &#038; must 24&#215;24&#8221; | Adexa TT2424MB"}]},{"@type":"WebSite","@id":"https:\/\/adexa.ee\/#website","url":"https:\/\/adexa.ee\/","name":"Adexa","description":"","publisher":{"@id":"https:\/\/adexa.ee\/#organization"},"potentialAction":[{"@type":"SearchAction","target":{"@type":"EntryPoint","urlTemplate":"https:\/\/adexa.ee\/?s={search_term_string}"},"query-input":{"@type":"PropertyValueSpecification","valueRequired":true,"valueName":"search_term_string"}}],"inLanguage":"en-US"},{"@type":"Organization","@id":"https:\/\/adexa.ee\/#organization","name":"Adexa","url":"https:\/\/adexa.ee\/","logo":{"@type":"ImageObject","inLanguage":"en-US","@id":"https:\/\/adexa.ee\/#\/schema\/logo\/image\/","url":"https:\/\/adexa.ee\/wp-content\/uploads\/2024\/04\/chef-cooks-working-in-professional-kitchen-2023-11-27-05-07-39-utc-scaled.jpg","contentUrl":"https:\/\/adexa.ee\/wp-content\/uploads\/2024\/04\/chef-cooks-working-in-professional-kitchen-2023-11-27-05-07-39-utc-scaled.jpg","width":2560,"height":1708,"caption":"Adexa"},"image":{"@id":"https:\/\/adexa.ee\/#\/schema\/logo\/image\/"}}]}},"_links":{"self":[{"href":"https:\/\/adexa.ee\/en\/wp-json\/wp\/v2\/product\/13202","targetHints":{"allow":["GET"]}}],"collection":[{"href":"https:\/\/adexa.ee\/en\/wp-json\/wp\/v2\/product"}],"about":[{"href":"https:\/\/adexa.ee\/en\/wp-json\/wp\/v2\/types\/product"}],"wp:featuredmedia":[{"embeddable":true,"href":"https:\/\/adexa.ee\/en\/wp-json\/wp\/v2\/media\/13204"}],"wp:attachment":[{"href":"https:\/\/adexa.ee\/en\/wp-json\/wp\/v2\/media?parent=13202"}],"wp:term":[{"taxonomy":"product_brand","embeddable":true,"href":"https:\/\/adexa.ee\/en\/wp-json\/wp\/v2\/product_brand?post=13202"},{"taxonomy":"product_cat","embeddable":true,"href":"https:\/\/adexa.ee\/en\/wp-json\/wp\/v2\/product_cat?post=13202"},{"taxonomy":"product_tag","embeddable":true,"href":"https:\/\/adexa.ee\/en\/wp-json\/wp\/v2\/product_tag?post=13202"}],"curies":[{"name":"wp","href":"https:\/\/api.w.org\/{rel}","templated":true}]}}