{"id":13226,"date":"2026-03-30T23:35:48","date_gmt":"2026-03-30T20:35:48","guid":{"rendered":"https:\/\/adexa.ee\/toode\/15-kihiline-riiuli-aluse-vormi-karukaru-roostevabast-terasest-30xgn1-1-aluse-mahutavus-adexa-rt2115\/"},"modified":"2026-03-30T23:35:49","modified_gmt":"2026-03-30T20:35:49","slug":"15-kihiline-riiuli-aluse-vormi-karukaru-roostevabast-terasest-30xgn1-1-aluse-mahutavus-adexa-rt2115","status":"publish","type":"product","link":"https:\/\/adexa.ee\/en\/toode\/15-kihiline-riiuli-aluse-vormi-karukaru-roostevabast-terasest-30xgn1-1-aluse-mahutavus-adexa-rt2115\/","title":{"rendered":"15-kihiline riiuli\/aluse\/vormi k\u00e4ruk\u00e4ru roostevabast terasest 30xGN1\/1 aluse mahutavus | Adexa RT2115"},"content":{"rendered":"<p>See k\u00f5rgekvaliteediline professionaalne riiulik\u00e4ru on ideaalne suure hulga gastronoomia aluste v\u00f5i vormide virnastamiseks ja hoiustamiseks. Sellel on 15 kihti, mis on paigaldatud neljale p\u00f6\u00f6rlevale rattale, et h\u00f5lbustada liikumist restoranis, pagarikojas v\u00f5i sarnases toitlustusettev\u00f5ttes. Mahutavus: 15 rida, mahutab 30 x GN1\/1 alust. M\u00f5\u00f5tmed: 590x670x1735mm. T\u00e4psema teabe leiate jaotisest &#8220;Spetsifikatsioon&#8221;.<\/p>\n<table style=\"border-collapse: collapse; width: 100%; text-align: left;\">\n<tbody>\n<tr>\n<td style=\"border: 1px solid #ddd; padding: 8px; width: 45%;\"><strong>S\u00fcgavus<\/strong><\/td>\n<td style=\"border: 1px solid #ddd; padding: 8px;\">670mm<\/td>\n<\/tr>\n<tr>\n<td style=\"border: 1px solid #ddd; padding: 8px; width: 45%;\"><strong>K\u00f5rgus<\/strong><\/td>\n<td style=\"border: 1px solid #ddd; padding: 8px;\">1735mm<\/td>\n<\/tr>\n<tr>\n<td style=\"border: 1px solid #ddd; padding: 8px; width: 45%;\"><strong>Laius<\/strong><\/td>\n<td style=\"border: 1px solid #ddd; padding: 8px;\">590mm<\/td>\n<\/tr>\n<tr>\n<td style=\"border: 1px solid #ddd; padding: 8px; width: 45%;\"><strong>Kaal<\/strong><\/td>\n<td style=\"border: 1px solid #ddd; padding: 8px;\">23kg<\/td>\n<\/tr>\n<tr>\n<td style=\"border: 1px solid #ddd; padding: 8px; width: 45%;\"><strong>Garantii<\/strong><\/td>\n<td style=\"border: 1px solid #ddd; padding: 8px;\">12 kuu varuosade garantii<\/td>\n<\/tr>\n<tr>\n<td style=\"border: 1px solid #ddd; padding: 8px; width: 45%;\"><strong>Mahutavus<\/strong><\/td>\n<td style=\"border: 1px solid #ddd; padding: 8px;\">30 x GN1\/1<\/td>\n<\/tr>\n<tr>\n<td style=\"border: 1px solid #ddd; padding: 8px; width: 45%;\"><strong>Rullikud<\/strong><\/td>\n<td style=\"border: 1px solid #ddd; padding: 8px;\">Piduritega<\/td>\n<\/tr>\n<tr>\n<td style=\"border: 1px solid #ddd; padding: 8px; width: 45%;\"><strong>Materjal<\/strong><\/td>\n<td style=\"border: 1px solid #ddd; padding: 8px;\">Roostevaba teras<\/td>\n<\/tr>\n<\/tbody>\n<\/table>\n","protected":false},"excerpt":{"rendered":"<p>See k\u00f5rgekvaliteediline professionaalne riiulik\u00e4ru on ideaalne suure hulga gastronoomia aluste v\u00f5i vormide virnastamiseks ja hoiustamiseks. Sellel on 15 kihti, mis<\/p>\n","protected":false},"featured_media":13228,"template":"","meta":[],"product_brand":[],"product_cat":[624,623,889,569,913,572],"product_tag":[],"class_list":{"0":"post-13226","1":"product","2":"type-product","3":"status-publish","4":"has-post-thumbnail","6":"product_cat-kandikukarud","7":"product_cat-karud","8":"product_cat-kasutatud-ja-taastatud-seadmed","9":"product_cat-lopumuuk","10":"product_cat-remonditud-seadmed","11":"product_cat-roostevabad-tooted","13":"first","14":"instock","15":"sale","16":"taxable","17":"shipping-taxable","18":"purchasable","19":"product-type-simple"},"yoast_head":"<!-- This site is optimized with the Yoast SEO plugin v27.3 - https:\/\/yoast.com\/product\/yoast-seo-wordpress\/ -->\n<title>15-kihiline riiuli\/aluse\/vormi k\u00e4ruk\u00e4ru roostevabast terasest 30xGN1\/1 aluse mahutavus | Adexa RT2115 - Adexa \u2013 Suurk\u00f6\u00f6giseadmed restoranidele ja toitlustusele<\/title>\n<meta name=\"robots\" content=\"index, follow, max-snippet:-1, max-image-preview:large, max-video-preview:-1\" \/>\n<link rel=\"canonical\" href=\"https:\/\/adexa.ee\/toode\/15-kihiline-riiuli-aluse-vormi-karukaru-roostevabast-terasest-30xgn1-1-aluse-mahutavus-adexa-rt2115\/\" \/>\n<meta property=\"og:locale\" content=\"en_US\" \/>\n<meta property=\"og:type\" content=\"article\" \/>\n<meta property=\"og:title\" content=\"15-kihiline riiuli\/aluse\/vormi k\u00e4ruk\u00e4ru roostevabast terasest 30xGN1\/1 aluse mahutavus | Adexa RT2115 - Adexa \u2013 Suurk\u00f6\u00f6giseadmed restoranidele ja toitlustusele\" \/>\n<meta property=\"og:description\" content=\"See k\u00f5rgekvaliteediline professionaalne riiulik\u00e4ru on ideaalne suure hulga gastronoomia aluste v\u00f5i vormide virnastamiseks ja hoiustamiseks. Sellel on 15 kihti, mis\" \/>\n<meta property=\"og:url\" content=\"https:\/\/adexa.ee\/toode\/15-kihiline-riiuli-aluse-vormi-karukaru-roostevabast-terasest-30xgn1-1-aluse-mahutavus-adexa-rt2115\/\" \/>\n<meta property=\"og:site_name\" content=\"Adexa \u2013 Suurk\u00f6\u00f6giseadmed restoranidele ja toitlustusele\" \/>\n<meta property=\"article:modified_time\" content=\"2026-03-30T20:35:49+00:00\" \/>\n<meta property=\"og:image\" content=\"https:\/\/adexa.ee\/wp-content\/uploads\/2024\/12\/RT2115.jpg\" \/>\n\t<meta property=\"og:image:width\" content=\"1200\" \/>\n\t<meta property=\"og:image:height\" content=\"1200\" \/>\n\t<meta property=\"og:image:type\" content=\"image\/jpeg\" \/>\n<meta name=\"twitter:card\" content=\"summary_large_image\" \/>\n<script type=\"application\/ld+json\" class=\"yoast-schema-graph\">{\"@context\":\"https:\\\/\\\/schema.org\",\"@graph\":[{\"@type\":\"WebPage\",\"@id\":\"https:\\\/\\\/adexa.ee\\\/toode\\\/15-kihiline-riiuli-aluse-vormi-karukaru-roostevabast-terasest-30xgn1-1-aluse-mahutavus-adexa-rt2115\\\/\",\"url\":\"https:\\\/\\\/adexa.ee\\\/toode\\\/15-kihiline-riiuli-aluse-vormi-karukaru-roostevabast-terasest-30xgn1-1-aluse-mahutavus-adexa-rt2115\\\/\",\"name\":\"15-kihiline riiuli\\\/aluse\\\/vormi k\u00e4ruk\u00e4ru roostevabast terasest 30xGN1\\\/1 aluse mahutavus | Adexa RT2115 - Adexa \u2013 Suurk\u00f6\u00f6giseadmed restoranidele ja toitlustusele\",\"isPartOf\":{\"@id\":\"https:\\\/\\\/adexa.ee\\\/#website\"},\"primaryImageOfPage\":{\"@id\":\"https:\\\/\\\/adexa.ee\\\/toode\\\/15-kihiline-riiuli-aluse-vormi-karukaru-roostevabast-terasest-30xgn1-1-aluse-mahutavus-adexa-rt2115\\\/#primaryimage\"},\"image\":{\"@id\":\"https:\\\/\\\/adexa.ee\\\/toode\\\/15-kihiline-riiuli-aluse-vormi-karukaru-roostevabast-terasest-30xgn1-1-aluse-mahutavus-adexa-rt2115\\\/#primaryimage\"},\"thumbnailUrl\":\"https:\\\/\\\/adexa.ee\\\/wp-content\\\/uploads\\\/2024\\\/12\\\/RT2115.jpg\",\"datePublished\":\"2026-03-30T20:35:48+00:00\",\"dateModified\":\"2026-03-30T20:35:49+00:00\",\"breadcrumb\":{\"@id\":\"https:\\\/\\\/adexa.ee\\\/toode\\\/15-kihiline-riiuli-aluse-vormi-karukaru-roostevabast-terasest-30xgn1-1-aluse-mahutavus-adexa-rt2115\\\/#breadcrumb\"},\"inLanguage\":\"en-US\",\"potentialAction\":[{\"@type\":\"ReadAction\",\"target\":[\"https:\\\/\\\/adexa.ee\\\/toode\\\/15-kihiline-riiuli-aluse-vormi-karukaru-roostevabast-terasest-30xgn1-1-aluse-mahutavus-adexa-rt2115\\\/\"]}]},{\"@type\":\"ImageObject\",\"inLanguage\":\"en-US\",\"@id\":\"https:\\\/\\\/adexa.ee\\\/toode\\\/15-kihiline-riiuli-aluse-vormi-karukaru-roostevabast-terasest-30xgn1-1-aluse-mahutavus-adexa-rt2115\\\/#primaryimage\",\"url\":\"https:\\\/\\\/adexa.ee\\\/wp-content\\\/uploads\\\/2024\\\/12\\\/RT2115.jpg\",\"contentUrl\":\"https:\\\/\\\/adexa.ee\\\/wp-content\\\/uploads\\\/2024\\\/12\\\/RT2115.jpg\",\"width\":1200,\"height\":1200},{\"@type\":\"BreadcrumbList\",\"@id\":\"https:\\\/\\\/adexa.ee\\\/toode\\\/15-kihiline-riiuli-aluse-vormi-karukaru-roostevabast-terasest-30xgn1-1-aluse-mahutavus-adexa-rt2115\\\/#breadcrumb\",\"itemListElement\":[{\"@type\":\"ListItem\",\"position\":1,\"name\":\"Home\",\"item\":\"https:\\\/\\\/adexa.ee\\\/\"},{\"@type\":\"ListItem\",\"position\":2,\"name\":\"Tooted\",\"item\":\"https:\\\/\\\/adexa.ee\\\/pood\\\/\"},{\"@type\":\"ListItem\",\"position\":3,\"name\":\"15-kihiline riiuli\\\/aluse\\\/vormi k\u00e4ruk\u00e4ru roostevabast terasest 30xGN1\\\/1 aluse mahutavus | Adexa RT2115\"}]},{\"@type\":\"WebSite\",\"@id\":\"https:\\\/\\\/adexa.ee\\\/#website\",\"url\":\"https:\\\/\\\/adexa.ee\\\/\",\"name\":\"Adexa\",\"description\":\"\",\"publisher\":{\"@id\":\"https:\\\/\\\/adexa.ee\\\/#organization\"},\"potentialAction\":[{\"@type\":\"SearchAction\",\"target\":{\"@type\":\"EntryPoint\",\"urlTemplate\":\"https:\\\/\\\/adexa.ee\\\/?s={search_term_string}\"},\"query-input\":{\"@type\":\"PropertyValueSpecification\",\"valueRequired\":true,\"valueName\":\"search_term_string\"}}],\"inLanguage\":\"en-US\"},{\"@type\":\"Organization\",\"@id\":\"https:\\\/\\\/adexa.ee\\\/#organization\",\"name\":\"Adexa\",\"url\":\"https:\\\/\\\/adexa.ee\\\/\",\"logo\":{\"@type\":\"ImageObject\",\"inLanguage\":\"en-US\",\"@id\":\"https:\\\/\\\/adexa.ee\\\/#\\\/schema\\\/logo\\\/image\\\/\",\"url\":\"https:\\\/\\\/adexa.ee\\\/wp-content\\\/uploads\\\/2024\\\/04\\\/chef-cooks-working-in-professional-kitchen-2023-11-27-05-07-39-utc-scaled.jpg\",\"contentUrl\":\"https:\\\/\\\/adexa.ee\\\/wp-content\\\/uploads\\\/2024\\\/04\\\/chef-cooks-working-in-professional-kitchen-2023-11-27-05-07-39-utc-scaled.jpg\",\"width\":2560,\"height\":1708,\"caption\":\"Adexa\"},\"image\":{\"@id\":\"https:\\\/\\\/adexa.ee\\\/#\\\/schema\\\/logo\\\/image\\\/\"}}]}<\/script>\n<!-- \/ Yoast SEO plugin. -->","yoast_head_json":{"title":"15-kihiline riiuli\/aluse\/vormi k\u00e4ruk\u00e4ru roostevabast terasest 30xGN1\/1 aluse mahutavus | Adexa RT2115 - Adexa \u2013 Suurk\u00f6\u00f6giseadmed restoranidele ja toitlustusele","robots":{"index":"index","follow":"follow","max-snippet":"max-snippet:-1","max-image-preview":"max-image-preview:large","max-video-preview":"max-video-preview:-1"},"canonical":"https:\/\/adexa.ee\/toode\/15-kihiline-riiuli-aluse-vormi-karukaru-roostevabast-terasest-30xgn1-1-aluse-mahutavus-adexa-rt2115\/","og_locale":"en_US","og_type":"article","og_title":"15-kihiline riiuli\/aluse\/vormi k\u00e4ruk\u00e4ru roostevabast terasest 30xGN1\/1 aluse mahutavus | Adexa RT2115 - Adexa \u2013 Suurk\u00f6\u00f6giseadmed restoranidele ja toitlustusele","og_description":"See k\u00f5rgekvaliteediline professionaalne riiulik\u00e4ru on ideaalne suure hulga gastronoomia aluste v\u00f5i vormide virnastamiseks ja hoiustamiseks. Sellel on 15 kihti, mis","og_url":"https:\/\/adexa.ee\/toode\/15-kihiline-riiuli-aluse-vormi-karukaru-roostevabast-terasest-30xgn1-1-aluse-mahutavus-adexa-rt2115\/","og_site_name":"Adexa \u2013 Suurk\u00f6\u00f6giseadmed restoranidele ja toitlustusele","article_modified_time":"2026-03-30T20:35:49+00:00","og_image":[{"width":1200,"height":1200,"url":"https:\/\/adexa.ee\/wp-content\/uploads\/2024\/12\/RT2115.jpg","type":"image\/jpeg"}],"twitter_card":"summary_large_image","schema":{"@context":"https:\/\/schema.org","@graph":[{"@type":"WebPage","@id":"https:\/\/adexa.ee\/toode\/15-kihiline-riiuli-aluse-vormi-karukaru-roostevabast-terasest-30xgn1-1-aluse-mahutavus-adexa-rt2115\/","url":"https:\/\/adexa.ee\/toode\/15-kihiline-riiuli-aluse-vormi-karukaru-roostevabast-terasest-30xgn1-1-aluse-mahutavus-adexa-rt2115\/","name":"15-kihiline riiuli\/aluse\/vormi k\u00e4ruk\u00e4ru roostevabast terasest 30xGN1\/1 aluse mahutavus | Adexa RT2115 - Adexa \u2013 Suurk\u00f6\u00f6giseadmed restoranidele ja toitlustusele","isPartOf":{"@id":"https:\/\/adexa.ee\/#website"},"primaryImageOfPage":{"@id":"https:\/\/adexa.ee\/toode\/15-kihiline-riiuli-aluse-vormi-karukaru-roostevabast-terasest-30xgn1-1-aluse-mahutavus-adexa-rt2115\/#primaryimage"},"image":{"@id":"https:\/\/adexa.ee\/toode\/15-kihiline-riiuli-aluse-vormi-karukaru-roostevabast-terasest-30xgn1-1-aluse-mahutavus-adexa-rt2115\/#primaryimage"},"thumbnailUrl":"https:\/\/adexa.ee\/wp-content\/uploads\/2024\/12\/RT2115.jpg","datePublished":"2026-03-30T20:35:48+00:00","dateModified":"2026-03-30T20:35:49+00:00","breadcrumb":{"@id":"https:\/\/adexa.ee\/toode\/15-kihiline-riiuli-aluse-vormi-karukaru-roostevabast-terasest-30xgn1-1-aluse-mahutavus-adexa-rt2115\/#breadcrumb"},"inLanguage":"en-US","potentialAction":[{"@type":"ReadAction","target":["https:\/\/adexa.ee\/toode\/15-kihiline-riiuli-aluse-vormi-karukaru-roostevabast-terasest-30xgn1-1-aluse-mahutavus-adexa-rt2115\/"]}]},{"@type":"ImageObject","inLanguage":"en-US","@id":"https:\/\/adexa.ee\/toode\/15-kihiline-riiuli-aluse-vormi-karukaru-roostevabast-terasest-30xgn1-1-aluse-mahutavus-adexa-rt2115\/#primaryimage","url":"https:\/\/adexa.ee\/wp-content\/uploads\/2024\/12\/RT2115.jpg","contentUrl":"https:\/\/adexa.ee\/wp-content\/uploads\/2024\/12\/RT2115.jpg","width":1200,"height":1200},{"@type":"BreadcrumbList","@id":"https:\/\/adexa.ee\/toode\/15-kihiline-riiuli-aluse-vormi-karukaru-roostevabast-terasest-30xgn1-1-aluse-mahutavus-adexa-rt2115\/#breadcrumb","itemListElement":[{"@type":"ListItem","position":1,"name":"Home","item":"https:\/\/adexa.ee\/"},{"@type":"ListItem","position":2,"name":"Tooted","item":"https:\/\/adexa.ee\/pood\/"},{"@type":"ListItem","position":3,"name":"15-kihiline riiuli\/aluse\/vormi k\u00e4ruk\u00e4ru roostevabast terasest 30xGN1\/1 aluse mahutavus | Adexa RT2115"}]},{"@type":"WebSite","@id":"https:\/\/adexa.ee\/#website","url":"https:\/\/adexa.ee\/","name":"Adexa","description":"","publisher":{"@id":"https:\/\/adexa.ee\/#organization"},"potentialAction":[{"@type":"SearchAction","target":{"@type":"EntryPoint","urlTemplate":"https:\/\/adexa.ee\/?s={search_term_string}"},"query-input":{"@type":"PropertyValueSpecification","valueRequired":true,"valueName":"search_term_string"}}],"inLanguage":"en-US"},{"@type":"Organization","@id":"https:\/\/adexa.ee\/#organization","name":"Adexa","url":"https:\/\/adexa.ee\/","logo":{"@type":"ImageObject","inLanguage":"en-US","@id":"https:\/\/adexa.ee\/#\/schema\/logo\/image\/","url":"https:\/\/adexa.ee\/wp-content\/uploads\/2024\/04\/chef-cooks-working-in-professional-kitchen-2023-11-27-05-07-39-utc-scaled.jpg","contentUrl":"https:\/\/adexa.ee\/wp-content\/uploads\/2024\/04\/chef-cooks-working-in-professional-kitchen-2023-11-27-05-07-39-utc-scaled.jpg","width":2560,"height":1708,"caption":"Adexa"},"image":{"@id":"https:\/\/adexa.ee\/#\/schema\/logo\/image\/"}}]}},"_links":{"self":[{"href":"https:\/\/adexa.ee\/en\/wp-json\/wp\/v2\/product\/13226","targetHints":{"allow":["GET"]}}],"collection":[{"href":"https:\/\/adexa.ee\/en\/wp-json\/wp\/v2\/product"}],"about":[{"href":"https:\/\/adexa.ee\/en\/wp-json\/wp\/v2\/types\/product"}],"wp:featuredmedia":[{"embeddable":true,"href":"https:\/\/adexa.ee\/en\/wp-json\/wp\/v2\/media\/13228"}],"wp:attachment":[{"href":"https:\/\/adexa.ee\/en\/wp-json\/wp\/v2\/media?parent=13226"}],"wp:term":[{"taxonomy":"product_brand","embeddable":true,"href":"https:\/\/adexa.ee\/en\/wp-json\/wp\/v2\/product_brand?post=13226"},{"taxonomy":"product_cat","embeddable":true,"href":"https:\/\/adexa.ee\/en\/wp-json\/wp\/v2\/product_cat?post=13226"},{"taxonomy":"product_tag","embeddable":true,"href":"https:\/\/adexa.ee\/en\/wp-json\/wp\/v2\/product_tag?post=13226"}],"curies":[{"name":"wp","href":"https:\/\/api.w.org\/{rel}","templated":true}]}}