{"id":13234,"date":"2026-03-31T15:35:57","date_gmt":"2026-03-31T12:35:57","guid":{"rendered":"https:\/\/adexa.ee\/?post_type=product&#038;p=13234"},"modified":"2026-03-31T15:35:58","modified_gmt":"2026-03-31T12:35:58","slug":"professionaalne-pott-kaanega-roostevaba-teras-201-liitrit-adexa-se13225","status":"publish","type":"product","link":"https:\/\/adexa.ee\/en\/toode\/professionaalne-pott-kaanega-roostevaba-teras-201-liitrit-adexa-se13225\/","title":{"rendered":"Professionaalne pott kaanega, roostevaba teras, 20,1 liitrit | Adexa SE13225"},"content":{"rendered":"<p>See esmaklassiline roostevabast terasest pott pakub suurep\u00e4raseid professionaalse kvaliteedi omadusi uskumatult konkurentsiv\u00f5imelise hinnaga. Valmistatud raskeveokite k\u00f5rgekvaliteedilisest roostevabast terasest, nad on \u00e4\u00e4rmiselt vastupidavad ja seet\u00f5ttu sobivad pidevaks kasutamiseks kiire tempoga kaubanduslikus k\u00f6\u00f6gis. Igal potil on jahedaks j\u00e4\u00e4vad keevitatud k\u00e4epidemed, mis v\u00f5imaldavad raskete sisu kergesti transportida. Kapseldatud p\u00f5hi v\u00f5imaldab induktsioon-kuumutamist ja \u00fchtlast soojusjaotust. Tugevad k\u00e4epidemed potti mitmepunkti kinnitusega pinnaga, mis ei l\u00e4he kuumaks. Valmistatud k\u00f5rge kvaliteediga roostevabast terasest s\u00fcgavt\u00f5mbe tehnoloogiat kasutades. Happetakistus. Satiinviimistlus pinna k\u00f5rgl\u00e4ikega poleeritud tugeva \u00e4\u00e4risega. \u00dcksikasjaliku teabe saamiseks vt jaotist &#8216;Spetsifikatsioon&#8217;.<\/p>\n<table style=\"border-collapse: collapse; width: 100%; text-align: left;\">\n<tbody>\n<tr>\n<td style=\"border: 1px solid #ddd; padding: 8px; width: 45%;\"><strong>Garantii<\/strong><\/td>\n<td style=\"border: 1px solid #ddd; padding: 8px;\">12 kuu varuosade garantii<\/td>\n<\/tr>\n<tr>\n<td style=\"border: 1px solid #ddd; padding: 8px; width: 45%;\"><strong>Mahutavus<\/strong><\/td>\n<td style=\"border: 1px solid #ddd; padding: 8px;\">20,1 liitrit<\/td>\n<\/tr>\n<tr>\n<td style=\"border: 1px solid #ddd; padding: 8px; width: 45%;\"><strong>Materjal<\/strong><\/td>\n<td style=\"border: 1px solid #ddd; padding: 8px;\">Roostevaba teras<\/td>\n<\/tr>\n<tr>\n<td style=\"border: 1px solid #ddd; padding: 8px; width: 45%;\"><strong>Kaas<\/strong><\/td>\n<td style=\"border: 1px solid #ddd; padding: 8px;\">Kaasatud<\/td>\n<\/tr>\n<tr>\n<td style=\"border: 1px solid #ddd; padding: 8px; width: 45%;\"><strong>L\u00e4bim\u00f5\u00f5t<\/strong><\/td>\n<td style=\"border: 1px solid #ddd; padding: 8px;\">320 mm<\/td>\n<\/tr>\n<tr>\n<td style=\"border: 1px solid #ddd; padding: 8px; width: 45%;\"><strong>Induktsiooniga \u00fchilduv<\/strong><\/td>\n<td style=\"border: 1px solid #ddd; padding: 8px;\">Jah<\/td>\n<\/tr>\n<\/tbody>\n<\/table>\n","protected":false},"excerpt":{"rendered":"<p>See esmaklassiline roostevabast terasest pott pakub suurep\u00e4raseid professionaalse kvaliteedi omadusi uskumatult konkurentsiv\u00f5imelise hinnaga. Valmistatud raskeveokite k\u00f5rgekvaliteedilisest roostevabast terasest, nad on<\/p>\n","protected":false},"featured_media":13071,"template":"","meta":[],"product_brand":[],"product_cat":[755,579,606],"product_tag":[],"class_list":{"0":"post-13234","1":"product","2":"type-product","3":"status-publish","4":"has-post-thumbnail","6":"product_cat-keedupotid-hautamispotid-ja-puljongipotid","7":"product_cat-koogitarbed-noud","8":"product_cat-potid-ja-pannid","10":"first","11":"instock","12":"sale","13":"taxable","14":"shipping-taxable","15":"purchasable","16":"product-type-simple"},"yoast_head":"<!-- This site is optimized with the Yoast SEO plugin v27.3 - https:\/\/yoast.com\/product\/yoast-seo-wordpress\/ -->\n<title>Professionaalne pott kaanega, roostevaba teras, 20,1 liitrit | Adexa SE13225 - Adexa \u2013 Suurk\u00f6\u00f6giseadmed restoranidele ja toitlustusele<\/title>\n<meta name=\"robots\" content=\"index, follow, max-snippet:-1, max-image-preview:large, max-video-preview:-1\" \/>\n<link rel=\"canonical\" href=\"https:\/\/adexa.ee\/toode\/professionaalne-pott-kaanega-roostevaba-teras-201-liitrit-adexa-se13225\/\" \/>\n<meta property=\"og:locale\" content=\"en_US\" \/>\n<meta property=\"og:type\" content=\"article\" \/>\n<meta property=\"og:title\" content=\"Professionaalne pott kaanega, roostevaba teras, 20,1 liitrit | Adexa SE13225 - Adexa \u2013 Suurk\u00f6\u00f6giseadmed restoranidele ja toitlustusele\" \/>\n<meta property=\"og:description\" content=\"See esmaklassiline roostevabast terasest pott pakub suurep\u00e4raseid professionaalse kvaliteedi omadusi uskumatult konkurentsiv\u00f5imelise hinnaga. Valmistatud raskeveokite k\u00f5rgekvaliteedilisest roostevabast terasest, nad on\" \/>\n<meta property=\"og:url\" content=\"https:\/\/adexa.ee\/toode\/professionaalne-pott-kaanega-roostevaba-teras-201-liitrit-adexa-se13225\/\" \/>\n<meta property=\"og:site_name\" content=\"Adexa \u2013 Suurk\u00f6\u00f6giseadmed restoranidele ja toitlustusele\" \/>\n<meta property=\"article:modified_time\" content=\"2026-03-31T12:35:58+00:00\" \/>\n<meta property=\"og:image\" content=\"https:\/\/adexa.ee\/wp-content\/uploads\/2024\/12\/SE1.jpg\" \/>\n\t<meta property=\"og:image:width\" content=\"1088\" \/>\n\t<meta property=\"og:image:height\" content=\"1088\" \/>\n\t<meta property=\"og:image:type\" content=\"image\/jpeg\" \/>\n<meta name=\"twitter:card\" content=\"summary_large_image\" \/>\n<meta name=\"twitter:label1\" content=\"Est. reading time\" \/>\n\t<meta name=\"twitter:data1\" content=\"1 minute\" \/>\n<script type=\"application\/ld+json\" class=\"yoast-schema-graph\">{\"@context\":\"https:\\\/\\\/schema.org\",\"@graph\":[{\"@type\":\"WebPage\",\"@id\":\"https:\\\/\\\/adexa.ee\\\/toode\\\/professionaalne-pott-kaanega-roostevaba-teras-201-liitrit-adexa-se13225\\\/\",\"url\":\"https:\\\/\\\/adexa.ee\\\/toode\\\/professionaalne-pott-kaanega-roostevaba-teras-201-liitrit-adexa-se13225\\\/\",\"name\":\"Professionaalne pott kaanega, roostevaba teras, 20,1 liitrit | Adexa SE13225 - Adexa \u2013 Suurk\u00f6\u00f6giseadmed restoranidele ja toitlustusele\",\"isPartOf\":{\"@id\":\"https:\\\/\\\/adexa.ee\\\/#website\"},\"primaryImageOfPage\":{\"@id\":\"https:\\\/\\\/adexa.ee\\\/toode\\\/professionaalne-pott-kaanega-roostevaba-teras-201-liitrit-adexa-se13225\\\/#primaryimage\"},\"image\":{\"@id\":\"https:\\\/\\\/adexa.ee\\\/toode\\\/professionaalne-pott-kaanega-roostevaba-teras-201-liitrit-adexa-se13225\\\/#primaryimage\"},\"thumbnailUrl\":\"https:\\\/\\\/adexa.ee\\\/wp-content\\\/uploads\\\/2024\\\/12\\\/SE1.jpg\",\"datePublished\":\"2026-03-31T12:35:57+00:00\",\"dateModified\":\"2026-03-31T12:35:58+00:00\",\"breadcrumb\":{\"@id\":\"https:\\\/\\\/adexa.ee\\\/toode\\\/professionaalne-pott-kaanega-roostevaba-teras-201-liitrit-adexa-se13225\\\/#breadcrumb\"},\"inLanguage\":\"en-US\",\"potentialAction\":[{\"@type\":\"ReadAction\",\"target\":[\"https:\\\/\\\/adexa.ee\\\/toode\\\/professionaalne-pott-kaanega-roostevaba-teras-201-liitrit-adexa-se13225\\\/\"]}]},{\"@type\":\"ImageObject\",\"inLanguage\":\"en-US\",\"@id\":\"https:\\\/\\\/adexa.ee\\\/toode\\\/professionaalne-pott-kaanega-roostevaba-teras-201-liitrit-adexa-se13225\\\/#primaryimage\",\"url\":\"https:\\\/\\\/adexa.ee\\\/wp-content\\\/uploads\\\/2024\\\/12\\\/SE1.jpg\",\"contentUrl\":\"https:\\\/\\\/adexa.ee\\\/wp-content\\\/uploads\\\/2024\\\/12\\\/SE1.jpg\",\"width\":1088,\"height\":1088},{\"@type\":\"BreadcrumbList\",\"@id\":\"https:\\\/\\\/adexa.ee\\\/toode\\\/professionaalne-pott-kaanega-roostevaba-teras-201-liitrit-adexa-se13225\\\/#breadcrumb\",\"itemListElement\":[{\"@type\":\"ListItem\",\"position\":1,\"name\":\"Home\",\"item\":\"https:\\\/\\\/adexa.ee\\\/\"},{\"@type\":\"ListItem\",\"position\":2,\"name\":\"Tooted\",\"item\":\"https:\\\/\\\/adexa.ee\\\/pood\\\/\"},{\"@type\":\"ListItem\",\"position\":3,\"name\":\"Professionaalne pott kaanega, roostevaba teras, 20,1 liitrit | Adexa SE13225\"}]},{\"@type\":\"WebSite\",\"@id\":\"https:\\\/\\\/adexa.ee\\\/#website\",\"url\":\"https:\\\/\\\/adexa.ee\\\/\",\"name\":\"Adexa\",\"description\":\"\",\"publisher\":{\"@id\":\"https:\\\/\\\/adexa.ee\\\/#organization\"},\"potentialAction\":[{\"@type\":\"SearchAction\",\"target\":{\"@type\":\"EntryPoint\",\"urlTemplate\":\"https:\\\/\\\/adexa.ee\\\/?s={search_term_string}\"},\"query-input\":{\"@type\":\"PropertyValueSpecification\",\"valueRequired\":true,\"valueName\":\"search_term_string\"}}],\"inLanguage\":\"en-US\"},{\"@type\":\"Organization\",\"@id\":\"https:\\\/\\\/adexa.ee\\\/#organization\",\"name\":\"Adexa\",\"url\":\"https:\\\/\\\/adexa.ee\\\/\",\"logo\":{\"@type\":\"ImageObject\",\"inLanguage\":\"en-US\",\"@id\":\"https:\\\/\\\/adexa.ee\\\/#\\\/schema\\\/logo\\\/image\\\/\",\"url\":\"https:\\\/\\\/adexa.ee\\\/wp-content\\\/uploads\\\/2024\\\/04\\\/chef-cooks-working-in-professional-kitchen-2023-11-27-05-07-39-utc-scaled.jpg\",\"contentUrl\":\"https:\\\/\\\/adexa.ee\\\/wp-content\\\/uploads\\\/2024\\\/04\\\/chef-cooks-working-in-professional-kitchen-2023-11-27-05-07-39-utc-scaled.jpg\",\"width\":2560,\"height\":1708,\"caption\":\"Adexa\"},\"image\":{\"@id\":\"https:\\\/\\\/adexa.ee\\\/#\\\/schema\\\/logo\\\/image\\\/\"}}]}<\/script>\n<!-- \/ Yoast SEO plugin. -->","yoast_head_json":{"title":"Professionaalne pott kaanega, roostevaba teras, 20,1 liitrit | Adexa SE13225 - Adexa \u2013 Suurk\u00f6\u00f6giseadmed restoranidele ja toitlustusele","robots":{"index":"index","follow":"follow","max-snippet":"max-snippet:-1","max-image-preview":"max-image-preview:large","max-video-preview":"max-video-preview:-1"},"canonical":"https:\/\/adexa.ee\/toode\/professionaalne-pott-kaanega-roostevaba-teras-201-liitrit-adexa-se13225\/","og_locale":"en_US","og_type":"article","og_title":"Professionaalne pott kaanega, roostevaba teras, 20,1 liitrit | Adexa SE13225 - Adexa \u2013 Suurk\u00f6\u00f6giseadmed restoranidele ja toitlustusele","og_description":"See esmaklassiline roostevabast terasest pott pakub suurep\u00e4raseid professionaalse kvaliteedi omadusi uskumatult konkurentsiv\u00f5imelise hinnaga. Valmistatud raskeveokite k\u00f5rgekvaliteedilisest roostevabast terasest, nad on","og_url":"https:\/\/adexa.ee\/toode\/professionaalne-pott-kaanega-roostevaba-teras-201-liitrit-adexa-se13225\/","og_site_name":"Adexa \u2013 Suurk\u00f6\u00f6giseadmed restoranidele ja toitlustusele","article_modified_time":"2026-03-31T12:35:58+00:00","og_image":[{"width":1088,"height":1088,"url":"https:\/\/adexa.ee\/wp-content\/uploads\/2024\/12\/SE1.jpg","type":"image\/jpeg"}],"twitter_card":"summary_large_image","twitter_misc":{"Est. reading time":"1 minute"},"schema":{"@context":"https:\/\/schema.org","@graph":[{"@type":"WebPage","@id":"https:\/\/adexa.ee\/toode\/professionaalne-pott-kaanega-roostevaba-teras-201-liitrit-adexa-se13225\/","url":"https:\/\/adexa.ee\/toode\/professionaalne-pott-kaanega-roostevaba-teras-201-liitrit-adexa-se13225\/","name":"Professionaalne pott kaanega, roostevaba teras, 20,1 liitrit | Adexa SE13225 - Adexa \u2013 Suurk\u00f6\u00f6giseadmed restoranidele ja toitlustusele","isPartOf":{"@id":"https:\/\/adexa.ee\/#website"},"primaryImageOfPage":{"@id":"https:\/\/adexa.ee\/toode\/professionaalne-pott-kaanega-roostevaba-teras-201-liitrit-adexa-se13225\/#primaryimage"},"image":{"@id":"https:\/\/adexa.ee\/toode\/professionaalne-pott-kaanega-roostevaba-teras-201-liitrit-adexa-se13225\/#primaryimage"},"thumbnailUrl":"https:\/\/adexa.ee\/wp-content\/uploads\/2024\/12\/SE1.jpg","datePublished":"2026-03-31T12:35:57+00:00","dateModified":"2026-03-31T12:35:58+00:00","breadcrumb":{"@id":"https:\/\/adexa.ee\/toode\/professionaalne-pott-kaanega-roostevaba-teras-201-liitrit-adexa-se13225\/#breadcrumb"},"inLanguage":"en-US","potentialAction":[{"@type":"ReadAction","target":["https:\/\/adexa.ee\/toode\/professionaalne-pott-kaanega-roostevaba-teras-201-liitrit-adexa-se13225\/"]}]},{"@type":"ImageObject","inLanguage":"en-US","@id":"https:\/\/adexa.ee\/toode\/professionaalne-pott-kaanega-roostevaba-teras-201-liitrit-adexa-se13225\/#primaryimage","url":"https:\/\/adexa.ee\/wp-content\/uploads\/2024\/12\/SE1.jpg","contentUrl":"https:\/\/adexa.ee\/wp-content\/uploads\/2024\/12\/SE1.jpg","width":1088,"height":1088},{"@type":"BreadcrumbList","@id":"https:\/\/adexa.ee\/toode\/professionaalne-pott-kaanega-roostevaba-teras-201-liitrit-adexa-se13225\/#breadcrumb","itemListElement":[{"@type":"ListItem","position":1,"name":"Home","item":"https:\/\/adexa.ee\/"},{"@type":"ListItem","position":2,"name":"Tooted","item":"https:\/\/adexa.ee\/pood\/"},{"@type":"ListItem","position":3,"name":"Professionaalne pott kaanega, roostevaba teras, 20,1 liitrit | Adexa SE13225"}]},{"@type":"WebSite","@id":"https:\/\/adexa.ee\/#website","url":"https:\/\/adexa.ee\/","name":"Adexa","description":"","publisher":{"@id":"https:\/\/adexa.ee\/#organization"},"potentialAction":[{"@type":"SearchAction","target":{"@type":"EntryPoint","urlTemplate":"https:\/\/adexa.ee\/?s={search_term_string}"},"query-input":{"@type":"PropertyValueSpecification","valueRequired":true,"valueName":"search_term_string"}}],"inLanguage":"en-US"},{"@type":"Organization","@id":"https:\/\/adexa.ee\/#organization","name":"Adexa","url":"https:\/\/adexa.ee\/","logo":{"@type":"ImageObject","inLanguage":"en-US","@id":"https:\/\/adexa.ee\/#\/schema\/logo\/image\/","url":"https:\/\/adexa.ee\/wp-content\/uploads\/2024\/04\/chef-cooks-working-in-professional-kitchen-2023-11-27-05-07-39-utc-scaled.jpg","contentUrl":"https:\/\/adexa.ee\/wp-content\/uploads\/2024\/04\/chef-cooks-working-in-professional-kitchen-2023-11-27-05-07-39-utc-scaled.jpg","width":2560,"height":1708,"caption":"Adexa"},"image":{"@id":"https:\/\/adexa.ee\/#\/schema\/logo\/image\/"}}]}},"_links":{"self":[{"href":"https:\/\/adexa.ee\/en\/wp-json\/wp\/v2\/product\/13234","targetHints":{"allow":["GET"]}}],"collection":[{"href":"https:\/\/adexa.ee\/en\/wp-json\/wp\/v2\/product"}],"about":[{"href":"https:\/\/adexa.ee\/en\/wp-json\/wp\/v2\/types\/product"}],"wp:featuredmedia":[{"embeddable":true,"href":"https:\/\/adexa.ee\/en\/wp-json\/wp\/v2\/media\/13071"}],"wp:attachment":[{"href":"https:\/\/adexa.ee\/en\/wp-json\/wp\/v2\/media?parent=13234"}],"wp:term":[{"taxonomy":"product_brand","embeddable":true,"href":"https:\/\/adexa.ee\/en\/wp-json\/wp\/v2\/product_brand?post=13234"},{"taxonomy":"product_cat","embeddable":true,"href":"https:\/\/adexa.ee\/en\/wp-json\/wp\/v2\/product_cat?post=13234"},{"taxonomy":"product_tag","embeddable":true,"href":"https:\/\/adexa.ee\/en\/wp-json\/wp\/v2\/product_tag?post=13234"}],"curies":[{"name":"wp","href":"https:\/\/api.w.org\/{rel}","templated":true}]}}