{"id":13236,"date":"2026-03-26T09:55:43","date_gmt":"2026-03-26T07:55:43","guid":{"rendered":"https:\/\/adexa.ee\/toode\/platvormkaru-kokkupandav-sinine-900x600x1000mm-adexa-gx200b\/"},"modified":"2026-03-26T09:55:47","modified_gmt":"2026-03-26T07:55:47","slug":"kaubakaru-kokkupandav-sinine-900x600x1000mm-adexa-gx200b","status":"publish","type":"product","link":"https:\/\/adexa.ee\/en\/toode\/kaubakaru-kokkupandav-sinine-900x600x1000mm-adexa-gx200b\/","title":{"rendered":"Kaubak\u00e4ru Kokkupandav Sinine 900x600x1000mm | Adexa GX200B"},"content":{"rendered":"<p>V\u00e4henda f\u00fc\u00fcsilist pinget k\u00e4sitsi t\u00f6\u00f6tamisel selle kommertseesm\u00e4rgiga platvormk\u00e4ruga. V\u00e4henda t\u00f6\u00f6ga seotud \u00f5nnetusi selle t\u00f6\u00f6j\u00f5udu s\u00e4\u00e4stva varustuse abil, mis on ideaalne raskete esemete, sealhulgas m\u00f6\u00f6bli, v\u00e4rskete kaupade ja koostisosade transportimiseks. Selle professionaalse platvormk\u00e4ruga saate s\u00e4\u00e4sta v\u00e4\u00e4rtuslikku ruumi ilma konstruktsiooni tugevust ohverdamata. T\u00e4psema teabe saamiseks vaadake rubriiki &#8220;Spetsifikatsioon&#8221;.<\/p>\n<table style=\"border-collapse: collapse; width: 100%; text-align: left;\">\n<tbody>\n<tr>\n<td style=\"border: 1px solid #ddd; padding: 8px; width: 45%;\"><strong>S\u00fcgavus<\/strong><\/td>\n<td style=\"border: 1px solid #ddd; padding: 8px;\">600 mm<\/td>\n<\/tr>\n<tr>\n<td style=\"border: 1px solid #ddd; padding: 8px; width: 45%;\"><strong>K\u00f5rgus<\/strong><\/td>\n<td style=\"border: 1px solid #ddd; padding: 8px;\">1000 mm<\/td>\n<\/tr>\n<tr>\n<td style=\"border: 1px solid #ddd; padding: 8px; width: 45%;\"><strong>Laius<\/strong><\/td>\n<td style=\"border: 1px solid #ddd; padding: 8px;\">900 mm<\/td>\n<\/tr>\n<tr>\n<td style=\"border: 1px solid #ddd; padding: 8px; width: 45%;\"><strong>Garantii<\/strong><\/td>\n<td style=\"border: 1px solid #ddd; padding: 8px;\">12 kuu varuosade garantii<\/td>\n<\/tr>\n<tr>\n<td style=\"border: 1px solid #ddd; padding: 8px; width: 45%;\"><strong>Maksimaalne koormus<\/strong><\/td>\n<td style=\"border: 1px solid #ddd; padding: 8px;\">120kg<\/td>\n<\/tr>\n<\/tbody>\n<\/table>\n","protected":false},"excerpt":{"rendered":"<p>V\u00e4henda f\u00fc\u00fcsilist pinget k\u00e4sitsi t\u00f6\u00f6tamisel selle kommertseesm\u00e4rgiga platvormk\u00e4ruga. V\u00e4henda t\u00f6\u00f6ga seotud \u00f5nnetusi selle t\u00f6\u00f6j\u00f5udu s\u00e4\u00e4stva varustuse abil, mis on ideaalne<\/p>\n","protected":false},"featured_media":13238,"template":"","meta":[],"product_brand":[],"product_cat":[623,572],"product_tag":[],"class_list":{"0":"post-13236","1":"product","2":"type-product","3":"status-publish","4":"has-post-thumbnail","6":"product_cat-karud","7":"product_cat-roostevabad-tooted","9":"first","10":"instock","11":"sale","12":"taxable","13":"shipping-taxable","14":"purchasable","15":"product-type-simple"},"yoast_head":"<!-- This site is optimized with the Yoast SEO plugin v27.3 - https:\/\/yoast.com\/product\/yoast-seo-wordpress\/ -->\n<title>Kaubak\u00e4ru Kokkupandav Sinine 900x600x1000mm | Adexa GX200B - Adexa \u2013 Suurk\u00f6\u00f6giseadmed restoranidele ja toitlustusele<\/title>\n<meta name=\"robots\" content=\"index, follow, max-snippet:-1, max-image-preview:large, max-video-preview:-1\" \/>\n<link rel=\"canonical\" href=\"https:\/\/adexa.ee\/toode\/kaubakaru-kokkupandav-sinine-900x600x1000mm-adexa-gx200b\/\" \/>\n<meta property=\"og:locale\" content=\"en_US\" \/>\n<meta property=\"og:type\" content=\"article\" \/>\n<meta property=\"og:title\" content=\"Kaubak\u00e4ru Kokkupandav Sinine 900x600x1000mm | Adexa GX200B - Adexa \u2013 Suurk\u00f6\u00f6giseadmed restoranidele ja toitlustusele\" \/>\n<meta property=\"og:description\" content=\"V\u00e4henda f\u00fc\u00fcsilist pinget k\u00e4sitsi t\u00f6\u00f6tamisel selle kommertseesm\u00e4rgiga platvormk\u00e4ruga. V\u00e4henda t\u00f6\u00f6ga seotud \u00f5nnetusi selle t\u00f6\u00f6j\u00f5udu s\u00e4\u00e4stva varustuse abil, mis on ideaalne\" \/>\n<meta property=\"og:url\" content=\"https:\/\/adexa.ee\/toode\/kaubakaru-kokkupandav-sinine-900x600x1000mm-adexa-gx200b\/\" \/>\n<meta property=\"og:site_name\" content=\"Adexa \u2013 Suurk\u00f6\u00f6giseadmed restoranidele ja toitlustusele\" \/>\n<meta property=\"article:modified_time\" content=\"2026-03-26T07:55:47+00:00\" \/>\n<meta property=\"og:image\" content=\"https:\/\/adexa.ee\/wp-content\/uploads\/2024\/12\/GX200B.jpg\" \/>\n\t<meta property=\"og:image:width\" content=\"1200\" \/>\n\t<meta property=\"og:image:height\" content=\"1200\" \/>\n\t<meta property=\"og:image:type\" content=\"image\/jpeg\" \/>\n<meta name=\"twitter:card\" content=\"summary_large_image\" \/>\n<script type=\"application\/ld+json\" class=\"yoast-schema-graph\">{\"@context\":\"https:\\\/\\\/schema.org\",\"@graph\":[{\"@type\":\"WebPage\",\"@id\":\"https:\\\/\\\/adexa.ee\\\/toode\\\/kaubakaru-kokkupandav-sinine-900x600x1000mm-adexa-gx200b\\\/\",\"url\":\"https:\\\/\\\/adexa.ee\\\/toode\\\/kaubakaru-kokkupandav-sinine-900x600x1000mm-adexa-gx200b\\\/\",\"name\":\"Kaubak\u00e4ru Kokkupandav Sinine 900x600x1000mm | Adexa GX200B - Adexa \u2013 Suurk\u00f6\u00f6giseadmed restoranidele ja toitlustusele\",\"isPartOf\":{\"@id\":\"https:\\\/\\\/adexa.ee\\\/#website\"},\"primaryImageOfPage\":{\"@id\":\"https:\\\/\\\/adexa.ee\\\/toode\\\/kaubakaru-kokkupandav-sinine-900x600x1000mm-adexa-gx200b\\\/#primaryimage\"},\"image\":{\"@id\":\"https:\\\/\\\/adexa.ee\\\/toode\\\/kaubakaru-kokkupandav-sinine-900x600x1000mm-adexa-gx200b\\\/#primaryimage\"},\"thumbnailUrl\":\"https:\\\/\\\/adexa.ee\\\/wp-content\\\/uploads\\\/2024\\\/12\\\/GX200B.jpg\",\"datePublished\":\"2026-03-26T07:55:43+00:00\",\"dateModified\":\"2026-03-26T07:55:47+00:00\",\"breadcrumb\":{\"@id\":\"https:\\\/\\\/adexa.ee\\\/toode\\\/kaubakaru-kokkupandav-sinine-900x600x1000mm-adexa-gx200b\\\/#breadcrumb\"},\"inLanguage\":\"en-US\",\"potentialAction\":[{\"@type\":\"ReadAction\",\"target\":[\"https:\\\/\\\/adexa.ee\\\/toode\\\/kaubakaru-kokkupandav-sinine-900x600x1000mm-adexa-gx200b\\\/\"]}]},{\"@type\":\"ImageObject\",\"inLanguage\":\"en-US\",\"@id\":\"https:\\\/\\\/adexa.ee\\\/toode\\\/kaubakaru-kokkupandav-sinine-900x600x1000mm-adexa-gx200b\\\/#primaryimage\",\"url\":\"https:\\\/\\\/adexa.ee\\\/wp-content\\\/uploads\\\/2024\\\/12\\\/GX200B.jpg\",\"contentUrl\":\"https:\\\/\\\/adexa.ee\\\/wp-content\\\/uploads\\\/2024\\\/12\\\/GX200B.jpg\",\"width\":1200,\"height\":1200},{\"@type\":\"BreadcrumbList\",\"@id\":\"https:\\\/\\\/adexa.ee\\\/toode\\\/kaubakaru-kokkupandav-sinine-900x600x1000mm-adexa-gx200b\\\/#breadcrumb\",\"itemListElement\":[{\"@type\":\"ListItem\",\"position\":1,\"name\":\"Home\",\"item\":\"https:\\\/\\\/adexa.ee\\\/\"},{\"@type\":\"ListItem\",\"position\":2,\"name\":\"Tooted\",\"item\":\"https:\\\/\\\/adexa.ee\\\/pood\\\/\"},{\"@type\":\"ListItem\",\"position\":3,\"name\":\"Kaubak\u00e4ru Kokkupandav Sinine 900x600x1000mm | Adexa GX200B\"}]},{\"@type\":\"WebSite\",\"@id\":\"https:\\\/\\\/adexa.ee\\\/#website\",\"url\":\"https:\\\/\\\/adexa.ee\\\/\",\"name\":\"Adexa\",\"description\":\"\",\"publisher\":{\"@id\":\"https:\\\/\\\/adexa.ee\\\/#organization\"},\"potentialAction\":[{\"@type\":\"SearchAction\",\"target\":{\"@type\":\"EntryPoint\",\"urlTemplate\":\"https:\\\/\\\/adexa.ee\\\/?s={search_term_string}\"},\"query-input\":{\"@type\":\"PropertyValueSpecification\",\"valueRequired\":true,\"valueName\":\"search_term_string\"}}],\"inLanguage\":\"en-US\"},{\"@type\":\"Organization\",\"@id\":\"https:\\\/\\\/adexa.ee\\\/#organization\",\"name\":\"Adexa\",\"url\":\"https:\\\/\\\/adexa.ee\\\/\",\"logo\":{\"@type\":\"ImageObject\",\"inLanguage\":\"en-US\",\"@id\":\"https:\\\/\\\/adexa.ee\\\/#\\\/schema\\\/logo\\\/image\\\/\",\"url\":\"https:\\\/\\\/adexa.ee\\\/wp-content\\\/uploads\\\/2024\\\/04\\\/chef-cooks-working-in-professional-kitchen-2023-11-27-05-07-39-utc-scaled.jpg\",\"contentUrl\":\"https:\\\/\\\/adexa.ee\\\/wp-content\\\/uploads\\\/2024\\\/04\\\/chef-cooks-working-in-professional-kitchen-2023-11-27-05-07-39-utc-scaled.jpg\",\"width\":2560,\"height\":1708,\"caption\":\"Adexa\"},\"image\":{\"@id\":\"https:\\\/\\\/adexa.ee\\\/#\\\/schema\\\/logo\\\/image\\\/\"}}]}<\/script>\n<!-- \/ Yoast SEO plugin. -->","yoast_head_json":{"title":"Kaubak\u00e4ru Kokkupandav Sinine 900x600x1000mm | Adexa GX200B - Adexa \u2013 Suurk\u00f6\u00f6giseadmed restoranidele ja toitlustusele","robots":{"index":"index","follow":"follow","max-snippet":"max-snippet:-1","max-image-preview":"max-image-preview:large","max-video-preview":"max-video-preview:-1"},"canonical":"https:\/\/adexa.ee\/toode\/kaubakaru-kokkupandav-sinine-900x600x1000mm-adexa-gx200b\/","og_locale":"en_US","og_type":"article","og_title":"Kaubak\u00e4ru Kokkupandav Sinine 900x600x1000mm | Adexa GX200B - Adexa \u2013 Suurk\u00f6\u00f6giseadmed restoranidele ja toitlustusele","og_description":"V\u00e4henda f\u00fc\u00fcsilist pinget k\u00e4sitsi t\u00f6\u00f6tamisel selle kommertseesm\u00e4rgiga platvormk\u00e4ruga. V\u00e4henda t\u00f6\u00f6ga seotud \u00f5nnetusi selle t\u00f6\u00f6j\u00f5udu s\u00e4\u00e4stva varustuse abil, mis on ideaalne","og_url":"https:\/\/adexa.ee\/toode\/kaubakaru-kokkupandav-sinine-900x600x1000mm-adexa-gx200b\/","og_site_name":"Adexa \u2013 Suurk\u00f6\u00f6giseadmed restoranidele ja toitlustusele","article_modified_time":"2026-03-26T07:55:47+00:00","og_image":[{"width":1200,"height":1200,"url":"https:\/\/adexa.ee\/wp-content\/uploads\/2024\/12\/GX200B.jpg","type":"image\/jpeg"}],"twitter_card":"summary_large_image","schema":{"@context":"https:\/\/schema.org","@graph":[{"@type":"WebPage","@id":"https:\/\/adexa.ee\/toode\/kaubakaru-kokkupandav-sinine-900x600x1000mm-adexa-gx200b\/","url":"https:\/\/adexa.ee\/toode\/kaubakaru-kokkupandav-sinine-900x600x1000mm-adexa-gx200b\/","name":"Kaubak\u00e4ru Kokkupandav Sinine 900x600x1000mm | Adexa GX200B - Adexa \u2013 Suurk\u00f6\u00f6giseadmed restoranidele ja toitlustusele","isPartOf":{"@id":"https:\/\/adexa.ee\/#website"},"primaryImageOfPage":{"@id":"https:\/\/adexa.ee\/toode\/kaubakaru-kokkupandav-sinine-900x600x1000mm-adexa-gx200b\/#primaryimage"},"image":{"@id":"https:\/\/adexa.ee\/toode\/kaubakaru-kokkupandav-sinine-900x600x1000mm-adexa-gx200b\/#primaryimage"},"thumbnailUrl":"https:\/\/adexa.ee\/wp-content\/uploads\/2024\/12\/GX200B.jpg","datePublished":"2026-03-26T07:55:43+00:00","dateModified":"2026-03-26T07:55:47+00:00","breadcrumb":{"@id":"https:\/\/adexa.ee\/toode\/kaubakaru-kokkupandav-sinine-900x600x1000mm-adexa-gx200b\/#breadcrumb"},"inLanguage":"en-US","potentialAction":[{"@type":"ReadAction","target":["https:\/\/adexa.ee\/toode\/kaubakaru-kokkupandav-sinine-900x600x1000mm-adexa-gx200b\/"]}]},{"@type":"ImageObject","inLanguage":"en-US","@id":"https:\/\/adexa.ee\/toode\/kaubakaru-kokkupandav-sinine-900x600x1000mm-adexa-gx200b\/#primaryimage","url":"https:\/\/adexa.ee\/wp-content\/uploads\/2024\/12\/GX200B.jpg","contentUrl":"https:\/\/adexa.ee\/wp-content\/uploads\/2024\/12\/GX200B.jpg","width":1200,"height":1200},{"@type":"BreadcrumbList","@id":"https:\/\/adexa.ee\/toode\/kaubakaru-kokkupandav-sinine-900x600x1000mm-adexa-gx200b\/#breadcrumb","itemListElement":[{"@type":"ListItem","position":1,"name":"Home","item":"https:\/\/adexa.ee\/"},{"@type":"ListItem","position":2,"name":"Tooted","item":"https:\/\/adexa.ee\/pood\/"},{"@type":"ListItem","position":3,"name":"Kaubak\u00e4ru Kokkupandav Sinine 900x600x1000mm | Adexa GX200B"}]},{"@type":"WebSite","@id":"https:\/\/adexa.ee\/#website","url":"https:\/\/adexa.ee\/","name":"Adexa","description":"","publisher":{"@id":"https:\/\/adexa.ee\/#organization"},"potentialAction":[{"@type":"SearchAction","target":{"@type":"EntryPoint","urlTemplate":"https:\/\/adexa.ee\/?s={search_term_string}"},"query-input":{"@type":"PropertyValueSpecification","valueRequired":true,"valueName":"search_term_string"}}],"inLanguage":"en-US"},{"@type":"Organization","@id":"https:\/\/adexa.ee\/#organization","name":"Adexa","url":"https:\/\/adexa.ee\/","logo":{"@type":"ImageObject","inLanguage":"en-US","@id":"https:\/\/adexa.ee\/#\/schema\/logo\/image\/","url":"https:\/\/adexa.ee\/wp-content\/uploads\/2024\/04\/chef-cooks-working-in-professional-kitchen-2023-11-27-05-07-39-utc-scaled.jpg","contentUrl":"https:\/\/adexa.ee\/wp-content\/uploads\/2024\/04\/chef-cooks-working-in-professional-kitchen-2023-11-27-05-07-39-utc-scaled.jpg","width":2560,"height":1708,"caption":"Adexa"},"image":{"@id":"https:\/\/adexa.ee\/#\/schema\/logo\/image\/"}}]}},"_links":{"self":[{"href":"https:\/\/adexa.ee\/en\/wp-json\/wp\/v2\/product\/13236","targetHints":{"allow":["GET"]}}],"collection":[{"href":"https:\/\/adexa.ee\/en\/wp-json\/wp\/v2\/product"}],"about":[{"href":"https:\/\/adexa.ee\/en\/wp-json\/wp\/v2\/types\/product"}],"wp:featuredmedia":[{"embeddable":true,"href":"https:\/\/adexa.ee\/en\/wp-json\/wp\/v2\/media\/13238"}],"wp:attachment":[{"href":"https:\/\/adexa.ee\/en\/wp-json\/wp\/v2\/media?parent=13236"}],"wp:term":[{"taxonomy":"product_brand","embeddable":true,"href":"https:\/\/adexa.ee\/en\/wp-json\/wp\/v2\/product_brand?post=13236"},{"taxonomy":"product_cat","embeddable":true,"href":"https:\/\/adexa.ee\/en\/wp-json\/wp\/v2\/product_cat?post=13236"},{"taxonomy":"product_tag","embeddable":true,"href":"https:\/\/adexa.ee\/en\/wp-json\/wp\/v2\/product_tag?post=13236"}],"curies":[{"name":"wp","href":"https:\/\/api.w.org\/{rel}","templated":true}]}}