{"id":13276,"date":"2026-03-26T09:55:43","date_gmt":"2026-03-26T07:55:43","guid":{"rendered":"https:\/\/adexa.ee\/toode\/lamineeritud-ruudukujuline-lauaplaat-hall-24x24-adexa-tt2424grey\/"},"modified":"2026-03-26T09:55:49","modified_gmt":"2026-03-26T07:55:49","slug":"lamineeritud-ruudukujuline-lauaplaat-hall-24x24-adexa-tt2424grey","status":"publish","type":"product","link":"https:\/\/adexa.ee\/en\/toode\/lamineeritud-ruudukujuline-lauaplaat-hall-24x24-adexa-tt2424grey\/","title":{"rendered":"Lamineeritud ruudukujuline lauaplaat Hall 24&#215;24&#8243; | Adexa TT2424GREY"},"content":{"rendered":"<p>See lamineeritud lauaplaat m\u00f5\u00f5tudes 24\u201d x 24\u201d (610x610mm) v\u00f5imaldab mugavalt majutada kaks k\u00fclalist, v\u00f5tmata palju ruumi teie avalikus alal. Lisaks on see valmistatud vastupidavatest lamineeritud materjalidest, mis tagavad pikaajalise kasutuse teie restoranis v\u00f5i delis. Hall Must melamiinkattega tagak\u00fclg Lihtne puhastada Kuuma- ja kriimustuskindel Alused m\u00fc\u00fcakse eraldi<\/p>\n<table style=\"border-collapse: collapse; width: 100%; text-align: left;\">\n<tbody>\n<tr>\n<td style=\"border: 1px solid #ddd; padding: 8px; width: 45%;\"><strong>Kaal<\/strong><\/td>\n<td style=\"border: 1px solid #ddd; padding: 8px;\">9 kg<\/td>\n<\/tr>\n<tr>\n<td style=\"border: 1px solid #ddd; padding: 8px; width: 45%;\"><strong>Garantii<\/strong><\/td>\n<td style=\"border: 1px solid #ddd; padding: 8px;\">12 kuu varuosade garantii<\/td>\n<\/tr>\n<tr>\n<td style=\"border: 1px solid #ddd; padding: 8px; width: 45%;\"><strong>Materjal<\/strong><\/td>\n<td style=\"border: 1px solid #ddd; padding: 8px;\">Lamineeritud<\/td>\n<\/tr>\n<tr>\n<td style=\"border: 1px solid #ddd; padding: 8px; width: 45%;\"><strong>V\u00e4rv<\/strong><\/td>\n<td style=\"border: 1px solid #ddd; padding: 8px;\">Hall<\/td>\n<\/tr>\n<tr>\n<td style=\"border: 1px solid #ddd; padding: 8px; width: 45%;\"><strong>Paksus<\/strong><\/td>\n<td style=\"border: 1px solid #ddd; padding: 8px;\">1&#8221; \/ 25 mm<\/td>\n<\/tr>\n<\/tbody>\n<\/table>\n","protected":false},"excerpt":{"rendered":"<p>See lamineeritud lauaplaat m\u00f5\u00f5tudes 24\u201d x 24\u201d (610x610mm) v\u00f5imaldab mugavalt majutada kaks k\u00fclalist, v\u00f5tmata palju ruumi teie avalikus alal. Lisaks<\/p>\n","protected":false},"featured_media":9909,"template":"","meta":[],"product_brand":[],"product_cat":[981,562,571,563,561],"product_tag":[],"class_list":{"0":"post-13276","1":"product","2":"type-product","3":"status-publish","4":"has-post-thumbnail","6":"product_cat-laomuugi-moobel","7":"product_cat-bistroo-ja-soogilauad","8":"product_cat-laovaru-muuk","9":"product_cat-lauaplaadid","10":"product_cat-moobel-ja-hoiustamine","12":"first","13":"instock","14":"sale","15":"taxable","16":"shipping-taxable","17":"purchasable","18":"product-type-simple"},"yoast_head":"<!-- This site is optimized with the Yoast SEO plugin v27.3 - https:\/\/yoast.com\/product\/yoast-seo-wordpress\/ -->\n<title>Lamineeritud ruudukujuline lauaplaat Hall 24x24&quot; | Adexa TT2424GREY - Adexa \u2013 Suurk\u00f6\u00f6giseadmed restoranidele ja toitlustusele<\/title>\n<meta name=\"robots\" content=\"index, follow, max-snippet:-1, max-image-preview:large, max-video-preview:-1\" \/>\n<link rel=\"canonical\" href=\"https:\/\/adexa.ee\/toode\/lamineeritud-ruudukujuline-lauaplaat-hall-24x24-adexa-tt2424grey\/\" \/>\n<meta property=\"og:locale\" content=\"en_US\" \/>\n<meta property=\"og:type\" content=\"article\" \/>\n<meta property=\"og:title\" content=\"Lamineeritud ruudukujuline lauaplaat Hall 24x24&quot; | Adexa TT2424GREY - Adexa \u2013 Suurk\u00f6\u00f6giseadmed restoranidele ja toitlustusele\" \/>\n<meta property=\"og:description\" content=\"See lamineeritud lauaplaat m\u00f5\u00f5tudes 24\u201d x 24\u201d (610x610mm) v\u00f5imaldab mugavalt majutada kaks k\u00fclalist, v\u00f5tmata palju ruumi teie avalikus alal. Lisaks\" \/>\n<meta property=\"og:url\" content=\"https:\/\/adexa.ee\/toode\/lamineeritud-ruudukujuline-lauaplaat-hall-24x24-adexa-tt2424grey\/\" \/>\n<meta property=\"og:site_name\" content=\"Adexa \u2013 Suurk\u00f6\u00f6giseadmed restoranidele ja toitlustusele\" \/>\n<meta property=\"article:modified_time\" content=\"2026-03-26T07:55:49+00:00\" \/>\n<meta property=\"og:image\" content=\"https:\/\/adexa.ee\/wp-content\/uploads\/2024\/12\/TT2430-GREY--514x514.jpg\" \/>\n\t<meta property=\"og:image:width\" content=\"514\" \/>\n\t<meta property=\"og:image:height\" content=\"514\" \/>\n\t<meta property=\"og:image:type\" content=\"image\/jpeg\" \/>\n<meta name=\"twitter:card\" content=\"summary_large_image\" \/>\n<script type=\"application\/ld+json\" class=\"yoast-schema-graph\">{\"@context\":\"https:\\\/\\\/schema.org\",\"@graph\":[{\"@type\":\"WebPage\",\"@id\":\"https:\\\/\\\/adexa.ee\\\/toode\\\/lamineeritud-ruudukujuline-lauaplaat-hall-24x24-adexa-tt2424grey\\\/\",\"url\":\"https:\\\/\\\/adexa.ee\\\/toode\\\/lamineeritud-ruudukujuline-lauaplaat-hall-24x24-adexa-tt2424grey\\\/\",\"name\":\"Lamineeritud ruudukujuline lauaplaat Hall 24x24\\\" | Adexa TT2424GREY - Adexa \u2013 Suurk\u00f6\u00f6giseadmed restoranidele ja toitlustusele\",\"isPartOf\":{\"@id\":\"https:\\\/\\\/adexa.ee\\\/#website\"},\"primaryImageOfPage\":{\"@id\":\"https:\\\/\\\/adexa.ee\\\/toode\\\/lamineeritud-ruudukujuline-lauaplaat-hall-24x24-adexa-tt2424grey\\\/#primaryimage\"},\"image\":{\"@id\":\"https:\\\/\\\/adexa.ee\\\/toode\\\/lamineeritud-ruudukujuline-lauaplaat-hall-24x24-adexa-tt2424grey\\\/#primaryimage\"},\"thumbnailUrl\":\"https:\\\/\\\/adexa.ee\\\/wp-content\\\/uploads\\\/2024\\\/12\\\/TT2430-GREY-.jpg\",\"datePublished\":\"2026-03-26T07:55:43+00:00\",\"dateModified\":\"2026-03-26T07:55:49+00:00\",\"breadcrumb\":{\"@id\":\"https:\\\/\\\/adexa.ee\\\/toode\\\/lamineeritud-ruudukujuline-lauaplaat-hall-24x24-adexa-tt2424grey\\\/#breadcrumb\"},\"inLanguage\":\"en-US\",\"potentialAction\":[{\"@type\":\"ReadAction\",\"target\":[\"https:\\\/\\\/adexa.ee\\\/toode\\\/lamineeritud-ruudukujuline-lauaplaat-hall-24x24-adexa-tt2424grey\\\/\"]}]},{\"@type\":\"ImageObject\",\"inLanguage\":\"en-US\",\"@id\":\"https:\\\/\\\/adexa.ee\\\/toode\\\/lamineeritud-ruudukujuline-lauaplaat-hall-24x24-adexa-tt2424grey\\\/#primaryimage\",\"url\":\"https:\\\/\\\/adexa.ee\\\/wp-content\\\/uploads\\\/2024\\\/12\\\/TT2430-GREY-.jpg\",\"contentUrl\":\"https:\\\/\\\/adexa.ee\\\/wp-content\\\/uploads\\\/2024\\\/12\\\/TT2430-GREY-.jpg\",\"width\":2000,\"height\":2000},{\"@type\":\"BreadcrumbList\",\"@id\":\"https:\\\/\\\/adexa.ee\\\/toode\\\/lamineeritud-ruudukujuline-lauaplaat-hall-24x24-adexa-tt2424grey\\\/#breadcrumb\",\"itemListElement\":[{\"@type\":\"ListItem\",\"position\":1,\"name\":\"Home\",\"item\":\"https:\\\/\\\/adexa.ee\\\/\"},{\"@type\":\"ListItem\",\"position\":2,\"name\":\"Tooted\",\"item\":\"https:\\\/\\\/adexa.ee\\\/pood\\\/\"},{\"@type\":\"ListItem\",\"position\":3,\"name\":\"Lamineeritud ruudukujuline lauaplaat Hall 24&#215;24&#8243; | Adexa TT2424GREY\"}]},{\"@type\":\"WebSite\",\"@id\":\"https:\\\/\\\/adexa.ee\\\/#website\",\"url\":\"https:\\\/\\\/adexa.ee\\\/\",\"name\":\"Adexa\",\"description\":\"\",\"publisher\":{\"@id\":\"https:\\\/\\\/adexa.ee\\\/#organization\"},\"potentialAction\":[{\"@type\":\"SearchAction\",\"target\":{\"@type\":\"EntryPoint\",\"urlTemplate\":\"https:\\\/\\\/adexa.ee\\\/?s={search_term_string}\"},\"query-input\":{\"@type\":\"PropertyValueSpecification\",\"valueRequired\":true,\"valueName\":\"search_term_string\"}}],\"inLanguage\":\"en-US\"},{\"@type\":\"Organization\",\"@id\":\"https:\\\/\\\/adexa.ee\\\/#organization\",\"name\":\"Adexa\",\"url\":\"https:\\\/\\\/adexa.ee\\\/\",\"logo\":{\"@type\":\"ImageObject\",\"inLanguage\":\"en-US\",\"@id\":\"https:\\\/\\\/adexa.ee\\\/#\\\/schema\\\/logo\\\/image\\\/\",\"url\":\"https:\\\/\\\/adexa.ee\\\/wp-content\\\/uploads\\\/2024\\\/04\\\/chef-cooks-working-in-professional-kitchen-2023-11-27-05-07-39-utc-scaled.jpg\",\"contentUrl\":\"https:\\\/\\\/adexa.ee\\\/wp-content\\\/uploads\\\/2024\\\/04\\\/chef-cooks-working-in-professional-kitchen-2023-11-27-05-07-39-utc-scaled.jpg\",\"width\":2560,\"height\":1708,\"caption\":\"Adexa\"},\"image\":{\"@id\":\"https:\\\/\\\/adexa.ee\\\/#\\\/schema\\\/logo\\\/image\\\/\"}}]}<\/script>\n<!-- \/ Yoast SEO plugin. -->","yoast_head_json":{"title":"Lamineeritud ruudukujuline lauaplaat Hall 24x24\" | Adexa TT2424GREY - Adexa \u2013 Suurk\u00f6\u00f6giseadmed restoranidele ja toitlustusele","robots":{"index":"index","follow":"follow","max-snippet":"max-snippet:-1","max-image-preview":"max-image-preview:large","max-video-preview":"max-video-preview:-1"},"canonical":"https:\/\/adexa.ee\/toode\/lamineeritud-ruudukujuline-lauaplaat-hall-24x24-adexa-tt2424grey\/","og_locale":"en_US","og_type":"article","og_title":"Lamineeritud ruudukujuline lauaplaat Hall 24x24\" | Adexa TT2424GREY - Adexa \u2013 Suurk\u00f6\u00f6giseadmed restoranidele ja toitlustusele","og_description":"See lamineeritud lauaplaat m\u00f5\u00f5tudes 24\u201d x 24\u201d (610x610mm) v\u00f5imaldab mugavalt majutada kaks k\u00fclalist, v\u00f5tmata palju ruumi teie avalikus alal. Lisaks","og_url":"https:\/\/adexa.ee\/toode\/lamineeritud-ruudukujuline-lauaplaat-hall-24x24-adexa-tt2424grey\/","og_site_name":"Adexa \u2013 Suurk\u00f6\u00f6giseadmed restoranidele ja toitlustusele","article_modified_time":"2026-03-26T07:55:49+00:00","og_image":[{"width":514,"height":514,"url":"https:\/\/adexa.ee\/wp-content\/uploads\/2024\/12\/TT2430-GREY--514x514.jpg","type":"image\/jpeg"}],"twitter_card":"summary_large_image","schema":{"@context":"https:\/\/schema.org","@graph":[{"@type":"WebPage","@id":"https:\/\/adexa.ee\/toode\/lamineeritud-ruudukujuline-lauaplaat-hall-24x24-adexa-tt2424grey\/","url":"https:\/\/adexa.ee\/toode\/lamineeritud-ruudukujuline-lauaplaat-hall-24x24-adexa-tt2424grey\/","name":"Lamineeritud ruudukujuline lauaplaat Hall 24x24\" | Adexa TT2424GREY - Adexa \u2013 Suurk\u00f6\u00f6giseadmed restoranidele ja toitlustusele","isPartOf":{"@id":"https:\/\/adexa.ee\/#website"},"primaryImageOfPage":{"@id":"https:\/\/adexa.ee\/toode\/lamineeritud-ruudukujuline-lauaplaat-hall-24x24-adexa-tt2424grey\/#primaryimage"},"image":{"@id":"https:\/\/adexa.ee\/toode\/lamineeritud-ruudukujuline-lauaplaat-hall-24x24-adexa-tt2424grey\/#primaryimage"},"thumbnailUrl":"https:\/\/adexa.ee\/wp-content\/uploads\/2024\/12\/TT2430-GREY-.jpg","datePublished":"2026-03-26T07:55:43+00:00","dateModified":"2026-03-26T07:55:49+00:00","breadcrumb":{"@id":"https:\/\/adexa.ee\/toode\/lamineeritud-ruudukujuline-lauaplaat-hall-24x24-adexa-tt2424grey\/#breadcrumb"},"inLanguage":"en-US","potentialAction":[{"@type":"ReadAction","target":["https:\/\/adexa.ee\/toode\/lamineeritud-ruudukujuline-lauaplaat-hall-24x24-adexa-tt2424grey\/"]}]},{"@type":"ImageObject","inLanguage":"en-US","@id":"https:\/\/adexa.ee\/toode\/lamineeritud-ruudukujuline-lauaplaat-hall-24x24-adexa-tt2424grey\/#primaryimage","url":"https:\/\/adexa.ee\/wp-content\/uploads\/2024\/12\/TT2430-GREY-.jpg","contentUrl":"https:\/\/adexa.ee\/wp-content\/uploads\/2024\/12\/TT2430-GREY-.jpg","width":2000,"height":2000},{"@type":"BreadcrumbList","@id":"https:\/\/adexa.ee\/toode\/lamineeritud-ruudukujuline-lauaplaat-hall-24x24-adexa-tt2424grey\/#breadcrumb","itemListElement":[{"@type":"ListItem","position":1,"name":"Home","item":"https:\/\/adexa.ee\/"},{"@type":"ListItem","position":2,"name":"Tooted","item":"https:\/\/adexa.ee\/pood\/"},{"@type":"ListItem","position":3,"name":"Lamineeritud ruudukujuline lauaplaat Hall 24&#215;24&#8243; | Adexa TT2424GREY"}]},{"@type":"WebSite","@id":"https:\/\/adexa.ee\/#website","url":"https:\/\/adexa.ee\/","name":"Adexa","description":"","publisher":{"@id":"https:\/\/adexa.ee\/#organization"},"potentialAction":[{"@type":"SearchAction","target":{"@type":"EntryPoint","urlTemplate":"https:\/\/adexa.ee\/?s={search_term_string}"},"query-input":{"@type":"PropertyValueSpecification","valueRequired":true,"valueName":"search_term_string"}}],"inLanguage":"en-US"},{"@type":"Organization","@id":"https:\/\/adexa.ee\/#organization","name":"Adexa","url":"https:\/\/adexa.ee\/","logo":{"@type":"ImageObject","inLanguage":"en-US","@id":"https:\/\/adexa.ee\/#\/schema\/logo\/image\/","url":"https:\/\/adexa.ee\/wp-content\/uploads\/2024\/04\/chef-cooks-working-in-professional-kitchen-2023-11-27-05-07-39-utc-scaled.jpg","contentUrl":"https:\/\/adexa.ee\/wp-content\/uploads\/2024\/04\/chef-cooks-working-in-professional-kitchen-2023-11-27-05-07-39-utc-scaled.jpg","width":2560,"height":1708,"caption":"Adexa"},"image":{"@id":"https:\/\/adexa.ee\/#\/schema\/logo\/image\/"}}]}},"_links":{"self":[{"href":"https:\/\/adexa.ee\/en\/wp-json\/wp\/v2\/product\/13276","targetHints":{"allow":["GET"]}}],"collection":[{"href":"https:\/\/adexa.ee\/en\/wp-json\/wp\/v2\/product"}],"about":[{"href":"https:\/\/adexa.ee\/en\/wp-json\/wp\/v2\/types\/product"}],"wp:featuredmedia":[{"embeddable":true,"href":"https:\/\/adexa.ee\/en\/wp-json\/wp\/v2\/media\/9909"}],"wp:attachment":[{"href":"https:\/\/adexa.ee\/en\/wp-json\/wp\/v2\/media?parent=13276"}],"wp:term":[{"taxonomy":"product_brand","embeddable":true,"href":"https:\/\/adexa.ee\/en\/wp-json\/wp\/v2\/product_brand?post=13276"},{"taxonomy":"product_cat","embeddable":true,"href":"https:\/\/adexa.ee\/en\/wp-json\/wp\/v2\/product_cat?post=13276"},{"taxonomy":"product_tag","embeddable":true,"href":"https:\/\/adexa.ee\/en\/wp-json\/wp\/v2\/product_tag?post=13276"}],"curies":[{"name":"wp","href":"https:\/\/api.w.org\/{rel}","templated":true}]}}