{"id":13282,"date":"2026-04-01T00:05:46","date_gmt":"2026-03-31T21:05:46","guid":{"rendered":"https:\/\/adexa.ee\/toode\/pudeli-jahuti-vitriin-uhe-uksega-345-liitrit-ilma-ulemise-paneelita-adexa-sc380fb\/"},"modified":"2026-04-01T00:05:47","modified_gmt":"2026-03-31T21:05:47","slug":"joogikulmik-uhe-uksega-345-liitrit-ilma-ulemise-paneelita-adexa-sc380fb","status":"publish","type":"product","link":"https:\/\/adexa.ee\/en\/toode\/joogikulmik-uhe-uksega-345-liitrit-ilma-ulemise-paneelita-adexa-sc380fb\/","title":{"rendered":"Joogik\u00fclmik, \u00dche uksega, 345 liitrit, Ilma \u00fclemise paneelita | Adexa SC380FB"},"content":{"rendered":"<p>T\u00e4isk\u00f5rgusega \u00fche uksega kommertsiaalne tagumisel baarile m\u00f5eldud pudeli jahuti, mis sobib ideaalselt kasutamiseks kauplustes, baarides v\u00f5i supermarketites. Seade on stiilse musta v\u00e4lisviimistlusega, kahekordse klaaspakettiga ja isesulgnevate klaasustega ning esiventilatsiooniavad v\u00f5imaldavad seda sobitada olemasolevasse \u00e4riruumi. Sisevalgustus on energiat\u00f5husate LED-tulede abil, mida t\u00e4iendatakse peegeldava sisepinna viimistlusega, et luua silmatorkav tootev\u00e4ljapanek. Seade saab lihtsalt tavalise 13-amprise pistik\u00fchendusega vooluv\u00f5rku \u00fchendada. Palun pange t\u00e4hele: Toodet ei pruugita sobida koduseks kasutamiseks, kuna operatiivne m\u00fcratase v\u00f5ib olla liiga k\u00f5rge.Kuivatuseta k\u00fclmutuss\u00fcsteem, automaatne sulatusUniversaalsed rattad, esirattad piduritega, kerge kinnitadaK\u00f5rge t\u00f5hususega kompressor kiire jahutusv\u00f5imalusegaElektrooniline temperatuuri reguleerimineAutomaatne kondensvee aurustamiss\u00fcsteemAutomaatne sulgemiss\u00fcsteem, s\u00e4ilitab soojust ja energiatT\u00e4isvalgustus LED-idega, parandab kaupade eksponeerimise efektiRaputamata klaasPlastikuga kaetud riiulidElektrooniline temperatuuri kontroller<\/p>\n<table style=\"border-collapse: collapse; width: 100%; text-align: left;\">\n<tbody>\n<tr>\n<td style=\"border: 1px solid #ddd; padding: 8px; width: 45%;\"><strong>S\u00fcgavus<\/strong><\/td>\n<td style=\"border: 1px solid #ddd; padding: 8px;\">608 mm<\/td>\n<\/tr>\n<tr>\n<td style=\"border: 1px solid #ddd; padding: 8px; width: 45%;\"><strong>K\u00f5rgus<\/strong><\/td>\n<td style=\"border: 1px solid #ddd; padding: 8px;\">1915 mm<\/td>\n<\/tr>\n<tr>\n<td style=\"border: 1px solid #ddd; padding: 8px; width: 45%;\"><strong>Laius<\/strong><\/td>\n<td style=\"border: 1px solid #ddd; padding: 8px;\">550 mm<\/td>\n<\/tr>\n<tr>\n<td style=\"border: 1px solid #ddd; padding: 8px; width: 45%;\"><strong>Kaal<\/strong><\/td>\n<td style=\"border: 1px solid #ddd; padding: 8px;\">70 kg<\/td>\n<\/tr>\n<tr>\n<td style=\"border: 1px solid #ddd; padding: 8px; width: 45%;\"><strong>Garantii<\/strong><\/td>\n<td style=\"border: 1px solid #ddd; padding: 8px;\">12 kuu varuosade garantii<\/td>\n<\/tr>\n<tr>\n<td style=\"border: 1px solid #ddd; padding: 8px; width: 45%;\"><strong>Mahutavus<\/strong><\/td>\n<td style=\"border: 1px solid #ddd; padding: 8px;\">345 liitrit<\/td>\n<\/tr>\n<tr>\n<td style=\"border: 1px solid #ddd; padding: 8px; width: 45%;\"><strong>Toiteallikas<\/strong><\/td>\n<td style=\"border: 1px solid #ddd; padding: 8px;\">230V \/ 1 faas<\/td>\n<\/tr>\n<tr>\n<td style=\"border: 1px solid #ddd; padding: 8px; width: 45%;\"><strong>Uksed<\/strong><\/td>\n<td style=\"border: 1px solid #ddd; padding: 8px;\">1 hinged karastatud klaasuks<\/td>\n<\/tr>\n<tr>\n<td style=\"border: 1px solid #ddd; padding: 8px; width: 45%;\"><strong>V\u00e4rv<\/strong><\/td>\n<td style=\"border: 1px solid #ddd; padding: 8px;\">Must<\/td>\n<\/tr>\n<tr>\n<td style=\"border: 1px solid #ddd; padding: 8px; width: 45%;\"><strong>Jahutamine<\/strong><\/td>\n<td style=\"border: 1px solid #ddd; padding: 8px;\">Ventilaatorjahutus<\/td>\n<\/tr>\n<tr>\n<td style=\"border: 1px solid #ddd; padding: 8px; width: 45%;\"><strong>Sulatamine<\/strong><\/td>\n<td style=\"border: 1px solid #ddd; padding: 8px;\">Automaatne<\/td>\n<\/tr>\n<tr>\n<td style=\"border: 1px solid #ddd; padding: 8px; width: 45%;\"><strong>Temperatuur<\/strong><\/td>\n<td style=\"border: 1px solid #ddd; padding: 8px;\">+1\u00b0C kuni +10\u00b0C<\/td>\n<\/tr>\n<tr>\n<td style=\"border: 1px solid #ddd; padding: 8px; width: 45%;\"><strong>Valgustus<\/strong><\/td>\n<td style=\"border: 1px solid #ddd; padding: 8px;\">T\u00e4is-LED tuled<\/td>\n<\/tr>\n<tr>\n<td style=\"border: 1px solid #ddd; padding: 8px; width: 45%;\"><strong>Materjal (v\u00e4limine)<\/strong><\/td>\n<td style=\"border: 1px solid #ddd; padding: 8px;\">Pulberv\u00e4rvitud terasplaat<\/td>\n<\/tr>\n<tr>\n<td style=\"border: 1px solid #ddd; padding: 8px; width: 45%;\"><strong>V\u00f5imsuse tarbimine<\/strong><\/td>\n<td style=\"border: 1px solid #ddd; padding: 8px;\">770 kWh\/aastas<\/td>\n<\/tr>\n<tr>\n<td style=\"border: 1px solid #ddd; padding: 8px; width: 45%;\"><strong>M\u00f5\u00f5tmed (sisene)<\/strong><\/td>\n<td style=\"border: 1px solid #ddd; padding: 8px;\">470x508x1439 mm<\/td>\n<\/tr>\n<\/tbody>\n<\/table>\n","protected":false},"excerpt":{"rendered":"<p>T\u00e4isk\u00f5rgusega \u00fche uksega kommertsiaalne tagumisel baarile m\u00f5eldud pudeli jahuti, mis sobib ideaalselt kasutamiseks kauplustes, baarides v\u00f5i supermarketites. Seade on stiilse<\/p>\n","protected":false},"featured_media":13284,"template":"","meta":[],"product_brand":[],"product_cat":[766,564,678,765,767,762],"product_tag":[],"class_list":{"0":"post-13282","1":"product","2":"type-product","3":"status-publish","4":"has-post-thumbnail","6":"product_cat-baarikulmikud","7":"product_cat-jahutusseadmed","8":"product_cat-joogikulmikud","9":"product_cat-klaasustega-kulmikud","10":"product_cat-mustad-joogikulmikud","11":"product_cat-uhe-uksega-joogikulmik","13":"first","14":"instock","15":"sale","16":"taxable","17":"shipping-taxable","18":"purchasable","19":"product-type-simple"},"yoast_head":"<!-- This site is optimized with the Yoast SEO plugin v27.3 - https:\/\/yoast.com\/product\/yoast-seo-wordpress\/ -->\n<title>Joogik\u00fclmik, \u00dche uksega, 345 liitrit, Ilma \u00fclemise paneelita | Adexa SC380FB - Adexa \u2013 Suurk\u00f6\u00f6giseadmed restoranidele ja toitlustusele<\/title>\n<meta name=\"robots\" content=\"index, follow, max-snippet:-1, max-image-preview:large, max-video-preview:-1\" \/>\n<link rel=\"canonical\" href=\"https:\/\/adexa.ee\/toode\/joogikulmik-uhe-uksega-345-liitrit-ilma-ulemise-paneelita-adexa-sc380fb\/\" \/>\n<meta property=\"og:locale\" content=\"en_US\" \/>\n<meta property=\"og:type\" content=\"article\" \/>\n<meta property=\"og:title\" content=\"Joogik\u00fclmik, \u00dche uksega, 345 liitrit, Ilma \u00fclemise paneelita | Adexa SC380FB - Adexa \u2013 Suurk\u00f6\u00f6giseadmed restoranidele ja toitlustusele\" \/>\n<meta property=\"og:description\" content=\"T\u00e4isk\u00f5rgusega \u00fche uksega kommertsiaalne tagumisel baarile m\u00f5eldud pudeli jahuti, mis sobib ideaalselt kasutamiseks kauplustes, baarides v\u00f5i supermarketites. Seade on stiilse\" \/>\n<meta property=\"og:url\" content=\"https:\/\/adexa.ee\/toode\/joogikulmik-uhe-uksega-345-liitrit-ilma-ulemise-paneelita-adexa-sc380fb\/\" \/>\n<meta property=\"og:site_name\" content=\"Adexa \u2013 Suurk\u00f6\u00f6giseadmed restoranidele ja toitlustusele\" \/>\n<meta property=\"article:modified_time\" content=\"2026-03-31T21:05:47+00:00\" \/>\n<meta property=\"og:image\" content=\"https:\/\/adexa.ee\/wp-content\/uploads\/2024\/12\/SC380FB.jpg\" \/>\n\t<meta property=\"og:image:width\" content=\"2000\" \/>\n\t<meta property=\"og:image:height\" content=\"2000\" \/>\n\t<meta property=\"og:image:type\" content=\"image\/jpeg\" \/>\n<meta name=\"twitter:card\" content=\"summary_large_image\" \/>\n<meta name=\"twitter:label1\" content=\"Est. reading time\" \/>\n\t<meta name=\"twitter:data1\" content=\"1 minute\" \/>\n<script type=\"application\/ld+json\" class=\"yoast-schema-graph\">{\"@context\":\"https:\\\/\\\/schema.org\",\"@graph\":[{\"@type\":\"WebPage\",\"@id\":\"https:\\\/\\\/adexa.ee\\\/toode\\\/joogikulmik-uhe-uksega-345-liitrit-ilma-ulemise-paneelita-adexa-sc380fb\\\/\",\"url\":\"https:\\\/\\\/adexa.ee\\\/toode\\\/joogikulmik-uhe-uksega-345-liitrit-ilma-ulemise-paneelita-adexa-sc380fb\\\/\",\"name\":\"Joogik\u00fclmik, \u00dche uksega, 345 liitrit, Ilma \u00fclemise paneelita | Adexa SC380FB - Adexa \u2013 Suurk\u00f6\u00f6giseadmed restoranidele ja toitlustusele\",\"isPartOf\":{\"@id\":\"https:\\\/\\\/adexa.ee\\\/#website\"},\"primaryImageOfPage\":{\"@id\":\"https:\\\/\\\/adexa.ee\\\/toode\\\/joogikulmik-uhe-uksega-345-liitrit-ilma-ulemise-paneelita-adexa-sc380fb\\\/#primaryimage\"},\"image\":{\"@id\":\"https:\\\/\\\/adexa.ee\\\/toode\\\/joogikulmik-uhe-uksega-345-liitrit-ilma-ulemise-paneelita-adexa-sc380fb\\\/#primaryimage\"},\"thumbnailUrl\":\"https:\\\/\\\/adexa.ee\\\/wp-content\\\/uploads\\\/2024\\\/12\\\/SC380FB.jpg\",\"datePublished\":\"2026-03-31T21:05:46+00:00\",\"dateModified\":\"2026-03-31T21:05:47+00:00\",\"breadcrumb\":{\"@id\":\"https:\\\/\\\/adexa.ee\\\/toode\\\/joogikulmik-uhe-uksega-345-liitrit-ilma-ulemise-paneelita-adexa-sc380fb\\\/#breadcrumb\"},\"inLanguage\":\"en-US\",\"potentialAction\":[{\"@type\":\"ReadAction\",\"target\":[\"https:\\\/\\\/adexa.ee\\\/toode\\\/joogikulmik-uhe-uksega-345-liitrit-ilma-ulemise-paneelita-adexa-sc380fb\\\/\"]}]},{\"@type\":\"ImageObject\",\"inLanguage\":\"en-US\",\"@id\":\"https:\\\/\\\/adexa.ee\\\/toode\\\/joogikulmik-uhe-uksega-345-liitrit-ilma-ulemise-paneelita-adexa-sc380fb\\\/#primaryimage\",\"url\":\"https:\\\/\\\/adexa.ee\\\/wp-content\\\/uploads\\\/2024\\\/12\\\/SC380FB.jpg\",\"contentUrl\":\"https:\\\/\\\/adexa.ee\\\/wp-content\\\/uploads\\\/2024\\\/12\\\/SC380FB.jpg\",\"width\":2000,\"height\":2000},{\"@type\":\"BreadcrumbList\",\"@id\":\"https:\\\/\\\/adexa.ee\\\/toode\\\/joogikulmik-uhe-uksega-345-liitrit-ilma-ulemise-paneelita-adexa-sc380fb\\\/#breadcrumb\",\"itemListElement\":[{\"@type\":\"ListItem\",\"position\":1,\"name\":\"Home\",\"item\":\"https:\\\/\\\/adexa.ee\\\/\"},{\"@type\":\"ListItem\",\"position\":2,\"name\":\"Tooted\",\"item\":\"https:\\\/\\\/adexa.ee\\\/pood\\\/\"},{\"@type\":\"ListItem\",\"position\":3,\"name\":\"Joogik\u00fclmik, \u00dche uksega, 345 liitrit, Ilma \u00fclemise paneelita | Adexa SC380FB\"}]},{\"@type\":\"WebSite\",\"@id\":\"https:\\\/\\\/adexa.ee\\\/#website\",\"url\":\"https:\\\/\\\/adexa.ee\\\/\",\"name\":\"Adexa\",\"description\":\"\",\"publisher\":{\"@id\":\"https:\\\/\\\/adexa.ee\\\/#organization\"},\"potentialAction\":[{\"@type\":\"SearchAction\",\"target\":{\"@type\":\"EntryPoint\",\"urlTemplate\":\"https:\\\/\\\/adexa.ee\\\/?s={search_term_string}\"},\"query-input\":{\"@type\":\"PropertyValueSpecification\",\"valueRequired\":true,\"valueName\":\"search_term_string\"}}],\"inLanguage\":\"en-US\"},{\"@type\":\"Organization\",\"@id\":\"https:\\\/\\\/adexa.ee\\\/#organization\",\"name\":\"Adexa\",\"url\":\"https:\\\/\\\/adexa.ee\\\/\",\"logo\":{\"@type\":\"ImageObject\",\"inLanguage\":\"en-US\",\"@id\":\"https:\\\/\\\/adexa.ee\\\/#\\\/schema\\\/logo\\\/image\\\/\",\"url\":\"https:\\\/\\\/adexa.ee\\\/wp-content\\\/uploads\\\/2024\\\/04\\\/chef-cooks-working-in-professional-kitchen-2023-11-27-05-07-39-utc-scaled.jpg\",\"contentUrl\":\"https:\\\/\\\/adexa.ee\\\/wp-content\\\/uploads\\\/2024\\\/04\\\/chef-cooks-working-in-professional-kitchen-2023-11-27-05-07-39-utc-scaled.jpg\",\"width\":2560,\"height\":1708,\"caption\":\"Adexa\"},\"image\":{\"@id\":\"https:\\\/\\\/adexa.ee\\\/#\\\/schema\\\/logo\\\/image\\\/\"}}]}<\/script>\n<!-- \/ Yoast SEO plugin. -->","yoast_head_json":{"title":"Joogik\u00fclmik, \u00dche uksega, 345 liitrit, Ilma \u00fclemise paneelita | Adexa SC380FB - Adexa \u2013 Suurk\u00f6\u00f6giseadmed restoranidele ja toitlustusele","robots":{"index":"index","follow":"follow","max-snippet":"max-snippet:-1","max-image-preview":"max-image-preview:large","max-video-preview":"max-video-preview:-1"},"canonical":"https:\/\/adexa.ee\/toode\/joogikulmik-uhe-uksega-345-liitrit-ilma-ulemise-paneelita-adexa-sc380fb\/","og_locale":"en_US","og_type":"article","og_title":"Joogik\u00fclmik, \u00dche uksega, 345 liitrit, Ilma \u00fclemise paneelita | Adexa SC380FB - Adexa \u2013 Suurk\u00f6\u00f6giseadmed restoranidele ja toitlustusele","og_description":"T\u00e4isk\u00f5rgusega \u00fche uksega kommertsiaalne tagumisel baarile m\u00f5eldud pudeli jahuti, mis sobib ideaalselt kasutamiseks kauplustes, baarides v\u00f5i supermarketites. Seade on stiilse","og_url":"https:\/\/adexa.ee\/toode\/joogikulmik-uhe-uksega-345-liitrit-ilma-ulemise-paneelita-adexa-sc380fb\/","og_site_name":"Adexa \u2013 Suurk\u00f6\u00f6giseadmed restoranidele ja toitlustusele","article_modified_time":"2026-03-31T21:05:47+00:00","og_image":[{"width":2000,"height":2000,"url":"https:\/\/adexa.ee\/wp-content\/uploads\/2024\/12\/SC380FB.jpg","type":"image\/jpeg"}],"twitter_card":"summary_large_image","twitter_misc":{"Est. reading time":"1 minute"},"schema":{"@context":"https:\/\/schema.org","@graph":[{"@type":"WebPage","@id":"https:\/\/adexa.ee\/toode\/joogikulmik-uhe-uksega-345-liitrit-ilma-ulemise-paneelita-adexa-sc380fb\/","url":"https:\/\/adexa.ee\/toode\/joogikulmik-uhe-uksega-345-liitrit-ilma-ulemise-paneelita-adexa-sc380fb\/","name":"Joogik\u00fclmik, \u00dche uksega, 345 liitrit, Ilma \u00fclemise paneelita | Adexa SC380FB - Adexa \u2013 Suurk\u00f6\u00f6giseadmed restoranidele ja toitlustusele","isPartOf":{"@id":"https:\/\/adexa.ee\/#website"},"primaryImageOfPage":{"@id":"https:\/\/adexa.ee\/toode\/joogikulmik-uhe-uksega-345-liitrit-ilma-ulemise-paneelita-adexa-sc380fb\/#primaryimage"},"image":{"@id":"https:\/\/adexa.ee\/toode\/joogikulmik-uhe-uksega-345-liitrit-ilma-ulemise-paneelita-adexa-sc380fb\/#primaryimage"},"thumbnailUrl":"https:\/\/adexa.ee\/wp-content\/uploads\/2024\/12\/SC380FB.jpg","datePublished":"2026-03-31T21:05:46+00:00","dateModified":"2026-03-31T21:05:47+00:00","breadcrumb":{"@id":"https:\/\/adexa.ee\/toode\/joogikulmik-uhe-uksega-345-liitrit-ilma-ulemise-paneelita-adexa-sc380fb\/#breadcrumb"},"inLanguage":"en-US","potentialAction":[{"@type":"ReadAction","target":["https:\/\/adexa.ee\/toode\/joogikulmik-uhe-uksega-345-liitrit-ilma-ulemise-paneelita-adexa-sc380fb\/"]}]},{"@type":"ImageObject","inLanguage":"en-US","@id":"https:\/\/adexa.ee\/toode\/joogikulmik-uhe-uksega-345-liitrit-ilma-ulemise-paneelita-adexa-sc380fb\/#primaryimage","url":"https:\/\/adexa.ee\/wp-content\/uploads\/2024\/12\/SC380FB.jpg","contentUrl":"https:\/\/adexa.ee\/wp-content\/uploads\/2024\/12\/SC380FB.jpg","width":2000,"height":2000},{"@type":"BreadcrumbList","@id":"https:\/\/adexa.ee\/toode\/joogikulmik-uhe-uksega-345-liitrit-ilma-ulemise-paneelita-adexa-sc380fb\/#breadcrumb","itemListElement":[{"@type":"ListItem","position":1,"name":"Home","item":"https:\/\/adexa.ee\/"},{"@type":"ListItem","position":2,"name":"Tooted","item":"https:\/\/adexa.ee\/pood\/"},{"@type":"ListItem","position":3,"name":"Joogik\u00fclmik, \u00dche uksega, 345 liitrit, Ilma \u00fclemise paneelita | Adexa SC380FB"}]},{"@type":"WebSite","@id":"https:\/\/adexa.ee\/#website","url":"https:\/\/adexa.ee\/","name":"Adexa","description":"","publisher":{"@id":"https:\/\/adexa.ee\/#organization"},"potentialAction":[{"@type":"SearchAction","target":{"@type":"EntryPoint","urlTemplate":"https:\/\/adexa.ee\/?s={search_term_string}"},"query-input":{"@type":"PropertyValueSpecification","valueRequired":true,"valueName":"search_term_string"}}],"inLanguage":"en-US"},{"@type":"Organization","@id":"https:\/\/adexa.ee\/#organization","name":"Adexa","url":"https:\/\/adexa.ee\/","logo":{"@type":"ImageObject","inLanguage":"en-US","@id":"https:\/\/adexa.ee\/#\/schema\/logo\/image\/","url":"https:\/\/adexa.ee\/wp-content\/uploads\/2024\/04\/chef-cooks-working-in-professional-kitchen-2023-11-27-05-07-39-utc-scaled.jpg","contentUrl":"https:\/\/adexa.ee\/wp-content\/uploads\/2024\/04\/chef-cooks-working-in-professional-kitchen-2023-11-27-05-07-39-utc-scaled.jpg","width":2560,"height":1708,"caption":"Adexa"},"image":{"@id":"https:\/\/adexa.ee\/#\/schema\/logo\/image\/"}}]}},"_links":{"self":[{"href":"https:\/\/adexa.ee\/en\/wp-json\/wp\/v2\/product\/13282","targetHints":{"allow":["GET"]}}],"collection":[{"href":"https:\/\/adexa.ee\/en\/wp-json\/wp\/v2\/product"}],"about":[{"href":"https:\/\/adexa.ee\/en\/wp-json\/wp\/v2\/types\/product"}],"wp:featuredmedia":[{"embeddable":true,"href":"https:\/\/adexa.ee\/en\/wp-json\/wp\/v2\/media\/13284"}],"wp:attachment":[{"href":"https:\/\/adexa.ee\/en\/wp-json\/wp\/v2\/media?parent=13282"}],"wp:term":[{"taxonomy":"product_brand","embeddable":true,"href":"https:\/\/adexa.ee\/en\/wp-json\/wp\/v2\/product_brand?post=13282"},{"taxonomy":"product_cat","embeddable":true,"href":"https:\/\/adexa.ee\/en\/wp-json\/wp\/v2\/product_cat?post=13282"},{"taxonomy":"product_tag","embeddable":true,"href":"https:\/\/adexa.ee\/en\/wp-json\/wp\/v2\/product_tag?post=13282"}],"curies":[{"name":"wp","href":"https:\/\/api.w.org\/{rel}","templated":true}]}}