{"id":13304,"date":"2026-03-31T11:05:58","date_gmt":"2026-03-31T08:05:58","guid":{"rendered":"https:\/\/adexa.ee\/toode\/kommertsiaalse-roostevabast-terasest-loikelaud-lihuniku-plokk-%e2%8c%80520750-mm-adexa-whcy0303\/"},"modified":"2026-03-31T11:05:59","modified_gmt":"2026-03-31T08:05:59","slug":"roostevabast-terasest-loikelaud-lihuniku-plokk-%e2%8c%80520750-mm-adexa-whcy0303","status":"publish","type":"product","link":"https:\/\/adexa.ee\/en\/toode\/roostevabast-terasest-loikelaud-lihuniku-plokk-%e2%8c%80520750-mm-adexa-whcy0303\/","title":{"rendered":"Roostevabast terasest l\u00f5ikelaud \/ Lihuniku plokk \u2300520*750 mm | Adexa WHCY0303"},"content":{"rendered":"<p>H\u00e4mmastav hinna ja kvaliteedi suhe \u2013 professionaalne roostevabast terasest t\u00f6\u00f6laud PE l\u00f5ikelaua pealisega. Ruumi s\u00e4\u00e4stev t\u00f6\u00f6laud toiduvalmistamise efektiivsuse maksimeerimiseks. Sobib igasse restorani, hotelli v\u00f5i sarnasesse toitlustusasutusse. Lamedaks pakitud 50 mm PE l\u00f5ikelaud Roostevaba teras<\/p>\n<table style=\"border-collapse: collapse; width: 100%; text-align: left;\">\n<tbody>\n<tr>\n<td style=\"border: 1px solid #ddd; padding: 8px; width: 45%;\"><strong>K\u00f5rgus<\/strong><\/td>\n<td style=\"border: 1px solid #ddd; padding: 8px;\">750 mm<\/td>\n<\/tr>\n<tr>\n<td style=\"border: 1px solid #ddd; padding: 8px; width: 45%;\"><strong>Kaal<\/strong><\/td>\n<td style=\"border: 1px solid #ddd; padding: 8px;\">12 kg<\/td>\n<\/tr>\n<tr>\n<td style=\"border: 1px solid #ddd; padding: 8px; width: 45%;\"><strong>Garantii<\/strong><\/td>\n<td style=\"border: 1px solid #ddd; padding: 8px;\">12 kuu varuosade garantii<\/td>\n<\/tr>\n<tr>\n<td style=\"border: 1px solid #ddd; padding: 8px; width: 45%;\"><strong>Kokku panemine<\/strong><\/td>\n<td style=\"border: 1px solid #ddd; padding: 8px;\">Lahtiv\u00f5etud<\/td>\n<\/tr>\n<tr>\n<td style=\"border: 1px solid #ddd; padding: 8px; width: 45%;\"><strong>Paksus (l\u00f5ikelaud)<\/strong><\/td>\n<td style=\"border: 1px solid #ddd; padding: 8px;\">50 mm<\/td>\n<\/tr>\n<tr>\n<td style=\"border: 1px solid #ddd; padding: 8px; width: 45%;\"><strong>L\u00e4bim\u00f5\u00f5t<\/strong><\/td>\n<td style=\"border: 1px solid #ddd; padding: 8px;\">520 mm<\/td>\n<\/tr>\n<\/tbody>\n<\/table>\n","protected":false},"excerpt":{"rendered":"<p>H\u00e4mmastav hinna ja kvaliteedi suhe \u2013 professionaalne roostevabast terasest t\u00f6\u00f6laud PE l\u00f5ikelaua pealisega. Ruumi s\u00e4\u00e4stev t\u00f6\u00f6laud toiduvalmistamise efektiivsuse maksimeerimiseks. Sobib<\/p>\n","protected":false},"featured_media":13309,"template":"","meta":[],"product_brand":[],"product_cat":[580,579,875,572,592],"product_tag":[],"class_list":{"0":"post-13304","1":"product","2":"type-product","3":"status-publish","4":"has-post-thumbnail","6":"product_cat-koogiriistad","7":"product_cat-koogitarbed-noud","8":"product_cat-loikelaud","9":"product_cat-roostevabad-tooted","10":"product_cat-toolauad","12":"first","13":"instock","14":"sale","15":"taxable","16":"shipping-taxable","17":"purchasable","18":"product-type-simple"},"yoast_head":"<!-- This site is optimized with the Yoast SEO plugin v27.3 - https:\/\/yoast.com\/product\/yoast-seo-wordpress\/ -->\n<title>Roostevabast terasest l\u00f5ikelaud \/ Lihuniku plokk \u2300520*750 mm | Adexa WHCY0303 - Adexa \u2013 Suurk\u00f6\u00f6giseadmed restoranidele ja toitlustusele<\/title>\n<meta name=\"robots\" content=\"index, follow, max-snippet:-1, max-image-preview:large, max-video-preview:-1\" \/>\n<link rel=\"canonical\" href=\"https:\/\/adexa.ee\/toode\/roostevabast-terasest-loikelaud-lihuniku-plokk-\u2300520750-mm-adexa-whcy0303\/\" \/>\n<meta property=\"og:locale\" content=\"en_US\" \/>\n<meta property=\"og:type\" content=\"article\" \/>\n<meta property=\"og:title\" content=\"Roostevabast terasest l\u00f5ikelaud \/ Lihuniku plokk \u2300520*750 mm | Adexa WHCY0303 - Adexa \u2013 Suurk\u00f6\u00f6giseadmed restoranidele ja toitlustusele\" \/>\n<meta property=\"og:description\" content=\"H\u00e4mmastav hinna ja kvaliteedi suhe \u2013 professionaalne roostevabast terasest t\u00f6\u00f6laud PE l\u00f5ikelaua pealisega. Ruumi s\u00e4\u00e4stev t\u00f6\u00f6laud toiduvalmistamise efektiivsuse maksimeerimiseks. Sobib\" \/>\n<meta property=\"og:url\" content=\"https:\/\/adexa.ee\/toode\/roostevabast-terasest-loikelaud-lihuniku-plokk-\u2300520750-mm-adexa-whcy0303\/\" \/>\n<meta property=\"og:site_name\" content=\"Adexa \u2013 Suurk\u00f6\u00f6giseadmed restoranidele ja toitlustusele\" \/>\n<meta property=\"article:modified_time\" content=\"2026-03-31T08:05:59+00:00\" \/>\n<meta property=\"og:image\" content=\"https:\/\/adexa.ee\/wp-content\/uploads\/2024\/12\/WHCY0303.jpg\" \/>\n\t<meta property=\"og:image:width\" content=\"1520\" \/>\n\t<meta property=\"og:image:height\" content=\"1520\" \/>\n\t<meta property=\"og:image:type\" content=\"image\/jpeg\" \/>\n<meta name=\"twitter:card\" content=\"summary_large_image\" \/>\n<script type=\"application\/ld+json\" class=\"yoast-schema-graph\">{\"@context\":\"https:\\\/\\\/schema.org\",\"@graph\":[{\"@type\":\"WebPage\",\"@id\":\"https:\\\/\\\/adexa.ee\\\/toode\\\/roostevabast-terasest-loikelaud-lihuniku-plokk-%e2%8c%80520750-mm-adexa-whcy0303\\\/\",\"url\":\"https:\\\/\\\/adexa.ee\\\/toode\\\/roostevabast-terasest-loikelaud-lihuniku-plokk-%e2%8c%80520750-mm-adexa-whcy0303\\\/\",\"name\":\"Roostevabast terasest l\u00f5ikelaud \\\/ Lihuniku plokk \u2300520*750 mm | Adexa WHCY0303 - Adexa \u2013 Suurk\u00f6\u00f6giseadmed restoranidele ja toitlustusele\",\"isPartOf\":{\"@id\":\"https:\\\/\\\/adexa.ee\\\/#website\"},\"primaryImageOfPage\":{\"@id\":\"https:\\\/\\\/adexa.ee\\\/toode\\\/roostevabast-terasest-loikelaud-lihuniku-plokk-%e2%8c%80520750-mm-adexa-whcy0303\\\/#primaryimage\"},\"image\":{\"@id\":\"https:\\\/\\\/adexa.ee\\\/toode\\\/roostevabast-terasest-loikelaud-lihuniku-plokk-%e2%8c%80520750-mm-adexa-whcy0303\\\/#primaryimage\"},\"thumbnailUrl\":\"https:\\\/\\\/adexa.ee\\\/wp-content\\\/uploads\\\/2024\\\/12\\\/WHCY0303.jpg\",\"datePublished\":\"2026-03-31T08:05:58+00:00\",\"dateModified\":\"2026-03-31T08:05:59+00:00\",\"breadcrumb\":{\"@id\":\"https:\\\/\\\/adexa.ee\\\/toode\\\/roostevabast-terasest-loikelaud-lihuniku-plokk-%e2%8c%80520750-mm-adexa-whcy0303\\\/#breadcrumb\"},\"inLanguage\":\"en-US\",\"potentialAction\":[{\"@type\":\"ReadAction\",\"target\":[\"https:\\\/\\\/adexa.ee\\\/toode\\\/roostevabast-terasest-loikelaud-lihuniku-plokk-%e2%8c%80520750-mm-adexa-whcy0303\\\/\"]}]},{\"@type\":\"ImageObject\",\"inLanguage\":\"en-US\",\"@id\":\"https:\\\/\\\/adexa.ee\\\/toode\\\/roostevabast-terasest-loikelaud-lihuniku-plokk-%e2%8c%80520750-mm-adexa-whcy0303\\\/#primaryimage\",\"url\":\"https:\\\/\\\/adexa.ee\\\/wp-content\\\/uploads\\\/2024\\\/12\\\/WHCY0303.jpg\",\"contentUrl\":\"https:\\\/\\\/adexa.ee\\\/wp-content\\\/uploads\\\/2024\\\/12\\\/WHCY0303.jpg\",\"width\":1520,\"height\":1520},{\"@type\":\"BreadcrumbList\",\"@id\":\"https:\\\/\\\/adexa.ee\\\/toode\\\/roostevabast-terasest-loikelaud-lihuniku-plokk-%e2%8c%80520750-mm-adexa-whcy0303\\\/#breadcrumb\",\"itemListElement\":[{\"@type\":\"ListItem\",\"position\":1,\"name\":\"Home\",\"item\":\"https:\\\/\\\/adexa.ee\\\/\"},{\"@type\":\"ListItem\",\"position\":2,\"name\":\"Tooted\",\"item\":\"https:\\\/\\\/adexa.ee\\\/pood\\\/\"},{\"@type\":\"ListItem\",\"position\":3,\"name\":\"Roostevabast terasest l\u00f5ikelaud \\\/ Lihuniku plokk \u2300520*750 mm | Adexa WHCY0303\"}]},{\"@type\":\"WebSite\",\"@id\":\"https:\\\/\\\/adexa.ee\\\/#website\",\"url\":\"https:\\\/\\\/adexa.ee\\\/\",\"name\":\"Adexa\",\"description\":\"\",\"publisher\":{\"@id\":\"https:\\\/\\\/adexa.ee\\\/#organization\"},\"potentialAction\":[{\"@type\":\"SearchAction\",\"target\":{\"@type\":\"EntryPoint\",\"urlTemplate\":\"https:\\\/\\\/adexa.ee\\\/?s={search_term_string}\"},\"query-input\":{\"@type\":\"PropertyValueSpecification\",\"valueRequired\":true,\"valueName\":\"search_term_string\"}}],\"inLanguage\":\"en-US\"},{\"@type\":\"Organization\",\"@id\":\"https:\\\/\\\/adexa.ee\\\/#organization\",\"name\":\"Adexa\",\"url\":\"https:\\\/\\\/adexa.ee\\\/\",\"logo\":{\"@type\":\"ImageObject\",\"inLanguage\":\"en-US\",\"@id\":\"https:\\\/\\\/adexa.ee\\\/#\\\/schema\\\/logo\\\/image\\\/\",\"url\":\"https:\\\/\\\/adexa.ee\\\/wp-content\\\/uploads\\\/2024\\\/04\\\/chef-cooks-working-in-professional-kitchen-2023-11-27-05-07-39-utc-scaled.jpg\",\"contentUrl\":\"https:\\\/\\\/adexa.ee\\\/wp-content\\\/uploads\\\/2024\\\/04\\\/chef-cooks-working-in-professional-kitchen-2023-11-27-05-07-39-utc-scaled.jpg\",\"width\":2560,\"height\":1708,\"caption\":\"Adexa\"},\"image\":{\"@id\":\"https:\\\/\\\/adexa.ee\\\/#\\\/schema\\\/logo\\\/image\\\/\"}}]}<\/script>\n<!-- \/ Yoast SEO plugin. -->","yoast_head_json":{"title":"Roostevabast terasest l\u00f5ikelaud \/ Lihuniku plokk \u2300520*750 mm | Adexa WHCY0303 - Adexa \u2013 Suurk\u00f6\u00f6giseadmed restoranidele ja toitlustusele","robots":{"index":"index","follow":"follow","max-snippet":"max-snippet:-1","max-image-preview":"max-image-preview:large","max-video-preview":"max-video-preview:-1"},"canonical":"https:\/\/adexa.ee\/toode\/roostevabast-terasest-loikelaud-lihuniku-plokk-\u2300520750-mm-adexa-whcy0303\/","og_locale":"en_US","og_type":"article","og_title":"Roostevabast terasest l\u00f5ikelaud \/ Lihuniku plokk \u2300520*750 mm | Adexa WHCY0303 - Adexa \u2013 Suurk\u00f6\u00f6giseadmed restoranidele ja toitlustusele","og_description":"H\u00e4mmastav hinna ja kvaliteedi suhe \u2013 professionaalne roostevabast terasest t\u00f6\u00f6laud PE l\u00f5ikelaua pealisega. Ruumi s\u00e4\u00e4stev t\u00f6\u00f6laud toiduvalmistamise efektiivsuse maksimeerimiseks. Sobib","og_url":"https:\/\/adexa.ee\/toode\/roostevabast-terasest-loikelaud-lihuniku-plokk-\u2300520750-mm-adexa-whcy0303\/","og_site_name":"Adexa \u2013 Suurk\u00f6\u00f6giseadmed restoranidele ja toitlustusele","article_modified_time":"2026-03-31T08:05:59+00:00","og_image":[{"width":1520,"height":1520,"url":"https:\/\/adexa.ee\/wp-content\/uploads\/2024\/12\/WHCY0303.jpg","type":"image\/jpeg"}],"twitter_card":"summary_large_image","schema":{"@context":"https:\/\/schema.org","@graph":[{"@type":"WebPage","@id":"https:\/\/adexa.ee\/toode\/roostevabast-terasest-loikelaud-lihuniku-plokk-%e2%8c%80520750-mm-adexa-whcy0303\/","url":"https:\/\/adexa.ee\/toode\/roostevabast-terasest-loikelaud-lihuniku-plokk-%e2%8c%80520750-mm-adexa-whcy0303\/","name":"Roostevabast terasest l\u00f5ikelaud \/ Lihuniku plokk \u2300520*750 mm | Adexa WHCY0303 - Adexa \u2013 Suurk\u00f6\u00f6giseadmed restoranidele ja toitlustusele","isPartOf":{"@id":"https:\/\/adexa.ee\/#website"},"primaryImageOfPage":{"@id":"https:\/\/adexa.ee\/toode\/roostevabast-terasest-loikelaud-lihuniku-plokk-%e2%8c%80520750-mm-adexa-whcy0303\/#primaryimage"},"image":{"@id":"https:\/\/adexa.ee\/toode\/roostevabast-terasest-loikelaud-lihuniku-plokk-%e2%8c%80520750-mm-adexa-whcy0303\/#primaryimage"},"thumbnailUrl":"https:\/\/adexa.ee\/wp-content\/uploads\/2024\/12\/WHCY0303.jpg","datePublished":"2026-03-31T08:05:58+00:00","dateModified":"2026-03-31T08:05:59+00:00","breadcrumb":{"@id":"https:\/\/adexa.ee\/toode\/roostevabast-terasest-loikelaud-lihuniku-plokk-%e2%8c%80520750-mm-adexa-whcy0303\/#breadcrumb"},"inLanguage":"en-US","potentialAction":[{"@type":"ReadAction","target":["https:\/\/adexa.ee\/toode\/roostevabast-terasest-loikelaud-lihuniku-plokk-%e2%8c%80520750-mm-adexa-whcy0303\/"]}]},{"@type":"ImageObject","inLanguage":"en-US","@id":"https:\/\/adexa.ee\/toode\/roostevabast-terasest-loikelaud-lihuniku-plokk-%e2%8c%80520750-mm-adexa-whcy0303\/#primaryimage","url":"https:\/\/adexa.ee\/wp-content\/uploads\/2024\/12\/WHCY0303.jpg","contentUrl":"https:\/\/adexa.ee\/wp-content\/uploads\/2024\/12\/WHCY0303.jpg","width":1520,"height":1520},{"@type":"BreadcrumbList","@id":"https:\/\/adexa.ee\/toode\/roostevabast-terasest-loikelaud-lihuniku-plokk-%e2%8c%80520750-mm-adexa-whcy0303\/#breadcrumb","itemListElement":[{"@type":"ListItem","position":1,"name":"Home","item":"https:\/\/adexa.ee\/"},{"@type":"ListItem","position":2,"name":"Tooted","item":"https:\/\/adexa.ee\/pood\/"},{"@type":"ListItem","position":3,"name":"Roostevabast terasest l\u00f5ikelaud \/ Lihuniku plokk \u2300520*750 mm | Adexa WHCY0303"}]},{"@type":"WebSite","@id":"https:\/\/adexa.ee\/#website","url":"https:\/\/adexa.ee\/","name":"Adexa","description":"","publisher":{"@id":"https:\/\/adexa.ee\/#organization"},"potentialAction":[{"@type":"SearchAction","target":{"@type":"EntryPoint","urlTemplate":"https:\/\/adexa.ee\/?s={search_term_string}"},"query-input":{"@type":"PropertyValueSpecification","valueRequired":true,"valueName":"search_term_string"}}],"inLanguage":"en-US"},{"@type":"Organization","@id":"https:\/\/adexa.ee\/#organization","name":"Adexa","url":"https:\/\/adexa.ee\/","logo":{"@type":"ImageObject","inLanguage":"en-US","@id":"https:\/\/adexa.ee\/#\/schema\/logo\/image\/","url":"https:\/\/adexa.ee\/wp-content\/uploads\/2024\/04\/chef-cooks-working-in-professional-kitchen-2023-11-27-05-07-39-utc-scaled.jpg","contentUrl":"https:\/\/adexa.ee\/wp-content\/uploads\/2024\/04\/chef-cooks-working-in-professional-kitchen-2023-11-27-05-07-39-utc-scaled.jpg","width":2560,"height":1708,"caption":"Adexa"},"image":{"@id":"https:\/\/adexa.ee\/#\/schema\/logo\/image\/"}}]}},"_links":{"self":[{"href":"https:\/\/adexa.ee\/en\/wp-json\/wp\/v2\/product\/13304","targetHints":{"allow":["GET"]}}],"collection":[{"href":"https:\/\/adexa.ee\/en\/wp-json\/wp\/v2\/product"}],"about":[{"href":"https:\/\/adexa.ee\/en\/wp-json\/wp\/v2\/types\/product"}],"wp:featuredmedia":[{"embeddable":true,"href":"https:\/\/adexa.ee\/en\/wp-json\/wp\/v2\/media\/13309"}],"wp:attachment":[{"href":"https:\/\/adexa.ee\/en\/wp-json\/wp\/v2\/media?parent=13304"}],"wp:term":[{"taxonomy":"product_brand","embeddable":true,"href":"https:\/\/adexa.ee\/en\/wp-json\/wp\/v2\/product_brand?post=13304"},{"taxonomy":"product_cat","embeddable":true,"href":"https:\/\/adexa.ee\/en\/wp-json\/wp\/v2\/product_cat?post=13304"},{"taxonomy":"product_tag","embeddable":true,"href":"https:\/\/adexa.ee\/en\/wp-json\/wp\/v2\/product_tag?post=13304"}],"curies":[{"name":"wp","href":"https:\/\/api.w.org\/{rel}","templated":true}]}}