{"id":13342,"date":"2026-03-28T00:15:21","date_gmt":"2026-03-27T22:15:21","guid":{"rendered":"https:\/\/adexa.ee\/toode\/kokkupandav-linakaru-870x520x780mm-adexa-h080d\/"},"modified":"2026-03-28T00:15:22","modified_gmt":"2026-03-27T22:15:22","slug":"kokkupandav-voodipesukaru-870x520x780mm-adexa-h080d","status":"publish","type":"product","link":"https:\/\/adexa.ee\/en\/toode\/kokkupandav-voodipesukaru-870x520x780mm-adexa-h080d\/","title":{"rendered":"Kokkupandav voodipesuk\u00e4ru 870x520x780mm | Adexa H080D"},"content":{"rendered":"<p>See kokkupandav linak\u00e4ru on vaba mahutavuse, mugava transpordi, ruumis\u00e4\u00e4stlikkuse, k\u00f5rgkvaliteedilise ja praktilise disaini omadustega ning on avalikes kohtades nagu hotellides ja fuajeedes hoiustamiseks ja kasutamiseks esmane valik. Materjal: Roostevaba teras + Oxfordi riie. Sobib koristajatele, puhastusteenindajatele ja majapidamispersonalile &#8211; kasutamiseks koolides, kontorites, hotellides ja poodides jne. Linak\u00e4ru on v\u00e4ga h\u00e4sti ehitatud, vastupidav ja kauakestev. Roostevabast terasest toru on k\u00e4sitsi keevitatud, konstruktsioon on kindel, teostus on peen ja kvaliteet stabiilne. 4 raskeveokite rattad ja k\u00e4epideme disain teevad selle h\u00f5lpsasti liigutatavaks \u00fcksk\u00f5ik kuhu ning v\u00f5imaldavad stabiilselt peatuda isegi kallakul. Te ei pea muretsema, et hoiuk\u00e4ru liigutaks v\u00f5i l\u00e4heks kontrolli alt v\u00e4lja. T\u00e4psemate andmete jaoks vaadake jaotist &#8216;Spetsifikatsioon&#8217;.<\/p>\n<table style=\"border-collapse: collapse; width: 100%; text-align: left;\">\n<tbody>\n<tr>\n<td style=\"border: 1px solid #ddd; padding: 8px; width: 45%;\"><strong>S\u00fcgavus<\/strong><\/td>\n<td style=\"border: 1px solid #ddd; padding: 8px;\">520 mm<\/td>\n<\/tr>\n<tr>\n<td style=\"border: 1px solid #ddd; padding: 8px; width: 45%;\"><strong>K\u00f5rgus<\/strong><\/td>\n<td style=\"border: 1px solid #ddd; padding: 8px;\">780 mm<\/td>\n<\/tr>\n<tr>\n<td style=\"border: 1px solid #ddd; padding: 8px; width: 45%;\"><strong>Laius<\/strong><\/td>\n<td style=\"border: 1px solid #ddd; padding: 8px;\">870 mm<\/td>\n<\/tr>\n<tr>\n<td style=\"border: 1px solid #ddd; padding: 8px; width: 45%;\"><strong>Kaal<\/strong><\/td>\n<td style=\"border: 1px solid #ddd; padding: 8px;\">8 kg<\/td>\n<\/tr>\n<tr>\n<td style=\"border: 1px solid #ddd; padding: 8px; width: 45%;\"><strong>Garantii<\/strong><\/td>\n<td style=\"border: 1px solid #ddd; padding: 8px;\">12 kuu varuosade garantii<\/td>\n<\/tr>\n<tr>\n<td style=\"border: 1px solid #ddd; padding: 8px; width: 45%;\"><strong>Rullikud<\/strong><\/td>\n<td style=\"border: 1px solid #ddd; padding: 8px;\">Jah<\/td>\n<\/tr>\n<\/tbody>\n<\/table>\n","protected":false},"excerpt":{"rendered":"<p>See kokkupandav linak\u00e4ru on vaba mahutavuse, mugava transpordi, ruumis\u00e4\u00e4stlikkuse, k\u00f5rgkvaliteedilise ja praktilise disaini omadustega ning on avalikes kohtades nagu hotellides<\/p>\n","protected":false},"featured_media":13346,"template":"","meta":[],"product_brand":[],"product_cat":[623,569,720,572],"product_tag":[],"class_list":{"0":"post-13342","1":"product","2":"type-product","3":"status-publish","4":"has-post-thumbnail","6":"product_cat-karud","7":"product_cat-lopumuuk","8":"product_cat-puhastusseadmed","9":"product_cat-roostevabad-tooted","11":"first","12":"instock","13":"sale","14":"taxable","15":"shipping-taxable","16":"purchasable","17":"product-type-simple"},"yoast_head":"<!-- This site is optimized with the Yoast SEO plugin v27.3 - https:\/\/yoast.com\/product\/yoast-seo-wordpress\/ -->\n<title>Kokkupandav voodipesuk\u00e4ru 870x520x780mm | Adexa H080D - Adexa \u2013 Suurk\u00f6\u00f6giseadmed restoranidele ja toitlustusele<\/title>\n<meta name=\"robots\" content=\"index, follow, max-snippet:-1, max-image-preview:large, max-video-preview:-1\" \/>\n<link rel=\"canonical\" href=\"https:\/\/adexa.ee\/toode\/kokkupandav-voodipesukaru-870x520x780mm-adexa-h080d\/\" \/>\n<meta property=\"og:locale\" content=\"en_US\" \/>\n<meta property=\"og:type\" content=\"article\" \/>\n<meta property=\"og:title\" content=\"Kokkupandav voodipesuk\u00e4ru 870x520x780mm | Adexa H080D - Adexa \u2013 Suurk\u00f6\u00f6giseadmed restoranidele ja toitlustusele\" \/>\n<meta property=\"og:description\" content=\"See kokkupandav linak\u00e4ru on vaba mahutavuse, mugava transpordi, ruumis\u00e4\u00e4stlikkuse, k\u00f5rgkvaliteedilise ja praktilise disaini omadustega ning on avalikes kohtades nagu hotellides\" \/>\n<meta property=\"og:url\" content=\"https:\/\/adexa.ee\/toode\/kokkupandav-voodipesukaru-870x520x780mm-adexa-h080d\/\" \/>\n<meta property=\"og:site_name\" content=\"Adexa \u2013 Suurk\u00f6\u00f6giseadmed restoranidele ja toitlustusele\" \/>\n<meta property=\"article:modified_time\" content=\"2026-03-27T22:15:22+00:00\" \/>\n<meta property=\"og:image\" content=\"https:\/\/adexa.ee\/wp-content\/uploads\/2024\/12\/H080D-2.jpg\" \/>\n\t<meta property=\"og:image:width\" content=\"900\" \/>\n\t<meta property=\"og:image:height\" content=\"900\" \/>\n\t<meta property=\"og:image:type\" content=\"image\/jpeg\" \/>\n<meta name=\"twitter:card\" content=\"summary_large_image\" \/>\n<meta name=\"twitter:label1\" content=\"Est. reading time\" \/>\n\t<meta name=\"twitter:data1\" content=\"1 minute\" \/>\n<script type=\"application\/ld+json\" class=\"yoast-schema-graph\">{\"@context\":\"https:\\\/\\\/schema.org\",\"@graph\":[{\"@type\":\"WebPage\",\"@id\":\"https:\\\/\\\/adexa.ee\\\/toode\\\/kokkupandav-voodipesukaru-870x520x780mm-adexa-h080d\\\/\",\"url\":\"https:\\\/\\\/adexa.ee\\\/toode\\\/kokkupandav-voodipesukaru-870x520x780mm-adexa-h080d\\\/\",\"name\":\"Kokkupandav voodipesuk\u00e4ru 870x520x780mm | Adexa H080D - Adexa \u2013 Suurk\u00f6\u00f6giseadmed restoranidele ja toitlustusele\",\"isPartOf\":{\"@id\":\"https:\\\/\\\/adexa.ee\\\/#website\"},\"primaryImageOfPage\":{\"@id\":\"https:\\\/\\\/adexa.ee\\\/toode\\\/kokkupandav-voodipesukaru-870x520x780mm-adexa-h080d\\\/#primaryimage\"},\"image\":{\"@id\":\"https:\\\/\\\/adexa.ee\\\/toode\\\/kokkupandav-voodipesukaru-870x520x780mm-adexa-h080d\\\/#primaryimage\"},\"thumbnailUrl\":\"https:\\\/\\\/adexa.ee\\\/wp-content\\\/uploads\\\/2024\\\/12\\\/H080D-2.jpg\",\"datePublished\":\"2026-03-27T22:15:21+00:00\",\"dateModified\":\"2026-03-27T22:15:22+00:00\",\"breadcrumb\":{\"@id\":\"https:\\\/\\\/adexa.ee\\\/toode\\\/kokkupandav-voodipesukaru-870x520x780mm-adexa-h080d\\\/#breadcrumb\"},\"inLanguage\":\"en-US\",\"potentialAction\":[{\"@type\":\"ReadAction\",\"target\":[\"https:\\\/\\\/adexa.ee\\\/toode\\\/kokkupandav-voodipesukaru-870x520x780mm-adexa-h080d\\\/\"]}]},{\"@type\":\"ImageObject\",\"inLanguage\":\"en-US\",\"@id\":\"https:\\\/\\\/adexa.ee\\\/toode\\\/kokkupandav-voodipesukaru-870x520x780mm-adexa-h080d\\\/#primaryimage\",\"url\":\"https:\\\/\\\/adexa.ee\\\/wp-content\\\/uploads\\\/2024\\\/12\\\/H080D-2.jpg\",\"contentUrl\":\"https:\\\/\\\/adexa.ee\\\/wp-content\\\/uploads\\\/2024\\\/12\\\/H080D-2.jpg\",\"width\":900,\"height\":900},{\"@type\":\"BreadcrumbList\",\"@id\":\"https:\\\/\\\/adexa.ee\\\/toode\\\/kokkupandav-voodipesukaru-870x520x780mm-adexa-h080d\\\/#breadcrumb\",\"itemListElement\":[{\"@type\":\"ListItem\",\"position\":1,\"name\":\"Home\",\"item\":\"https:\\\/\\\/adexa.ee\\\/\"},{\"@type\":\"ListItem\",\"position\":2,\"name\":\"Tooted\",\"item\":\"https:\\\/\\\/adexa.ee\\\/pood\\\/\"},{\"@type\":\"ListItem\",\"position\":3,\"name\":\"Kokkupandav voodipesuk\u00e4ru 870x520x780mm | Adexa H080D\"}]},{\"@type\":\"WebSite\",\"@id\":\"https:\\\/\\\/adexa.ee\\\/#website\",\"url\":\"https:\\\/\\\/adexa.ee\\\/\",\"name\":\"Adexa\",\"description\":\"\",\"publisher\":{\"@id\":\"https:\\\/\\\/adexa.ee\\\/#organization\"},\"potentialAction\":[{\"@type\":\"SearchAction\",\"target\":{\"@type\":\"EntryPoint\",\"urlTemplate\":\"https:\\\/\\\/adexa.ee\\\/?s={search_term_string}\"},\"query-input\":{\"@type\":\"PropertyValueSpecification\",\"valueRequired\":true,\"valueName\":\"search_term_string\"}}],\"inLanguage\":\"en-US\"},{\"@type\":\"Organization\",\"@id\":\"https:\\\/\\\/adexa.ee\\\/#organization\",\"name\":\"Adexa\",\"url\":\"https:\\\/\\\/adexa.ee\\\/\",\"logo\":{\"@type\":\"ImageObject\",\"inLanguage\":\"en-US\",\"@id\":\"https:\\\/\\\/adexa.ee\\\/#\\\/schema\\\/logo\\\/image\\\/\",\"url\":\"https:\\\/\\\/adexa.ee\\\/wp-content\\\/uploads\\\/2024\\\/04\\\/chef-cooks-working-in-professional-kitchen-2023-11-27-05-07-39-utc-scaled.jpg\",\"contentUrl\":\"https:\\\/\\\/adexa.ee\\\/wp-content\\\/uploads\\\/2024\\\/04\\\/chef-cooks-working-in-professional-kitchen-2023-11-27-05-07-39-utc-scaled.jpg\",\"width\":2560,\"height\":1708,\"caption\":\"Adexa\"},\"image\":{\"@id\":\"https:\\\/\\\/adexa.ee\\\/#\\\/schema\\\/logo\\\/image\\\/\"}}]}<\/script>\n<!-- \/ Yoast SEO plugin. -->","yoast_head_json":{"title":"Kokkupandav voodipesuk\u00e4ru 870x520x780mm | Adexa H080D - Adexa \u2013 Suurk\u00f6\u00f6giseadmed restoranidele ja toitlustusele","robots":{"index":"index","follow":"follow","max-snippet":"max-snippet:-1","max-image-preview":"max-image-preview:large","max-video-preview":"max-video-preview:-1"},"canonical":"https:\/\/adexa.ee\/toode\/kokkupandav-voodipesukaru-870x520x780mm-adexa-h080d\/","og_locale":"en_US","og_type":"article","og_title":"Kokkupandav voodipesuk\u00e4ru 870x520x780mm | Adexa H080D - Adexa \u2013 Suurk\u00f6\u00f6giseadmed restoranidele ja toitlustusele","og_description":"See kokkupandav linak\u00e4ru on vaba mahutavuse, mugava transpordi, ruumis\u00e4\u00e4stlikkuse, k\u00f5rgkvaliteedilise ja praktilise disaini omadustega ning on avalikes kohtades nagu hotellides","og_url":"https:\/\/adexa.ee\/toode\/kokkupandav-voodipesukaru-870x520x780mm-adexa-h080d\/","og_site_name":"Adexa \u2013 Suurk\u00f6\u00f6giseadmed restoranidele ja toitlustusele","article_modified_time":"2026-03-27T22:15:22+00:00","og_image":[{"width":900,"height":900,"url":"https:\/\/adexa.ee\/wp-content\/uploads\/2024\/12\/H080D-2.jpg","type":"image\/jpeg"}],"twitter_card":"summary_large_image","twitter_misc":{"Est. reading time":"1 minute"},"schema":{"@context":"https:\/\/schema.org","@graph":[{"@type":"WebPage","@id":"https:\/\/adexa.ee\/toode\/kokkupandav-voodipesukaru-870x520x780mm-adexa-h080d\/","url":"https:\/\/adexa.ee\/toode\/kokkupandav-voodipesukaru-870x520x780mm-adexa-h080d\/","name":"Kokkupandav voodipesuk\u00e4ru 870x520x780mm | Adexa H080D - Adexa \u2013 Suurk\u00f6\u00f6giseadmed restoranidele ja toitlustusele","isPartOf":{"@id":"https:\/\/adexa.ee\/#website"},"primaryImageOfPage":{"@id":"https:\/\/adexa.ee\/toode\/kokkupandav-voodipesukaru-870x520x780mm-adexa-h080d\/#primaryimage"},"image":{"@id":"https:\/\/adexa.ee\/toode\/kokkupandav-voodipesukaru-870x520x780mm-adexa-h080d\/#primaryimage"},"thumbnailUrl":"https:\/\/adexa.ee\/wp-content\/uploads\/2024\/12\/H080D-2.jpg","datePublished":"2026-03-27T22:15:21+00:00","dateModified":"2026-03-27T22:15:22+00:00","breadcrumb":{"@id":"https:\/\/adexa.ee\/toode\/kokkupandav-voodipesukaru-870x520x780mm-adexa-h080d\/#breadcrumb"},"inLanguage":"en-US","potentialAction":[{"@type":"ReadAction","target":["https:\/\/adexa.ee\/toode\/kokkupandav-voodipesukaru-870x520x780mm-adexa-h080d\/"]}]},{"@type":"ImageObject","inLanguage":"en-US","@id":"https:\/\/adexa.ee\/toode\/kokkupandav-voodipesukaru-870x520x780mm-adexa-h080d\/#primaryimage","url":"https:\/\/adexa.ee\/wp-content\/uploads\/2024\/12\/H080D-2.jpg","contentUrl":"https:\/\/adexa.ee\/wp-content\/uploads\/2024\/12\/H080D-2.jpg","width":900,"height":900},{"@type":"BreadcrumbList","@id":"https:\/\/adexa.ee\/toode\/kokkupandav-voodipesukaru-870x520x780mm-adexa-h080d\/#breadcrumb","itemListElement":[{"@type":"ListItem","position":1,"name":"Home","item":"https:\/\/adexa.ee\/"},{"@type":"ListItem","position":2,"name":"Tooted","item":"https:\/\/adexa.ee\/pood\/"},{"@type":"ListItem","position":3,"name":"Kokkupandav voodipesuk\u00e4ru 870x520x780mm | Adexa H080D"}]},{"@type":"WebSite","@id":"https:\/\/adexa.ee\/#website","url":"https:\/\/adexa.ee\/","name":"Adexa","description":"","publisher":{"@id":"https:\/\/adexa.ee\/#organization"},"potentialAction":[{"@type":"SearchAction","target":{"@type":"EntryPoint","urlTemplate":"https:\/\/adexa.ee\/?s={search_term_string}"},"query-input":{"@type":"PropertyValueSpecification","valueRequired":true,"valueName":"search_term_string"}}],"inLanguage":"en-US"},{"@type":"Organization","@id":"https:\/\/adexa.ee\/#organization","name":"Adexa","url":"https:\/\/adexa.ee\/","logo":{"@type":"ImageObject","inLanguage":"en-US","@id":"https:\/\/adexa.ee\/#\/schema\/logo\/image\/","url":"https:\/\/adexa.ee\/wp-content\/uploads\/2024\/04\/chef-cooks-working-in-professional-kitchen-2023-11-27-05-07-39-utc-scaled.jpg","contentUrl":"https:\/\/adexa.ee\/wp-content\/uploads\/2024\/04\/chef-cooks-working-in-professional-kitchen-2023-11-27-05-07-39-utc-scaled.jpg","width":2560,"height":1708,"caption":"Adexa"},"image":{"@id":"https:\/\/adexa.ee\/#\/schema\/logo\/image\/"}}]}},"_links":{"self":[{"href":"https:\/\/adexa.ee\/en\/wp-json\/wp\/v2\/product\/13342","targetHints":{"allow":["GET"]}}],"collection":[{"href":"https:\/\/adexa.ee\/en\/wp-json\/wp\/v2\/product"}],"about":[{"href":"https:\/\/adexa.ee\/en\/wp-json\/wp\/v2\/types\/product"}],"wp:featuredmedia":[{"embeddable":true,"href":"https:\/\/adexa.ee\/en\/wp-json\/wp\/v2\/media\/13346"}],"wp:attachment":[{"href":"https:\/\/adexa.ee\/en\/wp-json\/wp\/v2\/media?parent=13342"}],"wp:term":[{"taxonomy":"product_brand","embeddable":true,"href":"https:\/\/adexa.ee\/en\/wp-json\/wp\/v2\/product_brand?post=13342"},{"taxonomy":"product_cat","embeddable":true,"href":"https:\/\/adexa.ee\/en\/wp-json\/wp\/v2\/product_cat?post=13342"},{"taxonomy":"product_tag","embeddable":true,"href":"https:\/\/adexa.ee\/en\/wp-json\/wp\/v2\/product_tag?post=13342"}],"curies":[{"name":"wp","href":"https:\/\/api.w.org\/{rel}","templated":true}]}}