{"id":13352,"date":"2026-03-26T09:55:57","date_gmt":"2026-03-26T07:55:57","guid":{"rendered":"https:\/\/adexa.ee\/toode\/jahutatud-maitseainete-hoidja-koosneb-3x-gn1-9-100mm-mahutist-koos-kaanega-plastik-adexa-chp04b3\/"},"modified":"2026-03-26T09:55:57","modified_gmt":"2026-03-26T07:55:57","slug":"jahutatav-maitseainete-hoidja-koosneb-3x-gn1-9-100mm-mahutist-koos-kaanega-plastik-adexa-chp04b3","status":"publish","type":"product","link":"https:\/\/adexa.ee\/en\/toode\/jahutatav-maitseainete-hoidja-koosneb-3x-gn1-9-100mm-mahutist-koos-kaanega-plastik-adexa-chp04b3\/","title":{"rendered":"Jahutatav Maitseainete Hoidja koosneb 3x GN1\/9-100mm mahutist koos kaanega Plastik | Adexa CHP04B3"},"content":{"rendered":"<p>Kasutage seda maitsetoodete hoidikut koos sisudega, et hoida oma baar v\u00f5i restoran varustatuna v\u00e4rskete maitsetaimedega. V\u00e4rsked maitsetaimed ja kaunistused annavad t\u00f5eliselt viimase lihvi igale joogile v\u00f5i roale! See maitsetaimede hoidja on ideaalne kasutamiseks baaris, kuid seda saab kasutada ka toidu hoidmiseks sinu k\u00f6\u00f6gi ettevalmistusalal, buffetis v\u00f5i s\u00f6\u00f6klas, pakkudes lihtsat iseteenindusv\u00f5imalust. Kaas aitab v\u00e4ltida saastumist ja kaitseb toitu \u00f5hus levivate saasteainete eest. Sinu toidutooted kestavad kauem, kui t\u00e4idad selle maitsetaimede hoidja p\u00f5hja j\u00e4\u00e4ga. See hoiab su jahutatud tooted v\u00e4rskena ja kasutusvalmina pikemaks ajaks. T\u00e4nu tugevast plastist konstruktsioonile on konteiner piisavalt vastupidav sagedaseks kasutamiseks. Plastik on lihtne \u00f6\u00f6 l\u00f5pus puhtaks p\u00fchkida, tagades puhtuse ja h\u00fcgieeni sinu asutuses.<\/p>\n<table style=\"border-collapse: collapse; width: 100%; text-align: left;\">\n<tbody>\n<tr>\n<td style=\"border: 1px solid #ddd; padding: 8px; width: 45%;\"><strong>S\u00fcgavus<\/strong><\/td>\n<td style=\"border: 1px solid #ddd; padding: 8px;\">230 mm<\/td>\n<\/tr>\n<tr>\n<td style=\"border: 1px solid #ddd; padding: 8px; width: 45%;\"><strong>K\u00f5rgus<\/strong><\/td>\n<td style=\"border: 1px solid #ddd; padding: 8px;\">200 mm<\/td>\n<\/tr>\n<tr>\n<td style=\"border: 1px solid #ddd; padding: 8px; width: 45%;\"><strong>Laius<\/strong><\/td>\n<td style=\"border: 1px solid #ddd; padding: 8px;\">360 mm<\/td>\n<\/tr>\n<tr>\n<td style=\"border: 1px solid #ddd; padding: 8px; width: 45%;\"><strong>Kaal<\/strong><\/td>\n<td style=\"border: 1px solid #ddd; padding: 8px;\">1 kg<\/td>\n<\/tr>\n<tr>\n<td style=\"border: 1px solid #ddd; padding: 8px; width: 45%;\"><strong>Mahutavus<\/strong><\/td>\n<td style=\"border: 1px solid #ddd; padding: 8px;\">3xGN1\/9 konteinerit 100mm s\u00fcgavusega<\/td>\n<\/tr>\n<tr>\n<td style=\"border: 1px solid #ddd; padding: 8px; width: 45%;\"><strong>Materjal<\/strong><\/td>\n<td style=\"border: 1px solid #ddd; padding: 8px;\">Plastik<\/td>\n<\/tr>\n<tr>\n<td style=\"border: 1px solid #ddd; padding: 8px; width: 45%;\"><strong>Kaasas<\/strong><\/td>\n<td style=\"border: 1px solid #ddd; padding: 8px;\">GN konteinerid (pol\u00fckarbonaadist) kaanega ja serveerimiskulp<\/td>\n<\/tr>\n<\/tbody>\n<\/table>\n","protected":false},"excerpt":{"rendered":"<p>Kasutage seda maitsetoodete hoidikut koos sisudega, et hoida oma baar v\u00f5i restoran varustatuna v\u00e4rskete maitsetaimedega. V\u00e4rsked maitsetaimed ja kaunistused annavad<\/p>\n","protected":false},"featured_media":13354,"template":"","meta":[],"product_brand":[],"product_cat":[614,585,584,613,579,557],"product_tag":[],"class_list":{"0":"post-13352","1":"product","2":"type-product","3":"status-publish","4":"has-post-thumbnail","6":"product_cat-baaritarvikud","7":"product_cat-gn-noud","8":"product_cat-hoidikud-ja-kandikud","9":"product_cat-kohv-ja-joogid","10":"product_cat-koogitarbed-noud","11":"product_cat-kupsetusseadmed","13":"first","14":"instock","15":"sale","16":"taxable","17":"shipping-taxable","18":"purchasable","19":"product-type-simple"},"yoast_head":"<!-- This site is optimized with the Yoast SEO plugin v27.3 - https:\/\/yoast.com\/product\/yoast-seo-wordpress\/ -->\n<title>Jahutatav Maitseainete Hoidja koosneb 3x GN1\/9-100mm mahutist koos kaanega Plastik | Adexa CHP04B3 - Adexa \u2013 Suurk\u00f6\u00f6giseadmed restoranidele ja toitlustusele<\/title>\n<meta name=\"robots\" content=\"index, follow, max-snippet:-1, max-image-preview:large, max-video-preview:-1\" \/>\n<link rel=\"canonical\" href=\"https:\/\/adexa.ee\/toode\/jahutatav-maitseainete-hoidja-koosneb-3x-gn1-9-100mm-mahutist-koos-kaanega-plastik-adexa-chp04b3\/\" \/>\n<meta property=\"og:locale\" content=\"en_US\" \/>\n<meta property=\"og:type\" content=\"article\" \/>\n<meta property=\"og:title\" content=\"Jahutatav Maitseainete Hoidja koosneb 3x GN1\/9-100mm mahutist koos kaanega Plastik | Adexa CHP04B3 - Adexa \u2013 Suurk\u00f6\u00f6giseadmed restoranidele ja toitlustusele\" \/>\n<meta property=\"og:description\" content=\"Kasutage seda maitsetoodete hoidikut koos sisudega, et hoida oma baar v\u00f5i restoran varustatuna v\u00e4rskete maitsetaimedega. V\u00e4rsked maitsetaimed ja kaunistused annavad\" \/>\n<meta property=\"og:url\" content=\"https:\/\/adexa.ee\/toode\/jahutatav-maitseainete-hoidja-koosneb-3x-gn1-9-100mm-mahutist-koos-kaanega-plastik-adexa-chp04b3\/\" \/>\n<meta property=\"og:site_name\" content=\"Adexa \u2013 Suurk\u00f6\u00f6giseadmed restoranidele ja toitlustusele\" \/>\n<meta property=\"og:image\" content=\"https:\/\/adexa.ee\/wp-content\/uploads\/2024\/12\/CHP04B3.jpg\" \/>\n\t<meta property=\"og:image:width\" content=\"1744\" \/>\n\t<meta property=\"og:image:height\" content=\"1744\" \/>\n\t<meta property=\"og:image:type\" content=\"image\/jpeg\" \/>\n<meta name=\"twitter:card\" content=\"summary_large_image\" \/>\n<meta name=\"twitter:label1\" content=\"Est. reading time\" \/>\n\t<meta name=\"twitter:data1\" content=\"1 minute\" \/>\n<script type=\"application\/ld+json\" class=\"yoast-schema-graph\">{\"@context\":\"https:\\\/\\\/schema.org\",\"@graph\":[{\"@type\":\"WebPage\",\"@id\":\"https:\\\/\\\/adexa.ee\\\/toode\\\/jahutatav-maitseainete-hoidja-koosneb-3x-gn1-9-100mm-mahutist-koos-kaanega-plastik-adexa-chp04b3\\\/\",\"url\":\"https:\\\/\\\/adexa.ee\\\/toode\\\/jahutatav-maitseainete-hoidja-koosneb-3x-gn1-9-100mm-mahutist-koos-kaanega-plastik-adexa-chp04b3\\\/\",\"name\":\"Jahutatav Maitseainete Hoidja koosneb 3x GN1\\\/9-100mm mahutist koos kaanega Plastik | Adexa CHP04B3 - Adexa \u2013 Suurk\u00f6\u00f6giseadmed restoranidele ja toitlustusele\",\"isPartOf\":{\"@id\":\"https:\\\/\\\/adexa.ee\\\/#website\"},\"primaryImageOfPage\":{\"@id\":\"https:\\\/\\\/adexa.ee\\\/toode\\\/jahutatav-maitseainete-hoidja-koosneb-3x-gn1-9-100mm-mahutist-koos-kaanega-plastik-adexa-chp04b3\\\/#primaryimage\"},\"image\":{\"@id\":\"https:\\\/\\\/adexa.ee\\\/toode\\\/jahutatav-maitseainete-hoidja-koosneb-3x-gn1-9-100mm-mahutist-koos-kaanega-plastik-adexa-chp04b3\\\/#primaryimage\"},\"thumbnailUrl\":\"https:\\\/\\\/adexa.ee\\\/wp-content\\\/uploads\\\/2024\\\/12\\\/CHP04B3.jpg\",\"datePublished\":\"2026-03-26T07:55:57+00:00\",\"breadcrumb\":{\"@id\":\"https:\\\/\\\/adexa.ee\\\/toode\\\/jahutatav-maitseainete-hoidja-koosneb-3x-gn1-9-100mm-mahutist-koos-kaanega-plastik-adexa-chp04b3\\\/#breadcrumb\"},\"inLanguage\":\"en-US\",\"potentialAction\":[{\"@type\":\"ReadAction\",\"target\":[\"https:\\\/\\\/adexa.ee\\\/toode\\\/jahutatav-maitseainete-hoidja-koosneb-3x-gn1-9-100mm-mahutist-koos-kaanega-plastik-adexa-chp04b3\\\/\"]}]},{\"@type\":\"ImageObject\",\"inLanguage\":\"en-US\",\"@id\":\"https:\\\/\\\/adexa.ee\\\/toode\\\/jahutatav-maitseainete-hoidja-koosneb-3x-gn1-9-100mm-mahutist-koos-kaanega-plastik-adexa-chp04b3\\\/#primaryimage\",\"url\":\"https:\\\/\\\/adexa.ee\\\/wp-content\\\/uploads\\\/2024\\\/12\\\/CHP04B3.jpg\",\"contentUrl\":\"https:\\\/\\\/adexa.ee\\\/wp-content\\\/uploads\\\/2024\\\/12\\\/CHP04B3.jpg\",\"width\":1744,\"height\":1744},{\"@type\":\"BreadcrumbList\",\"@id\":\"https:\\\/\\\/adexa.ee\\\/toode\\\/jahutatav-maitseainete-hoidja-koosneb-3x-gn1-9-100mm-mahutist-koos-kaanega-plastik-adexa-chp04b3\\\/#breadcrumb\",\"itemListElement\":[{\"@type\":\"ListItem\",\"position\":1,\"name\":\"Home\",\"item\":\"https:\\\/\\\/adexa.ee\\\/\"},{\"@type\":\"ListItem\",\"position\":2,\"name\":\"Tooted\",\"item\":\"https:\\\/\\\/adexa.ee\\\/pood\\\/\"},{\"@type\":\"ListItem\",\"position\":3,\"name\":\"Jahutatav Maitseainete Hoidja koosneb 3x GN1\\\/9-100mm mahutist koos kaanega Plastik | Adexa CHP04B3\"}]},{\"@type\":\"WebSite\",\"@id\":\"https:\\\/\\\/adexa.ee\\\/#website\",\"url\":\"https:\\\/\\\/adexa.ee\\\/\",\"name\":\"Adexa\",\"description\":\"\",\"publisher\":{\"@id\":\"https:\\\/\\\/adexa.ee\\\/#organization\"},\"potentialAction\":[{\"@type\":\"SearchAction\",\"target\":{\"@type\":\"EntryPoint\",\"urlTemplate\":\"https:\\\/\\\/adexa.ee\\\/?s={search_term_string}\"},\"query-input\":{\"@type\":\"PropertyValueSpecification\",\"valueRequired\":true,\"valueName\":\"search_term_string\"}}],\"inLanguage\":\"en-US\"},{\"@type\":\"Organization\",\"@id\":\"https:\\\/\\\/adexa.ee\\\/#organization\",\"name\":\"Adexa\",\"url\":\"https:\\\/\\\/adexa.ee\\\/\",\"logo\":{\"@type\":\"ImageObject\",\"inLanguage\":\"en-US\",\"@id\":\"https:\\\/\\\/adexa.ee\\\/#\\\/schema\\\/logo\\\/image\\\/\",\"url\":\"https:\\\/\\\/adexa.ee\\\/wp-content\\\/uploads\\\/2024\\\/04\\\/chef-cooks-working-in-professional-kitchen-2023-11-27-05-07-39-utc-scaled.jpg\",\"contentUrl\":\"https:\\\/\\\/adexa.ee\\\/wp-content\\\/uploads\\\/2024\\\/04\\\/chef-cooks-working-in-professional-kitchen-2023-11-27-05-07-39-utc-scaled.jpg\",\"width\":2560,\"height\":1708,\"caption\":\"Adexa\"},\"image\":{\"@id\":\"https:\\\/\\\/adexa.ee\\\/#\\\/schema\\\/logo\\\/image\\\/\"}}]}<\/script>\n<!-- \/ Yoast SEO plugin. -->","yoast_head_json":{"title":"Jahutatav Maitseainete Hoidja koosneb 3x GN1\/9-100mm mahutist koos kaanega Plastik | Adexa CHP04B3 - Adexa \u2013 Suurk\u00f6\u00f6giseadmed restoranidele ja toitlustusele","robots":{"index":"index","follow":"follow","max-snippet":"max-snippet:-1","max-image-preview":"max-image-preview:large","max-video-preview":"max-video-preview:-1"},"canonical":"https:\/\/adexa.ee\/toode\/jahutatav-maitseainete-hoidja-koosneb-3x-gn1-9-100mm-mahutist-koos-kaanega-plastik-adexa-chp04b3\/","og_locale":"en_US","og_type":"article","og_title":"Jahutatav Maitseainete Hoidja koosneb 3x GN1\/9-100mm mahutist koos kaanega Plastik | Adexa CHP04B3 - Adexa \u2013 Suurk\u00f6\u00f6giseadmed restoranidele ja toitlustusele","og_description":"Kasutage seda maitsetoodete hoidikut koos sisudega, et hoida oma baar v\u00f5i restoran varustatuna v\u00e4rskete maitsetaimedega. V\u00e4rsked maitsetaimed ja kaunistused annavad","og_url":"https:\/\/adexa.ee\/toode\/jahutatav-maitseainete-hoidja-koosneb-3x-gn1-9-100mm-mahutist-koos-kaanega-plastik-adexa-chp04b3\/","og_site_name":"Adexa \u2013 Suurk\u00f6\u00f6giseadmed restoranidele ja toitlustusele","og_image":[{"width":1744,"height":1744,"url":"https:\/\/adexa.ee\/wp-content\/uploads\/2024\/12\/CHP04B3.jpg","type":"image\/jpeg"}],"twitter_card":"summary_large_image","twitter_misc":{"Est. reading time":"1 minute"},"schema":{"@context":"https:\/\/schema.org","@graph":[{"@type":"WebPage","@id":"https:\/\/adexa.ee\/toode\/jahutatav-maitseainete-hoidja-koosneb-3x-gn1-9-100mm-mahutist-koos-kaanega-plastik-adexa-chp04b3\/","url":"https:\/\/adexa.ee\/toode\/jahutatav-maitseainete-hoidja-koosneb-3x-gn1-9-100mm-mahutist-koos-kaanega-plastik-adexa-chp04b3\/","name":"Jahutatav Maitseainete Hoidja koosneb 3x GN1\/9-100mm mahutist koos kaanega Plastik | Adexa CHP04B3 - Adexa \u2013 Suurk\u00f6\u00f6giseadmed restoranidele ja toitlustusele","isPartOf":{"@id":"https:\/\/adexa.ee\/#website"},"primaryImageOfPage":{"@id":"https:\/\/adexa.ee\/toode\/jahutatav-maitseainete-hoidja-koosneb-3x-gn1-9-100mm-mahutist-koos-kaanega-plastik-adexa-chp04b3\/#primaryimage"},"image":{"@id":"https:\/\/adexa.ee\/toode\/jahutatav-maitseainete-hoidja-koosneb-3x-gn1-9-100mm-mahutist-koos-kaanega-plastik-adexa-chp04b3\/#primaryimage"},"thumbnailUrl":"https:\/\/adexa.ee\/wp-content\/uploads\/2024\/12\/CHP04B3.jpg","datePublished":"2026-03-26T07:55:57+00:00","breadcrumb":{"@id":"https:\/\/adexa.ee\/toode\/jahutatav-maitseainete-hoidja-koosneb-3x-gn1-9-100mm-mahutist-koos-kaanega-plastik-adexa-chp04b3\/#breadcrumb"},"inLanguage":"en-US","potentialAction":[{"@type":"ReadAction","target":["https:\/\/adexa.ee\/toode\/jahutatav-maitseainete-hoidja-koosneb-3x-gn1-9-100mm-mahutist-koos-kaanega-plastik-adexa-chp04b3\/"]}]},{"@type":"ImageObject","inLanguage":"en-US","@id":"https:\/\/adexa.ee\/toode\/jahutatav-maitseainete-hoidja-koosneb-3x-gn1-9-100mm-mahutist-koos-kaanega-plastik-adexa-chp04b3\/#primaryimage","url":"https:\/\/adexa.ee\/wp-content\/uploads\/2024\/12\/CHP04B3.jpg","contentUrl":"https:\/\/adexa.ee\/wp-content\/uploads\/2024\/12\/CHP04B3.jpg","width":1744,"height":1744},{"@type":"BreadcrumbList","@id":"https:\/\/adexa.ee\/toode\/jahutatav-maitseainete-hoidja-koosneb-3x-gn1-9-100mm-mahutist-koos-kaanega-plastik-adexa-chp04b3\/#breadcrumb","itemListElement":[{"@type":"ListItem","position":1,"name":"Home","item":"https:\/\/adexa.ee\/"},{"@type":"ListItem","position":2,"name":"Tooted","item":"https:\/\/adexa.ee\/pood\/"},{"@type":"ListItem","position":3,"name":"Jahutatav Maitseainete Hoidja koosneb 3x GN1\/9-100mm mahutist koos kaanega Plastik | Adexa CHP04B3"}]},{"@type":"WebSite","@id":"https:\/\/adexa.ee\/#website","url":"https:\/\/adexa.ee\/","name":"Adexa","description":"","publisher":{"@id":"https:\/\/adexa.ee\/#organization"},"potentialAction":[{"@type":"SearchAction","target":{"@type":"EntryPoint","urlTemplate":"https:\/\/adexa.ee\/?s={search_term_string}"},"query-input":{"@type":"PropertyValueSpecification","valueRequired":true,"valueName":"search_term_string"}}],"inLanguage":"en-US"},{"@type":"Organization","@id":"https:\/\/adexa.ee\/#organization","name":"Adexa","url":"https:\/\/adexa.ee\/","logo":{"@type":"ImageObject","inLanguage":"en-US","@id":"https:\/\/adexa.ee\/#\/schema\/logo\/image\/","url":"https:\/\/adexa.ee\/wp-content\/uploads\/2024\/04\/chef-cooks-working-in-professional-kitchen-2023-11-27-05-07-39-utc-scaled.jpg","contentUrl":"https:\/\/adexa.ee\/wp-content\/uploads\/2024\/04\/chef-cooks-working-in-professional-kitchen-2023-11-27-05-07-39-utc-scaled.jpg","width":2560,"height":1708,"caption":"Adexa"},"image":{"@id":"https:\/\/adexa.ee\/#\/schema\/logo\/image\/"}}]}},"_links":{"self":[{"href":"https:\/\/adexa.ee\/en\/wp-json\/wp\/v2\/product\/13352","targetHints":{"allow":["GET"]}}],"collection":[{"href":"https:\/\/adexa.ee\/en\/wp-json\/wp\/v2\/product"}],"about":[{"href":"https:\/\/adexa.ee\/en\/wp-json\/wp\/v2\/types\/product"}],"wp:featuredmedia":[{"embeddable":true,"href":"https:\/\/adexa.ee\/en\/wp-json\/wp\/v2\/media\/13354"}],"wp:attachment":[{"href":"https:\/\/adexa.ee\/en\/wp-json\/wp\/v2\/media?parent=13352"}],"wp:term":[{"taxonomy":"product_brand","embeddable":true,"href":"https:\/\/adexa.ee\/en\/wp-json\/wp\/v2\/product_brand?post=13352"},{"taxonomy":"product_cat","embeddable":true,"href":"https:\/\/adexa.ee\/en\/wp-json\/wp\/v2\/product_cat?post=13352"},{"taxonomy":"product_tag","embeddable":true,"href":"https:\/\/adexa.ee\/en\/wp-json\/wp\/v2\/product_tag?post=13352"}],"curies":[{"name":"wp","href":"https:\/\/api.w.org\/{rel}","templated":true}]}}