{"id":13362,"date":"2026-03-28T00:15:22","date_gmt":"2026-03-27T22:15:22","guid":{"rendered":"https:\/\/adexa.ee\/toode\/professionaalne-hautamis-puljongipott-kaanega-roostevaba-teras-366-liitrit-adexa-se13636\/"},"modified":"2026-04-01T08:16:05","modified_gmt":"2026-04-01T05:16:05","slug":"professionaalne-hautamis-puljongipott-kaanega-roostevaba-teras-366-liitrit-adexa-se13636","status":"publish","type":"product","link":"https:\/\/adexa.ee\/en\/toode\/professionaalne-hautamis-puljongipott-kaanega-roostevaba-teras-366-liitrit-adexa-se13636\/","title":{"rendered":"Professionaalne hautamis-\/puljongipott kaanega, roostevaba teras, 36,6 liitrit | Adexa SE13636"},"content":{"rendered":"<p>See esmaklassiline roostevabast terasest pott pakub suurep\u00e4rast professionaalset kvaliteeti uskumatult konkurentsiv\u00f5imelise hinnaga. Valmistatud vastupidavast k\u00f5rgkvaliteetsest roostevabast terasest, on need \u00e4\u00e4rmiselt vastupidavad ning seet\u00f5ttu sobivad pidevaks kasutamiseks aktiivses kommerts k\u00f6\u00f6gis. Potil on jahedaks j\u00e4\u00e4vad keevitatud k\u00e4epidemed, mis v\u00f5imaldavad raskete sisuosade lihtsat transportimist. Kapseldatud t\u00fc\u00fcp p\u00f5hi, mis sobib induktsioonpliidil kasutamiseks ja tagab \u00fchtlase soojuse jaotuse. Tugevad k\u00e4epidemed, mitme kinnituskohaga poti pinna k\u00fclge, mis ei muutu kuumaks. Valmistatud k\u00f5rgekvaliteedilisest roostevabast terasest, kasutades s\u00fcvavenitustehnoloogiat. Happekindel. Satiinviimistlusega pinnad koos k\u00f5rgl\u00e4ikega poleeritud tugeva l\u00f6\u00f6gikaitsega. T\u00e4psema teabe saamiseks vaadake jaotist &#8220;Spetsifikatsioon&#8221;.<\/p>\n<table style=\"border-collapse: collapse; width: 100%; text-align: left;\">\n<tbody>\n<tr>\n<td style=\"border: 1px solid #ddd; padding: 8px; width: 45%;\"><strong>K\u00f5rgus<\/strong><\/td>\n<td style=\"border: 1px solid #ddd; padding: 8px;\">360 mm<\/td>\n<\/tr>\n<tr>\n<td style=\"border: 1px solid #ddd; padding: 8px; width: 45%;\"><strong>Garantii<\/strong><\/td>\n<td style=\"border: 1px solid #ddd; padding: 8px;\">12 kuu varuosade garantii<\/td>\n<\/tr>\n<tr>\n<td style=\"border: 1px solid #ddd; padding: 8px; width: 45%;\"><strong>Mahutavus<\/strong><\/td>\n<td style=\"border: 1px solid #ddd; padding: 8px;\">36,6 liitrit<\/td>\n<\/tr>\n<tr>\n<td style=\"border: 1px solid #ddd; padding: 8px; width: 45%;\"><strong>Materjal<\/strong><\/td>\n<td style=\"border: 1px solid #ddd; padding: 8px;\">Roostevaba teras<\/td>\n<\/tr>\n<tr>\n<td style=\"border: 1px solid #ddd; padding: 8px; width: 45%;\"><strong>Kaas<\/strong><\/td>\n<td style=\"border: 1px solid #ddd; padding: 8px;\">Kaasatud<\/td>\n<\/tr>\n<tr>\n<td style=\"border: 1px solid #ddd; padding: 8px; width: 45%;\"><strong>L\u00e4bim\u00f5\u00f5t<\/strong><\/td>\n<td style=\"border: 1px solid #ddd; padding: 8px;\">360 mm<\/td>\n<\/tr>\n<tr>\n<td style=\"border: 1px solid #ddd; padding: 8px; width: 45%;\"><strong>Induktsiooniga \u00fchilduv<\/strong><\/td>\n<td style=\"border: 1px solid #ddd; padding: 8px;\">Jah<\/td>\n<\/tr>\n<\/tbody>\n<\/table>\n","protected":false},"excerpt":{"rendered":"<p>See esmaklassiline roostevabast terasest pott pakub suurep\u00e4rast professionaalset kvaliteeti uskumatult konkurentsiv\u00f5imelise hinnaga. Valmistatud vastupidavast k\u00f5rgkvaliteetsest roostevabast terasest, on need \u00e4\u00e4rmiselt<\/p>\n","protected":false},"featured_media":13071,"template":"","meta":[],"product_brand":[],"product_cat":[755,579,569,606],"product_tag":[],"class_list":{"0":"post-13362","1":"product","2":"type-product","3":"status-publish","4":"has-post-thumbnail","6":"product_cat-keedupotid-hautamispotid-ja-puljongipotid","7":"product_cat-koogitarbed-noud","8":"product_cat-lopumuuk","9":"product_cat-potid-ja-pannid","11":"first","12":"instock","13":"sale","14":"taxable","15":"shipping-taxable","16":"purchasable","17":"product-type-simple"},"yoast_head":"<!-- This site is optimized with the Yoast SEO plugin v27.3 - https:\/\/yoast.com\/product\/yoast-seo-wordpress\/ -->\n<title>Professionaalne hautamis-\/puljongipott kaanega, roostevaba teras, 36,6 liitrit | Adexa SE13636 - Adexa \u2013 Suurk\u00f6\u00f6giseadmed restoranidele ja toitlustusele<\/title>\n<meta name=\"robots\" content=\"index, follow, max-snippet:-1, max-image-preview:large, max-video-preview:-1\" \/>\n<link rel=\"canonical\" href=\"https:\/\/adexa.ee\/toode\/professionaalne-hautamis-puljongipott-kaanega-roostevaba-teras-366-liitrit-adexa-se13636\/\" \/>\n<meta property=\"og:locale\" content=\"en_US\" \/>\n<meta property=\"og:type\" content=\"article\" \/>\n<meta property=\"og:title\" content=\"Professionaalne hautamis-\/puljongipott kaanega, roostevaba teras, 36,6 liitrit | Adexa SE13636 - Adexa \u2013 Suurk\u00f6\u00f6giseadmed restoranidele ja toitlustusele\" \/>\n<meta property=\"og:description\" content=\"See esmaklassiline roostevabast terasest pott pakub suurep\u00e4rast professionaalset kvaliteeti uskumatult konkurentsiv\u00f5imelise hinnaga. Valmistatud vastupidavast k\u00f5rgkvaliteetsest roostevabast terasest, on need \u00e4\u00e4rmiselt\" \/>\n<meta property=\"og:url\" content=\"https:\/\/adexa.ee\/toode\/professionaalne-hautamis-puljongipott-kaanega-roostevaba-teras-366-liitrit-adexa-se13636\/\" \/>\n<meta property=\"og:site_name\" content=\"Adexa \u2013 Suurk\u00f6\u00f6giseadmed restoranidele ja toitlustusele\" \/>\n<meta property=\"article:modified_time\" content=\"2026-04-01T05:16:05+00:00\" \/>\n<meta property=\"og:image\" content=\"https:\/\/adexa.ee\/wp-content\/uploads\/2024\/12\/SE1.jpg\" \/>\n\t<meta property=\"og:image:width\" content=\"1088\" \/>\n\t<meta property=\"og:image:height\" content=\"1088\" \/>\n\t<meta property=\"og:image:type\" content=\"image\/jpeg\" \/>\n<meta name=\"twitter:card\" content=\"summary_large_image\" \/>\n<meta name=\"twitter:label1\" content=\"Est. reading time\" \/>\n\t<meta name=\"twitter:data1\" content=\"1 minute\" \/>\n<script type=\"application\/ld+json\" class=\"yoast-schema-graph\">{\"@context\":\"https:\\\/\\\/schema.org\",\"@graph\":[{\"@type\":\"WebPage\",\"@id\":\"https:\\\/\\\/adexa.ee\\\/toode\\\/professionaalne-hautamis-puljongipott-kaanega-roostevaba-teras-366-liitrit-adexa-se13636\\\/\",\"url\":\"https:\\\/\\\/adexa.ee\\\/toode\\\/professionaalne-hautamis-puljongipott-kaanega-roostevaba-teras-366-liitrit-adexa-se13636\\\/\",\"name\":\"Professionaalne hautamis-\\\/puljongipott kaanega, roostevaba teras, 36,6 liitrit | Adexa SE13636 - Adexa \u2013 Suurk\u00f6\u00f6giseadmed restoranidele ja toitlustusele\",\"isPartOf\":{\"@id\":\"https:\\\/\\\/adexa.ee\\\/#website\"},\"primaryImageOfPage\":{\"@id\":\"https:\\\/\\\/adexa.ee\\\/toode\\\/professionaalne-hautamis-puljongipott-kaanega-roostevaba-teras-366-liitrit-adexa-se13636\\\/#primaryimage\"},\"image\":{\"@id\":\"https:\\\/\\\/adexa.ee\\\/toode\\\/professionaalne-hautamis-puljongipott-kaanega-roostevaba-teras-366-liitrit-adexa-se13636\\\/#primaryimage\"},\"thumbnailUrl\":\"https:\\\/\\\/adexa.ee\\\/wp-content\\\/uploads\\\/2024\\\/12\\\/SE1.jpg\",\"datePublished\":\"2026-03-27T22:15:22+00:00\",\"dateModified\":\"2026-04-01T05:16:05+00:00\",\"breadcrumb\":{\"@id\":\"https:\\\/\\\/adexa.ee\\\/toode\\\/professionaalne-hautamis-puljongipott-kaanega-roostevaba-teras-366-liitrit-adexa-se13636\\\/#breadcrumb\"},\"inLanguage\":\"en-US\",\"potentialAction\":[{\"@type\":\"ReadAction\",\"target\":[\"https:\\\/\\\/adexa.ee\\\/toode\\\/professionaalne-hautamis-puljongipott-kaanega-roostevaba-teras-366-liitrit-adexa-se13636\\\/\"]}]},{\"@type\":\"ImageObject\",\"inLanguage\":\"en-US\",\"@id\":\"https:\\\/\\\/adexa.ee\\\/toode\\\/professionaalne-hautamis-puljongipott-kaanega-roostevaba-teras-366-liitrit-adexa-se13636\\\/#primaryimage\",\"url\":\"https:\\\/\\\/adexa.ee\\\/wp-content\\\/uploads\\\/2024\\\/12\\\/SE1.jpg\",\"contentUrl\":\"https:\\\/\\\/adexa.ee\\\/wp-content\\\/uploads\\\/2024\\\/12\\\/SE1.jpg\",\"width\":1088,\"height\":1088},{\"@type\":\"BreadcrumbList\",\"@id\":\"https:\\\/\\\/adexa.ee\\\/toode\\\/professionaalne-hautamis-puljongipott-kaanega-roostevaba-teras-366-liitrit-adexa-se13636\\\/#breadcrumb\",\"itemListElement\":[{\"@type\":\"ListItem\",\"position\":1,\"name\":\"Home\",\"item\":\"https:\\\/\\\/adexa.ee\\\/\"},{\"@type\":\"ListItem\",\"position\":2,\"name\":\"Tooted\",\"item\":\"https:\\\/\\\/adexa.ee\\\/pood\\\/\"},{\"@type\":\"ListItem\",\"position\":3,\"name\":\"Professionaalne hautamis-\\\/puljongipott kaanega, roostevaba teras, 36,6 liitrit | Adexa SE13636\"}]},{\"@type\":\"WebSite\",\"@id\":\"https:\\\/\\\/adexa.ee\\\/#website\",\"url\":\"https:\\\/\\\/adexa.ee\\\/\",\"name\":\"Adexa\",\"description\":\"\",\"publisher\":{\"@id\":\"https:\\\/\\\/adexa.ee\\\/#organization\"},\"potentialAction\":[{\"@type\":\"SearchAction\",\"target\":{\"@type\":\"EntryPoint\",\"urlTemplate\":\"https:\\\/\\\/adexa.ee\\\/?s={search_term_string}\"},\"query-input\":{\"@type\":\"PropertyValueSpecification\",\"valueRequired\":true,\"valueName\":\"search_term_string\"}}],\"inLanguage\":\"en-US\"},{\"@type\":\"Organization\",\"@id\":\"https:\\\/\\\/adexa.ee\\\/#organization\",\"name\":\"Adexa\",\"url\":\"https:\\\/\\\/adexa.ee\\\/\",\"logo\":{\"@type\":\"ImageObject\",\"inLanguage\":\"en-US\",\"@id\":\"https:\\\/\\\/adexa.ee\\\/#\\\/schema\\\/logo\\\/image\\\/\",\"url\":\"https:\\\/\\\/adexa.ee\\\/wp-content\\\/uploads\\\/2024\\\/04\\\/chef-cooks-working-in-professional-kitchen-2023-11-27-05-07-39-utc-scaled.jpg\",\"contentUrl\":\"https:\\\/\\\/adexa.ee\\\/wp-content\\\/uploads\\\/2024\\\/04\\\/chef-cooks-working-in-professional-kitchen-2023-11-27-05-07-39-utc-scaled.jpg\",\"width\":2560,\"height\":1708,\"caption\":\"Adexa\"},\"image\":{\"@id\":\"https:\\\/\\\/adexa.ee\\\/#\\\/schema\\\/logo\\\/image\\\/\"}}]}<\/script>\n<!-- \/ Yoast SEO plugin. -->","yoast_head_json":{"title":"Professionaalne hautamis-\/puljongipott kaanega, roostevaba teras, 36,6 liitrit | Adexa SE13636 - Adexa \u2013 Suurk\u00f6\u00f6giseadmed restoranidele ja toitlustusele","robots":{"index":"index","follow":"follow","max-snippet":"max-snippet:-1","max-image-preview":"max-image-preview:large","max-video-preview":"max-video-preview:-1"},"canonical":"https:\/\/adexa.ee\/toode\/professionaalne-hautamis-puljongipott-kaanega-roostevaba-teras-366-liitrit-adexa-se13636\/","og_locale":"en_US","og_type":"article","og_title":"Professionaalne hautamis-\/puljongipott kaanega, roostevaba teras, 36,6 liitrit | Adexa SE13636 - Adexa \u2013 Suurk\u00f6\u00f6giseadmed restoranidele ja toitlustusele","og_description":"See esmaklassiline roostevabast terasest pott pakub suurep\u00e4rast professionaalset kvaliteeti uskumatult konkurentsiv\u00f5imelise hinnaga. Valmistatud vastupidavast k\u00f5rgkvaliteetsest roostevabast terasest, on need \u00e4\u00e4rmiselt","og_url":"https:\/\/adexa.ee\/toode\/professionaalne-hautamis-puljongipott-kaanega-roostevaba-teras-366-liitrit-adexa-se13636\/","og_site_name":"Adexa \u2013 Suurk\u00f6\u00f6giseadmed restoranidele ja toitlustusele","article_modified_time":"2026-04-01T05:16:05+00:00","og_image":[{"width":1088,"height":1088,"url":"https:\/\/adexa.ee\/wp-content\/uploads\/2024\/12\/SE1.jpg","type":"image\/jpeg"}],"twitter_card":"summary_large_image","twitter_misc":{"Est. reading time":"1 minute"},"schema":{"@context":"https:\/\/schema.org","@graph":[{"@type":"WebPage","@id":"https:\/\/adexa.ee\/toode\/professionaalne-hautamis-puljongipott-kaanega-roostevaba-teras-366-liitrit-adexa-se13636\/","url":"https:\/\/adexa.ee\/toode\/professionaalne-hautamis-puljongipott-kaanega-roostevaba-teras-366-liitrit-adexa-se13636\/","name":"Professionaalne hautamis-\/puljongipott kaanega, roostevaba teras, 36,6 liitrit | Adexa SE13636 - Adexa \u2013 Suurk\u00f6\u00f6giseadmed restoranidele ja toitlustusele","isPartOf":{"@id":"https:\/\/adexa.ee\/#website"},"primaryImageOfPage":{"@id":"https:\/\/adexa.ee\/toode\/professionaalne-hautamis-puljongipott-kaanega-roostevaba-teras-366-liitrit-adexa-se13636\/#primaryimage"},"image":{"@id":"https:\/\/adexa.ee\/toode\/professionaalne-hautamis-puljongipott-kaanega-roostevaba-teras-366-liitrit-adexa-se13636\/#primaryimage"},"thumbnailUrl":"https:\/\/adexa.ee\/wp-content\/uploads\/2024\/12\/SE1.jpg","datePublished":"2026-03-27T22:15:22+00:00","dateModified":"2026-04-01T05:16:05+00:00","breadcrumb":{"@id":"https:\/\/adexa.ee\/toode\/professionaalne-hautamis-puljongipott-kaanega-roostevaba-teras-366-liitrit-adexa-se13636\/#breadcrumb"},"inLanguage":"en-US","potentialAction":[{"@type":"ReadAction","target":["https:\/\/adexa.ee\/toode\/professionaalne-hautamis-puljongipott-kaanega-roostevaba-teras-366-liitrit-adexa-se13636\/"]}]},{"@type":"ImageObject","inLanguage":"en-US","@id":"https:\/\/adexa.ee\/toode\/professionaalne-hautamis-puljongipott-kaanega-roostevaba-teras-366-liitrit-adexa-se13636\/#primaryimage","url":"https:\/\/adexa.ee\/wp-content\/uploads\/2024\/12\/SE1.jpg","contentUrl":"https:\/\/adexa.ee\/wp-content\/uploads\/2024\/12\/SE1.jpg","width":1088,"height":1088},{"@type":"BreadcrumbList","@id":"https:\/\/adexa.ee\/toode\/professionaalne-hautamis-puljongipott-kaanega-roostevaba-teras-366-liitrit-adexa-se13636\/#breadcrumb","itemListElement":[{"@type":"ListItem","position":1,"name":"Home","item":"https:\/\/adexa.ee\/"},{"@type":"ListItem","position":2,"name":"Tooted","item":"https:\/\/adexa.ee\/pood\/"},{"@type":"ListItem","position":3,"name":"Professionaalne hautamis-\/puljongipott kaanega, roostevaba teras, 36,6 liitrit | Adexa SE13636"}]},{"@type":"WebSite","@id":"https:\/\/adexa.ee\/#website","url":"https:\/\/adexa.ee\/","name":"Adexa","description":"","publisher":{"@id":"https:\/\/adexa.ee\/#organization"},"potentialAction":[{"@type":"SearchAction","target":{"@type":"EntryPoint","urlTemplate":"https:\/\/adexa.ee\/?s={search_term_string}"},"query-input":{"@type":"PropertyValueSpecification","valueRequired":true,"valueName":"search_term_string"}}],"inLanguage":"en-US"},{"@type":"Organization","@id":"https:\/\/adexa.ee\/#organization","name":"Adexa","url":"https:\/\/adexa.ee\/","logo":{"@type":"ImageObject","inLanguage":"en-US","@id":"https:\/\/adexa.ee\/#\/schema\/logo\/image\/","url":"https:\/\/adexa.ee\/wp-content\/uploads\/2024\/04\/chef-cooks-working-in-professional-kitchen-2023-11-27-05-07-39-utc-scaled.jpg","contentUrl":"https:\/\/adexa.ee\/wp-content\/uploads\/2024\/04\/chef-cooks-working-in-professional-kitchen-2023-11-27-05-07-39-utc-scaled.jpg","width":2560,"height":1708,"caption":"Adexa"},"image":{"@id":"https:\/\/adexa.ee\/#\/schema\/logo\/image\/"}}]}},"_links":{"self":[{"href":"https:\/\/adexa.ee\/en\/wp-json\/wp\/v2\/product\/13362","targetHints":{"allow":["GET"]}}],"collection":[{"href":"https:\/\/adexa.ee\/en\/wp-json\/wp\/v2\/product"}],"about":[{"href":"https:\/\/adexa.ee\/en\/wp-json\/wp\/v2\/types\/product"}],"wp:featuredmedia":[{"embeddable":true,"href":"https:\/\/adexa.ee\/en\/wp-json\/wp\/v2\/media\/13071"}],"wp:attachment":[{"href":"https:\/\/adexa.ee\/en\/wp-json\/wp\/v2\/media?parent=13362"}],"wp:term":[{"taxonomy":"product_brand","embeddable":true,"href":"https:\/\/adexa.ee\/en\/wp-json\/wp\/v2\/product_brand?post=13362"},{"taxonomy":"product_cat","embeddable":true,"href":"https:\/\/adexa.ee\/en\/wp-json\/wp\/v2\/product_cat?post=13362"},{"taxonomy":"product_tag","embeddable":true,"href":"https:\/\/adexa.ee\/en\/wp-json\/wp\/v2\/product_tag?post=13362"}],"curies":[{"name":"wp","href":"https:\/\/api.w.org\/{rel}","templated":true}]}}