{"id":13394,"date":"2026-03-26T09:55:57","date_gmt":"2026-03-26T07:55:57","guid":{"rendered":"https:\/\/adexa.ee\/toode\/pitsasoel-10-25cm-adexa-ps25\/"},"modified":"2026-03-26T09:56:00","modified_gmt":"2026-03-26T07:56:00","slug":"pitsasoel-10-25cm-adexa-ps25","status":"publish","type":"product","link":"https:\/\/adexa.ee\/en\/toode\/pitsasoel-10-25cm-adexa-ps25\/","title":{"rendered":"Pitsas\u00f5el 10&#8243;\/25cm | Adexa PS25"},"content":{"rendered":"<p>Pitsas\u00f5ela abil saate alati tagada \u00fchtlaselt k\u00fcpsetatud pitsap\u00f5hjad ja -servad. Kujundatud spetsiaalsete aukudega, mis v\u00f5imaldavad \u00f5hul ringelda ja tainast k\u00fcpsetada, tagades ideaalselt k\u00fcpsetatud pitsad. Valmistatud alumiiniumist, mis aitab kaasa soojuse juhtivusele ja jaotumisele \u00fchtlaseks k\u00fcpsetamiseks ning muudab s\u00f5ela v\u00e4ga vastupidavaks ja tugevaks, tagades pika eluea teie k\u00f6\u00f6gis. Tagage iga kord t\u00e4pselt sama suur pits, levitades tainas s\u00f5elale servadeni. See on ideaalne kaubanduslikuks kasutamiseks, kaasaostu kohtades ja restoranides, kui men\u00fc\u00fcs on erineva suurusega pitsad. T\u00e4psemat teavet leiate allpool jaotisest \u201eTehnilised andmed\u201c.<\/p>\n<table style=\"border-collapse: collapse; width: 100%; text-align: left;\">\n<tbody>\n<tr>\n<td style=\"border: 1px solid #ddd; padding: 8px; width: 45%;\"><strong>Materjal<\/strong><\/td>\n<td style=\"border: 1px solid #ddd; padding: 8px;\">Alumiinium<\/td>\n<\/tr>\n<tr>\n<td style=\"border: 1px solid #ddd; padding: 8px; width: 45%;\"><strong>Paksus<\/strong><\/td>\n<td style=\"border: 1px solid #ddd; padding: 8px;\">3,5 mm<\/td>\n<\/tr>\n<\/tbody>\n<\/table>\n","protected":false},"excerpt":{"rendered":"<p>Pitsas\u00f5ela abil saate alati tagada \u00fchtlaselt k\u00fcpsetatud pitsap\u00f5hjad ja -servad. Kujundatud spetsiaalsete aukudega, mis v\u00f5imaldavad \u00f5hul ringelda ja tainast k\u00fcpsetada,<\/p>\n","protected":false},"featured_media":13396,"template":"","meta":[],"product_brand":[],"product_cat":[599,600,664,666,723,742],"product_tag":[],"class_list":{"0":"post-13394","1":"product","2":"type-product","3":"status-publish","4":"has-post-thumbnail","6":"product_cat-ahjud","7":"product_cat-ahjurestid-ja-ahjuplaadid","8":"product_cat-pitsa-ja-grill","9":"product_cat-pitsa-ladustamine-ja-transport","10":"product_cat-pitsaahjud","11":"product_cat-pitsatarvikud","13":"first","14":"instock","15":"sale","16":"taxable","17":"shipping-taxable","18":"purchasable","19":"product-type-simple"},"yoast_head":"<!-- This site is optimized with the Yoast SEO plugin v27.3 - https:\/\/yoast.com\/product\/yoast-seo-wordpress\/ -->\n<title>Pitsas\u00f5el 10&quot;\/25cm | Adexa PS25 - Adexa \u2013 Suurk\u00f6\u00f6giseadmed restoranidele ja toitlustusele<\/title>\n<meta name=\"robots\" content=\"index, follow, max-snippet:-1, max-image-preview:large, max-video-preview:-1\" \/>\n<link rel=\"canonical\" href=\"https:\/\/adexa.ee\/toode\/pitsasoel-10-25cm-adexa-ps25\/\" \/>\n<meta property=\"og:locale\" content=\"en_US\" \/>\n<meta property=\"og:type\" content=\"article\" \/>\n<meta property=\"og:title\" content=\"Pitsas\u00f5el 10&quot;\/25cm | Adexa PS25 - Adexa \u2013 Suurk\u00f6\u00f6giseadmed restoranidele ja toitlustusele\" \/>\n<meta property=\"og:description\" content=\"Pitsas\u00f5ela abil saate alati tagada \u00fchtlaselt k\u00fcpsetatud pitsap\u00f5hjad ja -servad. Kujundatud spetsiaalsete aukudega, mis v\u00f5imaldavad \u00f5hul ringelda ja tainast k\u00fcpsetada,\" \/>\n<meta property=\"og:url\" content=\"https:\/\/adexa.ee\/toode\/pitsasoel-10-25cm-adexa-ps25\/\" \/>\n<meta property=\"og:site_name\" content=\"Adexa \u2013 Suurk\u00f6\u00f6giseadmed restoranidele ja toitlustusele\" \/>\n<meta property=\"article:modified_time\" content=\"2026-03-26T07:56:00+00:00\" \/>\n<meta property=\"og:image\" content=\"https:\/\/adexa.ee\/wp-content\/uploads\/2024\/12\/pizza-screen.jpg\" \/>\n\t<meta property=\"og:image:width\" content=\"1500\" \/>\n\t<meta property=\"og:image:height\" content=\"1500\" \/>\n\t<meta property=\"og:image:type\" content=\"image\/jpeg\" \/>\n<meta name=\"twitter:card\" content=\"summary_large_image\" \/>\n<script type=\"application\/ld+json\" class=\"yoast-schema-graph\">{\"@context\":\"https:\\\/\\\/schema.org\",\"@graph\":[{\"@type\":\"WebPage\",\"@id\":\"https:\\\/\\\/adexa.ee\\\/toode\\\/pitsasoel-10-25cm-adexa-ps25\\\/\",\"url\":\"https:\\\/\\\/adexa.ee\\\/toode\\\/pitsasoel-10-25cm-adexa-ps25\\\/\",\"name\":\"Pitsas\u00f5el 10\\\"\\\/25cm | Adexa PS25 - Adexa \u2013 Suurk\u00f6\u00f6giseadmed restoranidele ja toitlustusele\",\"isPartOf\":{\"@id\":\"https:\\\/\\\/adexa.ee\\\/#website\"},\"primaryImageOfPage\":{\"@id\":\"https:\\\/\\\/adexa.ee\\\/toode\\\/pitsasoel-10-25cm-adexa-ps25\\\/#primaryimage\"},\"image\":{\"@id\":\"https:\\\/\\\/adexa.ee\\\/toode\\\/pitsasoel-10-25cm-adexa-ps25\\\/#primaryimage\"},\"thumbnailUrl\":\"https:\\\/\\\/adexa.ee\\\/wp-content\\\/uploads\\\/2024\\\/12\\\/pizza-screen.jpg\",\"datePublished\":\"2026-03-26T07:55:57+00:00\",\"dateModified\":\"2026-03-26T07:56:00+00:00\",\"breadcrumb\":{\"@id\":\"https:\\\/\\\/adexa.ee\\\/toode\\\/pitsasoel-10-25cm-adexa-ps25\\\/#breadcrumb\"},\"inLanguage\":\"en-US\",\"potentialAction\":[{\"@type\":\"ReadAction\",\"target\":[\"https:\\\/\\\/adexa.ee\\\/toode\\\/pitsasoel-10-25cm-adexa-ps25\\\/\"]}]},{\"@type\":\"ImageObject\",\"inLanguage\":\"en-US\",\"@id\":\"https:\\\/\\\/adexa.ee\\\/toode\\\/pitsasoel-10-25cm-adexa-ps25\\\/#primaryimage\",\"url\":\"https:\\\/\\\/adexa.ee\\\/wp-content\\\/uploads\\\/2024\\\/12\\\/pizza-screen.jpg\",\"contentUrl\":\"https:\\\/\\\/adexa.ee\\\/wp-content\\\/uploads\\\/2024\\\/12\\\/pizza-screen.jpg\",\"width\":1500,\"height\":1500},{\"@type\":\"BreadcrumbList\",\"@id\":\"https:\\\/\\\/adexa.ee\\\/toode\\\/pitsasoel-10-25cm-adexa-ps25\\\/#breadcrumb\",\"itemListElement\":[{\"@type\":\"ListItem\",\"position\":1,\"name\":\"Home\",\"item\":\"https:\\\/\\\/adexa.ee\\\/\"},{\"@type\":\"ListItem\",\"position\":2,\"name\":\"Tooted\",\"item\":\"https:\\\/\\\/adexa.ee\\\/pood\\\/\"},{\"@type\":\"ListItem\",\"position\":3,\"name\":\"Pitsas\u00f5el 10&#8243;\\\/25cm | Adexa PS25\"}]},{\"@type\":\"WebSite\",\"@id\":\"https:\\\/\\\/adexa.ee\\\/#website\",\"url\":\"https:\\\/\\\/adexa.ee\\\/\",\"name\":\"Adexa\",\"description\":\"\",\"publisher\":{\"@id\":\"https:\\\/\\\/adexa.ee\\\/#organization\"},\"potentialAction\":[{\"@type\":\"SearchAction\",\"target\":{\"@type\":\"EntryPoint\",\"urlTemplate\":\"https:\\\/\\\/adexa.ee\\\/?s={search_term_string}\"},\"query-input\":{\"@type\":\"PropertyValueSpecification\",\"valueRequired\":true,\"valueName\":\"search_term_string\"}}],\"inLanguage\":\"en-US\"},{\"@type\":\"Organization\",\"@id\":\"https:\\\/\\\/adexa.ee\\\/#organization\",\"name\":\"Adexa\",\"url\":\"https:\\\/\\\/adexa.ee\\\/\",\"logo\":{\"@type\":\"ImageObject\",\"inLanguage\":\"en-US\",\"@id\":\"https:\\\/\\\/adexa.ee\\\/#\\\/schema\\\/logo\\\/image\\\/\",\"url\":\"https:\\\/\\\/adexa.ee\\\/wp-content\\\/uploads\\\/2024\\\/04\\\/chef-cooks-working-in-professional-kitchen-2023-11-27-05-07-39-utc-scaled.jpg\",\"contentUrl\":\"https:\\\/\\\/adexa.ee\\\/wp-content\\\/uploads\\\/2024\\\/04\\\/chef-cooks-working-in-professional-kitchen-2023-11-27-05-07-39-utc-scaled.jpg\",\"width\":2560,\"height\":1708,\"caption\":\"Adexa\"},\"image\":{\"@id\":\"https:\\\/\\\/adexa.ee\\\/#\\\/schema\\\/logo\\\/image\\\/\"}}]}<\/script>\n<!-- \/ Yoast SEO plugin. -->","yoast_head_json":{"title":"Pitsas\u00f5el 10\"\/25cm | Adexa PS25 - Adexa \u2013 Suurk\u00f6\u00f6giseadmed restoranidele ja toitlustusele","robots":{"index":"index","follow":"follow","max-snippet":"max-snippet:-1","max-image-preview":"max-image-preview:large","max-video-preview":"max-video-preview:-1"},"canonical":"https:\/\/adexa.ee\/toode\/pitsasoel-10-25cm-adexa-ps25\/","og_locale":"en_US","og_type":"article","og_title":"Pitsas\u00f5el 10\"\/25cm | Adexa PS25 - Adexa \u2013 Suurk\u00f6\u00f6giseadmed restoranidele ja toitlustusele","og_description":"Pitsas\u00f5ela abil saate alati tagada \u00fchtlaselt k\u00fcpsetatud pitsap\u00f5hjad ja -servad. Kujundatud spetsiaalsete aukudega, mis v\u00f5imaldavad \u00f5hul ringelda ja tainast k\u00fcpsetada,","og_url":"https:\/\/adexa.ee\/toode\/pitsasoel-10-25cm-adexa-ps25\/","og_site_name":"Adexa \u2013 Suurk\u00f6\u00f6giseadmed restoranidele ja toitlustusele","article_modified_time":"2026-03-26T07:56:00+00:00","og_image":[{"width":1500,"height":1500,"url":"https:\/\/adexa.ee\/wp-content\/uploads\/2024\/12\/pizza-screen.jpg","type":"image\/jpeg"}],"twitter_card":"summary_large_image","schema":{"@context":"https:\/\/schema.org","@graph":[{"@type":"WebPage","@id":"https:\/\/adexa.ee\/toode\/pitsasoel-10-25cm-adexa-ps25\/","url":"https:\/\/adexa.ee\/toode\/pitsasoel-10-25cm-adexa-ps25\/","name":"Pitsas\u00f5el 10\"\/25cm | Adexa PS25 - Adexa \u2013 Suurk\u00f6\u00f6giseadmed restoranidele ja toitlustusele","isPartOf":{"@id":"https:\/\/adexa.ee\/#website"},"primaryImageOfPage":{"@id":"https:\/\/adexa.ee\/toode\/pitsasoel-10-25cm-adexa-ps25\/#primaryimage"},"image":{"@id":"https:\/\/adexa.ee\/toode\/pitsasoel-10-25cm-adexa-ps25\/#primaryimage"},"thumbnailUrl":"https:\/\/adexa.ee\/wp-content\/uploads\/2024\/12\/pizza-screen.jpg","datePublished":"2026-03-26T07:55:57+00:00","dateModified":"2026-03-26T07:56:00+00:00","breadcrumb":{"@id":"https:\/\/adexa.ee\/toode\/pitsasoel-10-25cm-adexa-ps25\/#breadcrumb"},"inLanguage":"en-US","potentialAction":[{"@type":"ReadAction","target":["https:\/\/adexa.ee\/toode\/pitsasoel-10-25cm-adexa-ps25\/"]}]},{"@type":"ImageObject","inLanguage":"en-US","@id":"https:\/\/adexa.ee\/toode\/pitsasoel-10-25cm-adexa-ps25\/#primaryimage","url":"https:\/\/adexa.ee\/wp-content\/uploads\/2024\/12\/pizza-screen.jpg","contentUrl":"https:\/\/adexa.ee\/wp-content\/uploads\/2024\/12\/pizza-screen.jpg","width":1500,"height":1500},{"@type":"BreadcrumbList","@id":"https:\/\/adexa.ee\/toode\/pitsasoel-10-25cm-adexa-ps25\/#breadcrumb","itemListElement":[{"@type":"ListItem","position":1,"name":"Home","item":"https:\/\/adexa.ee\/"},{"@type":"ListItem","position":2,"name":"Tooted","item":"https:\/\/adexa.ee\/pood\/"},{"@type":"ListItem","position":3,"name":"Pitsas\u00f5el 10&#8243;\/25cm | Adexa PS25"}]},{"@type":"WebSite","@id":"https:\/\/adexa.ee\/#website","url":"https:\/\/adexa.ee\/","name":"Adexa","description":"","publisher":{"@id":"https:\/\/adexa.ee\/#organization"},"potentialAction":[{"@type":"SearchAction","target":{"@type":"EntryPoint","urlTemplate":"https:\/\/adexa.ee\/?s={search_term_string}"},"query-input":{"@type":"PropertyValueSpecification","valueRequired":true,"valueName":"search_term_string"}}],"inLanguage":"en-US"},{"@type":"Organization","@id":"https:\/\/adexa.ee\/#organization","name":"Adexa","url":"https:\/\/adexa.ee\/","logo":{"@type":"ImageObject","inLanguage":"en-US","@id":"https:\/\/adexa.ee\/#\/schema\/logo\/image\/","url":"https:\/\/adexa.ee\/wp-content\/uploads\/2024\/04\/chef-cooks-working-in-professional-kitchen-2023-11-27-05-07-39-utc-scaled.jpg","contentUrl":"https:\/\/adexa.ee\/wp-content\/uploads\/2024\/04\/chef-cooks-working-in-professional-kitchen-2023-11-27-05-07-39-utc-scaled.jpg","width":2560,"height":1708,"caption":"Adexa"},"image":{"@id":"https:\/\/adexa.ee\/#\/schema\/logo\/image\/"}}]}},"_links":{"self":[{"href":"https:\/\/adexa.ee\/en\/wp-json\/wp\/v2\/product\/13394","targetHints":{"allow":["GET"]}}],"collection":[{"href":"https:\/\/adexa.ee\/en\/wp-json\/wp\/v2\/product"}],"about":[{"href":"https:\/\/adexa.ee\/en\/wp-json\/wp\/v2\/types\/product"}],"wp:featuredmedia":[{"embeddable":true,"href":"https:\/\/adexa.ee\/en\/wp-json\/wp\/v2\/media\/13396"}],"wp:attachment":[{"href":"https:\/\/adexa.ee\/en\/wp-json\/wp\/v2\/media?parent=13394"}],"wp:term":[{"taxonomy":"product_brand","embeddable":true,"href":"https:\/\/adexa.ee\/en\/wp-json\/wp\/v2\/product_brand?post=13394"},{"taxonomy":"product_cat","embeddable":true,"href":"https:\/\/adexa.ee\/en\/wp-json\/wp\/v2\/product_cat?post=13394"},{"taxonomy":"product_tag","embeddable":true,"href":"https:\/\/adexa.ee\/en\/wp-json\/wp\/v2\/product_tag?post=13394"}],"curies":[{"name":"wp","href":"https:\/\/api.w.org\/{rel}","templated":true}]}}