{"id":13409,"date":"2026-03-26T09:55:57","date_gmt":"2026-03-26T07:55:57","guid":{"rendered":"https:\/\/adexa.ee\/toode\/professionaalne-gaasil-tootav-laavakivi-grill-kapialusel-18kw-900-mm-sugavusega-adexa-hgl907\/"},"modified":"2026-03-26T09:56:01","modified_gmt":"2026-03-26T07:56:01","slug":"professionaalne-gaasil-tootav-laavakivi-grill-kapialusel-18kw-900-mm-sugavusega-adexa-hgl907","status":"publish","type":"product","link":"https:\/\/adexa.ee\/en\/toode\/professionaalne-gaasil-tootav-laavakivi-grill-kapialusel-18kw-900-mm-sugavusega-adexa-hgl907\/","title":{"rendered":"Professionaalne gaasil t\u00f6\u00f6tav laavakivi-grill kapialusel 18kW 900 mm s\u00fcgavusega | Adexa HGL907"},"content":{"rendered":"<p>See kvaliteetne iseseisev kommerts-laavakivigrill on varustatud vastupidavate p\u00f5letitega ja pakub teie restoranile, hotellile v\u00f5i sarnasele toitlustusasustusele t\u00f5elist s\u00f6e maitset. See pakub uskumatut hinna ja kvaliteedi suhet ning tagab suurep\u00e4rase j\u00f5udluse ja t\u00f6\u00f6kindluse. 900 mm s\u00fcgavune gaasigrill sobitub sujuvalt meie modulaarse k\u00fcpsetussariaga. M\u00f5\u00f5tmed: 800x900x920 mm V\u00f5imsus: 18 kW Energiavarustus: maagaas \/ LPG 2 k\u00fcpsetusv\u00f6\u00f6ndit Lihtne puhastada ja h\u00fcgieeniline 2-ukseline kapistend Roostevabast terasest korpus Laavakivid kaasas Dokumendid Kl\u00f5psake siin, et alla laadida kasutusjuhend Palun vaadake \u00fcksikasjalikku teavet jaotises &#8220;Spetsifikatsioon&#8221;.<\/p>\n<table style=\"border-collapse: collapse; width: 100%; text-align: left;\">\n<tbody>\n<tr>\n<td style=\"border: 1px solid #ddd; padding: 8px; width: 45%;\"><strong>S\u00fcgavus<\/strong><\/td>\n<td style=\"border: 1px solid #ddd; padding: 8px;\">900 mm<\/td>\n<\/tr>\n<tr>\n<td style=\"border: 1px solid #ddd; padding: 8px; width: 45%;\"><strong>K\u00f5rgus<\/strong><\/td>\n<td style=\"border: 1px solid #ddd; padding: 8px;\">920 mm<\/td>\n<\/tr>\n<tr>\n<td style=\"border: 1px solid #ddd; padding: 8px; width: 45%;\"><strong>Laius<\/strong><\/td>\n<td style=\"border: 1px solid #ddd; padding: 8px;\">800 mm<\/td>\n<\/tr>\n<tr>\n<td style=\"border: 1px solid #ddd; padding: 8px; width: 45%;\"><strong>Kaal<\/strong><\/td>\n<td style=\"border: 1px solid #ddd; padding: 8px;\">105 kg<\/td>\n<\/tr>\n<tr>\n<td style=\"border: 1px solid #ddd; padding: 8px; width: 45%;\"><strong>Garantii<\/strong><\/td>\n<td style=\"border: 1px solid #ddd; padding: 8px;\">12 kuu varuosade garantii<\/td>\n<\/tr>\n<tr>\n<td style=\"border: 1px solid #ddd; padding: 8px; width: 45%;\"><strong>Toiteallikas<\/strong><\/td>\n<td style=\"border: 1px solid #ddd; padding: 8px;\">Gaas (maagaas\/vedelgaas)<\/td>\n<\/tr>\n<tr>\n<td style=\"border: 1px solid #ddd; padding: 8px; width: 45%;\"><strong>Materjal<\/strong><\/td>\n<td style=\"border: 1px solid #ddd; padding: 8px;\">Roostevaba teras<\/td>\n<\/tr>\n<tr>\n<td style=\"border: 1px solid #ddd; padding: 8px; width: 45%;\"><strong>LPG tarbimine (kg\/h)<\/strong><\/td>\n<td style=\"border: 1px solid #ddd; padding: 8px;\">1,20<\/td>\n<\/tr>\n<tr>\n<td style=\"border: 1px solid #ddd; padding: 8px; width: 45%;\"><strong>Maagaasi tarbimine (m3\/h)<\/strong><\/td>\n<td style=\"border: 1px solid #ddd; padding: 8px;\">1,75<\/td>\n<\/tr>\n<\/tbody>\n<\/table>\n","protected":false},"excerpt":{"rendered":"<p>See kvaliteetne iseseisev kommerts-laavakivigrill on varustatud vastupidavate p\u00f5letitega ja pakub teie restoranile, hotellile v\u00f5i sarnasele toitlustusasustusele t\u00f5elist s\u00f6e maitset. See<\/p>\n","protected":false},"featured_media":13414,"template":"","meta":[],"product_brand":[],"product_cat":[983,740,557,588,808,571,594],"product_tag":[],"class_list":{"0":"post-13409","1":"product","2":"type-product","3":"status-publish","4":"has-post-thumbnail","6":"product_cat-varude-selgeks-muuk-koogitarbed","7":"product_cat-900-mm-sugavused","8":"product_cat-kupsetusseadmed","9":"product_cat-kuumseadmed","10":"product_cat-laavagrillid-gaasigrillid","11":"product_cat-laovaru-muuk","12":"product_cat-mitmekesine-toiduvalmistamine","14":"first","15":"instock","16":"sale","17":"taxable","18":"shipping-taxable","19":"purchasable","20":"product-type-simple"},"yoast_head":"<!-- This site is optimized with the Yoast SEO plugin v27.3 - https:\/\/yoast.com\/product\/yoast-seo-wordpress\/ -->\n<title>Professionaalne gaasil t\u00f6\u00f6tav laavakivi-grill kapialusel 18kW 900 mm s\u00fcgavusega | Adexa HGL907 - Adexa \u2013 Suurk\u00f6\u00f6giseadmed restoranidele ja toitlustusele<\/title>\n<meta name=\"robots\" content=\"index, follow, max-snippet:-1, max-image-preview:large, max-video-preview:-1\" \/>\n<link rel=\"canonical\" href=\"https:\/\/adexa.ee\/toode\/professionaalne-gaasil-tootav-laavakivi-grill-kapialusel-18kw-900-mm-sugavusega-adexa-hgl907\/\" \/>\n<meta property=\"og:locale\" content=\"en_US\" \/>\n<meta property=\"og:type\" content=\"article\" \/>\n<meta property=\"og:title\" content=\"Professionaalne gaasil t\u00f6\u00f6tav laavakivi-grill kapialusel 18kW 900 mm s\u00fcgavusega | Adexa HGL907 - Adexa \u2013 Suurk\u00f6\u00f6giseadmed restoranidele ja toitlustusele\" \/>\n<meta property=\"og:description\" content=\"See kvaliteetne iseseisev kommerts-laavakivigrill on varustatud vastupidavate p\u00f5letitega ja pakub teie restoranile, hotellile v\u00f5i sarnasele toitlustusasustusele t\u00f5elist s\u00f6e maitset. See\" \/>\n<meta property=\"og:url\" content=\"https:\/\/adexa.ee\/toode\/professionaalne-gaasil-tootav-laavakivi-grill-kapialusel-18kw-900-mm-sugavusega-adexa-hgl907\/\" \/>\n<meta property=\"og:site_name\" content=\"Adexa \u2013 Suurk\u00f6\u00f6giseadmed restoranidele ja toitlustusele\" \/>\n<meta property=\"article:modified_time\" content=\"2026-03-26T07:56:01+00:00\" \/>\n<meta property=\"og:image\" content=\"https:\/\/adexa.ee\/wp-content\/uploads\/2024\/12\/HGL907.jpg\" \/>\n\t<meta property=\"og:image:width\" content=\"2000\" \/>\n\t<meta property=\"og:image:height\" content=\"2000\" \/>\n\t<meta property=\"og:image:type\" content=\"image\/jpeg\" \/>\n<meta name=\"twitter:card\" content=\"summary_large_image\" \/>\n<meta name=\"twitter:label1\" content=\"Est. reading time\" \/>\n\t<meta name=\"twitter:data1\" content=\"1 minute\" \/>\n<script type=\"application\/ld+json\" class=\"yoast-schema-graph\">{\"@context\":\"https:\\\/\\\/schema.org\",\"@graph\":[{\"@type\":\"WebPage\",\"@id\":\"https:\\\/\\\/adexa.ee\\\/toode\\\/professionaalne-gaasil-tootav-laavakivi-grill-kapialusel-18kw-900-mm-sugavusega-adexa-hgl907\\\/\",\"url\":\"https:\\\/\\\/adexa.ee\\\/toode\\\/professionaalne-gaasil-tootav-laavakivi-grill-kapialusel-18kw-900-mm-sugavusega-adexa-hgl907\\\/\",\"name\":\"Professionaalne gaasil t\u00f6\u00f6tav laavakivi-grill kapialusel 18kW 900 mm s\u00fcgavusega | Adexa HGL907 - Adexa \u2013 Suurk\u00f6\u00f6giseadmed restoranidele ja toitlustusele\",\"isPartOf\":{\"@id\":\"https:\\\/\\\/adexa.ee\\\/#website\"},\"primaryImageOfPage\":{\"@id\":\"https:\\\/\\\/adexa.ee\\\/toode\\\/professionaalne-gaasil-tootav-laavakivi-grill-kapialusel-18kw-900-mm-sugavusega-adexa-hgl907\\\/#primaryimage\"},\"image\":{\"@id\":\"https:\\\/\\\/adexa.ee\\\/toode\\\/professionaalne-gaasil-tootav-laavakivi-grill-kapialusel-18kw-900-mm-sugavusega-adexa-hgl907\\\/#primaryimage\"},\"thumbnailUrl\":\"https:\\\/\\\/adexa.ee\\\/wp-content\\\/uploads\\\/2024\\\/12\\\/HGL907.jpg\",\"datePublished\":\"2026-03-26T07:55:57+00:00\",\"dateModified\":\"2026-03-26T07:56:01+00:00\",\"breadcrumb\":{\"@id\":\"https:\\\/\\\/adexa.ee\\\/toode\\\/professionaalne-gaasil-tootav-laavakivi-grill-kapialusel-18kw-900-mm-sugavusega-adexa-hgl907\\\/#breadcrumb\"},\"inLanguage\":\"en-US\",\"potentialAction\":[{\"@type\":\"ReadAction\",\"target\":[\"https:\\\/\\\/adexa.ee\\\/toode\\\/professionaalne-gaasil-tootav-laavakivi-grill-kapialusel-18kw-900-mm-sugavusega-adexa-hgl907\\\/\"]}]},{\"@type\":\"ImageObject\",\"inLanguage\":\"en-US\",\"@id\":\"https:\\\/\\\/adexa.ee\\\/toode\\\/professionaalne-gaasil-tootav-laavakivi-grill-kapialusel-18kw-900-mm-sugavusega-adexa-hgl907\\\/#primaryimage\",\"url\":\"https:\\\/\\\/adexa.ee\\\/wp-content\\\/uploads\\\/2024\\\/12\\\/HGL907.jpg\",\"contentUrl\":\"https:\\\/\\\/adexa.ee\\\/wp-content\\\/uploads\\\/2024\\\/12\\\/HGL907.jpg\",\"width\":2000,\"height\":2000},{\"@type\":\"BreadcrumbList\",\"@id\":\"https:\\\/\\\/adexa.ee\\\/toode\\\/professionaalne-gaasil-tootav-laavakivi-grill-kapialusel-18kw-900-mm-sugavusega-adexa-hgl907\\\/#breadcrumb\",\"itemListElement\":[{\"@type\":\"ListItem\",\"position\":1,\"name\":\"Home\",\"item\":\"https:\\\/\\\/adexa.ee\\\/\"},{\"@type\":\"ListItem\",\"position\":2,\"name\":\"Tooted\",\"item\":\"https:\\\/\\\/adexa.ee\\\/pood\\\/\"},{\"@type\":\"ListItem\",\"position\":3,\"name\":\"Professionaalne gaasil t\u00f6\u00f6tav laavakivi-grill kapialusel 18kW 900 mm s\u00fcgavusega | Adexa HGL907\"}]},{\"@type\":\"WebSite\",\"@id\":\"https:\\\/\\\/adexa.ee\\\/#website\",\"url\":\"https:\\\/\\\/adexa.ee\\\/\",\"name\":\"Adexa\",\"description\":\"\",\"publisher\":{\"@id\":\"https:\\\/\\\/adexa.ee\\\/#organization\"},\"potentialAction\":[{\"@type\":\"SearchAction\",\"target\":{\"@type\":\"EntryPoint\",\"urlTemplate\":\"https:\\\/\\\/adexa.ee\\\/?s={search_term_string}\"},\"query-input\":{\"@type\":\"PropertyValueSpecification\",\"valueRequired\":true,\"valueName\":\"search_term_string\"}}],\"inLanguage\":\"en-US\"},{\"@type\":\"Organization\",\"@id\":\"https:\\\/\\\/adexa.ee\\\/#organization\",\"name\":\"Adexa\",\"url\":\"https:\\\/\\\/adexa.ee\\\/\",\"logo\":{\"@type\":\"ImageObject\",\"inLanguage\":\"en-US\",\"@id\":\"https:\\\/\\\/adexa.ee\\\/#\\\/schema\\\/logo\\\/image\\\/\",\"url\":\"https:\\\/\\\/adexa.ee\\\/wp-content\\\/uploads\\\/2024\\\/04\\\/chef-cooks-working-in-professional-kitchen-2023-11-27-05-07-39-utc-scaled.jpg\",\"contentUrl\":\"https:\\\/\\\/adexa.ee\\\/wp-content\\\/uploads\\\/2024\\\/04\\\/chef-cooks-working-in-professional-kitchen-2023-11-27-05-07-39-utc-scaled.jpg\",\"width\":2560,\"height\":1708,\"caption\":\"Adexa\"},\"image\":{\"@id\":\"https:\\\/\\\/adexa.ee\\\/#\\\/schema\\\/logo\\\/image\\\/\"}}]}<\/script>\n<!-- \/ Yoast SEO plugin. -->","yoast_head_json":{"title":"Professionaalne gaasil t\u00f6\u00f6tav laavakivi-grill kapialusel 18kW 900 mm s\u00fcgavusega | Adexa HGL907 - Adexa \u2013 Suurk\u00f6\u00f6giseadmed restoranidele ja toitlustusele","robots":{"index":"index","follow":"follow","max-snippet":"max-snippet:-1","max-image-preview":"max-image-preview:large","max-video-preview":"max-video-preview:-1"},"canonical":"https:\/\/adexa.ee\/toode\/professionaalne-gaasil-tootav-laavakivi-grill-kapialusel-18kw-900-mm-sugavusega-adexa-hgl907\/","og_locale":"en_US","og_type":"article","og_title":"Professionaalne gaasil t\u00f6\u00f6tav laavakivi-grill kapialusel 18kW 900 mm s\u00fcgavusega | Adexa HGL907 - Adexa \u2013 Suurk\u00f6\u00f6giseadmed restoranidele ja toitlustusele","og_description":"See kvaliteetne iseseisev kommerts-laavakivigrill on varustatud vastupidavate p\u00f5letitega ja pakub teie restoranile, hotellile v\u00f5i sarnasele toitlustusasustusele t\u00f5elist s\u00f6e maitset. See","og_url":"https:\/\/adexa.ee\/toode\/professionaalne-gaasil-tootav-laavakivi-grill-kapialusel-18kw-900-mm-sugavusega-adexa-hgl907\/","og_site_name":"Adexa \u2013 Suurk\u00f6\u00f6giseadmed restoranidele ja toitlustusele","article_modified_time":"2026-03-26T07:56:01+00:00","og_image":[{"width":2000,"height":2000,"url":"https:\/\/adexa.ee\/wp-content\/uploads\/2024\/12\/HGL907.jpg","type":"image\/jpeg"}],"twitter_card":"summary_large_image","twitter_misc":{"Est. reading time":"1 minute"},"schema":{"@context":"https:\/\/schema.org","@graph":[{"@type":"WebPage","@id":"https:\/\/adexa.ee\/toode\/professionaalne-gaasil-tootav-laavakivi-grill-kapialusel-18kw-900-mm-sugavusega-adexa-hgl907\/","url":"https:\/\/adexa.ee\/toode\/professionaalne-gaasil-tootav-laavakivi-grill-kapialusel-18kw-900-mm-sugavusega-adexa-hgl907\/","name":"Professionaalne gaasil t\u00f6\u00f6tav laavakivi-grill kapialusel 18kW 900 mm s\u00fcgavusega | Adexa HGL907 - Adexa \u2013 Suurk\u00f6\u00f6giseadmed restoranidele ja toitlustusele","isPartOf":{"@id":"https:\/\/adexa.ee\/#website"},"primaryImageOfPage":{"@id":"https:\/\/adexa.ee\/toode\/professionaalne-gaasil-tootav-laavakivi-grill-kapialusel-18kw-900-mm-sugavusega-adexa-hgl907\/#primaryimage"},"image":{"@id":"https:\/\/adexa.ee\/toode\/professionaalne-gaasil-tootav-laavakivi-grill-kapialusel-18kw-900-mm-sugavusega-adexa-hgl907\/#primaryimage"},"thumbnailUrl":"https:\/\/adexa.ee\/wp-content\/uploads\/2024\/12\/HGL907.jpg","datePublished":"2026-03-26T07:55:57+00:00","dateModified":"2026-03-26T07:56:01+00:00","breadcrumb":{"@id":"https:\/\/adexa.ee\/toode\/professionaalne-gaasil-tootav-laavakivi-grill-kapialusel-18kw-900-mm-sugavusega-adexa-hgl907\/#breadcrumb"},"inLanguage":"en-US","potentialAction":[{"@type":"ReadAction","target":["https:\/\/adexa.ee\/toode\/professionaalne-gaasil-tootav-laavakivi-grill-kapialusel-18kw-900-mm-sugavusega-adexa-hgl907\/"]}]},{"@type":"ImageObject","inLanguage":"en-US","@id":"https:\/\/adexa.ee\/toode\/professionaalne-gaasil-tootav-laavakivi-grill-kapialusel-18kw-900-mm-sugavusega-adexa-hgl907\/#primaryimage","url":"https:\/\/adexa.ee\/wp-content\/uploads\/2024\/12\/HGL907.jpg","contentUrl":"https:\/\/adexa.ee\/wp-content\/uploads\/2024\/12\/HGL907.jpg","width":2000,"height":2000},{"@type":"BreadcrumbList","@id":"https:\/\/adexa.ee\/toode\/professionaalne-gaasil-tootav-laavakivi-grill-kapialusel-18kw-900-mm-sugavusega-adexa-hgl907\/#breadcrumb","itemListElement":[{"@type":"ListItem","position":1,"name":"Home","item":"https:\/\/adexa.ee\/"},{"@type":"ListItem","position":2,"name":"Tooted","item":"https:\/\/adexa.ee\/pood\/"},{"@type":"ListItem","position":3,"name":"Professionaalne gaasil t\u00f6\u00f6tav laavakivi-grill kapialusel 18kW 900 mm s\u00fcgavusega | Adexa HGL907"}]},{"@type":"WebSite","@id":"https:\/\/adexa.ee\/#website","url":"https:\/\/adexa.ee\/","name":"Adexa","description":"","publisher":{"@id":"https:\/\/adexa.ee\/#organization"},"potentialAction":[{"@type":"SearchAction","target":{"@type":"EntryPoint","urlTemplate":"https:\/\/adexa.ee\/?s={search_term_string}"},"query-input":{"@type":"PropertyValueSpecification","valueRequired":true,"valueName":"search_term_string"}}],"inLanguage":"en-US"},{"@type":"Organization","@id":"https:\/\/adexa.ee\/#organization","name":"Adexa","url":"https:\/\/adexa.ee\/","logo":{"@type":"ImageObject","inLanguage":"en-US","@id":"https:\/\/adexa.ee\/#\/schema\/logo\/image\/","url":"https:\/\/adexa.ee\/wp-content\/uploads\/2024\/04\/chef-cooks-working-in-professional-kitchen-2023-11-27-05-07-39-utc-scaled.jpg","contentUrl":"https:\/\/adexa.ee\/wp-content\/uploads\/2024\/04\/chef-cooks-working-in-professional-kitchen-2023-11-27-05-07-39-utc-scaled.jpg","width":2560,"height":1708,"caption":"Adexa"},"image":{"@id":"https:\/\/adexa.ee\/#\/schema\/logo\/image\/"}}]}},"_links":{"self":[{"href":"https:\/\/adexa.ee\/en\/wp-json\/wp\/v2\/product\/13409","targetHints":{"allow":["GET"]}}],"collection":[{"href":"https:\/\/adexa.ee\/en\/wp-json\/wp\/v2\/product"}],"about":[{"href":"https:\/\/adexa.ee\/en\/wp-json\/wp\/v2\/types\/product"}],"wp:featuredmedia":[{"embeddable":true,"href":"https:\/\/adexa.ee\/en\/wp-json\/wp\/v2\/media\/13414"}],"wp:attachment":[{"href":"https:\/\/adexa.ee\/en\/wp-json\/wp\/v2\/media?parent=13409"}],"wp:term":[{"taxonomy":"product_brand","embeddable":true,"href":"https:\/\/adexa.ee\/en\/wp-json\/wp\/v2\/product_brand?post=13409"},{"taxonomy":"product_cat","embeddable":true,"href":"https:\/\/adexa.ee\/en\/wp-json\/wp\/v2\/product_cat?post=13409"},{"taxonomy":"product_tag","embeddable":true,"href":"https:\/\/adexa.ee\/en\/wp-json\/wp\/v2\/product_tag?post=13409"}],"curies":[{"name":"wp","href":"https:\/\/api.w.org\/{rel}","templated":true}]}}