{"id":13443,"date":"2026-04-01T18:05:46","date_gmt":"2026-04-01T15:05:46","guid":{"rendered":"https:\/\/adexa.ee\/toode\/lukustatav-mini-kulmik-klaasiga-uks-must-36l-adexa-bcg40bga\/"},"modified":"2026-04-01T18:05:47","modified_gmt":"2026-04-01T15:05:47","slug":"lukustatav-mini-kulmik-klaasiga-uks-must-36l-adexa-bcg40bga","status":"publish","type":"product","link":"https:\/\/adexa.ee\/en\/toode\/lukustatav-mini-kulmik-klaasiga-uks-must-36l-adexa-bcg40bga\/","title":{"rendered":"Lukustatav Mini K\u00fclmik Klaasiga Uks Must 36L | Adexa BCG40BGA"},"content":{"rendered":"<p>See mini k\u00fclmik pakub mugavat ja kompaktset lahendust jookide ja mittekergesti riknevate suupistete jahedana hoidmiseks. Vaatamata sellele, et tegemist on mini k\u00fclmikuga, on selle \u00fcllatavalt suur mahutavus 36L ja kaks riiulit, mis vastavad teie hoiustamisvajadustele. Ideaalne kasutamiseks mini-baarina hotellides, meelitades oma kliente, kuvades varusid selles l\u00e4bipaistva klaasuksega, mida toetab sisse- ja v\u00e4ljal\u00fclitatav LED-valgusti. T\u00e4nu v\u00e4ikestele m\u00f5\u00f5tmetele sobib see k\u00fclmik mugavalt v\u00e4ikestesse ruumidesse, s\u00e4ilitades samas korralikku kogust.36 liitri suurune mahutavusManuaalne sulatamineTermoelektriline joogijahutiL\u00e4bipaistev klaasuks plastikraamigaTermoelektriline jahutusMehaaniline temperatuuri reguleerimine koos reguleeritava termostaadigaTemperatuurivahemik: 12\u00b0 kuni 18\u00b0C\u00dcmbritsev temperatuur: 25\u00b0C\u00d5rn sisemine LED-valgustus sisse-\/v\u00e4ljal\u00fclitusl\u00fclitigaRiiulid: 2 tkK\u00fclmaaine: R600a230V \/ 1 faas\u00dchiku m\u00f5\u00f5tmed: 402x427x545mmNetokaal: 11kg<\/p>\n<table style=\"border-collapse: collapse; width: 100%; text-align: left;\">\n<tbody>\n<tr>\n<td style=\"border: 1px solid #ddd; padding: 8px; width: 45%;\"><strong>S\u00fcgavus<\/strong><\/td>\n<td style=\"border: 1px solid #ddd; padding: 8px;\">427 mm<\/td>\n<\/tr>\n<tr>\n<td style=\"border: 1px solid #ddd; padding: 8px; width: 45%;\"><strong>K\u00f5rgus<\/strong><\/td>\n<td style=\"border: 1px solid #ddd; padding: 8px;\">545 mm<\/td>\n<\/tr>\n<tr>\n<td style=\"border: 1px solid #ddd; padding: 8px; width: 45%;\"><strong>Laius<\/strong><\/td>\n<td style=\"border: 1px solid #ddd; padding: 8px;\">402 mm<\/td>\n<\/tr>\n<tr>\n<td style=\"border: 1px solid #ddd; padding: 8px; width: 45%;\"><strong>Kaal<\/strong><\/td>\n<td style=\"border: 1px solid #ddd; padding: 8px;\">11 kg<\/td>\n<\/tr>\n<tr>\n<td style=\"border: 1px solid #ddd; padding: 8px; width: 45%;\"><strong>Garantii<\/strong><\/td>\n<td style=\"border: 1px solid #ddd; padding: 8px;\">12 kuu varuosade garantii<\/td>\n<\/tr>\n<tr>\n<td style=\"border: 1px solid #ddd; padding: 8px; width: 45%;\"><strong>Mahutavus<\/strong><\/td>\n<td style=\"border: 1px solid #ddd; padding: 8px;\">36 liitrit (netomaht)<\/td>\n<\/tr>\n<tr>\n<td style=\"border: 1px solid #ddd; padding: 8px; width: 45%;\"><strong>Toiteallikas<\/strong><\/td>\n<td style=\"border: 1px solid #ddd; padding: 8px;\">230V \/ 1 faas<\/td>\n<\/tr>\n<tr>\n<td style=\"border: 1px solid #ddd; padding: 8px; width: 45%;\"><strong>V\u00f5imsus<\/strong><\/td>\n<td style=\"border: 1px solid #ddd; padding: 8px;\">58W<\/td>\n<\/tr>\n<tr>\n<td style=\"border: 1px solid #ddd; padding: 8px; width: 45%;\"><strong>Jahutamine<\/strong><\/td>\n<td style=\"border: 1px solid #ddd; padding: 8px;\">Termoelektriline<\/td>\n<\/tr>\n<tr>\n<td style=\"border: 1px solid #ddd; padding: 8px; width: 45%;\"><strong>Sulatamine<\/strong><\/td>\n<td style=\"border: 1px solid #ddd; padding: 8px;\">K\u00e4siraamat<\/td>\n<\/tr>\n<tr>\n<td style=\"border: 1px solid #ddd; padding: 8px; width: 45%;\"><strong>Temperatuur<\/strong><\/td>\n<td style=\"border: 1px solid #ddd; padding: 8px;\">+10\u00b0C kuni +18\u00b0C<\/td>\n<\/tr>\n<tr>\n<td style=\"border: 1px solid #ddd; padding: 8px; width: 45%;\"><strong>Maksimaalne temperatuur (ruum)<\/strong><\/td>\n<td style=\"border: 1px solid #ddd; padding: 8px;\">+32\u00b0C<\/td>\n<\/tr>\n<tr>\n<td style=\"border: 1px solid #ddd; padding: 8px; width: 45%;\"><strong>Lukk<\/strong><\/td>\n<td style=\"border: 1px solid #ddd; padding: 8px;\">Jah<\/td>\n<\/tr>\n<tr>\n<td style=\"border: 1px solid #ddd; padding: 8px; width: 45%;\"><strong>M\u00fcratase<\/strong><\/td>\n<td style=\"border: 1px solid #ddd; padding: 8px;\">22 dB(A)<\/td>\n<\/tr>\n<tr>\n<td style=\"border: 1px solid #ddd; padding: 8px; width: 45%;\"><strong>V\u00f5imsuse tarbimine<\/strong><\/td>\n<td style=\"border: 1px solid #ddd; padding: 8px;\">120 kWh\/aastas<\/td>\n<\/tr>\n<tr>\n<td style=\"border: 1px solid #ddd; padding: 8px; width: 45%;\"><strong>M\u00f5\u00f5tmed (sisene)<\/strong><\/td>\n<td style=\"border: 1px solid #ddd; padding: 8px;\">295x261x406 mm<\/td>\n<\/tr>\n<\/tbody>\n<\/table>\n","protected":false},"excerpt":{"rendered":"<p>See mini k\u00fclmik pakub mugavat ja kompaktset lahendust jookide ja mittekergesti riknevate suupistete jahedana hoidmiseks. Vaatamata sellele, et tegemist on<\/p>\n","protected":false},"featured_media":13445,"template":"","meta":[],"product_brand":[],"product_cat":[766,564,569,877],"product_tag":[],"class_list":{"0":"post-13443","1":"product","2":"type-product","3":"status-publish","4":"has-post-thumbnail","6":"product_cat-baarikulmikud","7":"product_cat-jahutusseadmed","8":"product_cat-lopumuuk","9":"product_cat-minikulmikud","11":"first","12":"instock","13":"sale","14":"taxable","15":"shipping-taxable","16":"purchasable","17":"product-type-simple"},"yoast_head":"<!-- This site is optimized with the Yoast SEO plugin v27.3 - https:\/\/yoast.com\/product\/yoast-seo-wordpress\/ -->\n<title>Lukustatav Mini K\u00fclmik Klaasiga Uks Must 36L | Adexa BCG40BGA - Adexa \u2013 Suurk\u00f6\u00f6giseadmed restoranidele ja toitlustusele<\/title>\n<meta name=\"robots\" content=\"index, follow, max-snippet:-1, max-image-preview:large, max-video-preview:-1\" \/>\n<link rel=\"canonical\" href=\"https:\/\/adexa.ee\/toode\/lukustatav-mini-kulmik-klaasiga-uks-must-36l-adexa-bcg40bga\/\" \/>\n<meta property=\"og:locale\" content=\"en_US\" \/>\n<meta property=\"og:type\" content=\"article\" \/>\n<meta property=\"og:title\" content=\"Lukustatav Mini K\u00fclmik Klaasiga Uks Must 36L | Adexa BCG40BGA - Adexa \u2013 Suurk\u00f6\u00f6giseadmed restoranidele ja toitlustusele\" \/>\n<meta property=\"og:description\" content=\"See mini k\u00fclmik pakub mugavat ja kompaktset lahendust jookide ja mittekergesti riknevate suupistete jahedana hoidmiseks. Vaatamata sellele, et tegemist on\" \/>\n<meta property=\"og:url\" content=\"https:\/\/adexa.ee\/toode\/lukustatav-mini-kulmik-klaasiga-uks-must-36l-adexa-bcg40bga\/\" \/>\n<meta property=\"og:site_name\" content=\"Adexa \u2013 Suurk\u00f6\u00f6giseadmed restoranidele ja toitlustusele\" \/>\n<meta property=\"article:modified_time\" content=\"2026-04-01T15:05:47+00:00\" \/>\n<meta property=\"og:image\" content=\"https:\/\/adexa.ee\/wp-content\/uploads\/2024\/12\/BCG40BG-514x514.jpg\" \/>\n\t<meta property=\"og:image:width\" content=\"514\" \/>\n\t<meta property=\"og:image:height\" content=\"514\" \/>\n\t<meta property=\"og:image:type\" content=\"image\/jpeg\" \/>\n<meta name=\"twitter:card\" content=\"summary_large_image\" \/>\n<meta name=\"twitter:label1\" content=\"Est. reading time\" \/>\n\t<meta name=\"twitter:data1\" content=\"1 minute\" \/>\n<script type=\"application\/ld+json\" class=\"yoast-schema-graph\">{\"@context\":\"https:\\\/\\\/schema.org\",\"@graph\":[{\"@type\":\"WebPage\",\"@id\":\"https:\\\/\\\/adexa.ee\\\/toode\\\/lukustatav-mini-kulmik-klaasiga-uks-must-36l-adexa-bcg40bga\\\/\",\"url\":\"https:\\\/\\\/adexa.ee\\\/toode\\\/lukustatav-mini-kulmik-klaasiga-uks-must-36l-adexa-bcg40bga\\\/\",\"name\":\"Lukustatav Mini K\u00fclmik Klaasiga Uks Must 36L | Adexa BCG40BGA - Adexa \u2013 Suurk\u00f6\u00f6giseadmed restoranidele ja toitlustusele\",\"isPartOf\":{\"@id\":\"https:\\\/\\\/adexa.ee\\\/#website\"},\"primaryImageOfPage\":{\"@id\":\"https:\\\/\\\/adexa.ee\\\/toode\\\/lukustatav-mini-kulmik-klaasiga-uks-must-36l-adexa-bcg40bga\\\/#primaryimage\"},\"image\":{\"@id\":\"https:\\\/\\\/adexa.ee\\\/toode\\\/lukustatav-mini-kulmik-klaasiga-uks-must-36l-adexa-bcg40bga\\\/#primaryimage\"},\"thumbnailUrl\":\"https:\\\/\\\/adexa.ee\\\/wp-content\\\/uploads\\\/2024\\\/12\\\/BCG40BG.jpg\",\"datePublished\":\"2026-04-01T15:05:46+00:00\",\"dateModified\":\"2026-04-01T15:05:47+00:00\",\"breadcrumb\":{\"@id\":\"https:\\\/\\\/adexa.ee\\\/toode\\\/lukustatav-mini-kulmik-klaasiga-uks-must-36l-adexa-bcg40bga\\\/#breadcrumb\"},\"inLanguage\":\"en-US\",\"potentialAction\":[{\"@type\":\"ReadAction\",\"target\":[\"https:\\\/\\\/adexa.ee\\\/toode\\\/lukustatav-mini-kulmik-klaasiga-uks-must-36l-adexa-bcg40bga\\\/\"]}]},{\"@type\":\"ImageObject\",\"inLanguage\":\"en-US\",\"@id\":\"https:\\\/\\\/adexa.ee\\\/toode\\\/lukustatav-mini-kulmik-klaasiga-uks-must-36l-adexa-bcg40bga\\\/#primaryimage\",\"url\":\"https:\\\/\\\/adexa.ee\\\/wp-content\\\/uploads\\\/2024\\\/12\\\/BCG40BG.jpg\",\"contentUrl\":\"https:\\\/\\\/adexa.ee\\\/wp-content\\\/uploads\\\/2024\\\/12\\\/BCG40BG.jpg\",\"width\":2466,\"height\":2466},{\"@type\":\"BreadcrumbList\",\"@id\":\"https:\\\/\\\/adexa.ee\\\/toode\\\/lukustatav-mini-kulmik-klaasiga-uks-must-36l-adexa-bcg40bga\\\/#breadcrumb\",\"itemListElement\":[{\"@type\":\"ListItem\",\"position\":1,\"name\":\"Home\",\"item\":\"https:\\\/\\\/adexa.ee\\\/\"},{\"@type\":\"ListItem\",\"position\":2,\"name\":\"Tooted\",\"item\":\"https:\\\/\\\/adexa.ee\\\/pood\\\/\"},{\"@type\":\"ListItem\",\"position\":3,\"name\":\"Lukustatav Mini K\u00fclmik Klaasiga Uks Must 36L | Adexa BCG40BGA\"}]},{\"@type\":\"WebSite\",\"@id\":\"https:\\\/\\\/adexa.ee\\\/#website\",\"url\":\"https:\\\/\\\/adexa.ee\\\/\",\"name\":\"Adexa\",\"description\":\"\",\"publisher\":{\"@id\":\"https:\\\/\\\/adexa.ee\\\/#organization\"},\"potentialAction\":[{\"@type\":\"SearchAction\",\"target\":{\"@type\":\"EntryPoint\",\"urlTemplate\":\"https:\\\/\\\/adexa.ee\\\/?s={search_term_string}\"},\"query-input\":{\"@type\":\"PropertyValueSpecification\",\"valueRequired\":true,\"valueName\":\"search_term_string\"}}],\"inLanguage\":\"en-US\"},{\"@type\":\"Organization\",\"@id\":\"https:\\\/\\\/adexa.ee\\\/#organization\",\"name\":\"Adexa\",\"url\":\"https:\\\/\\\/adexa.ee\\\/\",\"logo\":{\"@type\":\"ImageObject\",\"inLanguage\":\"en-US\",\"@id\":\"https:\\\/\\\/adexa.ee\\\/#\\\/schema\\\/logo\\\/image\\\/\",\"url\":\"https:\\\/\\\/adexa.ee\\\/wp-content\\\/uploads\\\/2024\\\/04\\\/chef-cooks-working-in-professional-kitchen-2023-11-27-05-07-39-utc-scaled.jpg\",\"contentUrl\":\"https:\\\/\\\/adexa.ee\\\/wp-content\\\/uploads\\\/2024\\\/04\\\/chef-cooks-working-in-professional-kitchen-2023-11-27-05-07-39-utc-scaled.jpg\",\"width\":2560,\"height\":1708,\"caption\":\"Adexa\"},\"image\":{\"@id\":\"https:\\\/\\\/adexa.ee\\\/#\\\/schema\\\/logo\\\/image\\\/\"}}]}<\/script>\n<!-- \/ Yoast SEO plugin. -->","yoast_head_json":{"title":"Lukustatav Mini K\u00fclmik Klaasiga Uks Must 36L | Adexa BCG40BGA - Adexa \u2013 Suurk\u00f6\u00f6giseadmed restoranidele ja toitlustusele","robots":{"index":"index","follow":"follow","max-snippet":"max-snippet:-1","max-image-preview":"max-image-preview:large","max-video-preview":"max-video-preview:-1"},"canonical":"https:\/\/adexa.ee\/toode\/lukustatav-mini-kulmik-klaasiga-uks-must-36l-adexa-bcg40bga\/","og_locale":"en_US","og_type":"article","og_title":"Lukustatav Mini K\u00fclmik Klaasiga Uks Must 36L | Adexa BCG40BGA - Adexa \u2013 Suurk\u00f6\u00f6giseadmed restoranidele ja toitlustusele","og_description":"See mini k\u00fclmik pakub mugavat ja kompaktset lahendust jookide ja mittekergesti riknevate suupistete jahedana hoidmiseks. Vaatamata sellele, et tegemist on","og_url":"https:\/\/adexa.ee\/toode\/lukustatav-mini-kulmik-klaasiga-uks-must-36l-adexa-bcg40bga\/","og_site_name":"Adexa \u2013 Suurk\u00f6\u00f6giseadmed restoranidele ja toitlustusele","article_modified_time":"2026-04-01T15:05:47+00:00","og_image":[{"width":514,"height":514,"url":"https:\/\/adexa.ee\/wp-content\/uploads\/2024\/12\/BCG40BG-514x514.jpg","type":"image\/jpeg"}],"twitter_card":"summary_large_image","twitter_misc":{"Est. reading time":"1 minute"},"schema":{"@context":"https:\/\/schema.org","@graph":[{"@type":"WebPage","@id":"https:\/\/adexa.ee\/toode\/lukustatav-mini-kulmik-klaasiga-uks-must-36l-adexa-bcg40bga\/","url":"https:\/\/adexa.ee\/toode\/lukustatav-mini-kulmik-klaasiga-uks-must-36l-adexa-bcg40bga\/","name":"Lukustatav Mini K\u00fclmik Klaasiga Uks Must 36L | Adexa BCG40BGA - Adexa \u2013 Suurk\u00f6\u00f6giseadmed restoranidele ja toitlustusele","isPartOf":{"@id":"https:\/\/adexa.ee\/#website"},"primaryImageOfPage":{"@id":"https:\/\/adexa.ee\/toode\/lukustatav-mini-kulmik-klaasiga-uks-must-36l-adexa-bcg40bga\/#primaryimage"},"image":{"@id":"https:\/\/adexa.ee\/toode\/lukustatav-mini-kulmik-klaasiga-uks-must-36l-adexa-bcg40bga\/#primaryimage"},"thumbnailUrl":"https:\/\/adexa.ee\/wp-content\/uploads\/2024\/12\/BCG40BG.jpg","datePublished":"2026-04-01T15:05:46+00:00","dateModified":"2026-04-01T15:05:47+00:00","breadcrumb":{"@id":"https:\/\/adexa.ee\/toode\/lukustatav-mini-kulmik-klaasiga-uks-must-36l-adexa-bcg40bga\/#breadcrumb"},"inLanguage":"en-US","potentialAction":[{"@type":"ReadAction","target":["https:\/\/adexa.ee\/toode\/lukustatav-mini-kulmik-klaasiga-uks-must-36l-adexa-bcg40bga\/"]}]},{"@type":"ImageObject","inLanguage":"en-US","@id":"https:\/\/adexa.ee\/toode\/lukustatav-mini-kulmik-klaasiga-uks-must-36l-adexa-bcg40bga\/#primaryimage","url":"https:\/\/adexa.ee\/wp-content\/uploads\/2024\/12\/BCG40BG.jpg","contentUrl":"https:\/\/adexa.ee\/wp-content\/uploads\/2024\/12\/BCG40BG.jpg","width":2466,"height":2466},{"@type":"BreadcrumbList","@id":"https:\/\/adexa.ee\/toode\/lukustatav-mini-kulmik-klaasiga-uks-must-36l-adexa-bcg40bga\/#breadcrumb","itemListElement":[{"@type":"ListItem","position":1,"name":"Home","item":"https:\/\/adexa.ee\/"},{"@type":"ListItem","position":2,"name":"Tooted","item":"https:\/\/adexa.ee\/pood\/"},{"@type":"ListItem","position":3,"name":"Lukustatav Mini K\u00fclmik Klaasiga Uks Must 36L | Adexa BCG40BGA"}]},{"@type":"WebSite","@id":"https:\/\/adexa.ee\/#website","url":"https:\/\/adexa.ee\/","name":"Adexa","description":"","publisher":{"@id":"https:\/\/adexa.ee\/#organization"},"potentialAction":[{"@type":"SearchAction","target":{"@type":"EntryPoint","urlTemplate":"https:\/\/adexa.ee\/?s={search_term_string}"},"query-input":{"@type":"PropertyValueSpecification","valueRequired":true,"valueName":"search_term_string"}}],"inLanguage":"en-US"},{"@type":"Organization","@id":"https:\/\/adexa.ee\/#organization","name":"Adexa","url":"https:\/\/adexa.ee\/","logo":{"@type":"ImageObject","inLanguage":"en-US","@id":"https:\/\/adexa.ee\/#\/schema\/logo\/image\/","url":"https:\/\/adexa.ee\/wp-content\/uploads\/2024\/04\/chef-cooks-working-in-professional-kitchen-2023-11-27-05-07-39-utc-scaled.jpg","contentUrl":"https:\/\/adexa.ee\/wp-content\/uploads\/2024\/04\/chef-cooks-working-in-professional-kitchen-2023-11-27-05-07-39-utc-scaled.jpg","width":2560,"height":1708,"caption":"Adexa"},"image":{"@id":"https:\/\/adexa.ee\/#\/schema\/logo\/image\/"}}]}},"_links":{"self":[{"href":"https:\/\/adexa.ee\/en\/wp-json\/wp\/v2\/product\/13443","targetHints":{"allow":["GET"]}}],"collection":[{"href":"https:\/\/adexa.ee\/en\/wp-json\/wp\/v2\/product"}],"about":[{"href":"https:\/\/adexa.ee\/en\/wp-json\/wp\/v2\/types\/product"}],"wp:featuredmedia":[{"embeddable":true,"href":"https:\/\/adexa.ee\/en\/wp-json\/wp\/v2\/media\/13445"}],"wp:attachment":[{"href":"https:\/\/adexa.ee\/en\/wp-json\/wp\/v2\/media?parent=13443"}],"wp:term":[{"taxonomy":"product_brand","embeddable":true,"href":"https:\/\/adexa.ee\/en\/wp-json\/wp\/v2\/product_brand?post=13443"},{"taxonomy":"product_cat","embeddable":true,"href":"https:\/\/adexa.ee\/en\/wp-json\/wp\/v2\/product_cat?post=13443"},{"taxonomy":"product_tag","embeddable":true,"href":"https:\/\/adexa.ee\/en\/wp-json\/wp\/v2\/product_tag?post=13443"}],"curies":[{"name":"wp","href":"https:\/\/api.w.org\/{rel}","templated":true}]}}