{"id":13461,"date":"2026-03-26T10:05:01","date_gmt":"2026-03-26T08:05:01","guid":{"rendered":"https:\/\/adexa.ee\/toode\/kaubanduslik-kraana-ribakuttekeha-ja-valgustusega-1800mm-adexa-xdhhb18001t\/"},"modified":"2026-03-26T10:05:06","modified_gmt":"2026-03-26T08:05:06","slug":"ribakuttekeha-valgustusega-1800mm-adexa-xdhhb18001t","status":"publish","type":"product","link":"https:\/\/adexa.ee\/en\/toode\/ribakuttekeha-valgustusega-1800mm-adexa-xdhhb18001t\/","title":{"rendered":"Ribak\u00fcttekeha Valgustusega 1800Mm | Adexa Xdhhb18001T"},"content":{"rendered":"<p>See esmaklassiline elektriliselt k\u00f6etav \u00fchetasandiline kraana on ideaalne igale toitlustusasutusele. Tugev roostevabast terasest konstruktsioon ja soojendavad tuled tagavad, et kokkade l\u00e4bip\u00e4\u00e4s hoiab toidu soojas, oodates v\u00e4ljaandmist. Toit p\u00fcsib ohutus serveerimistemperatuuris ning seade sisaldab ka l\u00f5pmat temperatuurikontrolli, et hoida toit n\u00f5utud temperatuuril. T\u00e4iuslik kasutamiseks teie kohvikus, restoranis, buffet-reas v\u00f5i k\u00f5ikjal, kus peate hoidma valmistatud toitu kuivamise v\u00f5i \u00fclevalmimise eest \u2013 tagamaks, et teie pakutav toit n\u00e4eb v\u00e4lja ja maitseb alati suurep\u00e4raselt. Dokumendid Kl\u00f5psake siin, et alla laadida kasutusjuhend Palun vaadake jaotisest &#8220;Spetsifikatsioon&#8221; \u00fcksikasjalikku teavet.<\/p>\n<table style=\"border-collapse: collapse; width: 100%; text-align: left;\">\n<tbody>\n<tr>\n<td style=\"border: 1px solid #ddd; padding: 8px; width: 45%;\"><strong>S\u00fcgavus<\/strong><\/td>\n<td style=\"border: 1px solid #ddd; padding: 8px;\">370 mm<\/td>\n<\/tr>\n<tr>\n<td style=\"border: 1px solid #ddd; padding: 8px; width: 45%;\"><strong>K\u00f5rgus<\/strong><\/td>\n<td style=\"border: 1px solid #ddd; padding: 8px;\">460 mm (kokku) \/ 350 mm (k\u00fctteelemendi alumiseni)<\/td>\n<\/tr>\n<tr>\n<td style=\"border: 1px solid #ddd; padding: 8px; width: 45%;\"><strong>Laius<\/strong><\/td>\n<td style=\"border: 1px solid #ddd; padding: 8px;\">1800 mm<\/td>\n<\/tr>\n<tr>\n<td style=\"border: 1px solid #ddd; padding: 8px; width: 45%;\"><strong>Kaal<\/strong><\/td>\n<td style=\"border: 1px solid #ddd; padding: 8px;\">15 kg<\/td>\n<\/tr>\n<tr>\n<td style=\"border: 1px solid #ddd; padding: 8px; width: 45%;\"><strong>Garantii<\/strong><\/td>\n<td style=\"border: 1px solid #ddd; padding: 8px;\">12 kuu varuosade garantii<\/td>\n<\/tr>\n<tr>\n<td style=\"border: 1px solid #ddd; padding: 8px; width: 45%;\"><strong>Toiteallikas<\/strong><\/td>\n<td style=\"border: 1px solid #ddd; padding: 8px;\">230V \/ 1 faas<\/td>\n<\/tr>\n<tr>\n<td style=\"border: 1px solid #ddd; padding: 8px; width: 45%;\"><strong>Materjal<\/strong><\/td>\n<td style=\"border: 1px solid #ddd; padding: 8px;\">Roostevaba teras<\/td>\n<\/tr>\n<tr>\n<td style=\"border: 1px solid #ddd; padding: 8px; width: 45%;\"><strong>Elemendid<\/strong><\/td>\n<td style=\"border: 1px solid #ddd; padding: 8px;\">3 tk k\u00fctmistoru<\/td>\n<\/tr>\n<\/tbody>\n<\/table>\n","protected":false},"excerpt":{"rendered":"<p>See esmaklassiline elektriliselt k\u00f6etav \u00fchetasandiline kraana on ideaalne igale toitlustusasutusele. Tugev roostevabast terasest konstruktsioon ja soojendavad tuled tagavad, et kokkade<\/p>\n","protected":false},"featured_media":10272,"template":"","meta":[],"product_brand":[],"product_cat":[557,572,559,558,633,696,697],"product_tag":[],"class_list":{"0":"post-13461","1":"product","2":"type-product","3":"status-publish","4":"has-post-thumbnail","6":"product_cat-kupsetusseadmed","7":"product_cat-roostevabad-tooted","8":"product_cat-soojuslambid-ja-soojusribad","9":"product_cat-toidu-soojendamine","10":"product_cat-toidu-valjastamise-tasapinnad","11":"product_cat-toidusoojendid-valgustusega","12":"product_cat-ula-ja-valjastustasapinnad-1-tase","14":"first","15":"instock","16":"sale","17":"taxable","18":"shipping-taxable","19":"purchasable","20":"product-type-simple"},"yoast_head":"<!-- This site is optimized with the Yoast SEO plugin v27.3 - https:\/\/yoast.com\/product\/yoast-seo-wordpress\/ -->\n<title>Ribak\u00fcttekeha Valgustusega 1800Mm | Adexa Xdhhb18001T - Adexa \u2013 Suurk\u00f6\u00f6giseadmed restoranidele ja toitlustusele<\/title>\n<meta name=\"robots\" content=\"index, follow, max-snippet:-1, max-image-preview:large, max-video-preview:-1\" \/>\n<link rel=\"canonical\" href=\"https:\/\/adexa.ee\/toode\/ribakuttekeha-valgustusega-1800mm-adexa-xdhhb18001t\/\" \/>\n<meta property=\"og:locale\" content=\"en_US\" \/>\n<meta property=\"og:type\" content=\"article\" \/>\n<meta property=\"og:title\" content=\"Ribak\u00fcttekeha Valgustusega 1800Mm | Adexa Xdhhb18001T - Adexa \u2013 Suurk\u00f6\u00f6giseadmed restoranidele ja toitlustusele\" \/>\n<meta property=\"og:description\" content=\"See esmaklassiline elektriliselt k\u00f6etav \u00fchetasandiline kraana on ideaalne igale toitlustusasutusele. Tugev roostevabast terasest konstruktsioon ja soojendavad tuled tagavad, et kokkade\" \/>\n<meta property=\"og:url\" content=\"https:\/\/adexa.ee\/toode\/ribakuttekeha-valgustusega-1800mm-adexa-xdhhb18001t\/\" \/>\n<meta property=\"og:site_name\" content=\"Adexa \u2013 Suurk\u00f6\u00f6giseadmed restoranidele ja toitlustusele\" \/>\n<meta property=\"article:modified_time\" content=\"2026-03-26T08:05:06+00:00\" \/>\n<meta property=\"og:image\" content=\"https:\/\/adexa.ee\/wp-content\/uploads\/2024\/12\/XDHHBX001T-8.jpg\" \/>\n\t<meta property=\"og:image:width\" content=\"2000\" \/>\n\t<meta property=\"og:image:height\" content=\"2000\" \/>\n\t<meta property=\"og:image:type\" content=\"image\/jpeg\" \/>\n<meta name=\"twitter:card\" content=\"summary_large_image\" \/>\n<meta name=\"twitter:label1\" content=\"Est. reading time\" \/>\n\t<meta name=\"twitter:data1\" content=\"1 minute\" \/>\n<script type=\"application\/ld+json\" class=\"yoast-schema-graph\">{\"@context\":\"https:\\\/\\\/schema.org\",\"@graph\":[{\"@type\":\"WebPage\",\"@id\":\"https:\\\/\\\/adexa.ee\\\/toode\\\/ribakuttekeha-valgustusega-1800mm-adexa-xdhhb18001t\\\/\",\"url\":\"https:\\\/\\\/adexa.ee\\\/toode\\\/ribakuttekeha-valgustusega-1800mm-adexa-xdhhb18001t\\\/\",\"name\":\"Ribak\u00fcttekeha Valgustusega 1800Mm | Adexa Xdhhb18001T - Adexa \u2013 Suurk\u00f6\u00f6giseadmed restoranidele ja toitlustusele\",\"isPartOf\":{\"@id\":\"https:\\\/\\\/adexa.ee\\\/#website\"},\"primaryImageOfPage\":{\"@id\":\"https:\\\/\\\/adexa.ee\\\/toode\\\/ribakuttekeha-valgustusega-1800mm-adexa-xdhhb18001t\\\/#primaryimage\"},\"image\":{\"@id\":\"https:\\\/\\\/adexa.ee\\\/toode\\\/ribakuttekeha-valgustusega-1800mm-adexa-xdhhb18001t\\\/#primaryimage\"},\"thumbnailUrl\":\"https:\\\/\\\/adexa.ee\\\/wp-content\\\/uploads\\\/2024\\\/12\\\/XDHHBX001T-8.jpg\",\"datePublished\":\"2026-03-26T08:05:01+00:00\",\"dateModified\":\"2026-03-26T08:05:06+00:00\",\"breadcrumb\":{\"@id\":\"https:\\\/\\\/adexa.ee\\\/toode\\\/ribakuttekeha-valgustusega-1800mm-adexa-xdhhb18001t\\\/#breadcrumb\"},\"inLanguage\":\"en-US\",\"potentialAction\":[{\"@type\":\"ReadAction\",\"target\":[\"https:\\\/\\\/adexa.ee\\\/toode\\\/ribakuttekeha-valgustusega-1800mm-adexa-xdhhb18001t\\\/\"]}]},{\"@type\":\"ImageObject\",\"inLanguage\":\"en-US\",\"@id\":\"https:\\\/\\\/adexa.ee\\\/toode\\\/ribakuttekeha-valgustusega-1800mm-adexa-xdhhb18001t\\\/#primaryimage\",\"url\":\"https:\\\/\\\/adexa.ee\\\/wp-content\\\/uploads\\\/2024\\\/12\\\/XDHHBX001T-8.jpg\",\"contentUrl\":\"https:\\\/\\\/adexa.ee\\\/wp-content\\\/uploads\\\/2024\\\/12\\\/XDHHBX001T-8.jpg\",\"width\":2000,\"height\":2000},{\"@type\":\"BreadcrumbList\",\"@id\":\"https:\\\/\\\/adexa.ee\\\/toode\\\/ribakuttekeha-valgustusega-1800mm-adexa-xdhhb18001t\\\/#breadcrumb\",\"itemListElement\":[{\"@type\":\"ListItem\",\"position\":1,\"name\":\"Home\",\"item\":\"https:\\\/\\\/adexa.ee\\\/\"},{\"@type\":\"ListItem\",\"position\":2,\"name\":\"Tooted\",\"item\":\"https:\\\/\\\/adexa.ee\\\/pood\\\/\"},{\"@type\":\"ListItem\",\"position\":3,\"name\":\"Ribak\u00fcttekeha Valgustusega 1800Mm | Adexa Xdhhb18001T\"}]},{\"@type\":\"WebSite\",\"@id\":\"https:\\\/\\\/adexa.ee\\\/#website\",\"url\":\"https:\\\/\\\/adexa.ee\\\/\",\"name\":\"Adexa\",\"description\":\"\",\"publisher\":{\"@id\":\"https:\\\/\\\/adexa.ee\\\/#organization\"},\"potentialAction\":[{\"@type\":\"SearchAction\",\"target\":{\"@type\":\"EntryPoint\",\"urlTemplate\":\"https:\\\/\\\/adexa.ee\\\/?s={search_term_string}\"},\"query-input\":{\"@type\":\"PropertyValueSpecification\",\"valueRequired\":true,\"valueName\":\"search_term_string\"}}],\"inLanguage\":\"en-US\"},{\"@type\":\"Organization\",\"@id\":\"https:\\\/\\\/adexa.ee\\\/#organization\",\"name\":\"Adexa\",\"url\":\"https:\\\/\\\/adexa.ee\\\/\",\"logo\":{\"@type\":\"ImageObject\",\"inLanguage\":\"en-US\",\"@id\":\"https:\\\/\\\/adexa.ee\\\/#\\\/schema\\\/logo\\\/image\\\/\",\"url\":\"https:\\\/\\\/adexa.ee\\\/wp-content\\\/uploads\\\/2024\\\/04\\\/chef-cooks-working-in-professional-kitchen-2023-11-27-05-07-39-utc-scaled.jpg\",\"contentUrl\":\"https:\\\/\\\/adexa.ee\\\/wp-content\\\/uploads\\\/2024\\\/04\\\/chef-cooks-working-in-professional-kitchen-2023-11-27-05-07-39-utc-scaled.jpg\",\"width\":2560,\"height\":1708,\"caption\":\"Adexa\"},\"image\":{\"@id\":\"https:\\\/\\\/adexa.ee\\\/#\\\/schema\\\/logo\\\/image\\\/\"}}]}<\/script>\n<!-- \/ Yoast SEO plugin. -->","yoast_head_json":{"title":"Ribak\u00fcttekeha Valgustusega 1800Mm | Adexa Xdhhb18001T - Adexa \u2013 Suurk\u00f6\u00f6giseadmed restoranidele ja toitlustusele","robots":{"index":"index","follow":"follow","max-snippet":"max-snippet:-1","max-image-preview":"max-image-preview:large","max-video-preview":"max-video-preview:-1"},"canonical":"https:\/\/adexa.ee\/toode\/ribakuttekeha-valgustusega-1800mm-adexa-xdhhb18001t\/","og_locale":"en_US","og_type":"article","og_title":"Ribak\u00fcttekeha Valgustusega 1800Mm | Adexa Xdhhb18001T - Adexa \u2013 Suurk\u00f6\u00f6giseadmed restoranidele ja toitlustusele","og_description":"See esmaklassiline elektriliselt k\u00f6etav \u00fchetasandiline kraana on ideaalne igale toitlustusasutusele. Tugev roostevabast terasest konstruktsioon ja soojendavad tuled tagavad, et kokkade","og_url":"https:\/\/adexa.ee\/toode\/ribakuttekeha-valgustusega-1800mm-adexa-xdhhb18001t\/","og_site_name":"Adexa \u2013 Suurk\u00f6\u00f6giseadmed restoranidele ja toitlustusele","article_modified_time":"2026-03-26T08:05:06+00:00","og_image":[{"width":2000,"height":2000,"url":"https:\/\/adexa.ee\/wp-content\/uploads\/2024\/12\/XDHHBX001T-8.jpg","type":"image\/jpeg"}],"twitter_card":"summary_large_image","twitter_misc":{"Est. reading time":"1 minute"},"schema":{"@context":"https:\/\/schema.org","@graph":[{"@type":"WebPage","@id":"https:\/\/adexa.ee\/toode\/ribakuttekeha-valgustusega-1800mm-adexa-xdhhb18001t\/","url":"https:\/\/adexa.ee\/toode\/ribakuttekeha-valgustusega-1800mm-adexa-xdhhb18001t\/","name":"Ribak\u00fcttekeha Valgustusega 1800Mm | Adexa Xdhhb18001T - Adexa \u2013 Suurk\u00f6\u00f6giseadmed restoranidele ja toitlustusele","isPartOf":{"@id":"https:\/\/adexa.ee\/#website"},"primaryImageOfPage":{"@id":"https:\/\/adexa.ee\/toode\/ribakuttekeha-valgustusega-1800mm-adexa-xdhhb18001t\/#primaryimage"},"image":{"@id":"https:\/\/adexa.ee\/toode\/ribakuttekeha-valgustusega-1800mm-adexa-xdhhb18001t\/#primaryimage"},"thumbnailUrl":"https:\/\/adexa.ee\/wp-content\/uploads\/2024\/12\/XDHHBX001T-8.jpg","datePublished":"2026-03-26T08:05:01+00:00","dateModified":"2026-03-26T08:05:06+00:00","breadcrumb":{"@id":"https:\/\/adexa.ee\/toode\/ribakuttekeha-valgustusega-1800mm-adexa-xdhhb18001t\/#breadcrumb"},"inLanguage":"en-US","potentialAction":[{"@type":"ReadAction","target":["https:\/\/adexa.ee\/toode\/ribakuttekeha-valgustusega-1800mm-adexa-xdhhb18001t\/"]}]},{"@type":"ImageObject","inLanguage":"en-US","@id":"https:\/\/adexa.ee\/toode\/ribakuttekeha-valgustusega-1800mm-adexa-xdhhb18001t\/#primaryimage","url":"https:\/\/adexa.ee\/wp-content\/uploads\/2024\/12\/XDHHBX001T-8.jpg","contentUrl":"https:\/\/adexa.ee\/wp-content\/uploads\/2024\/12\/XDHHBX001T-8.jpg","width":2000,"height":2000},{"@type":"BreadcrumbList","@id":"https:\/\/adexa.ee\/toode\/ribakuttekeha-valgustusega-1800mm-adexa-xdhhb18001t\/#breadcrumb","itemListElement":[{"@type":"ListItem","position":1,"name":"Home","item":"https:\/\/adexa.ee\/"},{"@type":"ListItem","position":2,"name":"Tooted","item":"https:\/\/adexa.ee\/pood\/"},{"@type":"ListItem","position":3,"name":"Ribak\u00fcttekeha Valgustusega 1800Mm | Adexa Xdhhb18001T"}]},{"@type":"WebSite","@id":"https:\/\/adexa.ee\/#website","url":"https:\/\/adexa.ee\/","name":"Adexa","description":"","publisher":{"@id":"https:\/\/adexa.ee\/#organization"},"potentialAction":[{"@type":"SearchAction","target":{"@type":"EntryPoint","urlTemplate":"https:\/\/adexa.ee\/?s={search_term_string}"},"query-input":{"@type":"PropertyValueSpecification","valueRequired":true,"valueName":"search_term_string"}}],"inLanguage":"en-US"},{"@type":"Organization","@id":"https:\/\/adexa.ee\/#organization","name":"Adexa","url":"https:\/\/adexa.ee\/","logo":{"@type":"ImageObject","inLanguage":"en-US","@id":"https:\/\/adexa.ee\/#\/schema\/logo\/image\/","url":"https:\/\/adexa.ee\/wp-content\/uploads\/2024\/04\/chef-cooks-working-in-professional-kitchen-2023-11-27-05-07-39-utc-scaled.jpg","contentUrl":"https:\/\/adexa.ee\/wp-content\/uploads\/2024\/04\/chef-cooks-working-in-professional-kitchen-2023-11-27-05-07-39-utc-scaled.jpg","width":2560,"height":1708,"caption":"Adexa"},"image":{"@id":"https:\/\/adexa.ee\/#\/schema\/logo\/image\/"}}]}},"_links":{"self":[{"href":"https:\/\/adexa.ee\/en\/wp-json\/wp\/v2\/product\/13461","targetHints":{"allow":["GET"]}}],"collection":[{"href":"https:\/\/adexa.ee\/en\/wp-json\/wp\/v2\/product"}],"about":[{"href":"https:\/\/adexa.ee\/en\/wp-json\/wp\/v2\/types\/product"}],"wp:featuredmedia":[{"embeddable":true,"href":"https:\/\/adexa.ee\/en\/wp-json\/wp\/v2\/media\/10272"}],"wp:attachment":[{"href":"https:\/\/adexa.ee\/en\/wp-json\/wp\/v2\/media?parent=13461"}],"wp:term":[{"taxonomy":"product_brand","embeddable":true,"href":"https:\/\/adexa.ee\/en\/wp-json\/wp\/v2\/product_brand?post=13461"},{"taxonomy":"product_cat","embeddable":true,"href":"https:\/\/adexa.ee\/en\/wp-json\/wp\/v2\/product_cat?post=13461"},{"taxonomy":"product_tag","embeddable":true,"href":"https:\/\/adexa.ee\/en\/wp-json\/wp\/v2\/product_tag?post=13461"}],"curies":[{"name":"wp","href":"https:\/\/api.w.org\/{rel}","templated":true}]}}