{"id":13485,"date":"2026-03-26T10:05:08","date_gmt":"2026-03-26T08:05:08","guid":{"rendered":"https:\/\/adexa.ee\/toode\/jahutatud-kastmehoidja-koosneb-1xgn1-63xgn1-9-150mm-anumast-kaanega-plastik-adexa-chp06bd2\/"},"modified":"2026-03-26T10:05:09","modified_gmt":"2026-03-26T08:05:09","slug":"jahutatav-kastmehoidja-koosneb-1xgn1-63xgn1-9-150mm-anumast-kaanega-plastik-adexa-chp06bd2","status":"publish","type":"product","link":"https:\/\/adexa.ee\/en\/toode\/jahutatav-kastmehoidja-koosneb-1xgn1-63xgn1-9-150mm-anumast-kaanega-plastik-adexa-chp06bd2\/","title":{"rendered":"Jahutatav Kastmehoidja koosneb 1xGN1\/6+3xGN1\/9-150mm anumast kaanega Plastik | Adexa CHP06BD2"},"content":{"rendered":"<p>Kasuta seda kastmejaama koos sisestustega, et hoida oma baaris v\u00f5i restoranis v\u00e4rskeid lisandeid. V\u00e4rsked lisandid ja kaunistused annavad igale joogile v\u00f5i roale viimase lihvi! See kastmehoidja on ideaalne kasutamiseks baaris, kuid seda saab kasutada ka k\u00f6\u00f6gi ettevalmistusalal, buffet&#8217;il v\u00f5i s\u00f6\u00f6klas, et pakkuda lihtsat iseteenindusv\u00f5imalust. Kaas aitab v\u00e4ltida ristsaastumist ning kaitseb toitu \u00f5hus levivate saasteainete eest. Teie tooted s\u00e4ilivad kauem, kui t\u00e4idate selle kastmehoidja aluse j\u00e4\u00e4ga. See hoiab teie jahutatud tooted v\u00e4rsked ja valmis kasutamiseks pikemaks ajaks. T\u00e4nu tugevast plastist konstruktsioonile on konteiner piisavalt vastupidav sagedaseks kasutamiseks. Plastikust on lihtne \u00f6\u00f6 l\u00f5puks puhastada, et tagada puhtus ja h\u00fcgieen teie asutuses.<\/p>\n<table style=\"border-collapse: collapse; width: 100%; text-align: left;\">\n<tbody>\n<tr>\n<td style=\"border: 1px solid #ddd; padding: 8px; width: 45%;\"><strong>S\u00fcgavus<\/strong><\/td>\n<td style=\"border: 1px solid #ddd; padding: 8px;\">230 mm<\/td>\n<\/tr>\n<tr>\n<td style=\"border: 1px solid #ddd; padding: 8px; width: 45%;\"><strong>K\u00f5rgus<\/strong><\/td>\n<td style=\"border: 1px solid #ddd; padding: 8px;\">260 mm<\/td>\n<\/tr>\n<tr>\n<td style=\"border: 1px solid #ddd; padding: 8px; width: 45%;\"><strong>Laius<\/strong><\/td>\n<td style=\"border: 1px solid #ddd; padding: 8px;\">680 mm<\/td>\n<\/tr>\n<tr>\n<td style=\"border: 1px solid #ddd; padding: 8px; width: 45%;\"><strong>Kaal<\/strong><\/td>\n<td style=\"border: 1px solid #ddd; padding: 8px;\">2 kg<\/td>\n<\/tr>\n<tr>\n<td style=\"border: 1px solid #ddd; padding: 8px; width: 45%;\"><strong>Mahutavus<\/strong><\/td>\n<td style=\"border: 1px solid #ddd; padding: 8px;\">1xGN1\/6+3xGN1\/9 konteinerid, s\u00fcgavus 150mm<\/td>\n<\/tr>\n<tr>\n<td style=\"border: 1px solid #ddd; padding: 8px; width: 45%;\"><strong>Materjal<\/strong><\/td>\n<td style=\"border: 1px solid #ddd; padding: 8px;\">Plastik (toiduga kokkupuutumiseks ohutu)<\/td>\n<\/tr>\n<tr>\n<td style=\"border: 1px solid #ddd; padding: 8px; width: 45%;\"><strong>Kaasas<\/strong><\/td>\n<td style=\"border: 1px solid #ddd; padding: 8px;\">GN konteinerid (pol\u00fckarbonaadist) kaanega ja serveerimiskulp<\/td>\n<\/tr>\n<\/tbody>\n<\/table>\n","protected":false},"excerpt":{"rendered":"<p>Kasuta seda kastmejaama koos sisestustega, et hoida oma baaris v\u00f5i restoranis v\u00e4rskeid lisandeid. V\u00e4rsked lisandid ja kaunistused annavad igale joogile<\/p>\n","protected":false},"featured_media":13487,"template":"","meta":[],"product_brand":[],"product_cat":[614,585,584,579,557],"product_tag":[],"class_list":{"0":"post-13485","1":"product","2":"type-product","3":"status-publish","4":"has-post-thumbnail","6":"product_cat-baaritarvikud","7":"product_cat-gn-noud","8":"product_cat-hoidikud-ja-kandikud","9":"product_cat-koogitarbed-noud","10":"product_cat-kupsetusseadmed","12":"first","13":"instock","14":"sale","15":"taxable","16":"shipping-taxable","17":"purchasable","18":"product-type-simple"},"yoast_head":"<!-- This site is optimized with the Yoast SEO plugin v27.3 - https:\/\/yoast.com\/product\/yoast-seo-wordpress\/ -->\n<title>Jahutatav Kastmehoidja koosneb 1xGN1\/6+3xGN1\/9-150mm anumast kaanega Plastik | Adexa CHP06BD2 - Adexa \u2013 Suurk\u00f6\u00f6giseadmed restoranidele ja toitlustusele<\/title>\n<meta name=\"robots\" content=\"index, follow, max-snippet:-1, max-image-preview:large, max-video-preview:-1\" \/>\n<link rel=\"canonical\" href=\"https:\/\/adexa.ee\/toode\/jahutatav-kastmehoidja-koosneb-1xgn1-63xgn1-9-150mm-anumast-kaanega-plastik-adexa-chp06bd2\/\" \/>\n<meta property=\"og:locale\" content=\"en_US\" \/>\n<meta property=\"og:type\" content=\"article\" \/>\n<meta property=\"og:title\" content=\"Jahutatav Kastmehoidja koosneb 1xGN1\/6+3xGN1\/9-150mm anumast kaanega Plastik | Adexa CHP06BD2 - Adexa \u2013 Suurk\u00f6\u00f6giseadmed restoranidele ja toitlustusele\" \/>\n<meta property=\"og:description\" content=\"Kasuta seda kastmejaama koos sisestustega, et hoida oma baaris v\u00f5i restoranis v\u00e4rskeid lisandeid. V\u00e4rsked lisandid ja kaunistused annavad igale joogile\" \/>\n<meta property=\"og:url\" content=\"https:\/\/adexa.ee\/toode\/jahutatav-kastmehoidja-koosneb-1xgn1-63xgn1-9-150mm-anumast-kaanega-plastik-adexa-chp06bd2\/\" \/>\n<meta property=\"og:site_name\" content=\"Adexa \u2013 Suurk\u00f6\u00f6giseadmed restoranidele ja toitlustusele\" \/>\n<meta property=\"article:modified_time\" content=\"2026-03-26T08:05:09+00:00\" \/>\n<meta property=\"og:image\" content=\"https:\/\/adexa.ee\/wp-content\/uploads\/2024\/12\/CHP06B2.jpg\" \/>\n\t<meta property=\"og:image:width\" content=\"1472\" \/>\n\t<meta property=\"og:image:height\" content=\"1472\" \/>\n\t<meta property=\"og:image:type\" content=\"image\/jpeg\" \/>\n<meta name=\"twitter:card\" content=\"summary_large_image\" \/>\n<meta name=\"twitter:label1\" content=\"Est. reading time\" \/>\n\t<meta name=\"twitter:data1\" content=\"1 minute\" \/>\n<script type=\"application\/ld+json\" class=\"yoast-schema-graph\">{\"@context\":\"https:\\\/\\\/schema.org\",\"@graph\":[{\"@type\":\"WebPage\",\"@id\":\"https:\\\/\\\/adexa.ee\\\/toode\\\/jahutatav-kastmehoidja-koosneb-1xgn1-63xgn1-9-150mm-anumast-kaanega-plastik-adexa-chp06bd2\\\/\",\"url\":\"https:\\\/\\\/adexa.ee\\\/toode\\\/jahutatav-kastmehoidja-koosneb-1xgn1-63xgn1-9-150mm-anumast-kaanega-plastik-adexa-chp06bd2\\\/\",\"name\":\"Jahutatav Kastmehoidja koosneb 1xGN1\\\/6+3xGN1\\\/9-150mm anumast kaanega Plastik | Adexa CHP06BD2 - Adexa \u2013 Suurk\u00f6\u00f6giseadmed restoranidele ja toitlustusele\",\"isPartOf\":{\"@id\":\"https:\\\/\\\/adexa.ee\\\/#website\"},\"primaryImageOfPage\":{\"@id\":\"https:\\\/\\\/adexa.ee\\\/toode\\\/jahutatav-kastmehoidja-koosneb-1xgn1-63xgn1-9-150mm-anumast-kaanega-plastik-adexa-chp06bd2\\\/#primaryimage\"},\"image\":{\"@id\":\"https:\\\/\\\/adexa.ee\\\/toode\\\/jahutatav-kastmehoidja-koosneb-1xgn1-63xgn1-9-150mm-anumast-kaanega-plastik-adexa-chp06bd2\\\/#primaryimage\"},\"thumbnailUrl\":\"https:\\\/\\\/adexa.ee\\\/wp-content\\\/uploads\\\/2024\\\/12\\\/CHP06B2.jpg\",\"datePublished\":\"2026-03-26T08:05:08+00:00\",\"dateModified\":\"2026-03-26T08:05:09+00:00\",\"breadcrumb\":{\"@id\":\"https:\\\/\\\/adexa.ee\\\/toode\\\/jahutatav-kastmehoidja-koosneb-1xgn1-63xgn1-9-150mm-anumast-kaanega-plastik-adexa-chp06bd2\\\/#breadcrumb\"},\"inLanguage\":\"en-US\",\"potentialAction\":[{\"@type\":\"ReadAction\",\"target\":[\"https:\\\/\\\/adexa.ee\\\/toode\\\/jahutatav-kastmehoidja-koosneb-1xgn1-63xgn1-9-150mm-anumast-kaanega-plastik-adexa-chp06bd2\\\/\"]}]},{\"@type\":\"ImageObject\",\"inLanguage\":\"en-US\",\"@id\":\"https:\\\/\\\/adexa.ee\\\/toode\\\/jahutatav-kastmehoidja-koosneb-1xgn1-63xgn1-9-150mm-anumast-kaanega-plastik-adexa-chp06bd2\\\/#primaryimage\",\"url\":\"https:\\\/\\\/adexa.ee\\\/wp-content\\\/uploads\\\/2024\\\/12\\\/CHP06B2.jpg\",\"contentUrl\":\"https:\\\/\\\/adexa.ee\\\/wp-content\\\/uploads\\\/2024\\\/12\\\/CHP06B2.jpg\",\"width\":1472,\"height\":1472},{\"@type\":\"BreadcrumbList\",\"@id\":\"https:\\\/\\\/adexa.ee\\\/toode\\\/jahutatav-kastmehoidja-koosneb-1xgn1-63xgn1-9-150mm-anumast-kaanega-plastik-adexa-chp06bd2\\\/#breadcrumb\",\"itemListElement\":[{\"@type\":\"ListItem\",\"position\":1,\"name\":\"Home\",\"item\":\"https:\\\/\\\/adexa.ee\\\/\"},{\"@type\":\"ListItem\",\"position\":2,\"name\":\"Tooted\",\"item\":\"https:\\\/\\\/adexa.ee\\\/pood\\\/\"},{\"@type\":\"ListItem\",\"position\":3,\"name\":\"Jahutatav Kastmehoidja koosneb 1xGN1\\\/6+3xGN1\\\/9-150mm anumast kaanega Plastik | Adexa CHP06BD2\"}]},{\"@type\":\"WebSite\",\"@id\":\"https:\\\/\\\/adexa.ee\\\/#website\",\"url\":\"https:\\\/\\\/adexa.ee\\\/\",\"name\":\"Adexa\",\"description\":\"\",\"publisher\":{\"@id\":\"https:\\\/\\\/adexa.ee\\\/#organization\"},\"potentialAction\":[{\"@type\":\"SearchAction\",\"target\":{\"@type\":\"EntryPoint\",\"urlTemplate\":\"https:\\\/\\\/adexa.ee\\\/?s={search_term_string}\"},\"query-input\":{\"@type\":\"PropertyValueSpecification\",\"valueRequired\":true,\"valueName\":\"search_term_string\"}}],\"inLanguage\":\"en-US\"},{\"@type\":\"Organization\",\"@id\":\"https:\\\/\\\/adexa.ee\\\/#organization\",\"name\":\"Adexa\",\"url\":\"https:\\\/\\\/adexa.ee\\\/\",\"logo\":{\"@type\":\"ImageObject\",\"inLanguage\":\"en-US\",\"@id\":\"https:\\\/\\\/adexa.ee\\\/#\\\/schema\\\/logo\\\/image\\\/\",\"url\":\"https:\\\/\\\/adexa.ee\\\/wp-content\\\/uploads\\\/2024\\\/04\\\/chef-cooks-working-in-professional-kitchen-2023-11-27-05-07-39-utc-scaled.jpg\",\"contentUrl\":\"https:\\\/\\\/adexa.ee\\\/wp-content\\\/uploads\\\/2024\\\/04\\\/chef-cooks-working-in-professional-kitchen-2023-11-27-05-07-39-utc-scaled.jpg\",\"width\":2560,\"height\":1708,\"caption\":\"Adexa\"},\"image\":{\"@id\":\"https:\\\/\\\/adexa.ee\\\/#\\\/schema\\\/logo\\\/image\\\/\"}}]}<\/script>\n<!-- \/ Yoast SEO plugin. -->","yoast_head_json":{"title":"Jahutatav Kastmehoidja koosneb 1xGN1\/6+3xGN1\/9-150mm anumast kaanega Plastik | Adexa CHP06BD2 - Adexa \u2013 Suurk\u00f6\u00f6giseadmed restoranidele ja toitlustusele","robots":{"index":"index","follow":"follow","max-snippet":"max-snippet:-1","max-image-preview":"max-image-preview:large","max-video-preview":"max-video-preview:-1"},"canonical":"https:\/\/adexa.ee\/toode\/jahutatav-kastmehoidja-koosneb-1xgn1-63xgn1-9-150mm-anumast-kaanega-plastik-adexa-chp06bd2\/","og_locale":"en_US","og_type":"article","og_title":"Jahutatav Kastmehoidja koosneb 1xGN1\/6+3xGN1\/9-150mm anumast kaanega Plastik | Adexa CHP06BD2 - Adexa \u2013 Suurk\u00f6\u00f6giseadmed restoranidele ja toitlustusele","og_description":"Kasuta seda kastmejaama koos sisestustega, et hoida oma baaris v\u00f5i restoranis v\u00e4rskeid lisandeid. V\u00e4rsked lisandid ja kaunistused annavad igale joogile","og_url":"https:\/\/adexa.ee\/toode\/jahutatav-kastmehoidja-koosneb-1xgn1-63xgn1-9-150mm-anumast-kaanega-plastik-adexa-chp06bd2\/","og_site_name":"Adexa \u2013 Suurk\u00f6\u00f6giseadmed restoranidele ja toitlustusele","article_modified_time":"2026-03-26T08:05:09+00:00","og_image":[{"width":1472,"height":1472,"url":"https:\/\/adexa.ee\/wp-content\/uploads\/2024\/12\/CHP06B2.jpg","type":"image\/jpeg"}],"twitter_card":"summary_large_image","twitter_misc":{"Est. reading time":"1 minute"},"schema":{"@context":"https:\/\/schema.org","@graph":[{"@type":"WebPage","@id":"https:\/\/adexa.ee\/toode\/jahutatav-kastmehoidja-koosneb-1xgn1-63xgn1-9-150mm-anumast-kaanega-plastik-adexa-chp06bd2\/","url":"https:\/\/adexa.ee\/toode\/jahutatav-kastmehoidja-koosneb-1xgn1-63xgn1-9-150mm-anumast-kaanega-plastik-adexa-chp06bd2\/","name":"Jahutatav Kastmehoidja koosneb 1xGN1\/6+3xGN1\/9-150mm anumast kaanega Plastik | Adexa CHP06BD2 - Adexa \u2013 Suurk\u00f6\u00f6giseadmed restoranidele ja toitlustusele","isPartOf":{"@id":"https:\/\/adexa.ee\/#website"},"primaryImageOfPage":{"@id":"https:\/\/adexa.ee\/toode\/jahutatav-kastmehoidja-koosneb-1xgn1-63xgn1-9-150mm-anumast-kaanega-plastik-adexa-chp06bd2\/#primaryimage"},"image":{"@id":"https:\/\/adexa.ee\/toode\/jahutatav-kastmehoidja-koosneb-1xgn1-63xgn1-9-150mm-anumast-kaanega-plastik-adexa-chp06bd2\/#primaryimage"},"thumbnailUrl":"https:\/\/adexa.ee\/wp-content\/uploads\/2024\/12\/CHP06B2.jpg","datePublished":"2026-03-26T08:05:08+00:00","dateModified":"2026-03-26T08:05:09+00:00","breadcrumb":{"@id":"https:\/\/adexa.ee\/toode\/jahutatav-kastmehoidja-koosneb-1xgn1-63xgn1-9-150mm-anumast-kaanega-plastik-adexa-chp06bd2\/#breadcrumb"},"inLanguage":"en-US","potentialAction":[{"@type":"ReadAction","target":["https:\/\/adexa.ee\/toode\/jahutatav-kastmehoidja-koosneb-1xgn1-63xgn1-9-150mm-anumast-kaanega-plastik-adexa-chp06bd2\/"]}]},{"@type":"ImageObject","inLanguage":"en-US","@id":"https:\/\/adexa.ee\/toode\/jahutatav-kastmehoidja-koosneb-1xgn1-63xgn1-9-150mm-anumast-kaanega-plastik-adexa-chp06bd2\/#primaryimage","url":"https:\/\/adexa.ee\/wp-content\/uploads\/2024\/12\/CHP06B2.jpg","contentUrl":"https:\/\/adexa.ee\/wp-content\/uploads\/2024\/12\/CHP06B2.jpg","width":1472,"height":1472},{"@type":"BreadcrumbList","@id":"https:\/\/adexa.ee\/toode\/jahutatav-kastmehoidja-koosneb-1xgn1-63xgn1-9-150mm-anumast-kaanega-plastik-adexa-chp06bd2\/#breadcrumb","itemListElement":[{"@type":"ListItem","position":1,"name":"Home","item":"https:\/\/adexa.ee\/"},{"@type":"ListItem","position":2,"name":"Tooted","item":"https:\/\/adexa.ee\/pood\/"},{"@type":"ListItem","position":3,"name":"Jahutatav Kastmehoidja koosneb 1xGN1\/6+3xGN1\/9-150mm anumast kaanega Plastik | Adexa CHP06BD2"}]},{"@type":"WebSite","@id":"https:\/\/adexa.ee\/#website","url":"https:\/\/adexa.ee\/","name":"Adexa","description":"","publisher":{"@id":"https:\/\/adexa.ee\/#organization"},"potentialAction":[{"@type":"SearchAction","target":{"@type":"EntryPoint","urlTemplate":"https:\/\/adexa.ee\/?s={search_term_string}"},"query-input":{"@type":"PropertyValueSpecification","valueRequired":true,"valueName":"search_term_string"}}],"inLanguage":"en-US"},{"@type":"Organization","@id":"https:\/\/adexa.ee\/#organization","name":"Adexa","url":"https:\/\/adexa.ee\/","logo":{"@type":"ImageObject","inLanguage":"en-US","@id":"https:\/\/adexa.ee\/#\/schema\/logo\/image\/","url":"https:\/\/adexa.ee\/wp-content\/uploads\/2024\/04\/chef-cooks-working-in-professional-kitchen-2023-11-27-05-07-39-utc-scaled.jpg","contentUrl":"https:\/\/adexa.ee\/wp-content\/uploads\/2024\/04\/chef-cooks-working-in-professional-kitchen-2023-11-27-05-07-39-utc-scaled.jpg","width":2560,"height":1708,"caption":"Adexa"},"image":{"@id":"https:\/\/adexa.ee\/#\/schema\/logo\/image\/"}}]}},"_links":{"self":[{"href":"https:\/\/adexa.ee\/en\/wp-json\/wp\/v2\/product\/13485","targetHints":{"allow":["GET"]}}],"collection":[{"href":"https:\/\/adexa.ee\/en\/wp-json\/wp\/v2\/product"}],"about":[{"href":"https:\/\/adexa.ee\/en\/wp-json\/wp\/v2\/types\/product"}],"wp:featuredmedia":[{"embeddable":true,"href":"https:\/\/adexa.ee\/en\/wp-json\/wp\/v2\/media\/13487"}],"wp:attachment":[{"href":"https:\/\/adexa.ee\/en\/wp-json\/wp\/v2\/media?parent=13485"}],"wp:term":[{"taxonomy":"product_brand","embeddable":true,"href":"https:\/\/adexa.ee\/en\/wp-json\/wp\/v2\/product_brand?post=13485"},{"taxonomy":"product_cat","embeddable":true,"href":"https:\/\/adexa.ee\/en\/wp-json\/wp\/v2\/product_cat?post=13485"},{"taxonomy":"product_tag","embeddable":true,"href":"https:\/\/adexa.ee\/en\/wp-json\/wp\/v2\/product_tag?post=13485"}],"curies":[{"name":"wp","href":"https:\/\/api.w.org\/{rel}","templated":true}]}}