{"id":13507,"date":"2026-03-26T10:05:08","date_gmt":"2026-03-26T08:05:08","guid":{"rendered":"https:\/\/adexa.ee\/toode\/professionaalne-elektriline-konvektsioonahi-cook-hold-4-aluseid-gn1-1-adexa-ysd6a\/"},"modified":"2026-03-26T10:05:11","modified_gmt":"2026-03-26T08:05:11","slug":"professionaalne-elektriline-konvektsioonahi-cook-hold-4-plaati-gn1-1-adexa-ysd6a","status":"publish","type":"product","link":"https:\/\/adexa.ee\/en\/toode\/professionaalne-elektriline-konvektsioonahi-cook-hold-4-plaati-gn1-1-adexa-ysd6a\/","title":{"rendered":"Professionaalne Elektriline Konvektsioonahi Cook &#038; Hold, 4 plaati GN1\/1 | Adexa YSD6A"},"content":{"rendered":"<p>See kaubanduslik konvektsioonahi on varustatud toitlustuse k\u00f6\u00f6gis v\u00e4ga kasuliku k\u00fcpsetus- ja soojashoidmise funktsiooniga!<\/p>\n<p>K\u00fcpsetus- ja soojashoidmise funktsioon: kui eelnevalt seadistatud, hoiab ahi teie toidu soojas p\u00fcsival +90\u2103 temperatuuril p\u00e4rast tegelikku k\u00fcpsetamist.<\/p>\n<p>See konvektsioonahi k\u00fcpsetab toitu kiiremini madalamal temperatuuril ja \u00fchtlasemalt kui tavalised ahjud. R\u00f6stimiseks seadke ahi 160\u2103 peale; see ahi sobib niiskuse s\u00e4ilitamiseks ja v\u00f5ib takistada toidu kokkut\u00f5mbumist. R\u00f6stitav aeg v\u00e4heneb 10 minutit \u00fche kilogrammi toidu kohta.<\/p>\n<p>Grillifunktsioon<\/p>\n<p>4 x traadist restid 550x365mm (sobib GN1\/1 pannidele)<\/p>\n<p>M\u00f5\u00f5tmed: 796x670x580mm<\/p>\n<p>V\u00f5imsus: 2.8kW<\/p>\n<p>Kaal: 70kg<\/p>\n<p>EGO 250\u2103 termostaat sisse-\/v\u00e4ljal\u00fclitusfunktsiooniga<\/p>\n<p>Elektril\u00f6\u00f6gikaitse l\u00fcliti<\/p>\n<p>Kummitihend<\/p>\n<p>Bakelitk\u00e4epide<\/p>\n<p>60 ja 180 minuti taimer<\/p>\n<p>Silikoonkaitsel\u00fcliti<\/p>\n<p>K\u00f5rget\u00f5husad roostevabast terasest k\u00fcttekehad<\/p>\n<p>Libisemiskindel jalg<\/p>\n<p>Keraamilise kattega kamber<\/p>\n<p>\u00dclemised ja alumised k\u00fcttekehad<\/p>\n<p>Dokumendid<\/p>\n<p>Kl\u00f5psake siia, et alla laadida kasutusjuhend<\/p>\n<p>Kl\u00f5psake siia, et alla laadida varuosade skeem<\/p>\n<p>Palun vaadake all &#8220;Spetsifikatsioon&#8221; \u00fcksikasjaliku teabe saamiseks.<\/p>\n<table style=\"border-collapse: collapse; width: 100%; text-align: left;\">\n<tbody>\n<tr>\n<td style=\"border: 1px solid #ddd; padding: 8px; width: 45%;\"><strong>S\u00fcgavus<\/strong><\/td>\n<td style=\"border: 1px solid #ddd; padding: 8px;\">670mm<\/td>\n<\/tr>\n<tr>\n<td style=\"border: 1px solid #ddd; padding: 8px; width: 45%;\"><strong>K\u00f5rgus<\/strong><\/td>\n<td style=\"border: 1px solid #ddd; padding: 8px;\">580mm<\/td>\n<\/tr>\n<tr>\n<td style=\"border: 1px solid #ddd; padding: 8px; width: 45%;\"><strong>Laius<\/strong><\/td>\n<td style=\"border: 1px solid #ddd; padding: 8px;\">796mm<\/td>\n<\/tr>\n<tr>\n<td style=\"border: 1px solid #ddd; padding: 8px; width: 45%;\"><strong>Kaal<\/strong><\/td>\n<td style=\"border: 1px solid #ddd; padding: 8px;\">70kg<\/td>\n<\/tr>\n<tr>\n<td style=\"border: 1px solid #ddd; padding: 8px; width: 45%;\"><strong>Garantii<\/strong><\/td>\n<td style=\"border: 1px solid #ddd; padding: 8px;\">12 kuu varuosade garantii<\/td>\n<\/tr>\n<tr>\n<td style=\"border: 1px solid #ddd; padding: 8px; width: 45%;\"><strong>Toiteallikas<\/strong><\/td>\n<td style=\"border: 1px solid #ddd; padding: 8px;\">230V \/ 1 faas<\/td>\n<\/tr>\n<tr>\n<td style=\"border: 1px solid #ddd; padding: 8px; width: 45%;\"><strong>V\u00f5imsus<\/strong><\/td>\n<td style=\"border: 1px solid #ddd; padding: 8px;\">2800W<\/td>\n<\/tr>\n<tr>\n<td style=\"border: 1px solid #ddd; padding: 8px; width: 45%;\"><strong>Plaadi\/V\u00f5re suurus<\/strong><\/td>\n<td style=\"border: 1px solid #ddd; padding: 8px;\">550&#215;365 mm (sobib GN1\/1)<\/td>\n<\/tr>\n<tr>\n<td style=\"border: 1px solid #ddd; padding: 8px; width: 45%;\"><strong>Kaasas<\/strong><\/td>\n<td style=\"border: 1px solid #ddd; padding: 8px;\">4 tk traadiletti 550&#215;365 mm<\/td>\n<\/tr>\n<tr>\n<td style=\"border: 1px solid #ddd; padding: 8px; width: 45%;\"><strong>K\u00f5rgus (sisemine)<\/strong><\/td>\n<td style=\"border: 1px solid #ddd; padding: 8px;\">431mm<\/td>\n<\/tr>\n<tr>\n<td style=\"border: 1px solid #ddd; padding: 8px; width: 45%;\"><strong>Temperatuur<\/strong><\/td>\n<td style=\"border: 1px solid #ddd; padding: 8px;\">+50 kuni +250\u00b0C<\/td>\n<\/tr>\n<tr>\n<td style=\"border: 1px solid #ddd; padding: 8px; width: 45%;\"><strong>Laius (sisemine)<\/strong><\/td>\n<td style=\"border: 1px solid #ddd; padding: 8px;\">550 mm<\/td>\n<\/tr>\n<tr>\n<td style=\"border: 1px solid #ddd; padding: 8px; width: 45%;\"><strong>S\u00fcgavus (sisemine)<\/strong><\/td>\n<td style=\"border: 1px solid #ddd; padding: 8px;\">418mm<\/td>\n<\/tr>\n<tr>\n<td style=\"border: 1px solid #ddd; padding: 8px; width: 45%;\"><strong>Ahju t\u00fc\u00fcp<\/strong><\/td>\n<td style=\"border: 1px solid #ddd; padding: 8px;\">Gastronoomia ja suupiste<\/td>\n<\/tr>\n<tr>\n<td style=\"border: 1px solid #ddd; padding: 8px; width: 45%;\"><strong>Kaitse<\/strong><\/td>\n<td style=\"border: 1px solid #ddd; padding: 8px;\">Minimaalne 13A<\/td>\n<\/tr>\n<\/tbody>\n<\/table>\n","protected":false},"excerpt":{"rendered":"<p>See kaubanduslik konvektsioonahi on varustatud toitlustuse k\u00f6\u00f6gis v\u00e4ga kasuliku k\u00fcpsetus- ja soojashoidmise funktsiooniga! K\u00fcpsetus- ja soojashoidmise funktsioon: kui eelnevalt seadistatud,<\/p>\n","protected":false},"featured_media":13510,"template":"","meta":[],"product_brand":[],"product_cat":[599,786],"product_tag":[],"class_list":{"0":"post-13507","1":"product","2":"type-product","3":"status-publish","4":"has-post-thumbnail","6":"product_cat-ahjud","7":"product_cat-elektrilised-konvektsioonahjud-manuaaljuhtimisega","9":"first","10":"instock","11":"sale","12":"taxable","13":"shipping-taxable","14":"purchasable","15":"product-type-simple"},"yoast_head":"<!-- This site is optimized with the Yoast SEO plugin v27.3 - https:\/\/yoast.com\/product\/yoast-seo-wordpress\/ -->\n<title>Professionaalne Elektriline Konvektsioonahi Cook &amp; Hold, 4 plaati GN1\/1 | Adexa YSD6A - Adexa \u2013 Suurk\u00f6\u00f6giseadmed restoranidele ja toitlustusele<\/title>\n<meta name=\"robots\" content=\"index, follow, max-snippet:-1, max-image-preview:large, max-video-preview:-1\" \/>\n<link rel=\"canonical\" href=\"https:\/\/adexa.ee\/toode\/professionaalne-elektriline-konvektsioonahi-cook-hold-4-plaati-gn1-1-adexa-ysd6a\/\" \/>\n<meta property=\"og:locale\" content=\"en_US\" \/>\n<meta property=\"og:type\" content=\"article\" \/>\n<meta property=\"og:title\" content=\"Professionaalne Elektriline Konvektsioonahi Cook &amp; Hold, 4 plaati GN1\/1 | Adexa YSD6A - Adexa \u2013 Suurk\u00f6\u00f6giseadmed restoranidele ja toitlustusele\" \/>\n<meta property=\"og:description\" content=\"See kaubanduslik konvektsioonahi on varustatud toitlustuse k\u00f6\u00f6gis v\u00e4ga kasuliku k\u00fcpsetus- ja soojashoidmise funktsiooniga! K\u00fcpsetus- ja soojashoidmise funktsioon: kui eelnevalt seadistatud,\" \/>\n<meta property=\"og:url\" content=\"https:\/\/adexa.ee\/toode\/professionaalne-elektriline-konvektsioonahi-cook-hold-4-plaati-gn1-1-adexa-ysd6a\/\" \/>\n<meta property=\"og:site_name\" content=\"Adexa \u2013 Suurk\u00f6\u00f6giseadmed restoranidele ja toitlustusele\" \/>\n<meta property=\"article:modified_time\" content=\"2026-03-26T08:05:11+00:00\" \/>\n<meta property=\"og:image\" content=\"https:\/\/adexa.ee\/wp-content\/uploads\/2024\/12\/YSD6A-.jpg\" \/>\n\t<meta property=\"og:image:width\" content=\"2000\" \/>\n\t<meta property=\"og:image:height\" content=\"2000\" \/>\n\t<meta property=\"og:image:type\" content=\"image\/jpeg\" \/>\n<meta name=\"twitter:card\" content=\"summary_large_image\" \/>\n<meta name=\"twitter:label1\" content=\"Est. reading time\" \/>\n\t<meta name=\"twitter:data1\" content=\"1 minute\" \/>\n<script type=\"application\/ld+json\" class=\"yoast-schema-graph\">{\"@context\":\"https:\\\/\\\/schema.org\",\"@graph\":[{\"@type\":\"WebPage\",\"@id\":\"https:\\\/\\\/adexa.ee\\\/toode\\\/professionaalne-elektriline-konvektsioonahi-cook-hold-4-plaati-gn1-1-adexa-ysd6a\\\/\",\"url\":\"https:\\\/\\\/adexa.ee\\\/toode\\\/professionaalne-elektriline-konvektsioonahi-cook-hold-4-plaati-gn1-1-adexa-ysd6a\\\/\",\"name\":\"Professionaalne Elektriline Konvektsioonahi Cook & Hold, 4 plaati GN1\\\/1 | Adexa YSD6A - Adexa \u2013 Suurk\u00f6\u00f6giseadmed restoranidele ja toitlustusele\",\"isPartOf\":{\"@id\":\"https:\\\/\\\/adexa.ee\\\/#website\"},\"primaryImageOfPage\":{\"@id\":\"https:\\\/\\\/adexa.ee\\\/toode\\\/professionaalne-elektriline-konvektsioonahi-cook-hold-4-plaati-gn1-1-adexa-ysd6a\\\/#primaryimage\"},\"image\":{\"@id\":\"https:\\\/\\\/adexa.ee\\\/toode\\\/professionaalne-elektriline-konvektsioonahi-cook-hold-4-plaati-gn1-1-adexa-ysd6a\\\/#primaryimage\"},\"thumbnailUrl\":\"https:\\\/\\\/adexa.ee\\\/wp-content\\\/uploads\\\/2024\\\/12\\\/YSD6A-.jpg\",\"datePublished\":\"2026-03-26T08:05:08+00:00\",\"dateModified\":\"2026-03-26T08:05:11+00:00\",\"breadcrumb\":{\"@id\":\"https:\\\/\\\/adexa.ee\\\/toode\\\/professionaalne-elektriline-konvektsioonahi-cook-hold-4-plaati-gn1-1-adexa-ysd6a\\\/#breadcrumb\"},\"inLanguage\":\"en-US\",\"potentialAction\":[{\"@type\":\"ReadAction\",\"target\":[\"https:\\\/\\\/adexa.ee\\\/toode\\\/professionaalne-elektriline-konvektsioonahi-cook-hold-4-plaati-gn1-1-adexa-ysd6a\\\/\"]}]},{\"@type\":\"ImageObject\",\"inLanguage\":\"en-US\",\"@id\":\"https:\\\/\\\/adexa.ee\\\/toode\\\/professionaalne-elektriline-konvektsioonahi-cook-hold-4-plaati-gn1-1-adexa-ysd6a\\\/#primaryimage\",\"url\":\"https:\\\/\\\/adexa.ee\\\/wp-content\\\/uploads\\\/2024\\\/12\\\/YSD6A-.jpg\",\"contentUrl\":\"https:\\\/\\\/adexa.ee\\\/wp-content\\\/uploads\\\/2024\\\/12\\\/YSD6A-.jpg\",\"width\":2000,\"height\":2000},{\"@type\":\"BreadcrumbList\",\"@id\":\"https:\\\/\\\/adexa.ee\\\/toode\\\/professionaalne-elektriline-konvektsioonahi-cook-hold-4-plaati-gn1-1-adexa-ysd6a\\\/#breadcrumb\",\"itemListElement\":[{\"@type\":\"ListItem\",\"position\":1,\"name\":\"Home\",\"item\":\"https:\\\/\\\/adexa.ee\\\/\"},{\"@type\":\"ListItem\",\"position\":2,\"name\":\"Tooted\",\"item\":\"https:\\\/\\\/adexa.ee\\\/pood\\\/\"},{\"@type\":\"ListItem\",\"position\":3,\"name\":\"Professionaalne Elektriline Konvektsioonahi Cook &#038; Hold, 4 plaati GN1\\\/1 | Adexa YSD6A\"}]},{\"@type\":\"WebSite\",\"@id\":\"https:\\\/\\\/adexa.ee\\\/#website\",\"url\":\"https:\\\/\\\/adexa.ee\\\/\",\"name\":\"Adexa\",\"description\":\"\",\"publisher\":{\"@id\":\"https:\\\/\\\/adexa.ee\\\/#organization\"},\"potentialAction\":[{\"@type\":\"SearchAction\",\"target\":{\"@type\":\"EntryPoint\",\"urlTemplate\":\"https:\\\/\\\/adexa.ee\\\/?s={search_term_string}\"},\"query-input\":{\"@type\":\"PropertyValueSpecification\",\"valueRequired\":true,\"valueName\":\"search_term_string\"}}],\"inLanguage\":\"en-US\"},{\"@type\":\"Organization\",\"@id\":\"https:\\\/\\\/adexa.ee\\\/#organization\",\"name\":\"Adexa\",\"url\":\"https:\\\/\\\/adexa.ee\\\/\",\"logo\":{\"@type\":\"ImageObject\",\"inLanguage\":\"en-US\",\"@id\":\"https:\\\/\\\/adexa.ee\\\/#\\\/schema\\\/logo\\\/image\\\/\",\"url\":\"https:\\\/\\\/adexa.ee\\\/wp-content\\\/uploads\\\/2024\\\/04\\\/chef-cooks-working-in-professional-kitchen-2023-11-27-05-07-39-utc-scaled.jpg\",\"contentUrl\":\"https:\\\/\\\/adexa.ee\\\/wp-content\\\/uploads\\\/2024\\\/04\\\/chef-cooks-working-in-professional-kitchen-2023-11-27-05-07-39-utc-scaled.jpg\",\"width\":2560,\"height\":1708,\"caption\":\"Adexa\"},\"image\":{\"@id\":\"https:\\\/\\\/adexa.ee\\\/#\\\/schema\\\/logo\\\/image\\\/\"}}]}<\/script>\n<!-- \/ Yoast SEO plugin. -->","yoast_head_json":{"title":"Professionaalne Elektriline Konvektsioonahi Cook & Hold, 4 plaati GN1\/1 | Adexa YSD6A - Adexa \u2013 Suurk\u00f6\u00f6giseadmed restoranidele ja toitlustusele","robots":{"index":"index","follow":"follow","max-snippet":"max-snippet:-1","max-image-preview":"max-image-preview:large","max-video-preview":"max-video-preview:-1"},"canonical":"https:\/\/adexa.ee\/toode\/professionaalne-elektriline-konvektsioonahi-cook-hold-4-plaati-gn1-1-adexa-ysd6a\/","og_locale":"en_US","og_type":"article","og_title":"Professionaalne Elektriline Konvektsioonahi Cook & Hold, 4 plaati GN1\/1 | Adexa YSD6A - Adexa \u2013 Suurk\u00f6\u00f6giseadmed restoranidele ja toitlustusele","og_description":"See kaubanduslik konvektsioonahi on varustatud toitlustuse k\u00f6\u00f6gis v\u00e4ga kasuliku k\u00fcpsetus- ja soojashoidmise funktsiooniga! K\u00fcpsetus- ja soojashoidmise funktsioon: kui eelnevalt seadistatud,","og_url":"https:\/\/adexa.ee\/toode\/professionaalne-elektriline-konvektsioonahi-cook-hold-4-plaati-gn1-1-adexa-ysd6a\/","og_site_name":"Adexa \u2013 Suurk\u00f6\u00f6giseadmed restoranidele ja toitlustusele","article_modified_time":"2026-03-26T08:05:11+00:00","og_image":[{"width":2000,"height":2000,"url":"https:\/\/adexa.ee\/wp-content\/uploads\/2024\/12\/YSD6A-.jpg","type":"image\/jpeg"}],"twitter_card":"summary_large_image","twitter_misc":{"Est. reading time":"1 minute"},"schema":{"@context":"https:\/\/schema.org","@graph":[{"@type":"WebPage","@id":"https:\/\/adexa.ee\/toode\/professionaalne-elektriline-konvektsioonahi-cook-hold-4-plaati-gn1-1-adexa-ysd6a\/","url":"https:\/\/adexa.ee\/toode\/professionaalne-elektriline-konvektsioonahi-cook-hold-4-plaati-gn1-1-adexa-ysd6a\/","name":"Professionaalne Elektriline Konvektsioonahi Cook & Hold, 4 plaati GN1\/1 | Adexa YSD6A - Adexa \u2013 Suurk\u00f6\u00f6giseadmed restoranidele ja toitlustusele","isPartOf":{"@id":"https:\/\/adexa.ee\/#website"},"primaryImageOfPage":{"@id":"https:\/\/adexa.ee\/toode\/professionaalne-elektriline-konvektsioonahi-cook-hold-4-plaati-gn1-1-adexa-ysd6a\/#primaryimage"},"image":{"@id":"https:\/\/adexa.ee\/toode\/professionaalne-elektriline-konvektsioonahi-cook-hold-4-plaati-gn1-1-adexa-ysd6a\/#primaryimage"},"thumbnailUrl":"https:\/\/adexa.ee\/wp-content\/uploads\/2024\/12\/YSD6A-.jpg","datePublished":"2026-03-26T08:05:08+00:00","dateModified":"2026-03-26T08:05:11+00:00","breadcrumb":{"@id":"https:\/\/adexa.ee\/toode\/professionaalne-elektriline-konvektsioonahi-cook-hold-4-plaati-gn1-1-adexa-ysd6a\/#breadcrumb"},"inLanguage":"en-US","potentialAction":[{"@type":"ReadAction","target":["https:\/\/adexa.ee\/toode\/professionaalne-elektriline-konvektsioonahi-cook-hold-4-plaati-gn1-1-adexa-ysd6a\/"]}]},{"@type":"ImageObject","inLanguage":"en-US","@id":"https:\/\/adexa.ee\/toode\/professionaalne-elektriline-konvektsioonahi-cook-hold-4-plaati-gn1-1-adexa-ysd6a\/#primaryimage","url":"https:\/\/adexa.ee\/wp-content\/uploads\/2024\/12\/YSD6A-.jpg","contentUrl":"https:\/\/adexa.ee\/wp-content\/uploads\/2024\/12\/YSD6A-.jpg","width":2000,"height":2000},{"@type":"BreadcrumbList","@id":"https:\/\/adexa.ee\/toode\/professionaalne-elektriline-konvektsioonahi-cook-hold-4-plaati-gn1-1-adexa-ysd6a\/#breadcrumb","itemListElement":[{"@type":"ListItem","position":1,"name":"Home","item":"https:\/\/adexa.ee\/"},{"@type":"ListItem","position":2,"name":"Tooted","item":"https:\/\/adexa.ee\/pood\/"},{"@type":"ListItem","position":3,"name":"Professionaalne Elektriline Konvektsioonahi Cook &#038; Hold, 4 plaati GN1\/1 | Adexa YSD6A"}]},{"@type":"WebSite","@id":"https:\/\/adexa.ee\/#website","url":"https:\/\/adexa.ee\/","name":"Adexa","description":"","publisher":{"@id":"https:\/\/adexa.ee\/#organization"},"potentialAction":[{"@type":"SearchAction","target":{"@type":"EntryPoint","urlTemplate":"https:\/\/adexa.ee\/?s={search_term_string}"},"query-input":{"@type":"PropertyValueSpecification","valueRequired":true,"valueName":"search_term_string"}}],"inLanguage":"en-US"},{"@type":"Organization","@id":"https:\/\/adexa.ee\/#organization","name":"Adexa","url":"https:\/\/adexa.ee\/","logo":{"@type":"ImageObject","inLanguage":"en-US","@id":"https:\/\/adexa.ee\/#\/schema\/logo\/image\/","url":"https:\/\/adexa.ee\/wp-content\/uploads\/2024\/04\/chef-cooks-working-in-professional-kitchen-2023-11-27-05-07-39-utc-scaled.jpg","contentUrl":"https:\/\/adexa.ee\/wp-content\/uploads\/2024\/04\/chef-cooks-working-in-professional-kitchen-2023-11-27-05-07-39-utc-scaled.jpg","width":2560,"height":1708,"caption":"Adexa"},"image":{"@id":"https:\/\/adexa.ee\/#\/schema\/logo\/image\/"}}]}},"_links":{"self":[{"href":"https:\/\/adexa.ee\/en\/wp-json\/wp\/v2\/product\/13507","targetHints":{"allow":["GET"]}}],"collection":[{"href":"https:\/\/adexa.ee\/en\/wp-json\/wp\/v2\/product"}],"about":[{"href":"https:\/\/adexa.ee\/en\/wp-json\/wp\/v2\/types\/product"}],"wp:featuredmedia":[{"embeddable":true,"href":"https:\/\/adexa.ee\/en\/wp-json\/wp\/v2\/media\/13510"}],"wp:attachment":[{"href":"https:\/\/adexa.ee\/en\/wp-json\/wp\/v2\/media?parent=13507"}],"wp:term":[{"taxonomy":"product_brand","embeddable":true,"href":"https:\/\/adexa.ee\/en\/wp-json\/wp\/v2\/product_brand?post=13507"},{"taxonomy":"product_cat","embeddable":true,"href":"https:\/\/adexa.ee\/en\/wp-json\/wp\/v2\/product_cat?post=13507"},{"taxonomy":"product_tag","embeddable":true,"href":"https:\/\/adexa.ee\/en\/wp-json\/wp\/v2\/product_tag?post=13507"}],"curies":[{"name":"wp","href":"https:\/\/api.w.org\/{rel}","templated":true}]}}