{"id":13514,"date":"2026-03-26T10:05:08","date_gmt":"2026-03-26T08:05:08","guid":{"rendered":"https:\/\/adexa.ee\/toode\/toruseline-seinariiul-roostevabast-terasest-1800x320x140mm-adexa-whrt180\/"},"modified":"2026-03-26T10:05:12","modified_gmt":"2026-03-26T08:05:12","slug":"toruseline-seinariiul-roostevabast-terasest-1800x320x140mm-adexa-whrt180","status":"publish","type":"product","link":"https:\/\/adexa.ee\/en\/toode\/toruseline-seinariiul-roostevabast-terasest-1800x320x140mm-adexa-whrt180\/","title":{"rendered":"Toruseline seinariiul roostevabast terasest 1800x320x140mm | Adexa WHRT180"},"content":{"rendered":"<p>Kui te juhite professionaalset k\u00f6\u00f6ki, teate h\u00e4sti, kui oluline on ruumi t\u00f5hus haldamine. See mugav seinale paigaldatav riiul pakub t\u00f5husat v\u00f5imalust luua t\u00e4iendavat pinda ladustamiseks ja organiseerimiseks. Ideaalne klaasriiulite, bussikastide v\u00f5i muu varustuse hoidmiseks, on see vastupidav toruseline riiul h\u00e4davajalik t\u00e4iendus igasse t\u00f6\u00f6rohkes n\u00f5udepesu ruumi v\u00f5i k\u00f6\u00f6ki!<\/p>\n<table style=\"border-collapse: collapse; width: 100%; text-align: left;\">\n<tbody>\n<tr>\n<td style=\"border: 1px solid #ddd; padding: 8px; width: 45%;\"><strong>S\u00fcgavus<\/strong><\/td>\n<td style=\"border: 1px solid #ddd; padding: 8px;\">320 mm<\/td>\n<\/tr>\n<tr>\n<td style=\"border: 1px solid #ddd; padding: 8px; width: 45%;\"><strong>K\u00f5rgus<\/strong><\/td>\n<td style=\"border: 1px solid #ddd; padding: 8px;\">140 mm<\/td>\n<\/tr>\n<tr>\n<td style=\"border: 1px solid #ddd; padding: 8px; width: 45%;\"><strong>Laius<\/strong><\/td>\n<td style=\"border: 1px solid #ddd; padding: 8px;\">1800 mm<\/td>\n<\/tr>\n<tr>\n<td style=\"border: 1px solid #ddd; padding: 8px; width: 45%;\"><strong>Kaal<\/strong><\/td>\n<td style=\"border: 1px solid #ddd; padding: 8px;\">9 kg<\/td>\n<\/tr>\n<tr>\n<td style=\"border: 1px solid #ddd; padding: 8px; width: 45%;\"><strong>Materjal<\/strong><\/td>\n<td style=\"border: 1px solid #ddd; padding: 8px;\">Roostevaba teras<\/td>\n<\/tr>\n<\/tbody>\n<\/table>\n","protected":false},"excerpt":{"rendered":"<p>Kui te juhite professionaalset k\u00f6\u00f6ki, teate h\u00e4sti, kui oluline on ruumi t\u00f5hus haldamine. See mugav seinale paigaldatav riiul pakub t\u00f5husat<\/p>\n","protected":false},"featured_media":10582,"template":"","meta":[],"product_brand":[],"product_cat":[569,572,617,730],"product_tag":[],"class_list":{"0":"post-13514","1":"product","2":"type-product","3":"status-publish","4":"has-post-thumbnail","6":"product_cat-lopumuuk","7":"product_cat-roostevabad-tooted","8":"product_cat-seinariiulid","9":"product_cat-torujad-seinariiulid","11":"first","12":"instock","13":"sale","14":"taxable","15":"shipping-taxable","16":"purchasable","17":"product-type-simple"},"yoast_head":"<!-- This site is optimized with the Yoast SEO plugin v27.3 - https:\/\/yoast.com\/product\/yoast-seo-wordpress\/ -->\n<title>Toruseline seinariiul roostevabast terasest 1800x320x140mm | Adexa WHRT180 - Adexa \u2013 Suurk\u00f6\u00f6giseadmed restoranidele ja toitlustusele<\/title>\n<meta name=\"robots\" content=\"index, follow, max-snippet:-1, max-image-preview:large, max-video-preview:-1\" \/>\n<link rel=\"canonical\" href=\"https:\/\/adexa.ee\/toode\/toruseline-seinariiul-roostevabast-terasest-1800x320x140mm-adexa-whrt180\/\" \/>\n<meta property=\"og:locale\" content=\"en_US\" \/>\n<meta property=\"og:type\" content=\"article\" \/>\n<meta property=\"og:title\" content=\"Toruseline seinariiul roostevabast terasest 1800x320x140mm | Adexa WHRT180 - Adexa \u2013 Suurk\u00f6\u00f6giseadmed restoranidele ja toitlustusele\" \/>\n<meta property=\"og:description\" content=\"Kui te juhite professionaalset k\u00f6\u00f6ki, teate h\u00e4sti, kui oluline on ruumi t\u00f5hus haldamine. See mugav seinale paigaldatav riiul pakub t\u00f5husat\" \/>\n<meta property=\"og:url\" content=\"https:\/\/adexa.ee\/toode\/toruseline-seinariiul-roostevabast-terasest-1800x320x140mm-adexa-whrt180\/\" \/>\n<meta property=\"og:site_name\" content=\"Adexa \u2013 Suurk\u00f6\u00f6giseadmed restoranidele ja toitlustusele\" \/>\n<meta property=\"article:modified_time\" content=\"2026-03-26T08:05:12+00:00\" \/>\n<meta property=\"og:image\" content=\"https:\/\/adexa.ee\/wp-content\/uploads\/2024\/12\/WHRT-.jpg\" \/>\n\t<meta property=\"og:image:width\" content=\"1200\" \/>\n\t<meta property=\"og:image:height\" content=\"1200\" \/>\n\t<meta property=\"og:image:type\" content=\"image\/jpeg\" \/>\n<meta name=\"twitter:card\" content=\"summary_large_image\" \/>\n<script type=\"application\/ld+json\" class=\"yoast-schema-graph\">{\"@context\":\"https:\\\/\\\/schema.org\",\"@graph\":[{\"@type\":\"WebPage\",\"@id\":\"https:\\\/\\\/adexa.ee\\\/toode\\\/toruseline-seinariiul-roostevabast-terasest-1800x320x140mm-adexa-whrt180\\\/\",\"url\":\"https:\\\/\\\/adexa.ee\\\/toode\\\/toruseline-seinariiul-roostevabast-terasest-1800x320x140mm-adexa-whrt180\\\/\",\"name\":\"Toruseline seinariiul roostevabast terasest 1800x320x140mm | Adexa WHRT180 - Adexa \u2013 Suurk\u00f6\u00f6giseadmed restoranidele ja toitlustusele\",\"isPartOf\":{\"@id\":\"https:\\\/\\\/adexa.ee\\\/#website\"},\"primaryImageOfPage\":{\"@id\":\"https:\\\/\\\/adexa.ee\\\/toode\\\/toruseline-seinariiul-roostevabast-terasest-1800x320x140mm-adexa-whrt180\\\/#primaryimage\"},\"image\":{\"@id\":\"https:\\\/\\\/adexa.ee\\\/toode\\\/toruseline-seinariiul-roostevabast-terasest-1800x320x140mm-adexa-whrt180\\\/#primaryimage\"},\"thumbnailUrl\":\"https:\\\/\\\/adexa.ee\\\/wp-content\\\/uploads\\\/2024\\\/12\\\/WHRT-.jpg\",\"datePublished\":\"2026-03-26T08:05:08+00:00\",\"dateModified\":\"2026-03-26T08:05:12+00:00\",\"breadcrumb\":{\"@id\":\"https:\\\/\\\/adexa.ee\\\/toode\\\/toruseline-seinariiul-roostevabast-terasest-1800x320x140mm-adexa-whrt180\\\/#breadcrumb\"},\"inLanguage\":\"en-US\",\"potentialAction\":[{\"@type\":\"ReadAction\",\"target\":[\"https:\\\/\\\/adexa.ee\\\/toode\\\/toruseline-seinariiul-roostevabast-terasest-1800x320x140mm-adexa-whrt180\\\/\"]}]},{\"@type\":\"ImageObject\",\"inLanguage\":\"en-US\",\"@id\":\"https:\\\/\\\/adexa.ee\\\/toode\\\/toruseline-seinariiul-roostevabast-terasest-1800x320x140mm-adexa-whrt180\\\/#primaryimage\",\"url\":\"https:\\\/\\\/adexa.ee\\\/wp-content\\\/uploads\\\/2024\\\/12\\\/WHRT-.jpg\",\"contentUrl\":\"https:\\\/\\\/adexa.ee\\\/wp-content\\\/uploads\\\/2024\\\/12\\\/WHRT-.jpg\",\"width\":1200,\"height\":1200},{\"@type\":\"BreadcrumbList\",\"@id\":\"https:\\\/\\\/adexa.ee\\\/toode\\\/toruseline-seinariiul-roostevabast-terasest-1800x320x140mm-adexa-whrt180\\\/#breadcrumb\",\"itemListElement\":[{\"@type\":\"ListItem\",\"position\":1,\"name\":\"Home\",\"item\":\"https:\\\/\\\/adexa.ee\\\/\"},{\"@type\":\"ListItem\",\"position\":2,\"name\":\"Tooted\",\"item\":\"https:\\\/\\\/adexa.ee\\\/pood\\\/\"},{\"@type\":\"ListItem\",\"position\":3,\"name\":\"Toruseline seinariiul roostevabast terasest 1800x320x140mm | Adexa WHRT180\"}]},{\"@type\":\"WebSite\",\"@id\":\"https:\\\/\\\/adexa.ee\\\/#website\",\"url\":\"https:\\\/\\\/adexa.ee\\\/\",\"name\":\"Adexa\",\"description\":\"\",\"publisher\":{\"@id\":\"https:\\\/\\\/adexa.ee\\\/#organization\"},\"potentialAction\":[{\"@type\":\"SearchAction\",\"target\":{\"@type\":\"EntryPoint\",\"urlTemplate\":\"https:\\\/\\\/adexa.ee\\\/?s={search_term_string}\"},\"query-input\":{\"@type\":\"PropertyValueSpecification\",\"valueRequired\":true,\"valueName\":\"search_term_string\"}}],\"inLanguage\":\"en-US\"},{\"@type\":\"Organization\",\"@id\":\"https:\\\/\\\/adexa.ee\\\/#organization\",\"name\":\"Adexa\",\"url\":\"https:\\\/\\\/adexa.ee\\\/\",\"logo\":{\"@type\":\"ImageObject\",\"inLanguage\":\"en-US\",\"@id\":\"https:\\\/\\\/adexa.ee\\\/#\\\/schema\\\/logo\\\/image\\\/\",\"url\":\"https:\\\/\\\/adexa.ee\\\/wp-content\\\/uploads\\\/2024\\\/04\\\/chef-cooks-working-in-professional-kitchen-2023-11-27-05-07-39-utc-scaled.jpg\",\"contentUrl\":\"https:\\\/\\\/adexa.ee\\\/wp-content\\\/uploads\\\/2024\\\/04\\\/chef-cooks-working-in-professional-kitchen-2023-11-27-05-07-39-utc-scaled.jpg\",\"width\":2560,\"height\":1708,\"caption\":\"Adexa\"},\"image\":{\"@id\":\"https:\\\/\\\/adexa.ee\\\/#\\\/schema\\\/logo\\\/image\\\/\"}}]}<\/script>\n<!-- \/ Yoast SEO plugin. -->","yoast_head_json":{"title":"Toruseline seinariiul roostevabast terasest 1800x320x140mm | Adexa WHRT180 - Adexa \u2013 Suurk\u00f6\u00f6giseadmed restoranidele ja toitlustusele","robots":{"index":"index","follow":"follow","max-snippet":"max-snippet:-1","max-image-preview":"max-image-preview:large","max-video-preview":"max-video-preview:-1"},"canonical":"https:\/\/adexa.ee\/toode\/toruseline-seinariiul-roostevabast-terasest-1800x320x140mm-adexa-whrt180\/","og_locale":"en_US","og_type":"article","og_title":"Toruseline seinariiul roostevabast terasest 1800x320x140mm | Adexa WHRT180 - Adexa \u2013 Suurk\u00f6\u00f6giseadmed restoranidele ja toitlustusele","og_description":"Kui te juhite professionaalset k\u00f6\u00f6ki, teate h\u00e4sti, kui oluline on ruumi t\u00f5hus haldamine. See mugav seinale paigaldatav riiul pakub t\u00f5husat","og_url":"https:\/\/adexa.ee\/toode\/toruseline-seinariiul-roostevabast-terasest-1800x320x140mm-adexa-whrt180\/","og_site_name":"Adexa \u2013 Suurk\u00f6\u00f6giseadmed restoranidele ja toitlustusele","article_modified_time":"2026-03-26T08:05:12+00:00","og_image":[{"width":1200,"height":1200,"url":"https:\/\/adexa.ee\/wp-content\/uploads\/2024\/12\/WHRT-.jpg","type":"image\/jpeg"}],"twitter_card":"summary_large_image","schema":{"@context":"https:\/\/schema.org","@graph":[{"@type":"WebPage","@id":"https:\/\/adexa.ee\/toode\/toruseline-seinariiul-roostevabast-terasest-1800x320x140mm-adexa-whrt180\/","url":"https:\/\/adexa.ee\/toode\/toruseline-seinariiul-roostevabast-terasest-1800x320x140mm-adexa-whrt180\/","name":"Toruseline seinariiul roostevabast terasest 1800x320x140mm | Adexa WHRT180 - Adexa \u2013 Suurk\u00f6\u00f6giseadmed restoranidele ja toitlustusele","isPartOf":{"@id":"https:\/\/adexa.ee\/#website"},"primaryImageOfPage":{"@id":"https:\/\/adexa.ee\/toode\/toruseline-seinariiul-roostevabast-terasest-1800x320x140mm-adexa-whrt180\/#primaryimage"},"image":{"@id":"https:\/\/adexa.ee\/toode\/toruseline-seinariiul-roostevabast-terasest-1800x320x140mm-adexa-whrt180\/#primaryimage"},"thumbnailUrl":"https:\/\/adexa.ee\/wp-content\/uploads\/2024\/12\/WHRT-.jpg","datePublished":"2026-03-26T08:05:08+00:00","dateModified":"2026-03-26T08:05:12+00:00","breadcrumb":{"@id":"https:\/\/adexa.ee\/toode\/toruseline-seinariiul-roostevabast-terasest-1800x320x140mm-adexa-whrt180\/#breadcrumb"},"inLanguage":"en-US","potentialAction":[{"@type":"ReadAction","target":["https:\/\/adexa.ee\/toode\/toruseline-seinariiul-roostevabast-terasest-1800x320x140mm-adexa-whrt180\/"]}]},{"@type":"ImageObject","inLanguage":"en-US","@id":"https:\/\/adexa.ee\/toode\/toruseline-seinariiul-roostevabast-terasest-1800x320x140mm-adexa-whrt180\/#primaryimage","url":"https:\/\/adexa.ee\/wp-content\/uploads\/2024\/12\/WHRT-.jpg","contentUrl":"https:\/\/adexa.ee\/wp-content\/uploads\/2024\/12\/WHRT-.jpg","width":1200,"height":1200},{"@type":"BreadcrumbList","@id":"https:\/\/adexa.ee\/toode\/toruseline-seinariiul-roostevabast-terasest-1800x320x140mm-adexa-whrt180\/#breadcrumb","itemListElement":[{"@type":"ListItem","position":1,"name":"Home","item":"https:\/\/adexa.ee\/"},{"@type":"ListItem","position":2,"name":"Tooted","item":"https:\/\/adexa.ee\/pood\/"},{"@type":"ListItem","position":3,"name":"Toruseline seinariiul roostevabast terasest 1800x320x140mm | Adexa WHRT180"}]},{"@type":"WebSite","@id":"https:\/\/adexa.ee\/#website","url":"https:\/\/adexa.ee\/","name":"Adexa","description":"","publisher":{"@id":"https:\/\/adexa.ee\/#organization"},"potentialAction":[{"@type":"SearchAction","target":{"@type":"EntryPoint","urlTemplate":"https:\/\/adexa.ee\/?s={search_term_string}"},"query-input":{"@type":"PropertyValueSpecification","valueRequired":true,"valueName":"search_term_string"}}],"inLanguage":"en-US"},{"@type":"Organization","@id":"https:\/\/adexa.ee\/#organization","name":"Adexa","url":"https:\/\/adexa.ee\/","logo":{"@type":"ImageObject","inLanguage":"en-US","@id":"https:\/\/adexa.ee\/#\/schema\/logo\/image\/","url":"https:\/\/adexa.ee\/wp-content\/uploads\/2024\/04\/chef-cooks-working-in-professional-kitchen-2023-11-27-05-07-39-utc-scaled.jpg","contentUrl":"https:\/\/adexa.ee\/wp-content\/uploads\/2024\/04\/chef-cooks-working-in-professional-kitchen-2023-11-27-05-07-39-utc-scaled.jpg","width":2560,"height":1708,"caption":"Adexa"},"image":{"@id":"https:\/\/adexa.ee\/#\/schema\/logo\/image\/"}}]}},"_links":{"self":[{"href":"https:\/\/adexa.ee\/en\/wp-json\/wp\/v2\/product\/13514","targetHints":{"allow":["GET"]}}],"collection":[{"href":"https:\/\/adexa.ee\/en\/wp-json\/wp\/v2\/product"}],"about":[{"href":"https:\/\/adexa.ee\/en\/wp-json\/wp\/v2\/types\/product"}],"wp:featuredmedia":[{"embeddable":true,"href":"https:\/\/adexa.ee\/en\/wp-json\/wp\/v2\/media\/10582"}],"wp:attachment":[{"href":"https:\/\/adexa.ee\/en\/wp-json\/wp\/v2\/media?parent=13514"}],"wp:term":[{"taxonomy":"product_brand","embeddable":true,"href":"https:\/\/adexa.ee\/en\/wp-json\/wp\/v2\/product_brand?post=13514"},{"taxonomy":"product_cat","embeddable":true,"href":"https:\/\/adexa.ee\/en\/wp-json\/wp\/v2\/product_cat?post=13514"},{"taxonomy":"product_tag","embeddable":true,"href":"https:\/\/adexa.ee\/en\/wp-json\/wp\/v2\/product_tag?post=13514"}],"curies":[{"name":"wp","href":"https:\/\/api.w.org\/{rel}","templated":true}]}}