{"id":13545,"date":"2026-03-26T10:05:17","date_gmt":"2026-03-26T08:05:17","guid":{"rendered":"https:\/\/adexa.ee\/toode\/kummis-esikulje-ja-mootmetega-1800x730x1200mm-kaks-riiulit-roostevabast-terasest-alus-led-valgustusega-koogilett-adexa-gn1800cf2\/"},"modified":"2026-03-26T10:05:18","modified_gmt":"2026-03-26T08:05:18","slug":"vitriinkulmik-1800x730x1200mm-kaks-riiulit-roostevabast-terasest-alus-led-valgustusega-koogilett-adexa-gn1800cf2","status":"publish","type":"product","link":"https:\/\/adexa.ee\/en\/toode\/vitriinkulmik-1800x730x1200mm-kaks-riiulit-roostevabast-terasest-alus-led-valgustusega-koogilett-adexa-gn1800cf2\/","title":{"rendered":"Vitriink\u00fclmik 1800x730x1200mm kaks riiulit roostevabast terasest alus LED valgustusega koogilett | Adexa GN1800CF2"},"content":{"rendered":"<p>Kaubanduslik kondiitri v\u00e4ljapaneku kapp, mida saab kasutada pagarileti, professionaalse delikatesside v\u00e4ljapaneku v\u00f5i tavalise k\u00fclmkapina. T\u00e4iuslik koogivitr\u00fc\u00fcn enamikule kohvikutest, delikatessidest, restoranidest, hotellidest v\u00f5i poodidest. Ts\u00fcklopentaanisolatsioon K\u00f5rgekvaliteediline digitaalne termostaat LED valgustus Preemium br\u00e4ndi kompressor Varustatud ratastega Topeltklaas vaakumiga Konvektsioonjahutus K\u00fclmutusagens: R290a (CFC-vaba) Temperatuuri vahemik: +2\u00b0C kuni +8\u00b0C Elektri\u00fchendus: 230 V \/ 1N \/ 50 Hz CE-sertifikaat Valmistatud koosk\u00f5las h\u00fcgieeni- ja ohutusdirektiividega Standardselt paigaldatud Suurbritannia pistik Dokumendid Kl\u00f5psa siia, et alla laadida kasutusjuhend<\/p>\n<table style=\"border-collapse: collapse; width: 100%; text-align: left;\">\n<tbody>\n<tr>\n<td style=\"border: 1px solid #ddd; padding: 8px; width: 45%;\"><strong>S\u00fcgavus<\/strong><\/td>\n<td style=\"border: 1px solid #ddd; padding: 8px;\">730 mm<\/td>\n<\/tr>\n<tr>\n<td style=\"border: 1px solid #ddd; padding: 8px; width: 45%;\"><strong>K\u00f5rgus<\/strong><\/td>\n<td style=\"border: 1px solid #ddd; padding: 8px;\">1200 mm<\/td>\n<\/tr>\n<tr>\n<td style=\"border: 1px solid #ddd; padding: 8px; width: 45%;\"><strong>Laius<\/strong><\/td>\n<td style=\"border: 1px solid #ddd; padding: 8px;\">1800 mm<\/td>\n<\/tr>\n<tr>\n<td style=\"border: 1px solid #ddd; padding: 8px; width: 45%;\"><strong>Kaal<\/strong><\/td>\n<td style=\"border: 1px solid #ddd; padding: 8px;\">205 kg<\/td>\n<\/tr>\n<tr>\n<td style=\"border: 1px solid #ddd; padding: 8px; width: 45%;\"><strong>Garantii<\/strong><\/td>\n<td style=\"border: 1px solid #ddd; padding: 8px;\">12 kuu varuosade garantii<\/td>\n<\/tr>\n<tr>\n<td style=\"border: 1px solid #ddd; padding: 8px; width: 45%;\"><strong>Toiteallikas<\/strong><\/td>\n<td style=\"border: 1px solid #ddd; padding: 8px;\">230V \/ 1 faas<\/td>\n<\/tr>\n<tr>\n<td style=\"border: 1px solid #ddd; padding: 8px; width: 45%;\"><strong>Rullikud<\/strong><\/td>\n<td style=\"border: 1px solid #ddd; padding: 8px;\">Jah<\/td>\n<\/tr>\n<tr>\n<td style=\"border: 1px solid #ddd; padding: 8px; width: 45%;\"><strong>Materjal<\/strong><\/td>\n<td style=\"border: 1px solid #ddd; padding: 8px;\">Roostevaba teras &#038; karastatud klaas<\/td>\n<\/tr>\n<tr>\n<td style=\"border: 1px solid #ddd; padding: 8px; width: 45%;\"><strong>V\u00e4rv<\/strong><\/td>\n<td style=\"border: 1px solid #ddd; padding: 8px;\">Roostevaba teras &amp; Must<\/td>\n<\/tr>\n<tr>\n<td style=\"border: 1px solid #ddd; padding: 8px; width: 45%;\"><strong>Sulatamine<\/strong><\/td>\n<td style=\"border: 1px solid #ddd; padding: 8px;\">Automaatne<\/td>\n<\/tr>\n<tr>\n<td style=\"border: 1px solid #ddd; padding: 8px; width: 45%;\"><strong>Temperatuur<\/strong><\/td>\n<td style=\"border: 1px solid #ddd; padding: 8px;\">+2 \u00b0C kuni +8 \u00b0C<\/td>\n<\/tr>\n<tr>\n<td style=\"border: 1px solid #ddd; padding: 8px; width: 45%;\"><strong>Siseisolatsioon<\/strong><\/td>\n<td style=\"border: 1px solid #ddd; padding: 8px;\">Ts\u00fcklopentaan 60mm<\/td>\n<\/tr>\n<tr>\n<td style=\"border: 1px solid #ddd; padding: 8px; width: 45%;\"><strong>Maht<\/strong><\/td>\n<td style=\"border: 1px solid #ddd; padding: 8px;\">790 liitrit<\/td>\n<\/tr>\n<\/tbody>\n<\/table>\n","protected":false},"excerpt":{"rendered":"<p>Kaubanduslik kondiitri v\u00e4ljapaneku kapp, mida saab kasutada pagarileti, professionaalse delikatesside v\u00e4ljapaneku v\u00f5i tavalise k\u00fclmkapina. T\u00e4iuslik koogivitr\u00fc\u00fcn enamikule kohvikutest, delikatessidest, restoranidest,<\/p>\n","protected":false},"featured_media":13547,"template":"","meta":[],"product_brand":[],"product_cat":[564,578,569],"product_tag":[],"class_list":{"0":"post-13545","1":"product","2":"type-product","3":"status-publish","4":"has-post-thumbnail","6":"product_cat-jahutusseadmed","7":"product_cat-kookide-ja-kondiitritoodete-vitriinid","8":"product_cat-lopumuuk","10":"first","11":"instock","12":"sale","13":"taxable","14":"shipping-taxable","15":"purchasable","16":"product-type-simple"},"yoast_head":"<!-- This site is optimized with the Yoast SEO plugin v27.3 - https:\/\/yoast.com\/product\/yoast-seo-wordpress\/ -->\n<title>Vitriink\u00fclmik 1800x730x1200mm kaks riiulit roostevabast terasest alus LED valgustusega koogilett | Adexa GN1800CF2 - Adexa \u2013 Suurk\u00f6\u00f6giseadmed restoranidele ja toitlustusele<\/title>\n<meta name=\"robots\" content=\"index, follow, max-snippet:-1, max-image-preview:large, max-video-preview:-1\" \/>\n<link rel=\"canonical\" href=\"https:\/\/adexa.ee\/toode\/vitriinkulmik-1800x730x1200mm-kaks-riiulit-roostevabast-terasest-alus-led-valgustusega-koogilett-adexa-gn1800cf2\/\" \/>\n<meta property=\"og:locale\" content=\"en_US\" \/>\n<meta property=\"og:type\" content=\"article\" \/>\n<meta property=\"og:title\" content=\"Vitriink\u00fclmik 1800x730x1200mm kaks riiulit roostevabast terasest alus LED valgustusega koogilett | Adexa GN1800CF2 - Adexa \u2013 Suurk\u00f6\u00f6giseadmed restoranidele ja toitlustusele\" \/>\n<meta property=\"og:description\" content=\"Kaubanduslik kondiitri v\u00e4ljapaneku kapp, mida saab kasutada pagarileti, professionaalse delikatesside v\u00e4ljapaneku v\u00f5i tavalise k\u00fclmkapina. T\u00e4iuslik koogivitr\u00fc\u00fcn enamikule kohvikutest, delikatessidest, restoranidest,\" \/>\n<meta property=\"og:url\" content=\"https:\/\/adexa.ee\/toode\/vitriinkulmik-1800x730x1200mm-kaks-riiulit-roostevabast-terasest-alus-led-valgustusega-koogilett-adexa-gn1800cf2\/\" \/>\n<meta property=\"og:site_name\" content=\"Adexa \u2013 Suurk\u00f6\u00f6giseadmed restoranidele ja toitlustusele\" \/>\n<meta property=\"article:modified_time\" content=\"2026-03-26T08:05:18+00:00\" \/>\n<meta property=\"og:image\" content=\"https:\/\/adexa.ee\/wp-content\/uploads\/2024\/12\/GNCF2-1.jpg\" \/>\n\t<meta property=\"og:image:width\" content=\"2000\" \/>\n\t<meta property=\"og:image:height\" content=\"2000\" \/>\n\t<meta property=\"og:image:type\" content=\"image\/jpeg\" \/>\n<meta name=\"twitter:card\" content=\"summary_large_image\" \/>\n<meta name=\"twitter:label1\" content=\"Est. reading time\" \/>\n\t<meta name=\"twitter:data1\" content=\"1 minute\" \/>\n<script type=\"application\/ld+json\" class=\"yoast-schema-graph\">{\"@context\":\"https:\\\/\\\/schema.org\",\"@graph\":[{\"@type\":\"WebPage\",\"@id\":\"https:\\\/\\\/adexa.ee\\\/toode\\\/vitriinkulmik-1800x730x1200mm-kaks-riiulit-roostevabast-terasest-alus-led-valgustusega-koogilett-adexa-gn1800cf2\\\/\",\"url\":\"https:\\\/\\\/adexa.ee\\\/toode\\\/vitriinkulmik-1800x730x1200mm-kaks-riiulit-roostevabast-terasest-alus-led-valgustusega-koogilett-adexa-gn1800cf2\\\/\",\"name\":\"Vitriink\u00fclmik 1800x730x1200mm kaks riiulit roostevabast terasest alus LED valgustusega koogilett | Adexa GN1800CF2 - Adexa \u2013 Suurk\u00f6\u00f6giseadmed restoranidele ja toitlustusele\",\"isPartOf\":{\"@id\":\"https:\\\/\\\/adexa.ee\\\/#website\"},\"primaryImageOfPage\":{\"@id\":\"https:\\\/\\\/adexa.ee\\\/toode\\\/vitriinkulmik-1800x730x1200mm-kaks-riiulit-roostevabast-terasest-alus-led-valgustusega-koogilett-adexa-gn1800cf2\\\/#primaryimage\"},\"image\":{\"@id\":\"https:\\\/\\\/adexa.ee\\\/toode\\\/vitriinkulmik-1800x730x1200mm-kaks-riiulit-roostevabast-terasest-alus-led-valgustusega-koogilett-adexa-gn1800cf2\\\/#primaryimage\"},\"thumbnailUrl\":\"https:\\\/\\\/adexa.ee\\\/wp-content\\\/uploads\\\/2024\\\/12\\\/GNCF2-1.jpg\",\"datePublished\":\"2026-03-26T08:05:17+00:00\",\"dateModified\":\"2026-03-26T08:05:18+00:00\",\"breadcrumb\":{\"@id\":\"https:\\\/\\\/adexa.ee\\\/toode\\\/vitriinkulmik-1800x730x1200mm-kaks-riiulit-roostevabast-terasest-alus-led-valgustusega-koogilett-adexa-gn1800cf2\\\/#breadcrumb\"},\"inLanguage\":\"en-US\",\"potentialAction\":[{\"@type\":\"ReadAction\",\"target\":[\"https:\\\/\\\/adexa.ee\\\/toode\\\/vitriinkulmik-1800x730x1200mm-kaks-riiulit-roostevabast-terasest-alus-led-valgustusega-koogilett-adexa-gn1800cf2\\\/\"]}]},{\"@type\":\"ImageObject\",\"inLanguage\":\"en-US\",\"@id\":\"https:\\\/\\\/adexa.ee\\\/toode\\\/vitriinkulmik-1800x730x1200mm-kaks-riiulit-roostevabast-terasest-alus-led-valgustusega-koogilett-adexa-gn1800cf2\\\/#primaryimage\",\"url\":\"https:\\\/\\\/adexa.ee\\\/wp-content\\\/uploads\\\/2024\\\/12\\\/GNCF2-1.jpg\",\"contentUrl\":\"https:\\\/\\\/adexa.ee\\\/wp-content\\\/uploads\\\/2024\\\/12\\\/GNCF2-1.jpg\",\"width\":2000,\"height\":2000},{\"@type\":\"BreadcrumbList\",\"@id\":\"https:\\\/\\\/adexa.ee\\\/toode\\\/vitriinkulmik-1800x730x1200mm-kaks-riiulit-roostevabast-terasest-alus-led-valgustusega-koogilett-adexa-gn1800cf2\\\/#breadcrumb\",\"itemListElement\":[{\"@type\":\"ListItem\",\"position\":1,\"name\":\"Home\",\"item\":\"https:\\\/\\\/adexa.ee\\\/\"},{\"@type\":\"ListItem\",\"position\":2,\"name\":\"Tooted\",\"item\":\"https:\\\/\\\/adexa.ee\\\/pood\\\/\"},{\"@type\":\"ListItem\",\"position\":3,\"name\":\"Vitriink\u00fclmik 1800x730x1200mm kaks riiulit roostevabast terasest alus LED valgustusega koogilett | Adexa GN1800CF2\"}]},{\"@type\":\"WebSite\",\"@id\":\"https:\\\/\\\/adexa.ee\\\/#website\",\"url\":\"https:\\\/\\\/adexa.ee\\\/\",\"name\":\"Adexa\",\"description\":\"\",\"publisher\":{\"@id\":\"https:\\\/\\\/adexa.ee\\\/#organization\"},\"potentialAction\":[{\"@type\":\"SearchAction\",\"target\":{\"@type\":\"EntryPoint\",\"urlTemplate\":\"https:\\\/\\\/adexa.ee\\\/?s={search_term_string}\"},\"query-input\":{\"@type\":\"PropertyValueSpecification\",\"valueRequired\":true,\"valueName\":\"search_term_string\"}}],\"inLanguage\":\"en-US\"},{\"@type\":\"Organization\",\"@id\":\"https:\\\/\\\/adexa.ee\\\/#organization\",\"name\":\"Adexa\",\"url\":\"https:\\\/\\\/adexa.ee\\\/\",\"logo\":{\"@type\":\"ImageObject\",\"inLanguage\":\"en-US\",\"@id\":\"https:\\\/\\\/adexa.ee\\\/#\\\/schema\\\/logo\\\/image\\\/\",\"url\":\"https:\\\/\\\/adexa.ee\\\/wp-content\\\/uploads\\\/2024\\\/04\\\/chef-cooks-working-in-professional-kitchen-2023-11-27-05-07-39-utc-scaled.jpg\",\"contentUrl\":\"https:\\\/\\\/adexa.ee\\\/wp-content\\\/uploads\\\/2024\\\/04\\\/chef-cooks-working-in-professional-kitchen-2023-11-27-05-07-39-utc-scaled.jpg\",\"width\":2560,\"height\":1708,\"caption\":\"Adexa\"},\"image\":{\"@id\":\"https:\\\/\\\/adexa.ee\\\/#\\\/schema\\\/logo\\\/image\\\/\"}}]}<\/script>\n<!-- \/ Yoast SEO plugin. -->","yoast_head_json":{"title":"Vitriink\u00fclmik 1800x730x1200mm kaks riiulit roostevabast terasest alus LED valgustusega koogilett | Adexa GN1800CF2 - Adexa \u2013 Suurk\u00f6\u00f6giseadmed restoranidele ja toitlustusele","robots":{"index":"index","follow":"follow","max-snippet":"max-snippet:-1","max-image-preview":"max-image-preview:large","max-video-preview":"max-video-preview:-1"},"canonical":"https:\/\/adexa.ee\/toode\/vitriinkulmik-1800x730x1200mm-kaks-riiulit-roostevabast-terasest-alus-led-valgustusega-koogilett-adexa-gn1800cf2\/","og_locale":"en_US","og_type":"article","og_title":"Vitriink\u00fclmik 1800x730x1200mm kaks riiulit roostevabast terasest alus LED valgustusega koogilett | Adexa GN1800CF2 - Adexa \u2013 Suurk\u00f6\u00f6giseadmed restoranidele ja toitlustusele","og_description":"Kaubanduslik kondiitri v\u00e4ljapaneku kapp, mida saab kasutada pagarileti, professionaalse delikatesside v\u00e4ljapaneku v\u00f5i tavalise k\u00fclmkapina. T\u00e4iuslik koogivitr\u00fc\u00fcn enamikule kohvikutest, delikatessidest, restoranidest,","og_url":"https:\/\/adexa.ee\/toode\/vitriinkulmik-1800x730x1200mm-kaks-riiulit-roostevabast-terasest-alus-led-valgustusega-koogilett-adexa-gn1800cf2\/","og_site_name":"Adexa \u2013 Suurk\u00f6\u00f6giseadmed restoranidele ja toitlustusele","article_modified_time":"2026-03-26T08:05:18+00:00","og_image":[{"width":2000,"height":2000,"url":"https:\/\/adexa.ee\/wp-content\/uploads\/2024\/12\/GNCF2-1.jpg","type":"image\/jpeg"}],"twitter_card":"summary_large_image","twitter_misc":{"Est. reading time":"1 minute"},"schema":{"@context":"https:\/\/schema.org","@graph":[{"@type":"WebPage","@id":"https:\/\/adexa.ee\/toode\/vitriinkulmik-1800x730x1200mm-kaks-riiulit-roostevabast-terasest-alus-led-valgustusega-koogilett-adexa-gn1800cf2\/","url":"https:\/\/adexa.ee\/toode\/vitriinkulmik-1800x730x1200mm-kaks-riiulit-roostevabast-terasest-alus-led-valgustusega-koogilett-adexa-gn1800cf2\/","name":"Vitriink\u00fclmik 1800x730x1200mm kaks riiulit roostevabast terasest alus LED valgustusega koogilett | Adexa GN1800CF2 - Adexa \u2013 Suurk\u00f6\u00f6giseadmed restoranidele ja toitlustusele","isPartOf":{"@id":"https:\/\/adexa.ee\/#website"},"primaryImageOfPage":{"@id":"https:\/\/adexa.ee\/toode\/vitriinkulmik-1800x730x1200mm-kaks-riiulit-roostevabast-terasest-alus-led-valgustusega-koogilett-adexa-gn1800cf2\/#primaryimage"},"image":{"@id":"https:\/\/adexa.ee\/toode\/vitriinkulmik-1800x730x1200mm-kaks-riiulit-roostevabast-terasest-alus-led-valgustusega-koogilett-adexa-gn1800cf2\/#primaryimage"},"thumbnailUrl":"https:\/\/adexa.ee\/wp-content\/uploads\/2024\/12\/GNCF2-1.jpg","datePublished":"2026-03-26T08:05:17+00:00","dateModified":"2026-03-26T08:05:18+00:00","breadcrumb":{"@id":"https:\/\/adexa.ee\/toode\/vitriinkulmik-1800x730x1200mm-kaks-riiulit-roostevabast-terasest-alus-led-valgustusega-koogilett-adexa-gn1800cf2\/#breadcrumb"},"inLanguage":"en-US","potentialAction":[{"@type":"ReadAction","target":["https:\/\/adexa.ee\/toode\/vitriinkulmik-1800x730x1200mm-kaks-riiulit-roostevabast-terasest-alus-led-valgustusega-koogilett-adexa-gn1800cf2\/"]}]},{"@type":"ImageObject","inLanguage":"en-US","@id":"https:\/\/adexa.ee\/toode\/vitriinkulmik-1800x730x1200mm-kaks-riiulit-roostevabast-terasest-alus-led-valgustusega-koogilett-adexa-gn1800cf2\/#primaryimage","url":"https:\/\/adexa.ee\/wp-content\/uploads\/2024\/12\/GNCF2-1.jpg","contentUrl":"https:\/\/adexa.ee\/wp-content\/uploads\/2024\/12\/GNCF2-1.jpg","width":2000,"height":2000},{"@type":"BreadcrumbList","@id":"https:\/\/adexa.ee\/toode\/vitriinkulmik-1800x730x1200mm-kaks-riiulit-roostevabast-terasest-alus-led-valgustusega-koogilett-adexa-gn1800cf2\/#breadcrumb","itemListElement":[{"@type":"ListItem","position":1,"name":"Home","item":"https:\/\/adexa.ee\/"},{"@type":"ListItem","position":2,"name":"Tooted","item":"https:\/\/adexa.ee\/pood\/"},{"@type":"ListItem","position":3,"name":"Vitriink\u00fclmik 1800x730x1200mm kaks riiulit roostevabast terasest alus LED valgustusega koogilett | Adexa GN1800CF2"}]},{"@type":"WebSite","@id":"https:\/\/adexa.ee\/#website","url":"https:\/\/adexa.ee\/","name":"Adexa","description":"","publisher":{"@id":"https:\/\/adexa.ee\/#organization"},"potentialAction":[{"@type":"SearchAction","target":{"@type":"EntryPoint","urlTemplate":"https:\/\/adexa.ee\/?s={search_term_string}"},"query-input":{"@type":"PropertyValueSpecification","valueRequired":true,"valueName":"search_term_string"}}],"inLanguage":"en-US"},{"@type":"Organization","@id":"https:\/\/adexa.ee\/#organization","name":"Adexa","url":"https:\/\/adexa.ee\/","logo":{"@type":"ImageObject","inLanguage":"en-US","@id":"https:\/\/adexa.ee\/#\/schema\/logo\/image\/","url":"https:\/\/adexa.ee\/wp-content\/uploads\/2024\/04\/chef-cooks-working-in-professional-kitchen-2023-11-27-05-07-39-utc-scaled.jpg","contentUrl":"https:\/\/adexa.ee\/wp-content\/uploads\/2024\/04\/chef-cooks-working-in-professional-kitchen-2023-11-27-05-07-39-utc-scaled.jpg","width":2560,"height":1708,"caption":"Adexa"},"image":{"@id":"https:\/\/adexa.ee\/#\/schema\/logo\/image\/"}}]}},"_links":{"self":[{"href":"https:\/\/adexa.ee\/en\/wp-json\/wp\/v2\/product\/13545","targetHints":{"allow":["GET"]}}],"collection":[{"href":"https:\/\/adexa.ee\/en\/wp-json\/wp\/v2\/product"}],"about":[{"href":"https:\/\/adexa.ee\/en\/wp-json\/wp\/v2\/types\/product"}],"wp:featuredmedia":[{"embeddable":true,"href":"https:\/\/adexa.ee\/en\/wp-json\/wp\/v2\/media\/13547"}],"wp:attachment":[{"href":"https:\/\/adexa.ee\/en\/wp-json\/wp\/v2\/media?parent=13545"}],"wp:term":[{"taxonomy":"product_brand","embeddable":true,"href":"https:\/\/adexa.ee\/en\/wp-json\/wp\/v2\/product_brand?post=13545"},{"taxonomy":"product_cat","embeddable":true,"href":"https:\/\/adexa.ee\/en\/wp-json\/wp\/v2\/product_cat?post=13545"},{"taxonomy":"product_tag","embeddable":true,"href":"https:\/\/adexa.ee\/en\/wp-json\/wp\/v2\/product_tag?post=13545"}],"curies":[{"name":"wp","href":"https:\/\/api.w.org\/{rel}","templated":true}]}}