{"id":13592,"date":"2026-03-26T10:05:17","date_gmt":"2026-03-26T08:05:17","guid":{"rendered":"https:\/\/adexa.ee\/toode\/elektriline-soojendusnou-gn2-3-klaaskaanega-roostevaba-teras-55-liitrit-adexa-ad3202\/"},"modified":"2026-03-26T10:05:23","modified_gmt":"2026-03-26T08:05:23","slug":"elektriline-marmiit-gn2-3-klaaskaanega-roostevaba-teras-55-liitrit-adexa-ad3202","status":"publish","type":"product","link":"https:\/\/adexa.ee\/en\/toode\/elektriline-marmiit-gn2-3-klaaskaanega-roostevaba-teras-55-liitrit-adexa-ad3202\/","title":{"rendered":"Elektriline Marmiit GN2\/3 Klaaskaanega Roostevaba teras 5,5 liitrit | Adexa AD3202"},"content":{"rendered":"<p>Atraktiivne toidu esitlemise meetod, ideaalne kasutamiseks buffet&#8217;idel, sisaldab kvaliteetset roostevabast terasest konstruktsiooni kaanega, millel on klaasiosa, mis v\u00f5imaldab n\u00e4ha toitu, kui see on kaetud. See 5,5-liitrine kaubanduslik soojendusn\u00f5u on turvalisem kasutada kui traditsioonilised catering soojendusn\u00f5ud, kuna puuduvad lahtised leegid. H\u00fcdrauliline kaane avamis- ja sulgemiss\u00fcsteem pakub samuti paremat turvalisust ja lihtsamat kasutust. See catering soojendusn\u00f5u t\u00f6\u00f6tab sisemise elektrilise soojendusplaadi abil. Eemaldatav alus on komplektis. Dokumendid Kl\u00f5psake siin, et laadida alla kasutusjuhend. \u00dcksikasjalikku teavet leiate jaotisest &#8216;Spetsifikatsioon&#8217;.<\/p>\n<table style=\"border-collapse: collapse; width: 100%; text-align: left;\">\n<tbody>\n<tr>\n<td style=\"border: 1px solid #ddd; padding: 8px; width: 45%;\"><strong>S\u00fcgavus<\/strong><\/td>\n<td style=\"border: 1px solid #ddd; padding: 8px;\">420 mm<\/td>\n<\/tr>\n<tr>\n<td style=\"border: 1px solid #ddd; padding: 8px; width: 45%;\"><strong>K\u00f5rgus<\/strong><\/td>\n<td style=\"border: 1px solid #ddd; padding: 8px;\">255 mm<\/td>\n<\/tr>\n<tr>\n<td style=\"border: 1px solid #ddd; padding: 8px; width: 45%;\"><strong>Laius<\/strong><\/td>\n<td style=\"border: 1px solid #ddd; padding: 8px;\">450 mm<\/td>\n<\/tr>\n<tr>\n<td style=\"border: 1px solid #ddd; padding: 8px; width: 45%;\"><strong>Kaal<\/strong><\/td>\n<td style=\"border: 1px solid #ddd; padding: 8px;\">7 kg<\/td>\n<\/tr>\n<tr>\n<td style=\"border: 1px solid #ddd; padding: 8px; width: 45%;\"><strong>Garantii<\/strong><\/td>\n<td style=\"border: 1px solid #ddd; padding: 8px;\">12 kuu varuosade garantii<\/td>\n<\/tr>\n<tr>\n<td style=\"border: 1px solid #ddd; padding: 8px; width: 45%;\"><strong>Toiteallikas<\/strong><\/td>\n<td style=\"border: 1px solid #ddd; padding: 8px;\">230V \/ 1 faas<\/td>\n<\/tr>\n<tr>\n<td style=\"border: 1px solid #ddd; padding: 8px; width: 45%;\"><strong>Plaadi\/V\u00f5re suurus<\/strong><\/td>\n<td style=\"border: 1px solid #ddd; padding: 8px;\">GN2\/3<\/td>\n<\/tr>\n<tr>\n<td style=\"border: 1px solid #ddd; padding: 8px; width: 45%;\"><strong>Materjal<\/strong><\/td>\n<td style=\"border: 1px solid #ddd; padding: 8px;\">Roostevaba teras<\/td>\n<\/tr>\n<\/tbody>\n<\/table>\n","protected":false},"excerpt":{"rendered":"<p>Atraktiivne toidu esitlemise meetod, ideaalne kasutamiseks buffet&#8217;idel, sisaldab kvaliteetset roostevabast terasest konstruktsiooni kaanega, millel on klaasiosa, mis v\u00f5imaldab n\u00e4ha toitu,<\/p>\n","protected":false},"featured_media":13594,"template":"","meta":[],"product_brand":[],"product_cat":[557,569,639,640,586,558],"product_tag":[],"class_list":{"0":"post-13592","1":"product","2":"type-product","3":"status-publish","4":"has-post-thumbnail","6":"product_cat-kupsetusseadmed","7":"product_cat-lopumuuk","8":"product_cat-chafing-kaaned","9":"product_cat-chafing-kaaned-toidu-soojendamine","10":"product_cat-serveerimine","11":"product_cat-toidu-soojendamine","13":"first","14":"instock","15":"sale","16":"taxable","17":"shipping-taxable","18":"purchasable","19":"product-type-simple"},"yoast_head":"<!-- This site is optimized with the Yoast SEO plugin v27.3 - https:\/\/yoast.com\/product\/yoast-seo-wordpress\/ -->\n<title>Elektriline Marmiit GN2\/3 Klaaskaanega Roostevaba teras 5,5 liitrit | Adexa AD3202 - Adexa \u2013 Suurk\u00f6\u00f6giseadmed restoranidele ja toitlustusele<\/title>\n<meta name=\"robots\" content=\"index, follow, max-snippet:-1, max-image-preview:large, max-video-preview:-1\" \/>\n<link rel=\"canonical\" href=\"https:\/\/adexa.ee\/toode\/elektriline-marmiit-gn2-3-klaaskaanega-roostevaba-teras-55-liitrit-adexa-ad3202\/\" \/>\n<meta property=\"og:locale\" content=\"en_US\" \/>\n<meta property=\"og:type\" content=\"article\" \/>\n<meta property=\"og:title\" content=\"Elektriline Marmiit GN2\/3 Klaaskaanega Roostevaba teras 5,5 liitrit | Adexa AD3202 - Adexa \u2013 Suurk\u00f6\u00f6giseadmed restoranidele ja toitlustusele\" \/>\n<meta property=\"og:description\" content=\"Atraktiivne toidu esitlemise meetod, ideaalne kasutamiseks buffet&#8217;idel, sisaldab kvaliteetset roostevabast terasest konstruktsiooni kaanega, millel on klaasiosa, mis v\u00f5imaldab n\u00e4ha toitu,\" \/>\n<meta property=\"og:url\" content=\"https:\/\/adexa.ee\/toode\/elektriline-marmiit-gn2-3-klaaskaanega-roostevaba-teras-55-liitrit-adexa-ad3202\/\" \/>\n<meta property=\"og:site_name\" content=\"Adexa \u2013 Suurk\u00f6\u00f6giseadmed restoranidele ja toitlustusele\" \/>\n<meta property=\"article:modified_time\" content=\"2026-03-26T08:05:23+00:00\" \/>\n<meta property=\"og:image\" content=\"https:\/\/adexa.ee\/wp-content\/uploads\/2024\/12\/AD3202.jpg\" \/>\n\t<meta property=\"og:image:width\" content=\"700\" \/>\n\t<meta property=\"og:image:height\" content=\"700\" \/>\n\t<meta property=\"og:image:type\" content=\"image\/jpeg\" \/>\n<meta name=\"twitter:card\" content=\"summary_large_image\" \/>\n<meta name=\"twitter:label1\" content=\"Est. reading time\" \/>\n\t<meta name=\"twitter:data1\" content=\"1 minute\" \/>\n<script type=\"application\/ld+json\" class=\"yoast-schema-graph\">{\"@context\":\"https:\\\/\\\/schema.org\",\"@graph\":[{\"@type\":\"WebPage\",\"@id\":\"https:\\\/\\\/adexa.ee\\\/toode\\\/elektriline-marmiit-gn2-3-klaaskaanega-roostevaba-teras-55-liitrit-adexa-ad3202\\\/\",\"url\":\"https:\\\/\\\/adexa.ee\\\/toode\\\/elektriline-marmiit-gn2-3-klaaskaanega-roostevaba-teras-55-liitrit-adexa-ad3202\\\/\",\"name\":\"Elektriline Marmiit GN2\\\/3 Klaaskaanega Roostevaba teras 5,5 liitrit | Adexa AD3202 - Adexa \u2013 Suurk\u00f6\u00f6giseadmed restoranidele ja toitlustusele\",\"isPartOf\":{\"@id\":\"https:\\\/\\\/adexa.ee\\\/#website\"},\"primaryImageOfPage\":{\"@id\":\"https:\\\/\\\/adexa.ee\\\/toode\\\/elektriline-marmiit-gn2-3-klaaskaanega-roostevaba-teras-55-liitrit-adexa-ad3202\\\/#primaryimage\"},\"image\":{\"@id\":\"https:\\\/\\\/adexa.ee\\\/toode\\\/elektriline-marmiit-gn2-3-klaaskaanega-roostevaba-teras-55-liitrit-adexa-ad3202\\\/#primaryimage\"},\"thumbnailUrl\":\"https:\\\/\\\/adexa.ee\\\/wp-content\\\/uploads\\\/2024\\\/12\\\/AD3202.jpg\",\"datePublished\":\"2026-03-26T08:05:17+00:00\",\"dateModified\":\"2026-03-26T08:05:23+00:00\",\"breadcrumb\":{\"@id\":\"https:\\\/\\\/adexa.ee\\\/toode\\\/elektriline-marmiit-gn2-3-klaaskaanega-roostevaba-teras-55-liitrit-adexa-ad3202\\\/#breadcrumb\"},\"inLanguage\":\"en-US\",\"potentialAction\":[{\"@type\":\"ReadAction\",\"target\":[\"https:\\\/\\\/adexa.ee\\\/toode\\\/elektriline-marmiit-gn2-3-klaaskaanega-roostevaba-teras-55-liitrit-adexa-ad3202\\\/\"]}]},{\"@type\":\"ImageObject\",\"inLanguage\":\"en-US\",\"@id\":\"https:\\\/\\\/adexa.ee\\\/toode\\\/elektriline-marmiit-gn2-3-klaaskaanega-roostevaba-teras-55-liitrit-adexa-ad3202\\\/#primaryimage\",\"url\":\"https:\\\/\\\/adexa.ee\\\/wp-content\\\/uploads\\\/2024\\\/12\\\/AD3202.jpg\",\"contentUrl\":\"https:\\\/\\\/adexa.ee\\\/wp-content\\\/uploads\\\/2024\\\/12\\\/AD3202.jpg\",\"width\":700,\"height\":700},{\"@type\":\"BreadcrumbList\",\"@id\":\"https:\\\/\\\/adexa.ee\\\/toode\\\/elektriline-marmiit-gn2-3-klaaskaanega-roostevaba-teras-55-liitrit-adexa-ad3202\\\/#breadcrumb\",\"itemListElement\":[{\"@type\":\"ListItem\",\"position\":1,\"name\":\"Home\",\"item\":\"https:\\\/\\\/adexa.ee\\\/\"},{\"@type\":\"ListItem\",\"position\":2,\"name\":\"Tooted\",\"item\":\"https:\\\/\\\/adexa.ee\\\/pood\\\/\"},{\"@type\":\"ListItem\",\"position\":3,\"name\":\"Elektriline Marmiit GN2\\\/3 Klaaskaanega Roostevaba teras 5,5 liitrit | Adexa AD3202\"}]},{\"@type\":\"WebSite\",\"@id\":\"https:\\\/\\\/adexa.ee\\\/#website\",\"url\":\"https:\\\/\\\/adexa.ee\\\/\",\"name\":\"Adexa\",\"description\":\"\",\"publisher\":{\"@id\":\"https:\\\/\\\/adexa.ee\\\/#organization\"},\"potentialAction\":[{\"@type\":\"SearchAction\",\"target\":{\"@type\":\"EntryPoint\",\"urlTemplate\":\"https:\\\/\\\/adexa.ee\\\/?s={search_term_string}\"},\"query-input\":{\"@type\":\"PropertyValueSpecification\",\"valueRequired\":true,\"valueName\":\"search_term_string\"}}],\"inLanguage\":\"en-US\"},{\"@type\":\"Organization\",\"@id\":\"https:\\\/\\\/adexa.ee\\\/#organization\",\"name\":\"Adexa\",\"url\":\"https:\\\/\\\/adexa.ee\\\/\",\"logo\":{\"@type\":\"ImageObject\",\"inLanguage\":\"en-US\",\"@id\":\"https:\\\/\\\/adexa.ee\\\/#\\\/schema\\\/logo\\\/image\\\/\",\"url\":\"https:\\\/\\\/adexa.ee\\\/wp-content\\\/uploads\\\/2024\\\/04\\\/chef-cooks-working-in-professional-kitchen-2023-11-27-05-07-39-utc-scaled.jpg\",\"contentUrl\":\"https:\\\/\\\/adexa.ee\\\/wp-content\\\/uploads\\\/2024\\\/04\\\/chef-cooks-working-in-professional-kitchen-2023-11-27-05-07-39-utc-scaled.jpg\",\"width\":2560,\"height\":1708,\"caption\":\"Adexa\"},\"image\":{\"@id\":\"https:\\\/\\\/adexa.ee\\\/#\\\/schema\\\/logo\\\/image\\\/\"}}]}<\/script>\n<!-- \/ Yoast SEO plugin. -->","yoast_head_json":{"title":"Elektriline Marmiit GN2\/3 Klaaskaanega Roostevaba teras 5,5 liitrit | Adexa AD3202 - Adexa \u2013 Suurk\u00f6\u00f6giseadmed restoranidele ja toitlustusele","robots":{"index":"index","follow":"follow","max-snippet":"max-snippet:-1","max-image-preview":"max-image-preview:large","max-video-preview":"max-video-preview:-1"},"canonical":"https:\/\/adexa.ee\/toode\/elektriline-marmiit-gn2-3-klaaskaanega-roostevaba-teras-55-liitrit-adexa-ad3202\/","og_locale":"en_US","og_type":"article","og_title":"Elektriline Marmiit GN2\/3 Klaaskaanega Roostevaba teras 5,5 liitrit | Adexa AD3202 - Adexa \u2013 Suurk\u00f6\u00f6giseadmed restoranidele ja toitlustusele","og_description":"Atraktiivne toidu esitlemise meetod, ideaalne kasutamiseks buffet&#8217;idel, sisaldab kvaliteetset roostevabast terasest konstruktsiooni kaanega, millel on klaasiosa, mis v\u00f5imaldab n\u00e4ha toitu,","og_url":"https:\/\/adexa.ee\/toode\/elektriline-marmiit-gn2-3-klaaskaanega-roostevaba-teras-55-liitrit-adexa-ad3202\/","og_site_name":"Adexa \u2013 Suurk\u00f6\u00f6giseadmed restoranidele ja toitlustusele","article_modified_time":"2026-03-26T08:05:23+00:00","og_image":[{"width":700,"height":700,"url":"https:\/\/adexa.ee\/wp-content\/uploads\/2024\/12\/AD3202.jpg","type":"image\/jpeg"}],"twitter_card":"summary_large_image","twitter_misc":{"Est. reading time":"1 minute"},"schema":{"@context":"https:\/\/schema.org","@graph":[{"@type":"WebPage","@id":"https:\/\/adexa.ee\/toode\/elektriline-marmiit-gn2-3-klaaskaanega-roostevaba-teras-55-liitrit-adexa-ad3202\/","url":"https:\/\/adexa.ee\/toode\/elektriline-marmiit-gn2-3-klaaskaanega-roostevaba-teras-55-liitrit-adexa-ad3202\/","name":"Elektriline Marmiit GN2\/3 Klaaskaanega Roostevaba teras 5,5 liitrit | Adexa AD3202 - Adexa \u2013 Suurk\u00f6\u00f6giseadmed restoranidele ja toitlustusele","isPartOf":{"@id":"https:\/\/adexa.ee\/#website"},"primaryImageOfPage":{"@id":"https:\/\/adexa.ee\/toode\/elektriline-marmiit-gn2-3-klaaskaanega-roostevaba-teras-55-liitrit-adexa-ad3202\/#primaryimage"},"image":{"@id":"https:\/\/adexa.ee\/toode\/elektriline-marmiit-gn2-3-klaaskaanega-roostevaba-teras-55-liitrit-adexa-ad3202\/#primaryimage"},"thumbnailUrl":"https:\/\/adexa.ee\/wp-content\/uploads\/2024\/12\/AD3202.jpg","datePublished":"2026-03-26T08:05:17+00:00","dateModified":"2026-03-26T08:05:23+00:00","breadcrumb":{"@id":"https:\/\/adexa.ee\/toode\/elektriline-marmiit-gn2-3-klaaskaanega-roostevaba-teras-55-liitrit-adexa-ad3202\/#breadcrumb"},"inLanguage":"en-US","potentialAction":[{"@type":"ReadAction","target":["https:\/\/adexa.ee\/toode\/elektriline-marmiit-gn2-3-klaaskaanega-roostevaba-teras-55-liitrit-adexa-ad3202\/"]}]},{"@type":"ImageObject","inLanguage":"en-US","@id":"https:\/\/adexa.ee\/toode\/elektriline-marmiit-gn2-3-klaaskaanega-roostevaba-teras-55-liitrit-adexa-ad3202\/#primaryimage","url":"https:\/\/adexa.ee\/wp-content\/uploads\/2024\/12\/AD3202.jpg","contentUrl":"https:\/\/adexa.ee\/wp-content\/uploads\/2024\/12\/AD3202.jpg","width":700,"height":700},{"@type":"BreadcrumbList","@id":"https:\/\/adexa.ee\/toode\/elektriline-marmiit-gn2-3-klaaskaanega-roostevaba-teras-55-liitrit-adexa-ad3202\/#breadcrumb","itemListElement":[{"@type":"ListItem","position":1,"name":"Home","item":"https:\/\/adexa.ee\/"},{"@type":"ListItem","position":2,"name":"Tooted","item":"https:\/\/adexa.ee\/pood\/"},{"@type":"ListItem","position":3,"name":"Elektriline Marmiit GN2\/3 Klaaskaanega Roostevaba teras 5,5 liitrit | Adexa AD3202"}]},{"@type":"WebSite","@id":"https:\/\/adexa.ee\/#website","url":"https:\/\/adexa.ee\/","name":"Adexa","description":"","publisher":{"@id":"https:\/\/adexa.ee\/#organization"},"potentialAction":[{"@type":"SearchAction","target":{"@type":"EntryPoint","urlTemplate":"https:\/\/adexa.ee\/?s={search_term_string}"},"query-input":{"@type":"PropertyValueSpecification","valueRequired":true,"valueName":"search_term_string"}}],"inLanguage":"en-US"},{"@type":"Organization","@id":"https:\/\/adexa.ee\/#organization","name":"Adexa","url":"https:\/\/adexa.ee\/","logo":{"@type":"ImageObject","inLanguage":"en-US","@id":"https:\/\/adexa.ee\/#\/schema\/logo\/image\/","url":"https:\/\/adexa.ee\/wp-content\/uploads\/2024\/04\/chef-cooks-working-in-professional-kitchen-2023-11-27-05-07-39-utc-scaled.jpg","contentUrl":"https:\/\/adexa.ee\/wp-content\/uploads\/2024\/04\/chef-cooks-working-in-professional-kitchen-2023-11-27-05-07-39-utc-scaled.jpg","width":2560,"height":1708,"caption":"Adexa"},"image":{"@id":"https:\/\/adexa.ee\/#\/schema\/logo\/image\/"}}]}},"_links":{"self":[{"href":"https:\/\/adexa.ee\/en\/wp-json\/wp\/v2\/product\/13592","targetHints":{"allow":["GET"]}}],"collection":[{"href":"https:\/\/adexa.ee\/en\/wp-json\/wp\/v2\/product"}],"about":[{"href":"https:\/\/adexa.ee\/en\/wp-json\/wp\/v2\/types\/product"}],"wp:featuredmedia":[{"embeddable":true,"href":"https:\/\/adexa.ee\/en\/wp-json\/wp\/v2\/media\/13594"}],"wp:attachment":[{"href":"https:\/\/adexa.ee\/en\/wp-json\/wp\/v2\/media?parent=13592"}],"wp:term":[{"taxonomy":"product_brand","embeddable":true,"href":"https:\/\/adexa.ee\/en\/wp-json\/wp\/v2\/product_brand?post=13592"},{"taxonomy":"product_cat","embeddable":true,"href":"https:\/\/adexa.ee\/en\/wp-json\/wp\/v2\/product_cat?post=13592"},{"taxonomy":"product_tag","embeddable":true,"href":"https:\/\/adexa.ee\/en\/wp-json\/wp\/v2\/product_tag?post=13592"}],"curies":[{"name":"wp","href":"https:\/\/api.w.org\/{rel}","templated":true}]}}