{"id":13642,"date":"2026-03-26T10:05:24","date_gmt":"2026-03-26T08:05:24","guid":{"rendered":"https:\/\/adexa.ee\/toode\/pagariari-jahutusega-lett-2-ust-sugavus-800mm-adexa-bc21\/"},"modified":"2026-03-26T10:05:28","modified_gmt":"2026-03-26T08:05:28","slug":"pagariari-jahutusega-lett-2-ust-sugavus-800mm-adexa-bc21","status":"publish","type":"product","link":"https:\/\/adexa.ee\/en\/toode\/pagariari-jahutusega-lett-2-ust-sugavus-800mm-adexa-bc21\/","title":{"rendered":"Pagari\u00e4ri jahutusega lett, 2 ust, s\u00fcgavus 800mm | Adexa BC21"},"content":{"rendered":"<p>See professionaalne pagari\u00e4ri jahutuslett pakub rohkem kui piisavalt usaldusv\u00e4\u00e4rset hoiuruumi, et s\u00e4ilitada suurtes kogustes kiiresti ligip\u00e4\u00e4setavaid koostisosi. Leti peal on vastupidav roostevabast terasest pind, mis sobib ideaalselt pitsataina v\u00f5i leivataina valmistamiseks. Kasutamine on samuti lihtne t\u00e4nu sisseehitatud digitaalsele juhtpaneelile ja kergesti reguleeritavatele riiulitele. \u00dclimalt kvaliteetne ettevalmistuslett professionaalsetele restoranidele, pagari\u00e4ridele ja toitlustusk\u00f6\u00f6kidele. CFC-vaba k\u00fclmutusagens ja vaht AISI 304 roostevabast terasest karkassi konstruktsioon \u00dcmarate servadega p\u00f5hi lihtsaks puhastamiseks Ventileeritud jahutus, mis tagab parema \u00f5huringluse Ise sulguvad uksed Kuumutuselement peidetud ukseraami sisse, et v\u00e4ltida kondenseerumist Elektrooniline termostaat ja digitaalse LED-temperatuuri kuvamine t\u00e4pseks juhtimiseks ja h\u00f5lpsaks lugemiseks Automaatne sulatus ja kondensatsioonivee automaatne aurustamine Magnettihendid, mida saab asendada ilma t\u00f6\u00f6riistadeta M\u00f5eldud 600x400mm pagari\u00e4ri kandikute jaoks Dokumendid Kasutusjuhendi allalaadimiseks kl\u00f5psa siia Plahvatusdiagrammi allalaadimiseks kl\u00f5psa siia CE vastavusdeklaratsiooni allalaadimiseks kl\u00f5psa siia T\u00e4pset teavet leiate jaotisest &#8220;Spetsifikatsioonid&#8221;.<\/p>\n<table style=\"border-collapse: collapse; width: 100%; text-align: left;\">\n<tbody>\n<tr>\n<td style=\"border: 1px solid #ddd; padding: 8px; width: 45%;\"><strong>S\u00fcgavus<\/strong><\/td>\n<td style=\"border: 1px solid #ddd; padding: 8px;\">800 mm<\/td>\n<\/tr>\n<tr>\n<td style=\"border: 1px solid #ddd; padding: 8px; width: 45%;\"><strong>K\u00f5rgus<\/strong><\/td>\n<td style=\"border: 1px solid #ddd; padding: 8px;\">860 mm<\/td>\n<\/tr>\n<tr>\n<td style=\"border: 1px solid #ddd; padding: 8px; width: 45%;\"><strong>Laius<\/strong><\/td>\n<td style=\"border: 1px solid #ddd; padding: 8px;\">1510 mm<\/td>\n<\/tr>\n<tr>\n<td style=\"border: 1px solid #ddd; padding: 8px; width: 45%;\"><strong>Kaal<\/strong><\/td>\n<td style=\"border: 1px solid #ddd; padding: 8px;\">94 kg<\/td>\n<\/tr>\n<tr>\n<td style=\"border: 1px solid #ddd; padding: 8px; width: 45%;\"><strong>Garantii<\/strong><\/td>\n<td style=\"border: 1px solid #ddd; padding: 8px;\">12 kuu varuosade garantii<\/td>\n<\/tr>\n<tr>\n<td style=\"border: 1px solid #ddd; padding: 8px; width: 45%;\"><strong>Mahutavus<\/strong><\/td>\n<td style=\"border: 1px solid #ddd; padding: 8px;\">390 liitrit<\/td>\n<\/tr>\n<tr>\n<td style=\"border: 1px solid #ddd; padding: 8px; width: 45%;\"><strong>Uksed \/ Sahtlid<\/strong><\/td>\n<td style=\"border: 1px solid #ddd; padding: 8px;\">2 ust<\/td>\n<\/tr>\n<tr>\n<td style=\"border: 1px solid #ddd; padding: 8px; width: 45%;\"><strong>Toiteallikas<\/strong><\/td>\n<td style=\"border: 1px solid #ddd; padding: 8px;\">230V \/ 1 faas<\/td>\n<\/tr>\n<tr>\n<td style=\"border: 1px solid #ddd; padding: 8px; width: 45%;\"><strong>Plaadi\/V\u00f5re suurus<\/strong><\/td>\n<td style=\"border: 1px solid #ddd; padding: 8px;\">600x400mm (uksed)<\/td>\n<\/tr>\n<tr>\n<td style=\"border: 1px solid #ddd; padding: 8px; width: 45%;\"><strong>Rullikud<\/strong><\/td>\n<td style=\"border: 1px solid #ddd; padding: 8px;\">Jah<\/td>\n<\/tr>\n<tr>\n<td style=\"border: 1px solid #ddd; padding: 8px; width: 45%;\"><strong>Riiulid<\/strong><\/td>\n<td style=\"border: 1px solid #ddd; padding: 8px;\">1 ukse kohta<\/td>\n<\/tr>\n<tr>\n<td style=\"border: 1px solid #ddd; padding: 8px; width: 45%;\"><strong>Materjal<\/strong><\/td>\n<td style=\"border: 1px solid #ddd; padding: 8px;\">Roostevaba teras<\/td>\n<\/tr>\n<tr>\n<td style=\"border: 1px solid #ddd; padding: 8px; width: 45%;\"><strong>Jahutamine<\/strong><\/td>\n<td style=\"border: 1px solid #ddd; padding: 8px;\">Ventileeritud<\/td>\n<\/tr>\n<tr>\n<td style=\"border: 1px solid #ddd; padding: 8px; width: 45%;\"><strong>Sulatamine<\/strong><\/td>\n<td style=\"border: 1px solid #ddd; padding: 8px;\">Automaatne<\/td>\n<\/tr>\n<tr>\n<td style=\"border: 1px solid #ddd; padding: 8px; width: 45%;\"><strong>Temperatuur<\/strong><\/td>\n<td style=\"border: 1px solid #ddd; padding: 8px;\">+2 \u00b0C kuni +8 \u00b0C<\/td>\n<\/tr>\n<tr>\n<td style=\"border: 1px solid #ddd; padding: 8px; width: 45%;\"><strong>T\u00f6\u00f6 pind<\/strong><\/td>\n<td style=\"border: 1px solid #ddd; padding: 8px;\">Roostevaba teras<\/td>\n<\/tr>\n<tr>\n<td style=\"border: 1px solid #ddd; padding: 8px; width: 45%;\"><strong>Kontrollid<\/strong><\/td>\n<td style=\"border: 1px solid #ddd; padding: 8px;\">Digitaalne<\/td>\n<\/tr>\n<\/tbody>\n<\/table>\n","protected":false},"excerpt":{"rendered":"<p>See professionaalne pagari\u00e4ri jahutuslett pakub rohkem kui piisavalt usaldusv\u00e4\u00e4rset hoiuruumi, et s\u00e4ilitada suurtes kogustes kiiresti ligip\u00e4\u00e4setavaid koostisosi. Leti peal on<\/p>\n","protected":false},"featured_media":13644,"template":"","meta":[],"product_brand":[],"product_cat":[686,564,752,565,701,684],"product_tag":[],"class_list":{"0":"post-13642","1":"product","2":"type-product","3":"status-publish","4":"has-post-thumbnail","6":"product_cat-jahutusega-pitsaletid","7":"product_cat-jahutusseadmed","8":"product_cat-kahe-uksega-jahutuskapid-jahutusletid","9":"product_cat-letikulmikud","10":"product_cat-pagari-jahutuskapid-letid","11":"product_cat-salati-ja-voileiva-valmistamise-letid","13":"first","14":"instock","15":"sale","16":"taxable","17":"shipping-taxable","18":"purchasable","19":"product-type-simple"},"yoast_head":"<!-- This site is optimized with the Yoast SEO plugin v27.3 - https:\/\/yoast.com\/product\/yoast-seo-wordpress\/ -->\n<title>Pagari\u00e4ri jahutusega lett, 2 ust, s\u00fcgavus 800mm | Adexa BC21 - Adexa \u2013 Suurk\u00f6\u00f6giseadmed restoranidele ja toitlustusele<\/title>\n<meta name=\"robots\" content=\"index, follow, max-snippet:-1, max-image-preview:large, max-video-preview:-1\" \/>\n<link rel=\"canonical\" href=\"https:\/\/adexa.ee\/toode\/pagariari-jahutusega-lett-2-ust-sugavus-800mm-adexa-bc21\/\" \/>\n<meta property=\"og:locale\" content=\"en_US\" \/>\n<meta property=\"og:type\" content=\"article\" \/>\n<meta property=\"og:title\" content=\"Pagari\u00e4ri jahutusega lett, 2 ust, s\u00fcgavus 800mm | Adexa BC21 - Adexa \u2013 Suurk\u00f6\u00f6giseadmed restoranidele ja toitlustusele\" \/>\n<meta property=\"og:description\" content=\"See professionaalne pagari\u00e4ri jahutuslett pakub rohkem kui piisavalt usaldusv\u00e4\u00e4rset hoiuruumi, et s\u00e4ilitada suurtes kogustes kiiresti ligip\u00e4\u00e4setavaid koostisosi. Leti peal on\" \/>\n<meta property=\"og:url\" content=\"https:\/\/adexa.ee\/toode\/pagariari-jahutusega-lett-2-ust-sugavus-800mm-adexa-bc21\/\" \/>\n<meta property=\"og:site_name\" content=\"Adexa \u2013 Suurk\u00f6\u00f6giseadmed restoranidele ja toitlustusele\" \/>\n<meta property=\"article:modified_time\" content=\"2026-03-26T08:05:28+00:00\" \/>\n<meta property=\"og:image\" content=\"https:\/\/adexa.ee\/wp-content\/uploads\/2024\/12\/FG21V.jpg\" \/>\n\t<meta property=\"og:image:width\" content=\"1200\" \/>\n\t<meta property=\"og:image:height\" content=\"1200\" \/>\n\t<meta property=\"og:image:type\" content=\"image\/jpeg\" \/>\n<meta name=\"twitter:card\" content=\"summary_large_image\" \/>\n<meta name=\"twitter:label1\" content=\"Est. reading time\" \/>\n\t<meta name=\"twitter:data1\" content=\"1 minute\" \/>\n<script type=\"application\/ld+json\" class=\"yoast-schema-graph\">{\"@context\":\"https:\\\/\\\/schema.org\",\"@graph\":[{\"@type\":\"WebPage\",\"@id\":\"https:\\\/\\\/adexa.ee\\\/toode\\\/pagariari-jahutusega-lett-2-ust-sugavus-800mm-adexa-bc21\\\/\",\"url\":\"https:\\\/\\\/adexa.ee\\\/toode\\\/pagariari-jahutusega-lett-2-ust-sugavus-800mm-adexa-bc21\\\/\",\"name\":\"Pagari\u00e4ri jahutusega lett, 2 ust, s\u00fcgavus 800mm | Adexa BC21 - Adexa \u2013 Suurk\u00f6\u00f6giseadmed restoranidele ja toitlustusele\",\"isPartOf\":{\"@id\":\"https:\\\/\\\/adexa.ee\\\/#website\"},\"primaryImageOfPage\":{\"@id\":\"https:\\\/\\\/adexa.ee\\\/toode\\\/pagariari-jahutusega-lett-2-ust-sugavus-800mm-adexa-bc21\\\/#primaryimage\"},\"image\":{\"@id\":\"https:\\\/\\\/adexa.ee\\\/toode\\\/pagariari-jahutusega-lett-2-ust-sugavus-800mm-adexa-bc21\\\/#primaryimage\"},\"thumbnailUrl\":\"https:\\\/\\\/adexa.ee\\\/wp-content\\\/uploads\\\/2024\\\/12\\\/FG21V.jpg\",\"datePublished\":\"2026-03-26T08:05:24+00:00\",\"dateModified\":\"2026-03-26T08:05:28+00:00\",\"breadcrumb\":{\"@id\":\"https:\\\/\\\/adexa.ee\\\/toode\\\/pagariari-jahutusega-lett-2-ust-sugavus-800mm-adexa-bc21\\\/#breadcrumb\"},\"inLanguage\":\"en-US\",\"potentialAction\":[{\"@type\":\"ReadAction\",\"target\":[\"https:\\\/\\\/adexa.ee\\\/toode\\\/pagariari-jahutusega-lett-2-ust-sugavus-800mm-adexa-bc21\\\/\"]}]},{\"@type\":\"ImageObject\",\"inLanguage\":\"en-US\",\"@id\":\"https:\\\/\\\/adexa.ee\\\/toode\\\/pagariari-jahutusega-lett-2-ust-sugavus-800mm-adexa-bc21\\\/#primaryimage\",\"url\":\"https:\\\/\\\/adexa.ee\\\/wp-content\\\/uploads\\\/2024\\\/12\\\/FG21V.jpg\",\"contentUrl\":\"https:\\\/\\\/adexa.ee\\\/wp-content\\\/uploads\\\/2024\\\/12\\\/FG21V.jpg\",\"width\":1200,\"height\":1200},{\"@type\":\"BreadcrumbList\",\"@id\":\"https:\\\/\\\/adexa.ee\\\/toode\\\/pagariari-jahutusega-lett-2-ust-sugavus-800mm-adexa-bc21\\\/#breadcrumb\",\"itemListElement\":[{\"@type\":\"ListItem\",\"position\":1,\"name\":\"Home\",\"item\":\"https:\\\/\\\/adexa.ee\\\/\"},{\"@type\":\"ListItem\",\"position\":2,\"name\":\"Tooted\",\"item\":\"https:\\\/\\\/adexa.ee\\\/pood\\\/\"},{\"@type\":\"ListItem\",\"position\":3,\"name\":\"Pagari\u00e4ri jahutusega lett, 2 ust, s\u00fcgavus 800mm | Adexa BC21\"}]},{\"@type\":\"WebSite\",\"@id\":\"https:\\\/\\\/adexa.ee\\\/#website\",\"url\":\"https:\\\/\\\/adexa.ee\\\/\",\"name\":\"Adexa\",\"description\":\"\",\"publisher\":{\"@id\":\"https:\\\/\\\/adexa.ee\\\/#organization\"},\"potentialAction\":[{\"@type\":\"SearchAction\",\"target\":{\"@type\":\"EntryPoint\",\"urlTemplate\":\"https:\\\/\\\/adexa.ee\\\/?s={search_term_string}\"},\"query-input\":{\"@type\":\"PropertyValueSpecification\",\"valueRequired\":true,\"valueName\":\"search_term_string\"}}],\"inLanguage\":\"en-US\"},{\"@type\":\"Organization\",\"@id\":\"https:\\\/\\\/adexa.ee\\\/#organization\",\"name\":\"Adexa\",\"url\":\"https:\\\/\\\/adexa.ee\\\/\",\"logo\":{\"@type\":\"ImageObject\",\"inLanguage\":\"en-US\",\"@id\":\"https:\\\/\\\/adexa.ee\\\/#\\\/schema\\\/logo\\\/image\\\/\",\"url\":\"https:\\\/\\\/adexa.ee\\\/wp-content\\\/uploads\\\/2024\\\/04\\\/chef-cooks-working-in-professional-kitchen-2023-11-27-05-07-39-utc-scaled.jpg\",\"contentUrl\":\"https:\\\/\\\/adexa.ee\\\/wp-content\\\/uploads\\\/2024\\\/04\\\/chef-cooks-working-in-professional-kitchen-2023-11-27-05-07-39-utc-scaled.jpg\",\"width\":2560,\"height\":1708,\"caption\":\"Adexa\"},\"image\":{\"@id\":\"https:\\\/\\\/adexa.ee\\\/#\\\/schema\\\/logo\\\/image\\\/\"}}]}<\/script>\n<!-- \/ Yoast SEO plugin. -->","yoast_head_json":{"title":"Pagari\u00e4ri jahutusega lett, 2 ust, s\u00fcgavus 800mm | Adexa BC21 - Adexa \u2013 Suurk\u00f6\u00f6giseadmed restoranidele ja toitlustusele","robots":{"index":"index","follow":"follow","max-snippet":"max-snippet:-1","max-image-preview":"max-image-preview:large","max-video-preview":"max-video-preview:-1"},"canonical":"https:\/\/adexa.ee\/toode\/pagariari-jahutusega-lett-2-ust-sugavus-800mm-adexa-bc21\/","og_locale":"en_US","og_type":"article","og_title":"Pagari\u00e4ri jahutusega lett, 2 ust, s\u00fcgavus 800mm | Adexa BC21 - Adexa \u2013 Suurk\u00f6\u00f6giseadmed restoranidele ja toitlustusele","og_description":"See professionaalne pagari\u00e4ri jahutuslett pakub rohkem kui piisavalt usaldusv\u00e4\u00e4rset hoiuruumi, et s\u00e4ilitada suurtes kogustes kiiresti ligip\u00e4\u00e4setavaid koostisosi. Leti peal on","og_url":"https:\/\/adexa.ee\/toode\/pagariari-jahutusega-lett-2-ust-sugavus-800mm-adexa-bc21\/","og_site_name":"Adexa \u2013 Suurk\u00f6\u00f6giseadmed restoranidele ja toitlustusele","article_modified_time":"2026-03-26T08:05:28+00:00","og_image":[{"width":1200,"height":1200,"url":"https:\/\/adexa.ee\/wp-content\/uploads\/2024\/12\/FG21V.jpg","type":"image\/jpeg"}],"twitter_card":"summary_large_image","twitter_misc":{"Est. reading time":"1 minute"},"schema":{"@context":"https:\/\/schema.org","@graph":[{"@type":"WebPage","@id":"https:\/\/adexa.ee\/toode\/pagariari-jahutusega-lett-2-ust-sugavus-800mm-adexa-bc21\/","url":"https:\/\/adexa.ee\/toode\/pagariari-jahutusega-lett-2-ust-sugavus-800mm-adexa-bc21\/","name":"Pagari\u00e4ri jahutusega lett, 2 ust, s\u00fcgavus 800mm | Adexa BC21 - Adexa \u2013 Suurk\u00f6\u00f6giseadmed restoranidele ja toitlustusele","isPartOf":{"@id":"https:\/\/adexa.ee\/#website"},"primaryImageOfPage":{"@id":"https:\/\/adexa.ee\/toode\/pagariari-jahutusega-lett-2-ust-sugavus-800mm-adexa-bc21\/#primaryimage"},"image":{"@id":"https:\/\/adexa.ee\/toode\/pagariari-jahutusega-lett-2-ust-sugavus-800mm-adexa-bc21\/#primaryimage"},"thumbnailUrl":"https:\/\/adexa.ee\/wp-content\/uploads\/2024\/12\/FG21V.jpg","datePublished":"2026-03-26T08:05:24+00:00","dateModified":"2026-03-26T08:05:28+00:00","breadcrumb":{"@id":"https:\/\/adexa.ee\/toode\/pagariari-jahutusega-lett-2-ust-sugavus-800mm-adexa-bc21\/#breadcrumb"},"inLanguage":"en-US","potentialAction":[{"@type":"ReadAction","target":["https:\/\/adexa.ee\/toode\/pagariari-jahutusega-lett-2-ust-sugavus-800mm-adexa-bc21\/"]}]},{"@type":"ImageObject","inLanguage":"en-US","@id":"https:\/\/adexa.ee\/toode\/pagariari-jahutusega-lett-2-ust-sugavus-800mm-adexa-bc21\/#primaryimage","url":"https:\/\/adexa.ee\/wp-content\/uploads\/2024\/12\/FG21V.jpg","contentUrl":"https:\/\/adexa.ee\/wp-content\/uploads\/2024\/12\/FG21V.jpg","width":1200,"height":1200},{"@type":"BreadcrumbList","@id":"https:\/\/adexa.ee\/toode\/pagariari-jahutusega-lett-2-ust-sugavus-800mm-adexa-bc21\/#breadcrumb","itemListElement":[{"@type":"ListItem","position":1,"name":"Home","item":"https:\/\/adexa.ee\/"},{"@type":"ListItem","position":2,"name":"Tooted","item":"https:\/\/adexa.ee\/pood\/"},{"@type":"ListItem","position":3,"name":"Pagari\u00e4ri jahutusega lett, 2 ust, s\u00fcgavus 800mm | Adexa BC21"}]},{"@type":"WebSite","@id":"https:\/\/adexa.ee\/#website","url":"https:\/\/adexa.ee\/","name":"Adexa","description":"","publisher":{"@id":"https:\/\/adexa.ee\/#organization"},"potentialAction":[{"@type":"SearchAction","target":{"@type":"EntryPoint","urlTemplate":"https:\/\/adexa.ee\/?s={search_term_string}"},"query-input":{"@type":"PropertyValueSpecification","valueRequired":true,"valueName":"search_term_string"}}],"inLanguage":"en-US"},{"@type":"Organization","@id":"https:\/\/adexa.ee\/#organization","name":"Adexa","url":"https:\/\/adexa.ee\/","logo":{"@type":"ImageObject","inLanguage":"en-US","@id":"https:\/\/adexa.ee\/#\/schema\/logo\/image\/","url":"https:\/\/adexa.ee\/wp-content\/uploads\/2024\/04\/chef-cooks-working-in-professional-kitchen-2023-11-27-05-07-39-utc-scaled.jpg","contentUrl":"https:\/\/adexa.ee\/wp-content\/uploads\/2024\/04\/chef-cooks-working-in-professional-kitchen-2023-11-27-05-07-39-utc-scaled.jpg","width":2560,"height":1708,"caption":"Adexa"},"image":{"@id":"https:\/\/adexa.ee\/#\/schema\/logo\/image\/"}}]}},"_links":{"self":[{"href":"https:\/\/adexa.ee\/en\/wp-json\/wp\/v2\/product\/13642","targetHints":{"allow":["GET"]}}],"collection":[{"href":"https:\/\/adexa.ee\/en\/wp-json\/wp\/v2\/product"}],"about":[{"href":"https:\/\/adexa.ee\/en\/wp-json\/wp\/v2\/types\/product"}],"wp:featuredmedia":[{"embeddable":true,"href":"https:\/\/adexa.ee\/en\/wp-json\/wp\/v2\/media\/13644"}],"wp:attachment":[{"href":"https:\/\/adexa.ee\/en\/wp-json\/wp\/v2\/media?parent=13642"}],"wp:term":[{"taxonomy":"product_brand","embeddable":true,"href":"https:\/\/adexa.ee\/en\/wp-json\/wp\/v2\/product_brand?post=13642"},{"taxonomy":"product_cat","embeddable":true,"href":"https:\/\/adexa.ee\/en\/wp-json\/wp\/v2\/product_cat?post=13642"},{"taxonomy":"product_tag","embeddable":true,"href":"https:\/\/adexa.ee\/en\/wp-json\/wp\/v2\/product_tag?post=13642"}],"curies":[{"name":"wp","href":"https:\/\/api.w.org\/{rel}","templated":true}]}}