{"id":13690,"date":"2026-03-26T10:05:31","date_gmt":"2026-03-26T08:05:31","guid":{"rendered":"https:\/\/adexa.ee\/toode\/professionaalne-elektriline-kallutatav-bratt-pann-60-liitrit-9kw-700-mm-sugavus-adexa-zhts60\/"},"modified":"2026-03-26T10:05:32","modified_gmt":"2026-03-26T08:05:32","slug":"professionaalne-elektriline-kallutatav-bratt-pann-60-liitrit-9kw-700-mm-sugavus-adexa-zhts60","status":"publish","type":"product","link":"https:\/\/adexa.ee\/en\/toode\/professionaalne-elektriline-kallutatav-bratt-pann-60-liitrit-9kw-700-mm-sugavus-adexa-zhts60\/","title":{"rendered":"Professionaalne elektriline kallutatav bratt-pann 60 liitrit 9kW 700 mm s\u00fcgavus | Adexa ZHTS60"},"content":{"rendered":"<p>See professionaalne kallutatav bratt-pann on raskeveokite kommertslik k\u00fctteseade, mis suudab t\u00e4ita kuni kaheksat k\u00fcpsetusfunktsiooni: hautamine, keetmine, aurutamine, podistamine, haudumine, r\u00f6stimine ja praadimine. Nii mitmek\u00fclgne, et seda saab kasutada v\u00e4ga mitmesuguste toitude valmistamiseks ning kergesti asendada arvukad teised rasked k\u00f6\u00f6giseadmed. 700 mm s\u00fcgavus t\u00e4hendab, et see seade sobitub sujuvalt meie modulaarse k\u00fcpsetusvalikuga.<\/p>\n<p>60 liitrit 700x700x920mm V\u00f5imsus: 9000W Toiteallikas: 380V\/50HZ Temperatuuri vahemik: +50\u00b0C kuni +330\u00b0C Veega t\u00e4itmise kraan Roostevabast terasest konstruktsioon Dokumendid Kl\u00f5psake siin, et alla laadida kasutusjuhend<\/p>\n<p>T\u00e4iendava teabe saamiseks vaadake jaotist &#8216;Spetsifikatsioon&#8217;.<\/p>\n<table style=\"border-collapse: collapse; width: 100%; text-align: left;\">\n<tbody>\n<tr>\n<td style=\"border: 1px solid #ddd; padding: 8px; width: 45%;\"><strong>S\u00fcgavus<\/strong><\/td>\n<td style=\"border: 1px solid #ddd; padding: 8px;\">700 mm<\/td>\n<\/tr>\n<tr>\n<td style=\"border: 1px solid #ddd; padding: 8px; width: 45%;\"><strong>K\u00f5rgus<\/strong><\/td>\n<td style=\"border: 1px solid #ddd; padding: 8px;\">920 mm<\/td>\n<\/tr>\n<tr>\n<td style=\"border: 1px solid #ddd; padding: 8px; width: 45%;\"><strong>Laius<\/strong><\/td>\n<td style=\"border: 1px solid #ddd; padding: 8px;\">700 mm<\/td>\n<\/tr>\n<tr>\n<td style=\"border: 1px solid #ddd; padding: 8px; width: 45%;\"><strong>Kaal<\/strong><\/td>\n<td style=\"border: 1px solid #ddd; padding: 8px;\">105 kg<\/td>\n<\/tr>\n<tr>\n<td style=\"border: 1px solid #ddd; padding: 8px; width: 45%;\"><strong>Garantii<\/strong><\/td>\n<td style=\"border: 1px solid #ddd; padding: 8px;\">12 kuu varuosade garantii<\/td>\n<\/tr>\n<tr>\n<td style=\"border: 1px solid #ddd; padding: 8px; width: 45%;\"><strong>T\u00fc\u00fcp<\/strong><\/td>\n<td style=\"border: 1px solid #ddd; padding: 8px;\">P\u00f5randal seisev<\/td>\n<\/tr>\n<tr>\n<td style=\"border: 1px solid #ddd; padding: 8px; width: 45%;\"><strong>Mahutavus<\/strong><\/td>\n<td style=\"border: 1px solid #ddd; padding: 8px;\">60 liitrit<\/td>\n<\/tr>\n<tr>\n<td style=\"border: 1px solid #ddd; padding: 8px; width: 45%;\"><strong>Toiteallikas<\/strong><\/td>\n<td style=\"border: 1px solid #ddd; padding: 8px;\">380V \/ 3 faasi<\/td>\n<\/tr>\n<tr>\n<td style=\"border: 1px solid #ddd; padding: 8px; width: 45%;\"><strong>V\u00f5imsus<\/strong><\/td>\n<td style=\"border: 1px solid #ddd; padding: 8px;\">9000 W<\/td>\n<\/tr>\n<tr>\n<td style=\"border: 1px solid #ddd; padding: 8px; width: 45%;\"><strong>Materjal<\/strong><\/td>\n<td style=\"border: 1px solid #ddd; padding: 8px;\">Roostevaba teras<\/td>\n<\/tr>\n<\/tbody>\n<\/table>\n","protected":false},"excerpt":{"rendered":"<p>See professionaalne kallutatav bratt-pann on raskeveokite kommertslik k\u00fctteseade, mis suudab t\u00e4ita kuni kaheksat k\u00fcpsetusfunktsiooni: hautamine, keetmine, aurutamine, podistamine, haudumine, r\u00f6stimine<\/p>\n","protected":false},"featured_media":13693,"template":"","meta":[],"product_brand":[],"product_cat":[983,635,879,588,571,594],"product_tag":[],"class_list":{"0":"post-13690","1":"product","2":"type-product","3":"status-publish","4":"has-post-thumbnail","6":"product_cat-varude-selgeks-muuk-koogitarbed","7":"product_cat-700-mm-sugavusega","8":"product_cat-kallutatavad-bratt-pannid","9":"product_cat-kuumseadmed","10":"product_cat-laovaru-muuk","11":"product_cat-mitmekesine-toiduvalmistamine","13":"first","14":"instock","15":"sale","16":"taxable","17":"shipping-taxable","18":"purchasable","19":"product-type-simple"},"yoast_head":"<!-- This site is optimized with the Yoast SEO plugin v27.3 - https:\/\/yoast.com\/product\/yoast-seo-wordpress\/ -->\n<title>Professionaalne elektriline kallutatav bratt-pann 60 liitrit 9kW 700 mm s\u00fcgavus | Adexa ZHTS60 - Adexa \u2013 Suurk\u00f6\u00f6giseadmed restoranidele ja toitlustusele<\/title>\n<meta name=\"robots\" content=\"index, follow, max-snippet:-1, max-image-preview:large, max-video-preview:-1\" \/>\n<link rel=\"canonical\" href=\"https:\/\/adexa.ee\/toode\/professionaalne-elektriline-kallutatav-bratt-pann-60-liitrit-9kw-700-mm-sugavus-adexa-zhts60\/\" \/>\n<meta property=\"og:locale\" content=\"en_US\" \/>\n<meta property=\"og:type\" content=\"article\" \/>\n<meta property=\"og:title\" content=\"Professionaalne elektriline kallutatav bratt-pann 60 liitrit 9kW 700 mm s\u00fcgavus | Adexa ZHTS60 - Adexa \u2013 Suurk\u00f6\u00f6giseadmed restoranidele ja toitlustusele\" \/>\n<meta property=\"og:description\" content=\"See professionaalne kallutatav bratt-pann on raskeveokite kommertslik k\u00fctteseade, mis suudab t\u00e4ita kuni kaheksat k\u00fcpsetusfunktsiooni: hautamine, keetmine, aurutamine, podistamine, haudumine, r\u00f6stimine\" \/>\n<meta property=\"og:url\" content=\"https:\/\/adexa.ee\/toode\/professionaalne-elektriline-kallutatav-bratt-pann-60-liitrit-9kw-700-mm-sugavus-adexa-zhts60\/\" \/>\n<meta property=\"og:site_name\" content=\"Adexa \u2013 Suurk\u00f6\u00f6giseadmed restoranidele ja toitlustusele\" \/>\n<meta property=\"article:modified_time\" content=\"2026-03-26T08:05:32+00:00\" \/>\n<meta property=\"og:image\" content=\"https:\/\/adexa.ee\/wp-content\/uploads\/2024\/12\/ZHTS80.jpg\" \/>\n\t<meta property=\"og:image:width\" content=\"2000\" \/>\n\t<meta property=\"og:image:height\" content=\"2000\" \/>\n\t<meta property=\"og:image:type\" content=\"image\/jpeg\" \/>\n<meta name=\"twitter:card\" content=\"summary_large_image\" \/>\n<meta name=\"twitter:label1\" content=\"Est. reading time\" \/>\n\t<meta name=\"twitter:data1\" content=\"1 minute\" \/>\n<script type=\"application\/ld+json\" class=\"yoast-schema-graph\">{\"@context\":\"https:\\\/\\\/schema.org\",\"@graph\":[{\"@type\":\"WebPage\",\"@id\":\"https:\\\/\\\/adexa.ee\\\/toode\\\/professionaalne-elektriline-kallutatav-bratt-pann-60-liitrit-9kw-700-mm-sugavus-adexa-zhts60\\\/\",\"url\":\"https:\\\/\\\/adexa.ee\\\/toode\\\/professionaalne-elektriline-kallutatav-bratt-pann-60-liitrit-9kw-700-mm-sugavus-adexa-zhts60\\\/\",\"name\":\"Professionaalne elektriline kallutatav bratt-pann 60 liitrit 9kW 700 mm s\u00fcgavus | Adexa ZHTS60 - Adexa \u2013 Suurk\u00f6\u00f6giseadmed restoranidele ja toitlustusele\",\"isPartOf\":{\"@id\":\"https:\\\/\\\/adexa.ee\\\/#website\"},\"primaryImageOfPage\":{\"@id\":\"https:\\\/\\\/adexa.ee\\\/toode\\\/professionaalne-elektriline-kallutatav-bratt-pann-60-liitrit-9kw-700-mm-sugavus-adexa-zhts60\\\/#primaryimage\"},\"image\":{\"@id\":\"https:\\\/\\\/adexa.ee\\\/toode\\\/professionaalne-elektriline-kallutatav-bratt-pann-60-liitrit-9kw-700-mm-sugavus-adexa-zhts60\\\/#primaryimage\"},\"thumbnailUrl\":\"https:\\\/\\\/adexa.ee\\\/wp-content\\\/uploads\\\/2024\\\/12\\\/ZHTS80.jpg\",\"datePublished\":\"2026-03-26T08:05:31+00:00\",\"dateModified\":\"2026-03-26T08:05:32+00:00\",\"breadcrumb\":{\"@id\":\"https:\\\/\\\/adexa.ee\\\/toode\\\/professionaalne-elektriline-kallutatav-bratt-pann-60-liitrit-9kw-700-mm-sugavus-adexa-zhts60\\\/#breadcrumb\"},\"inLanguage\":\"en-US\",\"potentialAction\":[{\"@type\":\"ReadAction\",\"target\":[\"https:\\\/\\\/adexa.ee\\\/toode\\\/professionaalne-elektriline-kallutatav-bratt-pann-60-liitrit-9kw-700-mm-sugavus-adexa-zhts60\\\/\"]}]},{\"@type\":\"ImageObject\",\"inLanguage\":\"en-US\",\"@id\":\"https:\\\/\\\/adexa.ee\\\/toode\\\/professionaalne-elektriline-kallutatav-bratt-pann-60-liitrit-9kw-700-mm-sugavus-adexa-zhts60\\\/#primaryimage\",\"url\":\"https:\\\/\\\/adexa.ee\\\/wp-content\\\/uploads\\\/2024\\\/12\\\/ZHTS80.jpg\",\"contentUrl\":\"https:\\\/\\\/adexa.ee\\\/wp-content\\\/uploads\\\/2024\\\/12\\\/ZHTS80.jpg\",\"width\":2000,\"height\":2000},{\"@type\":\"BreadcrumbList\",\"@id\":\"https:\\\/\\\/adexa.ee\\\/toode\\\/professionaalne-elektriline-kallutatav-bratt-pann-60-liitrit-9kw-700-mm-sugavus-adexa-zhts60\\\/#breadcrumb\",\"itemListElement\":[{\"@type\":\"ListItem\",\"position\":1,\"name\":\"Home\",\"item\":\"https:\\\/\\\/adexa.ee\\\/\"},{\"@type\":\"ListItem\",\"position\":2,\"name\":\"Tooted\",\"item\":\"https:\\\/\\\/adexa.ee\\\/pood\\\/\"},{\"@type\":\"ListItem\",\"position\":3,\"name\":\"Professionaalne elektriline kallutatav bratt-pann 60 liitrit 9kW 700 mm s\u00fcgavus | Adexa ZHTS60\"}]},{\"@type\":\"WebSite\",\"@id\":\"https:\\\/\\\/adexa.ee\\\/#website\",\"url\":\"https:\\\/\\\/adexa.ee\\\/\",\"name\":\"Adexa\",\"description\":\"\",\"publisher\":{\"@id\":\"https:\\\/\\\/adexa.ee\\\/#organization\"},\"potentialAction\":[{\"@type\":\"SearchAction\",\"target\":{\"@type\":\"EntryPoint\",\"urlTemplate\":\"https:\\\/\\\/adexa.ee\\\/?s={search_term_string}\"},\"query-input\":{\"@type\":\"PropertyValueSpecification\",\"valueRequired\":true,\"valueName\":\"search_term_string\"}}],\"inLanguage\":\"en-US\"},{\"@type\":\"Organization\",\"@id\":\"https:\\\/\\\/adexa.ee\\\/#organization\",\"name\":\"Adexa\",\"url\":\"https:\\\/\\\/adexa.ee\\\/\",\"logo\":{\"@type\":\"ImageObject\",\"inLanguage\":\"en-US\",\"@id\":\"https:\\\/\\\/adexa.ee\\\/#\\\/schema\\\/logo\\\/image\\\/\",\"url\":\"https:\\\/\\\/adexa.ee\\\/wp-content\\\/uploads\\\/2024\\\/04\\\/chef-cooks-working-in-professional-kitchen-2023-11-27-05-07-39-utc-scaled.jpg\",\"contentUrl\":\"https:\\\/\\\/adexa.ee\\\/wp-content\\\/uploads\\\/2024\\\/04\\\/chef-cooks-working-in-professional-kitchen-2023-11-27-05-07-39-utc-scaled.jpg\",\"width\":2560,\"height\":1708,\"caption\":\"Adexa\"},\"image\":{\"@id\":\"https:\\\/\\\/adexa.ee\\\/#\\\/schema\\\/logo\\\/image\\\/\"}}]}<\/script>\n<!-- \/ Yoast SEO plugin. -->","yoast_head_json":{"title":"Professionaalne elektriline kallutatav bratt-pann 60 liitrit 9kW 700 mm s\u00fcgavus | Adexa ZHTS60 - Adexa \u2013 Suurk\u00f6\u00f6giseadmed restoranidele ja toitlustusele","robots":{"index":"index","follow":"follow","max-snippet":"max-snippet:-1","max-image-preview":"max-image-preview:large","max-video-preview":"max-video-preview:-1"},"canonical":"https:\/\/adexa.ee\/toode\/professionaalne-elektriline-kallutatav-bratt-pann-60-liitrit-9kw-700-mm-sugavus-adexa-zhts60\/","og_locale":"en_US","og_type":"article","og_title":"Professionaalne elektriline kallutatav bratt-pann 60 liitrit 9kW 700 mm s\u00fcgavus | Adexa ZHTS60 - Adexa \u2013 Suurk\u00f6\u00f6giseadmed restoranidele ja toitlustusele","og_description":"See professionaalne kallutatav bratt-pann on raskeveokite kommertslik k\u00fctteseade, mis suudab t\u00e4ita kuni kaheksat k\u00fcpsetusfunktsiooni: hautamine, keetmine, aurutamine, podistamine, haudumine, r\u00f6stimine","og_url":"https:\/\/adexa.ee\/toode\/professionaalne-elektriline-kallutatav-bratt-pann-60-liitrit-9kw-700-mm-sugavus-adexa-zhts60\/","og_site_name":"Adexa \u2013 Suurk\u00f6\u00f6giseadmed restoranidele ja toitlustusele","article_modified_time":"2026-03-26T08:05:32+00:00","og_image":[{"width":2000,"height":2000,"url":"https:\/\/adexa.ee\/wp-content\/uploads\/2024\/12\/ZHTS80.jpg","type":"image\/jpeg"}],"twitter_card":"summary_large_image","twitter_misc":{"Est. reading time":"1 minute"},"schema":{"@context":"https:\/\/schema.org","@graph":[{"@type":"WebPage","@id":"https:\/\/adexa.ee\/toode\/professionaalne-elektriline-kallutatav-bratt-pann-60-liitrit-9kw-700-mm-sugavus-adexa-zhts60\/","url":"https:\/\/adexa.ee\/toode\/professionaalne-elektriline-kallutatav-bratt-pann-60-liitrit-9kw-700-mm-sugavus-adexa-zhts60\/","name":"Professionaalne elektriline kallutatav bratt-pann 60 liitrit 9kW 700 mm s\u00fcgavus | Adexa ZHTS60 - Adexa \u2013 Suurk\u00f6\u00f6giseadmed restoranidele ja toitlustusele","isPartOf":{"@id":"https:\/\/adexa.ee\/#website"},"primaryImageOfPage":{"@id":"https:\/\/adexa.ee\/toode\/professionaalne-elektriline-kallutatav-bratt-pann-60-liitrit-9kw-700-mm-sugavus-adexa-zhts60\/#primaryimage"},"image":{"@id":"https:\/\/adexa.ee\/toode\/professionaalne-elektriline-kallutatav-bratt-pann-60-liitrit-9kw-700-mm-sugavus-adexa-zhts60\/#primaryimage"},"thumbnailUrl":"https:\/\/adexa.ee\/wp-content\/uploads\/2024\/12\/ZHTS80.jpg","datePublished":"2026-03-26T08:05:31+00:00","dateModified":"2026-03-26T08:05:32+00:00","breadcrumb":{"@id":"https:\/\/adexa.ee\/toode\/professionaalne-elektriline-kallutatav-bratt-pann-60-liitrit-9kw-700-mm-sugavus-adexa-zhts60\/#breadcrumb"},"inLanguage":"en-US","potentialAction":[{"@type":"ReadAction","target":["https:\/\/adexa.ee\/toode\/professionaalne-elektriline-kallutatav-bratt-pann-60-liitrit-9kw-700-mm-sugavus-adexa-zhts60\/"]}]},{"@type":"ImageObject","inLanguage":"en-US","@id":"https:\/\/adexa.ee\/toode\/professionaalne-elektriline-kallutatav-bratt-pann-60-liitrit-9kw-700-mm-sugavus-adexa-zhts60\/#primaryimage","url":"https:\/\/adexa.ee\/wp-content\/uploads\/2024\/12\/ZHTS80.jpg","contentUrl":"https:\/\/adexa.ee\/wp-content\/uploads\/2024\/12\/ZHTS80.jpg","width":2000,"height":2000},{"@type":"BreadcrumbList","@id":"https:\/\/adexa.ee\/toode\/professionaalne-elektriline-kallutatav-bratt-pann-60-liitrit-9kw-700-mm-sugavus-adexa-zhts60\/#breadcrumb","itemListElement":[{"@type":"ListItem","position":1,"name":"Home","item":"https:\/\/adexa.ee\/"},{"@type":"ListItem","position":2,"name":"Tooted","item":"https:\/\/adexa.ee\/pood\/"},{"@type":"ListItem","position":3,"name":"Professionaalne elektriline kallutatav bratt-pann 60 liitrit 9kW 700 mm s\u00fcgavus | Adexa ZHTS60"}]},{"@type":"WebSite","@id":"https:\/\/adexa.ee\/#website","url":"https:\/\/adexa.ee\/","name":"Adexa","description":"","publisher":{"@id":"https:\/\/adexa.ee\/#organization"},"potentialAction":[{"@type":"SearchAction","target":{"@type":"EntryPoint","urlTemplate":"https:\/\/adexa.ee\/?s={search_term_string}"},"query-input":{"@type":"PropertyValueSpecification","valueRequired":true,"valueName":"search_term_string"}}],"inLanguage":"en-US"},{"@type":"Organization","@id":"https:\/\/adexa.ee\/#organization","name":"Adexa","url":"https:\/\/adexa.ee\/","logo":{"@type":"ImageObject","inLanguage":"en-US","@id":"https:\/\/adexa.ee\/#\/schema\/logo\/image\/","url":"https:\/\/adexa.ee\/wp-content\/uploads\/2024\/04\/chef-cooks-working-in-professional-kitchen-2023-11-27-05-07-39-utc-scaled.jpg","contentUrl":"https:\/\/adexa.ee\/wp-content\/uploads\/2024\/04\/chef-cooks-working-in-professional-kitchen-2023-11-27-05-07-39-utc-scaled.jpg","width":2560,"height":1708,"caption":"Adexa"},"image":{"@id":"https:\/\/adexa.ee\/#\/schema\/logo\/image\/"}}]}},"_links":{"self":[{"href":"https:\/\/adexa.ee\/en\/wp-json\/wp\/v2\/product\/13690","targetHints":{"allow":["GET"]}}],"collection":[{"href":"https:\/\/adexa.ee\/en\/wp-json\/wp\/v2\/product"}],"about":[{"href":"https:\/\/adexa.ee\/en\/wp-json\/wp\/v2\/types\/product"}],"wp:featuredmedia":[{"embeddable":true,"href":"https:\/\/adexa.ee\/en\/wp-json\/wp\/v2\/media\/13693"}],"wp:attachment":[{"href":"https:\/\/adexa.ee\/en\/wp-json\/wp\/v2\/media?parent=13690"}],"wp:term":[{"taxonomy":"product_brand","embeddable":true,"href":"https:\/\/adexa.ee\/en\/wp-json\/wp\/v2\/product_brand?post=13690"},{"taxonomy":"product_cat","embeddable":true,"href":"https:\/\/adexa.ee\/en\/wp-json\/wp\/v2\/product_cat?post=13690"},{"taxonomy":"product_tag","embeddable":true,"href":"https:\/\/adexa.ee\/en\/wp-json\/wp\/v2\/product_tag?post=13690"}],"curies":[{"name":"wp","href":"https:\/\/api.w.org\/{rel}","templated":true}]}}