{"id":13713,"date":"2026-03-26T10:05:31","date_gmt":"2026-03-26T08:05:31","guid":{"rendered":"https:\/\/adexa.ee\/toode\/professionaalne-jahutatav-lett-kahe-klaasuksega-sugavus-600-mm-adexa-rs21vg\/"},"modified":"2026-03-26T10:05:34","modified_gmt":"2026-03-26T08:05:34","slug":"professionaalne-jahutusega-lett-kahe-klaasuksega-sugavus-600-mm-adexa-rs21vg","status":"publish","type":"product","link":"https:\/\/adexa.ee\/en\/toode\/professionaalne-jahutusega-lett-kahe-klaasuksega-sugavus-600-mm-adexa-rs21vg\/","title":{"rendered":"Professionaalne jahutusega lett kahe klaasuksega, s\u00fcgavus 600 mm | Adexa RS21VG"},"content":{"rendered":"<p>Professionaalne ruumis\u00e4\u00e4stlik 600 mm s\u00fcgav n\u00e4dalaseltik\u00fclmik kahe roostevabast terasest ukse ja nelja rattaga. H\u00e4sti sobilik kiire t\u00f6\u00f6keskkonnaga toitlustusettev\u00f5tetele. KFC-vaba k\u00fclmutusagens ja vahtAISI 304 roostevabast terasest raamkonstruktsioonElektrooniline termostaat ja digitaalne LED temperatuuri n\u00e4idik t\u00e4pseks kontrolliks ja lihtsaks lugemiseksAutomaatne sulatus ja kondensatsioonivee automaatne aurustamineMagnetiline tihend, mida saab t\u00f6\u00f6riistadeta vahetada\u00dcmarate servadega p\u00f5hi lihtsaks puhastamiseksRattad kaasasV\u00e4lism\u00f5\u00f5tmed: 1360 x 600 x 860 mmSisem\u00f5\u00f5tmed: 795 x 480 x 560 mmMahutavus: 260 liitritTemperatuur: +2\u00b0C kuni +8\u00b0C1 riiul ukse kohtaToiteallikas: 230V \/ 1N \/ 50HzVarustatud standardse \u00dchendkuningriigi pistikugaDokumendidKl\u00f5psake siin, et alla laadida kasutusjuhendKl\u00f5psake siin, et alla laadida tehnilise joonistusKl\u00f5psake siin, et alla laadida plahvatatud vaadeKl\u00f5psake siin, et alla laadida varuosade loeteluKl\u00f5psake siin, et alla laadida CE vastavusdeklaratsioonKl\u00f5psake siin, et alla laadida energiam\u00e4rgistusPalun vaadake &#8216;Spetsifikatsioonide&#8217; allolevat p\u00f5hjalikku teavet.<\/p>\n<table style=\"border-collapse: collapse; width: 100%; text-align: left;\">\n<tbody>\n<tr>\n<td style=\"border: 1px solid #ddd; padding: 8px; width: 45%;\"><strong>S\u00fcgavus<\/strong><\/td>\n<td style=\"border: 1px solid #ddd; padding: 8px;\">600mm<\/td>\n<\/tr>\n<tr>\n<td style=\"border: 1px solid #ddd; padding: 8px; width: 45%;\"><strong>K\u00f5rgus<\/strong><\/td>\n<td style=\"border: 1px solid #ddd; padding: 8px;\">860mm<\/td>\n<\/tr>\n<tr>\n<td style=\"border: 1px solid #ddd; padding: 8px; width: 45%;\"><strong>Laius<\/strong><\/td>\n<td style=\"border: 1px solid #ddd; padding: 8px;\">1360 mm<\/td>\n<\/tr>\n<tr>\n<td style=\"border: 1px solid #ddd; padding: 8px; width: 45%;\"><strong>Kaal<\/strong><\/td>\n<td style=\"border: 1px solid #ddd; padding: 8px;\">95 kg<\/td>\n<\/tr>\n<tr>\n<td style=\"border: 1px solid #ddd; padding: 8px; width: 45%;\"><strong>Garantii<\/strong><\/td>\n<td style=\"border: 1px solid #ddd; padding: 8px;\">12-kuuline varuosade garantii<\/td>\n<\/tr>\n<tr>\n<td style=\"border: 1px solid #ddd; padding: 8px; width: 45%;\"><strong>Mahutavus<\/strong><\/td>\n<td style=\"border: 1px solid #ddd; padding: 8px;\">260 liitrit<\/td>\n<\/tr>\n<tr>\n<td style=\"border: 1px solid #ddd; padding: 8px; width: 45%;\"><strong>Uksed \/ Sahtlid<\/strong><\/td>\n<td style=\"border: 1px solid #ddd; padding: 8px;\">2 klaasust<\/td>\n<\/tr>\n<tr>\n<td style=\"border: 1px solid #ddd; padding: 8px; width: 45%;\"><strong>Toiteallikas<\/strong><\/td>\n<td style=\"border: 1px solid #ddd; padding: 8px;\">230V \/ 1 faas<\/td>\n<\/tr>\n<tr>\n<td style=\"border: 1px solid #ddd; padding: 8px; width: 45%;\"><strong>Rullikud<\/strong><\/td>\n<td style=\"border: 1px solid #ddd; padding: 8px;\">Jah<\/td>\n<\/tr>\n<tr>\n<td style=\"border: 1px solid #ddd; padding: 8px; width: 45%;\"><strong>Jahutamine<\/strong><\/td>\n<td style=\"border: 1px solid #ddd; padding: 8px;\">Ventileeritud<\/td>\n<\/tr>\n<tr>\n<td style=\"border: 1px solid #ddd; padding: 8px; width: 45%;\"><strong>Sulatamine<\/strong><\/td>\n<td style=\"border: 1px solid #ddd; padding: 8px;\">Automaatne<\/td>\n<\/tr>\n<tr>\n<td style=\"border: 1px solid #ddd; padding: 8px; width: 45%;\"><strong>Temperatuur<\/strong><\/td>\n<td style=\"border: 1px solid #ddd; padding: 8px;\">+2 \u00b0C kuni +8 \u00b0C<\/td>\n<\/tr>\n<tr>\n<td style=\"border: 1px solid #ddd; padding: 8px; width: 45%;\"><strong>Kontrollid<\/strong><\/td>\n<td style=\"border: 1px solid #ddd; padding: 8px;\">Digitaalne<\/td>\n<\/tr>\n<tr>\n<td style=\"border: 1px solid #ddd; padding: 8px; width: 45%;\"><strong>Maksimaalne temperatuur (ruum)<\/strong><\/td>\n<td style=\"border: 1px solid #ddd; padding: 8px;\">+48\u00b0C<\/td>\n<\/tr>\n<tr>\n<td style=\"border: 1px solid #ddd; padding: 8px; width: 45%;\"><strong>Materjal (v\u00e4limine)<\/strong><\/td>\n<td style=\"border: 1px solid #ddd; padding: 8px;\">Roostevaba teras<\/td>\n<\/tr>\n<tr>\n<td style=\"border: 1px solid #ddd; padding: 8px; width: 45%;\"><strong>Materjal (sisemine)<\/strong><\/td>\n<td style=\"border: 1px solid #ddd; padding: 8px;\">Roostevaba teras<\/td>\n<\/tr>\n<tr>\n<td style=\"border: 1px solid #ddd; padding: 8px; width: 45%;\"><strong>V\u00f5imsus<\/strong><\/td>\n<td style=\"border: 1px solid #ddd; padding: 8px;\">250W<\/td>\n<\/tr>\n<tr>\n<td style=\"border: 1px solid #ddd; padding: 8px; width: 45%;\"><strong>Riiulid<\/strong><\/td>\n<td style=\"border: 1px solid #ddd; padding: 8px;\">2<\/td>\n<\/tr>\n<tr>\n<td style=\"border: 1px solid #ddd; padding: 8px; width: 45%;\"><strong>K\u00fclmaaine<\/strong><\/td>\n<td style=\"border: 1px solid #ddd; padding: 8px;\">R290<\/td>\n<\/tr>\n<\/tbody>\n<\/table>\n","protected":false},"excerpt":{"rendered":"<p>Professionaalne ruumis\u00e4\u00e4stlik 600 mm s\u00fcgav n\u00e4dalaseltik\u00fclmik kahe roostevabast terasest ukse ja nelja rattaga. H\u00e4sti sobilik kiire t\u00f6\u00f6keskkonnaga toitlustusettev\u00f5tetele. KFC-vaba k\u00fclmutusagens<\/p>\n","protected":false},"featured_media":11819,"template":"","meta":[],"product_brand":[],"product_cat":[567,564,752,566,565,569],"product_tag":[],"class_list":{"0":"post-13713","1":"product","2":"type-product","3":"status-publish","4":"has-post-thumbnail","6":"product_cat-baarileti-kulmikud","7":"product_cat-jahutusseadmed","8":"product_cat-kahe-uksega-jahutuskapid-jahutusletid","9":"product_cat-klaasustega-letikulmikud","10":"product_cat-letikulmikud","11":"product_cat-lopumuuk","13":"first","14":"instock","15":"sale","16":"taxable","17":"shipping-taxable","18":"purchasable","19":"product-type-simple"},"yoast_head":"<!-- This site is optimized with the Yoast SEO plugin v27.3 - https:\/\/yoast.com\/product\/yoast-seo-wordpress\/ -->\n<title>Professionaalne jahutusega lett kahe klaasuksega, s\u00fcgavus 600 mm | Adexa RS21VG - Adexa \u2013 Suurk\u00f6\u00f6giseadmed restoranidele ja toitlustusele<\/title>\n<meta name=\"robots\" content=\"index, follow, max-snippet:-1, max-image-preview:large, max-video-preview:-1\" \/>\n<link rel=\"canonical\" href=\"https:\/\/adexa.ee\/toode\/professionaalne-jahutusega-lett-kahe-klaasuksega-sugavus-600-mm-adexa-rs21vg\/\" \/>\n<meta property=\"og:locale\" content=\"en_US\" \/>\n<meta property=\"og:type\" content=\"article\" \/>\n<meta property=\"og:title\" content=\"Professionaalne jahutusega lett kahe klaasuksega, s\u00fcgavus 600 mm | Adexa RS21VG - Adexa \u2013 Suurk\u00f6\u00f6giseadmed restoranidele ja toitlustusele\" \/>\n<meta property=\"og:description\" content=\"Professionaalne ruumis\u00e4\u00e4stlik 600 mm s\u00fcgav n\u00e4dalaseltik\u00fclmik kahe roostevabast terasest ukse ja nelja rattaga. H\u00e4sti sobilik kiire t\u00f6\u00f6keskkonnaga toitlustusettev\u00f5tetele. KFC-vaba k\u00fclmutusagens\" \/>\n<meta property=\"og:url\" content=\"https:\/\/adexa.ee\/toode\/professionaalne-jahutusega-lett-kahe-klaasuksega-sugavus-600-mm-adexa-rs21vg\/\" \/>\n<meta property=\"og:site_name\" content=\"Adexa \u2013 Suurk\u00f6\u00f6giseadmed restoranidele ja toitlustusele\" \/>\n<meta property=\"article:modified_time\" content=\"2026-03-26T08:05:34+00:00\" \/>\n<meta property=\"og:image\" content=\"https:\/\/adexa.ee\/wp-content\/uploads\/2024\/12\/RG21VGLASS.jpg\" \/>\n\t<meta property=\"og:image:width\" content=\"1500\" \/>\n\t<meta property=\"og:image:height\" content=\"1500\" \/>\n\t<meta property=\"og:image:type\" content=\"image\/jpeg\" \/>\n<meta name=\"twitter:card\" content=\"summary_large_image\" \/>\n<meta name=\"twitter:label1\" content=\"Est. reading time\" \/>\n\t<meta name=\"twitter:data1\" content=\"1 minute\" \/>\n<script type=\"application\/ld+json\" class=\"yoast-schema-graph\">{\"@context\":\"https:\\\/\\\/schema.org\",\"@graph\":[{\"@type\":\"WebPage\",\"@id\":\"https:\\\/\\\/adexa.ee\\\/toode\\\/professionaalne-jahutusega-lett-kahe-klaasuksega-sugavus-600-mm-adexa-rs21vg\\\/\",\"url\":\"https:\\\/\\\/adexa.ee\\\/toode\\\/professionaalne-jahutusega-lett-kahe-klaasuksega-sugavus-600-mm-adexa-rs21vg\\\/\",\"name\":\"Professionaalne jahutusega lett kahe klaasuksega, s\u00fcgavus 600 mm | Adexa RS21VG - Adexa \u2013 Suurk\u00f6\u00f6giseadmed restoranidele ja toitlustusele\",\"isPartOf\":{\"@id\":\"https:\\\/\\\/adexa.ee\\\/#website\"},\"primaryImageOfPage\":{\"@id\":\"https:\\\/\\\/adexa.ee\\\/toode\\\/professionaalne-jahutusega-lett-kahe-klaasuksega-sugavus-600-mm-adexa-rs21vg\\\/#primaryimage\"},\"image\":{\"@id\":\"https:\\\/\\\/adexa.ee\\\/toode\\\/professionaalne-jahutusega-lett-kahe-klaasuksega-sugavus-600-mm-adexa-rs21vg\\\/#primaryimage\"},\"thumbnailUrl\":\"https:\\\/\\\/adexa.ee\\\/wp-content\\\/uploads\\\/2024\\\/12\\\/RG21VGLASS.jpg\",\"datePublished\":\"2026-03-26T08:05:31+00:00\",\"dateModified\":\"2026-03-26T08:05:34+00:00\",\"breadcrumb\":{\"@id\":\"https:\\\/\\\/adexa.ee\\\/toode\\\/professionaalne-jahutusega-lett-kahe-klaasuksega-sugavus-600-mm-adexa-rs21vg\\\/#breadcrumb\"},\"inLanguage\":\"en-US\",\"potentialAction\":[{\"@type\":\"ReadAction\",\"target\":[\"https:\\\/\\\/adexa.ee\\\/toode\\\/professionaalne-jahutusega-lett-kahe-klaasuksega-sugavus-600-mm-adexa-rs21vg\\\/\"]}]},{\"@type\":\"ImageObject\",\"inLanguage\":\"en-US\",\"@id\":\"https:\\\/\\\/adexa.ee\\\/toode\\\/professionaalne-jahutusega-lett-kahe-klaasuksega-sugavus-600-mm-adexa-rs21vg\\\/#primaryimage\",\"url\":\"https:\\\/\\\/adexa.ee\\\/wp-content\\\/uploads\\\/2024\\\/12\\\/RG21VGLASS.jpg\",\"contentUrl\":\"https:\\\/\\\/adexa.ee\\\/wp-content\\\/uploads\\\/2024\\\/12\\\/RG21VGLASS.jpg\",\"width\":1500,\"height\":1500},{\"@type\":\"BreadcrumbList\",\"@id\":\"https:\\\/\\\/adexa.ee\\\/toode\\\/professionaalne-jahutusega-lett-kahe-klaasuksega-sugavus-600-mm-adexa-rs21vg\\\/#breadcrumb\",\"itemListElement\":[{\"@type\":\"ListItem\",\"position\":1,\"name\":\"Home\",\"item\":\"https:\\\/\\\/adexa.ee\\\/\"},{\"@type\":\"ListItem\",\"position\":2,\"name\":\"Tooted\",\"item\":\"https:\\\/\\\/adexa.ee\\\/pood\\\/\"},{\"@type\":\"ListItem\",\"position\":3,\"name\":\"Professionaalne jahutusega lett kahe klaasuksega, s\u00fcgavus 600 mm | Adexa RS21VG\"}]},{\"@type\":\"WebSite\",\"@id\":\"https:\\\/\\\/adexa.ee\\\/#website\",\"url\":\"https:\\\/\\\/adexa.ee\\\/\",\"name\":\"Adexa\",\"description\":\"\",\"publisher\":{\"@id\":\"https:\\\/\\\/adexa.ee\\\/#organization\"},\"potentialAction\":[{\"@type\":\"SearchAction\",\"target\":{\"@type\":\"EntryPoint\",\"urlTemplate\":\"https:\\\/\\\/adexa.ee\\\/?s={search_term_string}\"},\"query-input\":{\"@type\":\"PropertyValueSpecification\",\"valueRequired\":true,\"valueName\":\"search_term_string\"}}],\"inLanguage\":\"en-US\"},{\"@type\":\"Organization\",\"@id\":\"https:\\\/\\\/adexa.ee\\\/#organization\",\"name\":\"Adexa\",\"url\":\"https:\\\/\\\/adexa.ee\\\/\",\"logo\":{\"@type\":\"ImageObject\",\"inLanguage\":\"en-US\",\"@id\":\"https:\\\/\\\/adexa.ee\\\/#\\\/schema\\\/logo\\\/image\\\/\",\"url\":\"https:\\\/\\\/adexa.ee\\\/wp-content\\\/uploads\\\/2024\\\/04\\\/chef-cooks-working-in-professional-kitchen-2023-11-27-05-07-39-utc-scaled.jpg\",\"contentUrl\":\"https:\\\/\\\/adexa.ee\\\/wp-content\\\/uploads\\\/2024\\\/04\\\/chef-cooks-working-in-professional-kitchen-2023-11-27-05-07-39-utc-scaled.jpg\",\"width\":2560,\"height\":1708,\"caption\":\"Adexa\"},\"image\":{\"@id\":\"https:\\\/\\\/adexa.ee\\\/#\\\/schema\\\/logo\\\/image\\\/\"}}]}<\/script>\n<!-- \/ Yoast SEO plugin. -->","yoast_head_json":{"title":"Professionaalne jahutusega lett kahe klaasuksega, s\u00fcgavus 600 mm | Adexa RS21VG - Adexa \u2013 Suurk\u00f6\u00f6giseadmed restoranidele ja toitlustusele","robots":{"index":"index","follow":"follow","max-snippet":"max-snippet:-1","max-image-preview":"max-image-preview:large","max-video-preview":"max-video-preview:-1"},"canonical":"https:\/\/adexa.ee\/toode\/professionaalne-jahutusega-lett-kahe-klaasuksega-sugavus-600-mm-adexa-rs21vg\/","og_locale":"en_US","og_type":"article","og_title":"Professionaalne jahutusega lett kahe klaasuksega, s\u00fcgavus 600 mm | Adexa RS21VG - Adexa \u2013 Suurk\u00f6\u00f6giseadmed restoranidele ja toitlustusele","og_description":"Professionaalne ruumis\u00e4\u00e4stlik 600 mm s\u00fcgav n\u00e4dalaseltik\u00fclmik kahe roostevabast terasest ukse ja nelja rattaga. H\u00e4sti sobilik kiire t\u00f6\u00f6keskkonnaga toitlustusettev\u00f5tetele. KFC-vaba k\u00fclmutusagens","og_url":"https:\/\/adexa.ee\/toode\/professionaalne-jahutusega-lett-kahe-klaasuksega-sugavus-600-mm-adexa-rs21vg\/","og_site_name":"Adexa \u2013 Suurk\u00f6\u00f6giseadmed restoranidele ja toitlustusele","article_modified_time":"2026-03-26T08:05:34+00:00","og_image":[{"width":1500,"height":1500,"url":"https:\/\/adexa.ee\/wp-content\/uploads\/2024\/12\/RG21VGLASS.jpg","type":"image\/jpeg"}],"twitter_card":"summary_large_image","twitter_misc":{"Est. reading time":"1 minute"},"schema":{"@context":"https:\/\/schema.org","@graph":[{"@type":"WebPage","@id":"https:\/\/adexa.ee\/toode\/professionaalne-jahutusega-lett-kahe-klaasuksega-sugavus-600-mm-adexa-rs21vg\/","url":"https:\/\/adexa.ee\/toode\/professionaalne-jahutusega-lett-kahe-klaasuksega-sugavus-600-mm-adexa-rs21vg\/","name":"Professionaalne jahutusega lett kahe klaasuksega, s\u00fcgavus 600 mm | Adexa RS21VG - Adexa \u2013 Suurk\u00f6\u00f6giseadmed restoranidele ja toitlustusele","isPartOf":{"@id":"https:\/\/adexa.ee\/#website"},"primaryImageOfPage":{"@id":"https:\/\/adexa.ee\/toode\/professionaalne-jahutusega-lett-kahe-klaasuksega-sugavus-600-mm-adexa-rs21vg\/#primaryimage"},"image":{"@id":"https:\/\/adexa.ee\/toode\/professionaalne-jahutusega-lett-kahe-klaasuksega-sugavus-600-mm-adexa-rs21vg\/#primaryimage"},"thumbnailUrl":"https:\/\/adexa.ee\/wp-content\/uploads\/2024\/12\/RG21VGLASS.jpg","datePublished":"2026-03-26T08:05:31+00:00","dateModified":"2026-03-26T08:05:34+00:00","breadcrumb":{"@id":"https:\/\/adexa.ee\/toode\/professionaalne-jahutusega-lett-kahe-klaasuksega-sugavus-600-mm-adexa-rs21vg\/#breadcrumb"},"inLanguage":"en-US","potentialAction":[{"@type":"ReadAction","target":["https:\/\/adexa.ee\/toode\/professionaalne-jahutusega-lett-kahe-klaasuksega-sugavus-600-mm-adexa-rs21vg\/"]}]},{"@type":"ImageObject","inLanguage":"en-US","@id":"https:\/\/adexa.ee\/toode\/professionaalne-jahutusega-lett-kahe-klaasuksega-sugavus-600-mm-adexa-rs21vg\/#primaryimage","url":"https:\/\/adexa.ee\/wp-content\/uploads\/2024\/12\/RG21VGLASS.jpg","contentUrl":"https:\/\/adexa.ee\/wp-content\/uploads\/2024\/12\/RG21VGLASS.jpg","width":1500,"height":1500},{"@type":"BreadcrumbList","@id":"https:\/\/adexa.ee\/toode\/professionaalne-jahutusega-lett-kahe-klaasuksega-sugavus-600-mm-adexa-rs21vg\/#breadcrumb","itemListElement":[{"@type":"ListItem","position":1,"name":"Home","item":"https:\/\/adexa.ee\/"},{"@type":"ListItem","position":2,"name":"Tooted","item":"https:\/\/adexa.ee\/pood\/"},{"@type":"ListItem","position":3,"name":"Professionaalne jahutusega lett kahe klaasuksega, s\u00fcgavus 600 mm | Adexa RS21VG"}]},{"@type":"WebSite","@id":"https:\/\/adexa.ee\/#website","url":"https:\/\/adexa.ee\/","name":"Adexa","description":"","publisher":{"@id":"https:\/\/adexa.ee\/#organization"},"potentialAction":[{"@type":"SearchAction","target":{"@type":"EntryPoint","urlTemplate":"https:\/\/adexa.ee\/?s={search_term_string}"},"query-input":{"@type":"PropertyValueSpecification","valueRequired":true,"valueName":"search_term_string"}}],"inLanguage":"en-US"},{"@type":"Organization","@id":"https:\/\/adexa.ee\/#organization","name":"Adexa","url":"https:\/\/adexa.ee\/","logo":{"@type":"ImageObject","inLanguage":"en-US","@id":"https:\/\/adexa.ee\/#\/schema\/logo\/image\/","url":"https:\/\/adexa.ee\/wp-content\/uploads\/2024\/04\/chef-cooks-working-in-professional-kitchen-2023-11-27-05-07-39-utc-scaled.jpg","contentUrl":"https:\/\/adexa.ee\/wp-content\/uploads\/2024\/04\/chef-cooks-working-in-professional-kitchen-2023-11-27-05-07-39-utc-scaled.jpg","width":2560,"height":1708,"caption":"Adexa"},"image":{"@id":"https:\/\/adexa.ee\/#\/schema\/logo\/image\/"}}]}},"_links":{"self":[{"href":"https:\/\/adexa.ee\/en\/wp-json\/wp\/v2\/product\/13713","targetHints":{"allow":["GET"]}}],"collection":[{"href":"https:\/\/adexa.ee\/en\/wp-json\/wp\/v2\/product"}],"about":[{"href":"https:\/\/adexa.ee\/en\/wp-json\/wp\/v2\/types\/product"}],"wp:featuredmedia":[{"embeddable":true,"href":"https:\/\/adexa.ee\/en\/wp-json\/wp\/v2\/media\/11819"}],"wp:attachment":[{"href":"https:\/\/adexa.ee\/en\/wp-json\/wp\/v2\/media?parent=13713"}],"wp:term":[{"taxonomy":"product_brand","embeddable":true,"href":"https:\/\/adexa.ee\/en\/wp-json\/wp\/v2\/product_brand?post=13713"},{"taxonomy":"product_cat","embeddable":true,"href":"https:\/\/adexa.ee\/en\/wp-json\/wp\/v2\/product_cat?post=13713"},{"taxonomy":"product_tag","embeddable":true,"href":"https:\/\/adexa.ee\/en\/wp-json\/wp\/v2\/product_tag?post=13713"}],"curies":[{"name":"wp","href":"https:\/\/api.w.org\/{rel}","templated":true}]}}