{"id":13716,"date":"2026-03-26T10:05:31","date_gmt":"2026-03-26T08:05:31","guid":{"rendered":"https:\/\/adexa.ee\/toode\/professionaalne-prugikast-roostevabast-terasest-rataste-ja-pedaaliga-50-liitrit-adexa-tgb3660\/"},"modified":"2026-03-26T10:05:34","modified_gmt":"2026-03-26T08:05:34","slug":"professionaalne-prugikast-roostevabast-terasest-rataste-ja-pedaaliga-50-liitrit-adexa-tgb3660","status":"publish","type":"product","link":"https:\/\/adexa.ee\/en\/toode\/professionaalne-prugikast-roostevabast-terasest-rataste-ja-pedaaliga-50-liitrit-adexa-tgb3660\/","title":{"rendered":"Professionaalne pr\u00fcgikast roostevabast terasest rataste ja pedaaliga 50 liitrit | Adexa TGB3660"},"content":{"rendered":"<p>Kaubanduslik pr\u00fcgikonteiner, mis on t\u00e4ielikult valmistatud kvaliteetsest roostevabast terasest. Sobib suurep\u00e4raselt paljudele toitlustusasutustele. See professionaalne pr\u00fcgikast on 380 mm l\u00e4bim\u00f5\u00f5duga ja 610 mm k\u00f5rgune ning varustatud nii rataste kui ka jalapedaaliga. \u00dcksikasjaliku teabe saamiseks vaadake jaotist &#8220;Spetsifikatsioon&#8221;.<\/p>\n<table style=\"border-collapse: collapse; width: 100%; text-align: left;\">\n<tbody>\n<tr>\n<td style=\"border: 1px solid #ddd; padding: 8px; width: 45%;\"><strong>K\u00f5rgus<\/strong><\/td>\n<td style=\"border: 1px solid #ddd; padding: 8px;\">600 mm<\/td>\n<\/tr>\n<tr>\n<td style=\"border: 1px solid #ddd; padding: 8px; width: 45%;\"><strong>Kaal<\/strong><\/td>\n<td style=\"border: 1px solid #ddd; padding: 8px;\">7 kg<\/td>\n<\/tr>\n<tr>\n<td style=\"border: 1px solid #ddd; padding: 8px; width: 45%;\"><strong>Garantii<\/strong><\/td>\n<td style=\"border: 1px solid #ddd; padding: 8px;\">12 kuu varuosade garantii<\/td>\n<\/tr>\n<tr>\n<td style=\"border: 1px solid #ddd; padding: 8px; width: 45%;\"><strong>Mahutavus<\/strong><\/td>\n<td style=\"border: 1px solid #ddd; padding: 8px;\">50 liitrit<\/td>\n<\/tr>\n<tr>\n<td style=\"border: 1px solid #ddd; padding: 8px; width: 45%;\"><strong>Rullikud<\/strong><\/td>\n<td style=\"border: 1px solid #ddd; padding: 8px;\">Piduritega<\/td>\n<\/tr>\n<tr>\n<td style=\"border: 1px solid #ddd; padding: 8px; width: 45%;\"><strong>Materjal<\/strong><\/td>\n<td style=\"border: 1px solid #ddd; padding: 8px;\">Roostevaba teras<\/td>\n<\/tr>\n<tr>\n<td style=\"border: 1px solid #ddd; padding: 8px; width: 45%;\"><strong>Pedaal<\/strong><\/td>\n<td style=\"border: 1px solid #ddd; padding: 8px;\">Jah<\/td>\n<\/tr>\n<tr>\n<td style=\"border: 1px solid #ddd; padding: 8px; width: 45%;\"><strong>L\u00e4bim\u00f5\u00f5t<\/strong><\/td>\n<td style=\"border: 1px solid #ddd; padding: 8px;\">360 mm<\/td>\n<\/tr>\n<\/tbody>\n<\/table>\n","protected":false},"excerpt":{"rendered":"<p>Kaubanduslik pr\u00fcgikonteiner, mis on t\u00e4ielikult valmistatud kvaliteetsest roostevabast terasest. Sobib suurep\u00e4raselt paljudele toitlustusasutustele. See professionaalne pr\u00fcgikast on 380 mm l\u00e4bim\u00f5\u00f5duga<\/p>\n","protected":false},"featured_media":13719,"template":"","meta":[],"product_brand":[],"product_cat":[569,846,764,718,572],"product_tag":[],"class_list":{"0":"post-13716","1":"product","2":"type-product","3":"status-publish","4":"has-post-thumbnail","6":"product_cat-lopumuuk","7":"product_cat-prugikastid-puhastus-ja-hugieen","8":"product_cat-prugikastid","9":"product_cat-puhastus-ja-hugieen","10":"product_cat-roostevabad-tooted","12":"first","13":"instock","14":"sale","15":"taxable","16":"shipping-taxable","17":"purchasable","18":"product-type-simple"},"yoast_head":"<!-- This site is optimized with the Yoast SEO plugin v27.3 - https:\/\/yoast.com\/product\/yoast-seo-wordpress\/ -->\n<title>Professionaalne pr\u00fcgikast roostevabast terasest rataste ja pedaaliga 50 liitrit | Adexa TGB3660 - Adexa \u2013 Suurk\u00f6\u00f6giseadmed restoranidele ja toitlustusele<\/title>\n<meta name=\"robots\" content=\"index, follow, max-snippet:-1, max-image-preview:large, max-video-preview:-1\" \/>\n<link rel=\"canonical\" href=\"https:\/\/adexa.ee\/toode\/professionaalne-prugikast-roostevabast-terasest-rataste-ja-pedaaliga-50-liitrit-adexa-tgb3660\/\" \/>\n<meta property=\"og:locale\" content=\"en_US\" \/>\n<meta property=\"og:type\" content=\"article\" \/>\n<meta property=\"og:title\" content=\"Professionaalne pr\u00fcgikast roostevabast terasest rataste ja pedaaliga 50 liitrit | Adexa TGB3660 - Adexa \u2013 Suurk\u00f6\u00f6giseadmed restoranidele ja toitlustusele\" \/>\n<meta property=\"og:description\" content=\"Kaubanduslik pr\u00fcgikonteiner, mis on t\u00e4ielikult valmistatud kvaliteetsest roostevabast terasest. Sobib suurep\u00e4raselt paljudele toitlustusasutustele. See professionaalne pr\u00fcgikast on 380 mm l\u00e4bim\u00f5\u00f5duga\" \/>\n<meta property=\"og:url\" content=\"https:\/\/adexa.ee\/toode\/professionaalne-prugikast-roostevabast-terasest-rataste-ja-pedaaliga-50-liitrit-adexa-tgb3660\/\" \/>\n<meta property=\"og:site_name\" content=\"Adexa \u2013 Suurk\u00f6\u00f6giseadmed restoranidele ja toitlustusele\" \/>\n<meta property=\"article:modified_time\" content=\"2026-03-26T08:05:34+00:00\" \/>\n<meta property=\"og:image\" content=\"https:\/\/adexa.ee\/wp-content\/uploads\/2024\/12\/TGB3660.jpg\" \/>\n\t<meta property=\"og:image:width\" content=\"2000\" \/>\n\t<meta property=\"og:image:height\" content=\"2000\" \/>\n\t<meta property=\"og:image:type\" content=\"image\/jpeg\" \/>\n<meta name=\"twitter:card\" content=\"summary_large_image\" \/>\n<script type=\"application\/ld+json\" class=\"yoast-schema-graph\">{\"@context\":\"https:\\\/\\\/schema.org\",\"@graph\":[{\"@type\":\"WebPage\",\"@id\":\"https:\\\/\\\/adexa.ee\\\/toode\\\/professionaalne-prugikast-roostevabast-terasest-rataste-ja-pedaaliga-50-liitrit-adexa-tgb3660\\\/\",\"url\":\"https:\\\/\\\/adexa.ee\\\/toode\\\/professionaalne-prugikast-roostevabast-terasest-rataste-ja-pedaaliga-50-liitrit-adexa-tgb3660\\\/\",\"name\":\"Professionaalne pr\u00fcgikast roostevabast terasest rataste ja pedaaliga 50 liitrit | Adexa TGB3660 - Adexa \u2013 Suurk\u00f6\u00f6giseadmed restoranidele ja toitlustusele\",\"isPartOf\":{\"@id\":\"https:\\\/\\\/adexa.ee\\\/#website\"},\"primaryImageOfPage\":{\"@id\":\"https:\\\/\\\/adexa.ee\\\/toode\\\/professionaalne-prugikast-roostevabast-terasest-rataste-ja-pedaaliga-50-liitrit-adexa-tgb3660\\\/#primaryimage\"},\"image\":{\"@id\":\"https:\\\/\\\/adexa.ee\\\/toode\\\/professionaalne-prugikast-roostevabast-terasest-rataste-ja-pedaaliga-50-liitrit-adexa-tgb3660\\\/#primaryimage\"},\"thumbnailUrl\":\"https:\\\/\\\/adexa.ee\\\/wp-content\\\/uploads\\\/2024\\\/12\\\/TGB3660.jpg\",\"datePublished\":\"2026-03-26T08:05:31+00:00\",\"dateModified\":\"2026-03-26T08:05:34+00:00\",\"breadcrumb\":{\"@id\":\"https:\\\/\\\/adexa.ee\\\/toode\\\/professionaalne-prugikast-roostevabast-terasest-rataste-ja-pedaaliga-50-liitrit-adexa-tgb3660\\\/#breadcrumb\"},\"inLanguage\":\"en-US\",\"potentialAction\":[{\"@type\":\"ReadAction\",\"target\":[\"https:\\\/\\\/adexa.ee\\\/toode\\\/professionaalne-prugikast-roostevabast-terasest-rataste-ja-pedaaliga-50-liitrit-adexa-tgb3660\\\/\"]}]},{\"@type\":\"ImageObject\",\"inLanguage\":\"en-US\",\"@id\":\"https:\\\/\\\/adexa.ee\\\/toode\\\/professionaalne-prugikast-roostevabast-terasest-rataste-ja-pedaaliga-50-liitrit-adexa-tgb3660\\\/#primaryimage\",\"url\":\"https:\\\/\\\/adexa.ee\\\/wp-content\\\/uploads\\\/2024\\\/12\\\/TGB3660.jpg\",\"contentUrl\":\"https:\\\/\\\/adexa.ee\\\/wp-content\\\/uploads\\\/2024\\\/12\\\/TGB3660.jpg\",\"width\":2000,\"height\":2000},{\"@type\":\"BreadcrumbList\",\"@id\":\"https:\\\/\\\/adexa.ee\\\/toode\\\/professionaalne-prugikast-roostevabast-terasest-rataste-ja-pedaaliga-50-liitrit-adexa-tgb3660\\\/#breadcrumb\",\"itemListElement\":[{\"@type\":\"ListItem\",\"position\":1,\"name\":\"Home\",\"item\":\"https:\\\/\\\/adexa.ee\\\/\"},{\"@type\":\"ListItem\",\"position\":2,\"name\":\"Tooted\",\"item\":\"https:\\\/\\\/adexa.ee\\\/pood\\\/\"},{\"@type\":\"ListItem\",\"position\":3,\"name\":\"Professionaalne pr\u00fcgikast roostevabast terasest rataste ja pedaaliga 50 liitrit | Adexa TGB3660\"}]},{\"@type\":\"WebSite\",\"@id\":\"https:\\\/\\\/adexa.ee\\\/#website\",\"url\":\"https:\\\/\\\/adexa.ee\\\/\",\"name\":\"Adexa\",\"description\":\"\",\"publisher\":{\"@id\":\"https:\\\/\\\/adexa.ee\\\/#organization\"},\"potentialAction\":[{\"@type\":\"SearchAction\",\"target\":{\"@type\":\"EntryPoint\",\"urlTemplate\":\"https:\\\/\\\/adexa.ee\\\/?s={search_term_string}\"},\"query-input\":{\"@type\":\"PropertyValueSpecification\",\"valueRequired\":true,\"valueName\":\"search_term_string\"}}],\"inLanguage\":\"en-US\"},{\"@type\":\"Organization\",\"@id\":\"https:\\\/\\\/adexa.ee\\\/#organization\",\"name\":\"Adexa\",\"url\":\"https:\\\/\\\/adexa.ee\\\/\",\"logo\":{\"@type\":\"ImageObject\",\"inLanguage\":\"en-US\",\"@id\":\"https:\\\/\\\/adexa.ee\\\/#\\\/schema\\\/logo\\\/image\\\/\",\"url\":\"https:\\\/\\\/adexa.ee\\\/wp-content\\\/uploads\\\/2024\\\/04\\\/chef-cooks-working-in-professional-kitchen-2023-11-27-05-07-39-utc-scaled.jpg\",\"contentUrl\":\"https:\\\/\\\/adexa.ee\\\/wp-content\\\/uploads\\\/2024\\\/04\\\/chef-cooks-working-in-professional-kitchen-2023-11-27-05-07-39-utc-scaled.jpg\",\"width\":2560,\"height\":1708,\"caption\":\"Adexa\"},\"image\":{\"@id\":\"https:\\\/\\\/adexa.ee\\\/#\\\/schema\\\/logo\\\/image\\\/\"}}]}<\/script>\n<!-- \/ Yoast SEO plugin. -->","yoast_head_json":{"title":"Professionaalne pr\u00fcgikast roostevabast terasest rataste ja pedaaliga 50 liitrit | Adexa TGB3660 - Adexa \u2013 Suurk\u00f6\u00f6giseadmed restoranidele ja toitlustusele","robots":{"index":"index","follow":"follow","max-snippet":"max-snippet:-1","max-image-preview":"max-image-preview:large","max-video-preview":"max-video-preview:-1"},"canonical":"https:\/\/adexa.ee\/toode\/professionaalne-prugikast-roostevabast-terasest-rataste-ja-pedaaliga-50-liitrit-adexa-tgb3660\/","og_locale":"en_US","og_type":"article","og_title":"Professionaalne pr\u00fcgikast roostevabast terasest rataste ja pedaaliga 50 liitrit | Adexa TGB3660 - Adexa \u2013 Suurk\u00f6\u00f6giseadmed restoranidele ja toitlustusele","og_description":"Kaubanduslik pr\u00fcgikonteiner, mis on t\u00e4ielikult valmistatud kvaliteetsest roostevabast terasest. Sobib suurep\u00e4raselt paljudele toitlustusasutustele. See professionaalne pr\u00fcgikast on 380 mm l\u00e4bim\u00f5\u00f5duga","og_url":"https:\/\/adexa.ee\/toode\/professionaalne-prugikast-roostevabast-terasest-rataste-ja-pedaaliga-50-liitrit-adexa-tgb3660\/","og_site_name":"Adexa \u2013 Suurk\u00f6\u00f6giseadmed restoranidele ja toitlustusele","article_modified_time":"2026-03-26T08:05:34+00:00","og_image":[{"width":2000,"height":2000,"url":"https:\/\/adexa.ee\/wp-content\/uploads\/2024\/12\/TGB3660.jpg","type":"image\/jpeg"}],"twitter_card":"summary_large_image","schema":{"@context":"https:\/\/schema.org","@graph":[{"@type":"WebPage","@id":"https:\/\/adexa.ee\/toode\/professionaalne-prugikast-roostevabast-terasest-rataste-ja-pedaaliga-50-liitrit-adexa-tgb3660\/","url":"https:\/\/adexa.ee\/toode\/professionaalne-prugikast-roostevabast-terasest-rataste-ja-pedaaliga-50-liitrit-adexa-tgb3660\/","name":"Professionaalne pr\u00fcgikast roostevabast terasest rataste ja pedaaliga 50 liitrit | Adexa TGB3660 - Adexa \u2013 Suurk\u00f6\u00f6giseadmed restoranidele ja toitlustusele","isPartOf":{"@id":"https:\/\/adexa.ee\/#website"},"primaryImageOfPage":{"@id":"https:\/\/adexa.ee\/toode\/professionaalne-prugikast-roostevabast-terasest-rataste-ja-pedaaliga-50-liitrit-adexa-tgb3660\/#primaryimage"},"image":{"@id":"https:\/\/adexa.ee\/toode\/professionaalne-prugikast-roostevabast-terasest-rataste-ja-pedaaliga-50-liitrit-adexa-tgb3660\/#primaryimage"},"thumbnailUrl":"https:\/\/adexa.ee\/wp-content\/uploads\/2024\/12\/TGB3660.jpg","datePublished":"2026-03-26T08:05:31+00:00","dateModified":"2026-03-26T08:05:34+00:00","breadcrumb":{"@id":"https:\/\/adexa.ee\/toode\/professionaalne-prugikast-roostevabast-terasest-rataste-ja-pedaaliga-50-liitrit-adexa-tgb3660\/#breadcrumb"},"inLanguage":"en-US","potentialAction":[{"@type":"ReadAction","target":["https:\/\/adexa.ee\/toode\/professionaalne-prugikast-roostevabast-terasest-rataste-ja-pedaaliga-50-liitrit-adexa-tgb3660\/"]}]},{"@type":"ImageObject","inLanguage":"en-US","@id":"https:\/\/adexa.ee\/toode\/professionaalne-prugikast-roostevabast-terasest-rataste-ja-pedaaliga-50-liitrit-adexa-tgb3660\/#primaryimage","url":"https:\/\/adexa.ee\/wp-content\/uploads\/2024\/12\/TGB3660.jpg","contentUrl":"https:\/\/adexa.ee\/wp-content\/uploads\/2024\/12\/TGB3660.jpg","width":2000,"height":2000},{"@type":"BreadcrumbList","@id":"https:\/\/adexa.ee\/toode\/professionaalne-prugikast-roostevabast-terasest-rataste-ja-pedaaliga-50-liitrit-adexa-tgb3660\/#breadcrumb","itemListElement":[{"@type":"ListItem","position":1,"name":"Home","item":"https:\/\/adexa.ee\/"},{"@type":"ListItem","position":2,"name":"Tooted","item":"https:\/\/adexa.ee\/pood\/"},{"@type":"ListItem","position":3,"name":"Professionaalne pr\u00fcgikast roostevabast terasest rataste ja pedaaliga 50 liitrit | Adexa TGB3660"}]},{"@type":"WebSite","@id":"https:\/\/adexa.ee\/#website","url":"https:\/\/adexa.ee\/","name":"Adexa","description":"","publisher":{"@id":"https:\/\/adexa.ee\/#organization"},"potentialAction":[{"@type":"SearchAction","target":{"@type":"EntryPoint","urlTemplate":"https:\/\/adexa.ee\/?s={search_term_string}"},"query-input":{"@type":"PropertyValueSpecification","valueRequired":true,"valueName":"search_term_string"}}],"inLanguage":"en-US"},{"@type":"Organization","@id":"https:\/\/adexa.ee\/#organization","name":"Adexa","url":"https:\/\/adexa.ee\/","logo":{"@type":"ImageObject","inLanguage":"en-US","@id":"https:\/\/adexa.ee\/#\/schema\/logo\/image\/","url":"https:\/\/adexa.ee\/wp-content\/uploads\/2024\/04\/chef-cooks-working-in-professional-kitchen-2023-11-27-05-07-39-utc-scaled.jpg","contentUrl":"https:\/\/adexa.ee\/wp-content\/uploads\/2024\/04\/chef-cooks-working-in-professional-kitchen-2023-11-27-05-07-39-utc-scaled.jpg","width":2560,"height":1708,"caption":"Adexa"},"image":{"@id":"https:\/\/adexa.ee\/#\/schema\/logo\/image\/"}}]}},"_links":{"self":[{"href":"https:\/\/adexa.ee\/en\/wp-json\/wp\/v2\/product\/13716","targetHints":{"allow":["GET"]}}],"collection":[{"href":"https:\/\/adexa.ee\/en\/wp-json\/wp\/v2\/product"}],"about":[{"href":"https:\/\/adexa.ee\/en\/wp-json\/wp\/v2\/types\/product"}],"wp:featuredmedia":[{"embeddable":true,"href":"https:\/\/adexa.ee\/en\/wp-json\/wp\/v2\/media\/13719"}],"wp:attachment":[{"href":"https:\/\/adexa.ee\/en\/wp-json\/wp\/v2\/media?parent=13716"}],"wp:term":[{"taxonomy":"product_brand","embeddable":true,"href":"https:\/\/adexa.ee\/en\/wp-json\/wp\/v2\/product_brand?post=13716"},{"taxonomy":"product_cat","embeddable":true,"href":"https:\/\/adexa.ee\/en\/wp-json\/wp\/v2\/product_cat?post=13716"},{"taxonomy":"product_tag","embeddable":true,"href":"https:\/\/adexa.ee\/en\/wp-json\/wp\/v2\/product_tag?post=13716"}],"curies":[{"name":"wp","href":"https:\/\/api.w.org\/{rel}","templated":true}]}}