{"id":13773,"date":"2026-03-26T10:05:37","date_gmt":"2026-03-26T08:05:37","guid":{"rendered":"https:\/\/adexa.ee\/toode\/kaubanduslik-keskmine-ribidega-uhepohine-3kw-elektriline-praeplaat-adexa-wheg818ar\/"},"modified":"2026-03-26T10:05:39","modified_gmt":"2026-03-26T08:05:39","slug":"ribidega-uhe-pohjaga-3kw-elektriline-praeplaat-adexa-wheg818ar","status":"publish","type":"product","link":"https:\/\/adexa.ee\/en\/toode\/ribidega-uhe-pohjaga-3kw-elektriline-praeplaat-adexa-wheg818ar\/","title":{"rendered":"Ribidega \u00dche p\u00f5hjaga 3Kw Elektriline Praeplaat | Adexa Wheg818Ar"},"content":{"rendered":"<p>See elektriline lauaplaatide praepann on loodud maksimaalse kiiruse ja mitmek\u00fclgsuse tagamiseks. Saate kiiresti valmistada erinevaid populaarseid roogasid selle kaubandusliku elektrilise praetipuga! Olgu tegu pannkookide, burgerite, grilljuustu v\u00f5i munapudruga, see vastupidav roostevabast terasest praepann tagab vastupidavuse ja j\u00f5udluse, mida vajate t\u00f6\u00f6 tegemiseks. Paks teraspinnaga k\u00fcpsetuspind soojeneb \u00fchtlaselt kogu ulatuses, pakkudes j\u00e4rjepidevaid k\u00fcpsetustulemusi, olenemata sellest, kus te toidu praetaldrikul asetate. 530x436x230mm Ribidega pind 3000W Roostevaba teras Kuni +300\u00b0C Palun vaadake \u00fcksikasjaliku teabe saamiseks jaotist \u201eSpetsifikatsioon\u201d.<\/p>\n<table style=\"border-collapse: collapse; width: 100%; text-align: left;\">\n<tbody>\n<tr>\n<td style=\"border: 1px solid #ddd; padding: 8px; width: 45%;\"><strong>S\u00fcgavus<\/strong><\/td>\n<td style=\"border: 1px solid #ddd; padding: 8px;\">436 mm<\/td>\n<\/tr>\n<tr>\n<td style=\"border: 1px solid #ddd; padding: 8px; width: 45%;\"><strong>K\u00f5rgus<\/strong><\/td>\n<td style=\"border: 1px solid #ddd; padding: 8px;\">230 mm<\/td>\n<\/tr>\n<tr>\n<td style=\"border: 1px solid #ddd; padding: 8px; width: 45%;\"><strong>Laius<\/strong><\/td>\n<td style=\"border: 1px solid #ddd; padding: 8px;\">530 mm<\/td>\n<\/tr>\n<tr>\n<td style=\"border: 1px solid #ddd; padding: 8px; width: 45%;\"><strong>Kaal<\/strong><\/td>\n<td style=\"border: 1px solid #ddd; padding: 8px;\">18 kg<\/td>\n<\/tr>\n<tr>\n<td style=\"border: 1px solid #ddd; padding: 8px; width: 45%;\"><strong>Garantii<\/strong><\/td>\n<td style=\"border: 1px solid #ddd; padding: 8px;\">12 kuu varuosade garantii<\/td>\n<\/tr>\n<tr>\n<td style=\"border: 1px solid #ddd; padding: 8px; width: 45%;\"><strong>Versioon<\/strong><\/td>\n<td style=\"border: 1px solid #ddd; padding: 8px;\">Ribitud topp<\/td>\n<\/tr>\n<tr>\n<td style=\"border: 1px solid #ddd; padding: 8px; width: 45%;\"><strong>Toiteallikas<\/strong><\/td>\n<td style=\"border: 1px solid #ddd; padding: 8px;\">230V \/ 1 faas<\/td>\n<\/tr>\n<tr>\n<td style=\"border: 1px solid #ddd; padding: 8px; width: 45%;\"><strong>Materjal<\/strong><\/td>\n<td style=\"border: 1px solid #ddd; padding: 8px;\">Roostevaba teras<\/td>\n<\/tr>\n<tr>\n<td style=\"border: 1px solid #ddd; padding: 8px; width: 45%;\"><strong>Temperatuur<\/strong><\/td>\n<td style=\"border: 1px solid #ddd; padding: 8px;\">Kuni +300\u00b0C<\/td>\n<\/tr>\n<\/tbody>\n<\/table>\n","protected":false},"excerpt":{"rendered":"<p>See elektriline lauaplaatide praepann on loodud maksimaalse kiiruse ja mitmek\u00fclgsuse tagamiseks. Saate kiiresti valmistada erinevaid populaarseid roogasid selle kaubandusliku elektrilise<\/p>\n","protected":false},"featured_media":13776,"template":"","meta":[],"product_brand":[],"product_cat":[591,589,590,557,588],"product_tag":[],"class_list":{"0":"post-13773","1":"product","2":"type-product","3":"status-publish","4":"has-post-thumbnail","6":"product_cat-elektrilised","7":"product_cat-grillplaadid","8":"product_cat-grillplaadid-kupsetusseadmed","9":"product_cat-kupsetusseadmed","10":"product_cat-kuumseadmed","12":"first","13":"instock","14":"sale","15":"taxable","16":"shipping-taxable","17":"purchasable","18":"product-type-simple"},"yoast_head":"<!-- This site is optimized with the Yoast SEO plugin v27.3 - https:\/\/yoast.com\/product\/yoast-seo-wordpress\/ -->\n<title>Ribidega \u00dche p\u00f5hjaga 3Kw Elektriline Praeplaat | Adexa Wheg818Ar - Adexa \u2013 Suurk\u00f6\u00f6giseadmed restoranidele ja toitlustusele<\/title>\n<meta name=\"robots\" content=\"index, follow, max-snippet:-1, max-image-preview:large, max-video-preview:-1\" \/>\n<link rel=\"canonical\" href=\"https:\/\/adexa.ee\/toode\/ribidega-uhe-pohjaga-3kw-elektriline-praeplaat-adexa-wheg818ar\/\" \/>\n<meta property=\"og:locale\" content=\"en_US\" \/>\n<meta property=\"og:type\" content=\"article\" \/>\n<meta property=\"og:title\" content=\"Ribidega \u00dche p\u00f5hjaga 3Kw Elektriline Praeplaat | Adexa Wheg818Ar - Adexa \u2013 Suurk\u00f6\u00f6giseadmed restoranidele ja toitlustusele\" \/>\n<meta property=\"og:description\" content=\"See elektriline lauaplaatide praepann on loodud maksimaalse kiiruse ja mitmek\u00fclgsuse tagamiseks. Saate kiiresti valmistada erinevaid populaarseid roogasid selle kaubandusliku elektrilise\" \/>\n<meta property=\"og:url\" content=\"https:\/\/adexa.ee\/toode\/ribidega-uhe-pohjaga-3kw-elektriline-praeplaat-adexa-wheg818ar\/\" \/>\n<meta property=\"og:site_name\" content=\"Adexa \u2013 Suurk\u00f6\u00f6giseadmed restoranidele ja toitlustusele\" \/>\n<meta property=\"article:modified_time\" content=\"2026-03-26T08:05:39+00:00\" \/>\n<meta property=\"og:image\" content=\"https:\/\/adexa.ee\/wp-content\/uploads\/2024\/12\/WHEG818AR.jpg\" \/>\n\t<meta property=\"og:image:width\" content=\"2000\" \/>\n\t<meta property=\"og:image:height\" content=\"2000\" \/>\n\t<meta property=\"og:image:type\" content=\"image\/jpeg\" \/>\n<meta name=\"twitter:card\" content=\"summary_large_image\" \/>\n<meta name=\"twitter:label1\" content=\"Est. reading time\" \/>\n\t<meta name=\"twitter:data1\" content=\"1 minute\" \/>\n<script type=\"application\/ld+json\" class=\"yoast-schema-graph\">{\"@context\":\"https:\\\/\\\/schema.org\",\"@graph\":[{\"@type\":\"WebPage\",\"@id\":\"https:\\\/\\\/adexa.ee\\\/toode\\\/ribidega-uhe-pohjaga-3kw-elektriline-praeplaat-adexa-wheg818ar\\\/\",\"url\":\"https:\\\/\\\/adexa.ee\\\/toode\\\/ribidega-uhe-pohjaga-3kw-elektriline-praeplaat-adexa-wheg818ar\\\/\",\"name\":\"Ribidega \u00dche p\u00f5hjaga 3Kw Elektriline Praeplaat | Adexa Wheg818Ar - Adexa \u2013 Suurk\u00f6\u00f6giseadmed restoranidele ja toitlustusele\",\"isPartOf\":{\"@id\":\"https:\\\/\\\/adexa.ee\\\/#website\"},\"primaryImageOfPage\":{\"@id\":\"https:\\\/\\\/adexa.ee\\\/toode\\\/ribidega-uhe-pohjaga-3kw-elektriline-praeplaat-adexa-wheg818ar\\\/#primaryimage\"},\"image\":{\"@id\":\"https:\\\/\\\/adexa.ee\\\/toode\\\/ribidega-uhe-pohjaga-3kw-elektriline-praeplaat-adexa-wheg818ar\\\/#primaryimage\"},\"thumbnailUrl\":\"https:\\\/\\\/adexa.ee\\\/wp-content\\\/uploads\\\/2024\\\/12\\\/WHEG818AR.jpg\",\"datePublished\":\"2026-03-26T08:05:37+00:00\",\"dateModified\":\"2026-03-26T08:05:39+00:00\",\"breadcrumb\":{\"@id\":\"https:\\\/\\\/adexa.ee\\\/toode\\\/ribidega-uhe-pohjaga-3kw-elektriline-praeplaat-adexa-wheg818ar\\\/#breadcrumb\"},\"inLanguage\":\"en-US\",\"potentialAction\":[{\"@type\":\"ReadAction\",\"target\":[\"https:\\\/\\\/adexa.ee\\\/toode\\\/ribidega-uhe-pohjaga-3kw-elektriline-praeplaat-adexa-wheg818ar\\\/\"]}]},{\"@type\":\"ImageObject\",\"inLanguage\":\"en-US\",\"@id\":\"https:\\\/\\\/adexa.ee\\\/toode\\\/ribidega-uhe-pohjaga-3kw-elektriline-praeplaat-adexa-wheg818ar\\\/#primaryimage\",\"url\":\"https:\\\/\\\/adexa.ee\\\/wp-content\\\/uploads\\\/2024\\\/12\\\/WHEG818AR.jpg\",\"contentUrl\":\"https:\\\/\\\/adexa.ee\\\/wp-content\\\/uploads\\\/2024\\\/12\\\/WHEG818AR.jpg\",\"width\":2000,\"height\":2000},{\"@type\":\"BreadcrumbList\",\"@id\":\"https:\\\/\\\/adexa.ee\\\/toode\\\/ribidega-uhe-pohjaga-3kw-elektriline-praeplaat-adexa-wheg818ar\\\/#breadcrumb\",\"itemListElement\":[{\"@type\":\"ListItem\",\"position\":1,\"name\":\"Home\",\"item\":\"https:\\\/\\\/adexa.ee\\\/\"},{\"@type\":\"ListItem\",\"position\":2,\"name\":\"Tooted\",\"item\":\"https:\\\/\\\/adexa.ee\\\/pood\\\/\"},{\"@type\":\"ListItem\",\"position\":3,\"name\":\"Ribidega \u00dche p\u00f5hjaga 3Kw Elektriline Praeplaat | Adexa Wheg818Ar\"}]},{\"@type\":\"WebSite\",\"@id\":\"https:\\\/\\\/adexa.ee\\\/#website\",\"url\":\"https:\\\/\\\/adexa.ee\\\/\",\"name\":\"Adexa\",\"description\":\"\",\"publisher\":{\"@id\":\"https:\\\/\\\/adexa.ee\\\/#organization\"},\"potentialAction\":[{\"@type\":\"SearchAction\",\"target\":{\"@type\":\"EntryPoint\",\"urlTemplate\":\"https:\\\/\\\/adexa.ee\\\/?s={search_term_string}\"},\"query-input\":{\"@type\":\"PropertyValueSpecification\",\"valueRequired\":true,\"valueName\":\"search_term_string\"}}],\"inLanguage\":\"en-US\"},{\"@type\":\"Organization\",\"@id\":\"https:\\\/\\\/adexa.ee\\\/#organization\",\"name\":\"Adexa\",\"url\":\"https:\\\/\\\/adexa.ee\\\/\",\"logo\":{\"@type\":\"ImageObject\",\"inLanguage\":\"en-US\",\"@id\":\"https:\\\/\\\/adexa.ee\\\/#\\\/schema\\\/logo\\\/image\\\/\",\"url\":\"https:\\\/\\\/adexa.ee\\\/wp-content\\\/uploads\\\/2024\\\/04\\\/chef-cooks-working-in-professional-kitchen-2023-11-27-05-07-39-utc-scaled.jpg\",\"contentUrl\":\"https:\\\/\\\/adexa.ee\\\/wp-content\\\/uploads\\\/2024\\\/04\\\/chef-cooks-working-in-professional-kitchen-2023-11-27-05-07-39-utc-scaled.jpg\",\"width\":2560,\"height\":1708,\"caption\":\"Adexa\"},\"image\":{\"@id\":\"https:\\\/\\\/adexa.ee\\\/#\\\/schema\\\/logo\\\/image\\\/\"}}]}<\/script>\n<!-- \/ Yoast SEO plugin. -->","yoast_head_json":{"title":"Ribidega \u00dche p\u00f5hjaga 3Kw Elektriline Praeplaat | Adexa Wheg818Ar - Adexa \u2013 Suurk\u00f6\u00f6giseadmed restoranidele ja toitlustusele","robots":{"index":"index","follow":"follow","max-snippet":"max-snippet:-1","max-image-preview":"max-image-preview:large","max-video-preview":"max-video-preview:-1"},"canonical":"https:\/\/adexa.ee\/toode\/ribidega-uhe-pohjaga-3kw-elektriline-praeplaat-adexa-wheg818ar\/","og_locale":"en_US","og_type":"article","og_title":"Ribidega \u00dche p\u00f5hjaga 3Kw Elektriline Praeplaat | Adexa Wheg818Ar - Adexa \u2013 Suurk\u00f6\u00f6giseadmed restoranidele ja toitlustusele","og_description":"See elektriline lauaplaatide praepann on loodud maksimaalse kiiruse ja mitmek\u00fclgsuse tagamiseks. Saate kiiresti valmistada erinevaid populaarseid roogasid selle kaubandusliku elektrilise","og_url":"https:\/\/adexa.ee\/toode\/ribidega-uhe-pohjaga-3kw-elektriline-praeplaat-adexa-wheg818ar\/","og_site_name":"Adexa \u2013 Suurk\u00f6\u00f6giseadmed restoranidele ja toitlustusele","article_modified_time":"2026-03-26T08:05:39+00:00","og_image":[{"width":2000,"height":2000,"url":"https:\/\/adexa.ee\/wp-content\/uploads\/2024\/12\/WHEG818AR.jpg","type":"image\/jpeg"}],"twitter_card":"summary_large_image","twitter_misc":{"Est. reading time":"1 minute"},"schema":{"@context":"https:\/\/schema.org","@graph":[{"@type":"WebPage","@id":"https:\/\/adexa.ee\/toode\/ribidega-uhe-pohjaga-3kw-elektriline-praeplaat-adexa-wheg818ar\/","url":"https:\/\/adexa.ee\/toode\/ribidega-uhe-pohjaga-3kw-elektriline-praeplaat-adexa-wheg818ar\/","name":"Ribidega \u00dche p\u00f5hjaga 3Kw Elektriline Praeplaat | Adexa Wheg818Ar - Adexa \u2013 Suurk\u00f6\u00f6giseadmed restoranidele ja toitlustusele","isPartOf":{"@id":"https:\/\/adexa.ee\/#website"},"primaryImageOfPage":{"@id":"https:\/\/adexa.ee\/toode\/ribidega-uhe-pohjaga-3kw-elektriline-praeplaat-adexa-wheg818ar\/#primaryimage"},"image":{"@id":"https:\/\/adexa.ee\/toode\/ribidega-uhe-pohjaga-3kw-elektriline-praeplaat-adexa-wheg818ar\/#primaryimage"},"thumbnailUrl":"https:\/\/adexa.ee\/wp-content\/uploads\/2024\/12\/WHEG818AR.jpg","datePublished":"2026-03-26T08:05:37+00:00","dateModified":"2026-03-26T08:05:39+00:00","breadcrumb":{"@id":"https:\/\/adexa.ee\/toode\/ribidega-uhe-pohjaga-3kw-elektriline-praeplaat-adexa-wheg818ar\/#breadcrumb"},"inLanguage":"en-US","potentialAction":[{"@type":"ReadAction","target":["https:\/\/adexa.ee\/toode\/ribidega-uhe-pohjaga-3kw-elektriline-praeplaat-adexa-wheg818ar\/"]}]},{"@type":"ImageObject","inLanguage":"en-US","@id":"https:\/\/adexa.ee\/toode\/ribidega-uhe-pohjaga-3kw-elektriline-praeplaat-adexa-wheg818ar\/#primaryimage","url":"https:\/\/adexa.ee\/wp-content\/uploads\/2024\/12\/WHEG818AR.jpg","contentUrl":"https:\/\/adexa.ee\/wp-content\/uploads\/2024\/12\/WHEG818AR.jpg","width":2000,"height":2000},{"@type":"BreadcrumbList","@id":"https:\/\/adexa.ee\/toode\/ribidega-uhe-pohjaga-3kw-elektriline-praeplaat-adexa-wheg818ar\/#breadcrumb","itemListElement":[{"@type":"ListItem","position":1,"name":"Home","item":"https:\/\/adexa.ee\/"},{"@type":"ListItem","position":2,"name":"Tooted","item":"https:\/\/adexa.ee\/pood\/"},{"@type":"ListItem","position":3,"name":"Ribidega \u00dche p\u00f5hjaga 3Kw Elektriline Praeplaat | Adexa Wheg818Ar"}]},{"@type":"WebSite","@id":"https:\/\/adexa.ee\/#website","url":"https:\/\/adexa.ee\/","name":"Adexa","description":"","publisher":{"@id":"https:\/\/adexa.ee\/#organization"},"potentialAction":[{"@type":"SearchAction","target":{"@type":"EntryPoint","urlTemplate":"https:\/\/adexa.ee\/?s={search_term_string}"},"query-input":{"@type":"PropertyValueSpecification","valueRequired":true,"valueName":"search_term_string"}}],"inLanguage":"en-US"},{"@type":"Organization","@id":"https:\/\/adexa.ee\/#organization","name":"Adexa","url":"https:\/\/adexa.ee\/","logo":{"@type":"ImageObject","inLanguage":"en-US","@id":"https:\/\/adexa.ee\/#\/schema\/logo\/image\/","url":"https:\/\/adexa.ee\/wp-content\/uploads\/2024\/04\/chef-cooks-working-in-professional-kitchen-2023-11-27-05-07-39-utc-scaled.jpg","contentUrl":"https:\/\/adexa.ee\/wp-content\/uploads\/2024\/04\/chef-cooks-working-in-professional-kitchen-2023-11-27-05-07-39-utc-scaled.jpg","width":2560,"height":1708,"caption":"Adexa"},"image":{"@id":"https:\/\/adexa.ee\/#\/schema\/logo\/image\/"}}]}},"_links":{"self":[{"href":"https:\/\/adexa.ee\/en\/wp-json\/wp\/v2\/product\/13773","targetHints":{"allow":["GET"]}}],"collection":[{"href":"https:\/\/adexa.ee\/en\/wp-json\/wp\/v2\/product"}],"about":[{"href":"https:\/\/adexa.ee\/en\/wp-json\/wp\/v2\/types\/product"}],"wp:featuredmedia":[{"embeddable":true,"href":"https:\/\/adexa.ee\/en\/wp-json\/wp\/v2\/media\/13776"}],"wp:attachment":[{"href":"https:\/\/adexa.ee\/en\/wp-json\/wp\/v2\/media?parent=13773"}],"wp:term":[{"taxonomy":"product_brand","embeddable":true,"href":"https:\/\/adexa.ee\/en\/wp-json\/wp\/v2\/product_brand?post=13773"},{"taxonomy":"product_cat","embeddable":true,"href":"https:\/\/adexa.ee\/en\/wp-json\/wp\/v2\/product_cat?post=13773"},{"taxonomy":"product_tag","embeddable":true,"href":"https:\/\/adexa.ee\/en\/wp-json\/wp\/v2\/product_tag?post=13773"}],"curies":[{"name":"wp","href":"https:\/\/api.w.org\/{rel}","templated":true}]}}