{"id":13839,"date":"2026-03-26T10:05:44","date_gmt":"2026-03-26T08:05:44","guid":{"rendered":"https:\/\/adexa.ee\/?post_type=product&#038;p=13839"},"modified":"2026-03-26T10:05:45","modified_gmt":"2026-03-26T08:05:45","slug":"professionaalne-praepann-roostevaba-teras-95-240mm-adexa-se32405","status":"publish","type":"product","link":"https:\/\/adexa.ee\/en\/toode\/professionaalne-praepann-roostevaba-teras-95-240mm-adexa-se32405\/","title":{"rendered":"Professionaalne praepann, roostevaba teras, 9,5&#8221;\/240mm | Adexa SE32405"},"content":{"rendered":"<p>Valmistatud kvaliteetsest raskest roostevabast terasest, see kommertskasutuseks m\u00f5eldud praepann on loodud kestma. Kuumakindel kuni 220\u00b0C ja \u00fchilduv k\u00f5igi soojusallikatega. Kapsel-t\u00fc\u00fcpi p\u00f5hi v\u00f5imaldab induktsiooniga k\u00fcpsetamist ja \u00fchtlast kuumuse jaotamist. Tugevad k\u00e4epidemed, mitmepunkti kinnitus potipinnale, mis ei kuumene. Valmistatud k\u00f5rge kvaliteediga roostevabast terasest s\u00fcgava t\u00f5mbamise tehnoloogiaga. Happekindel. Siidised pinnad, millel on k\u00f5rgl\u00e4ikega poleeritud tugev kaitserant. T\u00e4psemat teavet leiate rubriigist \u201eSpetsifikatsioon\u201c.<\/p>\n<table style=\"border-collapse: collapse; width: 100%; text-align: left;\">\n<tbody>\n<tr>\n<td style=\"border: 1px solid #ddd; padding: 8px; width: 45%;\"><strong>K\u00f5rgus<\/strong><\/td>\n<td style=\"border: 1px solid #ddd; padding: 8px;\">50 mm<\/td>\n<\/tr>\n<tr>\n<td style=\"border: 1px solid #ddd; padding: 8px; width: 45%;\"><strong>Garantii<\/strong><\/td>\n<td style=\"border: 1px solid #ddd; padding: 8px;\">18 kuu varuosade garantii<\/td>\n<\/tr>\n<tr>\n<td style=\"border: 1px solid #ddd; padding: 8px; width: 45%;\"><strong>Materjal<\/strong><\/td>\n<td style=\"border: 1px solid #ddd; padding: 8px;\">Roostevaba teras<\/td>\n<\/tr>\n<tr>\n<td style=\"border: 1px solid #ddd; padding: 8px; width: 45%;\"><strong>L\u00e4bim\u00f5\u00f5t<\/strong><\/td>\n<td style=\"border: 1px solid #ddd; padding: 8px;\">240 mm<\/td>\n<\/tr>\n<tr>\n<td style=\"border: 1px solid #ddd; padding: 8px; width: 45%;\"><strong>Induktsiooniga \u00fchilduv<\/strong><\/td>\n<td style=\"border: 1px solid #ddd; padding: 8px;\">Jah<\/td>\n<\/tr>\n<\/tbody>\n<\/table>\n","protected":false},"excerpt":{"rendered":"<p>Valmistatud kvaliteetsest raskest roostevabast terasest, see kommertskasutuseks m\u00f5eldud praepann on loodud kestma. Kuumakindel kuni 220\u00b0C ja \u00fchilduv k\u00f5igi soojusallikatega. Kapsel-t\u00fc\u00fcpi<\/p>\n","protected":false},"featured_media":9984,"template":"","meta":[],"product_brand":[],"product_cat":[579,607,606],"product_tag":[],"class_list":{"0":"post-13839","1":"product","2":"type-product","3":"status-publish","4":"has-post-thumbnail","6":"product_cat-koogitarbed-noud","7":"product_cat-pannid","8":"product_cat-potid-ja-pannid","10":"first","11":"instock","12":"sale","13":"taxable","14":"shipping-taxable","15":"purchasable","16":"product-type-simple"},"yoast_head":"<!-- This site is optimized with the Yoast SEO plugin v27.3 - https:\/\/yoast.com\/product\/yoast-seo-wordpress\/ -->\n<title>Professionaalne praepann, roostevaba teras, 9,5&#039;&#039;\/240mm | Adexa SE32405 - Adexa \u2013 Suurk\u00f6\u00f6giseadmed restoranidele ja toitlustusele<\/title>\n<meta name=\"robots\" content=\"index, follow, max-snippet:-1, max-image-preview:large, max-video-preview:-1\" \/>\n<link rel=\"canonical\" href=\"https:\/\/adexa.ee\/toode\/professionaalne-praepann-roostevaba-teras-95-240mm-adexa-se32405\/\" \/>\n<meta property=\"og:locale\" content=\"en_US\" \/>\n<meta property=\"og:type\" content=\"article\" \/>\n<meta property=\"og:title\" content=\"Professionaalne praepann, roostevaba teras, 9,5&#039;&#039;\/240mm | Adexa SE32405 - Adexa \u2013 Suurk\u00f6\u00f6giseadmed restoranidele ja toitlustusele\" \/>\n<meta property=\"og:description\" content=\"Valmistatud kvaliteetsest raskest roostevabast terasest, see kommertskasutuseks m\u00f5eldud praepann on loodud kestma. Kuumakindel kuni 220\u00b0C ja \u00fchilduv k\u00f5igi soojusallikatega. Kapsel-t\u00fc\u00fcpi\" \/>\n<meta property=\"og:url\" content=\"https:\/\/adexa.ee\/toode\/professionaalne-praepann-roostevaba-teras-95-240mm-adexa-se32405\/\" \/>\n<meta property=\"og:site_name\" content=\"Adexa \u2013 Suurk\u00f6\u00f6giseadmed restoranidele ja toitlustusele\" \/>\n<meta property=\"article:modified_time\" content=\"2026-03-26T08:05:45+00:00\" \/>\n<meta property=\"og:image\" content=\"https:\/\/adexa.ee\/wp-content\/uploads\/2024\/12\/SE3.jpg\" \/>\n\t<meta property=\"og:image:width\" content=\"1064\" \/>\n\t<meta property=\"og:image:height\" content=\"1064\" \/>\n\t<meta property=\"og:image:type\" content=\"image\/jpeg\" \/>\n<meta name=\"twitter:card\" content=\"summary_large_image\" \/>\n<script type=\"application\/ld+json\" class=\"yoast-schema-graph\">{\"@context\":\"https:\\\/\\\/schema.org\",\"@graph\":[{\"@type\":\"WebPage\",\"@id\":\"https:\\\/\\\/adexa.ee\\\/toode\\\/professionaalne-praepann-roostevaba-teras-95-240mm-adexa-se32405\\\/\",\"url\":\"https:\\\/\\\/adexa.ee\\\/toode\\\/professionaalne-praepann-roostevaba-teras-95-240mm-adexa-se32405\\\/\",\"name\":\"Professionaalne praepann, roostevaba teras, 9,5''\\\/240mm | Adexa SE32405 - Adexa \u2013 Suurk\u00f6\u00f6giseadmed restoranidele ja toitlustusele\",\"isPartOf\":{\"@id\":\"https:\\\/\\\/adexa.ee\\\/#website\"},\"primaryImageOfPage\":{\"@id\":\"https:\\\/\\\/adexa.ee\\\/toode\\\/professionaalne-praepann-roostevaba-teras-95-240mm-adexa-se32405\\\/#primaryimage\"},\"image\":{\"@id\":\"https:\\\/\\\/adexa.ee\\\/toode\\\/professionaalne-praepann-roostevaba-teras-95-240mm-adexa-se32405\\\/#primaryimage\"},\"thumbnailUrl\":\"https:\\\/\\\/adexa.ee\\\/wp-content\\\/uploads\\\/2024\\\/12\\\/SE3.jpg\",\"datePublished\":\"2026-03-26T08:05:44+00:00\",\"dateModified\":\"2026-03-26T08:05:45+00:00\",\"breadcrumb\":{\"@id\":\"https:\\\/\\\/adexa.ee\\\/toode\\\/professionaalne-praepann-roostevaba-teras-95-240mm-adexa-se32405\\\/#breadcrumb\"},\"inLanguage\":\"en-US\",\"potentialAction\":[{\"@type\":\"ReadAction\",\"target\":[\"https:\\\/\\\/adexa.ee\\\/toode\\\/professionaalne-praepann-roostevaba-teras-95-240mm-adexa-se32405\\\/\"]}]},{\"@type\":\"ImageObject\",\"inLanguage\":\"en-US\",\"@id\":\"https:\\\/\\\/adexa.ee\\\/toode\\\/professionaalne-praepann-roostevaba-teras-95-240mm-adexa-se32405\\\/#primaryimage\",\"url\":\"https:\\\/\\\/adexa.ee\\\/wp-content\\\/uploads\\\/2024\\\/12\\\/SE3.jpg\",\"contentUrl\":\"https:\\\/\\\/adexa.ee\\\/wp-content\\\/uploads\\\/2024\\\/12\\\/SE3.jpg\",\"width\":1064,\"height\":1064},{\"@type\":\"BreadcrumbList\",\"@id\":\"https:\\\/\\\/adexa.ee\\\/toode\\\/professionaalne-praepann-roostevaba-teras-95-240mm-adexa-se32405\\\/#breadcrumb\",\"itemListElement\":[{\"@type\":\"ListItem\",\"position\":1,\"name\":\"Home\",\"item\":\"https:\\\/\\\/adexa.ee\\\/\"},{\"@type\":\"ListItem\",\"position\":2,\"name\":\"Tooted\",\"item\":\"https:\\\/\\\/adexa.ee\\\/pood\\\/\"},{\"@type\":\"ListItem\",\"position\":3,\"name\":\"Professionaalne praepann, roostevaba teras, 9,5&#8221;\\\/240mm | Adexa SE32405\"}]},{\"@type\":\"WebSite\",\"@id\":\"https:\\\/\\\/adexa.ee\\\/#website\",\"url\":\"https:\\\/\\\/adexa.ee\\\/\",\"name\":\"Adexa\",\"description\":\"\",\"publisher\":{\"@id\":\"https:\\\/\\\/adexa.ee\\\/#organization\"},\"potentialAction\":[{\"@type\":\"SearchAction\",\"target\":{\"@type\":\"EntryPoint\",\"urlTemplate\":\"https:\\\/\\\/adexa.ee\\\/?s={search_term_string}\"},\"query-input\":{\"@type\":\"PropertyValueSpecification\",\"valueRequired\":true,\"valueName\":\"search_term_string\"}}],\"inLanguage\":\"en-US\"},{\"@type\":\"Organization\",\"@id\":\"https:\\\/\\\/adexa.ee\\\/#organization\",\"name\":\"Adexa\",\"url\":\"https:\\\/\\\/adexa.ee\\\/\",\"logo\":{\"@type\":\"ImageObject\",\"inLanguage\":\"en-US\",\"@id\":\"https:\\\/\\\/adexa.ee\\\/#\\\/schema\\\/logo\\\/image\\\/\",\"url\":\"https:\\\/\\\/adexa.ee\\\/wp-content\\\/uploads\\\/2024\\\/04\\\/chef-cooks-working-in-professional-kitchen-2023-11-27-05-07-39-utc-scaled.jpg\",\"contentUrl\":\"https:\\\/\\\/adexa.ee\\\/wp-content\\\/uploads\\\/2024\\\/04\\\/chef-cooks-working-in-professional-kitchen-2023-11-27-05-07-39-utc-scaled.jpg\",\"width\":2560,\"height\":1708,\"caption\":\"Adexa\"},\"image\":{\"@id\":\"https:\\\/\\\/adexa.ee\\\/#\\\/schema\\\/logo\\\/image\\\/\"}}]}<\/script>\n<!-- \/ Yoast SEO plugin. -->","yoast_head_json":{"title":"Professionaalne praepann, roostevaba teras, 9,5''\/240mm | Adexa SE32405 - Adexa \u2013 Suurk\u00f6\u00f6giseadmed restoranidele ja toitlustusele","robots":{"index":"index","follow":"follow","max-snippet":"max-snippet:-1","max-image-preview":"max-image-preview:large","max-video-preview":"max-video-preview:-1"},"canonical":"https:\/\/adexa.ee\/toode\/professionaalne-praepann-roostevaba-teras-95-240mm-adexa-se32405\/","og_locale":"en_US","og_type":"article","og_title":"Professionaalne praepann, roostevaba teras, 9,5''\/240mm | Adexa SE32405 - Adexa \u2013 Suurk\u00f6\u00f6giseadmed restoranidele ja toitlustusele","og_description":"Valmistatud kvaliteetsest raskest roostevabast terasest, see kommertskasutuseks m\u00f5eldud praepann on loodud kestma. Kuumakindel kuni 220\u00b0C ja \u00fchilduv k\u00f5igi soojusallikatega. Kapsel-t\u00fc\u00fcpi","og_url":"https:\/\/adexa.ee\/toode\/professionaalne-praepann-roostevaba-teras-95-240mm-adexa-se32405\/","og_site_name":"Adexa \u2013 Suurk\u00f6\u00f6giseadmed restoranidele ja toitlustusele","article_modified_time":"2026-03-26T08:05:45+00:00","og_image":[{"width":1064,"height":1064,"url":"https:\/\/adexa.ee\/wp-content\/uploads\/2024\/12\/SE3.jpg","type":"image\/jpeg"}],"twitter_card":"summary_large_image","schema":{"@context":"https:\/\/schema.org","@graph":[{"@type":"WebPage","@id":"https:\/\/adexa.ee\/toode\/professionaalne-praepann-roostevaba-teras-95-240mm-adexa-se32405\/","url":"https:\/\/adexa.ee\/toode\/professionaalne-praepann-roostevaba-teras-95-240mm-adexa-se32405\/","name":"Professionaalne praepann, roostevaba teras, 9,5''\/240mm | Adexa SE32405 - Adexa \u2013 Suurk\u00f6\u00f6giseadmed restoranidele ja toitlustusele","isPartOf":{"@id":"https:\/\/adexa.ee\/#website"},"primaryImageOfPage":{"@id":"https:\/\/adexa.ee\/toode\/professionaalne-praepann-roostevaba-teras-95-240mm-adexa-se32405\/#primaryimage"},"image":{"@id":"https:\/\/adexa.ee\/toode\/professionaalne-praepann-roostevaba-teras-95-240mm-adexa-se32405\/#primaryimage"},"thumbnailUrl":"https:\/\/adexa.ee\/wp-content\/uploads\/2024\/12\/SE3.jpg","datePublished":"2026-03-26T08:05:44+00:00","dateModified":"2026-03-26T08:05:45+00:00","breadcrumb":{"@id":"https:\/\/adexa.ee\/toode\/professionaalne-praepann-roostevaba-teras-95-240mm-adexa-se32405\/#breadcrumb"},"inLanguage":"en-US","potentialAction":[{"@type":"ReadAction","target":["https:\/\/adexa.ee\/toode\/professionaalne-praepann-roostevaba-teras-95-240mm-adexa-se32405\/"]}]},{"@type":"ImageObject","inLanguage":"en-US","@id":"https:\/\/adexa.ee\/toode\/professionaalne-praepann-roostevaba-teras-95-240mm-adexa-se32405\/#primaryimage","url":"https:\/\/adexa.ee\/wp-content\/uploads\/2024\/12\/SE3.jpg","contentUrl":"https:\/\/adexa.ee\/wp-content\/uploads\/2024\/12\/SE3.jpg","width":1064,"height":1064},{"@type":"BreadcrumbList","@id":"https:\/\/adexa.ee\/toode\/professionaalne-praepann-roostevaba-teras-95-240mm-adexa-se32405\/#breadcrumb","itemListElement":[{"@type":"ListItem","position":1,"name":"Home","item":"https:\/\/adexa.ee\/"},{"@type":"ListItem","position":2,"name":"Tooted","item":"https:\/\/adexa.ee\/pood\/"},{"@type":"ListItem","position":3,"name":"Professionaalne praepann, roostevaba teras, 9,5&#8221;\/240mm | Adexa SE32405"}]},{"@type":"WebSite","@id":"https:\/\/adexa.ee\/#website","url":"https:\/\/adexa.ee\/","name":"Adexa","description":"","publisher":{"@id":"https:\/\/adexa.ee\/#organization"},"potentialAction":[{"@type":"SearchAction","target":{"@type":"EntryPoint","urlTemplate":"https:\/\/adexa.ee\/?s={search_term_string}"},"query-input":{"@type":"PropertyValueSpecification","valueRequired":true,"valueName":"search_term_string"}}],"inLanguage":"en-US"},{"@type":"Organization","@id":"https:\/\/adexa.ee\/#organization","name":"Adexa","url":"https:\/\/adexa.ee\/","logo":{"@type":"ImageObject","inLanguage":"en-US","@id":"https:\/\/adexa.ee\/#\/schema\/logo\/image\/","url":"https:\/\/adexa.ee\/wp-content\/uploads\/2024\/04\/chef-cooks-working-in-professional-kitchen-2023-11-27-05-07-39-utc-scaled.jpg","contentUrl":"https:\/\/adexa.ee\/wp-content\/uploads\/2024\/04\/chef-cooks-working-in-professional-kitchen-2023-11-27-05-07-39-utc-scaled.jpg","width":2560,"height":1708,"caption":"Adexa"},"image":{"@id":"https:\/\/adexa.ee\/#\/schema\/logo\/image\/"}}]}},"_links":{"self":[{"href":"https:\/\/adexa.ee\/en\/wp-json\/wp\/v2\/product\/13839","targetHints":{"allow":["GET"]}}],"collection":[{"href":"https:\/\/adexa.ee\/en\/wp-json\/wp\/v2\/product"}],"about":[{"href":"https:\/\/adexa.ee\/en\/wp-json\/wp\/v2\/types\/product"}],"wp:featuredmedia":[{"embeddable":true,"href":"https:\/\/adexa.ee\/en\/wp-json\/wp\/v2\/media\/9984"}],"wp:attachment":[{"href":"https:\/\/adexa.ee\/en\/wp-json\/wp\/v2\/media?parent=13839"}],"wp:term":[{"taxonomy":"product_brand","embeddable":true,"href":"https:\/\/adexa.ee\/en\/wp-json\/wp\/v2\/product_brand?post=13839"},{"taxonomy":"product_cat","embeddable":true,"href":"https:\/\/adexa.ee\/en\/wp-json\/wp\/v2\/product_cat?post=13839"},{"taxonomy":"product_tag","embeddable":true,"href":"https:\/\/adexa.ee\/en\/wp-json\/wp\/v2\/product_tag?post=13839"}],"curies":[{"name":"wp","href":"https:\/\/api.w.org\/{rel}","templated":true}]}}