{"id":13849,"date":"2026-03-26T10:05:44","date_gmt":"2026-03-26T08:05:44","guid":{"rendered":"https:\/\/adexa.ee\/?post_type=product&#038;p=13849"},"modified":"2026-03-26T10:05:47","modified_gmt":"2026-03-26T08:05:47","slug":"ummargune-roostevabast-terasest-peegelviimistlusega-kattega-chafer-6-liitrit-adexa-ra2101b","status":"publish","type":"product","link":"https:\/\/adexa.ee\/en\/toode\/ummargune-roostevabast-terasest-peegelviimistlusega-kattega-chafer-6-liitrit-adexa-ra2101b\/","title":{"rendered":"\u00dcmmargune roostevabast terasest peegelviimistlusega kattega chafer 6 liitrit | Adexa RA2101B"},"content":{"rendered":"<p>Veenduge, et teie toitlustustoitu hoitakse kauem soojana selle kommertskasutuseks m\u00f5eldud kuumutusn\u00f5uga. Ideaalne hoidma teie toidu serveerimistemperatuuril bufetilaudadel, professionaalsed rulllukuga kuumutusn\u00f5ud pakuvad kaasaskantavat ja mugavat kuumutamist. M\u00e4rja soojuse t\u00f6\u00f6p\u00f5him\u00f5ttega varustus sisaldab roostevabast terasest vee- ja toidun\u00f5usid. Valmistatud kergesti puhastatavast roostevabast terasest, et s\u00e4\u00e4sta teie v\u00e4\u00e4rtuslikku aega \u00f5htu l\u00f5pus. Palun vaadake jaotist &#8220;Spetsifikatsioon&#8221; \u00fcksikasjaliku teabe jaoks.<\/p>\n<table style=\"border-collapse: collapse; width: 100%; text-align: left;\">\n<tbody>\n<tr>\n<td style=\"border: 1px solid #ddd; padding: 8px; width: 45%;\"><strong>S\u00fcgavus<\/strong><\/td>\n<td style=\"border: 1px solid #ddd; padding: 8px;\">480 mm<\/td>\n<\/tr>\n<tr>\n<td style=\"border: 1px solid #ddd; padding: 8px; width: 45%;\"><strong>K\u00f5rgus<\/strong><\/td>\n<td style=\"border: 1px solid #ddd; padding: 8px;\">290 mm<\/td>\n<\/tr>\n<tr>\n<td style=\"border: 1px solid #ddd; padding: 8px; width: 45%;\"><strong>Laius<\/strong><\/td>\n<td style=\"border: 1px solid #ddd; padding: 8px;\">480 mm<\/td>\n<\/tr>\n<tr>\n<td style=\"border: 1px solid #ddd; padding: 8px; width: 45%;\"><strong>Kaal<\/strong><\/td>\n<td style=\"border: 1px solid #ddd; padding: 8px;\">6 kg<\/td>\n<\/tr>\n<tr>\n<td style=\"border: 1px solid #ddd; padding: 8px; width: 45%;\"><strong>Garantii<\/strong><\/td>\n<td style=\"border: 1px solid #ddd; padding: 8px;\">12 kuu varuosade garantii<\/td>\n<\/tr>\n<tr>\n<td style=\"border: 1px solid #ddd; padding: 8px; width: 45%;\"><strong>Materjal<\/strong><\/td>\n<td style=\"border: 1px solid #ddd; padding: 8px;\">Roostevaba teras<\/td>\n<\/tr>\n<\/tbody>\n<\/table>\n","protected":false},"excerpt":{"rendered":"<p>Veenduge, et teie toitlustustoitu hoitakse kauem soojana selle kommertskasutuseks m\u00f5eldud kuumutusn\u00f5uga. Ideaalne hoidma teie toidu serveerimistemperatuuril bufetilaudadel, professionaalsed rulllukuga kuumutusn\u00f5ud<\/p>\n","protected":false},"featured_media":27088,"template":"","meta":[],"product_brand":[],"product_cat":[557,639,640,586,558],"product_tag":[],"class_list":{"0":"post-13849","1":"product","2":"type-product","3":"status-publish","4":"has-post-thumbnail","6":"product_cat-kupsetusseadmed","7":"product_cat-chafing-kaaned","8":"product_cat-chafing-kaaned-toidu-soojendamine","9":"product_cat-serveerimine","10":"product_cat-toidu-soojendamine","12":"first","13":"instock","14":"sale","15":"taxable","16":"shipping-taxable","17":"purchasable","18":"product-type-simple"},"yoast_head":"<!-- This site is optimized with the Yoast SEO plugin v27.3 - https:\/\/yoast.com\/product\/yoast-seo-wordpress\/ -->\n<title>\u00dcmmargune roostevabast terasest peegelviimistlusega kattega chafer 6 liitrit | Adexa RA2101B - Adexa \u2013 Suurk\u00f6\u00f6giseadmed restoranidele ja toitlustusele<\/title>\n<meta name=\"robots\" content=\"index, follow, max-snippet:-1, max-image-preview:large, max-video-preview:-1\" \/>\n<link rel=\"canonical\" href=\"https:\/\/adexa.ee\/toode\/ummargune-roostevabast-terasest-peegelviimistlusega-kattega-chafer-6-liitrit-adexa-ra2101b\/\" \/>\n<meta property=\"og:locale\" content=\"en_US\" \/>\n<meta property=\"og:type\" content=\"article\" \/>\n<meta property=\"og:title\" content=\"\u00dcmmargune roostevabast terasest peegelviimistlusega kattega chafer 6 liitrit | Adexa RA2101B - Adexa \u2013 Suurk\u00f6\u00f6giseadmed restoranidele ja toitlustusele\" \/>\n<meta property=\"og:description\" content=\"Veenduge, et teie toitlustustoitu hoitakse kauem soojana selle kommertskasutuseks m\u00f5eldud kuumutusn\u00f5uga. Ideaalne hoidma teie toidu serveerimistemperatuuril bufetilaudadel, professionaalsed rulllukuga kuumutusn\u00f5ud\" \/>\n<meta property=\"og:url\" content=\"https:\/\/adexa.ee\/toode\/ummargune-roostevabast-terasest-peegelviimistlusega-kattega-chafer-6-liitrit-adexa-ra2101b\/\" \/>\n<meta property=\"og:site_name\" content=\"Adexa \u2013 Suurk\u00f6\u00f6giseadmed restoranidele ja toitlustusele\" \/>\n<meta property=\"article:modified_time\" content=\"2026-03-26T08:05:47+00:00\" \/>\n<meta property=\"og:image\" content=\"https:\/\/adexa.ee\/wp-content\/uploads\/2025\/01\/RA2101B.jpg\" \/>\n\t<meta property=\"og:image:width\" content=\"1200\" \/>\n\t<meta property=\"og:image:height\" content=\"1200\" \/>\n\t<meta property=\"og:image:type\" content=\"image\/jpeg\" \/>\n<meta name=\"twitter:card\" content=\"summary_large_image\" \/>\n<script type=\"application\/ld+json\" class=\"yoast-schema-graph\">{\"@context\":\"https:\\\/\\\/schema.org\",\"@graph\":[{\"@type\":\"WebPage\",\"@id\":\"https:\\\/\\\/adexa.ee\\\/toode\\\/ummargune-roostevabast-terasest-peegelviimistlusega-kattega-chafer-6-liitrit-adexa-ra2101b\\\/\",\"url\":\"https:\\\/\\\/adexa.ee\\\/toode\\\/ummargune-roostevabast-terasest-peegelviimistlusega-kattega-chafer-6-liitrit-adexa-ra2101b\\\/\",\"name\":\"\u00dcmmargune roostevabast terasest peegelviimistlusega kattega chafer 6 liitrit | Adexa RA2101B - Adexa \u2013 Suurk\u00f6\u00f6giseadmed restoranidele ja toitlustusele\",\"isPartOf\":{\"@id\":\"https:\\\/\\\/adexa.ee\\\/#website\"},\"primaryImageOfPage\":{\"@id\":\"https:\\\/\\\/adexa.ee\\\/toode\\\/ummargune-roostevabast-terasest-peegelviimistlusega-kattega-chafer-6-liitrit-adexa-ra2101b\\\/#primaryimage\"},\"image\":{\"@id\":\"https:\\\/\\\/adexa.ee\\\/toode\\\/ummargune-roostevabast-terasest-peegelviimistlusega-kattega-chafer-6-liitrit-adexa-ra2101b\\\/#primaryimage\"},\"thumbnailUrl\":\"https:\\\/\\\/adexa.ee\\\/wp-content\\\/uploads\\\/2025\\\/01\\\/RA2101B.jpg\",\"datePublished\":\"2026-03-26T08:05:44+00:00\",\"dateModified\":\"2026-03-26T08:05:47+00:00\",\"breadcrumb\":{\"@id\":\"https:\\\/\\\/adexa.ee\\\/toode\\\/ummargune-roostevabast-terasest-peegelviimistlusega-kattega-chafer-6-liitrit-adexa-ra2101b\\\/#breadcrumb\"},\"inLanguage\":\"en-US\",\"potentialAction\":[{\"@type\":\"ReadAction\",\"target\":[\"https:\\\/\\\/adexa.ee\\\/toode\\\/ummargune-roostevabast-terasest-peegelviimistlusega-kattega-chafer-6-liitrit-adexa-ra2101b\\\/\"]}]},{\"@type\":\"ImageObject\",\"inLanguage\":\"en-US\",\"@id\":\"https:\\\/\\\/adexa.ee\\\/toode\\\/ummargune-roostevabast-terasest-peegelviimistlusega-kattega-chafer-6-liitrit-adexa-ra2101b\\\/#primaryimage\",\"url\":\"https:\\\/\\\/adexa.ee\\\/wp-content\\\/uploads\\\/2025\\\/01\\\/RA2101B.jpg\",\"contentUrl\":\"https:\\\/\\\/adexa.ee\\\/wp-content\\\/uploads\\\/2025\\\/01\\\/RA2101B.jpg\",\"width\":1200,\"height\":1200},{\"@type\":\"BreadcrumbList\",\"@id\":\"https:\\\/\\\/adexa.ee\\\/toode\\\/ummargune-roostevabast-terasest-peegelviimistlusega-kattega-chafer-6-liitrit-adexa-ra2101b\\\/#breadcrumb\",\"itemListElement\":[{\"@type\":\"ListItem\",\"position\":1,\"name\":\"Home\",\"item\":\"https:\\\/\\\/adexa.ee\\\/\"},{\"@type\":\"ListItem\",\"position\":2,\"name\":\"Tooted\",\"item\":\"https:\\\/\\\/adexa.ee\\\/pood\\\/\"},{\"@type\":\"ListItem\",\"position\":3,\"name\":\"\u00dcmmargune roostevabast terasest peegelviimistlusega kattega chafer 6 liitrit | Adexa RA2101B\"}]},{\"@type\":\"WebSite\",\"@id\":\"https:\\\/\\\/adexa.ee\\\/#website\",\"url\":\"https:\\\/\\\/adexa.ee\\\/\",\"name\":\"Adexa\",\"description\":\"\",\"publisher\":{\"@id\":\"https:\\\/\\\/adexa.ee\\\/#organization\"},\"potentialAction\":[{\"@type\":\"SearchAction\",\"target\":{\"@type\":\"EntryPoint\",\"urlTemplate\":\"https:\\\/\\\/adexa.ee\\\/?s={search_term_string}\"},\"query-input\":{\"@type\":\"PropertyValueSpecification\",\"valueRequired\":true,\"valueName\":\"search_term_string\"}}],\"inLanguage\":\"en-US\"},{\"@type\":\"Organization\",\"@id\":\"https:\\\/\\\/adexa.ee\\\/#organization\",\"name\":\"Adexa\",\"url\":\"https:\\\/\\\/adexa.ee\\\/\",\"logo\":{\"@type\":\"ImageObject\",\"inLanguage\":\"en-US\",\"@id\":\"https:\\\/\\\/adexa.ee\\\/#\\\/schema\\\/logo\\\/image\\\/\",\"url\":\"https:\\\/\\\/adexa.ee\\\/wp-content\\\/uploads\\\/2024\\\/04\\\/chef-cooks-working-in-professional-kitchen-2023-11-27-05-07-39-utc-scaled.jpg\",\"contentUrl\":\"https:\\\/\\\/adexa.ee\\\/wp-content\\\/uploads\\\/2024\\\/04\\\/chef-cooks-working-in-professional-kitchen-2023-11-27-05-07-39-utc-scaled.jpg\",\"width\":2560,\"height\":1708,\"caption\":\"Adexa\"},\"image\":{\"@id\":\"https:\\\/\\\/adexa.ee\\\/#\\\/schema\\\/logo\\\/image\\\/\"}}]}<\/script>\n<!-- \/ Yoast SEO plugin. -->","yoast_head_json":{"title":"\u00dcmmargune roostevabast terasest peegelviimistlusega kattega chafer 6 liitrit | Adexa RA2101B - Adexa \u2013 Suurk\u00f6\u00f6giseadmed restoranidele ja toitlustusele","robots":{"index":"index","follow":"follow","max-snippet":"max-snippet:-1","max-image-preview":"max-image-preview:large","max-video-preview":"max-video-preview:-1"},"canonical":"https:\/\/adexa.ee\/toode\/ummargune-roostevabast-terasest-peegelviimistlusega-kattega-chafer-6-liitrit-adexa-ra2101b\/","og_locale":"en_US","og_type":"article","og_title":"\u00dcmmargune roostevabast terasest peegelviimistlusega kattega chafer 6 liitrit | Adexa RA2101B - Adexa \u2013 Suurk\u00f6\u00f6giseadmed restoranidele ja toitlustusele","og_description":"Veenduge, et teie toitlustustoitu hoitakse kauem soojana selle kommertskasutuseks m\u00f5eldud kuumutusn\u00f5uga. Ideaalne hoidma teie toidu serveerimistemperatuuril bufetilaudadel, professionaalsed rulllukuga kuumutusn\u00f5ud","og_url":"https:\/\/adexa.ee\/toode\/ummargune-roostevabast-terasest-peegelviimistlusega-kattega-chafer-6-liitrit-adexa-ra2101b\/","og_site_name":"Adexa \u2013 Suurk\u00f6\u00f6giseadmed restoranidele ja toitlustusele","article_modified_time":"2026-03-26T08:05:47+00:00","og_image":[{"width":1200,"height":1200,"url":"https:\/\/adexa.ee\/wp-content\/uploads\/2025\/01\/RA2101B.jpg","type":"image\/jpeg"}],"twitter_card":"summary_large_image","schema":{"@context":"https:\/\/schema.org","@graph":[{"@type":"WebPage","@id":"https:\/\/adexa.ee\/toode\/ummargune-roostevabast-terasest-peegelviimistlusega-kattega-chafer-6-liitrit-adexa-ra2101b\/","url":"https:\/\/adexa.ee\/toode\/ummargune-roostevabast-terasest-peegelviimistlusega-kattega-chafer-6-liitrit-adexa-ra2101b\/","name":"\u00dcmmargune roostevabast terasest peegelviimistlusega kattega chafer 6 liitrit | Adexa RA2101B - Adexa \u2013 Suurk\u00f6\u00f6giseadmed restoranidele ja toitlustusele","isPartOf":{"@id":"https:\/\/adexa.ee\/#website"},"primaryImageOfPage":{"@id":"https:\/\/adexa.ee\/toode\/ummargune-roostevabast-terasest-peegelviimistlusega-kattega-chafer-6-liitrit-adexa-ra2101b\/#primaryimage"},"image":{"@id":"https:\/\/adexa.ee\/toode\/ummargune-roostevabast-terasest-peegelviimistlusega-kattega-chafer-6-liitrit-adexa-ra2101b\/#primaryimage"},"thumbnailUrl":"https:\/\/adexa.ee\/wp-content\/uploads\/2025\/01\/RA2101B.jpg","datePublished":"2026-03-26T08:05:44+00:00","dateModified":"2026-03-26T08:05:47+00:00","breadcrumb":{"@id":"https:\/\/adexa.ee\/toode\/ummargune-roostevabast-terasest-peegelviimistlusega-kattega-chafer-6-liitrit-adexa-ra2101b\/#breadcrumb"},"inLanguage":"en-US","potentialAction":[{"@type":"ReadAction","target":["https:\/\/adexa.ee\/toode\/ummargune-roostevabast-terasest-peegelviimistlusega-kattega-chafer-6-liitrit-adexa-ra2101b\/"]}]},{"@type":"ImageObject","inLanguage":"en-US","@id":"https:\/\/adexa.ee\/toode\/ummargune-roostevabast-terasest-peegelviimistlusega-kattega-chafer-6-liitrit-adexa-ra2101b\/#primaryimage","url":"https:\/\/adexa.ee\/wp-content\/uploads\/2025\/01\/RA2101B.jpg","contentUrl":"https:\/\/adexa.ee\/wp-content\/uploads\/2025\/01\/RA2101B.jpg","width":1200,"height":1200},{"@type":"BreadcrumbList","@id":"https:\/\/adexa.ee\/toode\/ummargune-roostevabast-terasest-peegelviimistlusega-kattega-chafer-6-liitrit-adexa-ra2101b\/#breadcrumb","itemListElement":[{"@type":"ListItem","position":1,"name":"Home","item":"https:\/\/adexa.ee\/"},{"@type":"ListItem","position":2,"name":"Tooted","item":"https:\/\/adexa.ee\/pood\/"},{"@type":"ListItem","position":3,"name":"\u00dcmmargune roostevabast terasest peegelviimistlusega kattega chafer 6 liitrit | Adexa RA2101B"}]},{"@type":"WebSite","@id":"https:\/\/adexa.ee\/#website","url":"https:\/\/adexa.ee\/","name":"Adexa","description":"","publisher":{"@id":"https:\/\/adexa.ee\/#organization"},"potentialAction":[{"@type":"SearchAction","target":{"@type":"EntryPoint","urlTemplate":"https:\/\/adexa.ee\/?s={search_term_string}"},"query-input":{"@type":"PropertyValueSpecification","valueRequired":true,"valueName":"search_term_string"}}],"inLanguage":"en-US"},{"@type":"Organization","@id":"https:\/\/adexa.ee\/#organization","name":"Adexa","url":"https:\/\/adexa.ee\/","logo":{"@type":"ImageObject","inLanguage":"en-US","@id":"https:\/\/adexa.ee\/#\/schema\/logo\/image\/","url":"https:\/\/adexa.ee\/wp-content\/uploads\/2024\/04\/chef-cooks-working-in-professional-kitchen-2023-11-27-05-07-39-utc-scaled.jpg","contentUrl":"https:\/\/adexa.ee\/wp-content\/uploads\/2024\/04\/chef-cooks-working-in-professional-kitchen-2023-11-27-05-07-39-utc-scaled.jpg","width":2560,"height":1708,"caption":"Adexa"},"image":{"@id":"https:\/\/adexa.ee\/#\/schema\/logo\/image\/"}}]}},"_links":{"self":[{"href":"https:\/\/adexa.ee\/en\/wp-json\/wp\/v2\/product\/13849","targetHints":{"allow":["GET"]}}],"collection":[{"href":"https:\/\/adexa.ee\/en\/wp-json\/wp\/v2\/product"}],"about":[{"href":"https:\/\/adexa.ee\/en\/wp-json\/wp\/v2\/types\/product"}],"wp:featuredmedia":[{"embeddable":true,"href":"https:\/\/adexa.ee\/en\/wp-json\/wp\/v2\/media\/27088"}],"wp:attachment":[{"href":"https:\/\/adexa.ee\/en\/wp-json\/wp\/v2\/media?parent=13849"}],"wp:term":[{"taxonomy":"product_brand","embeddable":true,"href":"https:\/\/adexa.ee\/en\/wp-json\/wp\/v2\/product_brand?post=13849"},{"taxonomy":"product_cat","embeddable":true,"href":"https:\/\/adexa.ee\/en\/wp-json\/wp\/v2\/product_cat?post=13849"},{"taxonomy":"product_tag","embeddable":true,"href":"https:\/\/adexa.ee\/en\/wp-json\/wp\/v2\/product_tag?post=13849"}],"curies":[{"name":"wp","href":"https:\/\/api.w.org\/{rel}","templated":true}]}}