{"id":13868,"date":"2026-04-01T18:05:51","date_gmt":"2026-04-01T15:05:51","guid":{"rendered":"https:\/\/adexa.ee\/toode\/laua-stiilis-kokkupandav-seinariiul-roostevabast-terasest-1000x300mm-adexa-330903\/"},"modified":"2026-04-01T18:05:52","modified_gmt":"2026-04-01T15:05:52","slug":"kokkupandav-seinariiul-roostevabast-terasest-1000x300mm-adexa-330903","status":"publish","type":"product","link":"https:\/\/adexa.ee\/en\/toode\/kokkupandav-seinariiul-roostevabast-terasest-1000x300mm-adexa-330903\/","title":{"rendered":"Kokkupandav Seinariiul Roostevabast Terasest 1000x300mm | Adexa 330903"},"content":{"rendered":"<p>Kasutage oma k\u00f6\u00f6gipinda maksimaalselt, hoides k\u00f6\u00f6giriistu korrastatult ja t\u00f5husalt sellel kokkupandaval seinariiulil. Kui riiulit ei kasutata, saab selle kokku panna ning avatud disain tagab, et t\u00f6\u00f6tajad p\u00e4\u00e4sevad sellele ligi k\u00f5ikidest nurkadest &#8211; oluline teie k\u00f5ige kiirematel perioodidel.&nbsp;Kaks tugevat klambrit v\u00f5imaldavad selle roostevabast terasest riiuli kiiresti paigaldada.&nbsp;\u00dcksikasjalikku teavet leiate jaotisest &#8216;Spetsifikatsioon&#8217;.<\/p>\n<table style=\"border-collapse: collapse; width: 100%; text-align: left;\">\n<tbody>\n<tr>\n<td style=\"border: 1px solid #ddd; padding: 8px; width: 45%;\"><strong>S\u00fcgavus<\/strong><\/td>\n<td style=\"border: 1px solid #ddd; padding: 8px;\">300 mm<\/td>\n<\/tr>\n<tr>\n<td style=\"border: 1px solid #ddd; padding: 8px; width: 45%;\"><strong>Laius<\/strong><\/td>\n<td style=\"border: 1px solid #ddd; padding: 8px;\">1000 mm<\/td>\n<\/tr>\n<tr>\n<td style=\"border: 1px solid #ddd; padding: 8px; width: 45%;\"><strong>Kaal<\/strong><\/td>\n<td style=\"border: 1px solid #ddd; padding: 8px;\">5,4 kg<\/td>\n<\/tr>\n<tr>\n<td style=\"border: 1px solid #ddd; padding: 8px; width: 45%;\"><strong>Materjal<\/strong><\/td>\n<td style=\"border: 1px solid #ddd; padding: 8px;\">Roostevaba teras<\/td>\n<\/tr>\n<\/tbody>\n<\/table>\n","protected":false},"excerpt":{"rendered":"<p>Kasutage oma k\u00f6\u00f6gipinda maksimaalselt, hoides k\u00f6\u00f6giriistu korrastatult ja t\u00f5husalt sellel kokkupandaval seinariiulil. Kui riiulit ei kasutata, saab selle kokku panna<\/p>\n","protected":false},"featured_media":10154,"template":"","meta":[],"product_brand":[],"product_cat":[670,569,572,617],"product_tag":[],"class_list":{"0":"post-13868","1":"product","2":"type-product","3":"status-publish","4":"has-post-thumbnail","6":"product_cat-kokkupandavad-riiulid","7":"product_cat-lopumuuk","8":"product_cat-roostevabad-tooted","9":"product_cat-seinariiulid","11":"first","12":"instock","13":"sale","14":"taxable","15":"shipping-taxable","16":"purchasable","17":"product-type-simple"},"yoast_head":"<!-- This site is optimized with the Yoast SEO plugin v27.3 - https:\/\/yoast.com\/product\/yoast-seo-wordpress\/ -->\n<title>Kokkupandav Seinariiul Roostevabast Terasest 1000x300mm | Adexa 330903 - Adexa \u2013 Suurk\u00f6\u00f6giseadmed restoranidele ja toitlustusele<\/title>\n<meta name=\"robots\" content=\"index, follow, max-snippet:-1, max-image-preview:large, max-video-preview:-1\" \/>\n<link rel=\"canonical\" href=\"https:\/\/adexa.ee\/toode\/kokkupandav-seinariiul-roostevabast-terasest-1000x300mm-adexa-330903\/\" \/>\n<meta property=\"og:locale\" content=\"en_US\" \/>\n<meta property=\"og:type\" content=\"article\" \/>\n<meta property=\"og:title\" content=\"Kokkupandav Seinariiul Roostevabast Terasest 1000x300mm | Adexa 330903 - Adexa \u2013 Suurk\u00f6\u00f6giseadmed restoranidele ja toitlustusele\" \/>\n<meta property=\"og:description\" content=\"Kasutage oma k\u00f6\u00f6gipinda maksimaalselt, hoides k\u00f6\u00f6giriistu korrastatult ja t\u00f5husalt sellel kokkupandaval seinariiulil. Kui riiulit ei kasutata, saab selle kokku panna\" \/>\n<meta property=\"og:url\" content=\"https:\/\/adexa.ee\/toode\/kokkupandav-seinariiul-roostevabast-terasest-1000x300mm-adexa-330903\/\" \/>\n<meta property=\"og:site_name\" content=\"Adexa \u2013 Suurk\u00f6\u00f6giseadmed restoranidele ja toitlustusele\" \/>\n<meta property=\"article:modified_time\" content=\"2026-04-01T15:05:52+00:00\" \/>\n<meta property=\"og:image\" content=\"https:\/\/adexa.ee\/wp-content\/uploads\/2024\/12\/330-shelf-.jpg\" \/>\n\t<meta property=\"og:image:width\" content=\"1200\" \/>\n\t<meta property=\"og:image:height\" content=\"1200\" \/>\n\t<meta property=\"og:image:type\" content=\"image\/jpeg\" \/>\n<meta name=\"twitter:card\" content=\"summary_large_image\" \/>\n<script type=\"application\/ld+json\" class=\"yoast-schema-graph\">{\"@context\":\"https:\\\/\\\/schema.org\",\"@graph\":[{\"@type\":\"WebPage\",\"@id\":\"https:\\\/\\\/adexa.ee\\\/toode\\\/kokkupandav-seinariiul-roostevabast-terasest-1000x300mm-adexa-330903\\\/\",\"url\":\"https:\\\/\\\/adexa.ee\\\/toode\\\/kokkupandav-seinariiul-roostevabast-terasest-1000x300mm-adexa-330903\\\/\",\"name\":\"Kokkupandav Seinariiul Roostevabast Terasest 1000x300mm | Adexa 330903 - Adexa \u2013 Suurk\u00f6\u00f6giseadmed restoranidele ja toitlustusele\",\"isPartOf\":{\"@id\":\"https:\\\/\\\/adexa.ee\\\/#website\"},\"primaryImageOfPage\":{\"@id\":\"https:\\\/\\\/adexa.ee\\\/toode\\\/kokkupandav-seinariiul-roostevabast-terasest-1000x300mm-adexa-330903\\\/#primaryimage\"},\"image\":{\"@id\":\"https:\\\/\\\/adexa.ee\\\/toode\\\/kokkupandav-seinariiul-roostevabast-terasest-1000x300mm-adexa-330903\\\/#primaryimage\"},\"thumbnailUrl\":\"https:\\\/\\\/adexa.ee\\\/wp-content\\\/uploads\\\/2024\\\/12\\\/330-shelf-.jpg\",\"datePublished\":\"2026-04-01T15:05:51+00:00\",\"dateModified\":\"2026-04-01T15:05:52+00:00\",\"breadcrumb\":{\"@id\":\"https:\\\/\\\/adexa.ee\\\/toode\\\/kokkupandav-seinariiul-roostevabast-terasest-1000x300mm-adexa-330903\\\/#breadcrumb\"},\"inLanguage\":\"en-US\",\"potentialAction\":[{\"@type\":\"ReadAction\",\"target\":[\"https:\\\/\\\/adexa.ee\\\/toode\\\/kokkupandav-seinariiul-roostevabast-terasest-1000x300mm-adexa-330903\\\/\"]}]},{\"@type\":\"ImageObject\",\"inLanguage\":\"en-US\",\"@id\":\"https:\\\/\\\/adexa.ee\\\/toode\\\/kokkupandav-seinariiul-roostevabast-terasest-1000x300mm-adexa-330903\\\/#primaryimage\",\"url\":\"https:\\\/\\\/adexa.ee\\\/wp-content\\\/uploads\\\/2024\\\/12\\\/330-shelf-.jpg\",\"contentUrl\":\"https:\\\/\\\/adexa.ee\\\/wp-content\\\/uploads\\\/2024\\\/12\\\/330-shelf-.jpg\",\"width\":1200,\"height\":1200},{\"@type\":\"BreadcrumbList\",\"@id\":\"https:\\\/\\\/adexa.ee\\\/toode\\\/kokkupandav-seinariiul-roostevabast-terasest-1000x300mm-adexa-330903\\\/#breadcrumb\",\"itemListElement\":[{\"@type\":\"ListItem\",\"position\":1,\"name\":\"Home\",\"item\":\"https:\\\/\\\/adexa.ee\\\/\"},{\"@type\":\"ListItem\",\"position\":2,\"name\":\"Tooted\",\"item\":\"https:\\\/\\\/adexa.ee\\\/pood\\\/\"},{\"@type\":\"ListItem\",\"position\":3,\"name\":\"Kokkupandav Seinariiul Roostevabast Terasest 1000x300mm | Adexa 330903\"}]},{\"@type\":\"WebSite\",\"@id\":\"https:\\\/\\\/adexa.ee\\\/#website\",\"url\":\"https:\\\/\\\/adexa.ee\\\/\",\"name\":\"Adexa\",\"description\":\"\",\"publisher\":{\"@id\":\"https:\\\/\\\/adexa.ee\\\/#organization\"},\"potentialAction\":[{\"@type\":\"SearchAction\",\"target\":{\"@type\":\"EntryPoint\",\"urlTemplate\":\"https:\\\/\\\/adexa.ee\\\/?s={search_term_string}\"},\"query-input\":{\"@type\":\"PropertyValueSpecification\",\"valueRequired\":true,\"valueName\":\"search_term_string\"}}],\"inLanguage\":\"en-US\"},{\"@type\":\"Organization\",\"@id\":\"https:\\\/\\\/adexa.ee\\\/#organization\",\"name\":\"Adexa\",\"url\":\"https:\\\/\\\/adexa.ee\\\/\",\"logo\":{\"@type\":\"ImageObject\",\"inLanguage\":\"en-US\",\"@id\":\"https:\\\/\\\/adexa.ee\\\/#\\\/schema\\\/logo\\\/image\\\/\",\"url\":\"https:\\\/\\\/adexa.ee\\\/wp-content\\\/uploads\\\/2024\\\/04\\\/chef-cooks-working-in-professional-kitchen-2023-11-27-05-07-39-utc-scaled.jpg\",\"contentUrl\":\"https:\\\/\\\/adexa.ee\\\/wp-content\\\/uploads\\\/2024\\\/04\\\/chef-cooks-working-in-professional-kitchen-2023-11-27-05-07-39-utc-scaled.jpg\",\"width\":2560,\"height\":1708,\"caption\":\"Adexa\"},\"image\":{\"@id\":\"https:\\\/\\\/adexa.ee\\\/#\\\/schema\\\/logo\\\/image\\\/\"}}]}<\/script>\n<!-- \/ Yoast SEO plugin. -->","yoast_head_json":{"title":"Kokkupandav Seinariiul Roostevabast Terasest 1000x300mm | Adexa 330903 - Adexa \u2013 Suurk\u00f6\u00f6giseadmed restoranidele ja toitlustusele","robots":{"index":"index","follow":"follow","max-snippet":"max-snippet:-1","max-image-preview":"max-image-preview:large","max-video-preview":"max-video-preview:-1"},"canonical":"https:\/\/adexa.ee\/toode\/kokkupandav-seinariiul-roostevabast-terasest-1000x300mm-adexa-330903\/","og_locale":"en_US","og_type":"article","og_title":"Kokkupandav Seinariiul Roostevabast Terasest 1000x300mm | Adexa 330903 - Adexa \u2013 Suurk\u00f6\u00f6giseadmed restoranidele ja toitlustusele","og_description":"Kasutage oma k\u00f6\u00f6gipinda maksimaalselt, hoides k\u00f6\u00f6giriistu korrastatult ja t\u00f5husalt sellel kokkupandaval seinariiulil. Kui riiulit ei kasutata, saab selle kokku panna","og_url":"https:\/\/adexa.ee\/toode\/kokkupandav-seinariiul-roostevabast-terasest-1000x300mm-adexa-330903\/","og_site_name":"Adexa \u2013 Suurk\u00f6\u00f6giseadmed restoranidele ja toitlustusele","article_modified_time":"2026-04-01T15:05:52+00:00","og_image":[{"width":1200,"height":1200,"url":"https:\/\/adexa.ee\/wp-content\/uploads\/2024\/12\/330-shelf-.jpg","type":"image\/jpeg"}],"twitter_card":"summary_large_image","schema":{"@context":"https:\/\/schema.org","@graph":[{"@type":"WebPage","@id":"https:\/\/adexa.ee\/toode\/kokkupandav-seinariiul-roostevabast-terasest-1000x300mm-adexa-330903\/","url":"https:\/\/adexa.ee\/toode\/kokkupandav-seinariiul-roostevabast-terasest-1000x300mm-adexa-330903\/","name":"Kokkupandav Seinariiul Roostevabast Terasest 1000x300mm | Adexa 330903 - Adexa \u2013 Suurk\u00f6\u00f6giseadmed restoranidele ja toitlustusele","isPartOf":{"@id":"https:\/\/adexa.ee\/#website"},"primaryImageOfPage":{"@id":"https:\/\/adexa.ee\/toode\/kokkupandav-seinariiul-roostevabast-terasest-1000x300mm-adexa-330903\/#primaryimage"},"image":{"@id":"https:\/\/adexa.ee\/toode\/kokkupandav-seinariiul-roostevabast-terasest-1000x300mm-adexa-330903\/#primaryimage"},"thumbnailUrl":"https:\/\/adexa.ee\/wp-content\/uploads\/2024\/12\/330-shelf-.jpg","datePublished":"2026-04-01T15:05:51+00:00","dateModified":"2026-04-01T15:05:52+00:00","breadcrumb":{"@id":"https:\/\/adexa.ee\/toode\/kokkupandav-seinariiul-roostevabast-terasest-1000x300mm-adexa-330903\/#breadcrumb"},"inLanguage":"en-US","potentialAction":[{"@type":"ReadAction","target":["https:\/\/adexa.ee\/toode\/kokkupandav-seinariiul-roostevabast-terasest-1000x300mm-adexa-330903\/"]}]},{"@type":"ImageObject","inLanguage":"en-US","@id":"https:\/\/adexa.ee\/toode\/kokkupandav-seinariiul-roostevabast-terasest-1000x300mm-adexa-330903\/#primaryimage","url":"https:\/\/adexa.ee\/wp-content\/uploads\/2024\/12\/330-shelf-.jpg","contentUrl":"https:\/\/adexa.ee\/wp-content\/uploads\/2024\/12\/330-shelf-.jpg","width":1200,"height":1200},{"@type":"BreadcrumbList","@id":"https:\/\/adexa.ee\/toode\/kokkupandav-seinariiul-roostevabast-terasest-1000x300mm-adexa-330903\/#breadcrumb","itemListElement":[{"@type":"ListItem","position":1,"name":"Home","item":"https:\/\/adexa.ee\/"},{"@type":"ListItem","position":2,"name":"Tooted","item":"https:\/\/adexa.ee\/pood\/"},{"@type":"ListItem","position":3,"name":"Kokkupandav Seinariiul Roostevabast Terasest 1000x300mm | Adexa 330903"}]},{"@type":"WebSite","@id":"https:\/\/adexa.ee\/#website","url":"https:\/\/adexa.ee\/","name":"Adexa","description":"","publisher":{"@id":"https:\/\/adexa.ee\/#organization"},"potentialAction":[{"@type":"SearchAction","target":{"@type":"EntryPoint","urlTemplate":"https:\/\/adexa.ee\/?s={search_term_string}"},"query-input":{"@type":"PropertyValueSpecification","valueRequired":true,"valueName":"search_term_string"}}],"inLanguage":"en-US"},{"@type":"Organization","@id":"https:\/\/adexa.ee\/#organization","name":"Adexa","url":"https:\/\/adexa.ee\/","logo":{"@type":"ImageObject","inLanguage":"en-US","@id":"https:\/\/adexa.ee\/#\/schema\/logo\/image\/","url":"https:\/\/adexa.ee\/wp-content\/uploads\/2024\/04\/chef-cooks-working-in-professional-kitchen-2023-11-27-05-07-39-utc-scaled.jpg","contentUrl":"https:\/\/adexa.ee\/wp-content\/uploads\/2024\/04\/chef-cooks-working-in-professional-kitchen-2023-11-27-05-07-39-utc-scaled.jpg","width":2560,"height":1708,"caption":"Adexa"},"image":{"@id":"https:\/\/adexa.ee\/#\/schema\/logo\/image\/"}}]}},"_links":{"self":[{"href":"https:\/\/adexa.ee\/en\/wp-json\/wp\/v2\/product\/13868","targetHints":{"allow":["GET"]}}],"collection":[{"href":"https:\/\/adexa.ee\/en\/wp-json\/wp\/v2\/product"}],"about":[{"href":"https:\/\/adexa.ee\/en\/wp-json\/wp\/v2\/types\/product"}],"wp:featuredmedia":[{"embeddable":true,"href":"https:\/\/adexa.ee\/en\/wp-json\/wp\/v2\/media\/10154"}],"wp:attachment":[{"href":"https:\/\/adexa.ee\/en\/wp-json\/wp\/v2\/media?parent=13868"}],"wp:term":[{"taxonomy":"product_brand","embeddable":true,"href":"https:\/\/adexa.ee\/en\/wp-json\/wp\/v2\/product_brand?post=13868"},{"taxonomy":"product_cat","embeddable":true,"href":"https:\/\/adexa.ee\/en\/wp-json\/wp\/v2\/product_cat?post=13868"},{"taxonomy":"product_tag","embeddable":true,"href":"https:\/\/adexa.ee\/en\/wp-json\/wp\/v2\/product_tag?post=13868"}],"curies":[{"name":"wp","href":"https:\/\/api.w.org\/{rel}","templated":true}]}}