{"id":13883,"date":"2026-03-29T22:35:59","date_gmt":"2026-03-29T19:35:59","guid":{"rendered":"https:\/\/adexa.ee\/toode\/rasvapuudur-rasvaeraldaja-roostevaba-teras-45-liitrit-min-adexa-gtb45l\/"},"modified":"2026-03-29T22:36:00","modified_gmt":"2026-03-29T19:36:00","slug":"rasvapuudur-rasvaeraldaja-roostevaba-teras-45-liitrit-min-adexa-gtb45l","status":"publish","type":"product","link":"https:\/\/adexa.ee\/en\/toode\/rasvapuudur-rasvaeraldaja-roostevaba-teras-45-liitrit-min-adexa-gtb45l\/","title":{"rendered":"Rasvap\u00fc\u00fcdur Rasvaeraldaja Roostevaba teras 45 liitrit\/min | Adexa GTB45L"},"content":{"rendered":"<p>See k\u00f5rgekvaliteediline kaubanduslik rasvap\u00fc\u00fcdur\/eraldaja on h\u00e4davajalik igale ettev\u00f5ttele, mis on klassifitseeritud kui &#8220;kaubandusj\u00e4\u00e4tmete tootja&#8221;. Uute regulatsioonide j\u00f5ustumisel on kohustuslik paigaldada rasvahalduss\u00fcsteem igasse ettev\u00f5ttesse, mis tekitab kaubandusj\u00e4\u00e4tmeid. Rasvap\u00fc\u00fcdurid\/rasvaeraldajad on spetsiaalselt disainitud seadmed, mis mitte ainult ei hoia teie \u00e4ravoolutorude vedelat ja t\u00f5husat t\u00f6\u00f6d, vaid ka ennetavad v\u00f5imalikke kahjukulusid, mida v\u00f5ivad p\u00f5hjustada igap\u00e4evased \u00f5lid, rasvad ja rasvad, mida ettev\u00f5tted toodavad. 45 liitritSobib v\u00e4ikestele ja keskmise suurusega kaubanduslikele valamutele ja n\u00f5udepesumasinatele 460x300x310mm<\/p>\n<table style=\"border-collapse: collapse; width: 100%; text-align: left;\">\n<tbody>\n<tr>\n<td style=\"border: 1px solid #ddd; padding: 8px; width: 45%;\"><strong>S\u00fcgavus<\/strong><\/td>\n<td style=\"border: 1px solid #ddd; padding: 8px;\">300 mm<\/td>\n<\/tr>\n<tr>\n<td style=\"border: 1px solid #ddd; padding: 8px; width: 45%;\"><strong>K\u00f5rgus<\/strong><\/td>\n<td style=\"border: 1px solid #ddd; padding: 8px;\">310 mm<\/td>\n<\/tr>\n<tr>\n<td style=\"border: 1px solid #ddd; padding: 8px; width: 45%;\"><strong>Laius<\/strong><\/td>\n<td style=\"border: 1px solid #ddd; padding: 8px;\">460 mm<\/td>\n<\/tr>\n<tr>\n<td style=\"border: 1px solid #ddd; padding: 8px; width: 45%;\"><strong>Garantii<\/strong><\/td>\n<td style=\"border: 1px solid #ddd; padding: 8px;\">12 kuu varuosade garantii<\/td>\n<\/tr>\n<tr>\n<td style=\"border: 1px solid #ddd; padding: 8px; width: 45%;\"><strong>Materjal<\/strong><\/td>\n<td style=\"border: 1px solid #ddd; padding: 8px;\">Roostevaba teras<\/td>\n<\/tr>\n<tr>\n<td style=\"border: 1px solid #ddd; padding: 8px; width: 45%;\"><strong>Sissevool<\/strong><\/td>\n<td style=\"border: 1px solid #ddd; padding: 8px;\">40 mm<\/td>\n<\/tr>\n<tr>\n<td style=\"border: 1px solid #ddd; padding: 8px; width: 45%;\"><strong>Kuluvoog<\/strong><\/td>\n<td style=\"border: 1px solid #ddd; padding: 8px;\">45 liitrit\/minutis<\/td>\n<\/tr>\n<tr>\n<td style=\"border: 1px solid #ddd; padding: 8px; width: 45%;\"><strong>V\u00e4ljap\u00e4\u00e4s<\/strong><\/td>\n<td style=\"border: 1px solid #ddd; padding: 8px;\">50 mm<\/td>\n<\/tr>\n<\/tbody>\n<\/table>\n","protected":false},"excerpt":{"rendered":"<p>See k\u00f5rgekvaliteediline kaubanduslik rasvap\u00fc\u00fcdur\/eraldaja on h\u00e4davajalik igale ettev\u00f5ttele, mis on klassifitseeritud kui &#8220;kaubandusj\u00e4\u00e4tmete tootja&#8221;. Uute regulatsioonide j\u00f5ustumisel on kohustuslik paigaldada<\/p>\n","protected":false},"featured_media":10143,"template":"","meta":[],"product_brand":[],"product_cat":[569,667,572],"product_tag":[],"class_list":{"0":"post-13883","1":"product","2":"type-product","3":"status-publish","4":"has-post-thumbnail","6":"product_cat-lopumuuk","7":"product_cat-rasvapuudjad","8":"product_cat-roostevabad-tooted","10":"first","11":"instock","12":"sale","13":"taxable","14":"shipping-taxable","15":"purchasable","16":"product-type-simple"},"yoast_head":"<!-- This site is optimized with the Yoast SEO plugin v27.3 - https:\/\/yoast.com\/product\/yoast-seo-wordpress\/ -->\n<title>Rasvap\u00fc\u00fcdur Rasvaeraldaja Roostevaba teras 45 liitrit\/min | Adexa GTB45L - Adexa \u2013 Suurk\u00f6\u00f6giseadmed restoranidele ja toitlustusele<\/title>\n<meta name=\"robots\" content=\"index, follow, max-snippet:-1, max-image-preview:large, max-video-preview:-1\" \/>\n<link rel=\"canonical\" href=\"https:\/\/adexa.ee\/toode\/rasvapuudur-rasvaeraldaja-roostevaba-teras-45-liitrit-min-adexa-gtb45l\/\" \/>\n<meta property=\"og:locale\" content=\"en_US\" \/>\n<meta property=\"og:type\" content=\"article\" \/>\n<meta property=\"og:title\" content=\"Rasvap\u00fc\u00fcdur Rasvaeraldaja Roostevaba teras 45 liitrit\/min | Adexa GTB45L - Adexa \u2013 Suurk\u00f6\u00f6giseadmed restoranidele ja toitlustusele\" \/>\n<meta property=\"og:description\" content=\"See k\u00f5rgekvaliteediline kaubanduslik rasvap\u00fc\u00fcdur\/eraldaja on h\u00e4davajalik igale ettev\u00f5ttele, mis on klassifitseeritud kui &#8220;kaubandusj\u00e4\u00e4tmete tootja&#8221;. Uute regulatsioonide j\u00f5ustumisel on kohustuslik paigaldada\" \/>\n<meta property=\"og:url\" content=\"https:\/\/adexa.ee\/toode\/rasvapuudur-rasvaeraldaja-roostevaba-teras-45-liitrit-min-adexa-gtb45l\/\" \/>\n<meta property=\"og:site_name\" content=\"Adexa \u2013 Suurk\u00f6\u00f6giseadmed restoranidele ja toitlustusele\" \/>\n<meta property=\"article:modified_time\" content=\"2026-03-29T19:36:00+00:00\" \/>\n<meta property=\"og:image\" content=\"https:\/\/adexa.ee\/wp-content\/uploads\/2024\/12\/GTB.jpg\" \/>\n\t<meta property=\"og:image:width\" content=\"2000\" \/>\n\t<meta property=\"og:image:height\" content=\"2000\" \/>\n\t<meta property=\"og:image:type\" content=\"image\/jpeg\" \/>\n<meta name=\"twitter:card\" content=\"summary_large_image\" \/>\n<meta name=\"twitter:label1\" content=\"Est. reading time\" \/>\n\t<meta name=\"twitter:data1\" content=\"1 minute\" \/>\n<script type=\"application\/ld+json\" class=\"yoast-schema-graph\">{\"@context\":\"https:\\\/\\\/schema.org\",\"@graph\":[{\"@type\":\"WebPage\",\"@id\":\"https:\\\/\\\/adexa.ee\\\/toode\\\/rasvapuudur-rasvaeraldaja-roostevaba-teras-45-liitrit-min-adexa-gtb45l\\\/\",\"url\":\"https:\\\/\\\/adexa.ee\\\/toode\\\/rasvapuudur-rasvaeraldaja-roostevaba-teras-45-liitrit-min-adexa-gtb45l\\\/\",\"name\":\"Rasvap\u00fc\u00fcdur Rasvaeraldaja Roostevaba teras 45 liitrit\\\/min | Adexa GTB45L - Adexa \u2013 Suurk\u00f6\u00f6giseadmed restoranidele ja toitlustusele\",\"isPartOf\":{\"@id\":\"https:\\\/\\\/adexa.ee\\\/#website\"},\"primaryImageOfPage\":{\"@id\":\"https:\\\/\\\/adexa.ee\\\/toode\\\/rasvapuudur-rasvaeraldaja-roostevaba-teras-45-liitrit-min-adexa-gtb45l\\\/#primaryimage\"},\"image\":{\"@id\":\"https:\\\/\\\/adexa.ee\\\/toode\\\/rasvapuudur-rasvaeraldaja-roostevaba-teras-45-liitrit-min-adexa-gtb45l\\\/#primaryimage\"},\"thumbnailUrl\":\"https:\\\/\\\/adexa.ee\\\/wp-content\\\/uploads\\\/2024\\\/12\\\/GTB.jpg\",\"datePublished\":\"2026-03-29T19:35:59+00:00\",\"dateModified\":\"2026-03-29T19:36:00+00:00\",\"breadcrumb\":{\"@id\":\"https:\\\/\\\/adexa.ee\\\/toode\\\/rasvapuudur-rasvaeraldaja-roostevaba-teras-45-liitrit-min-adexa-gtb45l\\\/#breadcrumb\"},\"inLanguage\":\"en-US\",\"potentialAction\":[{\"@type\":\"ReadAction\",\"target\":[\"https:\\\/\\\/adexa.ee\\\/toode\\\/rasvapuudur-rasvaeraldaja-roostevaba-teras-45-liitrit-min-adexa-gtb45l\\\/\"]}]},{\"@type\":\"ImageObject\",\"inLanguage\":\"en-US\",\"@id\":\"https:\\\/\\\/adexa.ee\\\/toode\\\/rasvapuudur-rasvaeraldaja-roostevaba-teras-45-liitrit-min-adexa-gtb45l\\\/#primaryimage\",\"url\":\"https:\\\/\\\/adexa.ee\\\/wp-content\\\/uploads\\\/2024\\\/12\\\/GTB.jpg\",\"contentUrl\":\"https:\\\/\\\/adexa.ee\\\/wp-content\\\/uploads\\\/2024\\\/12\\\/GTB.jpg\",\"width\":2000,\"height\":2000},{\"@type\":\"BreadcrumbList\",\"@id\":\"https:\\\/\\\/adexa.ee\\\/toode\\\/rasvapuudur-rasvaeraldaja-roostevaba-teras-45-liitrit-min-adexa-gtb45l\\\/#breadcrumb\",\"itemListElement\":[{\"@type\":\"ListItem\",\"position\":1,\"name\":\"Home\",\"item\":\"https:\\\/\\\/adexa.ee\\\/\"},{\"@type\":\"ListItem\",\"position\":2,\"name\":\"Tooted\",\"item\":\"https:\\\/\\\/adexa.ee\\\/pood\\\/\"},{\"@type\":\"ListItem\",\"position\":3,\"name\":\"Rasvap\u00fc\u00fcdur Rasvaeraldaja Roostevaba teras 45 liitrit\\\/min | Adexa GTB45L\"}]},{\"@type\":\"WebSite\",\"@id\":\"https:\\\/\\\/adexa.ee\\\/#website\",\"url\":\"https:\\\/\\\/adexa.ee\\\/\",\"name\":\"Adexa\",\"description\":\"\",\"publisher\":{\"@id\":\"https:\\\/\\\/adexa.ee\\\/#organization\"},\"potentialAction\":[{\"@type\":\"SearchAction\",\"target\":{\"@type\":\"EntryPoint\",\"urlTemplate\":\"https:\\\/\\\/adexa.ee\\\/?s={search_term_string}\"},\"query-input\":{\"@type\":\"PropertyValueSpecification\",\"valueRequired\":true,\"valueName\":\"search_term_string\"}}],\"inLanguage\":\"en-US\"},{\"@type\":\"Organization\",\"@id\":\"https:\\\/\\\/adexa.ee\\\/#organization\",\"name\":\"Adexa\",\"url\":\"https:\\\/\\\/adexa.ee\\\/\",\"logo\":{\"@type\":\"ImageObject\",\"inLanguage\":\"en-US\",\"@id\":\"https:\\\/\\\/adexa.ee\\\/#\\\/schema\\\/logo\\\/image\\\/\",\"url\":\"https:\\\/\\\/adexa.ee\\\/wp-content\\\/uploads\\\/2024\\\/04\\\/chef-cooks-working-in-professional-kitchen-2023-11-27-05-07-39-utc-scaled.jpg\",\"contentUrl\":\"https:\\\/\\\/adexa.ee\\\/wp-content\\\/uploads\\\/2024\\\/04\\\/chef-cooks-working-in-professional-kitchen-2023-11-27-05-07-39-utc-scaled.jpg\",\"width\":2560,\"height\":1708,\"caption\":\"Adexa\"},\"image\":{\"@id\":\"https:\\\/\\\/adexa.ee\\\/#\\\/schema\\\/logo\\\/image\\\/\"}}]}<\/script>\n<!-- \/ Yoast SEO plugin. -->","yoast_head_json":{"title":"Rasvap\u00fc\u00fcdur Rasvaeraldaja Roostevaba teras 45 liitrit\/min | Adexa GTB45L - Adexa \u2013 Suurk\u00f6\u00f6giseadmed restoranidele ja toitlustusele","robots":{"index":"index","follow":"follow","max-snippet":"max-snippet:-1","max-image-preview":"max-image-preview:large","max-video-preview":"max-video-preview:-1"},"canonical":"https:\/\/adexa.ee\/toode\/rasvapuudur-rasvaeraldaja-roostevaba-teras-45-liitrit-min-adexa-gtb45l\/","og_locale":"en_US","og_type":"article","og_title":"Rasvap\u00fc\u00fcdur Rasvaeraldaja Roostevaba teras 45 liitrit\/min | Adexa GTB45L - Adexa \u2013 Suurk\u00f6\u00f6giseadmed restoranidele ja toitlustusele","og_description":"See k\u00f5rgekvaliteediline kaubanduslik rasvap\u00fc\u00fcdur\/eraldaja on h\u00e4davajalik igale ettev\u00f5ttele, mis on klassifitseeritud kui &#8220;kaubandusj\u00e4\u00e4tmete tootja&#8221;. Uute regulatsioonide j\u00f5ustumisel on kohustuslik paigaldada","og_url":"https:\/\/adexa.ee\/toode\/rasvapuudur-rasvaeraldaja-roostevaba-teras-45-liitrit-min-adexa-gtb45l\/","og_site_name":"Adexa \u2013 Suurk\u00f6\u00f6giseadmed restoranidele ja toitlustusele","article_modified_time":"2026-03-29T19:36:00+00:00","og_image":[{"width":2000,"height":2000,"url":"https:\/\/adexa.ee\/wp-content\/uploads\/2024\/12\/GTB.jpg","type":"image\/jpeg"}],"twitter_card":"summary_large_image","twitter_misc":{"Est. reading time":"1 minute"},"schema":{"@context":"https:\/\/schema.org","@graph":[{"@type":"WebPage","@id":"https:\/\/adexa.ee\/toode\/rasvapuudur-rasvaeraldaja-roostevaba-teras-45-liitrit-min-adexa-gtb45l\/","url":"https:\/\/adexa.ee\/toode\/rasvapuudur-rasvaeraldaja-roostevaba-teras-45-liitrit-min-adexa-gtb45l\/","name":"Rasvap\u00fc\u00fcdur Rasvaeraldaja Roostevaba teras 45 liitrit\/min | Adexa GTB45L - Adexa \u2013 Suurk\u00f6\u00f6giseadmed restoranidele ja toitlustusele","isPartOf":{"@id":"https:\/\/adexa.ee\/#website"},"primaryImageOfPage":{"@id":"https:\/\/adexa.ee\/toode\/rasvapuudur-rasvaeraldaja-roostevaba-teras-45-liitrit-min-adexa-gtb45l\/#primaryimage"},"image":{"@id":"https:\/\/adexa.ee\/toode\/rasvapuudur-rasvaeraldaja-roostevaba-teras-45-liitrit-min-adexa-gtb45l\/#primaryimage"},"thumbnailUrl":"https:\/\/adexa.ee\/wp-content\/uploads\/2024\/12\/GTB.jpg","datePublished":"2026-03-29T19:35:59+00:00","dateModified":"2026-03-29T19:36:00+00:00","breadcrumb":{"@id":"https:\/\/adexa.ee\/toode\/rasvapuudur-rasvaeraldaja-roostevaba-teras-45-liitrit-min-adexa-gtb45l\/#breadcrumb"},"inLanguage":"en-US","potentialAction":[{"@type":"ReadAction","target":["https:\/\/adexa.ee\/toode\/rasvapuudur-rasvaeraldaja-roostevaba-teras-45-liitrit-min-adexa-gtb45l\/"]}]},{"@type":"ImageObject","inLanguage":"en-US","@id":"https:\/\/adexa.ee\/toode\/rasvapuudur-rasvaeraldaja-roostevaba-teras-45-liitrit-min-adexa-gtb45l\/#primaryimage","url":"https:\/\/adexa.ee\/wp-content\/uploads\/2024\/12\/GTB.jpg","contentUrl":"https:\/\/adexa.ee\/wp-content\/uploads\/2024\/12\/GTB.jpg","width":2000,"height":2000},{"@type":"BreadcrumbList","@id":"https:\/\/adexa.ee\/toode\/rasvapuudur-rasvaeraldaja-roostevaba-teras-45-liitrit-min-adexa-gtb45l\/#breadcrumb","itemListElement":[{"@type":"ListItem","position":1,"name":"Home","item":"https:\/\/adexa.ee\/"},{"@type":"ListItem","position":2,"name":"Tooted","item":"https:\/\/adexa.ee\/pood\/"},{"@type":"ListItem","position":3,"name":"Rasvap\u00fc\u00fcdur Rasvaeraldaja Roostevaba teras 45 liitrit\/min | Adexa GTB45L"}]},{"@type":"WebSite","@id":"https:\/\/adexa.ee\/#website","url":"https:\/\/adexa.ee\/","name":"Adexa","description":"","publisher":{"@id":"https:\/\/adexa.ee\/#organization"},"potentialAction":[{"@type":"SearchAction","target":{"@type":"EntryPoint","urlTemplate":"https:\/\/adexa.ee\/?s={search_term_string}"},"query-input":{"@type":"PropertyValueSpecification","valueRequired":true,"valueName":"search_term_string"}}],"inLanguage":"en-US"},{"@type":"Organization","@id":"https:\/\/adexa.ee\/#organization","name":"Adexa","url":"https:\/\/adexa.ee\/","logo":{"@type":"ImageObject","inLanguage":"en-US","@id":"https:\/\/adexa.ee\/#\/schema\/logo\/image\/","url":"https:\/\/adexa.ee\/wp-content\/uploads\/2024\/04\/chef-cooks-working-in-professional-kitchen-2023-11-27-05-07-39-utc-scaled.jpg","contentUrl":"https:\/\/adexa.ee\/wp-content\/uploads\/2024\/04\/chef-cooks-working-in-professional-kitchen-2023-11-27-05-07-39-utc-scaled.jpg","width":2560,"height":1708,"caption":"Adexa"},"image":{"@id":"https:\/\/adexa.ee\/#\/schema\/logo\/image\/"}}]}},"_links":{"self":[{"href":"https:\/\/adexa.ee\/en\/wp-json\/wp\/v2\/product\/13883","targetHints":{"allow":["GET"]}}],"collection":[{"href":"https:\/\/adexa.ee\/en\/wp-json\/wp\/v2\/product"}],"about":[{"href":"https:\/\/adexa.ee\/en\/wp-json\/wp\/v2\/types\/product"}],"wp:featuredmedia":[{"embeddable":true,"href":"https:\/\/adexa.ee\/en\/wp-json\/wp\/v2\/media\/10143"}],"wp:attachment":[{"href":"https:\/\/adexa.ee\/en\/wp-json\/wp\/v2\/media?parent=13883"}],"wp:term":[{"taxonomy":"product_brand","embeddable":true,"href":"https:\/\/adexa.ee\/en\/wp-json\/wp\/v2\/product_brand?post=13883"},{"taxonomy":"product_cat","embeddable":true,"href":"https:\/\/adexa.ee\/en\/wp-json\/wp\/v2\/product_cat?post=13883"},{"taxonomy":"product_tag","embeddable":true,"href":"https:\/\/adexa.ee\/en\/wp-json\/wp\/v2\/product_tag?post=13883"}],"curies":[{"name":"wp","href":"https:\/\/api.w.org\/{rel}","templated":true}]}}