{"id":13885,"date":"2026-03-26T10:05:44","date_gmt":"2026-03-26T08:05:44","guid":{"rendered":"https:\/\/adexa.ee\/toode\/bistro-soogitool-plastik-must-sise-ja-valistingimustes-adexa-ww6089\/"},"modified":"2026-03-26T10:05:51","modified_gmt":"2026-03-26T08:05:51","slug":"bistro-soogitool-plastik-must-sise-ja-valistingimustes-adexa-ww6089","status":"publish","type":"product","link":"https:\/\/adexa.ee\/en\/toode\/bistro-soogitool-plastik-must-sise-ja-valistingimustes-adexa-ww6089\/","title":{"rendered":"Bistro S\u00f6\u00f6gitool Plastik Must Sise- ja V\u00e4listingimustes | Adexa WW6089"},"content":{"rendered":"<p>See bistro s\u00f6\u00f6gitool on k\u00f5rgekvaliteediline kaasaegne disain ja ehitus. Valmistatud pol\u00fcprop\u00fcleenist, see tool talub igat t\u00fc\u00fcpi ilmastikutingimusi ja sobib ideaalselt sise- ja v\u00e4listingimustes kasutamiseks. Ruumi s\u00e4\u00e4stev virnastatav disain tagab, et toolid saab h\u00f5lpsasti hoiustada, kui neid ei kasutata. Ideaalne igale restoranile, baarile, hotellile v\u00f5i kohvikule selle madalama hinnaga. Pol\u00fcprop\u00fcleen &#038; Klaaskiud Must Virnastatav disain lihtsaks hoiustamiseks Tool sobib nii sise- kui v\u00e4listingimustes kasutamiseks, muutes selle populaarseks tooliks nii kodustes kui avalikes ruumides.<\/p>\n<table style=\"border-collapse: collapse; width: 100%; text-align: left;\">\n<tbody>\n<tr>\n<td style=\"border: 1px solid #ddd; padding: 8px; width: 45%;\"><strong>S\u00fcgavus<\/strong><\/td>\n<td style=\"border: 1px solid #ddd; padding: 8px;\">600 mm<\/td>\n<\/tr>\n<tr>\n<td style=\"border: 1px solid #ddd; padding: 8px; width: 45%;\"><strong>K\u00f5rgus<\/strong><\/td>\n<td style=\"border: 1px solid #ddd; padding: 8px;\">810 mm<\/td>\n<\/tr>\n<tr>\n<td style=\"border: 1px solid #ddd; padding: 8px; width: 45%;\"><strong>Laius<\/strong><\/td>\n<td style=\"border: 1px solid #ddd; padding: 8px;\">500 mm<\/td>\n<\/tr>\n<tr>\n<td style=\"border: 1px solid #ddd; padding: 8px; width: 45%;\"><strong>Kaal<\/strong><\/td>\n<td style=\"border: 1px solid #ddd; padding: 8px;\">4 kg<\/td>\n<\/tr>\n<tr>\n<td style=\"border: 1px solid #ddd; padding: 8px; width: 45%;\"><strong>Garantii<\/strong><\/td>\n<td style=\"border: 1px solid #ddd; padding: 8px;\">12 kuu varuosade garantii<\/td>\n<\/tr>\n<tr>\n<td style=\"border: 1px solid #ddd; padding: 8px; width: 45%;\"><strong>Materjal<\/strong><\/td>\n<td style=\"border: 1px solid #ddd; padding: 8px;\">Pol\u00fcprop\u00fcleen ja klaaskiud<\/td>\n<\/tr>\n<tr>\n<td style=\"border: 1px solid #ddd; padding: 8px; width: 45%;\"><strong>V\u00e4rv<\/strong><\/td>\n<td style=\"border: 1px solid #ddd; padding: 8px;\">Must<\/td>\n<\/tr>\n<tr>\n<td style=\"border: 1px solid #ddd; padding: 8px; width: 45%;\"><strong>Virnastatav<\/strong><\/td>\n<td style=\"border: 1px solid #ddd; padding: 8px;\">Jah<\/td>\n<\/tr>\n<tr>\n<td style=\"border: 1px solid #ddd; padding: 8px; width: 45%;\"><strong>K\u00f5rgus (iste)<\/strong><\/td>\n<td style=\"border: 1px solid #ddd; padding: 8px;\">430 mm<\/td>\n<\/tr>\n<\/tbody>\n<\/table>\n","protected":false},"excerpt":{"rendered":"<p>See bistro s\u00f6\u00f6gitool on k\u00f5rgekvaliteediline kaasaegne disain ja ehitus. Valmistatud pol\u00fcprop\u00fcleenist, see tool talub igat t\u00fc\u00fcpi ilmastikutingimusi ja sobib ideaalselt<\/p>\n","protected":false},"featured_media":13887,"template":"","meta":[],"product_brand":[],"product_cat":[722,561],"product_tag":[],"class_list":{"0":"post-13885","1":"product","2":"type-product","3":"status-publish","4":"has-post-thumbnail","6":"product_cat-bistroo-ja-soogitoolid","7":"product_cat-moobel-ja-hoiustamine","9":"first","10":"instock","11":"sale","12":"taxable","13":"shipping-taxable","14":"purchasable","15":"product-type-simple"},"yoast_head":"<!-- This site is optimized with the Yoast SEO plugin v27.3 - https:\/\/yoast.com\/product\/yoast-seo-wordpress\/ -->\n<title>Bistro S\u00f6\u00f6gitool Plastik Must Sise- ja V\u00e4listingimustes | Adexa WW6089 - Adexa \u2013 Suurk\u00f6\u00f6giseadmed restoranidele ja toitlustusele<\/title>\n<meta name=\"robots\" content=\"index, follow, max-snippet:-1, max-image-preview:large, max-video-preview:-1\" \/>\n<link rel=\"canonical\" href=\"https:\/\/adexa.ee\/toode\/bistro-soogitool-plastik-must-sise-ja-valistingimustes-adexa-ww6089\/\" \/>\n<meta property=\"og:locale\" content=\"en_US\" \/>\n<meta property=\"og:type\" content=\"article\" \/>\n<meta property=\"og:title\" content=\"Bistro S\u00f6\u00f6gitool Plastik Must Sise- ja V\u00e4listingimustes | Adexa WW6089 - Adexa \u2013 Suurk\u00f6\u00f6giseadmed restoranidele ja toitlustusele\" \/>\n<meta property=\"og:description\" content=\"See bistro s\u00f6\u00f6gitool on k\u00f5rgekvaliteediline kaasaegne disain ja ehitus. Valmistatud pol\u00fcprop\u00fcleenist, see tool talub igat t\u00fc\u00fcpi ilmastikutingimusi ja sobib ideaalselt\" \/>\n<meta property=\"og:url\" content=\"https:\/\/adexa.ee\/toode\/bistro-soogitool-plastik-must-sise-ja-valistingimustes-adexa-ww6089\/\" \/>\n<meta property=\"og:site_name\" content=\"Adexa \u2013 Suurk\u00f6\u00f6giseadmed restoranidele ja toitlustusele\" \/>\n<meta property=\"article:modified_time\" content=\"2026-03-26T08:05:51+00:00\" \/>\n<meta property=\"og:image\" content=\"https:\/\/adexa.ee\/wp-content\/uploads\/2024\/12\/WW6089.jpg\" \/>\n\t<meta property=\"og:image:width\" content=\"900\" \/>\n\t<meta property=\"og:image:height\" content=\"900\" \/>\n\t<meta property=\"og:image:type\" content=\"image\/jpeg\" \/>\n<meta name=\"twitter:card\" content=\"summary_large_image\" \/>\n<meta name=\"twitter:label1\" content=\"Est. reading time\" \/>\n\t<meta name=\"twitter:data1\" content=\"1 minute\" \/>\n<script type=\"application\/ld+json\" class=\"yoast-schema-graph\">{\"@context\":\"https:\\\/\\\/schema.org\",\"@graph\":[{\"@type\":\"WebPage\",\"@id\":\"https:\\\/\\\/adexa.ee\\\/toode\\\/bistro-soogitool-plastik-must-sise-ja-valistingimustes-adexa-ww6089\\\/\",\"url\":\"https:\\\/\\\/adexa.ee\\\/toode\\\/bistro-soogitool-plastik-must-sise-ja-valistingimustes-adexa-ww6089\\\/\",\"name\":\"Bistro S\u00f6\u00f6gitool Plastik Must Sise- ja V\u00e4listingimustes | Adexa WW6089 - Adexa \u2013 Suurk\u00f6\u00f6giseadmed restoranidele ja toitlustusele\",\"isPartOf\":{\"@id\":\"https:\\\/\\\/adexa.ee\\\/#website\"},\"primaryImageOfPage\":{\"@id\":\"https:\\\/\\\/adexa.ee\\\/toode\\\/bistro-soogitool-plastik-must-sise-ja-valistingimustes-adexa-ww6089\\\/#primaryimage\"},\"image\":{\"@id\":\"https:\\\/\\\/adexa.ee\\\/toode\\\/bistro-soogitool-plastik-must-sise-ja-valistingimustes-adexa-ww6089\\\/#primaryimage\"},\"thumbnailUrl\":\"https:\\\/\\\/adexa.ee\\\/wp-content\\\/uploads\\\/2024\\\/12\\\/WW6089.jpg\",\"datePublished\":\"2026-03-26T08:05:44+00:00\",\"dateModified\":\"2026-03-26T08:05:51+00:00\",\"breadcrumb\":{\"@id\":\"https:\\\/\\\/adexa.ee\\\/toode\\\/bistro-soogitool-plastik-must-sise-ja-valistingimustes-adexa-ww6089\\\/#breadcrumb\"},\"inLanguage\":\"en-US\",\"potentialAction\":[{\"@type\":\"ReadAction\",\"target\":[\"https:\\\/\\\/adexa.ee\\\/toode\\\/bistro-soogitool-plastik-must-sise-ja-valistingimustes-adexa-ww6089\\\/\"]}]},{\"@type\":\"ImageObject\",\"inLanguage\":\"en-US\",\"@id\":\"https:\\\/\\\/adexa.ee\\\/toode\\\/bistro-soogitool-plastik-must-sise-ja-valistingimustes-adexa-ww6089\\\/#primaryimage\",\"url\":\"https:\\\/\\\/adexa.ee\\\/wp-content\\\/uploads\\\/2024\\\/12\\\/WW6089.jpg\",\"contentUrl\":\"https:\\\/\\\/adexa.ee\\\/wp-content\\\/uploads\\\/2024\\\/12\\\/WW6089.jpg\",\"width\":900,\"height\":900},{\"@type\":\"BreadcrumbList\",\"@id\":\"https:\\\/\\\/adexa.ee\\\/toode\\\/bistro-soogitool-plastik-must-sise-ja-valistingimustes-adexa-ww6089\\\/#breadcrumb\",\"itemListElement\":[{\"@type\":\"ListItem\",\"position\":1,\"name\":\"Home\",\"item\":\"https:\\\/\\\/adexa.ee\\\/\"},{\"@type\":\"ListItem\",\"position\":2,\"name\":\"Tooted\",\"item\":\"https:\\\/\\\/adexa.ee\\\/pood\\\/\"},{\"@type\":\"ListItem\",\"position\":3,\"name\":\"Bistro S\u00f6\u00f6gitool Plastik Must Sise- ja V\u00e4listingimustes | Adexa WW6089\"}]},{\"@type\":\"WebSite\",\"@id\":\"https:\\\/\\\/adexa.ee\\\/#website\",\"url\":\"https:\\\/\\\/adexa.ee\\\/\",\"name\":\"Adexa\",\"description\":\"\",\"publisher\":{\"@id\":\"https:\\\/\\\/adexa.ee\\\/#organization\"},\"potentialAction\":[{\"@type\":\"SearchAction\",\"target\":{\"@type\":\"EntryPoint\",\"urlTemplate\":\"https:\\\/\\\/adexa.ee\\\/?s={search_term_string}\"},\"query-input\":{\"@type\":\"PropertyValueSpecification\",\"valueRequired\":true,\"valueName\":\"search_term_string\"}}],\"inLanguage\":\"en-US\"},{\"@type\":\"Organization\",\"@id\":\"https:\\\/\\\/adexa.ee\\\/#organization\",\"name\":\"Adexa\",\"url\":\"https:\\\/\\\/adexa.ee\\\/\",\"logo\":{\"@type\":\"ImageObject\",\"inLanguage\":\"en-US\",\"@id\":\"https:\\\/\\\/adexa.ee\\\/#\\\/schema\\\/logo\\\/image\\\/\",\"url\":\"https:\\\/\\\/adexa.ee\\\/wp-content\\\/uploads\\\/2024\\\/04\\\/chef-cooks-working-in-professional-kitchen-2023-11-27-05-07-39-utc-scaled.jpg\",\"contentUrl\":\"https:\\\/\\\/adexa.ee\\\/wp-content\\\/uploads\\\/2024\\\/04\\\/chef-cooks-working-in-professional-kitchen-2023-11-27-05-07-39-utc-scaled.jpg\",\"width\":2560,\"height\":1708,\"caption\":\"Adexa\"},\"image\":{\"@id\":\"https:\\\/\\\/adexa.ee\\\/#\\\/schema\\\/logo\\\/image\\\/\"}}]}<\/script>\n<!-- \/ Yoast SEO plugin. -->","yoast_head_json":{"title":"Bistro S\u00f6\u00f6gitool Plastik Must Sise- ja V\u00e4listingimustes | Adexa WW6089 - Adexa \u2013 Suurk\u00f6\u00f6giseadmed restoranidele ja toitlustusele","robots":{"index":"index","follow":"follow","max-snippet":"max-snippet:-1","max-image-preview":"max-image-preview:large","max-video-preview":"max-video-preview:-1"},"canonical":"https:\/\/adexa.ee\/toode\/bistro-soogitool-plastik-must-sise-ja-valistingimustes-adexa-ww6089\/","og_locale":"en_US","og_type":"article","og_title":"Bistro S\u00f6\u00f6gitool Plastik Must Sise- ja V\u00e4listingimustes | Adexa WW6089 - Adexa \u2013 Suurk\u00f6\u00f6giseadmed restoranidele ja toitlustusele","og_description":"See bistro s\u00f6\u00f6gitool on k\u00f5rgekvaliteediline kaasaegne disain ja ehitus. Valmistatud pol\u00fcprop\u00fcleenist, see tool talub igat t\u00fc\u00fcpi ilmastikutingimusi ja sobib ideaalselt","og_url":"https:\/\/adexa.ee\/toode\/bistro-soogitool-plastik-must-sise-ja-valistingimustes-adexa-ww6089\/","og_site_name":"Adexa \u2013 Suurk\u00f6\u00f6giseadmed restoranidele ja toitlustusele","article_modified_time":"2026-03-26T08:05:51+00:00","og_image":[{"width":900,"height":900,"url":"https:\/\/adexa.ee\/wp-content\/uploads\/2024\/12\/WW6089.jpg","type":"image\/jpeg"}],"twitter_card":"summary_large_image","twitter_misc":{"Est. reading time":"1 minute"},"schema":{"@context":"https:\/\/schema.org","@graph":[{"@type":"WebPage","@id":"https:\/\/adexa.ee\/toode\/bistro-soogitool-plastik-must-sise-ja-valistingimustes-adexa-ww6089\/","url":"https:\/\/adexa.ee\/toode\/bistro-soogitool-plastik-must-sise-ja-valistingimustes-adexa-ww6089\/","name":"Bistro S\u00f6\u00f6gitool Plastik Must Sise- ja V\u00e4listingimustes | Adexa WW6089 - Adexa \u2013 Suurk\u00f6\u00f6giseadmed restoranidele ja toitlustusele","isPartOf":{"@id":"https:\/\/adexa.ee\/#website"},"primaryImageOfPage":{"@id":"https:\/\/adexa.ee\/toode\/bistro-soogitool-plastik-must-sise-ja-valistingimustes-adexa-ww6089\/#primaryimage"},"image":{"@id":"https:\/\/adexa.ee\/toode\/bistro-soogitool-plastik-must-sise-ja-valistingimustes-adexa-ww6089\/#primaryimage"},"thumbnailUrl":"https:\/\/adexa.ee\/wp-content\/uploads\/2024\/12\/WW6089.jpg","datePublished":"2026-03-26T08:05:44+00:00","dateModified":"2026-03-26T08:05:51+00:00","breadcrumb":{"@id":"https:\/\/adexa.ee\/toode\/bistro-soogitool-plastik-must-sise-ja-valistingimustes-adexa-ww6089\/#breadcrumb"},"inLanguage":"en-US","potentialAction":[{"@type":"ReadAction","target":["https:\/\/adexa.ee\/toode\/bistro-soogitool-plastik-must-sise-ja-valistingimustes-adexa-ww6089\/"]}]},{"@type":"ImageObject","inLanguage":"en-US","@id":"https:\/\/adexa.ee\/toode\/bistro-soogitool-plastik-must-sise-ja-valistingimustes-adexa-ww6089\/#primaryimage","url":"https:\/\/adexa.ee\/wp-content\/uploads\/2024\/12\/WW6089.jpg","contentUrl":"https:\/\/adexa.ee\/wp-content\/uploads\/2024\/12\/WW6089.jpg","width":900,"height":900},{"@type":"BreadcrumbList","@id":"https:\/\/adexa.ee\/toode\/bistro-soogitool-plastik-must-sise-ja-valistingimustes-adexa-ww6089\/#breadcrumb","itemListElement":[{"@type":"ListItem","position":1,"name":"Home","item":"https:\/\/adexa.ee\/"},{"@type":"ListItem","position":2,"name":"Tooted","item":"https:\/\/adexa.ee\/pood\/"},{"@type":"ListItem","position":3,"name":"Bistro S\u00f6\u00f6gitool Plastik Must Sise- ja V\u00e4listingimustes | Adexa WW6089"}]},{"@type":"WebSite","@id":"https:\/\/adexa.ee\/#website","url":"https:\/\/adexa.ee\/","name":"Adexa","description":"","publisher":{"@id":"https:\/\/adexa.ee\/#organization"},"potentialAction":[{"@type":"SearchAction","target":{"@type":"EntryPoint","urlTemplate":"https:\/\/adexa.ee\/?s={search_term_string}"},"query-input":{"@type":"PropertyValueSpecification","valueRequired":true,"valueName":"search_term_string"}}],"inLanguage":"en-US"},{"@type":"Organization","@id":"https:\/\/adexa.ee\/#organization","name":"Adexa","url":"https:\/\/adexa.ee\/","logo":{"@type":"ImageObject","inLanguage":"en-US","@id":"https:\/\/adexa.ee\/#\/schema\/logo\/image\/","url":"https:\/\/adexa.ee\/wp-content\/uploads\/2024\/04\/chef-cooks-working-in-professional-kitchen-2023-11-27-05-07-39-utc-scaled.jpg","contentUrl":"https:\/\/adexa.ee\/wp-content\/uploads\/2024\/04\/chef-cooks-working-in-professional-kitchen-2023-11-27-05-07-39-utc-scaled.jpg","width":2560,"height":1708,"caption":"Adexa"},"image":{"@id":"https:\/\/adexa.ee\/#\/schema\/logo\/image\/"}}]}},"_links":{"self":[{"href":"https:\/\/adexa.ee\/en\/wp-json\/wp\/v2\/product\/13885","targetHints":{"allow":["GET"]}}],"collection":[{"href":"https:\/\/adexa.ee\/en\/wp-json\/wp\/v2\/product"}],"about":[{"href":"https:\/\/adexa.ee\/en\/wp-json\/wp\/v2\/types\/product"}],"wp:featuredmedia":[{"embeddable":true,"href":"https:\/\/adexa.ee\/en\/wp-json\/wp\/v2\/media\/13887"}],"wp:attachment":[{"href":"https:\/\/adexa.ee\/en\/wp-json\/wp\/v2\/media?parent=13885"}],"wp:term":[{"taxonomy":"product_brand","embeddable":true,"href":"https:\/\/adexa.ee\/en\/wp-json\/wp\/v2\/product_brand?post=13885"},{"taxonomy":"product_cat","embeddable":true,"href":"https:\/\/adexa.ee\/en\/wp-json\/wp\/v2\/product_cat?post=13885"},{"taxonomy":"product_tag","embeddable":true,"href":"https:\/\/adexa.ee\/en\/wp-json\/wp\/v2\/product_tag?post=13885"}],"curies":[{"name":"wp","href":"https:\/\/api.w.org\/{rel}","templated":true}]}}