{"id":13891,"date":"2026-03-26T19:45:17","date_gmt":"2026-03-26T17:45:17","guid":{"rendered":"https:\/\/adexa.ee\/toode\/kaasaskantav-isoleeritud-toidumahuti-kummist-pohjaga-20-liitrit-o300x310mm-adexa-ic13031\/"},"modified":"2026-03-26T19:45:18","modified_gmt":"2026-03-26T17:45:18","slug":"kaasaskantav-isoleeritud-toidumahuti-kummist-pohjaga-20-liitrit-o300x310mm-adexa-ic13031","status":"publish","type":"product","link":"https:\/\/adexa.ee\/en\/toode\/kaasaskantav-isoleeritud-toidumahuti-kummist-pohjaga-20-liitrit-o300x310mm-adexa-ic13031\/","title":{"rendered":"Kaasaskantav isoleeritud toidumahuti kummist p\u00f5hjaga 20 liitrit \u00f8300x310mm | Adexa IC13031"},"content":{"rendered":"<p>See isoleeritud toidukandur pikendab kuuma toidu s\u00e4ilimisaega, v\u00f5imaldades s\u00e4\u00e4sta aega uuesti soojendamisel ja pakkuda sooja toitu koos. 0.8mm paksuste roostevabast terasest seinte vaheline ruum on t\u00e4idetud spetsiaalse isolatsioonimaterjaliga, mis hoiab toidu kuuma v\u00f5i k\u00fclma temperatuuri kuni 6-8 tundi. Kahekordne kaan on varustatud tihendiga ja kinnitatud 6 lukustuskohaga\u00d5huventiilKaks k\u00e4epidet transpordiksPaindlik materjal kaitseb konteinerit ja p\u00f5randat kahjustuste eestVirnastatav<\/p>\n<table style=\"border-collapse: collapse; width: 100%; text-align: left;\">\n<tbody>\n<tr>\n<td style=\"border: 1px solid #ddd; padding: 8px; width: 45%;\"><strong>S\u00fcgavus<\/strong><\/td>\n<td style=\"border: 1px solid #ddd; padding: 8px;\">300 mm<\/td>\n<\/tr>\n<tr>\n<td style=\"border: 1px solid #ddd; padding: 8px; width: 45%;\"><strong>K\u00f5rgus<\/strong><\/td>\n<td style=\"border: 1px solid #ddd; padding: 8px;\">310 mm<\/td>\n<\/tr>\n<tr>\n<td style=\"border: 1px solid #ddd; padding: 8px; width: 45%;\"><strong>Laius<\/strong><\/td>\n<td style=\"border: 1px solid #ddd; padding: 8px;\">300 mm<\/td>\n<\/tr>\n<tr>\n<td style=\"border: 1px solid #ddd; padding: 8px; width: 45%;\"><strong>Garantii<\/strong><\/td>\n<td style=\"border: 1px solid #ddd; padding: 8px;\">12 kuu varuosade garantii<\/td>\n<\/tr>\n<tr>\n<td style=\"border: 1px solid #ddd; padding: 8px; width: 45%;\"><strong>Mahutavus<\/strong><\/td>\n<td style=\"border: 1px solid #ddd; padding: 8px;\">20 liitrit<\/td>\n<\/tr>\n<tr>\n<td style=\"border: 1px solid #ddd; padding: 8px; width: 45%;\"><strong>Materjal<\/strong><\/td>\n<td style=\"border: 1px solid #ddd; padding: 8px;\">Roostevaba teras<\/td>\n<\/tr>\n<\/tbody>\n<\/table>\n","protected":false},"excerpt":{"rendered":"<p>See isoleeritud toidukandur pikendab kuuma toidu s\u00e4ilimisaega, v\u00f5imaldades s\u00e4\u00e4sta aega uuesti soojendamisel ja pakkuda sooja toitu koos. 0.8mm paksuste roostevabast<\/p>\n","protected":false},"featured_media":13893,"template":"","meta":[],"product_brand":[],"product_cat":[881,579,557,665,671,586,558,625],"product_tag":[],"class_list":{"0":"post-13891","1":"product","2":"type-product","3":"status-publish","4":"has-post-thumbnail","6":"product_cat-isolatsiooniga-toidukonteinerid","7":"product_cat-koogitarbed-noud","8":"product_cat-kupsetusseadmed","9":"product_cat-ladustamine-transport","10":"product_cat-muud-toidu-soojendusvahendid","11":"product_cat-serveerimine","12":"product_cat-toidu-soojendamine","13":"product_cat-toidukonteinerid","15":"first","16":"instock","17":"sale","18":"taxable","19":"shipping-taxable","20":"purchasable","21":"product-type-simple"},"yoast_head":"<!-- This site is optimized with the Yoast SEO plugin v27.3 - https:\/\/yoast.com\/product\/yoast-seo-wordpress\/ -->\n<title>Kaasaskantav isoleeritud toidumahuti kummist p\u00f5hjaga 20 liitrit \u00f8300x310mm | Adexa IC13031 - Adexa \u2013 Suurk\u00f6\u00f6giseadmed restoranidele ja toitlustusele<\/title>\n<meta name=\"robots\" content=\"index, follow, max-snippet:-1, max-image-preview:large, max-video-preview:-1\" \/>\n<link rel=\"canonical\" href=\"https:\/\/adexa.ee\/toode\/kaasaskantav-isoleeritud-toidumahuti-kummist-pohjaga-20-liitrit-o300x310mm-adexa-ic13031\/\" \/>\n<meta property=\"og:locale\" content=\"en_US\" \/>\n<meta property=\"og:type\" content=\"article\" \/>\n<meta property=\"og:title\" content=\"Kaasaskantav isoleeritud toidumahuti kummist p\u00f5hjaga 20 liitrit \u00f8300x310mm | Adexa IC13031 - Adexa \u2013 Suurk\u00f6\u00f6giseadmed restoranidele ja toitlustusele\" \/>\n<meta property=\"og:description\" content=\"See isoleeritud toidukandur pikendab kuuma toidu s\u00e4ilimisaega, v\u00f5imaldades s\u00e4\u00e4sta aega uuesti soojendamisel ja pakkuda sooja toitu koos. 0.8mm paksuste roostevabast\" \/>\n<meta property=\"og:url\" content=\"https:\/\/adexa.ee\/toode\/kaasaskantav-isoleeritud-toidumahuti-kummist-pohjaga-20-liitrit-o300x310mm-adexa-ic13031\/\" \/>\n<meta property=\"og:site_name\" content=\"Adexa \u2013 Suurk\u00f6\u00f6giseadmed restoranidele ja toitlustusele\" \/>\n<meta property=\"article:modified_time\" content=\"2026-03-26T17:45:18+00:00\" \/>\n<meta property=\"og:image\" content=\"https:\/\/adexa.ee\/wp-content\/uploads\/2024\/12\/IC13031.jpg\" \/>\n\t<meta property=\"og:image:width\" content=\"1500\" \/>\n\t<meta property=\"og:image:height\" content=\"1500\" \/>\n\t<meta property=\"og:image:type\" content=\"image\/jpeg\" \/>\n<meta name=\"twitter:card\" content=\"summary_large_image\" \/>\n<script type=\"application\/ld+json\" class=\"yoast-schema-graph\">{\"@context\":\"https:\\\/\\\/schema.org\",\"@graph\":[{\"@type\":\"WebPage\",\"@id\":\"https:\\\/\\\/adexa.ee\\\/toode\\\/kaasaskantav-isoleeritud-toidumahuti-kummist-pohjaga-20-liitrit-o300x310mm-adexa-ic13031\\\/\",\"url\":\"https:\\\/\\\/adexa.ee\\\/toode\\\/kaasaskantav-isoleeritud-toidumahuti-kummist-pohjaga-20-liitrit-o300x310mm-adexa-ic13031\\\/\",\"name\":\"Kaasaskantav isoleeritud toidumahuti kummist p\u00f5hjaga 20 liitrit \u00f8300x310mm | Adexa IC13031 - Adexa \u2013 Suurk\u00f6\u00f6giseadmed restoranidele ja toitlustusele\",\"isPartOf\":{\"@id\":\"https:\\\/\\\/adexa.ee\\\/#website\"},\"primaryImageOfPage\":{\"@id\":\"https:\\\/\\\/adexa.ee\\\/toode\\\/kaasaskantav-isoleeritud-toidumahuti-kummist-pohjaga-20-liitrit-o300x310mm-adexa-ic13031\\\/#primaryimage\"},\"image\":{\"@id\":\"https:\\\/\\\/adexa.ee\\\/toode\\\/kaasaskantav-isoleeritud-toidumahuti-kummist-pohjaga-20-liitrit-o300x310mm-adexa-ic13031\\\/#primaryimage\"},\"thumbnailUrl\":\"https:\\\/\\\/adexa.ee\\\/wp-content\\\/uploads\\\/2024\\\/12\\\/IC13031.jpg\",\"datePublished\":\"2026-03-26T17:45:17+00:00\",\"dateModified\":\"2026-03-26T17:45:18+00:00\",\"breadcrumb\":{\"@id\":\"https:\\\/\\\/adexa.ee\\\/toode\\\/kaasaskantav-isoleeritud-toidumahuti-kummist-pohjaga-20-liitrit-o300x310mm-adexa-ic13031\\\/#breadcrumb\"},\"inLanguage\":\"en-US\",\"potentialAction\":[{\"@type\":\"ReadAction\",\"target\":[\"https:\\\/\\\/adexa.ee\\\/toode\\\/kaasaskantav-isoleeritud-toidumahuti-kummist-pohjaga-20-liitrit-o300x310mm-adexa-ic13031\\\/\"]}]},{\"@type\":\"ImageObject\",\"inLanguage\":\"en-US\",\"@id\":\"https:\\\/\\\/adexa.ee\\\/toode\\\/kaasaskantav-isoleeritud-toidumahuti-kummist-pohjaga-20-liitrit-o300x310mm-adexa-ic13031\\\/#primaryimage\",\"url\":\"https:\\\/\\\/adexa.ee\\\/wp-content\\\/uploads\\\/2024\\\/12\\\/IC13031.jpg\",\"contentUrl\":\"https:\\\/\\\/adexa.ee\\\/wp-content\\\/uploads\\\/2024\\\/12\\\/IC13031.jpg\",\"width\":1500,\"height\":1500},{\"@type\":\"BreadcrumbList\",\"@id\":\"https:\\\/\\\/adexa.ee\\\/toode\\\/kaasaskantav-isoleeritud-toidumahuti-kummist-pohjaga-20-liitrit-o300x310mm-adexa-ic13031\\\/#breadcrumb\",\"itemListElement\":[{\"@type\":\"ListItem\",\"position\":1,\"name\":\"Home\",\"item\":\"https:\\\/\\\/adexa.ee\\\/\"},{\"@type\":\"ListItem\",\"position\":2,\"name\":\"Tooted\",\"item\":\"https:\\\/\\\/adexa.ee\\\/pood\\\/\"},{\"@type\":\"ListItem\",\"position\":3,\"name\":\"Kaasaskantav isoleeritud toidumahuti kummist p\u00f5hjaga 20 liitrit \u00f8300x310mm | Adexa IC13031\"}]},{\"@type\":\"WebSite\",\"@id\":\"https:\\\/\\\/adexa.ee\\\/#website\",\"url\":\"https:\\\/\\\/adexa.ee\\\/\",\"name\":\"Adexa\",\"description\":\"\",\"publisher\":{\"@id\":\"https:\\\/\\\/adexa.ee\\\/#organization\"},\"potentialAction\":[{\"@type\":\"SearchAction\",\"target\":{\"@type\":\"EntryPoint\",\"urlTemplate\":\"https:\\\/\\\/adexa.ee\\\/?s={search_term_string}\"},\"query-input\":{\"@type\":\"PropertyValueSpecification\",\"valueRequired\":true,\"valueName\":\"search_term_string\"}}],\"inLanguage\":\"en-US\"},{\"@type\":\"Organization\",\"@id\":\"https:\\\/\\\/adexa.ee\\\/#organization\",\"name\":\"Adexa\",\"url\":\"https:\\\/\\\/adexa.ee\\\/\",\"logo\":{\"@type\":\"ImageObject\",\"inLanguage\":\"en-US\",\"@id\":\"https:\\\/\\\/adexa.ee\\\/#\\\/schema\\\/logo\\\/image\\\/\",\"url\":\"https:\\\/\\\/adexa.ee\\\/wp-content\\\/uploads\\\/2024\\\/04\\\/chef-cooks-working-in-professional-kitchen-2023-11-27-05-07-39-utc-scaled.jpg\",\"contentUrl\":\"https:\\\/\\\/adexa.ee\\\/wp-content\\\/uploads\\\/2024\\\/04\\\/chef-cooks-working-in-professional-kitchen-2023-11-27-05-07-39-utc-scaled.jpg\",\"width\":2560,\"height\":1708,\"caption\":\"Adexa\"},\"image\":{\"@id\":\"https:\\\/\\\/adexa.ee\\\/#\\\/schema\\\/logo\\\/image\\\/\"}}]}<\/script>\n<!-- \/ Yoast SEO plugin. -->","yoast_head_json":{"title":"Kaasaskantav isoleeritud toidumahuti kummist p\u00f5hjaga 20 liitrit \u00f8300x310mm | Adexa IC13031 - Adexa \u2013 Suurk\u00f6\u00f6giseadmed restoranidele ja toitlustusele","robots":{"index":"index","follow":"follow","max-snippet":"max-snippet:-1","max-image-preview":"max-image-preview:large","max-video-preview":"max-video-preview:-1"},"canonical":"https:\/\/adexa.ee\/toode\/kaasaskantav-isoleeritud-toidumahuti-kummist-pohjaga-20-liitrit-o300x310mm-adexa-ic13031\/","og_locale":"en_US","og_type":"article","og_title":"Kaasaskantav isoleeritud toidumahuti kummist p\u00f5hjaga 20 liitrit \u00f8300x310mm | Adexa IC13031 - Adexa \u2013 Suurk\u00f6\u00f6giseadmed restoranidele ja toitlustusele","og_description":"See isoleeritud toidukandur pikendab kuuma toidu s\u00e4ilimisaega, v\u00f5imaldades s\u00e4\u00e4sta aega uuesti soojendamisel ja pakkuda sooja toitu koos. 0.8mm paksuste roostevabast","og_url":"https:\/\/adexa.ee\/toode\/kaasaskantav-isoleeritud-toidumahuti-kummist-pohjaga-20-liitrit-o300x310mm-adexa-ic13031\/","og_site_name":"Adexa \u2013 Suurk\u00f6\u00f6giseadmed restoranidele ja toitlustusele","article_modified_time":"2026-03-26T17:45:18+00:00","og_image":[{"width":1500,"height":1500,"url":"https:\/\/adexa.ee\/wp-content\/uploads\/2024\/12\/IC13031.jpg","type":"image\/jpeg"}],"twitter_card":"summary_large_image","schema":{"@context":"https:\/\/schema.org","@graph":[{"@type":"WebPage","@id":"https:\/\/adexa.ee\/toode\/kaasaskantav-isoleeritud-toidumahuti-kummist-pohjaga-20-liitrit-o300x310mm-adexa-ic13031\/","url":"https:\/\/adexa.ee\/toode\/kaasaskantav-isoleeritud-toidumahuti-kummist-pohjaga-20-liitrit-o300x310mm-adexa-ic13031\/","name":"Kaasaskantav isoleeritud toidumahuti kummist p\u00f5hjaga 20 liitrit \u00f8300x310mm | Adexa IC13031 - Adexa \u2013 Suurk\u00f6\u00f6giseadmed restoranidele ja toitlustusele","isPartOf":{"@id":"https:\/\/adexa.ee\/#website"},"primaryImageOfPage":{"@id":"https:\/\/adexa.ee\/toode\/kaasaskantav-isoleeritud-toidumahuti-kummist-pohjaga-20-liitrit-o300x310mm-adexa-ic13031\/#primaryimage"},"image":{"@id":"https:\/\/adexa.ee\/toode\/kaasaskantav-isoleeritud-toidumahuti-kummist-pohjaga-20-liitrit-o300x310mm-adexa-ic13031\/#primaryimage"},"thumbnailUrl":"https:\/\/adexa.ee\/wp-content\/uploads\/2024\/12\/IC13031.jpg","datePublished":"2026-03-26T17:45:17+00:00","dateModified":"2026-03-26T17:45:18+00:00","breadcrumb":{"@id":"https:\/\/adexa.ee\/toode\/kaasaskantav-isoleeritud-toidumahuti-kummist-pohjaga-20-liitrit-o300x310mm-adexa-ic13031\/#breadcrumb"},"inLanguage":"en-US","potentialAction":[{"@type":"ReadAction","target":["https:\/\/adexa.ee\/toode\/kaasaskantav-isoleeritud-toidumahuti-kummist-pohjaga-20-liitrit-o300x310mm-adexa-ic13031\/"]}]},{"@type":"ImageObject","inLanguage":"en-US","@id":"https:\/\/adexa.ee\/toode\/kaasaskantav-isoleeritud-toidumahuti-kummist-pohjaga-20-liitrit-o300x310mm-adexa-ic13031\/#primaryimage","url":"https:\/\/adexa.ee\/wp-content\/uploads\/2024\/12\/IC13031.jpg","contentUrl":"https:\/\/adexa.ee\/wp-content\/uploads\/2024\/12\/IC13031.jpg","width":1500,"height":1500},{"@type":"BreadcrumbList","@id":"https:\/\/adexa.ee\/toode\/kaasaskantav-isoleeritud-toidumahuti-kummist-pohjaga-20-liitrit-o300x310mm-adexa-ic13031\/#breadcrumb","itemListElement":[{"@type":"ListItem","position":1,"name":"Home","item":"https:\/\/adexa.ee\/"},{"@type":"ListItem","position":2,"name":"Tooted","item":"https:\/\/adexa.ee\/pood\/"},{"@type":"ListItem","position":3,"name":"Kaasaskantav isoleeritud toidumahuti kummist p\u00f5hjaga 20 liitrit \u00f8300x310mm | Adexa IC13031"}]},{"@type":"WebSite","@id":"https:\/\/adexa.ee\/#website","url":"https:\/\/adexa.ee\/","name":"Adexa","description":"","publisher":{"@id":"https:\/\/adexa.ee\/#organization"},"potentialAction":[{"@type":"SearchAction","target":{"@type":"EntryPoint","urlTemplate":"https:\/\/adexa.ee\/?s={search_term_string}"},"query-input":{"@type":"PropertyValueSpecification","valueRequired":true,"valueName":"search_term_string"}}],"inLanguage":"en-US"},{"@type":"Organization","@id":"https:\/\/adexa.ee\/#organization","name":"Adexa","url":"https:\/\/adexa.ee\/","logo":{"@type":"ImageObject","inLanguage":"en-US","@id":"https:\/\/adexa.ee\/#\/schema\/logo\/image\/","url":"https:\/\/adexa.ee\/wp-content\/uploads\/2024\/04\/chef-cooks-working-in-professional-kitchen-2023-11-27-05-07-39-utc-scaled.jpg","contentUrl":"https:\/\/adexa.ee\/wp-content\/uploads\/2024\/04\/chef-cooks-working-in-professional-kitchen-2023-11-27-05-07-39-utc-scaled.jpg","width":2560,"height":1708,"caption":"Adexa"},"image":{"@id":"https:\/\/adexa.ee\/#\/schema\/logo\/image\/"}}]}},"_links":{"self":[{"href":"https:\/\/adexa.ee\/en\/wp-json\/wp\/v2\/product\/13891","targetHints":{"allow":["GET"]}}],"collection":[{"href":"https:\/\/adexa.ee\/en\/wp-json\/wp\/v2\/product"}],"about":[{"href":"https:\/\/adexa.ee\/en\/wp-json\/wp\/v2\/types\/product"}],"wp:featuredmedia":[{"embeddable":true,"href":"https:\/\/adexa.ee\/en\/wp-json\/wp\/v2\/media\/13893"}],"wp:attachment":[{"href":"https:\/\/adexa.ee\/en\/wp-json\/wp\/v2\/media?parent=13891"}],"wp:term":[{"taxonomy":"product_brand","embeddable":true,"href":"https:\/\/adexa.ee\/en\/wp-json\/wp\/v2\/product_brand?post=13891"},{"taxonomy":"product_cat","embeddable":true,"href":"https:\/\/adexa.ee\/en\/wp-json\/wp\/v2\/product_cat?post=13891"},{"taxonomy":"product_tag","embeddable":true,"href":"https:\/\/adexa.ee\/en\/wp-json\/wp\/v2\/product_tag?post=13891"}],"curies":[{"name":"wp","href":"https:\/\/api.w.org\/{rel}","templated":true}]}}