{"id":13902,"date":"2026-03-29T18:35:55","date_gmt":"2026-03-29T15:35:55","guid":{"rendered":"https:\/\/adexa.ee\/toode\/premium-ariline-toolaud-roostevabast-terasest-ilma-alumise-riiulita-1200x600x980mm-adexa-dw12060wo\/"},"modified":"2026-03-29T18:35:55","modified_gmt":"2026-03-29T15:35:55","slug":"premium-toolaud-roostevabast-terasest-ilma-alumise-riiulita-1200x600x980mm-adexa-dw12060wo","status":"publish","type":"product","link":"https:\/\/adexa.ee\/en\/toode\/premium-toolaud-roostevabast-terasest-ilma-alumise-riiulita-1200x600x980mm-adexa-dw12060wo\/","title":{"rendered":"Premium T\u00f6\u00f6laud roostevabast terasest, ilma alumise riiulita 1200x600x980mm | Adexa DW12060WO"},"content":{"rendered":"<p>See on h\u00e4mmastava hinna ja kvaliteedi suhtega \u00e4riline t\u00f6\u00f6laud. Rasket\u00f6\u00f6stuslik, esmaklassiline, 201 AISI roostevabast terasest laud, mis vastab toiduainete teeninduse ja toitlustust\u00f6\u00f6stuse k\u00f5rgetele kvaliteedistandarditele. Alumine paneel ja \u00fclespoole p\u00f6\u00f6ratud servad lisakaitseks. Vastab rahvusvahelistele h\u00fcgieeni- ja puhastatavuse standarditele. Roostevabast terasest ehitus Scotch Brite viimistlusega, mis vastab k\u00f5rgeimatele h\u00fcgieenistandarditele. Tugevdustega t\u00f6\u00f6pind, kahekordsest seinaga roostevabast terasest t\u00f6\u00f6pind. Kandev\u00f5ime kuni 500 kg. \u00c4\u00e4rmiselt k\u00f5rge kandev\u00f5ime. T\u00e4psemat teavet leiate jaotisest &#8220;Spetsifikatsioon&#8221;.<\/p>\n<table style=\"border-collapse: collapse; width: 100%; text-align: left;\">\n<tbody>\n<tr>\n<td style=\"border: 1px solid #ddd; padding: 8px; width: 45%;\"><strong>S\u00fcgavus<\/strong><\/td>\n<td style=\"border: 1px solid #ddd; padding: 8px;\">600 mm<\/td>\n<\/tr>\n<tr>\n<td style=\"border: 1px solid #ddd; padding: 8px; width: 45%;\"><strong>K\u00f5rgus<\/strong><\/td>\n<td style=\"border: 1px solid #ddd; padding: 8px;\">980 mm<\/td>\n<\/tr>\n<tr>\n<td style=\"border: 1px solid #ddd; padding: 8px; width: 45%;\"><strong>Laius<\/strong><\/td>\n<td style=\"border: 1px solid #ddd; padding: 8px;\">1200 mm<\/td>\n<\/tr>\n<tr>\n<td style=\"border: 1px solid #ddd; padding: 8px; width: 45%;\"><strong>Kaal<\/strong><\/td>\n<td style=\"border: 1px solid #ddd; padding: 8px;\">23,9 kg<\/td>\n<\/tr>\n<tr>\n<td style=\"border: 1px solid #ddd; padding: 8px; width: 45%;\"><strong>Garantii<\/strong><\/td>\n<td style=\"border: 1px solid #ddd; padding: 8px;\">12 kuu varuosade garantii<\/td>\n<\/tr>\n<tr>\n<td style=\"border: 1px solid #ddd; padding: 8px; width: 45%;\"><strong>Kokku panemine<\/strong><\/td>\n<td style=\"border: 1px solid #ddd; padding: 8px;\">Lahtiv\u00f5etud<\/td>\n<\/tr>\n<tr>\n<td style=\"border: 1px solid #ddd; padding: 8px; width: 45%;\"><strong>Alumine riiul<\/strong><\/td>\n<td style=\"border: 1px solid #ddd; padding: 8px;\">Ei<\/td>\n<\/tr>\n<tr>\n<td style=\"border: 1px solid #ddd; padding: 8px; width: 45%;\"><strong>Materjal<\/strong><\/td>\n<td style=\"border: 1px solid #ddd; padding: 8px;\">Roostevaba teras<\/td>\n<\/tr>\n<\/tbody>\n<\/table>\n","protected":false},"excerpt":{"rendered":"<p>See on h\u00e4mmastava hinna ja kvaliteedi suhtega \u00e4riline t\u00f6\u00f6laud. Rasket\u00f6\u00f6stuslik, esmaklassiline, 201 AISI roostevabast terasest laud, mis vastab toiduainete teeninduse<\/p>\n","protected":false},"featured_media":10949,"template":"","meta":[],"product_brand":[],"product_cat":[673,572,592],"product_tag":[],"class_list":{"0":"post-13902","1":"product","2":"type-product","3":"status-publish","4":"has-post-thumbnail","6":"product_cat-ilma-alusriiulita","7":"product_cat-roostevabad-tooted","8":"product_cat-toolauad","10":"first","11":"instock","12":"sale","13":"taxable","14":"shipping-taxable","15":"purchasable","16":"product-type-simple"},"yoast_head":"<!-- This site is optimized with the Yoast SEO plugin v27.3 - https:\/\/yoast.com\/product\/yoast-seo-wordpress\/ -->\n<title>Premium T\u00f6\u00f6laud roostevabast terasest, ilma alumise riiulita 1200x600x980mm | Adexa DW12060WO - Adexa \u2013 Suurk\u00f6\u00f6giseadmed restoranidele ja toitlustusele<\/title>\n<meta name=\"robots\" content=\"index, follow, max-snippet:-1, max-image-preview:large, max-video-preview:-1\" \/>\n<link rel=\"canonical\" href=\"https:\/\/adexa.ee\/toode\/premium-toolaud-roostevabast-terasest-ilma-alumise-riiulita-1200x600x980mm-adexa-dw12060wo\/\" \/>\n<meta property=\"og:locale\" content=\"en_US\" \/>\n<meta property=\"og:type\" content=\"article\" \/>\n<meta property=\"og:title\" content=\"Premium T\u00f6\u00f6laud roostevabast terasest, ilma alumise riiulita 1200x600x980mm | Adexa DW12060WO - Adexa \u2013 Suurk\u00f6\u00f6giseadmed restoranidele ja toitlustusele\" \/>\n<meta property=\"og:description\" content=\"See on h\u00e4mmastava hinna ja kvaliteedi suhtega \u00e4riline t\u00f6\u00f6laud. Rasket\u00f6\u00f6stuslik, esmaklassiline, 201 AISI roostevabast terasest laud, mis vastab toiduainete teeninduse\" \/>\n<meta property=\"og:url\" content=\"https:\/\/adexa.ee\/toode\/premium-toolaud-roostevabast-terasest-ilma-alumise-riiulita-1200x600x980mm-adexa-dw12060wo\/\" \/>\n<meta property=\"og:site_name\" content=\"Adexa \u2013 Suurk\u00f6\u00f6giseadmed restoranidele ja toitlustusele\" \/>\n<meta property=\"og:image\" content=\"https:\/\/adexa.ee\/wp-content\/uploads\/2024\/12\/DW-WO-.jpg\" \/>\n\t<meta property=\"og:image:width\" content=\"2000\" \/>\n\t<meta property=\"og:image:height\" content=\"2000\" \/>\n\t<meta property=\"og:image:type\" content=\"image\/jpeg\" \/>\n<meta name=\"twitter:card\" content=\"summary_large_image\" \/>\n<meta name=\"twitter:label1\" content=\"Est. reading time\" \/>\n\t<meta name=\"twitter:data1\" content=\"1 minute\" \/>\n<script type=\"application\/ld+json\" class=\"yoast-schema-graph\">{\"@context\":\"https:\\\/\\\/schema.org\",\"@graph\":[{\"@type\":\"WebPage\",\"@id\":\"https:\\\/\\\/adexa.ee\\\/toode\\\/premium-toolaud-roostevabast-terasest-ilma-alumise-riiulita-1200x600x980mm-adexa-dw12060wo\\\/\",\"url\":\"https:\\\/\\\/adexa.ee\\\/toode\\\/premium-toolaud-roostevabast-terasest-ilma-alumise-riiulita-1200x600x980mm-adexa-dw12060wo\\\/\",\"name\":\"Premium T\u00f6\u00f6laud roostevabast terasest, ilma alumise riiulita 1200x600x980mm | Adexa DW12060WO - Adexa \u2013 Suurk\u00f6\u00f6giseadmed restoranidele ja toitlustusele\",\"isPartOf\":{\"@id\":\"https:\\\/\\\/adexa.ee\\\/#website\"},\"primaryImageOfPage\":{\"@id\":\"https:\\\/\\\/adexa.ee\\\/toode\\\/premium-toolaud-roostevabast-terasest-ilma-alumise-riiulita-1200x600x980mm-adexa-dw12060wo\\\/#primaryimage\"},\"image\":{\"@id\":\"https:\\\/\\\/adexa.ee\\\/toode\\\/premium-toolaud-roostevabast-terasest-ilma-alumise-riiulita-1200x600x980mm-adexa-dw12060wo\\\/#primaryimage\"},\"thumbnailUrl\":\"https:\\\/\\\/adexa.ee\\\/wp-content\\\/uploads\\\/2024\\\/12\\\/DW-WO-.jpg\",\"datePublished\":\"2026-03-29T15:35:55+00:00\",\"breadcrumb\":{\"@id\":\"https:\\\/\\\/adexa.ee\\\/toode\\\/premium-toolaud-roostevabast-terasest-ilma-alumise-riiulita-1200x600x980mm-adexa-dw12060wo\\\/#breadcrumb\"},\"inLanguage\":\"en-US\",\"potentialAction\":[{\"@type\":\"ReadAction\",\"target\":[\"https:\\\/\\\/adexa.ee\\\/toode\\\/premium-toolaud-roostevabast-terasest-ilma-alumise-riiulita-1200x600x980mm-adexa-dw12060wo\\\/\"]}]},{\"@type\":\"ImageObject\",\"inLanguage\":\"en-US\",\"@id\":\"https:\\\/\\\/adexa.ee\\\/toode\\\/premium-toolaud-roostevabast-terasest-ilma-alumise-riiulita-1200x600x980mm-adexa-dw12060wo\\\/#primaryimage\",\"url\":\"https:\\\/\\\/adexa.ee\\\/wp-content\\\/uploads\\\/2024\\\/12\\\/DW-WO-.jpg\",\"contentUrl\":\"https:\\\/\\\/adexa.ee\\\/wp-content\\\/uploads\\\/2024\\\/12\\\/DW-WO-.jpg\",\"width\":2000,\"height\":2000},{\"@type\":\"BreadcrumbList\",\"@id\":\"https:\\\/\\\/adexa.ee\\\/toode\\\/premium-toolaud-roostevabast-terasest-ilma-alumise-riiulita-1200x600x980mm-adexa-dw12060wo\\\/#breadcrumb\",\"itemListElement\":[{\"@type\":\"ListItem\",\"position\":1,\"name\":\"Home\",\"item\":\"https:\\\/\\\/adexa.ee\\\/\"},{\"@type\":\"ListItem\",\"position\":2,\"name\":\"Tooted\",\"item\":\"https:\\\/\\\/adexa.ee\\\/pood\\\/\"},{\"@type\":\"ListItem\",\"position\":3,\"name\":\"Premium T\u00f6\u00f6laud roostevabast terasest, ilma alumise riiulita 1200x600x980mm | Adexa DW12060WO\"}]},{\"@type\":\"WebSite\",\"@id\":\"https:\\\/\\\/adexa.ee\\\/#website\",\"url\":\"https:\\\/\\\/adexa.ee\\\/\",\"name\":\"Adexa\",\"description\":\"\",\"publisher\":{\"@id\":\"https:\\\/\\\/adexa.ee\\\/#organization\"},\"potentialAction\":[{\"@type\":\"SearchAction\",\"target\":{\"@type\":\"EntryPoint\",\"urlTemplate\":\"https:\\\/\\\/adexa.ee\\\/?s={search_term_string}\"},\"query-input\":{\"@type\":\"PropertyValueSpecification\",\"valueRequired\":true,\"valueName\":\"search_term_string\"}}],\"inLanguage\":\"en-US\"},{\"@type\":\"Organization\",\"@id\":\"https:\\\/\\\/adexa.ee\\\/#organization\",\"name\":\"Adexa\",\"url\":\"https:\\\/\\\/adexa.ee\\\/\",\"logo\":{\"@type\":\"ImageObject\",\"inLanguage\":\"en-US\",\"@id\":\"https:\\\/\\\/adexa.ee\\\/#\\\/schema\\\/logo\\\/image\\\/\",\"url\":\"https:\\\/\\\/adexa.ee\\\/wp-content\\\/uploads\\\/2024\\\/04\\\/chef-cooks-working-in-professional-kitchen-2023-11-27-05-07-39-utc-scaled.jpg\",\"contentUrl\":\"https:\\\/\\\/adexa.ee\\\/wp-content\\\/uploads\\\/2024\\\/04\\\/chef-cooks-working-in-professional-kitchen-2023-11-27-05-07-39-utc-scaled.jpg\",\"width\":2560,\"height\":1708,\"caption\":\"Adexa\"},\"image\":{\"@id\":\"https:\\\/\\\/adexa.ee\\\/#\\\/schema\\\/logo\\\/image\\\/\"}}]}<\/script>\n<!-- \/ Yoast SEO plugin. -->","yoast_head_json":{"title":"Premium T\u00f6\u00f6laud roostevabast terasest, ilma alumise riiulita 1200x600x980mm | Adexa DW12060WO - Adexa \u2013 Suurk\u00f6\u00f6giseadmed restoranidele ja toitlustusele","robots":{"index":"index","follow":"follow","max-snippet":"max-snippet:-1","max-image-preview":"max-image-preview:large","max-video-preview":"max-video-preview:-1"},"canonical":"https:\/\/adexa.ee\/toode\/premium-toolaud-roostevabast-terasest-ilma-alumise-riiulita-1200x600x980mm-adexa-dw12060wo\/","og_locale":"en_US","og_type":"article","og_title":"Premium T\u00f6\u00f6laud roostevabast terasest, ilma alumise riiulita 1200x600x980mm | Adexa DW12060WO - Adexa \u2013 Suurk\u00f6\u00f6giseadmed restoranidele ja toitlustusele","og_description":"See on h\u00e4mmastava hinna ja kvaliteedi suhtega \u00e4riline t\u00f6\u00f6laud. Rasket\u00f6\u00f6stuslik, esmaklassiline, 201 AISI roostevabast terasest laud, mis vastab toiduainete teeninduse","og_url":"https:\/\/adexa.ee\/toode\/premium-toolaud-roostevabast-terasest-ilma-alumise-riiulita-1200x600x980mm-adexa-dw12060wo\/","og_site_name":"Adexa \u2013 Suurk\u00f6\u00f6giseadmed restoranidele ja toitlustusele","og_image":[{"width":2000,"height":2000,"url":"https:\/\/adexa.ee\/wp-content\/uploads\/2024\/12\/DW-WO-.jpg","type":"image\/jpeg"}],"twitter_card":"summary_large_image","twitter_misc":{"Est. reading time":"1 minute"},"schema":{"@context":"https:\/\/schema.org","@graph":[{"@type":"WebPage","@id":"https:\/\/adexa.ee\/toode\/premium-toolaud-roostevabast-terasest-ilma-alumise-riiulita-1200x600x980mm-adexa-dw12060wo\/","url":"https:\/\/adexa.ee\/toode\/premium-toolaud-roostevabast-terasest-ilma-alumise-riiulita-1200x600x980mm-adexa-dw12060wo\/","name":"Premium T\u00f6\u00f6laud roostevabast terasest, ilma alumise riiulita 1200x600x980mm | Adexa DW12060WO - Adexa \u2013 Suurk\u00f6\u00f6giseadmed restoranidele ja toitlustusele","isPartOf":{"@id":"https:\/\/adexa.ee\/#website"},"primaryImageOfPage":{"@id":"https:\/\/adexa.ee\/toode\/premium-toolaud-roostevabast-terasest-ilma-alumise-riiulita-1200x600x980mm-adexa-dw12060wo\/#primaryimage"},"image":{"@id":"https:\/\/adexa.ee\/toode\/premium-toolaud-roostevabast-terasest-ilma-alumise-riiulita-1200x600x980mm-adexa-dw12060wo\/#primaryimage"},"thumbnailUrl":"https:\/\/adexa.ee\/wp-content\/uploads\/2024\/12\/DW-WO-.jpg","datePublished":"2026-03-29T15:35:55+00:00","breadcrumb":{"@id":"https:\/\/adexa.ee\/toode\/premium-toolaud-roostevabast-terasest-ilma-alumise-riiulita-1200x600x980mm-adexa-dw12060wo\/#breadcrumb"},"inLanguage":"en-US","potentialAction":[{"@type":"ReadAction","target":["https:\/\/adexa.ee\/toode\/premium-toolaud-roostevabast-terasest-ilma-alumise-riiulita-1200x600x980mm-adexa-dw12060wo\/"]}]},{"@type":"ImageObject","inLanguage":"en-US","@id":"https:\/\/adexa.ee\/toode\/premium-toolaud-roostevabast-terasest-ilma-alumise-riiulita-1200x600x980mm-adexa-dw12060wo\/#primaryimage","url":"https:\/\/adexa.ee\/wp-content\/uploads\/2024\/12\/DW-WO-.jpg","contentUrl":"https:\/\/adexa.ee\/wp-content\/uploads\/2024\/12\/DW-WO-.jpg","width":2000,"height":2000},{"@type":"BreadcrumbList","@id":"https:\/\/adexa.ee\/toode\/premium-toolaud-roostevabast-terasest-ilma-alumise-riiulita-1200x600x980mm-adexa-dw12060wo\/#breadcrumb","itemListElement":[{"@type":"ListItem","position":1,"name":"Home","item":"https:\/\/adexa.ee\/"},{"@type":"ListItem","position":2,"name":"Tooted","item":"https:\/\/adexa.ee\/pood\/"},{"@type":"ListItem","position":3,"name":"Premium T\u00f6\u00f6laud roostevabast terasest, ilma alumise riiulita 1200x600x980mm | Adexa DW12060WO"}]},{"@type":"WebSite","@id":"https:\/\/adexa.ee\/#website","url":"https:\/\/adexa.ee\/","name":"Adexa","description":"","publisher":{"@id":"https:\/\/adexa.ee\/#organization"},"potentialAction":[{"@type":"SearchAction","target":{"@type":"EntryPoint","urlTemplate":"https:\/\/adexa.ee\/?s={search_term_string}"},"query-input":{"@type":"PropertyValueSpecification","valueRequired":true,"valueName":"search_term_string"}}],"inLanguage":"en-US"},{"@type":"Organization","@id":"https:\/\/adexa.ee\/#organization","name":"Adexa","url":"https:\/\/adexa.ee\/","logo":{"@type":"ImageObject","inLanguage":"en-US","@id":"https:\/\/adexa.ee\/#\/schema\/logo\/image\/","url":"https:\/\/adexa.ee\/wp-content\/uploads\/2024\/04\/chef-cooks-working-in-professional-kitchen-2023-11-27-05-07-39-utc-scaled.jpg","contentUrl":"https:\/\/adexa.ee\/wp-content\/uploads\/2024\/04\/chef-cooks-working-in-professional-kitchen-2023-11-27-05-07-39-utc-scaled.jpg","width":2560,"height":1708,"caption":"Adexa"},"image":{"@id":"https:\/\/adexa.ee\/#\/schema\/logo\/image\/"}}]}},"_links":{"self":[{"href":"https:\/\/adexa.ee\/en\/wp-json\/wp\/v2\/product\/13902","targetHints":{"allow":["GET"]}}],"collection":[{"href":"https:\/\/adexa.ee\/en\/wp-json\/wp\/v2\/product"}],"about":[{"href":"https:\/\/adexa.ee\/en\/wp-json\/wp\/v2\/types\/product"}],"wp:featuredmedia":[{"embeddable":true,"href":"https:\/\/adexa.ee\/en\/wp-json\/wp\/v2\/media\/10949"}],"wp:attachment":[{"href":"https:\/\/adexa.ee\/en\/wp-json\/wp\/v2\/media?parent=13902"}],"wp:term":[{"taxonomy":"product_brand","embeddable":true,"href":"https:\/\/adexa.ee\/en\/wp-json\/wp\/v2\/product_brand?post=13902"},{"taxonomy":"product_cat","embeddable":true,"href":"https:\/\/adexa.ee\/en\/wp-json\/wp\/v2\/product_cat?post=13902"},{"taxonomy":"product_tag","embeddable":true,"href":"https:\/\/adexa.ee\/en\/wp-json\/wp\/v2\/product_tag?post=13902"}],"curies":[{"name":"wp","href":"https:\/\/api.w.org\/{rel}","templated":true}]}}