{"id":13965,"date":"2026-03-31T23:35:57","date_gmt":"2026-03-31T20:35:57","guid":{"rendered":"https:\/\/adexa.ee\/?post_type=product&#038;p=13965"},"modified":"2026-03-31T23:35:58","modified_gmt":"2026-03-31T20:35:58","slug":"jahutusega-ettevalmistuslaud-3-ust-voileiva-ulaosa-8xgn1-6-adexa-p33","status":"publish","type":"product","link":"https:\/\/adexa.ee\/en\/toode\/jahutusega-ettevalmistuslaud-3-ust-voileiva-ulaosa-8xgn1-6-adexa-p33\/","title":{"rendered":"Jahutusega ettevalmistuslaud 3 ust V\u00f5ileiva \u00fclaosa 8xGN1\/6 | Adexa P33"},"content":{"rendered":"<p>Kui teil on restoran, baar, v\u00f5ileivapood v\u00f5i pizzeria, on need jahutatud ettevalmistuslauad parim valik teie men\u00fc\u00fcelementide valmistamiseks. Need lauad \u00fchendavad t\u00f6\u00f6- ja hoiualad ning koostisosade ja ettevalmistamisruumi l\u00e4hedus on eriti mugav teie k\u00f5ige kiirematel aegadel. Ettevalmistuslauad on m\u00f5eldud kasutamiseks tagaruumes ja nende suur suurus v\u00f5imaldab mitmel t\u00f6\u00f6tajal korraga k\u00f5rvuti t\u00f6\u00f6tada. Salatite ettevalmistuslauad ja v\u00f5ileibade ettevalmistuslauad on m\u00f5eldud pakkuma lihtsat juurdep\u00e4\u00e4su k\u00fclmadele salati- ja v\u00f5ileivakoostisosadele. Nende lame toiduvalmistamise pind pakub k\u00fcllaldast t\u00f6\u00f6ruumi, samas kui jahutatud alused pakuvad t\u00e4iendavat hoiuruumi koostisosadele. M\u00f5\u00f5dud: 1365 x 700 x 950 mm Maht: 368 liitrit Temperatuur: +2C kuni +8C V\u00f5imsus: 400W Toiteallikas: 230V Ettevalmistus \u00fclemise osa maht: 8 \u00d7 GN1\/6 konteinerit Standardne \u00dchendkuningriigi pistik paigaldatud Rattad kaasas N\u00f5usid ei ole kaasas, m\u00fc\u00fcakse eraldi Dokumendid Kliki siia, et alla laadida kasutusjuhend Kliki siia, et alla laadida tehniline joonis Kliki siia, et alla laadida plahvatuslik vaade Kliki siia, et alla laadida varuosade nimekiri Kliki siia, et alla laadida CE vastavusdeklaratsioon Palun vaadake jaotisest &#8220;Spetsifikatsioon&#8221; \u00fcksikasjalikku teavet.<\/p>\n<table style=\"border-collapse: collapse; width: 100%; text-align: left;\">\n<tbody>\n<tr>\n<td style=\"border: 1px solid #ddd; padding: 8px; width: 45%;\"><strong>S\u00fcgavus<\/strong><\/td>\n<td style=\"border: 1px solid #ddd; padding: 8px;\">700mm<\/td>\n<\/tr>\n<tr>\n<td style=\"border: 1px solid #ddd; padding: 8px; width: 45%;\"><strong>K\u00f5rgus<\/strong><\/td>\n<td style=\"border: 1px solid #ddd; padding: 8px;\">1080mm<\/td>\n<\/tr>\n<tr>\n<td style=\"border: 1px solid #ddd; padding: 8px; width: 45%;\"><strong>Laius<\/strong><\/td>\n<td style=\"border: 1px solid #ddd; padding: 8px;\">1365mm<\/td>\n<\/tr>\n<tr>\n<td style=\"border: 1px solid #ddd; padding: 8px; width: 45%;\"><strong>Kaal<\/strong><\/td>\n<td style=\"border: 1px solid #ddd; padding: 8px;\">124 kg<\/td>\n<\/tr>\n<tr>\n<td style=\"border: 1px solid #ddd; padding: 8px; width: 45%;\"><strong>Garantii<\/strong><\/td>\n<td style=\"border: 1px solid #ddd; padding: 8px;\">12 kuu varuosade garantii<\/td>\n<\/tr>\n<tr>\n<td style=\"border: 1px solid #ddd; padding: 8px; width: 45%;\"><strong>Uksed \/ Sahtlid<\/strong><\/td>\n<td style=\"border: 1px solid #ddd; padding: 8px;\">3 ust<\/td>\n<\/tr>\n<tr>\n<td style=\"border: 1px solid #ddd; padding: 8px; width: 45%;\"><strong>Toiteallikas<\/strong><\/td>\n<td style=\"border: 1px solid #ddd; padding: 8px;\">230V \/ 1 faas<\/td>\n<\/tr>\n<tr>\n<td style=\"border: 1px solid #ddd; padding: 8px; width: 45%;\"><strong>Plaadi\/V\u00f5re suurus<\/strong><\/td>\n<td style=\"border: 1px solid #ddd; padding: 8px;\">GN1\/6<\/td>\n<\/tr>\n<tr>\n<td style=\"border: 1px solid #ddd; padding: 8px; width: 45%;\"><strong>Rullikud<\/strong><\/td>\n<td style=\"border: 1px solid #ddd; padding: 8px;\">Jah<\/td>\n<\/tr>\n<tr>\n<td style=\"border: 1px solid #ddd; padding: 8px; width: 45%;\"><strong>K\u00fclmaaine<\/strong><\/td>\n<td style=\"border: 1px solid #ddd; padding: 8px;\">R290a<\/td>\n<\/tr>\n<tr>\n<td style=\"border: 1px solid #ddd; padding: 8px; width: 45%;\"><strong>Temperatuur<\/strong><\/td>\n<td style=\"border: 1px solid #ddd; padding: 8px;\">+2 \u00b0C kuni +8 \u00b0C<\/td>\n<\/tr>\n<tr>\n<td style=\"border: 1px solid #ddd; padding: 8px; width: 45%;\"><strong>T\u00f6\u00f6 pind<\/strong><\/td>\n<td style=\"border: 1px solid #ddd; padding: 8px;\">Roostevaba teras<\/td>\n<\/tr>\n<tr>\n<td style=\"border: 1px solid #ddd; padding: 8px; width: 45%;\"><strong>Materjal (v\u00e4limine)<\/strong><\/td>\n<td style=\"border: 1px solid #ddd; padding: 8px;\">Roostevaba teras<\/td>\n<\/tr>\n<tr>\n<td style=\"border: 1px solid #ddd; padding: 8px; width: 45%;\"><strong>Mahutavus (teenindus)<\/strong><\/td>\n<td style=\"border: 1px solid #ddd; padding: 8px;\">8 x GN1\/6<\/td>\n<\/tr>\n<\/tbody>\n<\/table>\n","protected":false},"excerpt":{"rendered":"<p>Kui teil on restoran, baar, v\u00f5ileivapood v\u00f5i pizzeria, on need jahutatud ettevalmistuslauad parim valik teie men\u00fc\u00fcelementide valmistamiseks. Need lauad \u00fchendavad<\/p>\n","protected":false},"featured_media":27389,"template":"","meta":[],"product_brand":[],"product_cat":[564,565,819,684],"product_tag":[],"class_list":{"0":"post-13965","1":"product","2":"type-product","3":"status-publish","4":"has-post-thumbnail","6":"product_cat-jahutusseadmed","7":"product_cat-letikulmikud","8":"product_cat-saladettid","9":"product_cat-salati-ja-voileiva-valmistamise-letid","11":"first","12":"instock","13":"sale","14":"taxable","15":"shipping-taxable","16":"purchasable","17":"product-type-simple"},"yoast_head":"<!-- This site is optimized with the Yoast SEO plugin v27.3 - https:\/\/yoast.com\/product\/yoast-seo-wordpress\/ -->\n<title>Jahutusega ettevalmistuslaud 3 ust V\u00f5ileiva \u00fclaosa 8xGN1\/6 | Adexa P33 - Adexa \u2013 Suurk\u00f6\u00f6giseadmed restoranidele ja toitlustusele<\/title>\n<meta name=\"robots\" content=\"index, follow, max-snippet:-1, max-image-preview:large, max-video-preview:-1\" \/>\n<link rel=\"canonical\" href=\"https:\/\/adexa.ee\/toode\/jahutusega-ettevalmistuslaud-3-ust-voileiva-ulaosa-8xgn1-6-adexa-p33\/\" \/>\n<meta property=\"og:locale\" content=\"en_US\" \/>\n<meta property=\"og:type\" content=\"article\" \/>\n<meta property=\"og:title\" content=\"Jahutusega ettevalmistuslaud 3 ust V\u00f5ileiva \u00fclaosa 8xGN1\/6 | Adexa P33 - Adexa \u2013 Suurk\u00f6\u00f6giseadmed restoranidele ja toitlustusele\" \/>\n<meta property=\"og:description\" content=\"Kui teil on restoran, baar, v\u00f5ileivapood v\u00f5i pizzeria, on need jahutatud ettevalmistuslauad parim valik teie men\u00fc\u00fcelementide valmistamiseks. Need lauad \u00fchendavad\" \/>\n<meta property=\"og:url\" content=\"https:\/\/adexa.ee\/toode\/jahutusega-ettevalmistuslaud-3-ust-voileiva-ulaosa-8xgn1-6-adexa-p33\/\" \/>\n<meta property=\"og:site_name\" content=\"Adexa \u2013 Suurk\u00f6\u00f6giseadmed restoranidele ja toitlustusele\" \/>\n<meta property=\"article:modified_time\" content=\"2026-03-31T20:35:58+00:00\" \/>\n<meta property=\"og:image\" content=\"https:\/\/adexa.ee\/wp-content\/uploads\/2025\/01\/PS300-1.jpg\" \/>\n\t<meta property=\"og:image:width\" content=\"1500\" \/>\n\t<meta property=\"og:image:height\" content=\"1500\" \/>\n\t<meta property=\"og:image:type\" content=\"image\/jpeg\" \/>\n<meta name=\"twitter:card\" content=\"summary_large_image\" \/>\n<meta name=\"twitter:label1\" content=\"Est. reading time\" \/>\n\t<meta name=\"twitter:data1\" content=\"1 minute\" \/>\n<script type=\"application\/ld+json\" class=\"yoast-schema-graph\">{\"@context\":\"https:\\\/\\\/schema.org\",\"@graph\":[{\"@type\":\"WebPage\",\"@id\":\"https:\\\/\\\/adexa.ee\\\/toode\\\/jahutusega-ettevalmistuslaud-3-ust-voileiva-ulaosa-8xgn1-6-adexa-p33\\\/\",\"url\":\"https:\\\/\\\/adexa.ee\\\/toode\\\/jahutusega-ettevalmistuslaud-3-ust-voileiva-ulaosa-8xgn1-6-adexa-p33\\\/\",\"name\":\"Jahutusega ettevalmistuslaud 3 ust V\u00f5ileiva \u00fclaosa 8xGN1\\\/6 | Adexa P33 - Adexa \u2013 Suurk\u00f6\u00f6giseadmed restoranidele ja toitlustusele\",\"isPartOf\":{\"@id\":\"https:\\\/\\\/adexa.ee\\\/#website\"},\"primaryImageOfPage\":{\"@id\":\"https:\\\/\\\/adexa.ee\\\/toode\\\/jahutusega-ettevalmistuslaud-3-ust-voileiva-ulaosa-8xgn1-6-adexa-p33\\\/#primaryimage\"},\"image\":{\"@id\":\"https:\\\/\\\/adexa.ee\\\/toode\\\/jahutusega-ettevalmistuslaud-3-ust-voileiva-ulaosa-8xgn1-6-adexa-p33\\\/#primaryimage\"},\"thumbnailUrl\":\"https:\\\/\\\/adexa.ee\\\/wp-content\\\/uploads\\\/2025\\\/01\\\/PS300-1.jpg\",\"datePublished\":\"2026-03-31T20:35:57+00:00\",\"dateModified\":\"2026-03-31T20:35:58+00:00\",\"breadcrumb\":{\"@id\":\"https:\\\/\\\/adexa.ee\\\/toode\\\/jahutusega-ettevalmistuslaud-3-ust-voileiva-ulaosa-8xgn1-6-adexa-p33\\\/#breadcrumb\"},\"inLanguage\":\"en-US\",\"potentialAction\":[{\"@type\":\"ReadAction\",\"target\":[\"https:\\\/\\\/adexa.ee\\\/toode\\\/jahutusega-ettevalmistuslaud-3-ust-voileiva-ulaosa-8xgn1-6-adexa-p33\\\/\"]}]},{\"@type\":\"ImageObject\",\"inLanguage\":\"en-US\",\"@id\":\"https:\\\/\\\/adexa.ee\\\/toode\\\/jahutusega-ettevalmistuslaud-3-ust-voileiva-ulaosa-8xgn1-6-adexa-p33\\\/#primaryimage\",\"url\":\"https:\\\/\\\/adexa.ee\\\/wp-content\\\/uploads\\\/2025\\\/01\\\/PS300-1.jpg\",\"contentUrl\":\"https:\\\/\\\/adexa.ee\\\/wp-content\\\/uploads\\\/2025\\\/01\\\/PS300-1.jpg\",\"width\":1500,\"height\":1500},{\"@type\":\"BreadcrumbList\",\"@id\":\"https:\\\/\\\/adexa.ee\\\/toode\\\/jahutusega-ettevalmistuslaud-3-ust-voileiva-ulaosa-8xgn1-6-adexa-p33\\\/#breadcrumb\",\"itemListElement\":[{\"@type\":\"ListItem\",\"position\":1,\"name\":\"Home\",\"item\":\"https:\\\/\\\/adexa.ee\\\/\"},{\"@type\":\"ListItem\",\"position\":2,\"name\":\"Tooted\",\"item\":\"https:\\\/\\\/adexa.ee\\\/pood\\\/\"},{\"@type\":\"ListItem\",\"position\":3,\"name\":\"Jahutusega ettevalmistuslaud 3 ust V\u00f5ileiva \u00fclaosa 8xGN1\\\/6 | Adexa P33\"}]},{\"@type\":\"WebSite\",\"@id\":\"https:\\\/\\\/adexa.ee\\\/#website\",\"url\":\"https:\\\/\\\/adexa.ee\\\/\",\"name\":\"Adexa\",\"description\":\"\",\"publisher\":{\"@id\":\"https:\\\/\\\/adexa.ee\\\/#organization\"},\"potentialAction\":[{\"@type\":\"SearchAction\",\"target\":{\"@type\":\"EntryPoint\",\"urlTemplate\":\"https:\\\/\\\/adexa.ee\\\/?s={search_term_string}\"},\"query-input\":{\"@type\":\"PropertyValueSpecification\",\"valueRequired\":true,\"valueName\":\"search_term_string\"}}],\"inLanguage\":\"en-US\"},{\"@type\":\"Organization\",\"@id\":\"https:\\\/\\\/adexa.ee\\\/#organization\",\"name\":\"Adexa\",\"url\":\"https:\\\/\\\/adexa.ee\\\/\",\"logo\":{\"@type\":\"ImageObject\",\"inLanguage\":\"en-US\",\"@id\":\"https:\\\/\\\/adexa.ee\\\/#\\\/schema\\\/logo\\\/image\\\/\",\"url\":\"https:\\\/\\\/adexa.ee\\\/wp-content\\\/uploads\\\/2024\\\/04\\\/chef-cooks-working-in-professional-kitchen-2023-11-27-05-07-39-utc-scaled.jpg\",\"contentUrl\":\"https:\\\/\\\/adexa.ee\\\/wp-content\\\/uploads\\\/2024\\\/04\\\/chef-cooks-working-in-professional-kitchen-2023-11-27-05-07-39-utc-scaled.jpg\",\"width\":2560,\"height\":1708,\"caption\":\"Adexa\"},\"image\":{\"@id\":\"https:\\\/\\\/adexa.ee\\\/#\\\/schema\\\/logo\\\/image\\\/\"}}]}<\/script>\n<!-- \/ Yoast SEO plugin. -->","yoast_head_json":{"title":"Jahutusega ettevalmistuslaud 3 ust V\u00f5ileiva \u00fclaosa 8xGN1\/6 | Adexa P33 - Adexa \u2013 Suurk\u00f6\u00f6giseadmed restoranidele ja toitlustusele","robots":{"index":"index","follow":"follow","max-snippet":"max-snippet:-1","max-image-preview":"max-image-preview:large","max-video-preview":"max-video-preview:-1"},"canonical":"https:\/\/adexa.ee\/toode\/jahutusega-ettevalmistuslaud-3-ust-voileiva-ulaosa-8xgn1-6-adexa-p33\/","og_locale":"en_US","og_type":"article","og_title":"Jahutusega ettevalmistuslaud 3 ust V\u00f5ileiva \u00fclaosa 8xGN1\/6 | Adexa P33 - Adexa \u2013 Suurk\u00f6\u00f6giseadmed restoranidele ja toitlustusele","og_description":"Kui teil on restoran, baar, v\u00f5ileivapood v\u00f5i pizzeria, on need jahutatud ettevalmistuslauad parim valik teie men\u00fc\u00fcelementide valmistamiseks. Need lauad \u00fchendavad","og_url":"https:\/\/adexa.ee\/toode\/jahutusega-ettevalmistuslaud-3-ust-voileiva-ulaosa-8xgn1-6-adexa-p33\/","og_site_name":"Adexa \u2013 Suurk\u00f6\u00f6giseadmed restoranidele ja toitlustusele","article_modified_time":"2026-03-31T20:35:58+00:00","og_image":[{"width":1500,"height":1500,"url":"https:\/\/adexa.ee\/wp-content\/uploads\/2025\/01\/PS300-1.jpg","type":"image\/jpeg"}],"twitter_card":"summary_large_image","twitter_misc":{"Est. reading time":"1 minute"},"schema":{"@context":"https:\/\/schema.org","@graph":[{"@type":"WebPage","@id":"https:\/\/adexa.ee\/toode\/jahutusega-ettevalmistuslaud-3-ust-voileiva-ulaosa-8xgn1-6-adexa-p33\/","url":"https:\/\/adexa.ee\/toode\/jahutusega-ettevalmistuslaud-3-ust-voileiva-ulaosa-8xgn1-6-adexa-p33\/","name":"Jahutusega ettevalmistuslaud 3 ust V\u00f5ileiva \u00fclaosa 8xGN1\/6 | Adexa P33 - Adexa \u2013 Suurk\u00f6\u00f6giseadmed restoranidele ja toitlustusele","isPartOf":{"@id":"https:\/\/adexa.ee\/#website"},"primaryImageOfPage":{"@id":"https:\/\/adexa.ee\/toode\/jahutusega-ettevalmistuslaud-3-ust-voileiva-ulaosa-8xgn1-6-adexa-p33\/#primaryimage"},"image":{"@id":"https:\/\/adexa.ee\/toode\/jahutusega-ettevalmistuslaud-3-ust-voileiva-ulaosa-8xgn1-6-adexa-p33\/#primaryimage"},"thumbnailUrl":"https:\/\/adexa.ee\/wp-content\/uploads\/2025\/01\/PS300-1.jpg","datePublished":"2026-03-31T20:35:57+00:00","dateModified":"2026-03-31T20:35:58+00:00","breadcrumb":{"@id":"https:\/\/adexa.ee\/toode\/jahutusega-ettevalmistuslaud-3-ust-voileiva-ulaosa-8xgn1-6-adexa-p33\/#breadcrumb"},"inLanguage":"en-US","potentialAction":[{"@type":"ReadAction","target":["https:\/\/adexa.ee\/toode\/jahutusega-ettevalmistuslaud-3-ust-voileiva-ulaosa-8xgn1-6-adexa-p33\/"]}]},{"@type":"ImageObject","inLanguage":"en-US","@id":"https:\/\/adexa.ee\/toode\/jahutusega-ettevalmistuslaud-3-ust-voileiva-ulaosa-8xgn1-6-adexa-p33\/#primaryimage","url":"https:\/\/adexa.ee\/wp-content\/uploads\/2025\/01\/PS300-1.jpg","contentUrl":"https:\/\/adexa.ee\/wp-content\/uploads\/2025\/01\/PS300-1.jpg","width":1500,"height":1500},{"@type":"BreadcrumbList","@id":"https:\/\/adexa.ee\/toode\/jahutusega-ettevalmistuslaud-3-ust-voileiva-ulaosa-8xgn1-6-adexa-p33\/#breadcrumb","itemListElement":[{"@type":"ListItem","position":1,"name":"Home","item":"https:\/\/adexa.ee\/"},{"@type":"ListItem","position":2,"name":"Tooted","item":"https:\/\/adexa.ee\/pood\/"},{"@type":"ListItem","position":3,"name":"Jahutusega ettevalmistuslaud 3 ust V\u00f5ileiva \u00fclaosa 8xGN1\/6 | Adexa P33"}]},{"@type":"WebSite","@id":"https:\/\/adexa.ee\/#website","url":"https:\/\/adexa.ee\/","name":"Adexa","description":"","publisher":{"@id":"https:\/\/adexa.ee\/#organization"},"potentialAction":[{"@type":"SearchAction","target":{"@type":"EntryPoint","urlTemplate":"https:\/\/adexa.ee\/?s={search_term_string}"},"query-input":{"@type":"PropertyValueSpecification","valueRequired":true,"valueName":"search_term_string"}}],"inLanguage":"en-US"},{"@type":"Organization","@id":"https:\/\/adexa.ee\/#organization","name":"Adexa","url":"https:\/\/adexa.ee\/","logo":{"@type":"ImageObject","inLanguage":"en-US","@id":"https:\/\/adexa.ee\/#\/schema\/logo\/image\/","url":"https:\/\/adexa.ee\/wp-content\/uploads\/2024\/04\/chef-cooks-working-in-professional-kitchen-2023-11-27-05-07-39-utc-scaled.jpg","contentUrl":"https:\/\/adexa.ee\/wp-content\/uploads\/2024\/04\/chef-cooks-working-in-professional-kitchen-2023-11-27-05-07-39-utc-scaled.jpg","width":2560,"height":1708,"caption":"Adexa"},"image":{"@id":"https:\/\/adexa.ee\/#\/schema\/logo\/image\/"}}]}},"_links":{"self":[{"href":"https:\/\/adexa.ee\/en\/wp-json\/wp\/v2\/product\/13965","targetHints":{"allow":["GET"]}}],"collection":[{"href":"https:\/\/adexa.ee\/en\/wp-json\/wp\/v2\/product"}],"about":[{"href":"https:\/\/adexa.ee\/en\/wp-json\/wp\/v2\/types\/product"}],"wp:featuredmedia":[{"embeddable":true,"href":"https:\/\/adexa.ee\/en\/wp-json\/wp\/v2\/media\/27389"}],"wp:attachment":[{"href":"https:\/\/adexa.ee\/en\/wp-json\/wp\/v2\/media?parent=13965"}],"wp:term":[{"taxonomy":"product_brand","embeddable":true,"href":"https:\/\/adexa.ee\/en\/wp-json\/wp\/v2\/product_brand?post=13965"},{"taxonomy":"product_cat","embeddable":true,"href":"https:\/\/adexa.ee\/en\/wp-json\/wp\/v2\/product_cat?post=13965"},{"taxonomy":"product_tag","embeddable":true,"href":"https:\/\/adexa.ee\/en\/wp-json\/wp\/v2\/product_tag?post=13965"}],"curies":[{"name":"wp","href":"https:\/\/api.w.org\/{rel}","templated":true}]}}