{"id":14014,"date":"2026-03-26T10:05:59","date_gmt":"2026-03-26T08:05:59","guid":{"rendered":"https:\/\/adexa.ee\/toode\/touse-ja-lange-kupol-soojenduslamp-pronks-adexa-a65121507\/"},"modified":"2026-03-26T10:06:06","modified_gmt":"2026-03-26T08:06:06","slug":"soojuslamp-reguleeritava-korgusega-pronks-adexa-a65121507","status":"publish","type":"product","link":"https:\/\/adexa.ee\/en\/toode\/soojuslamp-reguleeritava-korgusega-pronks-adexa-a65121507\/","title":{"rendered":"Soojuslamp reguleeritava k\u00f5rgusega, Pronks | Adexa A65121507"},"content":{"rendered":"<p>Ideaalne kasutamiseks serveerimisalal v\u00f5i iseteeninduslikel buffetialadel, lampi saab h\u00f5lpsasti reguleerida, et toit p\u00fcsiks isu\u00e4ratavana ning ideaalsel serveerimistemperatuuril. L\u00e4bim\u00f5\u00f5t: 290 mm. Juhtme ulatus: 600 kuni 1500 mm. Lambi v\u00f5imsus: 250W.<\/p>\n<table style=\"border-collapse: collapse; width: 100%; text-align: left;\">\n<tbody>\n<tr>\n<td style=\"border: 1px solid #ddd; padding: 8px; width: 45%;\"><strong>K\u00f5rgus<\/strong><\/td>\n<td style=\"border: 1px solid #ddd; padding: 8px;\">600 kuni 1500 mm<\/td>\n<\/tr>\n<tr>\n<td style=\"border: 1px solid #ddd; padding: 8px; width: 45%;\"><strong>Kaal<\/strong><\/td>\n<td style=\"border: 1px solid #ddd; padding: 8px;\">1,4 kg<\/td>\n<\/tr>\n<tr>\n<td style=\"border: 1px solid #ddd; padding: 8px; width: 45%;\"><strong>Garantii<\/strong><\/td>\n<td style=\"border: 1px solid #ddd; padding: 8px;\">12 kuu varuosade garantii<\/td>\n<\/tr>\n<tr>\n<td style=\"border: 1px solid #ddd; padding: 8px; width: 45%;\"><strong>Toiteallikas<\/strong><\/td>\n<td style=\"border: 1px solid #ddd; padding: 8px;\">230V \/ 1 faas<\/td>\n<\/tr>\n<tr>\n<td style=\"border: 1px solid #ddd; padding: 8px; width: 45%;\"><strong>V\u00f5imsus<\/strong><\/td>\n<td style=\"border: 1px solid #ddd; padding: 8px;\">250W<\/td>\n<\/tr>\n<tr>\n<td style=\"border: 1px solid #ddd; padding: 8px; width: 45%;\"><strong>V\u00e4rv<\/strong><\/td>\n<td style=\"border: 1px solid #ddd; padding: 8px;\">Pronks<\/td>\n<\/tr>\n<tr>\n<td style=\"border: 1px solid #ddd; padding: 8px; width: 45%;\"><strong>L\u00e4bim\u00f5\u00f5t<\/strong><\/td>\n<td style=\"border: 1px solid #ddd; padding: 8px;\">290mm<\/td>\n<\/tr>\n<\/tbody>\n<\/table>\n","protected":false},"excerpt":{"rendered":"<p>Ideaalne kasutamiseks serveerimisalal v\u00f5i iseteeninduslikel buffetialadel, lampi saab h\u00f5lpsasti reguleerida, et toit p\u00fcsiks isu\u00e4ratavana ning ideaalsel serveerimistemperatuuril. L\u00e4bim\u00f5\u00f5t: 290 mm.<\/p>\n","protected":false},"featured_media":14016,"template":"","meta":[],"product_brand":[],"product_cat":[560,557,559,558],"product_tag":[],"class_list":{"0":"post-14014","1":"product","2":"type-product","3":"status-publish","4":"has-post-thumbnail","6":"product_cat-bufee-toidusoojendajad","7":"product_cat-kupsetusseadmed","8":"product_cat-soojuslambid-ja-soojusribad","9":"product_cat-toidu-soojendamine","11":"first","12":"instock","13":"sale","14":"taxable","15":"shipping-taxable","16":"purchasable","17":"product-type-simple"},"yoast_head":"<!-- This site is optimized with the Yoast SEO plugin v27.3 - https:\/\/yoast.com\/product\/yoast-seo-wordpress\/ -->\n<title>Soojuslamp reguleeritava k\u00f5rgusega, Pronks | Adexa A65121507 - Adexa \u2013 Suurk\u00f6\u00f6giseadmed restoranidele ja toitlustusele<\/title>\n<meta name=\"robots\" content=\"index, follow, max-snippet:-1, max-image-preview:large, max-video-preview:-1\" \/>\n<link rel=\"canonical\" href=\"https:\/\/adexa.ee\/toode\/soojuslamp-reguleeritava-korgusega-pronks-adexa-a65121507\/\" \/>\n<meta property=\"og:locale\" content=\"en_US\" \/>\n<meta property=\"og:type\" content=\"article\" \/>\n<meta property=\"og:title\" content=\"Soojuslamp reguleeritava k\u00f5rgusega, Pronks | Adexa A65121507 - Adexa \u2013 Suurk\u00f6\u00f6giseadmed restoranidele ja toitlustusele\" \/>\n<meta property=\"og:description\" content=\"Ideaalne kasutamiseks serveerimisalal v\u00f5i iseteeninduslikel buffetialadel, lampi saab h\u00f5lpsasti reguleerida, et toit p\u00fcsiks isu\u00e4ratavana ning ideaalsel serveerimistemperatuuril. L\u00e4bim\u00f5\u00f5t: 290 mm.\" \/>\n<meta property=\"og:url\" content=\"https:\/\/adexa.ee\/toode\/soojuslamp-reguleeritava-korgusega-pronks-adexa-a65121507\/\" \/>\n<meta property=\"og:site_name\" content=\"Adexa \u2013 Suurk\u00f6\u00f6giseadmed restoranidele ja toitlustusele\" \/>\n<meta property=\"article:modified_time\" content=\"2026-03-26T08:06:06+00:00\" \/>\n<meta property=\"og:image\" content=\"https:\/\/adexa.ee\/wp-content\/uploads\/2024\/12\/A65121507N.jpg\" \/>\n\t<meta property=\"og:image:width\" content=\"918\" \/>\n\t<meta property=\"og:image:height\" content=\"918\" \/>\n\t<meta property=\"og:image:type\" content=\"image\/jpeg\" \/>\n<meta name=\"twitter:card\" content=\"summary_large_image\" \/>\n<script type=\"application\/ld+json\" class=\"yoast-schema-graph\">{\"@context\":\"https:\\\/\\\/schema.org\",\"@graph\":[{\"@type\":\"WebPage\",\"@id\":\"https:\\\/\\\/adexa.ee\\\/toode\\\/soojuslamp-reguleeritava-korgusega-pronks-adexa-a65121507\\\/\",\"url\":\"https:\\\/\\\/adexa.ee\\\/toode\\\/soojuslamp-reguleeritava-korgusega-pronks-adexa-a65121507\\\/\",\"name\":\"Soojuslamp reguleeritava k\u00f5rgusega, Pronks | Adexa A65121507 - Adexa \u2013 Suurk\u00f6\u00f6giseadmed restoranidele ja toitlustusele\",\"isPartOf\":{\"@id\":\"https:\\\/\\\/adexa.ee\\\/#website\"},\"primaryImageOfPage\":{\"@id\":\"https:\\\/\\\/adexa.ee\\\/toode\\\/soojuslamp-reguleeritava-korgusega-pronks-adexa-a65121507\\\/#primaryimage\"},\"image\":{\"@id\":\"https:\\\/\\\/adexa.ee\\\/toode\\\/soojuslamp-reguleeritava-korgusega-pronks-adexa-a65121507\\\/#primaryimage\"},\"thumbnailUrl\":\"https:\\\/\\\/adexa.ee\\\/wp-content\\\/uploads\\\/2024\\\/12\\\/A65121507N.jpg\",\"datePublished\":\"2026-03-26T08:05:59+00:00\",\"dateModified\":\"2026-03-26T08:06:06+00:00\",\"breadcrumb\":{\"@id\":\"https:\\\/\\\/adexa.ee\\\/toode\\\/soojuslamp-reguleeritava-korgusega-pronks-adexa-a65121507\\\/#breadcrumb\"},\"inLanguage\":\"en-US\",\"potentialAction\":[{\"@type\":\"ReadAction\",\"target\":[\"https:\\\/\\\/adexa.ee\\\/toode\\\/soojuslamp-reguleeritava-korgusega-pronks-adexa-a65121507\\\/\"]}]},{\"@type\":\"ImageObject\",\"inLanguage\":\"en-US\",\"@id\":\"https:\\\/\\\/adexa.ee\\\/toode\\\/soojuslamp-reguleeritava-korgusega-pronks-adexa-a65121507\\\/#primaryimage\",\"url\":\"https:\\\/\\\/adexa.ee\\\/wp-content\\\/uploads\\\/2024\\\/12\\\/A65121507N.jpg\",\"contentUrl\":\"https:\\\/\\\/adexa.ee\\\/wp-content\\\/uploads\\\/2024\\\/12\\\/A65121507N.jpg\",\"width\":918,\"height\":918},{\"@type\":\"BreadcrumbList\",\"@id\":\"https:\\\/\\\/adexa.ee\\\/toode\\\/soojuslamp-reguleeritava-korgusega-pronks-adexa-a65121507\\\/#breadcrumb\",\"itemListElement\":[{\"@type\":\"ListItem\",\"position\":1,\"name\":\"Home\",\"item\":\"https:\\\/\\\/adexa.ee\\\/\"},{\"@type\":\"ListItem\",\"position\":2,\"name\":\"Tooted\",\"item\":\"https:\\\/\\\/adexa.ee\\\/pood\\\/\"},{\"@type\":\"ListItem\",\"position\":3,\"name\":\"Soojuslamp reguleeritava k\u00f5rgusega, Pronks | Adexa A65121507\"}]},{\"@type\":\"WebSite\",\"@id\":\"https:\\\/\\\/adexa.ee\\\/#website\",\"url\":\"https:\\\/\\\/adexa.ee\\\/\",\"name\":\"Adexa\",\"description\":\"\",\"publisher\":{\"@id\":\"https:\\\/\\\/adexa.ee\\\/#organization\"},\"potentialAction\":[{\"@type\":\"SearchAction\",\"target\":{\"@type\":\"EntryPoint\",\"urlTemplate\":\"https:\\\/\\\/adexa.ee\\\/?s={search_term_string}\"},\"query-input\":{\"@type\":\"PropertyValueSpecification\",\"valueRequired\":true,\"valueName\":\"search_term_string\"}}],\"inLanguage\":\"en-US\"},{\"@type\":\"Organization\",\"@id\":\"https:\\\/\\\/adexa.ee\\\/#organization\",\"name\":\"Adexa\",\"url\":\"https:\\\/\\\/adexa.ee\\\/\",\"logo\":{\"@type\":\"ImageObject\",\"inLanguage\":\"en-US\",\"@id\":\"https:\\\/\\\/adexa.ee\\\/#\\\/schema\\\/logo\\\/image\\\/\",\"url\":\"https:\\\/\\\/adexa.ee\\\/wp-content\\\/uploads\\\/2024\\\/04\\\/chef-cooks-working-in-professional-kitchen-2023-11-27-05-07-39-utc-scaled.jpg\",\"contentUrl\":\"https:\\\/\\\/adexa.ee\\\/wp-content\\\/uploads\\\/2024\\\/04\\\/chef-cooks-working-in-professional-kitchen-2023-11-27-05-07-39-utc-scaled.jpg\",\"width\":2560,\"height\":1708,\"caption\":\"Adexa\"},\"image\":{\"@id\":\"https:\\\/\\\/adexa.ee\\\/#\\\/schema\\\/logo\\\/image\\\/\"}}]}<\/script>\n<!-- \/ Yoast SEO plugin. -->","yoast_head_json":{"title":"Soojuslamp reguleeritava k\u00f5rgusega, Pronks | Adexa A65121507 - Adexa \u2013 Suurk\u00f6\u00f6giseadmed restoranidele ja toitlustusele","robots":{"index":"index","follow":"follow","max-snippet":"max-snippet:-1","max-image-preview":"max-image-preview:large","max-video-preview":"max-video-preview:-1"},"canonical":"https:\/\/adexa.ee\/toode\/soojuslamp-reguleeritava-korgusega-pronks-adexa-a65121507\/","og_locale":"en_US","og_type":"article","og_title":"Soojuslamp reguleeritava k\u00f5rgusega, Pronks | Adexa A65121507 - Adexa \u2013 Suurk\u00f6\u00f6giseadmed restoranidele ja toitlustusele","og_description":"Ideaalne kasutamiseks serveerimisalal v\u00f5i iseteeninduslikel buffetialadel, lampi saab h\u00f5lpsasti reguleerida, et toit p\u00fcsiks isu\u00e4ratavana ning ideaalsel serveerimistemperatuuril. L\u00e4bim\u00f5\u00f5t: 290 mm.","og_url":"https:\/\/adexa.ee\/toode\/soojuslamp-reguleeritava-korgusega-pronks-adexa-a65121507\/","og_site_name":"Adexa \u2013 Suurk\u00f6\u00f6giseadmed restoranidele ja toitlustusele","article_modified_time":"2026-03-26T08:06:06+00:00","og_image":[{"width":918,"height":918,"url":"https:\/\/adexa.ee\/wp-content\/uploads\/2024\/12\/A65121507N.jpg","type":"image\/jpeg"}],"twitter_card":"summary_large_image","schema":{"@context":"https:\/\/schema.org","@graph":[{"@type":"WebPage","@id":"https:\/\/adexa.ee\/toode\/soojuslamp-reguleeritava-korgusega-pronks-adexa-a65121507\/","url":"https:\/\/adexa.ee\/toode\/soojuslamp-reguleeritava-korgusega-pronks-adexa-a65121507\/","name":"Soojuslamp reguleeritava k\u00f5rgusega, Pronks | Adexa A65121507 - Adexa \u2013 Suurk\u00f6\u00f6giseadmed restoranidele ja toitlustusele","isPartOf":{"@id":"https:\/\/adexa.ee\/#website"},"primaryImageOfPage":{"@id":"https:\/\/adexa.ee\/toode\/soojuslamp-reguleeritava-korgusega-pronks-adexa-a65121507\/#primaryimage"},"image":{"@id":"https:\/\/adexa.ee\/toode\/soojuslamp-reguleeritava-korgusega-pronks-adexa-a65121507\/#primaryimage"},"thumbnailUrl":"https:\/\/adexa.ee\/wp-content\/uploads\/2024\/12\/A65121507N.jpg","datePublished":"2026-03-26T08:05:59+00:00","dateModified":"2026-03-26T08:06:06+00:00","breadcrumb":{"@id":"https:\/\/adexa.ee\/toode\/soojuslamp-reguleeritava-korgusega-pronks-adexa-a65121507\/#breadcrumb"},"inLanguage":"en-US","potentialAction":[{"@type":"ReadAction","target":["https:\/\/adexa.ee\/toode\/soojuslamp-reguleeritava-korgusega-pronks-adexa-a65121507\/"]}]},{"@type":"ImageObject","inLanguage":"en-US","@id":"https:\/\/adexa.ee\/toode\/soojuslamp-reguleeritava-korgusega-pronks-adexa-a65121507\/#primaryimage","url":"https:\/\/adexa.ee\/wp-content\/uploads\/2024\/12\/A65121507N.jpg","contentUrl":"https:\/\/adexa.ee\/wp-content\/uploads\/2024\/12\/A65121507N.jpg","width":918,"height":918},{"@type":"BreadcrumbList","@id":"https:\/\/adexa.ee\/toode\/soojuslamp-reguleeritava-korgusega-pronks-adexa-a65121507\/#breadcrumb","itemListElement":[{"@type":"ListItem","position":1,"name":"Home","item":"https:\/\/adexa.ee\/"},{"@type":"ListItem","position":2,"name":"Tooted","item":"https:\/\/adexa.ee\/pood\/"},{"@type":"ListItem","position":3,"name":"Soojuslamp reguleeritava k\u00f5rgusega, Pronks | Adexa A65121507"}]},{"@type":"WebSite","@id":"https:\/\/adexa.ee\/#website","url":"https:\/\/adexa.ee\/","name":"Adexa","description":"","publisher":{"@id":"https:\/\/adexa.ee\/#organization"},"potentialAction":[{"@type":"SearchAction","target":{"@type":"EntryPoint","urlTemplate":"https:\/\/adexa.ee\/?s={search_term_string}"},"query-input":{"@type":"PropertyValueSpecification","valueRequired":true,"valueName":"search_term_string"}}],"inLanguage":"en-US"},{"@type":"Organization","@id":"https:\/\/adexa.ee\/#organization","name":"Adexa","url":"https:\/\/adexa.ee\/","logo":{"@type":"ImageObject","inLanguage":"en-US","@id":"https:\/\/adexa.ee\/#\/schema\/logo\/image\/","url":"https:\/\/adexa.ee\/wp-content\/uploads\/2024\/04\/chef-cooks-working-in-professional-kitchen-2023-11-27-05-07-39-utc-scaled.jpg","contentUrl":"https:\/\/adexa.ee\/wp-content\/uploads\/2024\/04\/chef-cooks-working-in-professional-kitchen-2023-11-27-05-07-39-utc-scaled.jpg","width":2560,"height":1708,"caption":"Adexa"},"image":{"@id":"https:\/\/adexa.ee\/#\/schema\/logo\/image\/"}}]}},"_links":{"self":[{"href":"https:\/\/adexa.ee\/en\/wp-json\/wp\/v2\/product\/14014","targetHints":{"allow":["GET"]}}],"collection":[{"href":"https:\/\/adexa.ee\/en\/wp-json\/wp\/v2\/product"}],"about":[{"href":"https:\/\/adexa.ee\/en\/wp-json\/wp\/v2\/types\/product"}],"wp:featuredmedia":[{"embeddable":true,"href":"https:\/\/adexa.ee\/en\/wp-json\/wp\/v2\/media\/14016"}],"wp:attachment":[{"href":"https:\/\/adexa.ee\/en\/wp-json\/wp\/v2\/media?parent=14014"}],"wp:term":[{"taxonomy":"product_brand","embeddable":true,"href":"https:\/\/adexa.ee\/en\/wp-json\/wp\/v2\/product_brand?post=14014"},{"taxonomy":"product_cat","embeddable":true,"href":"https:\/\/adexa.ee\/en\/wp-json\/wp\/v2\/product_cat?post=14014"},{"taxonomy":"product_tag","embeddable":true,"href":"https:\/\/adexa.ee\/en\/wp-json\/wp\/v2\/product_tag?post=14014"}],"curies":[{"name":"wp","href":"https:\/\/api.w.org\/{rel}","templated":true}]}}