{"id":14061,"date":"2026-03-26T10:15:02","date_gmt":"2026-03-26T08:15:02","guid":{"rendered":"https:\/\/adexa.ee\/toode\/jahutatud-maitseainehoidja-koos-1xgn1-3-100mm-kaanega-plastmahutiga-adexa-chp04b\/"},"modified":"2026-03-26T10:15:12","modified_gmt":"2026-03-26T08:15:12","slug":"jahutatav-maitseainehoidja-koos-1xgn1-3-100mm-kaanega-plastmahutiga-adexa-chp04b","status":"publish","type":"product","link":"https:\/\/adexa.ee\/en\/toode\/jahutatav-maitseainehoidja-koos-1xgn1-3-100mm-kaanega-plastmahutiga-adexa-chp04b\/","title":{"rendered":"Jahutatav Maitseainehoidja koos 1xGN1\/3-100mm kaanega plastmahutiga | Adexa CHP04B"},"content":{"rendered":"<p>Kasutage seda maitseainebaar kergesti eemaldatavate sisudega, et hoida oma baar v\u00f5i restoran varustatud v\u00e4rskete maitseainetega. V\u00e4rsked maitseained ja kaunistused annavad t\u00f5epoolest viimase lihvi igale joogile v\u00f5i roale! See maitseainehoidja on ideaalne kasutamiseks baaris, kuid seda saab kasutada ka toidu hoidmiseks teie k\u00f6\u00f6gi ettevalmistusalas, buffees v\u00f5i kohvikus, pakkudes lihtsat iseteeninduse v\u00f5imalust. Kaas aitab v\u00e4ltida ristsaastumist ja kaitseb toitu \u00f5hus levivate saasteainete eest. Teie toiduained s\u00e4ilivad kauem, kui t\u00e4idate selle maitseainehoidja p\u00f5hja j\u00e4\u00e4ga. See hoiab teie jahutatud tooteid v\u00e4rskena ja kasutusvalmis pikka aega. T\u00e4nu tugevale plastkonstruktsioonile on mahuti piisavalt vastupidav, et taluda sagedast kasutamist. Plastpinda on lihtne p\u00e4eva l\u00f5pus puhastada, tagades puhtuse ja h\u00fcgieeni teie asutuses.<\/p>\n<table style=\"border-collapse: collapse; width: 100%; text-align: left;\">\n<tbody>\n<tr>\n<td style=\"border: 1px solid #ddd; padding: 8px; width: 45%;\"><strong>S\u00fcgavus<\/strong><\/td>\n<td style=\"border: 1px solid #ddd; padding: 8px;\">230 mm<\/td>\n<\/tr>\n<tr>\n<td style=\"border: 1px solid #ddd; padding: 8px; width: 45%;\"><strong>K\u00f5rgus<\/strong><\/td>\n<td style=\"border: 1px solid #ddd; padding: 8px;\">200 mm<\/td>\n<\/tr>\n<tr>\n<td style=\"border: 1px solid #ddd; padding: 8px; width: 45%;\"><strong>Laius<\/strong><\/td>\n<td style=\"border: 1px solid #ddd; padding: 8px;\">360 mm<\/td>\n<\/tr>\n<tr>\n<td style=\"border: 1px solid #ddd; padding: 8px; width: 45%;\"><strong>Kaal<\/strong><\/td>\n<td style=\"border: 1px solid #ddd; padding: 8px;\">1 kg<\/td>\n<\/tr>\n<tr>\n<td style=\"border: 1px solid #ddd; padding: 8px; width: 45%;\"><strong>Mahutavus<\/strong><\/td>\n<td style=\"border: 1px solid #ddd; padding: 8px;\">1xGN1\/3 konteiner 100mm s\u00fcgavusega<\/td>\n<\/tr>\n<tr>\n<td style=\"border: 1px solid #ddd; padding: 8px; width: 45%;\"><strong>Materjal<\/strong><\/td>\n<td style=\"border: 1px solid #ddd; padding: 8px;\">Plastik<\/td>\n<\/tr>\n<tr>\n<td style=\"border: 1px solid #ddd; padding: 8px; width: 45%;\"><strong>Kaasas<\/strong><\/td>\n<td style=\"border: 1px solid #ddd; padding: 8px;\">GN konteiner (pol\u00fckarbonaat) kaanega &#038; serveerimiskulp<\/td>\n<\/tr>\n<\/tbody>\n<\/table>\n","protected":false},"excerpt":{"rendered":"<p>Kasutage seda maitseainebaar kergesti eemaldatavate sisudega, et hoida oma baar v\u00f5i restoran varustatud v\u00e4rskete maitseainetega. V\u00e4rsked maitseained ja kaunistused annavad<\/p>\n","protected":false},"featured_media":14064,"template":"","meta":[],"product_brand":[],"product_cat":[614,585,584,579,557],"product_tag":[],"class_list":{"0":"post-14061","1":"product","2":"type-product","3":"status-publish","4":"has-post-thumbnail","6":"product_cat-baaritarvikud","7":"product_cat-gn-noud","8":"product_cat-hoidikud-ja-kandikud","9":"product_cat-koogitarbed-noud","10":"product_cat-kupsetusseadmed","12":"first","13":"instock","14":"sale","15":"taxable","16":"shipping-taxable","17":"purchasable","18":"product-type-simple"},"yoast_head":"<!-- This site is optimized with the Yoast SEO plugin v27.3 - https:\/\/yoast.com\/product\/yoast-seo-wordpress\/ -->\n<title>Jahutatav Maitseainehoidja koos 1xGN1\/3-100mm kaanega plastmahutiga | Adexa CHP04B - Adexa \u2013 Suurk\u00f6\u00f6giseadmed restoranidele ja toitlustusele<\/title>\n<meta name=\"robots\" content=\"index, follow, max-snippet:-1, max-image-preview:large, max-video-preview:-1\" \/>\n<link rel=\"canonical\" href=\"https:\/\/adexa.ee\/toode\/jahutatav-maitseainehoidja-koos-1xgn1-3-100mm-kaanega-plastmahutiga-adexa-chp04b\/\" \/>\n<meta property=\"og:locale\" content=\"en_US\" \/>\n<meta property=\"og:type\" content=\"article\" \/>\n<meta property=\"og:title\" content=\"Jahutatav Maitseainehoidja koos 1xGN1\/3-100mm kaanega plastmahutiga | Adexa CHP04B - Adexa \u2013 Suurk\u00f6\u00f6giseadmed restoranidele ja toitlustusele\" \/>\n<meta property=\"og:description\" content=\"Kasutage seda maitseainebaar kergesti eemaldatavate sisudega, et hoida oma baar v\u00f5i restoran varustatud v\u00e4rskete maitseainetega. V\u00e4rsked maitseained ja kaunistused annavad\" \/>\n<meta property=\"og:url\" content=\"https:\/\/adexa.ee\/toode\/jahutatav-maitseainehoidja-koos-1xgn1-3-100mm-kaanega-plastmahutiga-adexa-chp04b\/\" \/>\n<meta property=\"og:site_name\" content=\"Adexa \u2013 Suurk\u00f6\u00f6giseadmed restoranidele ja toitlustusele\" \/>\n<meta property=\"article:modified_time\" content=\"2026-03-26T08:15:12+00:00\" \/>\n<meta property=\"og:image\" content=\"https:\/\/adexa.ee\/wp-content\/uploads\/2024\/12\/CHP04B.jpg\" \/>\n\t<meta property=\"og:image:width\" content=\"2000\" \/>\n\t<meta property=\"og:image:height\" content=\"2000\" \/>\n\t<meta property=\"og:image:type\" content=\"image\/jpeg\" \/>\n<meta name=\"twitter:card\" content=\"summary_large_image\" \/>\n<meta name=\"twitter:label1\" content=\"Est. reading time\" \/>\n\t<meta name=\"twitter:data1\" content=\"1 minute\" \/>\n<script type=\"application\/ld+json\" class=\"yoast-schema-graph\">{\"@context\":\"https:\\\/\\\/schema.org\",\"@graph\":[{\"@type\":\"WebPage\",\"@id\":\"https:\\\/\\\/adexa.ee\\\/toode\\\/jahutatav-maitseainehoidja-koos-1xgn1-3-100mm-kaanega-plastmahutiga-adexa-chp04b\\\/\",\"url\":\"https:\\\/\\\/adexa.ee\\\/toode\\\/jahutatav-maitseainehoidja-koos-1xgn1-3-100mm-kaanega-plastmahutiga-adexa-chp04b\\\/\",\"name\":\"Jahutatav Maitseainehoidja koos 1xGN1\\\/3-100mm kaanega plastmahutiga | Adexa CHP04B - Adexa \u2013 Suurk\u00f6\u00f6giseadmed restoranidele ja toitlustusele\",\"isPartOf\":{\"@id\":\"https:\\\/\\\/adexa.ee\\\/#website\"},\"primaryImageOfPage\":{\"@id\":\"https:\\\/\\\/adexa.ee\\\/toode\\\/jahutatav-maitseainehoidja-koos-1xgn1-3-100mm-kaanega-plastmahutiga-adexa-chp04b\\\/#primaryimage\"},\"image\":{\"@id\":\"https:\\\/\\\/adexa.ee\\\/toode\\\/jahutatav-maitseainehoidja-koos-1xgn1-3-100mm-kaanega-plastmahutiga-adexa-chp04b\\\/#primaryimage\"},\"thumbnailUrl\":\"https:\\\/\\\/adexa.ee\\\/wp-content\\\/uploads\\\/2024\\\/12\\\/CHP04B.jpg\",\"datePublished\":\"2026-03-26T08:15:02+00:00\",\"dateModified\":\"2026-03-26T08:15:12+00:00\",\"breadcrumb\":{\"@id\":\"https:\\\/\\\/adexa.ee\\\/toode\\\/jahutatav-maitseainehoidja-koos-1xgn1-3-100mm-kaanega-plastmahutiga-adexa-chp04b\\\/#breadcrumb\"},\"inLanguage\":\"en-US\",\"potentialAction\":[{\"@type\":\"ReadAction\",\"target\":[\"https:\\\/\\\/adexa.ee\\\/toode\\\/jahutatav-maitseainehoidja-koos-1xgn1-3-100mm-kaanega-plastmahutiga-adexa-chp04b\\\/\"]}]},{\"@type\":\"ImageObject\",\"inLanguage\":\"en-US\",\"@id\":\"https:\\\/\\\/adexa.ee\\\/toode\\\/jahutatav-maitseainehoidja-koos-1xgn1-3-100mm-kaanega-plastmahutiga-adexa-chp04b\\\/#primaryimage\",\"url\":\"https:\\\/\\\/adexa.ee\\\/wp-content\\\/uploads\\\/2024\\\/12\\\/CHP04B.jpg\",\"contentUrl\":\"https:\\\/\\\/adexa.ee\\\/wp-content\\\/uploads\\\/2024\\\/12\\\/CHP04B.jpg\",\"width\":2000,\"height\":2000},{\"@type\":\"BreadcrumbList\",\"@id\":\"https:\\\/\\\/adexa.ee\\\/toode\\\/jahutatav-maitseainehoidja-koos-1xgn1-3-100mm-kaanega-plastmahutiga-adexa-chp04b\\\/#breadcrumb\",\"itemListElement\":[{\"@type\":\"ListItem\",\"position\":1,\"name\":\"Home\",\"item\":\"https:\\\/\\\/adexa.ee\\\/\"},{\"@type\":\"ListItem\",\"position\":2,\"name\":\"Tooted\",\"item\":\"https:\\\/\\\/adexa.ee\\\/pood\\\/\"},{\"@type\":\"ListItem\",\"position\":3,\"name\":\"Jahutatav Maitseainehoidja koos 1xGN1\\\/3-100mm kaanega plastmahutiga | Adexa CHP04B\"}]},{\"@type\":\"WebSite\",\"@id\":\"https:\\\/\\\/adexa.ee\\\/#website\",\"url\":\"https:\\\/\\\/adexa.ee\\\/\",\"name\":\"Adexa\",\"description\":\"\",\"publisher\":{\"@id\":\"https:\\\/\\\/adexa.ee\\\/#organization\"},\"potentialAction\":[{\"@type\":\"SearchAction\",\"target\":{\"@type\":\"EntryPoint\",\"urlTemplate\":\"https:\\\/\\\/adexa.ee\\\/?s={search_term_string}\"},\"query-input\":{\"@type\":\"PropertyValueSpecification\",\"valueRequired\":true,\"valueName\":\"search_term_string\"}}],\"inLanguage\":\"en-US\"},{\"@type\":\"Organization\",\"@id\":\"https:\\\/\\\/adexa.ee\\\/#organization\",\"name\":\"Adexa\",\"url\":\"https:\\\/\\\/adexa.ee\\\/\",\"logo\":{\"@type\":\"ImageObject\",\"inLanguage\":\"en-US\",\"@id\":\"https:\\\/\\\/adexa.ee\\\/#\\\/schema\\\/logo\\\/image\\\/\",\"url\":\"https:\\\/\\\/adexa.ee\\\/wp-content\\\/uploads\\\/2024\\\/04\\\/chef-cooks-working-in-professional-kitchen-2023-11-27-05-07-39-utc-scaled.jpg\",\"contentUrl\":\"https:\\\/\\\/adexa.ee\\\/wp-content\\\/uploads\\\/2024\\\/04\\\/chef-cooks-working-in-professional-kitchen-2023-11-27-05-07-39-utc-scaled.jpg\",\"width\":2560,\"height\":1708,\"caption\":\"Adexa\"},\"image\":{\"@id\":\"https:\\\/\\\/adexa.ee\\\/#\\\/schema\\\/logo\\\/image\\\/\"}}]}<\/script>\n<!-- \/ Yoast SEO plugin. -->","yoast_head_json":{"title":"Jahutatav Maitseainehoidja koos 1xGN1\/3-100mm kaanega plastmahutiga | Adexa CHP04B - Adexa \u2013 Suurk\u00f6\u00f6giseadmed restoranidele ja toitlustusele","robots":{"index":"index","follow":"follow","max-snippet":"max-snippet:-1","max-image-preview":"max-image-preview:large","max-video-preview":"max-video-preview:-1"},"canonical":"https:\/\/adexa.ee\/toode\/jahutatav-maitseainehoidja-koos-1xgn1-3-100mm-kaanega-plastmahutiga-adexa-chp04b\/","og_locale":"en_US","og_type":"article","og_title":"Jahutatav Maitseainehoidja koos 1xGN1\/3-100mm kaanega plastmahutiga | Adexa CHP04B - Adexa \u2013 Suurk\u00f6\u00f6giseadmed restoranidele ja toitlustusele","og_description":"Kasutage seda maitseainebaar kergesti eemaldatavate sisudega, et hoida oma baar v\u00f5i restoran varustatud v\u00e4rskete maitseainetega. V\u00e4rsked maitseained ja kaunistused annavad","og_url":"https:\/\/adexa.ee\/toode\/jahutatav-maitseainehoidja-koos-1xgn1-3-100mm-kaanega-plastmahutiga-adexa-chp04b\/","og_site_name":"Adexa \u2013 Suurk\u00f6\u00f6giseadmed restoranidele ja toitlustusele","article_modified_time":"2026-03-26T08:15:12+00:00","og_image":[{"width":2000,"height":2000,"url":"https:\/\/adexa.ee\/wp-content\/uploads\/2024\/12\/CHP04B.jpg","type":"image\/jpeg"}],"twitter_card":"summary_large_image","twitter_misc":{"Est. reading time":"1 minute"},"schema":{"@context":"https:\/\/schema.org","@graph":[{"@type":"WebPage","@id":"https:\/\/adexa.ee\/toode\/jahutatav-maitseainehoidja-koos-1xgn1-3-100mm-kaanega-plastmahutiga-adexa-chp04b\/","url":"https:\/\/adexa.ee\/toode\/jahutatav-maitseainehoidja-koos-1xgn1-3-100mm-kaanega-plastmahutiga-adexa-chp04b\/","name":"Jahutatav Maitseainehoidja koos 1xGN1\/3-100mm kaanega plastmahutiga | Adexa CHP04B - Adexa \u2013 Suurk\u00f6\u00f6giseadmed restoranidele ja toitlustusele","isPartOf":{"@id":"https:\/\/adexa.ee\/#website"},"primaryImageOfPage":{"@id":"https:\/\/adexa.ee\/toode\/jahutatav-maitseainehoidja-koos-1xgn1-3-100mm-kaanega-plastmahutiga-adexa-chp04b\/#primaryimage"},"image":{"@id":"https:\/\/adexa.ee\/toode\/jahutatav-maitseainehoidja-koos-1xgn1-3-100mm-kaanega-plastmahutiga-adexa-chp04b\/#primaryimage"},"thumbnailUrl":"https:\/\/adexa.ee\/wp-content\/uploads\/2024\/12\/CHP04B.jpg","datePublished":"2026-03-26T08:15:02+00:00","dateModified":"2026-03-26T08:15:12+00:00","breadcrumb":{"@id":"https:\/\/adexa.ee\/toode\/jahutatav-maitseainehoidja-koos-1xgn1-3-100mm-kaanega-plastmahutiga-adexa-chp04b\/#breadcrumb"},"inLanguage":"en-US","potentialAction":[{"@type":"ReadAction","target":["https:\/\/adexa.ee\/toode\/jahutatav-maitseainehoidja-koos-1xgn1-3-100mm-kaanega-plastmahutiga-adexa-chp04b\/"]}]},{"@type":"ImageObject","inLanguage":"en-US","@id":"https:\/\/adexa.ee\/toode\/jahutatav-maitseainehoidja-koos-1xgn1-3-100mm-kaanega-plastmahutiga-adexa-chp04b\/#primaryimage","url":"https:\/\/adexa.ee\/wp-content\/uploads\/2024\/12\/CHP04B.jpg","contentUrl":"https:\/\/adexa.ee\/wp-content\/uploads\/2024\/12\/CHP04B.jpg","width":2000,"height":2000},{"@type":"BreadcrumbList","@id":"https:\/\/adexa.ee\/toode\/jahutatav-maitseainehoidja-koos-1xgn1-3-100mm-kaanega-plastmahutiga-adexa-chp04b\/#breadcrumb","itemListElement":[{"@type":"ListItem","position":1,"name":"Home","item":"https:\/\/adexa.ee\/"},{"@type":"ListItem","position":2,"name":"Tooted","item":"https:\/\/adexa.ee\/pood\/"},{"@type":"ListItem","position":3,"name":"Jahutatav Maitseainehoidja koos 1xGN1\/3-100mm kaanega plastmahutiga | Adexa CHP04B"}]},{"@type":"WebSite","@id":"https:\/\/adexa.ee\/#website","url":"https:\/\/adexa.ee\/","name":"Adexa","description":"","publisher":{"@id":"https:\/\/adexa.ee\/#organization"},"potentialAction":[{"@type":"SearchAction","target":{"@type":"EntryPoint","urlTemplate":"https:\/\/adexa.ee\/?s={search_term_string}"},"query-input":{"@type":"PropertyValueSpecification","valueRequired":true,"valueName":"search_term_string"}}],"inLanguage":"en-US"},{"@type":"Organization","@id":"https:\/\/adexa.ee\/#organization","name":"Adexa","url":"https:\/\/adexa.ee\/","logo":{"@type":"ImageObject","inLanguage":"en-US","@id":"https:\/\/adexa.ee\/#\/schema\/logo\/image\/","url":"https:\/\/adexa.ee\/wp-content\/uploads\/2024\/04\/chef-cooks-working-in-professional-kitchen-2023-11-27-05-07-39-utc-scaled.jpg","contentUrl":"https:\/\/adexa.ee\/wp-content\/uploads\/2024\/04\/chef-cooks-working-in-professional-kitchen-2023-11-27-05-07-39-utc-scaled.jpg","width":2560,"height":1708,"caption":"Adexa"},"image":{"@id":"https:\/\/adexa.ee\/#\/schema\/logo\/image\/"}}]}},"_links":{"self":[{"href":"https:\/\/adexa.ee\/en\/wp-json\/wp\/v2\/product\/14061","targetHints":{"allow":["GET"]}}],"collection":[{"href":"https:\/\/adexa.ee\/en\/wp-json\/wp\/v2\/product"}],"about":[{"href":"https:\/\/adexa.ee\/en\/wp-json\/wp\/v2\/types\/product"}],"wp:featuredmedia":[{"embeddable":true,"href":"https:\/\/adexa.ee\/en\/wp-json\/wp\/v2\/media\/14064"}],"wp:attachment":[{"href":"https:\/\/adexa.ee\/en\/wp-json\/wp\/v2\/media?parent=14061"}],"wp:term":[{"taxonomy":"product_brand","embeddable":true,"href":"https:\/\/adexa.ee\/en\/wp-json\/wp\/v2\/product_brand?post=14061"},{"taxonomy":"product_cat","embeddable":true,"href":"https:\/\/adexa.ee\/en\/wp-json\/wp\/v2\/product_cat?post=14061"},{"taxonomy":"product_tag","embeddable":true,"href":"https:\/\/adexa.ee\/en\/wp-json\/wp\/v2\/product_tag?post=14061"}],"curies":[{"name":"wp","href":"https:\/\/api.w.org\/{rel}","templated":true}]}}