{"id":14153,"date":"2026-03-26T10:15:18","date_gmt":"2026-03-26T08:15:18","guid":{"rendered":"https:\/\/adexa.ee\/toode\/seinariiul-koos-potikonksude-hoidjaga-15-konksu-roostevaba-teras-1500x300x254mm-adexa-whpr153025\/"},"modified":"2026-03-26T10:15:23","modified_gmt":"2026-03-26T08:15:23","slug":"seinariiul-koos-potikonksude-hoidjaga-15-konksu-roostevaba-teras-1500x300x254mm-adexa-whpr153025","status":"publish","type":"product","link":"https:\/\/adexa.ee\/en\/toode\/seinariiul-koos-potikonksude-hoidjaga-15-konksu-roostevaba-teras-1500x300x254mm-adexa-whpr153025\/","title":{"rendered":"Seinariiul koos potikonksude hoidjaga, 15 konksu, roostevaba teras, 1500x300x254mm | Adexa WHPR153025"},"content":{"rendered":"<p>See kommertslik roostevabast terasest seinakinnitusega potikonksude hoidja sobib ideaalselt igasse suurde restorani v\u00f5i toitlustusasutusse. Kasutage kaasasolevaid konksusid, et hoida oma mahukaid potte ja panne, ning lisaks ka k\u00f5ige sagedamini kasutatavaid t\u00f6\u00f6riistu ja muid tarvikuid. Sellel hoidjal on ka tugev roostevabast terasest riiul \u00fclaosas, mis v\u00f5imaldab hoida puhtaid taldrikuid v\u00f5i populaarseid koostisosi ja maitseaineid.<\/p>\n<table style=\"border-collapse: collapse; width: 100%; text-align: left;\">\n<tbody>\n<tr>\n<td style=\"border: 1px solid #ddd; padding: 8px; width: 45%;\"><strong>S\u00fcgavus<\/strong><\/td>\n<td style=\"border: 1px solid #ddd; padding: 8px;\">300 mm<\/td>\n<\/tr>\n<tr>\n<td style=\"border: 1px solid #ddd; padding: 8px; width: 45%;\"><strong>K\u00f5rgus<\/strong><\/td>\n<td style=\"border: 1px solid #ddd; padding: 8px;\">254 mm<\/td>\n<\/tr>\n<tr>\n<td style=\"border: 1px solid #ddd; padding: 8px; width: 45%;\"><strong>Laius<\/strong><\/td>\n<td style=\"border: 1px solid #ddd; padding: 8px;\">1500 mm<\/td>\n<\/tr>\n<tr>\n<td style=\"border: 1px solid #ddd; padding: 8px; width: 45%;\"><strong>Kaal<\/strong><\/td>\n<td style=\"border: 1px solid #ddd; padding: 8px;\">8 kg<\/td>\n<\/tr>\n<tr>\n<td style=\"border: 1px solid #ddd; padding: 8px; width: 45%;\"><strong>Materjal<\/strong><\/td>\n<td style=\"border: 1px solid #ddd; padding: 8px;\">Roostevaba teras<\/td>\n<\/tr>\n<tr>\n<td style=\"border: 1px solid #ddd; padding: 8px; width: 45%;\"><strong>Kaasas<\/strong><\/td>\n<td style=\"border: 1px solid #ddd; padding: 8px;\">15 potikonkut<\/td>\n<\/tr>\n<\/tbody>\n<\/table>\n","protected":false},"excerpt":{"rendered":"<p>See kommertslik roostevabast terasest seinakinnitusega potikonksude hoidja sobib ideaalselt igasse suurde restorani v\u00f5i toitlustusasutusse. Kasutage kaasasolevaid konksusid, et hoida oma<\/p>\n","protected":false},"featured_media":10293,"template":"","meta":[],"product_brand":[],"product_cat":[569,572,617,699],"product_tag":[],"class_list":{"0":"post-14153","1":"product","2":"type-product","3":"status-publish","4":"has-post-thumbnail","6":"product_cat-lopumuuk","7":"product_cat-roostevabad-tooted","8":"product_cat-seinariiulid","9":"product_cat-uhe-tasandiga-riiul-sugavus-300-mm","11":"first","12":"instock","13":"sale","14":"taxable","15":"shipping-taxable","16":"purchasable","17":"product-type-simple"},"yoast_head":"<!-- This site is optimized with the Yoast SEO plugin v27.3 - https:\/\/yoast.com\/product\/yoast-seo-wordpress\/ -->\n<title>Seinariiul koos potikonksude hoidjaga, 15 konksu, roostevaba teras, 1500x300x254mm | Adexa WHPR153025 - Adexa \u2013 Suurk\u00f6\u00f6giseadmed restoranidele ja toitlustusele<\/title>\n<meta name=\"robots\" content=\"index, follow, max-snippet:-1, max-image-preview:large, max-video-preview:-1\" \/>\n<link rel=\"canonical\" href=\"https:\/\/adexa.ee\/toode\/seinariiul-koos-potikonksude-hoidjaga-15-konksu-roostevaba-teras-1500x300x254mm-adexa-whpr153025\/\" \/>\n<meta property=\"og:locale\" content=\"en_US\" \/>\n<meta property=\"og:type\" content=\"article\" \/>\n<meta property=\"og:title\" content=\"Seinariiul koos potikonksude hoidjaga, 15 konksu, roostevaba teras, 1500x300x254mm | Adexa WHPR153025 - Adexa \u2013 Suurk\u00f6\u00f6giseadmed restoranidele ja toitlustusele\" \/>\n<meta property=\"og:description\" content=\"See kommertslik roostevabast terasest seinakinnitusega potikonksude hoidja sobib ideaalselt igasse suurde restorani v\u00f5i toitlustusasutusse. Kasutage kaasasolevaid konksusid, et hoida oma\" \/>\n<meta property=\"og:url\" content=\"https:\/\/adexa.ee\/toode\/seinariiul-koos-potikonksude-hoidjaga-15-konksu-roostevaba-teras-1500x300x254mm-adexa-whpr153025\/\" \/>\n<meta property=\"og:site_name\" content=\"Adexa \u2013 Suurk\u00f6\u00f6giseadmed restoranidele ja toitlustusele\" \/>\n<meta property=\"article:modified_time\" content=\"2026-03-26T08:15:23+00:00\" \/>\n<meta property=\"og:image\" content=\"https:\/\/adexa.ee\/wp-content\/uploads\/2024\/12\/WHP.jpg\" \/>\n\t<meta property=\"og:image:width\" content=\"1176\" \/>\n\t<meta property=\"og:image:height\" content=\"1176\" \/>\n\t<meta property=\"og:image:type\" content=\"image\/jpeg\" \/>\n<meta name=\"twitter:card\" content=\"summary_large_image\" \/>\n<script type=\"application\/ld+json\" class=\"yoast-schema-graph\">{\"@context\":\"https:\\\/\\\/schema.org\",\"@graph\":[{\"@type\":\"WebPage\",\"@id\":\"https:\\\/\\\/adexa.ee\\\/toode\\\/seinariiul-koos-potikonksude-hoidjaga-15-konksu-roostevaba-teras-1500x300x254mm-adexa-whpr153025\\\/\",\"url\":\"https:\\\/\\\/adexa.ee\\\/toode\\\/seinariiul-koos-potikonksude-hoidjaga-15-konksu-roostevaba-teras-1500x300x254mm-adexa-whpr153025\\\/\",\"name\":\"Seinariiul koos potikonksude hoidjaga, 15 konksu, roostevaba teras, 1500x300x254mm | Adexa WHPR153025 - Adexa \u2013 Suurk\u00f6\u00f6giseadmed restoranidele ja toitlustusele\",\"isPartOf\":{\"@id\":\"https:\\\/\\\/adexa.ee\\\/#website\"},\"primaryImageOfPage\":{\"@id\":\"https:\\\/\\\/adexa.ee\\\/toode\\\/seinariiul-koos-potikonksude-hoidjaga-15-konksu-roostevaba-teras-1500x300x254mm-adexa-whpr153025\\\/#primaryimage\"},\"image\":{\"@id\":\"https:\\\/\\\/adexa.ee\\\/toode\\\/seinariiul-koos-potikonksude-hoidjaga-15-konksu-roostevaba-teras-1500x300x254mm-adexa-whpr153025\\\/#primaryimage\"},\"thumbnailUrl\":\"https:\\\/\\\/adexa.ee\\\/wp-content\\\/uploads\\\/2024\\\/12\\\/WHP.jpg\",\"datePublished\":\"2026-03-26T08:15:18+00:00\",\"dateModified\":\"2026-03-26T08:15:23+00:00\",\"breadcrumb\":{\"@id\":\"https:\\\/\\\/adexa.ee\\\/toode\\\/seinariiul-koos-potikonksude-hoidjaga-15-konksu-roostevaba-teras-1500x300x254mm-adexa-whpr153025\\\/#breadcrumb\"},\"inLanguage\":\"en-US\",\"potentialAction\":[{\"@type\":\"ReadAction\",\"target\":[\"https:\\\/\\\/adexa.ee\\\/toode\\\/seinariiul-koos-potikonksude-hoidjaga-15-konksu-roostevaba-teras-1500x300x254mm-adexa-whpr153025\\\/\"]}]},{\"@type\":\"ImageObject\",\"inLanguage\":\"en-US\",\"@id\":\"https:\\\/\\\/adexa.ee\\\/toode\\\/seinariiul-koos-potikonksude-hoidjaga-15-konksu-roostevaba-teras-1500x300x254mm-adexa-whpr153025\\\/#primaryimage\",\"url\":\"https:\\\/\\\/adexa.ee\\\/wp-content\\\/uploads\\\/2024\\\/12\\\/WHP.jpg\",\"contentUrl\":\"https:\\\/\\\/adexa.ee\\\/wp-content\\\/uploads\\\/2024\\\/12\\\/WHP.jpg\",\"width\":1176,\"height\":1176},{\"@type\":\"BreadcrumbList\",\"@id\":\"https:\\\/\\\/adexa.ee\\\/toode\\\/seinariiul-koos-potikonksude-hoidjaga-15-konksu-roostevaba-teras-1500x300x254mm-adexa-whpr153025\\\/#breadcrumb\",\"itemListElement\":[{\"@type\":\"ListItem\",\"position\":1,\"name\":\"Home\",\"item\":\"https:\\\/\\\/adexa.ee\\\/\"},{\"@type\":\"ListItem\",\"position\":2,\"name\":\"Tooted\",\"item\":\"https:\\\/\\\/adexa.ee\\\/pood\\\/\"},{\"@type\":\"ListItem\",\"position\":3,\"name\":\"Seinariiul koos potikonksude hoidjaga, 15 konksu, roostevaba teras, 1500x300x254mm | Adexa WHPR153025\"}]},{\"@type\":\"WebSite\",\"@id\":\"https:\\\/\\\/adexa.ee\\\/#website\",\"url\":\"https:\\\/\\\/adexa.ee\\\/\",\"name\":\"Adexa\",\"description\":\"\",\"publisher\":{\"@id\":\"https:\\\/\\\/adexa.ee\\\/#organization\"},\"potentialAction\":[{\"@type\":\"SearchAction\",\"target\":{\"@type\":\"EntryPoint\",\"urlTemplate\":\"https:\\\/\\\/adexa.ee\\\/?s={search_term_string}\"},\"query-input\":{\"@type\":\"PropertyValueSpecification\",\"valueRequired\":true,\"valueName\":\"search_term_string\"}}],\"inLanguage\":\"en-US\"},{\"@type\":\"Organization\",\"@id\":\"https:\\\/\\\/adexa.ee\\\/#organization\",\"name\":\"Adexa\",\"url\":\"https:\\\/\\\/adexa.ee\\\/\",\"logo\":{\"@type\":\"ImageObject\",\"inLanguage\":\"en-US\",\"@id\":\"https:\\\/\\\/adexa.ee\\\/#\\\/schema\\\/logo\\\/image\\\/\",\"url\":\"https:\\\/\\\/adexa.ee\\\/wp-content\\\/uploads\\\/2024\\\/04\\\/chef-cooks-working-in-professional-kitchen-2023-11-27-05-07-39-utc-scaled.jpg\",\"contentUrl\":\"https:\\\/\\\/adexa.ee\\\/wp-content\\\/uploads\\\/2024\\\/04\\\/chef-cooks-working-in-professional-kitchen-2023-11-27-05-07-39-utc-scaled.jpg\",\"width\":2560,\"height\":1708,\"caption\":\"Adexa\"},\"image\":{\"@id\":\"https:\\\/\\\/adexa.ee\\\/#\\\/schema\\\/logo\\\/image\\\/\"}}]}<\/script>\n<!-- \/ Yoast SEO plugin. -->","yoast_head_json":{"title":"Seinariiul koos potikonksude hoidjaga, 15 konksu, roostevaba teras, 1500x300x254mm | Adexa WHPR153025 - Adexa \u2013 Suurk\u00f6\u00f6giseadmed restoranidele ja toitlustusele","robots":{"index":"index","follow":"follow","max-snippet":"max-snippet:-1","max-image-preview":"max-image-preview:large","max-video-preview":"max-video-preview:-1"},"canonical":"https:\/\/adexa.ee\/toode\/seinariiul-koos-potikonksude-hoidjaga-15-konksu-roostevaba-teras-1500x300x254mm-adexa-whpr153025\/","og_locale":"en_US","og_type":"article","og_title":"Seinariiul koos potikonksude hoidjaga, 15 konksu, roostevaba teras, 1500x300x254mm | Adexa WHPR153025 - Adexa \u2013 Suurk\u00f6\u00f6giseadmed restoranidele ja toitlustusele","og_description":"See kommertslik roostevabast terasest seinakinnitusega potikonksude hoidja sobib ideaalselt igasse suurde restorani v\u00f5i toitlustusasutusse. Kasutage kaasasolevaid konksusid, et hoida oma","og_url":"https:\/\/adexa.ee\/toode\/seinariiul-koos-potikonksude-hoidjaga-15-konksu-roostevaba-teras-1500x300x254mm-adexa-whpr153025\/","og_site_name":"Adexa \u2013 Suurk\u00f6\u00f6giseadmed restoranidele ja toitlustusele","article_modified_time":"2026-03-26T08:15:23+00:00","og_image":[{"width":1176,"height":1176,"url":"https:\/\/adexa.ee\/wp-content\/uploads\/2024\/12\/WHP.jpg","type":"image\/jpeg"}],"twitter_card":"summary_large_image","schema":{"@context":"https:\/\/schema.org","@graph":[{"@type":"WebPage","@id":"https:\/\/adexa.ee\/toode\/seinariiul-koos-potikonksude-hoidjaga-15-konksu-roostevaba-teras-1500x300x254mm-adexa-whpr153025\/","url":"https:\/\/adexa.ee\/toode\/seinariiul-koos-potikonksude-hoidjaga-15-konksu-roostevaba-teras-1500x300x254mm-adexa-whpr153025\/","name":"Seinariiul koos potikonksude hoidjaga, 15 konksu, roostevaba teras, 1500x300x254mm | Adexa WHPR153025 - Adexa \u2013 Suurk\u00f6\u00f6giseadmed restoranidele ja toitlustusele","isPartOf":{"@id":"https:\/\/adexa.ee\/#website"},"primaryImageOfPage":{"@id":"https:\/\/adexa.ee\/toode\/seinariiul-koos-potikonksude-hoidjaga-15-konksu-roostevaba-teras-1500x300x254mm-adexa-whpr153025\/#primaryimage"},"image":{"@id":"https:\/\/adexa.ee\/toode\/seinariiul-koos-potikonksude-hoidjaga-15-konksu-roostevaba-teras-1500x300x254mm-adexa-whpr153025\/#primaryimage"},"thumbnailUrl":"https:\/\/adexa.ee\/wp-content\/uploads\/2024\/12\/WHP.jpg","datePublished":"2026-03-26T08:15:18+00:00","dateModified":"2026-03-26T08:15:23+00:00","breadcrumb":{"@id":"https:\/\/adexa.ee\/toode\/seinariiul-koos-potikonksude-hoidjaga-15-konksu-roostevaba-teras-1500x300x254mm-adexa-whpr153025\/#breadcrumb"},"inLanguage":"en-US","potentialAction":[{"@type":"ReadAction","target":["https:\/\/adexa.ee\/toode\/seinariiul-koos-potikonksude-hoidjaga-15-konksu-roostevaba-teras-1500x300x254mm-adexa-whpr153025\/"]}]},{"@type":"ImageObject","inLanguage":"en-US","@id":"https:\/\/adexa.ee\/toode\/seinariiul-koos-potikonksude-hoidjaga-15-konksu-roostevaba-teras-1500x300x254mm-adexa-whpr153025\/#primaryimage","url":"https:\/\/adexa.ee\/wp-content\/uploads\/2024\/12\/WHP.jpg","contentUrl":"https:\/\/adexa.ee\/wp-content\/uploads\/2024\/12\/WHP.jpg","width":1176,"height":1176},{"@type":"BreadcrumbList","@id":"https:\/\/adexa.ee\/toode\/seinariiul-koos-potikonksude-hoidjaga-15-konksu-roostevaba-teras-1500x300x254mm-adexa-whpr153025\/#breadcrumb","itemListElement":[{"@type":"ListItem","position":1,"name":"Home","item":"https:\/\/adexa.ee\/"},{"@type":"ListItem","position":2,"name":"Tooted","item":"https:\/\/adexa.ee\/pood\/"},{"@type":"ListItem","position":3,"name":"Seinariiul koos potikonksude hoidjaga, 15 konksu, roostevaba teras, 1500x300x254mm | Adexa WHPR153025"}]},{"@type":"WebSite","@id":"https:\/\/adexa.ee\/#website","url":"https:\/\/adexa.ee\/","name":"Adexa","description":"","publisher":{"@id":"https:\/\/adexa.ee\/#organization"},"potentialAction":[{"@type":"SearchAction","target":{"@type":"EntryPoint","urlTemplate":"https:\/\/adexa.ee\/?s={search_term_string}"},"query-input":{"@type":"PropertyValueSpecification","valueRequired":true,"valueName":"search_term_string"}}],"inLanguage":"en-US"},{"@type":"Organization","@id":"https:\/\/adexa.ee\/#organization","name":"Adexa","url":"https:\/\/adexa.ee\/","logo":{"@type":"ImageObject","inLanguage":"en-US","@id":"https:\/\/adexa.ee\/#\/schema\/logo\/image\/","url":"https:\/\/adexa.ee\/wp-content\/uploads\/2024\/04\/chef-cooks-working-in-professional-kitchen-2023-11-27-05-07-39-utc-scaled.jpg","contentUrl":"https:\/\/adexa.ee\/wp-content\/uploads\/2024\/04\/chef-cooks-working-in-professional-kitchen-2023-11-27-05-07-39-utc-scaled.jpg","width":2560,"height":1708,"caption":"Adexa"},"image":{"@id":"https:\/\/adexa.ee\/#\/schema\/logo\/image\/"}}]}},"_links":{"self":[{"href":"https:\/\/adexa.ee\/en\/wp-json\/wp\/v2\/product\/14153","targetHints":{"allow":["GET"]}}],"collection":[{"href":"https:\/\/adexa.ee\/en\/wp-json\/wp\/v2\/product"}],"about":[{"href":"https:\/\/adexa.ee\/en\/wp-json\/wp\/v2\/types\/product"}],"wp:featuredmedia":[{"embeddable":true,"href":"https:\/\/adexa.ee\/en\/wp-json\/wp\/v2\/media\/10293"}],"wp:attachment":[{"href":"https:\/\/adexa.ee\/en\/wp-json\/wp\/v2\/media?parent=14153"}],"wp:term":[{"taxonomy":"product_brand","embeddable":true,"href":"https:\/\/adexa.ee\/en\/wp-json\/wp\/v2\/product_brand?post=14153"},{"taxonomy":"product_cat","embeddable":true,"href":"https:\/\/adexa.ee\/en\/wp-json\/wp\/v2\/product_cat?post=14153"},{"taxonomy":"product_tag","embeddable":true,"href":"https:\/\/adexa.ee\/en\/wp-json\/wp\/v2\/product_tag?post=14153"}],"curies":[{"name":"wp","href":"https:\/\/api.w.org\/{rel}","templated":true}]}}