{"id":14169,"date":"2026-03-26T10:15:18","date_gmt":"2026-03-26T08:15:18","guid":{"rendered":"https:\/\/adexa.ee\/toode\/kaubanduslik-serveerimis-teenindus-koristuskaru-roostevaba-teras-4-tasandit-710x410x1070mm-adexa-rst4c\/"},"modified":"2026-03-26T10:15:25","modified_gmt":"2026-03-26T08:15:25","slug":"serveerimiskaru-roostevaba-teras-4-tasandit-710x410x1070mm-adexa-rst4c","status":"publish","type":"product","link":"https:\/\/adexa.ee\/en\/toode\/serveerimiskaru-roostevaba-teras-4-tasandit-710x410x1070mm-adexa-rst4c\/","title":{"rendered":"Serveerimisk\u00e4ru Roostevaba Teras 4 Tasandit 710X410X1070Mm | Adexa Rst4C"},"content":{"rendered":"<p>See serveerimisk\u00e4ru viie vastupidava kandikupinnaga v\u00f5ib sujuvalt sulanduda igasse keskkonda. T\u00e4nu oma tugevale konstruktsioonile sobib see eriti h\u00e4sti kasutamiseks s\u00f6\u00f6klates, suures mastaabis toitlustusettev\u00f5tetes, restoranides, avalikes asutustes, aga ka erasektoris. Sellega muutub toitude v\u00f5i jookide serveerimine, lauadelt koristamine ja n\u00f5ude k\u00f6\u00f6ki viimine lihtsaks. See roostevabast terasest k\u00e4ru on erakordselt vastupidav ja kergesti puhastatav. Valmistatud kvaliteetsest roostevabast terasest.\u00dcmarad torud optimaalseks haardeks.Tarnitakse osadena &#8211; lihtne ise kokku panna.Palun vaadake &#8216;Spetsifikatsioon&#8217; alt \u00fcksikasjalikku teavet.<\/p>\n<table style=\"border-collapse: collapse; width: 100%; text-align: left;\">\n<tbody>\n<tr>\n<td style=\"border: 1px solid #ddd; padding: 8px; width: 45%;\"><strong>S\u00fcgavus<\/strong><\/td>\n<td style=\"border: 1px solid #ddd; padding: 8px;\">410 mm<\/td>\n<\/tr>\n<tr>\n<td style=\"border: 1px solid #ddd; padding: 8px; width: 45%;\"><strong>K\u00f5rgus<\/strong><\/td>\n<td style=\"border: 1px solid #ddd; padding: 8px;\">1070 mm<\/td>\n<\/tr>\n<tr>\n<td style=\"border: 1px solid #ddd; padding: 8px; width: 45%;\"><strong>Laius<\/strong><\/td>\n<td style=\"border: 1px solid #ddd; padding: 8px;\">710 mm<\/td>\n<\/tr>\n<tr>\n<td style=\"border: 1px solid #ddd; padding: 8px; width: 45%;\"><strong>Kaal<\/strong><\/td>\n<td style=\"border: 1px solid #ddd; padding: 8px;\">13 kg<\/td>\n<\/tr>\n<tr>\n<td style=\"border: 1px solid #ddd; padding: 8px; width: 45%;\"><strong>Garantii<\/strong><\/td>\n<td style=\"border: 1px solid #ddd; padding: 8px;\">12 kuu varuosade garantii<\/td>\n<\/tr>\n<tr>\n<td style=\"border: 1px solid #ddd; padding: 8px; width: 45%;\"><strong>Mahutavus<\/strong><\/td>\n<td style=\"border: 1px solid #ddd; padding: 8px;\">150 kg<\/td>\n<\/tr>\n<tr>\n<td style=\"border: 1px solid #ddd; padding: 8px; width: 45%;\"><strong>Rullikud<\/strong><\/td>\n<td style=\"border: 1px solid #ddd; padding: 8px;\">Piduritega<\/td>\n<\/tr>\n<tr>\n<td style=\"border: 1px solid #ddd; padding: 8px; width: 45%;\"><strong>Materjal<\/strong><\/td>\n<td style=\"border: 1px solid #ddd; padding: 8px;\">Roostevaba teras<\/td>\n<\/tr>\n<\/tbody>\n<\/table>\n","protected":false},"excerpt":{"rendered":"<p>See serveerimisk\u00e4ru viie vastupidava kandikupinnaga v\u00f5ib sujuvalt sulanduda igasse keskkonda. T\u00e4nu oma tugevale konstruktsioonile sobib see eriti h\u00e4sti kasutamiseks s\u00f6\u00f6klates,<\/p>\n","protected":false},"featured_media":14044,"template":"","meta":[],"product_brand":[],"product_cat":[623,572],"product_tag":[],"class_list":{"0":"post-14169","1":"product","2":"type-product","3":"status-publish","4":"has-post-thumbnail","6":"product_cat-karud","7":"product_cat-roostevabad-tooted","9":"first","10":"instock","11":"sale","12":"taxable","13":"shipping-taxable","14":"purchasable","15":"product-type-simple"},"yoast_head":"<!-- This site is optimized with the Yoast SEO plugin v27.3 - https:\/\/yoast.com\/product\/yoast-seo-wordpress\/ -->\n<title>Serveerimisk\u00e4ru Roostevaba Teras 4 Tasandit 710X410X1070Mm | Adexa Rst4C - Adexa \u2013 Suurk\u00f6\u00f6giseadmed restoranidele ja toitlustusele<\/title>\n<meta name=\"robots\" content=\"index, follow, max-snippet:-1, max-image-preview:large, max-video-preview:-1\" \/>\n<link rel=\"canonical\" href=\"https:\/\/adexa.ee\/toode\/serveerimiskaru-roostevaba-teras-4-tasandit-710x410x1070mm-adexa-rst4c\/\" \/>\n<meta property=\"og:locale\" content=\"en_US\" \/>\n<meta property=\"og:type\" content=\"article\" \/>\n<meta property=\"og:title\" content=\"Serveerimisk\u00e4ru Roostevaba Teras 4 Tasandit 710X410X1070Mm | Adexa Rst4C - Adexa \u2013 Suurk\u00f6\u00f6giseadmed restoranidele ja toitlustusele\" \/>\n<meta property=\"og:description\" content=\"See serveerimisk\u00e4ru viie vastupidava kandikupinnaga v\u00f5ib sujuvalt sulanduda igasse keskkonda. T\u00e4nu oma tugevale konstruktsioonile sobib see eriti h\u00e4sti kasutamiseks s\u00f6\u00f6klates,\" \/>\n<meta property=\"og:url\" content=\"https:\/\/adexa.ee\/toode\/serveerimiskaru-roostevaba-teras-4-tasandit-710x410x1070mm-adexa-rst4c\/\" \/>\n<meta property=\"og:site_name\" content=\"Adexa \u2013 Suurk\u00f6\u00f6giseadmed restoranidele ja toitlustusele\" \/>\n<meta property=\"article:modified_time\" content=\"2026-03-26T08:15:25+00:00\" \/>\n<meta property=\"og:image\" content=\"https:\/\/adexa.ee\/wp-content\/uploads\/2024\/12\/RST4.jpg\" \/>\n\t<meta property=\"og:image:width\" content=\"1500\" \/>\n\t<meta property=\"og:image:height\" content=\"1500\" \/>\n\t<meta property=\"og:image:type\" content=\"image\/jpeg\" \/>\n<meta name=\"twitter:card\" content=\"summary_large_image\" \/>\n<meta name=\"twitter:label1\" content=\"Est. reading time\" \/>\n\t<meta name=\"twitter:data1\" content=\"1 minute\" \/>\n<script type=\"application\/ld+json\" class=\"yoast-schema-graph\">{\"@context\":\"https:\\\/\\\/schema.org\",\"@graph\":[{\"@type\":\"WebPage\",\"@id\":\"https:\\\/\\\/adexa.ee\\\/toode\\\/serveerimiskaru-roostevaba-teras-4-tasandit-710x410x1070mm-adexa-rst4c\\\/\",\"url\":\"https:\\\/\\\/adexa.ee\\\/toode\\\/serveerimiskaru-roostevaba-teras-4-tasandit-710x410x1070mm-adexa-rst4c\\\/\",\"name\":\"Serveerimisk\u00e4ru Roostevaba Teras 4 Tasandit 710X410X1070Mm | Adexa Rst4C - Adexa \u2013 Suurk\u00f6\u00f6giseadmed restoranidele ja toitlustusele\",\"isPartOf\":{\"@id\":\"https:\\\/\\\/adexa.ee\\\/#website\"},\"primaryImageOfPage\":{\"@id\":\"https:\\\/\\\/adexa.ee\\\/toode\\\/serveerimiskaru-roostevaba-teras-4-tasandit-710x410x1070mm-adexa-rst4c\\\/#primaryimage\"},\"image\":{\"@id\":\"https:\\\/\\\/adexa.ee\\\/toode\\\/serveerimiskaru-roostevaba-teras-4-tasandit-710x410x1070mm-adexa-rst4c\\\/#primaryimage\"},\"thumbnailUrl\":\"https:\\\/\\\/adexa.ee\\\/wp-content\\\/uploads\\\/2024\\\/12\\\/RST4.jpg\",\"datePublished\":\"2026-03-26T08:15:18+00:00\",\"dateModified\":\"2026-03-26T08:15:25+00:00\",\"breadcrumb\":{\"@id\":\"https:\\\/\\\/adexa.ee\\\/toode\\\/serveerimiskaru-roostevaba-teras-4-tasandit-710x410x1070mm-adexa-rst4c\\\/#breadcrumb\"},\"inLanguage\":\"en-US\",\"potentialAction\":[{\"@type\":\"ReadAction\",\"target\":[\"https:\\\/\\\/adexa.ee\\\/toode\\\/serveerimiskaru-roostevaba-teras-4-tasandit-710x410x1070mm-adexa-rst4c\\\/\"]}]},{\"@type\":\"ImageObject\",\"inLanguage\":\"en-US\",\"@id\":\"https:\\\/\\\/adexa.ee\\\/toode\\\/serveerimiskaru-roostevaba-teras-4-tasandit-710x410x1070mm-adexa-rst4c\\\/#primaryimage\",\"url\":\"https:\\\/\\\/adexa.ee\\\/wp-content\\\/uploads\\\/2024\\\/12\\\/RST4.jpg\",\"contentUrl\":\"https:\\\/\\\/adexa.ee\\\/wp-content\\\/uploads\\\/2024\\\/12\\\/RST4.jpg\",\"width\":1500,\"height\":1500},{\"@type\":\"BreadcrumbList\",\"@id\":\"https:\\\/\\\/adexa.ee\\\/toode\\\/serveerimiskaru-roostevaba-teras-4-tasandit-710x410x1070mm-adexa-rst4c\\\/#breadcrumb\",\"itemListElement\":[{\"@type\":\"ListItem\",\"position\":1,\"name\":\"Home\",\"item\":\"https:\\\/\\\/adexa.ee\\\/\"},{\"@type\":\"ListItem\",\"position\":2,\"name\":\"Tooted\",\"item\":\"https:\\\/\\\/adexa.ee\\\/pood\\\/\"},{\"@type\":\"ListItem\",\"position\":3,\"name\":\"Serveerimisk\u00e4ru Roostevaba Teras 4 Tasandit 710X410X1070Mm | Adexa Rst4C\"}]},{\"@type\":\"WebSite\",\"@id\":\"https:\\\/\\\/adexa.ee\\\/#website\",\"url\":\"https:\\\/\\\/adexa.ee\\\/\",\"name\":\"Adexa\",\"description\":\"\",\"publisher\":{\"@id\":\"https:\\\/\\\/adexa.ee\\\/#organization\"},\"potentialAction\":[{\"@type\":\"SearchAction\",\"target\":{\"@type\":\"EntryPoint\",\"urlTemplate\":\"https:\\\/\\\/adexa.ee\\\/?s={search_term_string}\"},\"query-input\":{\"@type\":\"PropertyValueSpecification\",\"valueRequired\":true,\"valueName\":\"search_term_string\"}}],\"inLanguage\":\"en-US\"},{\"@type\":\"Organization\",\"@id\":\"https:\\\/\\\/adexa.ee\\\/#organization\",\"name\":\"Adexa\",\"url\":\"https:\\\/\\\/adexa.ee\\\/\",\"logo\":{\"@type\":\"ImageObject\",\"inLanguage\":\"en-US\",\"@id\":\"https:\\\/\\\/adexa.ee\\\/#\\\/schema\\\/logo\\\/image\\\/\",\"url\":\"https:\\\/\\\/adexa.ee\\\/wp-content\\\/uploads\\\/2024\\\/04\\\/chef-cooks-working-in-professional-kitchen-2023-11-27-05-07-39-utc-scaled.jpg\",\"contentUrl\":\"https:\\\/\\\/adexa.ee\\\/wp-content\\\/uploads\\\/2024\\\/04\\\/chef-cooks-working-in-professional-kitchen-2023-11-27-05-07-39-utc-scaled.jpg\",\"width\":2560,\"height\":1708,\"caption\":\"Adexa\"},\"image\":{\"@id\":\"https:\\\/\\\/adexa.ee\\\/#\\\/schema\\\/logo\\\/image\\\/\"}}]}<\/script>\n<!-- \/ Yoast SEO plugin. -->","yoast_head_json":{"title":"Serveerimisk\u00e4ru Roostevaba Teras 4 Tasandit 710X410X1070Mm | Adexa Rst4C - Adexa \u2013 Suurk\u00f6\u00f6giseadmed restoranidele ja toitlustusele","robots":{"index":"index","follow":"follow","max-snippet":"max-snippet:-1","max-image-preview":"max-image-preview:large","max-video-preview":"max-video-preview:-1"},"canonical":"https:\/\/adexa.ee\/toode\/serveerimiskaru-roostevaba-teras-4-tasandit-710x410x1070mm-adexa-rst4c\/","og_locale":"en_US","og_type":"article","og_title":"Serveerimisk\u00e4ru Roostevaba Teras 4 Tasandit 710X410X1070Mm | Adexa Rst4C - Adexa \u2013 Suurk\u00f6\u00f6giseadmed restoranidele ja toitlustusele","og_description":"See serveerimisk\u00e4ru viie vastupidava kandikupinnaga v\u00f5ib sujuvalt sulanduda igasse keskkonda. T\u00e4nu oma tugevale konstruktsioonile sobib see eriti h\u00e4sti kasutamiseks s\u00f6\u00f6klates,","og_url":"https:\/\/adexa.ee\/toode\/serveerimiskaru-roostevaba-teras-4-tasandit-710x410x1070mm-adexa-rst4c\/","og_site_name":"Adexa \u2013 Suurk\u00f6\u00f6giseadmed restoranidele ja toitlustusele","article_modified_time":"2026-03-26T08:15:25+00:00","og_image":[{"width":1500,"height":1500,"url":"https:\/\/adexa.ee\/wp-content\/uploads\/2024\/12\/RST4.jpg","type":"image\/jpeg"}],"twitter_card":"summary_large_image","twitter_misc":{"Est. reading time":"1 minute"},"schema":{"@context":"https:\/\/schema.org","@graph":[{"@type":"WebPage","@id":"https:\/\/adexa.ee\/toode\/serveerimiskaru-roostevaba-teras-4-tasandit-710x410x1070mm-adexa-rst4c\/","url":"https:\/\/adexa.ee\/toode\/serveerimiskaru-roostevaba-teras-4-tasandit-710x410x1070mm-adexa-rst4c\/","name":"Serveerimisk\u00e4ru Roostevaba Teras 4 Tasandit 710X410X1070Mm | Adexa Rst4C - Adexa \u2013 Suurk\u00f6\u00f6giseadmed restoranidele ja toitlustusele","isPartOf":{"@id":"https:\/\/adexa.ee\/#website"},"primaryImageOfPage":{"@id":"https:\/\/adexa.ee\/toode\/serveerimiskaru-roostevaba-teras-4-tasandit-710x410x1070mm-adexa-rst4c\/#primaryimage"},"image":{"@id":"https:\/\/adexa.ee\/toode\/serveerimiskaru-roostevaba-teras-4-tasandit-710x410x1070mm-adexa-rst4c\/#primaryimage"},"thumbnailUrl":"https:\/\/adexa.ee\/wp-content\/uploads\/2024\/12\/RST4.jpg","datePublished":"2026-03-26T08:15:18+00:00","dateModified":"2026-03-26T08:15:25+00:00","breadcrumb":{"@id":"https:\/\/adexa.ee\/toode\/serveerimiskaru-roostevaba-teras-4-tasandit-710x410x1070mm-adexa-rst4c\/#breadcrumb"},"inLanguage":"en-US","potentialAction":[{"@type":"ReadAction","target":["https:\/\/adexa.ee\/toode\/serveerimiskaru-roostevaba-teras-4-tasandit-710x410x1070mm-adexa-rst4c\/"]}]},{"@type":"ImageObject","inLanguage":"en-US","@id":"https:\/\/adexa.ee\/toode\/serveerimiskaru-roostevaba-teras-4-tasandit-710x410x1070mm-adexa-rst4c\/#primaryimage","url":"https:\/\/adexa.ee\/wp-content\/uploads\/2024\/12\/RST4.jpg","contentUrl":"https:\/\/adexa.ee\/wp-content\/uploads\/2024\/12\/RST4.jpg","width":1500,"height":1500},{"@type":"BreadcrumbList","@id":"https:\/\/adexa.ee\/toode\/serveerimiskaru-roostevaba-teras-4-tasandit-710x410x1070mm-adexa-rst4c\/#breadcrumb","itemListElement":[{"@type":"ListItem","position":1,"name":"Home","item":"https:\/\/adexa.ee\/"},{"@type":"ListItem","position":2,"name":"Tooted","item":"https:\/\/adexa.ee\/pood\/"},{"@type":"ListItem","position":3,"name":"Serveerimisk\u00e4ru Roostevaba Teras 4 Tasandit 710X410X1070Mm | Adexa Rst4C"}]},{"@type":"WebSite","@id":"https:\/\/adexa.ee\/#website","url":"https:\/\/adexa.ee\/","name":"Adexa","description":"","publisher":{"@id":"https:\/\/adexa.ee\/#organization"},"potentialAction":[{"@type":"SearchAction","target":{"@type":"EntryPoint","urlTemplate":"https:\/\/adexa.ee\/?s={search_term_string}"},"query-input":{"@type":"PropertyValueSpecification","valueRequired":true,"valueName":"search_term_string"}}],"inLanguage":"en-US"},{"@type":"Organization","@id":"https:\/\/adexa.ee\/#organization","name":"Adexa","url":"https:\/\/adexa.ee\/","logo":{"@type":"ImageObject","inLanguage":"en-US","@id":"https:\/\/adexa.ee\/#\/schema\/logo\/image\/","url":"https:\/\/adexa.ee\/wp-content\/uploads\/2024\/04\/chef-cooks-working-in-professional-kitchen-2023-11-27-05-07-39-utc-scaled.jpg","contentUrl":"https:\/\/adexa.ee\/wp-content\/uploads\/2024\/04\/chef-cooks-working-in-professional-kitchen-2023-11-27-05-07-39-utc-scaled.jpg","width":2560,"height":1708,"caption":"Adexa"},"image":{"@id":"https:\/\/adexa.ee\/#\/schema\/logo\/image\/"}}]}},"_links":{"self":[{"href":"https:\/\/adexa.ee\/en\/wp-json\/wp\/v2\/product\/14169","targetHints":{"allow":["GET"]}}],"collection":[{"href":"https:\/\/adexa.ee\/en\/wp-json\/wp\/v2\/product"}],"about":[{"href":"https:\/\/adexa.ee\/en\/wp-json\/wp\/v2\/types\/product"}],"wp:featuredmedia":[{"embeddable":true,"href":"https:\/\/adexa.ee\/en\/wp-json\/wp\/v2\/media\/14044"}],"wp:attachment":[{"href":"https:\/\/adexa.ee\/en\/wp-json\/wp\/v2\/media?parent=14169"}],"wp:term":[{"taxonomy":"product_brand","embeddable":true,"href":"https:\/\/adexa.ee\/en\/wp-json\/wp\/v2\/product_brand?post=14169"},{"taxonomy":"product_cat","embeddable":true,"href":"https:\/\/adexa.ee\/en\/wp-json\/wp\/v2\/product_cat?post=14169"},{"taxonomy":"product_tag","embeddable":true,"href":"https:\/\/adexa.ee\/en\/wp-json\/wp\/v2\/product_tag?post=14169"}],"curies":[{"name":"wp","href":"https:\/\/api.w.org\/{rel}","templated":true}]}}