{"id":14171,"date":"2026-03-26T10:15:18","date_gmt":"2026-03-26T08:15:18","guid":{"rendered":"https:\/\/adexa.ee\/toode\/kaubanduslik-maitseainehoidja-sisaldab-8xgn1-6-100mm-panne-ja-kaasi-adexa-chd08b\/"},"modified":"2026-03-26T10:15:25","modified_gmt":"2026-03-26T08:15:25","slug":"maitseainehoidja-sisaldab-8xgn1-6-100mm-panne-ja-kaasi-adexa-chd08b","status":"publish","type":"product","link":"https:\/\/adexa.ee\/en\/toode\/maitseainehoidja-sisaldab-8xgn1-6-100mm-panne-ja-kaasi-adexa-chd08b\/","title":{"rendered":"Maitseainehoidja, Sisaldab 8Xgn1\/6-100Mm Panne Ja Kaasi | Adexa Chd08B"},"content":{"rendered":"<p>See GN1\/6 hoidik on ideaalne toidu esitlemiseks buffees v\u00f5i toidu ettevalmistamiseks k\u00f6\u00f6gi ettevalmistusjaamas. Tugevast roostevabast terasest valmistatud konteinerihoidja on v\u00e4ga vastupidav ja tugev, v\u00f5imaldades sellele vastu pidada aastatepikkusele intensiivsele kasutamisele ja v\u00e4hendades seel\u00e4bi teie vajadust osta asendusi. Sile roostevaba teras on ka v\u00e4ga lihtsasti puhastatav.<\/p>\n<table style=\"border-collapse: collapse; width: 100%; text-align: left;\">\n<tbody>\n<tr>\n<td style=\"border: 1px solid #ddd; padding: 8px; width: 45%;\"><strong>S\u00fcgavus<\/strong><\/td>\n<td style=\"border: 1px solid #ddd; padding: 8px;\">425 mm<\/td>\n<\/tr>\n<tr>\n<td style=\"border: 1px solid #ddd; padding: 8px; width: 45%;\"><strong>K\u00f5rgus<\/strong><\/td>\n<td style=\"border: 1px solid #ddd; padding: 8px;\">265 mm<\/td>\n<\/tr>\n<tr>\n<td style=\"border: 1px solid #ddd; padding: 8px; width: 45%;\"><strong>Laius<\/strong><\/td>\n<td style=\"border: 1px solid #ddd; padding: 8px;\">690 mm<\/td>\n<\/tr>\n<tr>\n<td style=\"border: 1px solid #ddd; padding: 8px; width: 45%;\"><strong>Mahutavus<\/strong><\/td>\n<td style=\"border: 1px solid #ddd; padding: 8px;\">8 x GN1\/6 100mm s\u00fcgavuselt<\/td>\n<\/tr>\n<tr>\n<td style=\"border: 1px solid #ddd; padding: 8px; width: 45%;\"><strong>Materjal<\/strong><\/td>\n<td style=\"border: 1px solid #ddd; padding: 8px;\">Roostevaba teras<\/td>\n<\/tr>\n<tr>\n<td style=\"border: 1px solid #ddd; padding: 8px; width: 45%;\"><strong>Kaasas<\/strong><\/td>\n<td style=\"border: 1px solid #ddd; padding: 8px;\">8 x GN1\/6 pannid ja kaaned<\/td>\n<\/tr>\n<\/tbody>\n<\/table>\n","protected":false},"excerpt":{"rendered":"<p>See GN1\/6 hoidik on ideaalne toidu esitlemiseks buffees v\u00f5i toidu ettevalmistamiseks k\u00f6\u00f6gi ettevalmistusjaamas. Tugevast roostevabast terasest valmistatud konteinerihoidja on v\u00e4ga<\/p>\n","protected":false},"featured_media":14173,"template":"","meta":[],"product_brand":[],"product_cat":[3813,585,646,584,583,579,557,569,572,586],"product_tag":[],"class_list":{"0":"post-14171","1":"product","2":"type-product","3":"status-publish","4":"has-post-thumbnail","6":"product_cat-roostevabast-terasest-gn-noud-ja-anumad","7":"product_cat-gn-noud","8":"product_cat-gn-noude-hoidikud-ja-suvendid","9":"product_cat-hoidikud-ja-kandikud","10":"product_cat-kastmenoud","11":"product_cat-koogitarbed-noud","12":"product_cat-kupsetusseadmed","13":"product_cat-lopumuuk","14":"product_cat-roostevabad-tooted","15":"product_cat-serveerimine","17":"first","18":"instock","19":"sale","20":"taxable","21":"shipping-taxable","22":"purchasable","23":"product-type-simple"},"yoast_head":"<!-- This site is optimized with the Yoast SEO plugin v27.3 - https:\/\/yoast.com\/product\/yoast-seo-wordpress\/ -->\n<title>Maitseainehoidja, Sisaldab 8Xgn1\/6-100Mm Panne Ja Kaasi | Adexa Chd08B - Adexa \u2013 Suurk\u00f6\u00f6giseadmed restoranidele ja toitlustusele<\/title>\n<meta name=\"robots\" content=\"index, follow, max-snippet:-1, max-image-preview:large, max-video-preview:-1\" \/>\n<link rel=\"canonical\" href=\"https:\/\/adexa.ee\/toode\/maitseainehoidja-sisaldab-8xgn1-6-100mm-panne-ja-kaasi-adexa-chd08b\/\" \/>\n<meta property=\"og:locale\" content=\"en_US\" \/>\n<meta property=\"og:type\" content=\"article\" \/>\n<meta property=\"og:title\" content=\"Maitseainehoidja, Sisaldab 8Xgn1\/6-100Mm Panne Ja Kaasi | Adexa Chd08B - Adexa \u2013 Suurk\u00f6\u00f6giseadmed restoranidele ja toitlustusele\" \/>\n<meta property=\"og:description\" content=\"See GN1\/6 hoidik on ideaalne toidu esitlemiseks buffees v\u00f5i toidu ettevalmistamiseks k\u00f6\u00f6gi ettevalmistusjaamas. Tugevast roostevabast terasest valmistatud konteinerihoidja on v\u00e4ga\" \/>\n<meta property=\"og:url\" content=\"https:\/\/adexa.ee\/toode\/maitseainehoidja-sisaldab-8xgn1-6-100mm-panne-ja-kaasi-adexa-chd08b\/\" \/>\n<meta property=\"og:site_name\" content=\"Adexa \u2013 Suurk\u00f6\u00f6giseadmed restoranidele ja toitlustusele\" \/>\n<meta property=\"article:modified_time\" content=\"2026-03-26T08:15:25+00:00\" \/>\n<meta property=\"og:image\" content=\"https:\/\/adexa.ee\/wp-content\/uploads\/2024\/12\/CHD08B.jpg\" \/>\n\t<meta property=\"og:image:width\" content=\"1232\" \/>\n\t<meta property=\"og:image:height\" content=\"1232\" \/>\n\t<meta property=\"og:image:type\" content=\"image\/jpeg\" \/>\n<meta name=\"twitter:card\" content=\"summary_large_image\" \/>\n<script type=\"application\/ld+json\" class=\"yoast-schema-graph\">{\"@context\":\"https:\\\/\\\/schema.org\",\"@graph\":[{\"@type\":\"WebPage\",\"@id\":\"https:\\\/\\\/adexa.ee\\\/toode\\\/maitseainehoidja-sisaldab-8xgn1-6-100mm-panne-ja-kaasi-adexa-chd08b\\\/\",\"url\":\"https:\\\/\\\/adexa.ee\\\/toode\\\/maitseainehoidja-sisaldab-8xgn1-6-100mm-panne-ja-kaasi-adexa-chd08b\\\/\",\"name\":\"Maitseainehoidja, Sisaldab 8Xgn1\\\/6-100Mm Panne Ja Kaasi | Adexa Chd08B - Adexa \u2013 Suurk\u00f6\u00f6giseadmed restoranidele ja toitlustusele\",\"isPartOf\":{\"@id\":\"https:\\\/\\\/adexa.ee\\\/#website\"},\"primaryImageOfPage\":{\"@id\":\"https:\\\/\\\/adexa.ee\\\/toode\\\/maitseainehoidja-sisaldab-8xgn1-6-100mm-panne-ja-kaasi-adexa-chd08b\\\/#primaryimage\"},\"image\":{\"@id\":\"https:\\\/\\\/adexa.ee\\\/toode\\\/maitseainehoidja-sisaldab-8xgn1-6-100mm-panne-ja-kaasi-adexa-chd08b\\\/#primaryimage\"},\"thumbnailUrl\":\"https:\\\/\\\/adexa.ee\\\/wp-content\\\/uploads\\\/2024\\\/12\\\/CHD08B.jpg\",\"datePublished\":\"2026-03-26T08:15:18+00:00\",\"dateModified\":\"2026-03-26T08:15:25+00:00\",\"breadcrumb\":{\"@id\":\"https:\\\/\\\/adexa.ee\\\/toode\\\/maitseainehoidja-sisaldab-8xgn1-6-100mm-panne-ja-kaasi-adexa-chd08b\\\/#breadcrumb\"},\"inLanguage\":\"en-US\",\"potentialAction\":[{\"@type\":\"ReadAction\",\"target\":[\"https:\\\/\\\/adexa.ee\\\/toode\\\/maitseainehoidja-sisaldab-8xgn1-6-100mm-panne-ja-kaasi-adexa-chd08b\\\/\"]}]},{\"@type\":\"ImageObject\",\"inLanguage\":\"en-US\",\"@id\":\"https:\\\/\\\/adexa.ee\\\/toode\\\/maitseainehoidja-sisaldab-8xgn1-6-100mm-panne-ja-kaasi-adexa-chd08b\\\/#primaryimage\",\"url\":\"https:\\\/\\\/adexa.ee\\\/wp-content\\\/uploads\\\/2024\\\/12\\\/CHD08B.jpg\",\"contentUrl\":\"https:\\\/\\\/adexa.ee\\\/wp-content\\\/uploads\\\/2024\\\/12\\\/CHD08B.jpg\",\"width\":1232,\"height\":1232},{\"@type\":\"BreadcrumbList\",\"@id\":\"https:\\\/\\\/adexa.ee\\\/toode\\\/maitseainehoidja-sisaldab-8xgn1-6-100mm-panne-ja-kaasi-adexa-chd08b\\\/#breadcrumb\",\"itemListElement\":[{\"@type\":\"ListItem\",\"position\":1,\"name\":\"Home\",\"item\":\"https:\\\/\\\/adexa.ee\\\/\"},{\"@type\":\"ListItem\",\"position\":2,\"name\":\"Tooted\",\"item\":\"https:\\\/\\\/adexa.ee\\\/pood\\\/\"},{\"@type\":\"ListItem\",\"position\":3,\"name\":\"Maitseainehoidja, Sisaldab 8Xgn1\\\/6-100Mm Panne Ja Kaasi | Adexa Chd08B\"}]},{\"@type\":\"WebSite\",\"@id\":\"https:\\\/\\\/adexa.ee\\\/#website\",\"url\":\"https:\\\/\\\/adexa.ee\\\/\",\"name\":\"Adexa\",\"description\":\"\",\"publisher\":{\"@id\":\"https:\\\/\\\/adexa.ee\\\/#organization\"},\"potentialAction\":[{\"@type\":\"SearchAction\",\"target\":{\"@type\":\"EntryPoint\",\"urlTemplate\":\"https:\\\/\\\/adexa.ee\\\/?s={search_term_string}\"},\"query-input\":{\"@type\":\"PropertyValueSpecification\",\"valueRequired\":true,\"valueName\":\"search_term_string\"}}],\"inLanguage\":\"en-US\"},{\"@type\":\"Organization\",\"@id\":\"https:\\\/\\\/adexa.ee\\\/#organization\",\"name\":\"Adexa\",\"url\":\"https:\\\/\\\/adexa.ee\\\/\",\"logo\":{\"@type\":\"ImageObject\",\"inLanguage\":\"en-US\",\"@id\":\"https:\\\/\\\/adexa.ee\\\/#\\\/schema\\\/logo\\\/image\\\/\",\"url\":\"https:\\\/\\\/adexa.ee\\\/wp-content\\\/uploads\\\/2024\\\/04\\\/chef-cooks-working-in-professional-kitchen-2023-11-27-05-07-39-utc-scaled.jpg\",\"contentUrl\":\"https:\\\/\\\/adexa.ee\\\/wp-content\\\/uploads\\\/2024\\\/04\\\/chef-cooks-working-in-professional-kitchen-2023-11-27-05-07-39-utc-scaled.jpg\",\"width\":2560,\"height\":1708,\"caption\":\"Adexa\"},\"image\":{\"@id\":\"https:\\\/\\\/adexa.ee\\\/#\\\/schema\\\/logo\\\/image\\\/\"}}]}<\/script>\n<!-- \/ Yoast SEO plugin. -->","yoast_head_json":{"title":"Maitseainehoidja, Sisaldab 8Xgn1\/6-100Mm Panne Ja Kaasi | Adexa Chd08B - Adexa \u2013 Suurk\u00f6\u00f6giseadmed restoranidele ja toitlustusele","robots":{"index":"index","follow":"follow","max-snippet":"max-snippet:-1","max-image-preview":"max-image-preview:large","max-video-preview":"max-video-preview:-1"},"canonical":"https:\/\/adexa.ee\/toode\/maitseainehoidja-sisaldab-8xgn1-6-100mm-panne-ja-kaasi-adexa-chd08b\/","og_locale":"en_US","og_type":"article","og_title":"Maitseainehoidja, Sisaldab 8Xgn1\/6-100Mm Panne Ja Kaasi | Adexa Chd08B - Adexa \u2013 Suurk\u00f6\u00f6giseadmed restoranidele ja toitlustusele","og_description":"See GN1\/6 hoidik on ideaalne toidu esitlemiseks buffees v\u00f5i toidu ettevalmistamiseks k\u00f6\u00f6gi ettevalmistusjaamas. Tugevast roostevabast terasest valmistatud konteinerihoidja on v\u00e4ga","og_url":"https:\/\/adexa.ee\/toode\/maitseainehoidja-sisaldab-8xgn1-6-100mm-panne-ja-kaasi-adexa-chd08b\/","og_site_name":"Adexa \u2013 Suurk\u00f6\u00f6giseadmed restoranidele ja toitlustusele","article_modified_time":"2026-03-26T08:15:25+00:00","og_image":[{"width":1232,"height":1232,"url":"https:\/\/adexa.ee\/wp-content\/uploads\/2024\/12\/CHD08B.jpg","type":"image\/jpeg"}],"twitter_card":"summary_large_image","schema":{"@context":"https:\/\/schema.org","@graph":[{"@type":"WebPage","@id":"https:\/\/adexa.ee\/toode\/maitseainehoidja-sisaldab-8xgn1-6-100mm-panne-ja-kaasi-adexa-chd08b\/","url":"https:\/\/adexa.ee\/toode\/maitseainehoidja-sisaldab-8xgn1-6-100mm-panne-ja-kaasi-adexa-chd08b\/","name":"Maitseainehoidja, Sisaldab 8Xgn1\/6-100Mm Panne Ja Kaasi | Adexa Chd08B - Adexa \u2013 Suurk\u00f6\u00f6giseadmed restoranidele ja toitlustusele","isPartOf":{"@id":"https:\/\/adexa.ee\/#website"},"primaryImageOfPage":{"@id":"https:\/\/adexa.ee\/toode\/maitseainehoidja-sisaldab-8xgn1-6-100mm-panne-ja-kaasi-adexa-chd08b\/#primaryimage"},"image":{"@id":"https:\/\/adexa.ee\/toode\/maitseainehoidja-sisaldab-8xgn1-6-100mm-panne-ja-kaasi-adexa-chd08b\/#primaryimage"},"thumbnailUrl":"https:\/\/adexa.ee\/wp-content\/uploads\/2024\/12\/CHD08B.jpg","datePublished":"2026-03-26T08:15:18+00:00","dateModified":"2026-03-26T08:15:25+00:00","breadcrumb":{"@id":"https:\/\/adexa.ee\/toode\/maitseainehoidja-sisaldab-8xgn1-6-100mm-panne-ja-kaasi-adexa-chd08b\/#breadcrumb"},"inLanguage":"en-US","potentialAction":[{"@type":"ReadAction","target":["https:\/\/adexa.ee\/toode\/maitseainehoidja-sisaldab-8xgn1-6-100mm-panne-ja-kaasi-adexa-chd08b\/"]}]},{"@type":"ImageObject","inLanguage":"en-US","@id":"https:\/\/adexa.ee\/toode\/maitseainehoidja-sisaldab-8xgn1-6-100mm-panne-ja-kaasi-adexa-chd08b\/#primaryimage","url":"https:\/\/adexa.ee\/wp-content\/uploads\/2024\/12\/CHD08B.jpg","contentUrl":"https:\/\/adexa.ee\/wp-content\/uploads\/2024\/12\/CHD08B.jpg","width":1232,"height":1232},{"@type":"BreadcrumbList","@id":"https:\/\/adexa.ee\/toode\/maitseainehoidja-sisaldab-8xgn1-6-100mm-panne-ja-kaasi-adexa-chd08b\/#breadcrumb","itemListElement":[{"@type":"ListItem","position":1,"name":"Home","item":"https:\/\/adexa.ee\/"},{"@type":"ListItem","position":2,"name":"Tooted","item":"https:\/\/adexa.ee\/pood\/"},{"@type":"ListItem","position":3,"name":"Maitseainehoidja, Sisaldab 8Xgn1\/6-100Mm Panne Ja Kaasi | Adexa Chd08B"}]},{"@type":"WebSite","@id":"https:\/\/adexa.ee\/#website","url":"https:\/\/adexa.ee\/","name":"Adexa","description":"","publisher":{"@id":"https:\/\/adexa.ee\/#organization"},"potentialAction":[{"@type":"SearchAction","target":{"@type":"EntryPoint","urlTemplate":"https:\/\/adexa.ee\/?s={search_term_string}"},"query-input":{"@type":"PropertyValueSpecification","valueRequired":true,"valueName":"search_term_string"}}],"inLanguage":"en-US"},{"@type":"Organization","@id":"https:\/\/adexa.ee\/#organization","name":"Adexa","url":"https:\/\/adexa.ee\/","logo":{"@type":"ImageObject","inLanguage":"en-US","@id":"https:\/\/adexa.ee\/#\/schema\/logo\/image\/","url":"https:\/\/adexa.ee\/wp-content\/uploads\/2024\/04\/chef-cooks-working-in-professional-kitchen-2023-11-27-05-07-39-utc-scaled.jpg","contentUrl":"https:\/\/adexa.ee\/wp-content\/uploads\/2024\/04\/chef-cooks-working-in-professional-kitchen-2023-11-27-05-07-39-utc-scaled.jpg","width":2560,"height":1708,"caption":"Adexa"},"image":{"@id":"https:\/\/adexa.ee\/#\/schema\/logo\/image\/"}}]}},"_links":{"self":[{"href":"https:\/\/adexa.ee\/en\/wp-json\/wp\/v2\/product\/14171","targetHints":{"allow":["GET"]}}],"collection":[{"href":"https:\/\/adexa.ee\/en\/wp-json\/wp\/v2\/product"}],"about":[{"href":"https:\/\/adexa.ee\/en\/wp-json\/wp\/v2\/types\/product"}],"wp:featuredmedia":[{"embeddable":true,"href":"https:\/\/adexa.ee\/en\/wp-json\/wp\/v2\/media\/14173"}],"wp:attachment":[{"href":"https:\/\/adexa.ee\/en\/wp-json\/wp\/v2\/media?parent=14171"}],"wp:term":[{"taxonomy":"product_brand","embeddable":true,"href":"https:\/\/adexa.ee\/en\/wp-json\/wp\/v2\/product_brand?post=14171"},{"taxonomy":"product_cat","embeddable":true,"href":"https:\/\/adexa.ee\/en\/wp-json\/wp\/v2\/product_cat?post=14171"},{"taxonomy":"product_tag","embeddable":true,"href":"https:\/\/adexa.ee\/en\/wp-json\/wp\/v2\/product_tag?post=14171"}],"curies":[{"name":"wp","href":"https:\/\/api.w.org\/{rel}","templated":true}]}}