{"id":14242,"date":"2026-03-26T10:15:26","date_gmt":"2026-03-26T08:15:26","guid":{"rendered":"https:\/\/adexa.ee\/toode\/kaubanduslik-maitseaine-hoidja-sisaldab-4xgn1-4-150mm-anumaid-kaantega-roostevaba-teras-adexa-che04ad\/"},"modified":"2026-03-26T10:15:31","modified_gmt":"2026-03-26T08:15:31","slug":"maitseaine-hoidja-sisaldab-4xgn1-4-150mm-anumaid-kaantega-roostevaba-teras-adexa-che04ad","status":"publish","type":"product","link":"https:\/\/adexa.ee\/en\/toode\/maitseaine-hoidja-sisaldab-4xgn1-4-150mm-anumaid-kaantega-roostevaba-teras-adexa-che04ad\/","title":{"rendered":"Maitseaine Hoidja, Sisaldab 4Xgn1\/4-150Mm Anumaid Kaantega Roostevaba Teras | Adexa Che04Ad"},"content":{"rendered":"<p>See maitseaine hoidik sobib ideaalselt toidu esitlemiseks buffet-laual v\u00f5i toidu valmistamiseks k\u00f6\u00f6gi ettevalmistusjaamas. Tugevast roostevabast terasest valmistatud anuma hoidja on v\u00e4ga vastupidav ja kauakestev, v\u00f5imaldades tal taluda mitmeid aastaid rasket kasutust ja seel\u00e4bi v\u00e4hendades teie vajadust asenduste ostmiseks. Samuti on sile roostevaba teras v\u00e4ga kergesti puhastatav.<\/p>\n<table style=\"border-collapse: collapse; width: 100%; text-align: left;\">\n<tbody>\n<tr>\n<td style=\"border: 1px solid #ddd; padding: 8px; width: 45%;\"><strong>S\u00fcgavus<\/strong><\/td>\n<td style=\"border: 1px solid #ddd; padding: 8px;\">315 mm<\/td>\n<\/tr>\n<tr>\n<td style=\"border: 1px solid #ddd; padding: 8px; width: 45%;\"><strong>K\u00f5rgus<\/strong><\/td>\n<td style=\"border: 1px solid #ddd; padding: 8px;\">265 mm<\/td>\n<\/tr>\n<tr>\n<td style=\"border: 1px solid #ddd; padding: 8px; width: 45%;\"><strong>Laius<\/strong><\/td>\n<td style=\"border: 1px solid #ddd; padding: 8px;\">800 mm<\/td>\n<\/tr>\n<tr>\n<td style=\"border: 1px solid #ddd; padding: 8px; width: 45%;\"><strong>Kaal<\/strong><\/td>\n<td style=\"border: 1px solid #ddd; padding: 8px;\">4 kg<\/td>\n<\/tr>\n<tr>\n<td style=\"border: 1px solid #ddd; padding: 8px; width: 45%;\"><strong>Mahutavus<\/strong><\/td>\n<td style=\"border: 1px solid #ddd; padding: 8px;\">4 x GN1\/4 konteinerit 100mm s\u00fcgavusega<\/td>\n<\/tr>\n<tr>\n<td style=\"border: 1px solid #ddd; padding: 8px; width: 45%;\"><strong>Materjal<\/strong><\/td>\n<td style=\"border: 1px solid #ddd; padding: 8px;\">Roostevaba teras<\/td>\n<\/tr>\n<\/tbody>\n<\/table>\n","protected":false},"excerpt":{"rendered":"<p>See maitseaine hoidik sobib ideaalselt toidu esitlemiseks buffet-laual v\u00f5i toidu valmistamiseks k\u00f6\u00f6gi ettevalmistusjaamas. Tugevast roostevabast terasest valmistatud anuma hoidja on<\/p>\n","protected":false},"featured_media":10528,"template":"","meta":[],"product_brand":[],"product_cat":[3813,585,584,583,579,557,572],"product_tag":[],"class_list":{"0":"post-14242","1":"product","2":"type-product","3":"status-publish","4":"has-post-thumbnail","6":"product_cat-roostevabast-terasest-gn-noud-ja-anumad","7":"product_cat-gn-noud","8":"product_cat-hoidikud-ja-kandikud","9":"product_cat-kastmenoud","10":"product_cat-koogitarbed-noud","11":"product_cat-kupsetusseadmed","12":"product_cat-roostevabad-tooted","14":"first","15":"instock","16":"sale","17":"taxable","18":"shipping-taxable","19":"purchasable","20":"product-type-simple"},"yoast_head":"<!-- This site is optimized with the Yoast SEO plugin v27.3 - https:\/\/yoast.com\/product\/yoast-seo-wordpress\/ -->\n<title>Maitseaine Hoidja, Sisaldab 4Xgn1\/4-150Mm Anumaid Kaantega Roostevaba Teras | Adexa Che04Ad - Adexa \u2013 Suurk\u00f6\u00f6giseadmed restoranidele ja toitlustusele<\/title>\n<meta name=\"robots\" content=\"index, follow, max-snippet:-1, max-image-preview:large, max-video-preview:-1\" \/>\n<link rel=\"canonical\" href=\"https:\/\/adexa.ee\/toode\/maitseaine-hoidja-sisaldab-4xgn1-4-150mm-anumaid-kaantega-roostevaba-teras-adexa-che04ad\/\" \/>\n<meta property=\"og:locale\" content=\"en_US\" \/>\n<meta property=\"og:type\" content=\"article\" \/>\n<meta property=\"og:title\" content=\"Maitseaine Hoidja, Sisaldab 4Xgn1\/4-150Mm Anumaid Kaantega Roostevaba Teras | Adexa Che04Ad - Adexa \u2013 Suurk\u00f6\u00f6giseadmed restoranidele ja toitlustusele\" \/>\n<meta property=\"og:description\" content=\"See maitseaine hoidik sobib ideaalselt toidu esitlemiseks buffet-laual v\u00f5i toidu valmistamiseks k\u00f6\u00f6gi ettevalmistusjaamas. Tugevast roostevabast terasest valmistatud anuma hoidja on\" \/>\n<meta property=\"og:url\" content=\"https:\/\/adexa.ee\/toode\/maitseaine-hoidja-sisaldab-4xgn1-4-150mm-anumaid-kaantega-roostevaba-teras-adexa-che04ad\/\" \/>\n<meta property=\"og:site_name\" content=\"Adexa \u2013 Suurk\u00f6\u00f6giseadmed restoranidele ja toitlustusele\" \/>\n<meta property=\"article:modified_time\" content=\"2026-03-26T08:15:31+00:00\" \/>\n<meta property=\"og:image\" content=\"https:\/\/adexa.ee\/wp-content\/uploads\/2024\/12\/CHE04AD.jpg\" \/>\n\t<meta property=\"og:image:width\" content=\"1232\" \/>\n\t<meta property=\"og:image:height\" content=\"1232\" \/>\n\t<meta property=\"og:image:type\" content=\"image\/jpeg\" \/>\n<meta name=\"twitter:card\" content=\"summary_large_image\" \/>\n<script type=\"application\/ld+json\" class=\"yoast-schema-graph\">{\"@context\":\"https:\\\/\\\/schema.org\",\"@graph\":[{\"@type\":\"WebPage\",\"@id\":\"https:\\\/\\\/adexa.ee\\\/toode\\\/maitseaine-hoidja-sisaldab-4xgn1-4-150mm-anumaid-kaantega-roostevaba-teras-adexa-che04ad\\\/\",\"url\":\"https:\\\/\\\/adexa.ee\\\/toode\\\/maitseaine-hoidja-sisaldab-4xgn1-4-150mm-anumaid-kaantega-roostevaba-teras-adexa-che04ad\\\/\",\"name\":\"Maitseaine Hoidja, Sisaldab 4Xgn1\\\/4-150Mm Anumaid Kaantega Roostevaba Teras | Adexa Che04Ad - Adexa \u2013 Suurk\u00f6\u00f6giseadmed restoranidele ja toitlustusele\",\"isPartOf\":{\"@id\":\"https:\\\/\\\/adexa.ee\\\/#website\"},\"primaryImageOfPage\":{\"@id\":\"https:\\\/\\\/adexa.ee\\\/toode\\\/maitseaine-hoidja-sisaldab-4xgn1-4-150mm-anumaid-kaantega-roostevaba-teras-adexa-che04ad\\\/#primaryimage\"},\"image\":{\"@id\":\"https:\\\/\\\/adexa.ee\\\/toode\\\/maitseaine-hoidja-sisaldab-4xgn1-4-150mm-anumaid-kaantega-roostevaba-teras-adexa-che04ad\\\/#primaryimage\"},\"thumbnailUrl\":\"https:\\\/\\\/adexa.ee\\\/wp-content\\\/uploads\\\/2024\\\/12\\\/CHE04AD.jpg\",\"datePublished\":\"2026-03-26T08:15:26+00:00\",\"dateModified\":\"2026-03-26T08:15:31+00:00\",\"breadcrumb\":{\"@id\":\"https:\\\/\\\/adexa.ee\\\/toode\\\/maitseaine-hoidja-sisaldab-4xgn1-4-150mm-anumaid-kaantega-roostevaba-teras-adexa-che04ad\\\/#breadcrumb\"},\"inLanguage\":\"en-US\",\"potentialAction\":[{\"@type\":\"ReadAction\",\"target\":[\"https:\\\/\\\/adexa.ee\\\/toode\\\/maitseaine-hoidja-sisaldab-4xgn1-4-150mm-anumaid-kaantega-roostevaba-teras-adexa-che04ad\\\/\"]}]},{\"@type\":\"ImageObject\",\"inLanguage\":\"en-US\",\"@id\":\"https:\\\/\\\/adexa.ee\\\/toode\\\/maitseaine-hoidja-sisaldab-4xgn1-4-150mm-anumaid-kaantega-roostevaba-teras-adexa-che04ad\\\/#primaryimage\",\"url\":\"https:\\\/\\\/adexa.ee\\\/wp-content\\\/uploads\\\/2024\\\/12\\\/CHE04AD.jpg\",\"contentUrl\":\"https:\\\/\\\/adexa.ee\\\/wp-content\\\/uploads\\\/2024\\\/12\\\/CHE04AD.jpg\",\"width\":1232,\"height\":1232},{\"@type\":\"BreadcrumbList\",\"@id\":\"https:\\\/\\\/adexa.ee\\\/toode\\\/maitseaine-hoidja-sisaldab-4xgn1-4-150mm-anumaid-kaantega-roostevaba-teras-adexa-che04ad\\\/#breadcrumb\",\"itemListElement\":[{\"@type\":\"ListItem\",\"position\":1,\"name\":\"Home\",\"item\":\"https:\\\/\\\/adexa.ee\\\/\"},{\"@type\":\"ListItem\",\"position\":2,\"name\":\"Tooted\",\"item\":\"https:\\\/\\\/adexa.ee\\\/pood\\\/\"},{\"@type\":\"ListItem\",\"position\":3,\"name\":\"Maitseaine Hoidja, Sisaldab 4Xgn1\\\/4-150Mm Anumaid Kaantega Roostevaba Teras | Adexa Che04Ad\"}]},{\"@type\":\"WebSite\",\"@id\":\"https:\\\/\\\/adexa.ee\\\/#website\",\"url\":\"https:\\\/\\\/adexa.ee\\\/\",\"name\":\"Adexa\",\"description\":\"\",\"publisher\":{\"@id\":\"https:\\\/\\\/adexa.ee\\\/#organization\"},\"potentialAction\":[{\"@type\":\"SearchAction\",\"target\":{\"@type\":\"EntryPoint\",\"urlTemplate\":\"https:\\\/\\\/adexa.ee\\\/?s={search_term_string}\"},\"query-input\":{\"@type\":\"PropertyValueSpecification\",\"valueRequired\":true,\"valueName\":\"search_term_string\"}}],\"inLanguage\":\"en-US\"},{\"@type\":\"Organization\",\"@id\":\"https:\\\/\\\/adexa.ee\\\/#organization\",\"name\":\"Adexa\",\"url\":\"https:\\\/\\\/adexa.ee\\\/\",\"logo\":{\"@type\":\"ImageObject\",\"inLanguage\":\"en-US\",\"@id\":\"https:\\\/\\\/adexa.ee\\\/#\\\/schema\\\/logo\\\/image\\\/\",\"url\":\"https:\\\/\\\/adexa.ee\\\/wp-content\\\/uploads\\\/2024\\\/04\\\/chef-cooks-working-in-professional-kitchen-2023-11-27-05-07-39-utc-scaled.jpg\",\"contentUrl\":\"https:\\\/\\\/adexa.ee\\\/wp-content\\\/uploads\\\/2024\\\/04\\\/chef-cooks-working-in-professional-kitchen-2023-11-27-05-07-39-utc-scaled.jpg\",\"width\":2560,\"height\":1708,\"caption\":\"Adexa\"},\"image\":{\"@id\":\"https:\\\/\\\/adexa.ee\\\/#\\\/schema\\\/logo\\\/image\\\/\"}}]}<\/script>\n<!-- \/ Yoast SEO plugin. -->","yoast_head_json":{"title":"Maitseaine Hoidja, Sisaldab 4Xgn1\/4-150Mm Anumaid Kaantega Roostevaba Teras | Adexa Che04Ad - Adexa \u2013 Suurk\u00f6\u00f6giseadmed restoranidele ja toitlustusele","robots":{"index":"index","follow":"follow","max-snippet":"max-snippet:-1","max-image-preview":"max-image-preview:large","max-video-preview":"max-video-preview:-1"},"canonical":"https:\/\/adexa.ee\/toode\/maitseaine-hoidja-sisaldab-4xgn1-4-150mm-anumaid-kaantega-roostevaba-teras-adexa-che04ad\/","og_locale":"en_US","og_type":"article","og_title":"Maitseaine Hoidja, Sisaldab 4Xgn1\/4-150Mm Anumaid Kaantega Roostevaba Teras | Adexa Che04Ad - Adexa \u2013 Suurk\u00f6\u00f6giseadmed restoranidele ja toitlustusele","og_description":"See maitseaine hoidik sobib ideaalselt toidu esitlemiseks buffet-laual v\u00f5i toidu valmistamiseks k\u00f6\u00f6gi ettevalmistusjaamas. Tugevast roostevabast terasest valmistatud anuma hoidja on","og_url":"https:\/\/adexa.ee\/toode\/maitseaine-hoidja-sisaldab-4xgn1-4-150mm-anumaid-kaantega-roostevaba-teras-adexa-che04ad\/","og_site_name":"Adexa \u2013 Suurk\u00f6\u00f6giseadmed restoranidele ja toitlustusele","article_modified_time":"2026-03-26T08:15:31+00:00","og_image":[{"width":1232,"height":1232,"url":"https:\/\/adexa.ee\/wp-content\/uploads\/2024\/12\/CHE04AD.jpg","type":"image\/jpeg"}],"twitter_card":"summary_large_image","schema":{"@context":"https:\/\/schema.org","@graph":[{"@type":"WebPage","@id":"https:\/\/adexa.ee\/toode\/maitseaine-hoidja-sisaldab-4xgn1-4-150mm-anumaid-kaantega-roostevaba-teras-adexa-che04ad\/","url":"https:\/\/adexa.ee\/toode\/maitseaine-hoidja-sisaldab-4xgn1-4-150mm-anumaid-kaantega-roostevaba-teras-adexa-che04ad\/","name":"Maitseaine Hoidja, Sisaldab 4Xgn1\/4-150Mm Anumaid Kaantega Roostevaba Teras | Adexa Che04Ad - Adexa \u2013 Suurk\u00f6\u00f6giseadmed restoranidele ja toitlustusele","isPartOf":{"@id":"https:\/\/adexa.ee\/#website"},"primaryImageOfPage":{"@id":"https:\/\/adexa.ee\/toode\/maitseaine-hoidja-sisaldab-4xgn1-4-150mm-anumaid-kaantega-roostevaba-teras-adexa-che04ad\/#primaryimage"},"image":{"@id":"https:\/\/adexa.ee\/toode\/maitseaine-hoidja-sisaldab-4xgn1-4-150mm-anumaid-kaantega-roostevaba-teras-adexa-che04ad\/#primaryimage"},"thumbnailUrl":"https:\/\/adexa.ee\/wp-content\/uploads\/2024\/12\/CHE04AD.jpg","datePublished":"2026-03-26T08:15:26+00:00","dateModified":"2026-03-26T08:15:31+00:00","breadcrumb":{"@id":"https:\/\/adexa.ee\/toode\/maitseaine-hoidja-sisaldab-4xgn1-4-150mm-anumaid-kaantega-roostevaba-teras-adexa-che04ad\/#breadcrumb"},"inLanguage":"en-US","potentialAction":[{"@type":"ReadAction","target":["https:\/\/adexa.ee\/toode\/maitseaine-hoidja-sisaldab-4xgn1-4-150mm-anumaid-kaantega-roostevaba-teras-adexa-che04ad\/"]}]},{"@type":"ImageObject","inLanguage":"en-US","@id":"https:\/\/adexa.ee\/toode\/maitseaine-hoidja-sisaldab-4xgn1-4-150mm-anumaid-kaantega-roostevaba-teras-adexa-che04ad\/#primaryimage","url":"https:\/\/adexa.ee\/wp-content\/uploads\/2024\/12\/CHE04AD.jpg","contentUrl":"https:\/\/adexa.ee\/wp-content\/uploads\/2024\/12\/CHE04AD.jpg","width":1232,"height":1232},{"@type":"BreadcrumbList","@id":"https:\/\/adexa.ee\/toode\/maitseaine-hoidja-sisaldab-4xgn1-4-150mm-anumaid-kaantega-roostevaba-teras-adexa-che04ad\/#breadcrumb","itemListElement":[{"@type":"ListItem","position":1,"name":"Home","item":"https:\/\/adexa.ee\/"},{"@type":"ListItem","position":2,"name":"Tooted","item":"https:\/\/adexa.ee\/pood\/"},{"@type":"ListItem","position":3,"name":"Maitseaine Hoidja, Sisaldab 4Xgn1\/4-150Mm Anumaid Kaantega Roostevaba Teras | Adexa Che04Ad"}]},{"@type":"WebSite","@id":"https:\/\/adexa.ee\/#website","url":"https:\/\/adexa.ee\/","name":"Adexa","description":"","publisher":{"@id":"https:\/\/adexa.ee\/#organization"},"potentialAction":[{"@type":"SearchAction","target":{"@type":"EntryPoint","urlTemplate":"https:\/\/adexa.ee\/?s={search_term_string}"},"query-input":{"@type":"PropertyValueSpecification","valueRequired":true,"valueName":"search_term_string"}}],"inLanguage":"en-US"},{"@type":"Organization","@id":"https:\/\/adexa.ee\/#organization","name":"Adexa","url":"https:\/\/adexa.ee\/","logo":{"@type":"ImageObject","inLanguage":"en-US","@id":"https:\/\/adexa.ee\/#\/schema\/logo\/image\/","url":"https:\/\/adexa.ee\/wp-content\/uploads\/2024\/04\/chef-cooks-working-in-professional-kitchen-2023-11-27-05-07-39-utc-scaled.jpg","contentUrl":"https:\/\/adexa.ee\/wp-content\/uploads\/2024\/04\/chef-cooks-working-in-professional-kitchen-2023-11-27-05-07-39-utc-scaled.jpg","width":2560,"height":1708,"caption":"Adexa"},"image":{"@id":"https:\/\/adexa.ee\/#\/schema\/logo\/image\/"}}]}},"_links":{"self":[{"href":"https:\/\/adexa.ee\/en\/wp-json\/wp\/v2\/product\/14242","targetHints":{"allow":["GET"]}}],"collection":[{"href":"https:\/\/adexa.ee\/en\/wp-json\/wp\/v2\/product"}],"about":[{"href":"https:\/\/adexa.ee\/en\/wp-json\/wp\/v2\/types\/product"}],"wp:featuredmedia":[{"embeddable":true,"href":"https:\/\/adexa.ee\/en\/wp-json\/wp\/v2\/media\/10528"}],"wp:attachment":[{"href":"https:\/\/adexa.ee\/en\/wp-json\/wp\/v2\/media?parent=14242"}],"wp:term":[{"taxonomy":"product_brand","embeddable":true,"href":"https:\/\/adexa.ee\/en\/wp-json\/wp\/v2\/product_brand?post=14242"},{"taxonomy":"product_cat","embeddable":true,"href":"https:\/\/adexa.ee\/en\/wp-json\/wp\/v2\/product_cat?post=14242"},{"taxonomy":"product_tag","embeddable":true,"href":"https:\/\/adexa.ee\/en\/wp-json\/wp\/v2\/product_tag?post=14242"}],"curies":[{"name":"wp","href":"https:\/\/api.w.org\/{rel}","templated":true}]}}