{"id":14289,"date":"2026-03-26T10:15:33","date_gmt":"2026-03-26T08:15:33","guid":{"rendered":"https:\/\/adexa.ee\/toode\/kommertslik-maitseaine-kastme-jaotur-1-pump-roostevaba-teras-adexa-jzs001\/"},"modified":"2026-03-26T10:15:36","modified_gmt":"2026-03-26T08:15:36","slug":"maitseaine-kastme-jaotur-1-pump-roostevaba-teras-adexa-jzs001","status":"publish","type":"product","link":"https:\/\/adexa.ee\/en\/toode\/maitseaine-kastme-jaotur-1-pump-roostevaba-teras-adexa-jzs001\/","title":{"rendered":"Maitseaine\/Kastme Jaotur 1 Pump Roostevaba Teras | Adexa Jzs001"},"content":{"rendered":"<p>Suure liiklusega v\u00f5ileivapoodide, m\u00fc\u00fcgiputkade ja mugavuspoodide jaoks on see suure mahutavusega maitseainejaotur roostevabast terasest pumbaga ideaalne iseteenindusega lisandijaam. See jaotur sobib ideaalselt teie lemmikkastmete, vinegrettide ja siirupite jaoks, kiirendades teenindusaegu ning aidates teil teenindada rohkem kliente korraga.<\/p>\n<table style=\"border-collapse: collapse; width: 100%; text-align: left;\">\n<tbody>\n<tr>\n<td style=\"border: 1px solid #ddd; padding: 8px; width: 45%;\"><strong>S\u00fcgavus<\/strong><\/td>\n<td style=\"border: 1px solid #ddd; padding: 8px;\">175mm<\/td>\n<\/tr>\n<tr>\n<td style=\"border: 1px solid #ddd; padding: 8px; width: 45%;\"><strong>K\u00f5rgus<\/strong><\/td>\n<td style=\"border: 1px solid #ddd; padding: 8px;\">358mm<\/td>\n<\/tr>\n<tr>\n<td style=\"border: 1px solid #ddd; padding: 8px; width: 45%;\"><strong>Laius<\/strong><\/td>\n<td style=\"border: 1px solid #ddd; padding: 8px;\">175 mm<\/td>\n<\/tr>\n<tr>\n<td style=\"border: 1px solid #ddd; padding: 8px; width: 45%;\"><strong>Mahutavus<\/strong><\/td>\n<td style=\"border: 1px solid #ddd; padding: 8px;\">3 liitrit<\/td>\n<\/tr>\n<tr>\n<td style=\"border: 1px solid #ddd; padding: 8px; width: 45%;\"><strong>Materjal<\/strong><\/td>\n<td style=\"border: 1px solid #ddd; padding: 8px;\">Roostevaba teras<\/td>\n<\/tr>\n<\/tbody>\n<\/table>\n","protected":false},"excerpt":{"rendered":"<p>Suure liiklusega v\u00f5ileivapoodide, m\u00fc\u00fcgiputkade ja mugavuspoodide jaoks on see suure mahutavusega maitseainejaotur roostevabast terasest pumbaga ideaalne iseteenindusega lisandijaam. See jaotur<\/p>\n","protected":false},"featured_media":14291,"template":"","meta":[],"product_brand":[],"product_cat":[682,579,569],"product_tag":[],"class_list":{"0":"post-14289","1":"product","2":"type-product","3":"status-publish","4":"has-post-thumbnail","6":"product_cat-dosaatorid-kastmepudelid-ja-kastmete-anumad","7":"product_cat-koogitarbed-noud","8":"product_cat-lopumuuk","10":"first","11":"instock","12":"sale","13":"taxable","14":"shipping-taxable","15":"purchasable","16":"product-type-simple"},"yoast_head":"<!-- This site is optimized with the Yoast SEO plugin v27.3 - https:\/\/yoast.com\/product\/yoast-seo-wordpress\/ -->\n<title>Maitseaine\/Kastme Jaotur 1 Pump Roostevaba Teras | Adexa Jzs001 - Adexa \u2013 Suurk\u00f6\u00f6giseadmed restoranidele ja toitlustusele<\/title>\n<meta name=\"robots\" content=\"index, follow, max-snippet:-1, max-image-preview:large, max-video-preview:-1\" \/>\n<link rel=\"canonical\" href=\"https:\/\/adexa.ee\/toode\/maitseaine-kastme-jaotur-1-pump-roostevaba-teras-adexa-jzs001\/\" \/>\n<meta property=\"og:locale\" content=\"en_US\" \/>\n<meta property=\"og:type\" content=\"article\" \/>\n<meta property=\"og:title\" content=\"Maitseaine\/Kastme Jaotur 1 Pump Roostevaba Teras | Adexa Jzs001 - Adexa \u2013 Suurk\u00f6\u00f6giseadmed restoranidele ja toitlustusele\" \/>\n<meta property=\"og:description\" content=\"Suure liiklusega v\u00f5ileivapoodide, m\u00fc\u00fcgiputkade ja mugavuspoodide jaoks on see suure mahutavusega maitseainejaotur roostevabast terasest pumbaga ideaalne iseteenindusega lisandijaam. See jaotur\" \/>\n<meta property=\"og:url\" content=\"https:\/\/adexa.ee\/toode\/maitseaine-kastme-jaotur-1-pump-roostevaba-teras-adexa-jzs001\/\" \/>\n<meta property=\"og:site_name\" content=\"Adexa \u2013 Suurk\u00f6\u00f6giseadmed restoranidele ja toitlustusele\" \/>\n<meta property=\"article:modified_time\" content=\"2026-03-26T08:15:36+00:00\" \/>\n<meta property=\"og:image\" content=\"https:\/\/adexa.ee\/wp-content\/uploads\/2024\/12\/JZS001.jpg\" \/>\n\t<meta property=\"og:image:width\" content=\"1200\" \/>\n\t<meta property=\"og:image:height\" content=\"1200\" \/>\n\t<meta property=\"og:image:type\" content=\"image\/jpeg\" \/>\n<meta name=\"twitter:card\" content=\"summary_large_image\" \/>\n<script type=\"application\/ld+json\" class=\"yoast-schema-graph\">{\"@context\":\"https:\\\/\\\/schema.org\",\"@graph\":[{\"@type\":\"WebPage\",\"@id\":\"https:\\\/\\\/adexa.ee\\\/toode\\\/maitseaine-kastme-jaotur-1-pump-roostevaba-teras-adexa-jzs001\\\/\",\"url\":\"https:\\\/\\\/adexa.ee\\\/toode\\\/maitseaine-kastme-jaotur-1-pump-roostevaba-teras-adexa-jzs001\\\/\",\"name\":\"Maitseaine\\\/Kastme Jaotur 1 Pump Roostevaba Teras | Adexa Jzs001 - Adexa \u2013 Suurk\u00f6\u00f6giseadmed restoranidele ja toitlustusele\",\"isPartOf\":{\"@id\":\"https:\\\/\\\/adexa.ee\\\/#website\"},\"primaryImageOfPage\":{\"@id\":\"https:\\\/\\\/adexa.ee\\\/toode\\\/maitseaine-kastme-jaotur-1-pump-roostevaba-teras-adexa-jzs001\\\/#primaryimage\"},\"image\":{\"@id\":\"https:\\\/\\\/adexa.ee\\\/toode\\\/maitseaine-kastme-jaotur-1-pump-roostevaba-teras-adexa-jzs001\\\/#primaryimage\"},\"thumbnailUrl\":\"https:\\\/\\\/adexa.ee\\\/wp-content\\\/uploads\\\/2024\\\/12\\\/JZS001.jpg\",\"datePublished\":\"2026-03-26T08:15:33+00:00\",\"dateModified\":\"2026-03-26T08:15:36+00:00\",\"breadcrumb\":{\"@id\":\"https:\\\/\\\/adexa.ee\\\/toode\\\/maitseaine-kastme-jaotur-1-pump-roostevaba-teras-adexa-jzs001\\\/#breadcrumb\"},\"inLanguage\":\"en-US\",\"potentialAction\":[{\"@type\":\"ReadAction\",\"target\":[\"https:\\\/\\\/adexa.ee\\\/toode\\\/maitseaine-kastme-jaotur-1-pump-roostevaba-teras-adexa-jzs001\\\/\"]}]},{\"@type\":\"ImageObject\",\"inLanguage\":\"en-US\",\"@id\":\"https:\\\/\\\/adexa.ee\\\/toode\\\/maitseaine-kastme-jaotur-1-pump-roostevaba-teras-adexa-jzs001\\\/#primaryimage\",\"url\":\"https:\\\/\\\/adexa.ee\\\/wp-content\\\/uploads\\\/2024\\\/12\\\/JZS001.jpg\",\"contentUrl\":\"https:\\\/\\\/adexa.ee\\\/wp-content\\\/uploads\\\/2024\\\/12\\\/JZS001.jpg\",\"width\":1200,\"height\":1200},{\"@type\":\"BreadcrumbList\",\"@id\":\"https:\\\/\\\/adexa.ee\\\/toode\\\/maitseaine-kastme-jaotur-1-pump-roostevaba-teras-adexa-jzs001\\\/#breadcrumb\",\"itemListElement\":[{\"@type\":\"ListItem\",\"position\":1,\"name\":\"Home\",\"item\":\"https:\\\/\\\/adexa.ee\\\/\"},{\"@type\":\"ListItem\",\"position\":2,\"name\":\"Tooted\",\"item\":\"https:\\\/\\\/adexa.ee\\\/pood\\\/\"},{\"@type\":\"ListItem\",\"position\":3,\"name\":\"Maitseaine\\\/Kastme Jaotur 1 Pump Roostevaba Teras | Adexa Jzs001\"}]},{\"@type\":\"WebSite\",\"@id\":\"https:\\\/\\\/adexa.ee\\\/#website\",\"url\":\"https:\\\/\\\/adexa.ee\\\/\",\"name\":\"Adexa\",\"description\":\"\",\"publisher\":{\"@id\":\"https:\\\/\\\/adexa.ee\\\/#organization\"},\"potentialAction\":[{\"@type\":\"SearchAction\",\"target\":{\"@type\":\"EntryPoint\",\"urlTemplate\":\"https:\\\/\\\/adexa.ee\\\/?s={search_term_string}\"},\"query-input\":{\"@type\":\"PropertyValueSpecification\",\"valueRequired\":true,\"valueName\":\"search_term_string\"}}],\"inLanguage\":\"en-US\"},{\"@type\":\"Organization\",\"@id\":\"https:\\\/\\\/adexa.ee\\\/#organization\",\"name\":\"Adexa\",\"url\":\"https:\\\/\\\/adexa.ee\\\/\",\"logo\":{\"@type\":\"ImageObject\",\"inLanguage\":\"en-US\",\"@id\":\"https:\\\/\\\/adexa.ee\\\/#\\\/schema\\\/logo\\\/image\\\/\",\"url\":\"https:\\\/\\\/adexa.ee\\\/wp-content\\\/uploads\\\/2024\\\/04\\\/chef-cooks-working-in-professional-kitchen-2023-11-27-05-07-39-utc-scaled.jpg\",\"contentUrl\":\"https:\\\/\\\/adexa.ee\\\/wp-content\\\/uploads\\\/2024\\\/04\\\/chef-cooks-working-in-professional-kitchen-2023-11-27-05-07-39-utc-scaled.jpg\",\"width\":2560,\"height\":1708,\"caption\":\"Adexa\"},\"image\":{\"@id\":\"https:\\\/\\\/adexa.ee\\\/#\\\/schema\\\/logo\\\/image\\\/\"}}]}<\/script>\n<!-- \/ Yoast SEO plugin. -->","yoast_head_json":{"title":"Maitseaine\/Kastme Jaotur 1 Pump Roostevaba Teras | Adexa Jzs001 - Adexa \u2013 Suurk\u00f6\u00f6giseadmed restoranidele ja toitlustusele","robots":{"index":"index","follow":"follow","max-snippet":"max-snippet:-1","max-image-preview":"max-image-preview:large","max-video-preview":"max-video-preview:-1"},"canonical":"https:\/\/adexa.ee\/toode\/maitseaine-kastme-jaotur-1-pump-roostevaba-teras-adexa-jzs001\/","og_locale":"en_US","og_type":"article","og_title":"Maitseaine\/Kastme Jaotur 1 Pump Roostevaba Teras | Adexa Jzs001 - Adexa \u2013 Suurk\u00f6\u00f6giseadmed restoranidele ja toitlustusele","og_description":"Suure liiklusega v\u00f5ileivapoodide, m\u00fc\u00fcgiputkade ja mugavuspoodide jaoks on see suure mahutavusega maitseainejaotur roostevabast terasest pumbaga ideaalne iseteenindusega lisandijaam. See jaotur","og_url":"https:\/\/adexa.ee\/toode\/maitseaine-kastme-jaotur-1-pump-roostevaba-teras-adexa-jzs001\/","og_site_name":"Adexa \u2013 Suurk\u00f6\u00f6giseadmed restoranidele ja toitlustusele","article_modified_time":"2026-03-26T08:15:36+00:00","og_image":[{"width":1200,"height":1200,"url":"https:\/\/adexa.ee\/wp-content\/uploads\/2024\/12\/JZS001.jpg","type":"image\/jpeg"}],"twitter_card":"summary_large_image","schema":{"@context":"https:\/\/schema.org","@graph":[{"@type":"WebPage","@id":"https:\/\/adexa.ee\/toode\/maitseaine-kastme-jaotur-1-pump-roostevaba-teras-adexa-jzs001\/","url":"https:\/\/adexa.ee\/toode\/maitseaine-kastme-jaotur-1-pump-roostevaba-teras-adexa-jzs001\/","name":"Maitseaine\/Kastme Jaotur 1 Pump Roostevaba Teras | Adexa Jzs001 - Adexa \u2013 Suurk\u00f6\u00f6giseadmed restoranidele ja toitlustusele","isPartOf":{"@id":"https:\/\/adexa.ee\/#website"},"primaryImageOfPage":{"@id":"https:\/\/adexa.ee\/toode\/maitseaine-kastme-jaotur-1-pump-roostevaba-teras-adexa-jzs001\/#primaryimage"},"image":{"@id":"https:\/\/adexa.ee\/toode\/maitseaine-kastme-jaotur-1-pump-roostevaba-teras-adexa-jzs001\/#primaryimage"},"thumbnailUrl":"https:\/\/adexa.ee\/wp-content\/uploads\/2024\/12\/JZS001.jpg","datePublished":"2026-03-26T08:15:33+00:00","dateModified":"2026-03-26T08:15:36+00:00","breadcrumb":{"@id":"https:\/\/adexa.ee\/toode\/maitseaine-kastme-jaotur-1-pump-roostevaba-teras-adexa-jzs001\/#breadcrumb"},"inLanguage":"en-US","potentialAction":[{"@type":"ReadAction","target":["https:\/\/adexa.ee\/toode\/maitseaine-kastme-jaotur-1-pump-roostevaba-teras-adexa-jzs001\/"]}]},{"@type":"ImageObject","inLanguage":"en-US","@id":"https:\/\/adexa.ee\/toode\/maitseaine-kastme-jaotur-1-pump-roostevaba-teras-adexa-jzs001\/#primaryimage","url":"https:\/\/adexa.ee\/wp-content\/uploads\/2024\/12\/JZS001.jpg","contentUrl":"https:\/\/adexa.ee\/wp-content\/uploads\/2024\/12\/JZS001.jpg","width":1200,"height":1200},{"@type":"BreadcrumbList","@id":"https:\/\/adexa.ee\/toode\/maitseaine-kastme-jaotur-1-pump-roostevaba-teras-adexa-jzs001\/#breadcrumb","itemListElement":[{"@type":"ListItem","position":1,"name":"Home","item":"https:\/\/adexa.ee\/"},{"@type":"ListItem","position":2,"name":"Tooted","item":"https:\/\/adexa.ee\/pood\/"},{"@type":"ListItem","position":3,"name":"Maitseaine\/Kastme Jaotur 1 Pump Roostevaba Teras | Adexa Jzs001"}]},{"@type":"WebSite","@id":"https:\/\/adexa.ee\/#website","url":"https:\/\/adexa.ee\/","name":"Adexa","description":"","publisher":{"@id":"https:\/\/adexa.ee\/#organization"},"potentialAction":[{"@type":"SearchAction","target":{"@type":"EntryPoint","urlTemplate":"https:\/\/adexa.ee\/?s={search_term_string}"},"query-input":{"@type":"PropertyValueSpecification","valueRequired":true,"valueName":"search_term_string"}}],"inLanguage":"en-US"},{"@type":"Organization","@id":"https:\/\/adexa.ee\/#organization","name":"Adexa","url":"https:\/\/adexa.ee\/","logo":{"@type":"ImageObject","inLanguage":"en-US","@id":"https:\/\/adexa.ee\/#\/schema\/logo\/image\/","url":"https:\/\/adexa.ee\/wp-content\/uploads\/2024\/04\/chef-cooks-working-in-professional-kitchen-2023-11-27-05-07-39-utc-scaled.jpg","contentUrl":"https:\/\/adexa.ee\/wp-content\/uploads\/2024\/04\/chef-cooks-working-in-professional-kitchen-2023-11-27-05-07-39-utc-scaled.jpg","width":2560,"height":1708,"caption":"Adexa"},"image":{"@id":"https:\/\/adexa.ee\/#\/schema\/logo\/image\/"}}]}},"_links":{"self":[{"href":"https:\/\/adexa.ee\/en\/wp-json\/wp\/v2\/product\/14289","targetHints":{"allow":["GET"]}}],"collection":[{"href":"https:\/\/adexa.ee\/en\/wp-json\/wp\/v2\/product"}],"about":[{"href":"https:\/\/adexa.ee\/en\/wp-json\/wp\/v2\/types\/product"}],"wp:featuredmedia":[{"embeddable":true,"href":"https:\/\/adexa.ee\/en\/wp-json\/wp\/v2\/media\/14291"}],"wp:attachment":[{"href":"https:\/\/adexa.ee\/en\/wp-json\/wp\/v2\/media?parent=14289"}],"wp:term":[{"taxonomy":"product_brand","embeddable":true,"href":"https:\/\/adexa.ee\/en\/wp-json\/wp\/v2\/product_brand?post=14289"},{"taxonomy":"product_cat","embeddable":true,"href":"https:\/\/adexa.ee\/en\/wp-json\/wp\/v2\/product_cat?post=14289"},{"taxonomy":"product_tag","embeddable":true,"href":"https:\/\/adexa.ee\/en\/wp-json\/wp\/v2\/product_tag?post=14289"}],"curies":[{"name":"wp","href":"https:\/\/api.w.org\/{rel}","templated":true}]}}