{"id":14314,"date":"2026-03-26T10:15:33","date_gmt":"2026-03-26T08:15:33","guid":{"rendered":"https:\/\/adexa.ee\/toode\/kommertslik-soojendusplaat-koos-soojenduslambi-roostevaba-terasega-500x500mm-adexa-pwe5050\/"},"modified":"2026-03-26T10:15:37","modified_gmt":"2026-03-26T08:15:37","slug":"soojendusplaat-koos-soojenduslambi-roostevaba-terasega-500x500mm-adexa-pwe5050","status":"publish","type":"product","link":"https:\/\/adexa.ee\/en\/toode\/soojendusplaat-koos-soojenduslambi-roostevaba-terasega-500x500mm-adexa-pwe5050\/","title":{"rendered":"Soojendusplaat Koos Soojenduslambi Roostevaba Terasega 500X500Mm | Adexa Pwe5050"},"content":{"rendered":"<p>Professionaalne soojendusplaat, mis on ideaalne k\u00f5igi toitude hoidmiseks serveerimistemperatuuril. V\u00e4ga kasulik igale toitlustusasutusele nagu pizzeriad, restoranid ja hotellid. See kuumplaat tagab \u00fchtlase ja p\u00f5hjaliku toidu soojendamise. Sobib suurep\u00e4raselt ka hotellide ja restoranide buffetidele ja bankettidele. Kogu konstruktsioon on roostevabast terasest tagades vastupidavuse ja lihtsa puhastamise. 250W soojendusalus + 600W infrapunasoojendustoru peal, et hoida teie pitsa parima maitsega. L\u00f5pmatu v\u00f5imsuse ja soojuse reguleerimine Kerge ja kasutajas\u00f5bralik valguse ja soojuse l\u00fclitid esik\u00fcljel Varustatud kvartsvalgustiga, et valgustada teie toitu T\u00e4psema teabe saamiseks vaadake &#8220;Spetsifikatsioonide&#8221; all.<\/p>\n<table style=\"border-collapse: collapse; width: 100%; text-align: left;\">\n<tbody>\n<tr>\n<td style=\"border: 1px solid #ddd; padding: 8px; width: 45%;\"><strong>S\u00fcgavus<\/strong><\/td>\n<td style=\"border: 1px solid #ddd; padding: 8px;\">500 mm<\/td>\n<\/tr>\n<tr>\n<td style=\"border: 1px solid #ddd; padding: 8px; width: 45%;\"><strong>K\u00f5rgus<\/strong><\/td>\n<td style=\"border: 1px solid #ddd; padding: 8px;\">400 mm<\/td>\n<\/tr>\n<tr>\n<td style=\"border: 1px solid #ddd; padding: 8px; width: 45%;\"><strong>Laius<\/strong><\/td>\n<td style=\"border: 1px solid #ddd; padding: 8px;\">500 mm<\/td>\n<\/tr>\n<tr>\n<td style=\"border: 1px solid #ddd; padding: 8px; width: 45%;\"><strong>Kaal<\/strong><\/td>\n<td style=\"border: 1px solid #ddd; padding: 8px;\">7 kg<\/td>\n<\/tr>\n<tr>\n<td style=\"border: 1px solid #ddd; padding: 8px; width: 45%;\"><strong>Garantii<\/strong><\/td>\n<td style=\"border: 1px solid #ddd; padding: 8px;\">12 kuu varuosade garantii<\/td>\n<\/tr>\n<tr>\n<td style=\"border: 1px solid #ddd; padding: 8px; width: 45%;\"><strong>Toiteallikas<\/strong><\/td>\n<td style=\"border: 1px solid #ddd; padding: 8px;\">230V \/ 1 faas<\/td>\n<\/tr>\n<tr>\n<td style=\"border: 1px solid #ddd; padding: 8px; width: 45%;\"><strong>Materjal<\/strong><\/td>\n<td style=\"border: 1px solid #ddd; padding: 8px;\">Roostevaba teras<\/td>\n<\/tr>\n<tr>\n<td style=\"border: 1px solid #ddd; padding: 8px; width: 45%;\"><strong>Temperatuur<\/strong><\/td>\n<td style=\"border: 1px solid #ddd; padding: 8px;\">+30 \u00b0C kuni +85 \u00b0C<\/td>\n<\/tr>\n<tr>\n<td style=\"border: 1px solid #ddd; padding: 8px; width: 45%;\"><strong>Valgustus<\/strong><\/td>\n<td style=\"border: 1px solid #ddd; padding: 8px;\">Jah<\/td>\n<\/tr>\n<\/tbody>\n<\/table>\n","protected":false},"excerpt":{"rendered":"<p>Professionaalne soojendusplaat, mis on ideaalne k\u00f5igi toitude hoidmiseks serveerimistemperatuuril. V\u00e4ga kasulik igale toitlustusasutusele nagu pizzeriad, restoranid ja hotellid. See kuumplaat<\/p>\n","protected":false},"featured_media":14316,"template":"","meta":[],"product_brand":[],"product_cat":[741,560,557,569,671,586,558],"product_tag":[],"class_list":{"0":"post-14314","1":"product","2":"type-product","3":"status-publish","4":"has-post-thumbnail","6":"product_cat-banketikarud-ja-toidu-soojendus","7":"product_cat-bufee-toidusoojendajad","8":"product_cat-kupsetusseadmed","9":"product_cat-lopumuuk","10":"product_cat-muud-toidu-soojendusvahendid","11":"product_cat-serveerimine","12":"product_cat-toidu-soojendamine","14":"first","15":"instock","16":"sale","17":"taxable","18":"shipping-taxable","19":"purchasable","20":"product-type-simple"},"yoast_head":"<!-- This site is optimized with the Yoast SEO plugin v27.3 - https:\/\/yoast.com\/product\/yoast-seo-wordpress\/ -->\n<title>Soojendusplaat Koos Soojenduslambi Roostevaba Terasega 500X500Mm | Adexa Pwe5050 - Adexa \u2013 Suurk\u00f6\u00f6giseadmed restoranidele ja toitlustusele<\/title>\n<meta name=\"robots\" content=\"index, follow, max-snippet:-1, max-image-preview:large, max-video-preview:-1\" \/>\n<link rel=\"canonical\" href=\"https:\/\/adexa.ee\/toode\/soojendusplaat-koos-soojenduslambi-roostevaba-terasega-500x500mm-adexa-pwe5050\/\" \/>\n<meta property=\"og:locale\" content=\"en_US\" \/>\n<meta property=\"og:type\" content=\"article\" \/>\n<meta property=\"og:title\" content=\"Soojendusplaat Koos Soojenduslambi Roostevaba Terasega 500X500Mm | Adexa Pwe5050 - Adexa \u2013 Suurk\u00f6\u00f6giseadmed restoranidele ja toitlustusele\" \/>\n<meta property=\"og:description\" content=\"Professionaalne soojendusplaat, mis on ideaalne k\u00f5igi toitude hoidmiseks serveerimistemperatuuril. V\u00e4ga kasulik igale toitlustusasutusele nagu pizzeriad, restoranid ja hotellid. See kuumplaat\" \/>\n<meta property=\"og:url\" content=\"https:\/\/adexa.ee\/toode\/soojendusplaat-koos-soojenduslambi-roostevaba-terasega-500x500mm-adexa-pwe5050\/\" \/>\n<meta property=\"og:site_name\" content=\"Adexa \u2013 Suurk\u00f6\u00f6giseadmed restoranidele ja toitlustusele\" \/>\n<meta property=\"article:modified_time\" content=\"2026-03-26T08:15:37+00:00\" \/>\n<meta property=\"og:image\" content=\"https:\/\/adexa.ee\/wp-content\/uploads\/2024\/12\/PWE5050-.jpg\" \/>\n\t<meta property=\"og:image:width\" content=\"1200\" \/>\n\t<meta property=\"og:image:height\" content=\"1200\" \/>\n\t<meta property=\"og:image:type\" content=\"image\/jpeg\" \/>\n<meta name=\"twitter:card\" content=\"summary_large_image\" \/>\n<meta name=\"twitter:label1\" content=\"Est. reading time\" \/>\n\t<meta name=\"twitter:data1\" content=\"1 minute\" \/>\n<script type=\"application\/ld+json\" class=\"yoast-schema-graph\">{\"@context\":\"https:\\\/\\\/schema.org\",\"@graph\":[{\"@type\":\"WebPage\",\"@id\":\"https:\\\/\\\/adexa.ee\\\/toode\\\/soojendusplaat-koos-soojenduslambi-roostevaba-terasega-500x500mm-adexa-pwe5050\\\/\",\"url\":\"https:\\\/\\\/adexa.ee\\\/toode\\\/soojendusplaat-koos-soojenduslambi-roostevaba-terasega-500x500mm-adexa-pwe5050\\\/\",\"name\":\"Soojendusplaat Koos Soojenduslambi Roostevaba Terasega 500X500Mm | Adexa Pwe5050 - Adexa \u2013 Suurk\u00f6\u00f6giseadmed restoranidele ja toitlustusele\",\"isPartOf\":{\"@id\":\"https:\\\/\\\/adexa.ee\\\/#website\"},\"primaryImageOfPage\":{\"@id\":\"https:\\\/\\\/adexa.ee\\\/toode\\\/soojendusplaat-koos-soojenduslambi-roostevaba-terasega-500x500mm-adexa-pwe5050\\\/#primaryimage\"},\"image\":{\"@id\":\"https:\\\/\\\/adexa.ee\\\/toode\\\/soojendusplaat-koos-soojenduslambi-roostevaba-terasega-500x500mm-adexa-pwe5050\\\/#primaryimage\"},\"thumbnailUrl\":\"https:\\\/\\\/adexa.ee\\\/wp-content\\\/uploads\\\/2024\\\/12\\\/PWE5050-.jpg\",\"datePublished\":\"2026-03-26T08:15:33+00:00\",\"dateModified\":\"2026-03-26T08:15:37+00:00\",\"breadcrumb\":{\"@id\":\"https:\\\/\\\/adexa.ee\\\/toode\\\/soojendusplaat-koos-soojenduslambi-roostevaba-terasega-500x500mm-adexa-pwe5050\\\/#breadcrumb\"},\"inLanguage\":\"en-US\",\"potentialAction\":[{\"@type\":\"ReadAction\",\"target\":[\"https:\\\/\\\/adexa.ee\\\/toode\\\/soojendusplaat-koos-soojenduslambi-roostevaba-terasega-500x500mm-adexa-pwe5050\\\/\"]}]},{\"@type\":\"ImageObject\",\"inLanguage\":\"en-US\",\"@id\":\"https:\\\/\\\/adexa.ee\\\/toode\\\/soojendusplaat-koos-soojenduslambi-roostevaba-terasega-500x500mm-adexa-pwe5050\\\/#primaryimage\",\"url\":\"https:\\\/\\\/adexa.ee\\\/wp-content\\\/uploads\\\/2024\\\/12\\\/PWE5050-.jpg\",\"contentUrl\":\"https:\\\/\\\/adexa.ee\\\/wp-content\\\/uploads\\\/2024\\\/12\\\/PWE5050-.jpg\",\"width\":1200,\"height\":1200},{\"@type\":\"BreadcrumbList\",\"@id\":\"https:\\\/\\\/adexa.ee\\\/toode\\\/soojendusplaat-koos-soojenduslambi-roostevaba-terasega-500x500mm-adexa-pwe5050\\\/#breadcrumb\",\"itemListElement\":[{\"@type\":\"ListItem\",\"position\":1,\"name\":\"Home\",\"item\":\"https:\\\/\\\/adexa.ee\\\/\"},{\"@type\":\"ListItem\",\"position\":2,\"name\":\"Tooted\",\"item\":\"https:\\\/\\\/adexa.ee\\\/pood\\\/\"},{\"@type\":\"ListItem\",\"position\":3,\"name\":\"Soojendusplaat Koos Soojenduslambi Roostevaba Terasega 500X500Mm | Adexa Pwe5050\"}]},{\"@type\":\"WebSite\",\"@id\":\"https:\\\/\\\/adexa.ee\\\/#website\",\"url\":\"https:\\\/\\\/adexa.ee\\\/\",\"name\":\"Adexa\",\"description\":\"\",\"publisher\":{\"@id\":\"https:\\\/\\\/adexa.ee\\\/#organization\"},\"potentialAction\":[{\"@type\":\"SearchAction\",\"target\":{\"@type\":\"EntryPoint\",\"urlTemplate\":\"https:\\\/\\\/adexa.ee\\\/?s={search_term_string}\"},\"query-input\":{\"@type\":\"PropertyValueSpecification\",\"valueRequired\":true,\"valueName\":\"search_term_string\"}}],\"inLanguage\":\"en-US\"},{\"@type\":\"Organization\",\"@id\":\"https:\\\/\\\/adexa.ee\\\/#organization\",\"name\":\"Adexa\",\"url\":\"https:\\\/\\\/adexa.ee\\\/\",\"logo\":{\"@type\":\"ImageObject\",\"inLanguage\":\"en-US\",\"@id\":\"https:\\\/\\\/adexa.ee\\\/#\\\/schema\\\/logo\\\/image\\\/\",\"url\":\"https:\\\/\\\/adexa.ee\\\/wp-content\\\/uploads\\\/2024\\\/04\\\/chef-cooks-working-in-professional-kitchen-2023-11-27-05-07-39-utc-scaled.jpg\",\"contentUrl\":\"https:\\\/\\\/adexa.ee\\\/wp-content\\\/uploads\\\/2024\\\/04\\\/chef-cooks-working-in-professional-kitchen-2023-11-27-05-07-39-utc-scaled.jpg\",\"width\":2560,\"height\":1708,\"caption\":\"Adexa\"},\"image\":{\"@id\":\"https:\\\/\\\/adexa.ee\\\/#\\\/schema\\\/logo\\\/image\\\/\"}}]}<\/script>\n<!-- \/ Yoast SEO plugin. -->","yoast_head_json":{"title":"Soojendusplaat Koos Soojenduslambi Roostevaba Terasega 500X500Mm | Adexa Pwe5050 - Adexa \u2013 Suurk\u00f6\u00f6giseadmed restoranidele ja toitlustusele","robots":{"index":"index","follow":"follow","max-snippet":"max-snippet:-1","max-image-preview":"max-image-preview:large","max-video-preview":"max-video-preview:-1"},"canonical":"https:\/\/adexa.ee\/toode\/soojendusplaat-koos-soojenduslambi-roostevaba-terasega-500x500mm-adexa-pwe5050\/","og_locale":"en_US","og_type":"article","og_title":"Soojendusplaat Koos Soojenduslambi Roostevaba Terasega 500X500Mm | Adexa Pwe5050 - Adexa \u2013 Suurk\u00f6\u00f6giseadmed restoranidele ja toitlustusele","og_description":"Professionaalne soojendusplaat, mis on ideaalne k\u00f5igi toitude hoidmiseks serveerimistemperatuuril. V\u00e4ga kasulik igale toitlustusasutusele nagu pizzeriad, restoranid ja hotellid. See kuumplaat","og_url":"https:\/\/adexa.ee\/toode\/soojendusplaat-koos-soojenduslambi-roostevaba-terasega-500x500mm-adexa-pwe5050\/","og_site_name":"Adexa \u2013 Suurk\u00f6\u00f6giseadmed restoranidele ja toitlustusele","article_modified_time":"2026-03-26T08:15:37+00:00","og_image":[{"width":1200,"height":1200,"url":"https:\/\/adexa.ee\/wp-content\/uploads\/2024\/12\/PWE5050-.jpg","type":"image\/jpeg"}],"twitter_card":"summary_large_image","twitter_misc":{"Est. reading time":"1 minute"},"schema":{"@context":"https:\/\/schema.org","@graph":[{"@type":"WebPage","@id":"https:\/\/adexa.ee\/toode\/soojendusplaat-koos-soojenduslambi-roostevaba-terasega-500x500mm-adexa-pwe5050\/","url":"https:\/\/adexa.ee\/toode\/soojendusplaat-koos-soojenduslambi-roostevaba-terasega-500x500mm-adexa-pwe5050\/","name":"Soojendusplaat Koos Soojenduslambi Roostevaba Terasega 500X500Mm | Adexa Pwe5050 - Adexa \u2013 Suurk\u00f6\u00f6giseadmed restoranidele ja toitlustusele","isPartOf":{"@id":"https:\/\/adexa.ee\/#website"},"primaryImageOfPage":{"@id":"https:\/\/adexa.ee\/toode\/soojendusplaat-koos-soojenduslambi-roostevaba-terasega-500x500mm-adexa-pwe5050\/#primaryimage"},"image":{"@id":"https:\/\/adexa.ee\/toode\/soojendusplaat-koos-soojenduslambi-roostevaba-terasega-500x500mm-adexa-pwe5050\/#primaryimage"},"thumbnailUrl":"https:\/\/adexa.ee\/wp-content\/uploads\/2024\/12\/PWE5050-.jpg","datePublished":"2026-03-26T08:15:33+00:00","dateModified":"2026-03-26T08:15:37+00:00","breadcrumb":{"@id":"https:\/\/adexa.ee\/toode\/soojendusplaat-koos-soojenduslambi-roostevaba-terasega-500x500mm-adexa-pwe5050\/#breadcrumb"},"inLanguage":"en-US","potentialAction":[{"@type":"ReadAction","target":["https:\/\/adexa.ee\/toode\/soojendusplaat-koos-soojenduslambi-roostevaba-terasega-500x500mm-adexa-pwe5050\/"]}]},{"@type":"ImageObject","inLanguage":"en-US","@id":"https:\/\/adexa.ee\/toode\/soojendusplaat-koos-soojenduslambi-roostevaba-terasega-500x500mm-adexa-pwe5050\/#primaryimage","url":"https:\/\/adexa.ee\/wp-content\/uploads\/2024\/12\/PWE5050-.jpg","contentUrl":"https:\/\/adexa.ee\/wp-content\/uploads\/2024\/12\/PWE5050-.jpg","width":1200,"height":1200},{"@type":"BreadcrumbList","@id":"https:\/\/adexa.ee\/toode\/soojendusplaat-koos-soojenduslambi-roostevaba-terasega-500x500mm-adexa-pwe5050\/#breadcrumb","itemListElement":[{"@type":"ListItem","position":1,"name":"Home","item":"https:\/\/adexa.ee\/"},{"@type":"ListItem","position":2,"name":"Tooted","item":"https:\/\/adexa.ee\/pood\/"},{"@type":"ListItem","position":3,"name":"Soojendusplaat Koos Soojenduslambi Roostevaba Terasega 500X500Mm | Adexa Pwe5050"}]},{"@type":"WebSite","@id":"https:\/\/adexa.ee\/#website","url":"https:\/\/adexa.ee\/","name":"Adexa","description":"","publisher":{"@id":"https:\/\/adexa.ee\/#organization"},"potentialAction":[{"@type":"SearchAction","target":{"@type":"EntryPoint","urlTemplate":"https:\/\/adexa.ee\/?s={search_term_string}"},"query-input":{"@type":"PropertyValueSpecification","valueRequired":true,"valueName":"search_term_string"}}],"inLanguage":"en-US"},{"@type":"Organization","@id":"https:\/\/adexa.ee\/#organization","name":"Adexa","url":"https:\/\/adexa.ee\/","logo":{"@type":"ImageObject","inLanguage":"en-US","@id":"https:\/\/adexa.ee\/#\/schema\/logo\/image\/","url":"https:\/\/adexa.ee\/wp-content\/uploads\/2024\/04\/chef-cooks-working-in-professional-kitchen-2023-11-27-05-07-39-utc-scaled.jpg","contentUrl":"https:\/\/adexa.ee\/wp-content\/uploads\/2024\/04\/chef-cooks-working-in-professional-kitchen-2023-11-27-05-07-39-utc-scaled.jpg","width":2560,"height":1708,"caption":"Adexa"},"image":{"@id":"https:\/\/adexa.ee\/#\/schema\/logo\/image\/"}}]}},"_links":{"self":[{"href":"https:\/\/adexa.ee\/en\/wp-json\/wp\/v2\/product\/14314","targetHints":{"allow":["GET"]}}],"collection":[{"href":"https:\/\/adexa.ee\/en\/wp-json\/wp\/v2\/product"}],"about":[{"href":"https:\/\/adexa.ee\/en\/wp-json\/wp\/v2\/types\/product"}],"wp:featuredmedia":[{"embeddable":true,"href":"https:\/\/adexa.ee\/en\/wp-json\/wp\/v2\/media\/14316"}],"wp:attachment":[{"href":"https:\/\/adexa.ee\/en\/wp-json\/wp\/v2\/media?parent=14314"}],"wp:term":[{"taxonomy":"product_brand","embeddable":true,"href":"https:\/\/adexa.ee\/en\/wp-json\/wp\/v2\/product_brand?post=14314"},{"taxonomy":"product_cat","embeddable":true,"href":"https:\/\/adexa.ee\/en\/wp-json\/wp\/v2\/product_cat?post=14314"},{"taxonomy":"product_tag","embeddable":true,"href":"https:\/\/adexa.ee\/en\/wp-json\/wp\/v2\/product_tag?post=14314"}],"curies":[{"name":"wp","href":"https:\/\/api.w.org\/{rel}","templated":true}]}}