{"id":14321,"date":"2026-03-26T10:15:33","date_gmt":"2026-03-26T08:15:33","guid":{"rendered":"https:\/\/adexa.ee\/toode\/rasvaeraldaja-rasvapuudja-roostevaba-teras-26-liitrit-min-adexa-gtb26l\/"},"modified":"2026-03-26T10:15:38","modified_gmt":"2026-03-26T08:15:38","slug":"rasvaeraldaja-rasvapuudja-roostevaba-teras-26-liitrit-min-adexa-gtb26l","status":"publish","type":"product","link":"https:\/\/adexa.ee\/en\/toode\/rasvaeraldaja-rasvapuudja-roostevaba-teras-26-liitrit-min-adexa-gtb26l\/","title":{"rendered":"Rasvaeraldaja Rasvap\u00fc\u00fcdja Roostevaba teras 26 liitrit\/min | Adexa GTB26L"},"content":{"rendered":"<p>See tipptasemel kaubanduslik rasvap\u00fc\u00fcdja\/eraldaja on h\u00e4davajalik igale ettev\u00f5ttele, mida klassifitseeritakse kui &#8220;\u00e4rij\u00e4\u00e4tmete tootjat&#8221;. Uute m\u00e4\u00e4ruste kohaselt on kohustuslik paigaldada rasvahalduss\u00fcsteem igasse asutusse, mis toodab \u00e4rij\u00e4\u00e4tmeid. Rasvap\u00fc\u00fcdjad\/eraldajad on spetsiaalselt kavandatud seadmed, mis mitte ainult ei taga teie kanalisatsioonide sujuvat ja t\u00f5husat t\u00f6\u00f6d, vaid hoiavad \u00e4ra ka v\u00f5imalikke kahjukulusid, mida p\u00f5hjustavad igap\u00e4evane ettev\u00f5tetest tekkiv \u00f5li, rasv ja m\u00e4\u00e4re. 26 liitrit Sobiv v\u00e4ikestele \u00e4rivalamutele ja n\u00f5udepesumasinatele 380x300x230mm<\/p>\n<table style=\"border-collapse: collapse; width: 100%; text-align: left;\">\n<tbody>\n<tr>\n<td style=\"border: 1px solid #ddd; padding: 8px; width: 45%;\"><strong>S\u00fcgavus<\/strong><\/td>\n<td style=\"border: 1px solid #ddd; padding: 8px;\">300 mm<\/td>\n<\/tr>\n<tr>\n<td style=\"border: 1px solid #ddd; padding: 8px; width: 45%;\"><strong>K\u00f5rgus<\/strong><\/td>\n<td style=\"border: 1px solid #ddd; padding: 8px;\">230 mm<\/td>\n<\/tr>\n<tr>\n<td style=\"border: 1px solid #ddd; padding: 8px; width: 45%;\"><strong>Laius<\/strong><\/td>\n<td style=\"border: 1px solid #ddd; padding: 8px;\">380 mm<\/td>\n<\/tr>\n<tr>\n<td style=\"border: 1px solid #ddd; padding: 8px; width: 45%;\"><strong>Garantii<\/strong><\/td>\n<td style=\"border: 1px solid #ddd; padding: 8px;\">12 kuu varuosade garantii<\/td>\n<\/tr>\n<tr>\n<td style=\"border: 1px solid #ddd; padding: 8px; width: 45%;\"><strong>Materjal<\/strong><\/td>\n<td style=\"border: 1px solid #ddd; padding: 8px;\">Roostevaba teras<\/td>\n<\/tr>\n<tr>\n<td style=\"border: 1px solid #ddd; padding: 8px; width: 45%;\"><strong>Sissevool<\/strong><\/td>\n<td style=\"border: 1px solid #ddd; padding: 8px;\">40 mm<\/td>\n<\/tr>\n<tr>\n<td style=\"border: 1px solid #ddd; padding: 8px; width: 45%;\"><strong>Kuluvoog<\/strong><\/td>\n<td style=\"border: 1px solid #ddd; padding: 8px;\">26 liitrit\/minutis<\/td>\n<\/tr>\n<tr>\n<td style=\"border: 1px solid #ddd; padding: 8px; width: 45%;\"><strong>V\u00e4ljap\u00e4\u00e4s<\/strong><\/td>\n<td style=\"border: 1px solid #ddd; padding: 8px;\">50 mm<\/td>\n<\/tr>\n<\/tbody>\n<\/table>\n","protected":false},"excerpt":{"rendered":"<p>See tipptasemel kaubanduslik rasvap\u00fc\u00fcdja\/eraldaja on h\u00e4davajalik igale ettev\u00f5ttele, mida klassifitseeritakse kui &#8220;\u00e4rij\u00e4\u00e4tmete tootjat&#8221;. Uute m\u00e4\u00e4ruste kohaselt on kohustuslik paigaldada rasvahalduss\u00fcsteem<\/p>\n","protected":false},"featured_media":10143,"template":"","meta":[],"product_brand":[],"product_cat":[667,572],"product_tag":[],"class_list":{"0":"post-14321","1":"product","2":"type-product","3":"status-publish","4":"has-post-thumbnail","6":"product_cat-rasvapuudjad","7":"product_cat-roostevabad-tooted","9":"first","10":"instock","11":"sale","12":"taxable","13":"shipping-taxable","14":"purchasable","15":"product-type-simple"},"yoast_head":"<!-- This site is optimized with the Yoast SEO plugin v27.3 - https:\/\/yoast.com\/product\/yoast-seo-wordpress\/ -->\n<title>Rasvaeraldaja Rasvap\u00fc\u00fcdja Roostevaba teras 26 liitrit\/min | Adexa GTB26L - Adexa \u2013 Suurk\u00f6\u00f6giseadmed restoranidele ja toitlustusele<\/title>\n<meta name=\"robots\" content=\"index, follow, max-snippet:-1, max-image-preview:large, max-video-preview:-1\" \/>\n<link rel=\"canonical\" href=\"https:\/\/adexa.ee\/toode\/rasvaeraldaja-rasvapuudja-roostevaba-teras-26-liitrit-min-adexa-gtb26l\/\" \/>\n<meta property=\"og:locale\" content=\"en_US\" \/>\n<meta property=\"og:type\" content=\"article\" \/>\n<meta property=\"og:title\" content=\"Rasvaeraldaja Rasvap\u00fc\u00fcdja Roostevaba teras 26 liitrit\/min | Adexa GTB26L - Adexa \u2013 Suurk\u00f6\u00f6giseadmed restoranidele ja toitlustusele\" \/>\n<meta property=\"og:description\" content=\"See tipptasemel kaubanduslik rasvap\u00fc\u00fcdja\/eraldaja on h\u00e4davajalik igale ettev\u00f5ttele, mida klassifitseeritakse kui &#8220;\u00e4rij\u00e4\u00e4tmete tootjat&#8221;. Uute m\u00e4\u00e4ruste kohaselt on kohustuslik paigaldada rasvahalduss\u00fcsteem\" \/>\n<meta property=\"og:url\" content=\"https:\/\/adexa.ee\/toode\/rasvaeraldaja-rasvapuudja-roostevaba-teras-26-liitrit-min-adexa-gtb26l\/\" \/>\n<meta property=\"og:site_name\" content=\"Adexa \u2013 Suurk\u00f6\u00f6giseadmed restoranidele ja toitlustusele\" \/>\n<meta property=\"article:modified_time\" content=\"2026-03-26T08:15:38+00:00\" \/>\n<meta property=\"og:image\" content=\"https:\/\/adexa.ee\/wp-content\/uploads\/2024\/12\/GTB.jpg\" \/>\n\t<meta property=\"og:image:width\" content=\"2000\" \/>\n\t<meta property=\"og:image:height\" content=\"2000\" \/>\n\t<meta property=\"og:image:type\" content=\"image\/jpeg\" \/>\n<meta name=\"twitter:card\" content=\"summary_large_image\" \/>\n<meta name=\"twitter:label1\" content=\"Est. reading time\" \/>\n\t<meta name=\"twitter:data1\" content=\"1 minute\" \/>\n<script type=\"application\/ld+json\" class=\"yoast-schema-graph\">{\"@context\":\"https:\\\/\\\/schema.org\",\"@graph\":[{\"@type\":\"WebPage\",\"@id\":\"https:\\\/\\\/adexa.ee\\\/toode\\\/rasvaeraldaja-rasvapuudja-roostevaba-teras-26-liitrit-min-adexa-gtb26l\\\/\",\"url\":\"https:\\\/\\\/adexa.ee\\\/toode\\\/rasvaeraldaja-rasvapuudja-roostevaba-teras-26-liitrit-min-adexa-gtb26l\\\/\",\"name\":\"Rasvaeraldaja Rasvap\u00fc\u00fcdja Roostevaba teras 26 liitrit\\\/min | Adexa GTB26L - Adexa \u2013 Suurk\u00f6\u00f6giseadmed restoranidele ja toitlustusele\",\"isPartOf\":{\"@id\":\"https:\\\/\\\/adexa.ee\\\/#website\"},\"primaryImageOfPage\":{\"@id\":\"https:\\\/\\\/adexa.ee\\\/toode\\\/rasvaeraldaja-rasvapuudja-roostevaba-teras-26-liitrit-min-adexa-gtb26l\\\/#primaryimage\"},\"image\":{\"@id\":\"https:\\\/\\\/adexa.ee\\\/toode\\\/rasvaeraldaja-rasvapuudja-roostevaba-teras-26-liitrit-min-adexa-gtb26l\\\/#primaryimage\"},\"thumbnailUrl\":\"https:\\\/\\\/adexa.ee\\\/wp-content\\\/uploads\\\/2024\\\/12\\\/GTB.jpg\",\"datePublished\":\"2026-03-26T08:15:33+00:00\",\"dateModified\":\"2026-03-26T08:15:38+00:00\",\"breadcrumb\":{\"@id\":\"https:\\\/\\\/adexa.ee\\\/toode\\\/rasvaeraldaja-rasvapuudja-roostevaba-teras-26-liitrit-min-adexa-gtb26l\\\/#breadcrumb\"},\"inLanguage\":\"en-US\",\"potentialAction\":[{\"@type\":\"ReadAction\",\"target\":[\"https:\\\/\\\/adexa.ee\\\/toode\\\/rasvaeraldaja-rasvapuudja-roostevaba-teras-26-liitrit-min-adexa-gtb26l\\\/\"]}]},{\"@type\":\"ImageObject\",\"inLanguage\":\"en-US\",\"@id\":\"https:\\\/\\\/adexa.ee\\\/toode\\\/rasvaeraldaja-rasvapuudja-roostevaba-teras-26-liitrit-min-adexa-gtb26l\\\/#primaryimage\",\"url\":\"https:\\\/\\\/adexa.ee\\\/wp-content\\\/uploads\\\/2024\\\/12\\\/GTB.jpg\",\"contentUrl\":\"https:\\\/\\\/adexa.ee\\\/wp-content\\\/uploads\\\/2024\\\/12\\\/GTB.jpg\",\"width\":2000,\"height\":2000},{\"@type\":\"BreadcrumbList\",\"@id\":\"https:\\\/\\\/adexa.ee\\\/toode\\\/rasvaeraldaja-rasvapuudja-roostevaba-teras-26-liitrit-min-adexa-gtb26l\\\/#breadcrumb\",\"itemListElement\":[{\"@type\":\"ListItem\",\"position\":1,\"name\":\"Home\",\"item\":\"https:\\\/\\\/adexa.ee\\\/\"},{\"@type\":\"ListItem\",\"position\":2,\"name\":\"Tooted\",\"item\":\"https:\\\/\\\/adexa.ee\\\/pood\\\/\"},{\"@type\":\"ListItem\",\"position\":3,\"name\":\"Rasvaeraldaja Rasvap\u00fc\u00fcdja Roostevaba teras 26 liitrit\\\/min | Adexa GTB26L\"}]},{\"@type\":\"WebSite\",\"@id\":\"https:\\\/\\\/adexa.ee\\\/#website\",\"url\":\"https:\\\/\\\/adexa.ee\\\/\",\"name\":\"Adexa\",\"description\":\"\",\"publisher\":{\"@id\":\"https:\\\/\\\/adexa.ee\\\/#organization\"},\"potentialAction\":[{\"@type\":\"SearchAction\",\"target\":{\"@type\":\"EntryPoint\",\"urlTemplate\":\"https:\\\/\\\/adexa.ee\\\/?s={search_term_string}\"},\"query-input\":{\"@type\":\"PropertyValueSpecification\",\"valueRequired\":true,\"valueName\":\"search_term_string\"}}],\"inLanguage\":\"en-US\"},{\"@type\":\"Organization\",\"@id\":\"https:\\\/\\\/adexa.ee\\\/#organization\",\"name\":\"Adexa\",\"url\":\"https:\\\/\\\/adexa.ee\\\/\",\"logo\":{\"@type\":\"ImageObject\",\"inLanguage\":\"en-US\",\"@id\":\"https:\\\/\\\/adexa.ee\\\/#\\\/schema\\\/logo\\\/image\\\/\",\"url\":\"https:\\\/\\\/adexa.ee\\\/wp-content\\\/uploads\\\/2024\\\/04\\\/chef-cooks-working-in-professional-kitchen-2023-11-27-05-07-39-utc-scaled.jpg\",\"contentUrl\":\"https:\\\/\\\/adexa.ee\\\/wp-content\\\/uploads\\\/2024\\\/04\\\/chef-cooks-working-in-professional-kitchen-2023-11-27-05-07-39-utc-scaled.jpg\",\"width\":2560,\"height\":1708,\"caption\":\"Adexa\"},\"image\":{\"@id\":\"https:\\\/\\\/adexa.ee\\\/#\\\/schema\\\/logo\\\/image\\\/\"}}]}<\/script>\n<!-- \/ Yoast SEO plugin. -->","yoast_head_json":{"title":"Rasvaeraldaja Rasvap\u00fc\u00fcdja Roostevaba teras 26 liitrit\/min | Adexa GTB26L - Adexa \u2013 Suurk\u00f6\u00f6giseadmed restoranidele ja toitlustusele","robots":{"index":"index","follow":"follow","max-snippet":"max-snippet:-1","max-image-preview":"max-image-preview:large","max-video-preview":"max-video-preview:-1"},"canonical":"https:\/\/adexa.ee\/toode\/rasvaeraldaja-rasvapuudja-roostevaba-teras-26-liitrit-min-adexa-gtb26l\/","og_locale":"en_US","og_type":"article","og_title":"Rasvaeraldaja Rasvap\u00fc\u00fcdja Roostevaba teras 26 liitrit\/min | Adexa GTB26L - Adexa \u2013 Suurk\u00f6\u00f6giseadmed restoranidele ja toitlustusele","og_description":"See tipptasemel kaubanduslik rasvap\u00fc\u00fcdja\/eraldaja on h\u00e4davajalik igale ettev\u00f5ttele, mida klassifitseeritakse kui &#8220;\u00e4rij\u00e4\u00e4tmete tootjat&#8221;. Uute m\u00e4\u00e4ruste kohaselt on kohustuslik paigaldada rasvahalduss\u00fcsteem","og_url":"https:\/\/adexa.ee\/toode\/rasvaeraldaja-rasvapuudja-roostevaba-teras-26-liitrit-min-adexa-gtb26l\/","og_site_name":"Adexa \u2013 Suurk\u00f6\u00f6giseadmed restoranidele ja toitlustusele","article_modified_time":"2026-03-26T08:15:38+00:00","og_image":[{"width":2000,"height":2000,"url":"https:\/\/adexa.ee\/wp-content\/uploads\/2024\/12\/GTB.jpg","type":"image\/jpeg"}],"twitter_card":"summary_large_image","twitter_misc":{"Est. reading time":"1 minute"},"schema":{"@context":"https:\/\/schema.org","@graph":[{"@type":"WebPage","@id":"https:\/\/adexa.ee\/toode\/rasvaeraldaja-rasvapuudja-roostevaba-teras-26-liitrit-min-adexa-gtb26l\/","url":"https:\/\/adexa.ee\/toode\/rasvaeraldaja-rasvapuudja-roostevaba-teras-26-liitrit-min-adexa-gtb26l\/","name":"Rasvaeraldaja Rasvap\u00fc\u00fcdja Roostevaba teras 26 liitrit\/min | Adexa GTB26L - Adexa \u2013 Suurk\u00f6\u00f6giseadmed restoranidele ja toitlustusele","isPartOf":{"@id":"https:\/\/adexa.ee\/#website"},"primaryImageOfPage":{"@id":"https:\/\/adexa.ee\/toode\/rasvaeraldaja-rasvapuudja-roostevaba-teras-26-liitrit-min-adexa-gtb26l\/#primaryimage"},"image":{"@id":"https:\/\/adexa.ee\/toode\/rasvaeraldaja-rasvapuudja-roostevaba-teras-26-liitrit-min-adexa-gtb26l\/#primaryimage"},"thumbnailUrl":"https:\/\/adexa.ee\/wp-content\/uploads\/2024\/12\/GTB.jpg","datePublished":"2026-03-26T08:15:33+00:00","dateModified":"2026-03-26T08:15:38+00:00","breadcrumb":{"@id":"https:\/\/adexa.ee\/toode\/rasvaeraldaja-rasvapuudja-roostevaba-teras-26-liitrit-min-adexa-gtb26l\/#breadcrumb"},"inLanguage":"en-US","potentialAction":[{"@type":"ReadAction","target":["https:\/\/adexa.ee\/toode\/rasvaeraldaja-rasvapuudja-roostevaba-teras-26-liitrit-min-adexa-gtb26l\/"]}]},{"@type":"ImageObject","inLanguage":"en-US","@id":"https:\/\/adexa.ee\/toode\/rasvaeraldaja-rasvapuudja-roostevaba-teras-26-liitrit-min-adexa-gtb26l\/#primaryimage","url":"https:\/\/adexa.ee\/wp-content\/uploads\/2024\/12\/GTB.jpg","contentUrl":"https:\/\/adexa.ee\/wp-content\/uploads\/2024\/12\/GTB.jpg","width":2000,"height":2000},{"@type":"BreadcrumbList","@id":"https:\/\/adexa.ee\/toode\/rasvaeraldaja-rasvapuudja-roostevaba-teras-26-liitrit-min-adexa-gtb26l\/#breadcrumb","itemListElement":[{"@type":"ListItem","position":1,"name":"Home","item":"https:\/\/adexa.ee\/"},{"@type":"ListItem","position":2,"name":"Tooted","item":"https:\/\/adexa.ee\/pood\/"},{"@type":"ListItem","position":3,"name":"Rasvaeraldaja Rasvap\u00fc\u00fcdja Roostevaba teras 26 liitrit\/min | Adexa GTB26L"}]},{"@type":"WebSite","@id":"https:\/\/adexa.ee\/#website","url":"https:\/\/adexa.ee\/","name":"Adexa","description":"","publisher":{"@id":"https:\/\/adexa.ee\/#organization"},"potentialAction":[{"@type":"SearchAction","target":{"@type":"EntryPoint","urlTemplate":"https:\/\/adexa.ee\/?s={search_term_string}"},"query-input":{"@type":"PropertyValueSpecification","valueRequired":true,"valueName":"search_term_string"}}],"inLanguage":"en-US"},{"@type":"Organization","@id":"https:\/\/adexa.ee\/#organization","name":"Adexa","url":"https:\/\/adexa.ee\/","logo":{"@type":"ImageObject","inLanguage":"en-US","@id":"https:\/\/adexa.ee\/#\/schema\/logo\/image\/","url":"https:\/\/adexa.ee\/wp-content\/uploads\/2024\/04\/chef-cooks-working-in-professional-kitchen-2023-11-27-05-07-39-utc-scaled.jpg","contentUrl":"https:\/\/adexa.ee\/wp-content\/uploads\/2024\/04\/chef-cooks-working-in-professional-kitchen-2023-11-27-05-07-39-utc-scaled.jpg","width":2560,"height":1708,"caption":"Adexa"},"image":{"@id":"https:\/\/adexa.ee\/#\/schema\/logo\/image\/"}}]}},"_links":{"self":[{"href":"https:\/\/adexa.ee\/en\/wp-json\/wp\/v2\/product\/14321","targetHints":{"allow":["GET"]}}],"collection":[{"href":"https:\/\/adexa.ee\/en\/wp-json\/wp\/v2\/product"}],"about":[{"href":"https:\/\/adexa.ee\/en\/wp-json\/wp\/v2\/types\/product"}],"wp:featuredmedia":[{"embeddable":true,"href":"https:\/\/adexa.ee\/en\/wp-json\/wp\/v2\/media\/10143"}],"wp:attachment":[{"href":"https:\/\/adexa.ee\/en\/wp-json\/wp\/v2\/media?parent=14321"}],"wp:term":[{"taxonomy":"product_brand","embeddable":true,"href":"https:\/\/adexa.ee\/en\/wp-json\/wp\/v2\/product_brand?post=14321"},{"taxonomy":"product_cat","embeddable":true,"href":"https:\/\/adexa.ee\/en\/wp-json\/wp\/v2\/product_cat?post=14321"},{"taxonomy":"product_tag","embeddable":true,"href":"https:\/\/adexa.ee\/en\/wp-json\/wp\/v2\/product_tag?post=14321"}],"curies":[{"name":"wp","href":"https:\/\/api.w.org\/{rel}","templated":true}]}}