{"id":14355,"date":"2026-03-26T10:15:42","date_gmt":"2026-03-26T08:15:42","guid":{"rendered":"https:\/\/adexa.ee\/toode\/kaubanduslik-noudepesumasina-valamu-1-kauss-parempoolne-alumine-riiul-pritsmekaitse-1200x700x927mm-adexa-dsb1270r\/"},"modified":"2026-03-26T10:15:44","modified_gmt":"2026-03-26T08:15:44","slug":"noudepesumasina-valamu-1-kauss-parempoolne-alumine-riiul-pritsmekaitse-1200x700x927mm-adexa-dsb1270r","status":"publish","type":"product","link":"https:\/\/adexa.ee\/en\/toode\/noudepesumasina-valamu-1-kauss-parempoolne-alumine-riiul-pritsmekaitse-1200x700x927mm-adexa-dsb1270r\/","title":{"rendered":"N\u00f5udepesumasina Valamu 1 Kauss Parempoolne Alumine Riiul Pritsmekaitse 1200X700X927Mm | Adexa Dsb1270R"},"content":{"rendered":"<p>See on suurep\u00e4rane hinna ja kvaliteedi suhtega professionaalne valamu. Raskeveok, k\u00f5rgkvaliteetne, t\u00e4ielikult roostevabast terasest valamu, mis vastab toiduvalmistamise t\u00f6\u00f6stuse k\u00f5rgetele kvaliteedistandarditele. Ei mingeid tsingitud osi nagu odavad alternatiivid toitlustusturul! Roostevaba terase konstruktsioon Alumine riiul Reguleeritavad jalad Helikindel paak ja taldrikurest (L=600mm) Voolamisvastane \u00e4\u00e4r Ribedega taldrikurest Varustatud \u00fclevoolutoru ja sifooniga Tagakaitse 100mm Tarnitakse lamedana Pakendi sees olevas jaotises \u201eSpetsifikatsioon\u201c leiate \u00fcksikasjalikku teavet ja allpool jaotises \u201eSeotud tooted\u201c pihustusseadmete ja kraanide kohta.<\/p>\n<table style=\"border-collapse: collapse; width: 100%; text-align: left;\">\n<tbody>\n<tr>\n<td style=\"border: 1px solid #ddd; padding: 8px; width: 45%;\"><strong>S\u00fcgavus<\/strong><\/td>\n<td style=\"border: 1px solid #ddd; padding: 8px;\">700 mm<\/td>\n<\/tr>\n<tr>\n<td style=\"border: 1px solid #ddd; padding: 8px; width: 45%;\"><strong>K\u00f5rgus<\/strong><\/td>\n<td style=\"border: 1px solid #ddd; padding: 8px;\">927 mm (+100 mm pritsmeserva)<\/td>\n<\/tr>\n<tr>\n<td style=\"border: 1px solid #ddd; padding: 8px; width: 45%;\"><strong>Laius<\/strong><\/td>\n<td style=\"border: 1px solid #ddd; padding: 8px;\">1200 mm<\/td>\n<\/tr>\n<tr>\n<td style=\"border: 1px solid #ddd; padding: 8px; width: 45%;\"><strong>Kaal<\/strong><\/td>\n<td style=\"border: 1px solid #ddd; padding: 8px;\">23 kg<\/td>\n<\/tr>\n<tr>\n<td style=\"border: 1px solid #ddd; padding: 8px; width: 45%;\"><strong>Garantii<\/strong><\/td>\n<td style=\"border: 1px solid #ddd; padding: 8px;\">12 kuu varuosade garantii<\/td>\n<\/tr>\n<tr>\n<td style=\"border: 1px solid #ddd; padding: 8px; width: 45%;\"><strong>Kokku panemine<\/strong><\/td>\n<td style=\"border: 1px solid #ddd; padding: 8px;\">Lahtiv\u00f5etud<\/td>\n<\/tr>\n<tr>\n<td style=\"border: 1px solid #ddd; padding: 8px; width: 45%;\"><strong>Alumine riiul<\/strong><\/td>\n<td style=\"border: 1px solid #ddd; padding: 8px;\">Jah<\/td>\n<\/tr>\n<tr>\n<td style=\"border: 1px solid #ddd; padding: 8px; width: 45%;\"><strong>Kausi asukoht<\/strong><\/td>\n<td style=\"border: 1px solid #ddd; padding: 8px;\">\u00d5ige<\/td>\n<\/tr>\n<tr>\n<td style=\"border: 1px solid #ddd; padding: 8px; width: 45%;\"><strong>Jalad<\/strong><\/td>\n<td style=\"border: 1px solid #ddd; padding: 8px;\">Reguleeritavad jalad<\/td>\n<\/tr>\n<tr>\n<td style=\"border: 1px solid #ddd; padding: 8px; width: 45%;\"><strong>Materjal<\/strong><\/td>\n<td style=\"border: 1px solid #ddd; padding: 8px;\">Roostevaba teras<\/td>\n<\/tr>\n<tr>\n<td style=\"border: 1px solid #ddd; padding: 8px; width: 45%;\"><strong>Pritsekaitse<\/strong><\/td>\n<td style=\"border: 1px solid #ddd; padding: 8px;\">Jah<\/td>\n<\/tr>\n<tr>\n<td style=\"border: 1px solid #ddd; padding: 8px; width: 45%;\"><strong>M\u00f5\u00f5tmed (valamu kauss)<\/strong><\/td>\n<td style=\"border: 1px solid #ddd; padding: 8px;\">450x450x250 mm<\/td>\n<\/tr>\n<\/tbody>\n<\/table>\n","protected":false},"excerpt":{"rendered":"<p>See on suurep\u00e4rane hinna ja kvaliteedi suhtega professionaalne valamu. Raskeveok, k\u00f5rgkvaliteetne, t\u00e4ielikult roostevabast terasest valamu, mis vastab toiduvalmistamise t\u00f6\u00f6stuse k\u00f5rgetele<\/p>\n","protected":false},"featured_media":14358,"template":"","meta":[],"product_brand":[],"product_cat":[812,811,708,572,660],"product_tag":[],"class_list":{"0":"post-14355","1":"product","2":"type-product","3":"status-publish","4":"has-post-thumbnail","6":"product_cat-eestlaadimisega-noudepesumasina-lauad","7":"product_cat-klaasinoudepesumasina-lauad","8":"product_cat-noudepesumasina-lauad","9":"product_cat-roostevabad-tooted","10":"product_cat-valamud-noudepesumasinatele","12":"first","13":"instock","14":"sale","15":"taxable","16":"shipping-taxable","17":"purchasable","18":"product-type-simple"},"yoast_head":"<!-- This site is optimized with the Yoast SEO plugin v27.3 - https:\/\/yoast.com\/product\/yoast-seo-wordpress\/ -->\n<title>N\u00f5udepesumasina Valamu 1 Kauss Parempoolne Alumine Riiul Pritsmekaitse 1200X700X927Mm | Adexa Dsb1270R - Adexa \u2013 Suurk\u00f6\u00f6giseadmed restoranidele ja toitlustusele<\/title>\n<meta name=\"robots\" content=\"index, follow, max-snippet:-1, max-image-preview:large, max-video-preview:-1\" \/>\n<link rel=\"canonical\" href=\"https:\/\/adexa.ee\/toode\/noudepesumasina-valamu-1-kauss-parempoolne-alumine-riiul-pritsmekaitse-1200x700x927mm-adexa-dsb1270r\/\" \/>\n<meta property=\"og:locale\" content=\"en_US\" \/>\n<meta property=\"og:type\" content=\"article\" \/>\n<meta property=\"og:title\" content=\"N\u00f5udepesumasina Valamu 1 Kauss Parempoolne Alumine Riiul Pritsmekaitse 1200X700X927Mm | Adexa Dsb1270R - Adexa \u2013 Suurk\u00f6\u00f6giseadmed restoranidele ja toitlustusele\" \/>\n<meta property=\"og:description\" content=\"See on suurep\u00e4rane hinna ja kvaliteedi suhtega professionaalne valamu. Raskeveok, k\u00f5rgkvaliteetne, t\u00e4ielikult roostevabast terasest valamu, mis vastab toiduvalmistamise t\u00f6\u00f6stuse k\u00f5rgetele\" \/>\n<meta property=\"og:url\" content=\"https:\/\/adexa.ee\/toode\/noudepesumasina-valamu-1-kauss-parempoolne-alumine-riiul-pritsmekaitse-1200x700x927mm-adexa-dsb1270r\/\" \/>\n<meta property=\"og:site_name\" content=\"Adexa \u2013 Suurk\u00f6\u00f6giseadmed restoranidele ja toitlustusele\" \/>\n<meta property=\"article:modified_time\" content=\"2026-03-26T08:15:44+00:00\" \/>\n<meta property=\"og:image\" content=\"https:\/\/adexa.ee\/wp-content\/uploads\/2024\/12\/DSB12R.jpg\" \/>\n\t<meta property=\"og:image:width\" content=\"2080\" \/>\n\t<meta property=\"og:image:height\" content=\"2080\" \/>\n\t<meta property=\"og:image:type\" content=\"image\/jpeg\" \/>\n<meta name=\"twitter:card\" content=\"summary_large_image\" \/>\n<meta name=\"twitter:label1\" content=\"Est. reading time\" \/>\n\t<meta name=\"twitter:data1\" content=\"1 minute\" \/>\n<script type=\"application\/ld+json\" class=\"yoast-schema-graph\">{\"@context\":\"https:\\\/\\\/schema.org\",\"@graph\":[{\"@type\":\"WebPage\",\"@id\":\"https:\\\/\\\/adexa.ee\\\/toode\\\/noudepesumasina-valamu-1-kauss-parempoolne-alumine-riiul-pritsmekaitse-1200x700x927mm-adexa-dsb1270r\\\/\",\"url\":\"https:\\\/\\\/adexa.ee\\\/toode\\\/noudepesumasina-valamu-1-kauss-parempoolne-alumine-riiul-pritsmekaitse-1200x700x927mm-adexa-dsb1270r\\\/\",\"name\":\"N\u00f5udepesumasina Valamu 1 Kauss Parempoolne Alumine Riiul Pritsmekaitse 1200X700X927Mm | Adexa Dsb1270R - Adexa \u2013 Suurk\u00f6\u00f6giseadmed restoranidele ja toitlustusele\",\"isPartOf\":{\"@id\":\"https:\\\/\\\/adexa.ee\\\/#website\"},\"primaryImageOfPage\":{\"@id\":\"https:\\\/\\\/adexa.ee\\\/toode\\\/noudepesumasina-valamu-1-kauss-parempoolne-alumine-riiul-pritsmekaitse-1200x700x927mm-adexa-dsb1270r\\\/#primaryimage\"},\"image\":{\"@id\":\"https:\\\/\\\/adexa.ee\\\/toode\\\/noudepesumasina-valamu-1-kauss-parempoolne-alumine-riiul-pritsmekaitse-1200x700x927mm-adexa-dsb1270r\\\/#primaryimage\"},\"thumbnailUrl\":\"https:\\\/\\\/adexa.ee\\\/wp-content\\\/uploads\\\/2024\\\/12\\\/DSB12R.jpg\",\"datePublished\":\"2026-03-26T08:15:42+00:00\",\"dateModified\":\"2026-03-26T08:15:44+00:00\",\"breadcrumb\":{\"@id\":\"https:\\\/\\\/adexa.ee\\\/toode\\\/noudepesumasina-valamu-1-kauss-parempoolne-alumine-riiul-pritsmekaitse-1200x700x927mm-adexa-dsb1270r\\\/#breadcrumb\"},\"inLanguage\":\"en-US\",\"potentialAction\":[{\"@type\":\"ReadAction\",\"target\":[\"https:\\\/\\\/adexa.ee\\\/toode\\\/noudepesumasina-valamu-1-kauss-parempoolne-alumine-riiul-pritsmekaitse-1200x700x927mm-adexa-dsb1270r\\\/\"]}]},{\"@type\":\"ImageObject\",\"inLanguage\":\"en-US\",\"@id\":\"https:\\\/\\\/adexa.ee\\\/toode\\\/noudepesumasina-valamu-1-kauss-parempoolne-alumine-riiul-pritsmekaitse-1200x700x927mm-adexa-dsb1270r\\\/#primaryimage\",\"url\":\"https:\\\/\\\/adexa.ee\\\/wp-content\\\/uploads\\\/2024\\\/12\\\/DSB12R.jpg\",\"contentUrl\":\"https:\\\/\\\/adexa.ee\\\/wp-content\\\/uploads\\\/2024\\\/12\\\/DSB12R.jpg\",\"width\":2080,\"height\":2080},{\"@type\":\"BreadcrumbList\",\"@id\":\"https:\\\/\\\/adexa.ee\\\/toode\\\/noudepesumasina-valamu-1-kauss-parempoolne-alumine-riiul-pritsmekaitse-1200x700x927mm-adexa-dsb1270r\\\/#breadcrumb\",\"itemListElement\":[{\"@type\":\"ListItem\",\"position\":1,\"name\":\"Home\",\"item\":\"https:\\\/\\\/adexa.ee\\\/\"},{\"@type\":\"ListItem\",\"position\":2,\"name\":\"Tooted\",\"item\":\"https:\\\/\\\/adexa.ee\\\/pood\\\/\"},{\"@type\":\"ListItem\",\"position\":3,\"name\":\"N\u00f5udepesumasina Valamu 1 Kauss Parempoolne Alumine Riiul Pritsmekaitse 1200X700X927Mm | Adexa Dsb1270R\"}]},{\"@type\":\"WebSite\",\"@id\":\"https:\\\/\\\/adexa.ee\\\/#website\",\"url\":\"https:\\\/\\\/adexa.ee\\\/\",\"name\":\"Adexa\",\"description\":\"\",\"publisher\":{\"@id\":\"https:\\\/\\\/adexa.ee\\\/#organization\"},\"potentialAction\":[{\"@type\":\"SearchAction\",\"target\":{\"@type\":\"EntryPoint\",\"urlTemplate\":\"https:\\\/\\\/adexa.ee\\\/?s={search_term_string}\"},\"query-input\":{\"@type\":\"PropertyValueSpecification\",\"valueRequired\":true,\"valueName\":\"search_term_string\"}}],\"inLanguage\":\"en-US\"},{\"@type\":\"Organization\",\"@id\":\"https:\\\/\\\/adexa.ee\\\/#organization\",\"name\":\"Adexa\",\"url\":\"https:\\\/\\\/adexa.ee\\\/\",\"logo\":{\"@type\":\"ImageObject\",\"inLanguage\":\"en-US\",\"@id\":\"https:\\\/\\\/adexa.ee\\\/#\\\/schema\\\/logo\\\/image\\\/\",\"url\":\"https:\\\/\\\/adexa.ee\\\/wp-content\\\/uploads\\\/2024\\\/04\\\/chef-cooks-working-in-professional-kitchen-2023-11-27-05-07-39-utc-scaled.jpg\",\"contentUrl\":\"https:\\\/\\\/adexa.ee\\\/wp-content\\\/uploads\\\/2024\\\/04\\\/chef-cooks-working-in-professional-kitchen-2023-11-27-05-07-39-utc-scaled.jpg\",\"width\":2560,\"height\":1708,\"caption\":\"Adexa\"},\"image\":{\"@id\":\"https:\\\/\\\/adexa.ee\\\/#\\\/schema\\\/logo\\\/image\\\/\"}}]}<\/script>\n<!-- \/ Yoast SEO plugin. -->","yoast_head_json":{"title":"N\u00f5udepesumasina Valamu 1 Kauss Parempoolne Alumine Riiul Pritsmekaitse 1200X700X927Mm | Adexa Dsb1270R - Adexa \u2013 Suurk\u00f6\u00f6giseadmed restoranidele ja toitlustusele","robots":{"index":"index","follow":"follow","max-snippet":"max-snippet:-1","max-image-preview":"max-image-preview:large","max-video-preview":"max-video-preview:-1"},"canonical":"https:\/\/adexa.ee\/toode\/noudepesumasina-valamu-1-kauss-parempoolne-alumine-riiul-pritsmekaitse-1200x700x927mm-adexa-dsb1270r\/","og_locale":"en_US","og_type":"article","og_title":"N\u00f5udepesumasina Valamu 1 Kauss Parempoolne Alumine Riiul Pritsmekaitse 1200X700X927Mm | Adexa Dsb1270R - Adexa \u2013 Suurk\u00f6\u00f6giseadmed restoranidele ja toitlustusele","og_description":"See on suurep\u00e4rane hinna ja kvaliteedi suhtega professionaalne valamu. Raskeveok, k\u00f5rgkvaliteetne, t\u00e4ielikult roostevabast terasest valamu, mis vastab toiduvalmistamise t\u00f6\u00f6stuse k\u00f5rgetele","og_url":"https:\/\/adexa.ee\/toode\/noudepesumasina-valamu-1-kauss-parempoolne-alumine-riiul-pritsmekaitse-1200x700x927mm-adexa-dsb1270r\/","og_site_name":"Adexa \u2013 Suurk\u00f6\u00f6giseadmed restoranidele ja toitlustusele","article_modified_time":"2026-03-26T08:15:44+00:00","og_image":[{"width":2080,"height":2080,"url":"https:\/\/adexa.ee\/wp-content\/uploads\/2024\/12\/DSB12R.jpg","type":"image\/jpeg"}],"twitter_card":"summary_large_image","twitter_misc":{"Est. reading time":"1 minute"},"schema":{"@context":"https:\/\/schema.org","@graph":[{"@type":"WebPage","@id":"https:\/\/adexa.ee\/toode\/noudepesumasina-valamu-1-kauss-parempoolne-alumine-riiul-pritsmekaitse-1200x700x927mm-adexa-dsb1270r\/","url":"https:\/\/adexa.ee\/toode\/noudepesumasina-valamu-1-kauss-parempoolne-alumine-riiul-pritsmekaitse-1200x700x927mm-adexa-dsb1270r\/","name":"N\u00f5udepesumasina Valamu 1 Kauss Parempoolne Alumine Riiul Pritsmekaitse 1200X700X927Mm | Adexa Dsb1270R - Adexa \u2013 Suurk\u00f6\u00f6giseadmed restoranidele ja toitlustusele","isPartOf":{"@id":"https:\/\/adexa.ee\/#website"},"primaryImageOfPage":{"@id":"https:\/\/adexa.ee\/toode\/noudepesumasina-valamu-1-kauss-parempoolne-alumine-riiul-pritsmekaitse-1200x700x927mm-adexa-dsb1270r\/#primaryimage"},"image":{"@id":"https:\/\/adexa.ee\/toode\/noudepesumasina-valamu-1-kauss-parempoolne-alumine-riiul-pritsmekaitse-1200x700x927mm-adexa-dsb1270r\/#primaryimage"},"thumbnailUrl":"https:\/\/adexa.ee\/wp-content\/uploads\/2024\/12\/DSB12R.jpg","datePublished":"2026-03-26T08:15:42+00:00","dateModified":"2026-03-26T08:15:44+00:00","breadcrumb":{"@id":"https:\/\/adexa.ee\/toode\/noudepesumasina-valamu-1-kauss-parempoolne-alumine-riiul-pritsmekaitse-1200x700x927mm-adexa-dsb1270r\/#breadcrumb"},"inLanguage":"en-US","potentialAction":[{"@type":"ReadAction","target":["https:\/\/adexa.ee\/toode\/noudepesumasina-valamu-1-kauss-parempoolne-alumine-riiul-pritsmekaitse-1200x700x927mm-adexa-dsb1270r\/"]}]},{"@type":"ImageObject","inLanguage":"en-US","@id":"https:\/\/adexa.ee\/toode\/noudepesumasina-valamu-1-kauss-parempoolne-alumine-riiul-pritsmekaitse-1200x700x927mm-adexa-dsb1270r\/#primaryimage","url":"https:\/\/adexa.ee\/wp-content\/uploads\/2024\/12\/DSB12R.jpg","contentUrl":"https:\/\/adexa.ee\/wp-content\/uploads\/2024\/12\/DSB12R.jpg","width":2080,"height":2080},{"@type":"BreadcrumbList","@id":"https:\/\/adexa.ee\/toode\/noudepesumasina-valamu-1-kauss-parempoolne-alumine-riiul-pritsmekaitse-1200x700x927mm-adexa-dsb1270r\/#breadcrumb","itemListElement":[{"@type":"ListItem","position":1,"name":"Home","item":"https:\/\/adexa.ee\/"},{"@type":"ListItem","position":2,"name":"Tooted","item":"https:\/\/adexa.ee\/pood\/"},{"@type":"ListItem","position":3,"name":"N\u00f5udepesumasina Valamu 1 Kauss Parempoolne Alumine Riiul Pritsmekaitse 1200X700X927Mm | Adexa Dsb1270R"}]},{"@type":"WebSite","@id":"https:\/\/adexa.ee\/#website","url":"https:\/\/adexa.ee\/","name":"Adexa","description":"","publisher":{"@id":"https:\/\/adexa.ee\/#organization"},"potentialAction":[{"@type":"SearchAction","target":{"@type":"EntryPoint","urlTemplate":"https:\/\/adexa.ee\/?s={search_term_string}"},"query-input":{"@type":"PropertyValueSpecification","valueRequired":true,"valueName":"search_term_string"}}],"inLanguage":"en-US"},{"@type":"Organization","@id":"https:\/\/adexa.ee\/#organization","name":"Adexa","url":"https:\/\/adexa.ee\/","logo":{"@type":"ImageObject","inLanguage":"en-US","@id":"https:\/\/adexa.ee\/#\/schema\/logo\/image\/","url":"https:\/\/adexa.ee\/wp-content\/uploads\/2024\/04\/chef-cooks-working-in-professional-kitchen-2023-11-27-05-07-39-utc-scaled.jpg","contentUrl":"https:\/\/adexa.ee\/wp-content\/uploads\/2024\/04\/chef-cooks-working-in-professional-kitchen-2023-11-27-05-07-39-utc-scaled.jpg","width":2560,"height":1708,"caption":"Adexa"},"image":{"@id":"https:\/\/adexa.ee\/#\/schema\/logo\/image\/"}}]}},"_links":{"self":[{"href":"https:\/\/adexa.ee\/en\/wp-json\/wp\/v2\/product\/14355","targetHints":{"allow":["GET"]}}],"collection":[{"href":"https:\/\/adexa.ee\/en\/wp-json\/wp\/v2\/product"}],"about":[{"href":"https:\/\/adexa.ee\/en\/wp-json\/wp\/v2\/types\/product"}],"wp:featuredmedia":[{"embeddable":true,"href":"https:\/\/adexa.ee\/en\/wp-json\/wp\/v2\/media\/14358"}],"wp:attachment":[{"href":"https:\/\/adexa.ee\/en\/wp-json\/wp\/v2\/media?parent=14355"}],"wp:term":[{"taxonomy":"product_brand","embeddable":true,"href":"https:\/\/adexa.ee\/en\/wp-json\/wp\/v2\/product_brand?post=14355"},{"taxonomy":"product_cat","embeddable":true,"href":"https:\/\/adexa.ee\/en\/wp-json\/wp\/v2\/product_cat?post=14355"},{"taxonomy":"product_tag","embeddable":true,"href":"https:\/\/adexa.ee\/en\/wp-json\/wp\/v2\/product_tag?post=14355"}],"curies":[{"name":"wp","href":"https:\/\/api.w.org\/{rel}","templated":true}]}}