{"id":14378,"date":"2026-03-26T10:15:42","date_gmt":"2026-03-26T08:15:42","guid":{"rendered":"https:\/\/adexa.ee\/toode\/kaubanduslik-poti-pesemise-kraanikauss-roostevaba-teras-1-kauss-prill-laud-1500mm-sugavus-700mm-ristkulikukujulised-jalad-adexa-psd15070\/"},"modified":"2026-03-26T10:15:45","modified_gmt":"2026-03-26T08:15:45","slug":"poti-pesemise-valamu-roostevaba-teras-pritsmekaitse-1500mm-sugavus-700mm-ristkulikukujulised-jalad-adexa-psd15070","status":"publish","type":"product","link":"https:\/\/adexa.ee\/en\/toode\/poti-pesemise-valamu-roostevaba-teras-pritsmekaitse-1500mm-sugavus-700mm-ristkulikukujulised-jalad-adexa-psd15070\/","title":{"rendered":"Poti Pesemise Valamu Roostevaba Teras Pritsmekaitse 1500Mm S\u00fcgavus 700Mm Ristk\u00fclikukujulised Jalad | Adexa Psd15070"},"content":{"rendered":"<p>See on suurep\u00e4rane hinnav\u00e4\u00e4rtusega kaubanduslik poti pesemise kraanikauss. Vastupidav, k\u00f5rge kvaliteediga, t\u00e4ielikult roostevabast terasest professionaalne kraanikauss, mis vastab toitlustusteenuste ja restoranit\u00f6\u00f6stuse k\u00f5rgetele kvaliteedistandarditele. Roostevabast terasest struktuur Reguleeritavad jalad Voolamisevastane serv Prill-laud Lameda pakiga Suur kraanikauss Palun vaata \u00fcksikasjalikku teavet jaotises &#8220;Spetsifikatsioon&#8221;.<\/p>\n<table style=\"border-collapse: collapse; width: 100%; text-align: left;\">\n<tbody>\n<tr>\n<td style=\"border: 1px solid #ddd; padding: 8px; width: 45%;\"><strong>S\u00fcgavus<\/strong><\/td>\n<td style=\"border: 1px solid #ddd; padding: 8px;\">700 mm<\/td>\n<\/tr>\n<tr>\n<td style=\"border: 1px solid #ddd; padding: 8px; width: 45%;\"><strong>K\u00f5rgus<\/strong><\/td>\n<td style=\"border: 1px solid #ddd; padding: 8px;\">900 mm<\/td>\n<\/tr>\n<tr>\n<td style=\"border: 1px solid #ddd; padding: 8px; width: 45%;\"><strong>Laius<\/strong><\/td>\n<td style=\"border: 1px solid #ddd; padding: 8px;\">1500 mm<\/td>\n<\/tr>\n<tr>\n<td style=\"border: 1px solid #ddd; padding: 8px; width: 45%;\"><strong>Kaal<\/strong><\/td>\n<td style=\"border: 1px solid #ddd; padding: 8px;\">34 kg<\/td>\n<\/tr>\n<tr>\n<td style=\"border: 1px solid #ddd; padding: 8px; width: 45%;\"><strong>Garantii<\/strong><\/td>\n<td style=\"border: 1px solid #ddd; padding: 8px;\">12 kuu varuosade garantii<\/td>\n<\/tr>\n<tr>\n<td style=\"border: 1px solid #ddd; padding: 8px; width: 45%;\"><strong>Kokku panemine<\/strong><\/td>\n<td style=\"border: 1px solid #ddd; padding: 8px;\">Lahtiv\u00f5etud<\/td>\n<\/tr>\n<tr>\n<td style=\"border: 1px solid #ddd; padding: 8px; width: 45%;\"><strong>S\u00fcgavus (valamu kauss)<\/strong><\/td>\n<td style=\"border: 1px solid #ddd; padding: 8px;\">500 mm<\/td>\n<\/tr>\n<tr>\n<td style=\"border: 1px solid #ddd; padding: 8px; width: 45%;\"><strong>K\u00f5rgus (valamu kauss)<\/strong><\/td>\n<td style=\"border: 1px solid #ddd; padding: 8px;\">300 mm<\/td>\n<\/tr>\n<tr>\n<td style=\"border: 1px solid #ddd; padding: 8px; width: 45%;\"><strong>Laius (valamu kauss)<\/strong><\/td>\n<td style=\"border: 1px solid #ddd; padding: 8px;\">1350 mm<\/td>\n<\/tr>\n<tr>\n<td style=\"border: 1px solid #ddd; padding: 8px; width: 45%;\"><strong>Kausi asukoht<\/strong><\/td>\n<td style=\"border: 1px solid #ddd; padding: 8px;\">Keskel<\/td>\n<\/tr>\n<tr>\n<td style=\"border: 1px solid #ddd; padding: 8px; width: 45%;\"><strong>Jalad<\/strong><\/td>\n<td style=\"border: 1px solid #ddd; padding: 8px;\">Reguleeritavad jalad<\/td>\n<\/tr>\n<tr>\n<td style=\"border: 1px solid #ddd; padding: 8px; width: 45%;\"><strong>Materjal<\/strong><\/td>\n<td style=\"border: 1px solid #ddd; padding: 8px;\">Roostevaba teras<\/td>\n<\/tr>\n<tr>\n<td style=\"border: 1px solid #ddd; padding: 8px; width: 45%;\"><strong>Pritsekaitse<\/strong><\/td>\n<td style=\"border: 1px solid #ddd; padding: 8px;\">Jah (100mm)<\/td>\n<\/tr>\n<tr>\n<td style=\"border: 1px solid #ddd; padding: 8px; width: 45%;\"><strong>L\u00e4bim\u00f5\u00f5t<\/strong><\/td>\n<td style=\"border: 1px solid #ddd; padding: 8px;\">3,5&#8221; \/ 89mm (\u00e4ravooluava) \/ 32mm (kraaniava)<\/td>\n<\/tr>\n<\/tbody>\n<\/table>\n","protected":false},"excerpt":{"rendered":"<p>See on suurep\u00e4rane hinnav\u00e4\u00e4rtusega kaubanduslik poti pesemise kraanikauss. Vastupidav, k\u00f5rge kvaliteediga, t\u00e4ielikult roostevabast terasest professionaalne kraanikauss, mis vastab toitlustusteenuste ja<\/p>\n","protected":false},"featured_media":14382,"template":"","meta":[],"product_brand":[],"product_cat":[575,576,572,573],"product_tag":[],"class_list":{"0":"post-14378","1":"product","2":"type-product","3":"status-publish","4":"has-post-thumbnail","6":"product_cat-700-mm-uhe-valamuga","7":"product_cat-potipesu-valamud","8":"product_cat-roostevabad-tooted","9":"product_cat-uhesed-ja-kahesed-valamud","11":"first","12":"instock","13":"sale","14":"taxable","15":"shipping-taxable","16":"purchasable","17":"product-type-simple"},"yoast_head":"<!-- This site is optimized with the Yoast SEO plugin v27.3 - https:\/\/yoast.com\/product\/yoast-seo-wordpress\/ -->\n<title>Poti Pesemise Valamu Roostevaba Teras Pritsmekaitse 1500Mm S\u00fcgavus 700Mm Ristk\u00fclikukujulised Jalad | Adexa Psd15070 - Adexa \u2013 Suurk\u00f6\u00f6giseadmed restoranidele ja toitlustusele<\/title>\n<meta name=\"robots\" content=\"index, follow, max-snippet:-1, max-image-preview:large, max-video-preview:-1\" \/>\n<link rel=\"canonical\" href=\"https:\/\/adexa.ee\/toode\/poti-pesemise-valamu-roostevaba-teras-pritsmekaitse-1500mm-sugavus-700mm-ristkulikukujulised-jalad-adexa-psd15070\/\" \/>\n<meta property=\"og:locale\" content=\"en_US\" \/>\n<meta property=\"og:type\" content=\"article\" \/>\n<meta property=\"og:title\" content=\"Poti Pesemise Valamu Roostevaba Teras Pritsmekaitse 1500Mm S\u00fcgavus 700Mm Ristk\u00fclikukujulised Jalad | Adexa Psd15070 - Adexa \u2013 Suurk\u00f6\u00f6giseadmed restoranidele ja toitlustusele\" \/>\n<meta property=\"og:description\" content=\"See on suurep\u00e4rane hinnav\u00e4\u00e4rtusega kaubanduslik poti pesemise kraanikauss. Vastupidav, k\u00f5rge kvaliteediga, t\u00e4ielikult roostevabast terasest professionaalne kraanikauss, mis vastab toitlustusteenuste ja\" \/>\n<meta property=\"og:url\" content=\"https:\/\/adexa.ee\/toode\/poti-pesemise-valamu-roostevaba-teras-pritsmekaitse-1500mm-sugavus-700mm-ristkulikukujulised-jalad-adexa-psd15070\/\" \/>\n<meta property=\"og:site_name\" content=\"Adexa \u2013 Suurk\u00f6\u00f6giseadmed restoranidele ja toitlustusele\" \/>\n<meta property=\"article:modified_time\" content=\"2026-03-26T08:15:45+00:00\" \/>\n<meta property=\"og:image\" content=\"https:\/\/adexa.ee\/wp-content\/uploads\/2024\/12\/PSD-pot-sink.jpg\" \/>\n\t<meta property=\"og:image:width\" content=\"1200\" \/>\n\t<meta property=\"og:image:height\" content=\"1200\" \/>\n\t<meta property=\"og:image:type\" content=\"image\/jpeg\" \/>\n<meta name=\"twitter:card\" content=\"summary_large_image\" \/>\n<script type=\"application\/ld+json\" class=\"yoast-schema-graph\">{\"@context\":\"https:\\\/\\\/schema.org\",\"@graph\":[{\"@type\":\"WebPage\",\"@id\":\"https:\\\/\\\/adexa.ee\\\/toode\\\/poti-pesemise-valamu-roostevaba-teras-pritsmekaitse-1500mm-sugavus-700mm-ristkulikukujulised-jalad-adexa-psd15070\\\/\",\"url\":\"https:\\\/\\\/adexa.ee\\\/toode\\\/poti-pesemise-valamu-roostevaba-teras-pritsmekaitse-1500mm-sugavus-700mm-ristkulikukujulised-jalad-adexa-psd15070\\\/\",\"name\":\"Poti Pesemise Valamu Roostevaba Teras Pritsmekaitse 1500Mm S\u00fcgavus 700Mm Ristk\u00fclikukujulised Jalad | Adexa Psd15070 - Adexa \u2013 Suurk\u00f6\u00f6giseadmed restoranidele ja toitlustusele\",\"isPartOf\":{\"@id\":\"https:\\\/\\\/adexa.ee\\\/#website\"},\"primaryImageOfPage\":{\"@id\":\"https:\\\/\\\/adexa.ee\\\/toode\\\/poti-pesemise-valamu-roostevaba-teras-pritsmekaitse-1500mm-sugavus-700mm-ristkulikukujulised-jalad-adexa-psd15070\\\/#primaryimage\"},\"image\":{\"@id\":\"https:\\\/\\\/adexa.ee\\\/toode\\\/poti-pesemise-valamu-roostevaba-teras-pritsmekaitse-1500mm-sugavus-700mm-ristkulikukujulised-jalad-adexa-psd15070\\\/#primaryimage\"},\"thumbnailUrl\":\"https:\\\/\\\/adexa.ee\\\/wp-content\\\/uploads\\\/2024\\\/12\\\/PSD-pot-sink.jpg\",\"datePublished\":\"2026-03-26T08:15:42+00:00\",\"dateModified\":\"2026-03-26T08:15:45+00:00\",\"breadcrumb\":{\"@id\":\"https:\\\/\\\/adexa.ee\\\/toode\\\/poti-pesemise-valamu-roostevaba-teras-pritsmekaitse-1500mm-sugavus-700mm-ristkulikukujulised-jalad-adexa-psd15070\\\/#breadcrumb\"},\"inLanguage\":\"en-US\",\"potentialAction\":[{\"@type\":\"ReadAction\",\"target\":[\"https:\\\/\\\/adexa.ee\\\/toode\\\/poti-pesemise-valamu-roostevaba-teras-pritsmekaitse-1500mm-sugavus-700mm-ristkulikukujulised-jalad-adexa-psd15070\\\/\"]}]},{\"@type\":\"ImageObject\",\"inLanguage\":\"en-US\",\"@id\":\"https:\\\/\\\/adexa.ee\\\/toode\\\/poti-pesemise-valamu-roostevaba-teras-pritsmekaitse-1500mm-sugavus-700mm-ristkulikukujulised-jalad-adexa-psd15070\\\/#primaryimage\",\"url\":\"https:\\\/\\\/adexa.ee\\\/wp-content\\\/uploads\\\/2024\\\/12\\\/PSD-pot-sink.jpg\",\"contentUrl\":\"https:\\\/\\\/adexa.ee\\\/wp-content\\\/uploads\\\/2024\\\/12\\\/PSD-pot-sink.jpg\",\"width\":1200,\"height\":1200},{\"@type\":\"BreadcrumbList\",\"@id\":\"https:\\\/\\\/adexa.ee\\\/toode\\\/poti-pesemise-valamu-roostevaba-teras-pritsmekaitse-1500mm-sugavus-700mm-ristkulikukujulised-jalad-adexa-psd15070\\\/#breadcrumb\",\"itemListElement\":[{\"@type\":\"ListItem\",\"position\":1,\"name\":\"Home\",\"item\":\"https:\\\/\\\/adexa.ee\\\/\"},{\"@type\":\"ListItem\",\"position\":2,\"name\":\"Tooted\",\"item\":\"https:\\\/\\\/adexa.ee\\\/pood\\\/\"},{\"@type\":\"ListItem\",\"position\":3,\"name\":\"Poti Pesemise Valamu Roostevaba Teras Pritsmekaitse 1500Mm S\u00fcgavus 700Mm Ristk\u00fclikukujulised Jalad | Adexa Psd15070\"}]},{\"@type\":\"WebSite\",\"@id\":\"https:\\\/\\\/adexa.ee\\\/#website\",\"url\":\"https:\\\/\\\/adexa.ee\\\/\",\"name\":\"Adexa\",\"description\":\"\",\"publisher\":{\"@id\":\"https:\\\/\\\/adexa.ee\\\/#organization\"},\"potentialAction\":[{\"@type\":\"SearchAction\",\"target\":{\"@type\":\"EntryPoint\",\"urlTemplate\":\"https:\\\/\\\/adexa.ee\\\/?s={search_term_string}\"},\"query-input\":{\"@type\":\"PropertyValueSpecification\",\"valueRequired\":true,\"valueName\":\"search_term_string\"}}],\"inLanguage\":\"en-US\"},{\"@type\":\"Organization\",\"@id\":\"https:\\\/\\\/adexa.ee\\\/#organization\",\"name\":\"Adexa\",\"url\":\"https:\\\/\\\/adexa.ee\\\/\",\"logo\":{\"@type\":\"ImageObject\",\"inLanguage\":\"en-US\",\"@id\":\"https:\\\/\\\/adexa.ee\\\/#\\\/schema\\\/logo\\\/image\\\/\",\"url\":\"https:\\\/\\\/adexa.ee\\\/wp-content\\\/uploads\\\/2024\\\/04\\\/chef-cooks-working-in-professional-kitchen-2023-11-27-05-07-39-utc-scaled.jpg\",\"contentUrl\":\"https:\\\/\\\/adexa.ee\\\/wp-content\\\/uploads\\\/2024\\\/04\\\/chef-cooks-working-in-professional-kitchen-2023-11-27-05-07-39-utc-scaled.jpg\",\"width\":2560,\"height\":1708,\"caption\":\"Adexa\"},\"image\":{\"@id\":\"https:\\\/\\\/adexa.ee\\\/#\\\/schema\\\/logo\\\/image\\\/\"}}]}<\/script>\n<!-- \/ Yoast SEO plugin. -->","yoast_head_json":{"title":"Poti Pesemise Valamu Roostevaba Teras Pritsmekaitse 1500Mm S\u00fcgavus 700Mm Ristk\u00fclikukujulised Jalad | Adexa Psd15070 - Adexa \u2013 Suurk\u00f6\u00f6giseadmed restoranidele ja toitlustusele","robots":{"index":"index","follow":"follow","max-snippet":"max-snippet:-1","max-image-preview":"max-image-preview:large","max-video-preview":"max-video-preview:-1"},"canonical":"https:\/\/adexa.ee\/toode\/poti-pesemise-valamu-roostevaba-teras-pritsmekaitse-1500mm-sugavus-700mm-ristkulikukujulised-jalad-adexa-psd15070\/","og_locale":"en_US","og_type":"article","og_title":"Poti Pesemise Valamu Roostevaba Teras Pritsmekaitse 1500Mm S\u00fcgavus 700Mm Ristk\u00fclikukujulised Jalad | Adexa Psd15070 - Adexa \u2013 Suurk\u00f6\u00f6giseadmed restoranidele ja toitlustusele","og_description":"See on suurep\u00e4rane hinnav\u00e4\u00e4rtusega kaubanduslik poti pesemise kraanikauss. Vastupidav, k\u00f5rge kvaliteediga, t\u00e4ielikult roostevabast terasest professionaalne kraanikauss, mis vastab toitlustusteenuste ja","og_url":"https:\/\/adexa.ee\/toode\/poti-pesemise-valamu-roostevaba-teras-pritsmekaitse-1500mm-sugavus-700mm-ristkulikukujulised-jalad-adexa-psd15070\/","og_site_name":"Adexa \u2013 Suurk\u00f6\u00f6giseadmed restoranidele ja toitlustusele","article_modified_time":"2026-03-26T08:15:45+00:00","og_image":[{"width":1200,"height":1200,"url":"https:\/\/adexa.ee\/wp-content\/uploads\/2024\/12\/PSD-pot-sink.jpg","type":"image\/jpeg"}],"twitter_card":"summary_large_image","schema":{"@context":"https:\/\/schema.org","@graph":[{"@type":"WebPage","@id":"https:\/\/adexa.ee\/toode\/poti-pesemise-valamu-roostevaba-teras-pritsmekaitse-1500mm-sugavus-700mm-ristkulikukujulised-jalad-adexa-psd15070\/","url":"https:\/\/adexa.ee\/toode\/poti-pesemise-valamu-roostevaba-teras-pritsmekaitse-1500mm-sugavus-700mm-ristkulikukujulised-jalad-adexa-psd15070\/","name":"Poti Pesemise Valamu Roostevaba Teras Pritsmekaitse 1500Mm S\u00fcgavus 700Mm Ristk\u00fclikukujulised Jalad | Adexa Psd15070 - Adexa \u2013 Suurk\u00f6\u00f6giseadmed restoranidele ja toitlustusele","isPartOf":{"@id":"https:\/\/adexa.ee\/#website"},"primaryImageOfPage":{"@id":"https:\/\/adexa.ee\/toode\/poti-pesemise-valamu-roostevaba-teras-pritsmekaitse-1500mm-sugavus-700mm-ristkulikukujulised-jalad-adexa-psd15070\/#primaryimage"},"image":{"@id":"https:\/\/adexa.ee\/toode\/poti-pesemise-valamu-roostevaba-teras-pritsmekaitse-1500mm-sugavus-700mm-ristkulikukujulised-jalad-adexa-psd15070\/#primaryimage"},"thumbnailUrl":"https:\/\/adexa.ee\/wp-content\/uploads\/2024\/12\/PSD-pot-sink.jpg","datePublished":"2026-03-26T08:15:42+00:00","dateModified":"2026-03-26T08:15:45+00:00","breadcrumb":{"@id":"https:\/\/adexa.ee\/toode\/poti-pesemise-valamu-roostevaba-teras-pritsmekaitse-1500mm-sugavus-700mm-ristkulikukujulised-jalad-adexa-psd15070\/#breadcrumb"},"inLanguage":"en-US","potentialAction":[{"@type":"ReadAction","target":["https:\/\/adexa.ee\/toode\/poti-pesemise-valamu-roostevaba-teras-pritsmekaitse-1500mm-sugavus-700mm-ristkulikukujulised-jalad-adexa-psd15070\/"]}]},{"@type":"ImageObject","inLanguage":"en-US","@id":"https:\/\/adexa.ee\/toode\/poti-pesemise-valamu-roostevaba-teras-pritsmekaitse-1500mm-sugavus-700mm-ristkulikukujulised-jalad-adexa-psd15070\/#primaryimage","url":"https:\/\/adexa.ee\/wp-content\/uploads\/2024\/12\/PSD-pot-sink.jpg","contentUrl":"https:\/\/adexa.ee\/wp-content\/uploads\/2024\/12\/PSD-pot-sink.jpg","width":1200,"height":1200},{"@type":"BreadcrumbList","@id":"https:\/\/adexa.ee\/toode\/poti-pesemise-valamu-roostevaba-teras-pritsmekaitse-1500mm-sugavus-700mm-ristkulikukujulised-jalad-adexa-psd15070\/#breadcrumb","itemListElement":[{"@type":"ListItem","position":1,"name":"Home","item":"https:\/\/adexa.ee\/"},{"@type":"ListItem","position":2,"name":"Tooted","item":"https:\/\/adexa.ee\/pood\/"},{"@type":"ListItem","position":3,"name":"Poti Pesemise Valamu Roostevaba Teras Pritsmekaitse 1500Mm S\u00fcgavus 700Mm Ristk\u00fclikukujulised Jalad | Adexa Psd15070"}]},{"@type":"WebSite","@id":"https:\/\/adexa.ee\/#website","url":"https:\/\/adexa.ee\/","name":"Adexa","description":"","publisher":{"@id":"https:\/\/adexa.ee\/#organization"},"potentialAction":[{"@type":"SearchAction","target":{"@type":"EntryPoint","urlTemplate":"https:\/\/adexa.ee\/?s={search_term_string}"},"query-input":{"@type":"PropertyValueSpecification","valueRequired":true,"valueName":"search_term_string"}}],"inLanguage":"en-US"},{"@type":"Organization","@id":"https:\/\/adexa.ee\/#organization","name":"Adexa","url":"https:\/\/adexa.ee\/","logo":{"@type":"ImageObject","inLanguage":"en-US","@id":"https:\/\/adexa.ee\/#\/schema\/logo\/image\/","url":"https:\/\/adexa.ee\/wp-content\/uploads\/2024\/04\/chef-cooks-working-in-professional-kitchen-2023-11-27-05-07-39-utc-scaled.jpg","contentUrl":"https:\/\/adexa.ee\/wp-content\/uploads\/2024\/04\/chef-cooks-working-in-professional-kitchen-2023-11-27-05-07-39-utc-scaled.jpg","width":2560,"height":1708,"caption":"Adexa"},"image":{"@id":"https:\/\/adexa.ee\/#\/schema\/logo\/image\/"}}]}},"_links":{"self":[{"href":"https:\/\/adexa.ee\/en\/wp-json\/wp\/v2\/product\/14378","targetHints":{"allow":["GET"]}}],"collection":[{"href":"https:\/\/adexa.ee\/en\/wp-json\/wp\/v2\/product"}],"about":[{"href":"https:\/\/adexa.ee\/en\/wp-json\/wp\/v2\/types\/product"}],"wp:featuredmedia":[{"embeddable":true,"href":"https:\/\/adexa.ee\/en\/wp-json\/wp\/v2\/media\/14382"}],"wp:attachment":[{"href":"https:\/\/adexa.ee\/en\/wp-json\/wp\/v2\/media?parent=14378"}],"wp:term":[{"taxonomy":"product_brand","embeddable":true,"href":"https:\/\/adexa.ee\/en\/wp-json\/wp\/v2\/product_brand?post=14378"},{"taxonomy":"product_cat","embeddable":true,"href":"https:\/\/adexa.ee\/en\/wp-json\/wp\/v2\/product_cat?post=14378"},{"taxonomy":"product_tag","embeddable":true,"href":"https:\/\/adexa.ee\/en\/wp-json\/wp\/v2\/product_tag?post=14378"}],"curies":[{"name":"wp","href":"https:\/\/api.w.org\/{rel}","templated":true}]}}