{"id":14391,"date":"2026-03-26T10:15:42","date_gmt":"2026-03-26T08:15:42","guid":{"rendered":"https:\/\/adexa.ee\/toode\/soogitool-metalljalad-polsterdatud-sametist-iste-must-adexa-ww5025\/"},"modified":"2026-03-26T10:15:46","modified_gmt":"2026-03-26T08:15:46","slug":"soogitool-metalljalad-polsterdatud-sametist-iste-must-adexa-ww5025","status":"publish","type":"product","link":"https:\/\/adexa.ee\/en\/toode\/soogitool-metalljalad-polsterdatud-sametist-iste-must-adexa-ww5025\/","title":{"rendered":"S\u00f6\u00f6gitool Metalljalad &#038; Polsterdatud Sametist Iste Must | Adexa WW5025"},"content":{"rendered":"<p>Erakordne mugavus ja vastupidav, ikooniline disain, mis on loodud kestma, on vaid kaks v\u00f5tmeomadust, mis teevad sellest kaasaegsest s\u00f6\u00f6gitoolist mitmek\u00fclgse kohustusliku eseme. Tooli eeliseks on ka lihtne hooldus. Mattpinnaga iste ja sametipadjad. Lisanimeline, kuid kergesti puhastatav. Ideaalne restoranidesse, kontoritesse, fuajeedesse, vastuv\u00f5turuumidesse, ooteruumidesse, bankettidele ja koju; elutuppa, s\u00f6\u00f6gituppa, magamistuppa&#8230; Tugevad p\u00f5rutuskindlad jalad.<\/p>\n<table style=\"border-collapse: collapse; width: 100%; text-align: left;\">\n<tbody>\n<tr>\n<td style=\"border: 1px solid #ddd; padding: 8px; width: 45%;\"><strong>S\u00fcgavus<\/strong><\/td>\n<td style=\"border: 1px solid #ddd; padding: 8px;\">430 mm<\/td>\n<\/tr>\n<tr>\n<td style=\"border: 1px solid #ddd; padding: 8px; width: 45%;\"><strong>K\u00f5rgus<\/strong><\/td>\n<td style=\"border: 1px solid #ddd; padding: 8px;\">810 mm<\/td>\n<\/tr>\n<tr>\n<td style=\"border: 1px solid #ddd; padding: 8px; width: 45%;\"><strong>Laius<\/strong><\/td>\n<td style=\"border: 1px solid #ddd; padding: 8px;\">480 mm<\/td>\n<\/tr>\n<tr>\n<td style=\"border: 1px solid #ddd; padding: 8px; width: 45%;\"><strong>Kaal<\/strong><\/td>\n<td style=\"border: 1px solid #ddd; padding: 8px;\">4 kg<\/td>\n<\/tr>\n<tr>\n<td style=\"border: 1px solid #ddd; padding: 8px; width: 45%;\"><strong>Garantii<\/strong><\/td>\n<td style=\"border: 1px solid #ddd; padding: 8px;\">12 kuu varuosade garantii<\/td>\n<\/tr>\n<tr>\n<td style=\"border: 1px solid #ddd; padding: 8px; width: 45%;\"><strong>Materjal<\/strong><\/td>\n<td style=\"border: 1px solid #ddd; padding: 8px;\">Metall \/ Samet (tulekindel)<\/td>\n<\/tr>\n<tr>\n<td style=\"border: 1px solid #ddd; padding: 8px; width: 45%;\"><strong>V\u00e4rv<\/strong><\/td>\n<td style=\"border: 1px solid #ddd; padding: 8px;\">Must \/ Must<\/td>\n<\/tr>\n<tr>\n<td style=\"border: 1px solid #ddd; padding: 8px; width: 45%;\"><strong>Virnastatav<\/strong><\/td>\n<td style=\"border: 1px solid #ddd; padding: 8px;\">Jah<\/td>\n<\/tr>\n<tr>\n<td style=\"border: 1px solid #ddd; padding: 8px; width: 45%;\"><strong>S\u00fcgavus (iste)<\/strong><\/td>\n<td style=\"border: 1px solid #ddd; padding: 8px;\">420 mm<\/td>\n<\/tr>\n<tr>\n<td style=\"border: 1px solid #ddd; padding: 8px; width: 45%;\"><strong>Laius (iste)<\/strong><\/td>\n<td style=\"border: 1px solid #ddd; padding: 8px;\">480 mm<\/td>\n<\/tr>\n<tr>\n<td style=\"border: 1px solid #ddd; padding: 8px; width: 45%;\"><strong>K\u00f5rgus (selg)<\/strong><\/td>\n<td style=\"border: 1px solid #ddd; padding: 8px;\">360 mm<\/td>\n<\/tr>\n<\/tbody>\n<\/table>\n","protected":false},"excerpt":{"rendered":"<p>Erakordne mugavus ja vastupidav, ikooniline disain, mis on loodud kestma, on vaid kaks v\u00f5tmeomadust, mis teevad sellest kaasaegsest s\u00f6\u00f6gitoolist mitmek\u00fclgse<\/p>\n","protected":false},"featured_media":14395,"template":"","meta":[],"product_brand":[],"product_cat":[722,561],"product_tag":[],"class_list":{"0":"post-14391","1":"product","2":"type-product","3":"status-publish","4":"has-post-thumbnail","6":"product_cat-bistroo-ja-soogitoolid","7":"product_cat-moobel-ja-hoiustamine","9":"first","10":"instock","11":"sale","12":"taxable","13":"shipping-taxable","14":"purchasable","15":"product-type-simple"},"yoast_head":"<!-- This site is optimized with the Yoast SEO plugin v27.3 - https:\/\/yoast.com\/product\/yoast-seo-wordpress\/ -->\n<title>S\u00f6\u00f6gitool Metalljalad &amp; Polsterdatud Sametist Iste Must | Adexa WW5025 - Adexa \u2013 Suurk\u00f6\u00f6giseadmed restoranidele ja toitlustusele<\/title>\n<meta name=\"robots\" content=\"index, follow, max-snippet:-1, max-image-preview:large, max-video-preview:-1\" \/>\n<link rel=\"canonical\" href=\"https:\/\/adexa.ee\/toode\/soogitool-metalljalad-polsterdatud-sametist-iste-must-adexa-ww5025\/\" \/>\n<meta property=\"og:locale\" content=\"en_US\" \/>\n<meta property=\"og:type\" content=\"article\" \/>\n<meta property=\"og:title\" content=\"S\u00f6\u00f6gitool Metalljalad &amp; Polsterdatud Sametist Iste Must | Adexa WW5025 - Adexa \u2013 Suurk\u00f6\u00f6giseadmed restoranidele ja toitlustusele\" \/>\n<meta property=\"og:description\" content=\"Erakordne mugavus ja vastupidav, ikooniline disain, mis on loodud kestma, on vaid kaks v\u00f5tmeomadust, mis teevad sellest kaasaegsest s\u00f6\u00f6gitoolist mitmek\u00fclgse\" \/>\n<meta property=\"og:url\" content=\"https:\/\/adexa.ee\/toode\/soogitool-metalljalad-polsterdatud-sametist-iste-must-adexa-ww5025\/\" \/>\n<meta property=\"og:site_name\" content=\"Adexa \u2013 Suurk\u00f6\u00f6giseadmed restoranidele ja toitlustusele\" \/>\n<meta property=\"article:modified_time\" content=\"2026-03-26T08:15:46+00:00\" \/>\n<meta property=\"og:image\" content=\"https:\/\/adexa.ee\/wp-content\/uploads\/2024\/12\/WW5025.jpg\" \/>\n\t<meta property=\"og:image:width\" content=\"2000\" \/>\n\t<meta property=\"og:image:height\" content=\"2000\" \/>\n\t<meta property=\"og:image:type\" content=\"image\/jpeg\" \/>\n<meta name=\"twitter:card\" content=\"summary_large_image\" \/>\n<script type=\"application\/ld+json\" class=\"yoast-schema-graph\">{\"@context\":\"https:\\\/\\\/schema.org\",\"@graph\":[{\"@type\":\"WebPage\",\"@id\":\"https:\\\/\\\/adexa.ee\\\/toode\\\/soogitool-metalljalad-polsterdatud-sametist-iste-must-adexa-ww5025\\\/\",\"url\":\"https:\\\/\\\/adexa.ee\\\/toode\\\/soogitool-metalljalad-polsterdatud-sametist-iste-must-adexa-ww5025\\\/\",\"name\":\"S\u00f6\u00f6gitool Metalljalad & Polsterdatud Sametist Iste Must | Adexa WW5025 - Adexa \u2013 Suurk\u00f6\u00f6giseadmed restoranidele ja toitlustusele\",\"isPartOf\":{\"@id\":\"https:\\\/\\\/adexa.ee\\\/#website\"},\"primaryImageOfPage\":{\"@id\":\"https:\\\/\\\/adexa.ee\\\/toode\\\/soogitool-metalljalad-polsterdatud-sametist-iste-must-adexa-ww5025\\\/#primaryimage\"},\"image\":{\"@id\":\"https:\\\/\\\/adexa.ee\\\/toode\\\/soogitool-metalljalad-polsterdatud-sametist-iste-must-adexa-ww5025\\\/#primaryimage\"},\"thumbnailUrl\":\"https:\\\/\\\/adexa.ee\\\/wp-content\\\/uploads\\\/2024\\\/12\\\/WW5025.jpg\",\"datePublished\":\"2026-03-26T08:15:42+00:00\",\"dateModified\":\"2026-03-26T08:15:46+00:00\",\"breadcrumb\":{\"@id\":\"https:\\\/\\\/adexa.ee\\\/toode\\\/soogitool-metalljalad-polsterdatud-sametist-iste-must-adexa-ww5025\\\/#breadcrumb\"},\"inLanguage\":\"en-US\",\"potentialAction\":[{\"@type\":\"ReadAction\",\"target\":[\"https:\\\/\\\/adexa.ee\\\/toode\\\/soogitool-metalljalad-polsterdatud-sametist-iste-must-adexa-ww5025\\\/\"]}]},{\"@type\":\"ImageObject\",\"inLanguage\":\"en-US\",\"@id\":\"https:\\\/\\\/adexa.ee\\\/toode\\\/soogitool-metalljalad-polsterdatud-sametist-iste-must-adexa-ww5025\\\/#primaryimage\",\"url\":\"https:\\\/\\\/adexa.ee\\\/wp-content\\\/uploads\\\/2024\\\/12\\\/WW5025.jpg\",\"contentUrl\":\"https:\\\/\\\/adexa.ee\\\/wp-content\\\/uploads\\\/2024\\\/12\\\/WW5025.jpg\",\"width\":2000,\"height\":2000},{\"@type\":\"BreadcrumbList\",\"@id\":\"https:\\\/\\\/adexa.ee\\\/toode\\\/soogitool-metalljalad-polsterdatud-sametist-iste-must-adexa-ww5025\\\/#breadcrumb\",\"itemListElement\":[{\"@type\":\"ListItem\",\"position\":1,\"name\":\"Home\",\"item\":\"https:\\\/\\\/adexa.ee\\\/\"},{\"@type\":\"ListItem\",\"position\":2,\"name\":\"Tooted\",\"item\":\"https:\\\/\\\/adexa.ee\\\/pood\\\/\"},{\"@type\":\"ListItem\",\"position\":3,\"name\":\"S\u00f6\u00f6gitool Metalljalad &#038; Polsterdatud Sametist Iste Must | Adexa WW5025\"}]},{\"@type\":\"WebSite\",\"@id\":\"https:\\\/\\\/adexa.ee\\\/#website\",\"url\":\"https:\\\/\\\/adexa.ee\\\/\",\"name\":\"Adexa\",\"description\":\"\",\"publisher\":{\"@id\":\"https:\\\/\\\/adexa.ee\\\/#organization\"},\"potentialAction\":[{\"@type\":\"SearchAction\",\"target\":{\"@type\":\"EntryPoint\",\"urlTemplate\":\"https:\\\/\\\/adexa.ee\\\/?s={search_term_string}\"},\"query-input\":{\"@type\":\"PropertyValueSpecification\",\"valueRequired\":true,\"valueName\":\"search_term_string\"}}],\"inLanguage\":\"en-US\"},{\"@type\":\"Organization\",\"@id\":\"https:\\\/\\\/adexa.ee\\\/#organization\",\"name\":\"Adexa\",\"url\":\"https:\\\/\\\/adexa.ee\\\/\",\"logo\":{\"@type\":\"ImageObject\",\"inLanguage\":\"en-US\",\"@id\":\"https:\\\/\\\/adexa.ee\\\/#\\\/schema\\\/logo\\\/image\\\/\",\"url\":\"https:\\\/\\\/adexa.ee\\\/wp-content\\\/uploads\\\/2024\\\/04\\\/chef-cooks-working-in-professional-kitchen-2023-11-27-05-07-39-utc-scaled.jpg\",\"contentUrl\":\"https:\\\/\\\/adexa.ee\\\/wp-content\\\/uploads\\\/2024\\\/04\\\/chef-cooks-working-in-professional-kitchen-2023-11-27-05-07-39-utc-scaled.jpg\",\"width\":2560,\"height\":1708,\"caption\":\"Adexa\"},\"image\":{\"@id\":\"https:\\\/\\\/adexa.ee\\\/#\\\/schema\\\/logo\\\/image\\\/\"}}]}<\/script>\n<!-- \/ Yoast SEO plugin. -->","yoast_head_json":{"title":"S\u00f6\u00f6gitool Metalljalad & Polsterdatud Sametist Iste Must | Adexa WW5025 - Adexa \u2013 Suurk\u00f6\u00f6giseadmed restoranidele ja toitlustusele","robots":{"index":"index","follow":"follow","max-snippet":"max-snippet:-1","max-image-preview":"max-image-preview:large","max-video-preview":"max-video-preview:-1"},"canonical":"https:\/\/adexa.ee\/toode\/soogitool-metalljalad-polsterdatud-sametist-iste-must-adexa-ww5025\/","og_locale":"en_US","og_type":"article","og_title":"S\u00f6\u00f6gitool Metalljalad & Polsterdatud Sametist Iste Must | Adexa WW5025 - Adexa \u2013 Suurk\u00f6\u00f6giseadmed restoranidele ja toitlustusele","og_description":"Erakordne mugavus ja vastupidav, ikooniline disain, mis on loodud kestma, on vaid kaks v\u00f5tmeomadust, mis teevad sellest kaasaegsest s\u00f6\u00f6gitoolist mitmek\u00fclgse","og_url":"https:\/\/adexa.ee\/toode\/soogitool-metalljalad-polsterdatud-sametist-iste-must-adexa-ww5025\/","og_site_name":"Adexa \u2013 Suurk\u00f6\u00f6giseadmed restoranidele ja toitlustusele","article_modified_time":"2026-03-26T08:15:46+00:00","og_image":[{"width":2000,"height":2000,"url":"https:\/\/adexa.ee\/wp-content\/uploads\/2024\/12\/WW5025.jpg","type":"image\/jpeg"}],"twitter_card":"summary_large_image","schema":{"@context":"https:\/\/schema.org","@graph":[{"@type":"WebPage","@id":"https:\/\/adexa.ee\/toode\/soogitool-metalljalad-polsterdatud-sametist-iste-must-adexa-ww5025\/","url":"https:\/\/adexa.ee\/toode\/soogitool-metalljalad-polsterdatud-sametist-iste-must-adexa-ww5025\/","name":"S\u00f6\u00f6gitool Metalljalad & Polsterdatud Sametist Iste Must | Adexa WW5025 - Adexa \u2013 Suurk\u00f6\u00f6giseadmed restoranidele ja toitlustusele","isPartOf":{"@id":"https:\/\/adexa.ee\/#website"},"primaryImageOfPage":{"@id":"https:\/\/adexa.ee\/toode\/soogitool-metalljalad-polsterdatud-sametist-iste-must-adexa-ww5025\/#primaryimage"},"image":{"@id":"https:\/\/adexa.ee\/toode\/soogitool-metalljalad-polsterdatud-sametist-iste-must-adexa-ww5025\/#primaryimage"},"thumbnailUrl":"https:\/\/adexa.ee\/wp-content\/uploads\/2024\/12\/WW5025.jpg","datePublished":"2026-03-26T08:15:42+00:00","dateModified":"2026-03-26T08:15:46+00:00","breadcrumb":{"@id":"https:\/\/adexa.ee\/toode\/soogitool-metalljalad-polsterdatud-sametist-iste-must-adexa-ww5025\/#breadcrumb"},"inLanguage":"en-US","potentialAction":[{"@type":"ReadAction","target":["https:\/\/adexa.ee\/toode\/soogitool-metalljalad-polsterdatud-sametist-iste-must-adexa-ww5025\/"]}]},{"@type":"ImageObject","inLanguage":"en-US","@id":"https:\/\/adexa.ee\/toode\/soogitool-metalljalad-polsterdatud-sametist-iste-must-adexa-ww5025\/#primaryimage","url":"https:\/\/adexa.ee\/wp-content\/uploads\/2024\/12\/WW5025.jpg","contentUrl":"https:\/\/adexa.ee\/wp-content\/uploads\/2024\/12\/WW5025.jpg","width":2000,"height":2000},{"@type":"BreadcrumbList","@id":"https:\/\/adexa.ee\/toode\/soogitool-metalljalad-polsterdatud-sametist-iste-must-adexa-ww5025\/#breadcrumb","itemListElement":[{"@type":"ListItem","position":1,"name":"Home","item":"https:\/\/adexa.ee\/"},{"@type":"ListItem","position":2,"name":"Tooted","item":"https:\/\/adexa.ee\/pood\/"},{"@type":"ListItem","position":3,"name":"S\u00f6\u00f6gitool Metalljalad &#038; Polsterdatud Sametist Iste Must | Adexa WW5025"}]},{"@type":"WebSite","@id":"https:\/\/adexa.ee\/#website","url":"https:\/\/adexa.ee\/","name":"Adexa","description":"","publisher":{"@id":"https:\/\/adexa.ee\/#organization"},"potentialAction":[{"@type":"SearchAction","target":{"@type":"EntryPoint","urlTemplate":"https:\/\/adexa.ee\/?s={search_term_string}"},"query-input":{"@type":"PropertyValueSpecification","valueRequired":true,"valueName":"search_term_string"}}],"inLanguage":"en-US"},{"@type":"Organization","@id":"https:\/\/adexa.ee\/#organization","name":"Adexa","url":"https:\/\/adexa.ee\/","logo":{"@type":"ImageObject","inLanguage":"en-US","@id":"https:\/\/adexa.ee\/#\/schema\/logo\/image\/","url":"https:\/\/adexa.ee\/wp-content\/uploads\/2024\/04\/chef-cooks-working-in-professional-kitchen-2023-11-27-05-07-39-utc-scaled.jpg","contentUrl":"https:\/\/adexa.ee\/wp-content\/uploads\/2024\/04\/chef-cooks-working-in-professional-kitchen-2023-11-27-05-07-39-utc-scaled.jpg","width":2560,"height":1708,"caption":"Adexa"},"image":{"@id":"https:\/\/adexa.ee\/#\/schema\/logo\/image\/"}}]}},"_links":{"self":[{"href":"https:\/\/adexa.ee\/en\/wp-json\/wp\/v2\/product\/14391","targetHints":{"allow":["GET"]}}],"collection":[{"href":"https:\/\/adexa.ee\/en\/wp-json\/wp\/v2\/product"}],"about":[{"href":"https:\/\/adexa.ee\/en\/wp-json\/wp\/v2\/types\/product"}],"wp:featuredmedia":[{"embeddable":true,"href":"https:\/\/adexa.ee\/en\/wp-json\/wp\/v2\/media\/14395"}],"wp:attachment":[{"href":"https:\/\/adexa.ee\/en\/wp-json\/wp\/v2\/media?parent=14391"}],"wp:term":[{"taxonomy":"product_brand","embeddable":true,"href":"https:\/\/adexa.ee\/en\/wp-json\/wp\/v2\/product_brand?post=14391"},{"taxonomy":"product_cat","embeddable":true,"href":"https:\/\/adexa.ee\/en\/wp-json\/wp\/v2\/product_cat?post=14391"},{"taxonomy":"product_tag","embeddable":true,"href":"https:\/\/adexa.ee\/en\/wp-json\/wp\/v2\/product_tag?post=14391"}],"curies":[{"name":"wp","href":"https:\/\/api.w.org\/{rel}","templated":true}]}}