{"id":14417,"date":"2026-03-26T10:15:42","date_gmt":"2026-03-26T08:15:42","guid":{"rendered":"https:\/\/adexa.ee\/toode\/kaubanduslik-elektriline-pitsaahi-2-kambrit-500x500mm-350c-mehaanilised-juhtnupud-84kw-380v-adexa-bsd202500500\/"},"modified":"2026-03-26T10:15:48","modified_gmt":"2026-03-26T08:15:48","slug":"elektriline-pitsaahi-2-kambrit-500x500mm-350c-mehaanilised-juhtnupud-84kw-380v-adexa-bsd202500500","status":"publish","type":"product","link":"https:\/\/adexa.ee\/en\/toode\/elektriline-pitsaahi-2-kambrit-500x500mm-350c-mehaanilised-juhtnupud-84kw-380v-adexa-bsd202500500\/","title":{"rendered":"elektriline pitsaahi 2 kambrit 500x500mm 350\u00b0C Mehaanilised juhtnupud 8,4kW 380V | Adexa BSD202500500"},"content":{"rendered":"<p>Kaubanduslik pitsaahi v\u00f5imaldab igal toitlustusettev\u00f5ttel valmistada t\u00e4iuslikku pitsat, k\u00fc\u00fcslauguleiba, naanileiba ja palju muud. See on m\u00f5eldud pidevaks professionaalseks kasutamiseks ning need v\u00f5imsad, kuid kompaktsed ahjud kasutavad t\u00e4pselt juhitud k\u00f5rgeid temperatuure toidu kiireks k\u00fcpsetamiseks. Ahjudel on klaasist uksed, mis v\u00f5imaldavad k\u00fcpsetusprotsessi j\u00e4lgida. K\u00fcpseta paksu p\u00f5hjaga, \u00f5hukese p\u00f5hjakoorikuga, v\u00e4rske taina, osaliselt k\u00fcpsetatud v\u00f5i s\u00fcgavk\u00fclmutatud pitsasid.8400W380V \/ 3-faasiline350\u00b0C mehaaniline termostaatKahekorruselineKamber: 500x500x150mmPalun vaadake jaotises \u201eSpetsifikatsioon\u201d \u00fcksikasjalikku teavet.<\/p>\n<table style=\"border-collapse: collapse; width: 100%; text-align: left;\">\n<tbody>\n<tr>\n<td style=\"border: 1px solid #ddd; padding: 8px; width: 45%;\"><strong>S\u00fcgavus<\/strong><\/td>\n<td style=\"border: 1px solid #ddd; padding: 8px;\">630 mm<\/td>\n<\/tr>\n<tr>\n<td style=\"border: 1px solid #ddd; padding: 8px; width: 45%;\"><strong>K\u00f5rgus<\/strong><\/td>\n<td style=\"border: 1px solid #ddd; padding: 8px;\">700 mm<\/td>\n<\/tr>\n<tr>\n<td style=\"border: 1px solid #ddd; padding: 8px; width: 45%;\"><strong>Laius<\/strong><\/td>\n<td style=\"border: 1px solid #ddd; padding: 8px;\">760 mm<\/td>\n<\/tr>\n<tr>\n<td style=\"border: 1px solid #ddd; padding: 8px; width: 45%;\"><strong>Kaal<\/strong><\/td>\n<td style=\"border: 1px solid #ddd; padding: 8px;\">107 kg<\/td>\n<\/tr>\n<tr>\n<td style=\"border: 1px solid #ddd; padding: 8px; width: 45%;\"><strong>Garantii<\/strong><\/td>\n<td style=\"border: 1px solid #ddd; padding: 8px;\">12 kuu varuosade garantii<\/td>\n<\/tr>\n<tr>\n<td style=\"border: 1px solid #ddd; padding: 8px; width: 45%;\"><strong>Mahutavus<\/strong><\/td>\n<td style=\"border: 1px solid #ddd; padding: 8px;\">4 x 250 mm pitsat<\/td>\n<\/tr>\n<tr>\n<td style=\"border: 1px solid #ddd; padding: 8px; width: 45%;\"><strong>Toiteallikas<\/strong><\/td>\n<td style=\"border: 1px solid #ddd; padding: 8px;\">400V \/ 3 faasi<\/td>\n<\/tr>\n<tr>\n<td style=\"border: 1px solid #ddd; padding: 8px; width: 45%;\"><strong>V\u00f5imsus<\/strong><\/td>\n<td style=\"border: 1px solid #ddd; padding: 8px;\">8400W<\/td>\n<\/tr>\n<tr>\n<td style=\"border: 1px solid #ddd; padding: 8px; width: 45%;\"><strong>Materjal<\/strong><\/td>\n<td style=\"border: 1px solid #ddd; padding: 8px;\">Roostevaba teras \/ Alumiinium<\/td>\n<\/tr>\n<tr>\n<td style=\"border: 1px solid #ddd; padding: 8px; width: 45%;\"><strong>Kontrollid<\/strong><\/td>\n<td style=\"border: 1px solid #ddd; padding: 8px;\">Mehaaniline<\/td>\n<\/tr>\n<tr>\n<td style=\"border: 1px solid #ddd; padding: 8px; width: 45%;\"><strong>Valgustus<\/strong><\/td>\n<td style=\"border: 1px solid #ddd; padding: 8px;\">Jah<\/td>\n<\/tr>\n<tr>\n<td style=\"border: 1px solid #ddd; padding: 8px; width: 45%;\"><strong>Kambrid<\/strong><\/td>\n<td style=\"border: 1px solid #ddd; padding: 8px;\">2<\/td>\n<\/tr>\n<tr>\n<td style=\"border: 1px solid #ddd; padding: 8px; width: 45%;\"><strong>M\u00f5\u00f5tmed (kamber)<\/strong><\/td>\n<td style=\"border: 1px solid #ddd; padding: 8px;\">2 x 500x500x150 mm<\/td>\n<\/tr>\n<tr>\n<td style=\"border: 1px solid #ddd; padding: 8px; width: 45%;\"><strong>Termomeeter<\/strong><\/td>\n<td style=\"border: 1px solid #ddd; padding: 8px;\">Jah<\/td>\n<\/tr>\n<\/tbody>\n<\/table>\n","protected":false},"excerpt":{"rendered":"<p>Kaubanduslik pitsaahi v\u00f5imaldab igal toitlustusettev\u00f5ttel valmistada t\u00e4iuslikku pitsat, k\u00fc\u00fcslauguleiba, naanileiba ja palju muud. See on m\u00f5eldud pidevaks professionaalseks kasutamiseks ning<\/p>\n","protected":false},"featured_media":14419,"template":"","meta":[],"product_brand":[],"product_cat":[724,569,664,723],"product_tag":[],"class_list":{"0":"post-14417","1":"product","2":"type-product","3":"status-publish","4":"has-post-thumbnail","6":"product_cat-elektrilised-pitsaahjud","7":"product_cat-lopumuuk","8":"product_cat-pitsa-ja-grill","9":"product_cat-pitsaahjud","11":"first","12":"instock","13":"sale","14":"taxable","15":"shipping-taxable","16":"purchasable","17":"product-type-simple"},"yoast_head":"<!-- This site is optimized with the Yoast SEO plugin v27.3 - https:\/\/yoast.com\/product\/yoast-seo-wordpress\/ -->\n<title>elektriline pitsaahi 2 kambrit 500x500mm 350\u00b0C Mehaanilised juhtnupud 8,4kW 380V | Adexa BSD202500500 - Adexa \u2013 Suurk\u00f6\u00f6giseadmed restoranidele ja toitlustusele<\/title>\n<meta name=\"robots\" content=\"index, follow, max-snippet:-1, max-image-preview:large, max-video-preview:-1\" \/>\n<link rel=\"canonical\" href=\"https:\/\/adexa.ee\/toode\/elektriline-pitsaahi-2-kambrit-500x500mm-350c-mehaanilised-juhtnupud-84kw-380v-adexa-bsd202500500\/\" \/>\n<meta property=\"og:locale\" content=\"en_US\" \/>\n<meta property=\"og:type\" content=\"article\" \/>\n<meta property=\"og:title\" content=\"elektriline pitsaahi 2 kambrit 500x500mm 350\u00b0C Mehaanilised juhtnupud 8,4kW 380V | Adexa BSD202500500 - Adexa \u2013 Suurk\u00f6\u00f6giseadmed restoranidele ja toitlustusele\" \/>\n<meta property=\"og:description\" content=\"Kaubanduslik pitsaahi v\u00f5imaldab igal toitlustusettev\u00f5ttel valmistada t\u00e4iuslikku pitsat, k\u00fc\u00fcslauguleiba, naanileiba ja palju muud. See on m\u00f5eldud pidevaks professionaalseks kasutamiseks ning\" \/>\n<meta property=\"og:url\" content=\"https:\/\/adexa.ee\/toode\/elektriline-pitsaahi-2-kambrit-500x500mm-350c-mehaanilised-juhtnupud-84kw-380v-adexa-bsd202500500\/\" \/>\n<meta property=\"og:site_name\" content=\"Adexa \u2013 Suurk\u00f6\u00f6giseadmed restoranidele ja toitlustusele\" \/>\n<meta property=\"article:modified_time\" content=\"2026-03-26T08:15:48+00:00\" \/>\n<meta property=\"og:image\" content=\"https:\/\/adexa.ee\/wp-content\/uploads\/2024\/12\/BSD202.jpg\" \/>\n\t<meta property=\"og:image:width\" content=\"2000\" \/>\n\t<meta property=\"og:image:height\" content=\"2000\" \/>\n\t<meta property=\"og:image:type\" content=\"image\/jpeg\" \/>\n<meta name=\"twitter:card\" content=\"summary_large_image\" \/>\n<meta name=\"twitter:label1\" content=\"Est. reading time\" \/>\n\t<meta name=\"twitter:data1\" content=\"1 minute\" \/>\n<script type=\"application\/ld+json\" class=\"yoast-schema-graph\">{\"@context\":\"https:\\\/\\\/schema.org\",\"@graph\":[{\"@type\":\"WebPage\",\"@id\":\"https:\\\/\\\/adexa.ee\\\/toode\\\/elektriline-pitsaahi-2-kambrit-500x500mm-350c-mehaanilised-juhtnupud-84kw-380v-adexa-bsd202500500\\\/\",\"url\":\"https:\\\/\\\/adexa.ee\\\/toode\\\/elektriline-pitsaahi-2-kambrit-500x500mm-350c-mehaanilised-juhtnupud-84kw-380v-adexa-bsd202500500\\\/\",\"name\":\"elektriline pitsaahi 2 kambrit 500x500mm 350\u00b0C Mehaanilised juhtnupud 8,4kW 380V | Adexa BSD202500500 - Adexa \u2013 Suurk\u00f6\u00f6giseadmed restoranidele ja toitlustusele\",\"isPartOf\":{\"@id\":\"https:\\\/\\\/adexa.ee\\\/#website\"},\"primaryImageOfPage\":{\"@id\":\"https:\\\/\\\/adexa.ee\\\/toode\\\/elektriline-pitsaahi-2-kambrit-500x500mm-350c-mehaanilised-juhtnupud-84kw-380v-adexa-bsd202500500\\\/#primaryimage\"},\"image\":{\"@id\":\"https:\\\/\\\/adexa.ee\\\/toode\\\/elektriline-pitsaahi-2-kambrit-500x500mm-350c-mehaanilised-juhtnupud-84kw-380v-adexa-bsd202500500\\\/#primaryimage\"},\"thumbnailUrl\":\"https:\\\/\\\/adexa.ee\\\/wp-content\\\/uploads\\\/2024\\\/12\\\/BSD202.jpg\",\"datePublished\":\"2026-03-26T08:15:42+00:00\",\"dateModified\":\"2026-03-26T08:15:48+00:00\",\"breadcrumb\":{\"@id\":\"https:\\\/\\\/adexa.ee\\\/toode\\\/elektriline-pitsaahi-2-kambrit-500x500mm-350c-mehaanilised-juhtnupud-84kw-380v-adexa-bsd202500500\\\/#breadcrumb\"},\"inLanguage\":\"en-US\",\"potentialAction\":[{\"@type\":\"ReadAction\",\"target\":[\"https:\\\/\\\/adexa.ee\\\/toode\\\/elektriline-pitsaahi-2-kambrit-500x500mm-350c-mehaanilised-juhtnupud-84kw-380v-adexa-bsd202500500\\\/\"]}]},{\"@type\":\"ImageObject\",\"inLanguage\":\"en-US\",\"@id\":\"https:\\\/\\\/adexa.ee\\\/toode\\\/elektriline-pitsaahi-2-kambrit-500x500mm-350c-mehaanilised-juhtnupud-84kw-380v-adexa-bsd202500500\\\/#primaryimage\",\"url\":\"https:\\\/\\\/adexa.ee\\\/wp-content\\\/uploads\\\/2024\\\/12\\\/BSD202.jpg\",\"contentUrl\":\"https:\\\/\\\/adexa.ee\\\/wp-content\\\/uploads\\\/2024\\\/12\\\/BSD202.jpg\",\"width\":2000,\"height\":2000},{\"@type\":\"BreadcrumbList\",\"@id\":\"https:\\\/\\\/adexa.ee\\\/toode\\\/elektriline-pitsaahi-2-kambrit-500x500mm-350c-mehaanilised-juhtnupud-84kw-380v-adexa-bsd202500500\\\/#breadcrumb\",\"itemListElement\":[{\"@type\":\"ListItem\",\"position\":1,\"name\":\"Home\",\"item\":\"https:\\\/\\\/adexa.ee\\\/\"},{\"@type\":\"ListItem\",\"position\":2,\"name\":\"Tooted\",\"item\":\"https:\\\/\\\/adexa.ee\\\/pood\\\/\"},{\"@type\":\"ListItem\",\"position\":3,\"name\":\"elektriline pitsaahi 2 kambrit 500x500mm 350\u00b0C Mehaanilised juhtnupud 8,4kW 380V | Adexa BSD202500500\"}]},{\"@type\":\"WebSite\",\"@id\":\"https:\\\/\\\/adexa.ee\\\/#website\",\"url\":\"https:\\\/\\\/adexa.ee\\\/\",\"name\":\"Adexa\",\"description\":\"\",\"publisher\":{\"@id\":\"https:\\\/\\\/adexa.ee\\\/#organization\"},\"potentialAction\":[{\"@type\":\"SearchAction\",\"target\":{\"@type\":\"EntryPoint\",\"urlTemplate\":\"https:\\\/\\\/adexa.ee\\\/?s={search_term_string}\"},\"query-input\":{\"@type\":\"PropertyValueSpecification\",\"valueRequired\":true,\"valueName\":\"search_term_string\"}}],\"inLanguage\":\"en-US\"},{\"@type\":\"Organization\",\"@id\":\"https:\\\/\\\/adexa.ee\\\/#organization\",\"name\":\"Adexa\",\"url\":\"https:\\\/\\\/adexa.ee\\\/\",\"logo\":{\"@type\":\"ImageObject\",\"inLanguage\":\"en-US\",\"@id\":\"https:\\\/\\\/adexa.ee\\\/#\\\/schema\\\/logo\\\/image\\\/\",\"url\":\"https:\\\/\\\/adexa.ee\\\/wp-content\\\/uploads\\\/2024\\\/04\\\/chef-cooks-working-in-professional-kitchen-2023-11-27-05-07-39-utc-scaled.jpg\",\"contentUrl\":\"https:\\\/\\\/adexa.ee\\\/wp-content\\\/uploads\\\/2024\\\/04\\\/chef-cooks-working-in-professional-kitchen-2023-11-27-05-07-39-utc-scaled.jpg\",\"width\":2560,\"height\":1708,\"caption\":\"Adexa\"},\"image\":{\"@id\":\"https:\\\/\\\/adexa.ee\\\/#\\\/schema\\\/logo\\\/image\\\/\"}}]}<\/script>\n<!-- \/ Yoast SEO plugin. -->","yoast_head_json":{"title":"elektriline pitsaahi 2 kambrit 500x500mm 350\u00b0C Mehaanilised juhtnupud 8,4kW 380V | Adexa BSD202500500 - Adexa \u2013 Suurk\u00f6\u00f6giseadmed restoranidele ja toitlustusele","robots":{"index":"index","follow":"follow","max-snippet":"max-snippet:-1","max-image-preview":"max-image-preview:large","max-video-preview":"max-video-preview:-1"},"canonical":"https:\/\/adexa.ee\/toode\/elektriline-pitsaahi-2-kambrit-500x500mm-350c-mehaanilised-juhtnupud-84kw-380v-adexa-bsd202500500\/","og_locale":"en_US","og_type":"article","og_title":"elektriline pitsaahi 2 kambrit 500x500mm 350\u00b0C Mehaanilised juhtnupud 8,4kW 380V | Adexa BSD202500500 - Adexa \u2013 Suurk\u00f6\u00f6giseadmed restoranidele ja toitlustusele","og_description":"Kaubanduslik pitsaahi v\u00f5imaldab igal toitlustusettev\u00f5ttel valmistada t\u00e4iuslikku pitsat, k\u00fc\u00fcslauguleiba, naanileiba ja palju muud. See on m\u00f5eldud pidevaks professionaalseks kasutamiseks ning","og_url":"https:\/\/adexa.ee\/toode\/elektriline-pitsaahi-2-kambrit-500x500mm-350c-mehaanilised-juhtnupud-84kw-380v-adexa-bsd202500500\/","og_site_name":"Adexa \u2013 Suurk\u00f6\u00f6giseadmed restoranidele ja toitlustusele","article_modified_time":"2026-03-26T08:15:48+00:00","og_image":[{"width":2000,"height":2000,"url":"https:\/\/adexa.ee\/wp-content\/uploads\/2024\/12\/BSD202.jpg","type":"image\/jpeg"}],"twitter_card":"summary_large_image","twitter_misc":{"Est. reading time":"1 minute"},"schema":{"@context":"https:\/\/schema.org","@graph":[{"@type":"WebPage","@id":"https:\/\/adexa.ee\/toode\/elektriline-pitsaahi-2-kambrit-500x500mm-350c-mehaanilised-juhtnupud-84kw-380v-adexa-bsd202500500\/","url":"https:\/\/adexa.ee\/toode\/elektriline-pitsaahi-2-kambrit-500x500mm-350c-mehaanilised-juhtnupud-84kw-380v-adexa-bsd202500500\/","name":"elektriline pitsaahi 2 kambrit 500x500mm 350\u00b0C Mehaanilised juhtnupud 8,4kW 380V | Adexa BSD202500500 - Adexa \u2013 Suurk\u00f6\u00f6giseadmed restoranidele ja toitlustusele","isPartOf":{"@id":"https:\/\/adexa.ee\/#website"},"primaryImageOfPage":{"@id":"https:\/\/adexa.ee\/toode\/elektriline-pitsaahi-2-kambrit-500x500mm-350c-mehaanilised-juhtnupud-84kw-380v-adexa-bsd202500500\/#primaryimage"},"image":{"@id":"https:\/\/adexa.ee\/toode\/elektriline-pitsaahi-2-kambrit-500x500mm-350c-mehaanilised-juhtnupud-84kw-380v-adexa-bsd202500500\/#primaryimage"},"thumbnailUrl":"https:\/\/adexa.ee\/wp-content\/uploads\/2024\/12\/BSD202.jpg","datePublished":"2026-03-26T08:15:42+00:00","dateModified":"2026-03-26T08:15:48+00:00","breadcrumb":{"@id":"https:\/\/adexa.ee\/toode\/elektriline-pitsaahi-2-kambrit-500x500mm-350c-mehaanilised-juhtnupud-84kw-380v-adexa-bsd202500500\/#breadcrumb"},"inLanguage":"en-US","potentialAction":[{"@type":"ReadAction","target":["https:\/\/adexa.ee\/toode\/elektriline-pitsaahi-2-kambrit-500x500mm-350c-mehaanilised-juhtnupud-84kw-380v-adexa-bsd202500500\/"]}]},{"@type":"ImageObject","inLanguage":"en-US","@id":"https:\/\/adexa.ee\/toode\/elektriline-pitsaahi-2-kambrit-500x500mm-350c-mehaanilised-juhtnupud-84kw-380v-adexa-bsd202500500\/#primaryimage","url":"https:\/\/adexa.ee\/wp-content\/uploads\/2024\/12\/BSD202.jpg","contentUrl":"https:\/\/adexa.ee\/wp-content\/uploads\/2024\/12\/BSD202.jpg","width":2000,"height":2000},{"@type":"BreadcrumbList","@id":"https:\/\/adexa.ee\/toode\/elektriline-pitsaahi-2-kambrit-500x500mm-350c-mehaanilised-juhtnupud-84kw-380v-adexa-bsd202500500\/#breadcrumb","itemListElement":[{"@type":"ListItem","position":1,"name":"Home","item":"https:\/\/adexa.ee\/"},{"@type":"ListItem","position":2,"name":"Tooted","item":"https:\/\/adexa.ee\/pood\/"},{"@type":"ListItem","position":3,"name":"elektriline pitsaahi 2 kambrit 500x500mm 350\u00b0C Mehaanilised juhtnupud 8,4kW 380V | Adexa BSD202500500"}]},{"@type":"WebSite","@id":"https:\/\/adexa.ee\/#website","url":"https:\/\/adexa.ee\/","name":"Adexa","description":"","publisher":{"@id":"https:\/\/adexa.ee\/#organization"},"potentialAction":[{"@type":"SearchAction","target":{"@type":"EntryPoint","urlTemplate":"https:\/\/adexa.ee\/?s={search_term_string}"},"query-input":{"@type":"PropertyValueSpecification","valueRequired":true,"valueName":"search_term_string"}}],"inLanguage":"en-US"},{"@type":"Organization","@id":"https:\/\/adexa.ee\/#organization","name":"Adexa","url":"https:\/\/adexa.ee\/","logo":{"@type":"ImageObject","inLanguage":"en-US","@id":"https:\/\/adexa.ee\/#\/schema\/logo\/image\/","url":"https:\/\/adexa.ee\/wp-content\/uploads\/2024\/04\/chef-cooks-working-in-professional-kitchen-2023-11-27-05-07-39-utc-scaled.jpg","contentUrl":"https:\/\/adexa.ee\/wp-content\/uploads\/2024\/04\/chef-cooks-working-in-professional-kitchen-2023-11-27-05-07-39-utc-scaled.jpg","width":2560,"height":1708,"caption":"Adexa"},"image":{"@id":"https:\/\/adexa.ee\/#\/schema\/logo\/image\/"}}]}},"_links":{"self":[{"href":"https:\/\/adexa.ee\/en\/wp-json\/wp\/v2\/product\/14417","targetHints":{"allow":["GET"]}}],"collection":[{"href":"https:\/\/adexa.ee\/en\/wp-json\/wp\/v2\/product"}],"about":[{"href":"https:\/\/adexa.ee\/en\/wp-json\/wp\/v2\/types\/product"}],"wp:featuredmedia":[{"embeddable":true,"href":"https:\/\/adexa.ee\/en\/wp-json\/wp\/v2\/media\/14419"}],"wp:attachment":[{"href":"https:\/\/adexa.ee\/en\/wp-json\/wp\/v2\/media?parent=14417"}],"wp:term":[{"taxonomy":"product_brand","embeddable":true,"href":"https:\/\/adexa.ee\/en\/wp-json\/wp\/v2\/product_brand?post=14417"},{"taxonomy":"product_cat","embeddable":true,"href":"https:\/\/adexa.ee\/en\/wp-json\/wp\/v2\/product_cat?post=14417"},{"taxonomy":"product_tag","embeddable":true,"href":"https:\/\/adexa.ee\/en\/wp-json\/wp\/v2\/product_tag?post=14417"}],"curies":[{"name":"wp","href":"https:\/\/api.w.org\/{rel}","templated":true}]}}