{"id":14438,"date":"2026-03-26T18:45:05","date_gmt":"2026-03-26T16:45:05","guid":{"rendered":"https:\/\/adexa.ee\/toode\/valmistuslett-2-uksega-8xgn1-3-1510x800x1085mm-adexa-sh28\/"},"modified":"2026-03-26T18:45:06","modified_gmt":"2026-03-26T16:45:06","slug":"ettevalmistuslett-2-uksega-8xgn1-3-1510x800x1085mm-adexa-sh28","status":"publish","type":"product","link":"https:\/\/adexa.ee\/en\/toode\/ettevalmistuslett-2-uksega-8xgn1-3-1510x800x1085mm-adexa-sh28\/","title":{"rendered":"Ettevalmistuslett 2 uksega 8xGN1\/3 1510x800x1085mm | Adexa SH28"},"content":{"rendered":"<p>Kommertslik v\u00f5ileivade valmistamise lett, millel on lisat\u00f6\u00f6pind, kogus\u00fcgavusega 800mm. T\u00e4iuslik salatite, pitsa ja mitmete muude toitlustusk\u00f6\u00f6gi toitude valmistamiseks. V\u00e4ga soodne pakkumine suure t\u00f6\u00f6pinnaga v\u00f5ileivak\u00fclmik. CFC-vaba k\u00fclmutusagens ja vaht AISI 304 roostevabast terasest raam Elektrooniline termostaat ja digitaalne LED temperatuuri n\u00e4idik t\u00e4pseks juhtimiseks ja lihtsaks lugemiseks Automaatne sulatus ja kondensvee aurustamine Magnettihend on vahetatav ilma t\u00f6\u00f6riistadeta P\u00f5hi \u00fcmardatud servadega lihtsaks puhastamiseks Ratastel V\u00e4lised m\u00f5\u00f5dud: 1510 x 800 x 1050mm Mahutavus: 459 liitrit Temperatuur: +2\u00b0C kuni +8\u00b0C 1 riiul ukse kohta Mahutab 8 x GN1\/3 konteinerit (ei kuulu komplekti) Toiteallikas: 230V \/ 1N \/ 50Hz Varustatud standardse \u00dchendkuningriigi pistikuga Dokumendid Kasutusjuhendi allalaadimiseks kl\u00f5psa siin Tehnilise joonise allalaadimiseks kl\u00f5psa siin Vastavusdeklaratsiooni allalaadimiseks kl\u00f5psa siin Palun vaata t\u00e4psema teabe saamiseks jaotist &#8220;Spetsifikatsioon&#8221;.<\/p>\n<table style=\"border-collapse: collapse; width: 100%; text-align: left;\">\n<tbody>\n<tr>\n<td style=\"border: 1px solid #ddd; padding: 8px; width: 45%;\"><strong>S\u00fcgavus<\/strong><\/td>\n<td style=\"border: 1px solid #ddd; padding: 8px;\">800mm<\/td>\n<\/tr>\n<tr>\n<td style=\"border: 1px solid #ddd; padding: 8px; width: 45%;\"><strong>K\u00f5rgus<\/strong><\/td>\n<td style=\"border: 1px solid #ddd; padding: 8px;\">1050 mm<\/td>\n<\/tr>\n<tr>\n<td style=\"border: 1px solid #ddd; padding: 8px; width: 45%;\"><strong>Laius<\/strong><\/td>\n<td style=\"border: 1px solid #ddd; padding: 8px;\">1510 mm<\/td>\n<\/tr>\n<tr>\n<td style=\"border: 1px solid #ddd; padding: 8px; width: 45%;\"><strong>Garantii<\/strong><\/td>\n<td style=\"border: 1px solid #ddd; padding: 8px;\">12 kuu varuosade garantii<\/td>\n<\/tr>\n<tr>\n<td style=\"border: 1px solid #ddd; padding: 8px; width: 45%;\"><strong>Mahutavus<\/strong><\/td>\n<td style=\"border: 1px solid #ddd; padding: 8px;\">459 liitrit<\/td>\n<\/tr>\n<tr>\n<td style=\"border: 1px solid #ddd; padding: 8px; width: 45%;\"><strong>Toiteallikas<\/strong><\/td>\n<td style=\"border: 1px solid #ddd; padding: 8px;\">230V \/ 1 faas<\/td>\n<\/tr>\n<tr>\n<td style=\"border: 1px solid #ddd; padding: 8px; width: 45%;\"><strong>Rullikud<\/strong><\/td>\n<td style=\"border: 1px solid #ddd; padding: 8px;\">Jah<\/td>\n<\/tr>\n<tr>\n<td style=\"border: 1px solid #ddd; padding: 8px; width: 45%;\"><strong>Temperatuur<\/strong><\/td>\n<td style=\"border: 1px solid #ddd; padding: 8px;\">+2 \u00b0C kuni +8 \u00b0C<\/td>\n<\/tr>\n<tr>\n<td style=\"border: 1px solid #ddd; padding: 8px; width: 45%;\"><strong>Mahutavus (teenindus)<\/strong><\/td>\n<td style=\"border: 1px solid #ddd; padding: 8px;\">8 x GN1\/3<\/td>\n<\/tr>\n<tr>\n<td style=\"border: 1px solid #ddd; padding: 8px; width: 45%;\"><strong>K\u00fclmaaine<\/strong><\/td>\n<td style=\"border: 1px solid #ddd; padding: 8px;\">R290<\/td>\n<\/tr>\n<\/tbody>\n<\/table>\n","protected":false},"excerpt":{"rendered":"<p>Kommertslik v\u00f5ileivade valmistamise lett, millel on lisat\u00f6\u00f6pind, kogus\u00fcgavusega 800mm. T\u00e4iuslik salatite, pitsa ja mitmete muude toitlustusk\u00f6\u00f6gi toitude valmistamiseks. V\u00e4ga soodne<\/p>\n","protected":false},"featured_media":14440,"template":"","meta":[],"product_brand":[],"product_cat":[564,565,819,684],"product_tag":[],"class_list":{"0":"post-14438","1":"product","2":"type-product","3":"status-publish","4":"has-post-thumbnail","6":"product_cat-jahutusseadmed","7":"product_cat-letikulmikud","8":"product_cat-saladettid","9":"product_cat-salati-ja-voileiva-valmistamise-letid","11":"first","12":"instock","13":"sale","14":"taxable","15":"shipping-taxable","16":"purchasable","17":"product-type-simple"},"yoast_head":"<!-- This site is optimized with the Yoast SEO plugin v27.3 - https:\/\/yoast.com\/product\/yoast-seo-wordpress\/ -->\n<title>Ettevalmistuslett 2 uksega 8xGN1\/3 1510x800x1085mm | Adexa SH28 - Adexa \u2013 Suurk\u00f6\u00f6giseadmed restoranidele ja toitlustusele<\/title>\n<meta name=\"robots\" content=\"index, follow, max-snippet:-1, max-image-preview:large, max-video-preview:-1\" \/>\n<link rel=\"canonical\" href=\"https:\/\/adexa.ee\/toode\/ettevalmistuslett-2-uksega-8xgn1-3-1510x800x1085mm-adexa-sh28\/\" \/>\n<meta property=\"og:locale\" content=\"en_US\" \/>\n<meta property=\"og:type\" content=\"article\" \/>\n<meta property=\"og:title\" content=\"Ettevalmistuslett 2 uksega 8xGN1\/3 1510x800x1085mm | Adexa SH28 - Adexa \u2013 Suurk\u00f6\u00f6giseadmed restoranidele ja toitlustusele\" \/>\n<meta property=\"og:description\" content=\"Kommertslik v\u00f5ileivade valmistamise lett, millel on lisat\u00f6\u00f6pind, kogus\u00fcgavusega 800mm. T\u00e4iuslik salatite, pitsa ja mitmete muude toitlustusk\u00f6\u00f6gi toitude valmistamiseks. V\u00e4ga soodne\" \/>\n<meta property=\"og:url\" content=\"https:\/\/adexa.ee\/toode\/ettevalmistuslett-2-uksega-8xgn1-3-1510x800x1085mm-adexa-sh28\/\" \/>\n<meta property=\"og:site_name\" content=\"Adexa \u2013 Suurk\u00f6\u00f6giseadmed restoranidele ja toitlustusele\" \/>\n<meta property=\"article:modified_time\" content=\"2026-03-26T16:45:06+00:00\" \/>\n<meta property=\"og:image\" content=\"https:\/\/adexa.ee\/wp-content\/uploads\/2024\/12\/SH2000-castors.jpg\" \/>\n\t<meta property=\"og:image:width\" content=\"1500\" \/>\n\t<meta property=\"og:image:height\" content=\"1500\" \/>\n\t<meta property=\"og:image:type\" content=\"image\/jpeg\" \/>\n<meta name=\"twitter:card\" content=\"summary_large_image\" \/>\n<meta name=\"twitter:label1\" content=\"Est. reading time\" \/>\n\t<meta name=\"twitter:data1\" content=\"1 minute\" \/>\n<script type=\"application\/ld+json\" class=\"yoast-schema-graph\">{\"@context\":\"https:\\\/\\\/schema.org\",\"@graph\":[{\"@type\":\"WebPage\",\"@id\":\"https:\\\/\\\/adexa.ee\\\/toode\\\/ettevalmistuslett-2-uksega-8xgn1-3-1510x800x1085mm-adexa-sh28\\\/\",\"url\":\"https:\\\/\\\/adexa.ee\\\/toode\\\/ettevalmistuslett-2-uksega-8xgn1-3-1510x800x1085mm-adexa-sh28\\\/\",\"name\":\"Ettevalmistuslett 2 uksega 8xGN1\\\/3 1510x800x1085mm | Adexa SH28 - Adexa \u2013 Suurk\u00f6\u00f6giseadmed restoranidele ja toitlustusele\",\"isPartOf\":{\"@id\":\"https:\\\/\\\/adexa.ee\\\/#website\"},\"primaryImageOfPage\":{\"@id\":\"https:\\\/\\\/adexa.ee\\\/toode\\\/ettevalmistuslett-2-uksega-8xgn1-3-1510x800x1085mm-adexa-sh28\\\/#primaryimage\"},\"image\":{\"@id\":\"https:\\\/\\\/adexa.ee\\\/toode\\\/ettevalmistuslett-2-uksega-8xgn1-3-1510x800x1085mm-adexa-sh28\\\/#primaryimage\"},\"thumbnailUrl\":\"https:\\\/\\\/adexa.ee\\\/wp-content\\\/uploads\\\/2024\\\/12\\\/SH2000-castors.jpg\",\"datePublished\":\"2026-03-26T16:45:05+00:00\",\"dateModified\":\"2026-03-26T16:45:06+00:00\",\"breadcrumb\":{\"@id\":\"https:\\\/\\\/adexa.ee\\\/toode\\\/ettevalmistuslett-2-uksega-8xgn1-3-1510x800x1085mm-adexa-sh28\\\/#breadcrumb\"},\"inLanguage\":\"en-US\",\"potentialAction\":[{\"@type\":\"ReadAction\",\"target\":[\"https:\\\/\\\/adexa.ee\\\/toode\\\/ettevalmistuslett-2-uksega-8xgn1-3-1510x800x1085mm-adexa-sh28\\\/\"]}]},{\"@type\":\"ImageObject\",\"inLanguage\":\"en-US\",\"@id\":\"https:\\\/\\\/adexa.ee\\\/toode\\\/ettevalmistuslett-2-uksega-8xgn1-3-1510x800x1085mm-adexa-sh28\\\/#primaryimage\",\"url\":\"https:\\\/\\\/adexa.ee\\\/wp-content\\\/uploads\\\/2024\\\/12\\\/SH2000-castors.jpg\",\"contentUrl\":\"https:\\\/\\\/adexa.ee\\\/wp-content\\\/uploads\\\/2024\\\/12\\\/SH2000-castors.jpg\",\"width\":1500,\"height\":1500},{\"@type\":\"BreadcrumbList\",\"@id\":\"https:\\\/\\\/adexa.ee\\\/toode\\\/ettevalmistuslett-2-uksega-8xgn1-3-1510x800x1085mm-adexa-sh28\\\/#breadcrumb\",\"itemListElement\":[{\"@type\":\"ListItem\",\"position\":1,\"name\":\"Home\",\"item\":\"https:\\\/\\\/adexa.ee\\\/\"},{\"@type\":\"ListItem\",\"position\":2,\"name\":\"Tooted\",\"item\":\"https:\\\/\\\/adexa.ee\\\/pood\\\/\"},{\"@type\":\"ListItem\",\"position\":3,\"name\":\"Ettevalmistuslett 2 uksega 8xGN1\\\/3 1510x800x1085mm | Adexa SH28\"}]},{\"@type\":\"WebSite\",\"@id\":\"https:\\\/\\\/adexa.ee\\\/#website\",\"url\":\"https:\\\/\\\/adexa.ee\\\/\",\"name\":\"Adexa\",\"description\":\"\",\"publisher\":{\"@id\":\"https:\\\/\\\/adexa.ee\\\/#organization\"},\"potentialAction\":[{\"@type\":\"SearchAction\",\"target\":{\"@type\":\"EntryPoint\",\"urlTemplate\":\"https:\\\/\\\/adexa.ee\\\/?s={search_term_string}\"},\"query-input\":{\"@type\":\"PropertyValueSpecification\",\"valueRequired\":true,\"valueName\":\"search_term_string\"}}],\"inLanguage\":\"en-US\"},{\"@type\":\"Organization\",\"@id\":\"https:\\\/\\\/adexa.ee\\\/#organization\",\"name\":\"Adexa\",\"url\":\"https:\\\/\\\/adexa.ee\\\/\",\"logo\":{\"@type\":\"ImageObject\",\"inLanguage\":\"en-US\",\"@id\":\"https:\\\/\\\/adexa.ee\\\/#\\\/schema\\\/logo\\\/image\\\/\",\"url\":\"https:\\\/\\\/adexa.ee\\\/wp-content\\\/uploads\\\/2024\\\/04\\\/chef-cooks-working-in-professional-kitchen-2023-11-27-05-07-39-utc-scaled.jpg\",\"contentUrl\":\"https:\\\/\\\/adexa.ee\\\/wp-content\\\/uploads\\\/2024\\\/04\\\/chef-cooks-working-in-professional-kitchen-2023-11-27-05-07-39-utc-scaled.jpg\",\"width\":2560,\"height\":1708,\"caption\":\"Adexa\"},\"image\":{\"@id\":\"https:\\\/\\\/adexa.ee\\\/#\\\/schema\\\/logo\\\/image\\\/\"}}]}<\/script>\n<!-- \/ Yoast SEO plugin. -->","yoast_head_json":{"title":"Ettevalmistuslett 2 uksega 8xGN1\/3 1510x800x1085mm | Adexa SH28 - Adexa \u2013 Suurk\u00f6\u00f6giseadmed restoranidele ja toitlustusele","robots":{"index":"index","follow":"follow","max-snippet":"max-snippet:-1","max-image-preview":"max-image-preview:large","max-video-preview":"max-video-preview:-1"},"canonical":"https:\/\/adexa.ee\/toode\/ettevalmistuslett-2-uksega-8xgn1-3-1510x800x1085mm-adexa-sh28\/","og_locale":"en_US","og_type":"article","og_title":"Ettevalmistuslett 2 uksega 8xGN1\/3 1510x800x1085mm | Adexa SH28 - Adexa \u2013 Suurk\u00f6\u00f6giseadmed restoranidele ja toitlustusele","og_description":"Kommertslik v\u00f5ileivade valmistamise lett, millel on lisat\u00f6\u00f6pind, kogus\u00fcgavusega 800mm. T\u00e4iuslik salatite, pitsa ja mitmete muude toitlustusk\u00f6\u00f6gi toitude valmistamiseks. V\u00e4ga soodne","og_url":"https:\/\/adexa.ee\/toode\/ettevalmistuslett-2-uksega-8xgn1-3-1510x800x1085mm-adexa-sh28\/","og_site_name":"Adexa \u2013 Suurk\u00f6\u00f6giseadmed restoranidele ja toitlustusele","article_modified_time":"2026-03-26T16:45:06+00:00","og_image":[{"width":1500,"height":1500,"url":"https:\/\/adexa.ee\/wp-content\/uploads\/2024\/12\/SH2000-castors.jpg","type":"image\/jpeg"}],"twitter_card":"summary_large_image","twitter_misc":{"Est. reading time":"1 minute"},"schema":{"@context":"https:\/\/schema.org","@graph":[{"@type":"WebPage","@id":"https:\/\/adexa.ee\/toode\/ettevalmistuslett-2-uksega-8xgn1-3-1510x800x1085mm-adexa-sh28\/","url":"https:\/\/adexa.ee\/toode\/ettevalmistuslett-2-uksega-8xgn1-3-1510x800x1085mm-adexa-sh28\/","name":"Ettevalmistuslett 2 uksega 8xGN1\/3 1510x800x1085mm | Adexa SH28 - Adexa \u2013 Suurk\u00f6\u00f6giseadmed restoranidele ja toitlustusele","isPartOf":{"@id":"https:\/\/adexa.ee\/#website"},"primaryImageOfPage":{"@id":"https:\/\/adexa.ee\/toode\/ettevalmistuslett-2-uksega-8xgn1-3-1510x800x1085mm-adexa-sh28\/#primaryimage"},"image":{"@id":"https:\/\/adexa.ee\/toode\/ettevalmistuslett-2-uksega-8xgn1-3-1510x800x1085mm-adexa-sh28\/#primaryimage"},"thumbnailUrl":"https:\/\/adexa.ee\/wp-content\/uploads\/2024\/12\/SH2000-castors.jpg","datePublished":"2026-03-26T16:45:05+00:00","dateModified":"2026-03-26T16:45:06+00:00","breadcrumb":{"@id":"https:\/\/adexa.ee\/toode\/ettevalmistuslett-2-uksega-8xgn1-3-1510x800x1085mm-adexa-sh28\/#breadcrumb"},"inLanguage":"en-US","potentialAction":[{"@type":"ReadAction","target":["https:\/\/adexa.ee\/toode\/ettevalmistuslett-2-uksega-8xgn1-3-1510x800x1085mm-adexa-sh28\/"]}]},{"@type":"ImageObject","inLanguage":"en-US","@id":"https:\/\/adexa.ee\/toode\/ettevalmistuslett-2-uksega-8xgn1-3-1510x800x1085mm-adexa-sh28\/#primaryimage","url":"https:\/\/adexa.ee\/wp-content\/uploads\/2024\/12\/SH2000-castors.jpg","contentUrl":"https:\/\/adexa.ee\/wp-content\/uploads\/2024\/12\/SH2000-castors.jpg","width":1500,"height":1500},{"@type":"BreadcrumbList","@id":"https:\/\/adexa.ee\/toode\/ettevalmistuslett-2-uksega-8xgn1-3-1510x800x1085mm-adexa-sh28\/#breadcrumb","itemListElement":[{"@type":"ListItem","position":1,"name":"Home","item":"https:\/\/adexa.ee\/"},{"@type":"ListItem","position":2,"name":"Tooted","item":"https:\/\/adexa.ee\/pood\/"},{"@type":"ListItem","position":3,"name":"Ettevalmistuslett 2 uksega 8xGN1\/3 1510x800x1085mm | Adexa SH28"}]},{"@type":"WebSite","@id":"https:\/\/adexa.ee\/#website","url":"https:\/\/adexa.ee\/","name":"Adexa","description":"","publisher":{"@id":"https:\/\/adexa.ee\/#organization"},"potentialAction":[{"@type":"SearchAction","target":{"@type":"EntryPoint","urlTemplate":"https:\/\/adexa.ee\/?s={search_term_string}"},"query-input":{"@type":"PropertyValueSpecification","valueRequired":true,"valueName":"search_term_string"}}],"inLanguage":"en-US"},{"@type":"Organization","@id":"https:\/\/adexa.ee\/#organization","name":"Adexa","url":"https:\/\/adexa.ee\/","logo":{"@type":"ImageObject","inLanguage":"en-US","@id":"https:\/\/adexa.ee\/#\/schema\/logo\/image\/","url":"https:\/\/adexa.ee\/wp-content\/uploads\/2024\/04\/chef-cooks-working-in-professional-kitchen-2023-11-27-05-07-39-utc-scaled.jpg","contentUrl":"https:\/\/adexa.ee\/wp-content\/uploads\/2024\/04\/chef-cooks-working-in-professional-kitchen-2023-11-27-05-07-39-utc-scaled.jpg","width":2560,"height":1708,"caption":"Adexa"},"image":{"@id":"https:\/\/adexa.ee\/#\/schema\/logo\/image\/"}}]}},"_links":{"self":[{"href":"https:\/\/adexa.ee\/en\/wp-json\/wp\/v2\/product\/14438","targetHints":{"allow":["GET"]}}],"collection":[{"href":"https:\/\/adexa.ee\/en\/wp-json\/wp\/v2\/product"}],"about":[{"href":"https:\/\/adexa.ee\/en\/wp-json\/wp\/v2\/types\/product"}],"wp:featuredmedia":[{"embeddable":true,"href":"https:\/\/adexa.ee\/en\/wp-json\/wp\/v2\/media\/14440"}],"wp:attachment":[{"href":"https:\/\/adexa.ee\/en\/wp-json\/wp\/v2\/media?parent=14438"}],"wp:term":[{"taxonomy":"product_brand","embeddable":true,"href":"https:\/\/adexa.ee\/en\/wp-json\/wp\/v2\/product_brand?post=14438"},{"taxonomy":"product_cat","embeddable":true,"href":"https:\/\/adexa.ee\/en\/wp-json\/wp\/v2\/product_cat?post=14438"},{"taxonomy":"product_tag","embeddable":true,"href":"https:\/\/adexa.ee\/en\/wp-json\/wp\/v2\/product_tag?post=14438"}],"curies":[{"name":"wp","href":"https:\/\/api.w.org\/{rel}","templated":true}]}}